{"id":21203,"date":"2025-10-07T15:47:24","date_gmt":"2025-10-07T19:47:24","guid":{"rendered":"https:\/\/www.sacredheart.qc.ca\/?page_id=21203"},"modified":"2025-10-07T16:57:53","modified_gmt":"2025-10-07T20:57:53","slug":"visite-virtuelle","status":"publish","type":"page","link":"https:\/\/www.sacredheart.qc.ca\/fr\/visite-virtuelle\/","title":{"rendered":"Visite virtuelle"},"content":{"rendered":"\n<h1>\n\t\t\tVisite virtuelle\t<\/h1>\n<h1>\n\t\t\tVisitez notre \u00e9cole en virtuel pour d\u00e9couvrir la v\u00e9ritable exp\u00e9rience des \u00e9l\u00e8ves de l&rsquo;\u00c9cole Sacr\u00e9-C\u0153ur.\t<\/h1>\n\t\t\t<a href=\"https:\/\/www.virtuo-reality.com\/F1dHxvIGfg\/41372444p&#038;115.72h&#038;66.72t\" target=\"_blank\" rel=\"noopener nofollow\">\n\t\t\t\t\t\t\tFaites une visite guid\u00e9e en photos\n\t\t\t<\/a>\n\t\t\t<a href=\"#video-visite-virtuelle\" target=\"_self\">\n\t\t\t\t\t\t\t\u00c9coutez notre vid\u00e9o de visite guid\u00e9e\n\t\t\t<\/a>\n<h2>\n\t\t\tParticipez \u00e0 une visite virtuelle de l&rsquo;\u00c9cole Sacr\u00e9-C\u0153ur de Montr\u00e9al guid\u00e9e par nos \u00e9l\u00e8ves!\t<\/h2>\n\t\t\t\t\t<img decoding=\"async\" src=\"https:\/\/i.ytimg.com\/vi\/3cxixFeagPw\/maxresdefault.jpg\" alt=\"youtube-video-thumbnail\"\/>\n\t\t<h2>\n\t\t\t\u00c9tudiante d&rsquo;un jour ou visite priv\u00e9e !\t<\/h2>\n\t<p>\u00c0 l&rsquo;\u00e9cole Sacr\u00e9-C\u0153ur de Montr\u00e9al, nous offrons la possibilit\u00e9 d&rsquo;accompagner une \u00e9l\u00e8ve actuelle de Sacr\u00e9-C\u0153ur pendant une journ\u00e9e. C&rsquo;est un excellent moyen pour elle de d\u00e9couvrir ce que signifie vraiment \u00eatre une \u00e9l\u00e8ve de Sacr\u00e9-C\u0153ur !<\/p>\n<p>Contactez le service des admissions pour organiser la visite d&rsquo;une demi-journ\u00e9e ou d&rsquo;une journ\u00e9e compl\u00e8te de votre fille, ou pour une visite priv\u00e9e de l&rsquo;\u00e9cole \u00e0 l&rsquo;adresse <a href=\"mailto:admissions@sacredheart.qc.ca\" target=\"_blank\" rel=\"noopener\">admissions@sacredheart.qc.ca<\/a>.<\/p>\n<p>Nous serons heureux de vous aider \u00e0 organiser cette journ\u00e9e passionnante pour votre fille.<\/p>\n\t\t\t<a href=\"mailto:admissions@sacredheart.qc.ca\" target=\"_blank\" rel=\"noopener nofollow\">\n\t\t\t\t\t\t\tContactez le service des admissions\n\t\t\t\t\t<\/a>\n<h2>\n\t\t\tVous pourriez \u00e9galement \u00eatre int\u00e9ress\u00e9 par\t<\/h2>\n\t\t\t<a href=\"\/fr\/admissions\/criteres-anglais-ecole-secondaire\/\" target=\"_self\">\n\t\t\t\t\t\t\tCrit\u00e8res d&rsquo;admissibilit\u00e9<br \/>pour secondaire I\u00a0\u00e0\u00a0V\n\t\t\t<\/a>\n\t\t\t<a href=\"\/fr\/admissions\/droits-scolarite-aide-financiere\/\" target=\"_self\">\n\t\t\t\t\t\t\tDroits de scolarit\u00e9 et aide financi\u00e8re\n\t\t\t<\/a>\n\t\t\t<a href=\"\/fr\/admissions\" target=\"_self\">\n\t\t\t\t\t\t\tS&rsquo;inscrire\n\t\t\t<\/a>\n<h2>\n\t\t\tDes questions sur les admissions ?\t<\/h2>\n\t<p>Veuillez contacter Mme Stephanie Broadhurst, directrice de la gestion des inscriptions, \u00e0 l&rsquo;adresse suivante<\/p>\n\t<p><a href=\"mailto:admissions@sacredheart.qc.ca\">admissions@sacredheart.qc.ca<\/a><\/p>\n\t<p><strong>T\u00e9l\u00e9phone :<\/strong>\u00a0+1-514-937-2845 x 114<\/p>\n<p><strong>WeChat :<\/strong>\u00a0StephB15 |\u00a0<strong>Whatsapp :<\/strong>\u00a0+1-514-654-9406<\/p>\n\n","protected":false},"excerpt":{"rendered":"<p>Visite virtuelle Visitez notre \u00e9cole en virtuel pour d\u00e9couvrir la v\u00e9ritable exp\u00e9rience des \u00e9l\u00e8ves de l&rsquo;\u00c9cole Sacr\u00e9-C\u0153ur. Faites une visite guid\u00e9e en photos \u00c9coutez notre vid\u00e9o de visite guid\u00e9e Participez&hellip;<\/p>\n","protected":false},"author":6,"featured_media":18586,"parent":0,"menu_order":85,"comment_status":"closed","ping_status":"closed","template":"","meta":{"_acf_changed":false,"inline_featured_image":false,"_price":"","_stock":"","_tribe_ticket_header":"","_tribe_default_ticket_provider":"","_tribe_ticket_capacity":"0","_ticket_start_date":"","_ticket_end_date":"","_tribe_ticket_show_description":"","_tribe_ticket_show_not_going":false,"_tribe_ticket_use_global_stock":"","_tribe_ticket_global_stock_level":"","_global_stock_mode":"","_global_stock_cap":"","_tribe_rsvp_for_event":"","_tribe_ticket_going_count":"","_tribe_ticket_not_going_count":"","_tribe_tickets_list":"[]","_tribe_ticket_has_attendee_info_fields":false,"footnotes":"","_tec_slr_enabled":"","_tec_slr_layout":""},"class_list":["post-21203","page","type-page","status-publish","has-post-thumbnail","hentry"],"acf":[],"yoast_head":"<!-- This site is optimized with the Yoast SEO plugin v27.5 - https:\/\/yoast.com\/product\/yoast-seo-wordpress\/ -->\n<title>Visite virtuelle | L&#039;\u00c9cole Sacr\u00e9-C\u0153ur de Montr\u00e9al<\/title>\n<meta name=\"description\" content=\"Faites une visite virtuelle de l&#039;\u00e9cole secondaire catholique priv\u00e9e pour filles de Montr\u00e9al.\" \/>\n<meta name=\"robots\" content=\"index, follow, max-snippet:-1, max-image-preview:large, max-video-preview:-1\" \/>\n<link rel=\"canonical\" href=\"https:\/\/www.sacredheart.qc.ca\/fr\/visite-virtuelle\/\" \/>\n<meta property=\"og:locale\" content=\"fr_FR\" \/>\n<meta property=\"og:type\" content=\"article\" \/>\n<meta property=\"og:title\" content=\"Visite virtuelle | L&#039;\u00c9cole Sacr\u00e9-C\u0153ur de Montr\u00e9al\" \/>\n<meta property=\"og:description\" content=\"Faites une visite virtuelle de l&#039;\u00e9cole secondaire catholique priv\u00e9e pour filles de Montr\u00e9al.\" \/>\n<meta property=\"og:url\" content=\"https:\/\/www.sacredheart.qc.ca\/fr\/visite-virtuelle\/\" \/>\n<meta property=\"og:site_name\" content=\"The Sacred Heart School of Montreal\" \/>\n<meta property=\"article:publisher\" content=\"https:\/\/www.facebook.com\/SacredHeartMontreal\/\" \/>\n<meta property=\"article:modified_time\" content=\"2025-10-07T20:57:53+00:00\" \/>\n<meta property=\"og:image\" content=\"https:\/\/www.sacredheart.qc.ca\/wp-content\/uploads\/2024\/02\/Virtual-Tour-website.png\" \/>\n\t<meta property=\"og:image:width\" content=\"300\" \/>\n\t<meta property=\"og:image:height\" content=\"300\" \/>\n\t<meta property=\"og:image:type\" content=\"image\/png\" \/>\n<meta name=\"twitter:card\" content=\"summary_large_image\" \/>\n<meta name=\"twitter:site\" content=\"@TheSHSM\" \/>\n<meta name=\"twitter:label1\" content=\"Dur\u00e9e de lecture estim\u00e9e\" \/>\n\t<meta name=\"twitter:data1\" content=\"2 minutes\" \/>\n<script type=\"application\/ld+json\" class=\"yoast-schema-graph\">{\"@context\":\"https:\\\/\\\/schema.org\",\"@graph\":[{\"@type\":\"WebPage\",\"@id\":\"https:\\\/\\\/www.sacredheart.qc.ca\\\/fr\\\/visite-virtuelle\\\/\",\"url\":\"https:\\\/\\\/www.sacredheart.qc.ca\\\/fr\\\/visite-virtuelle\\\/\",\"name\":\"Visite virtuelle | L'\u00c9cole Sacr\u00e9-C\u0153ur de Montr\u00e9al\",\"isPartOf\":{\"@id\":\"https:\\\/\\\/www.sacredheart.qc.ca\\\/fr\\\/#website\"},\"primaryImageOfPage\":{\"@id\":\"https:\\\/\\\/www.sacredheart.qc.ca\\\/fr\\\/visite-virtuelle\\\/#primaryimage\"},\"image\":{\"@id\":\"https:\\\/\\\/www.sacredheart.qc.ca\\\/fr\\\/visite-virtuelle\\\/#primaryimage\"},\"thumbnailUrl\":\"https:\\\/\\\/www.sacredheart.qc.ca\\\/wp-content\\\/uploads\\\/2024\\\/02\\\/Virtual-Tour-website.png\",\"datePublished\":\"2025-10-07T19:47:24+00:00\",\"dateModified\":\"2025-10-07T20:57:53+00:00\",\"description\":\"Faites une visite virtuelle de l'\u00e9cole secondaire catholique priv\u00e9e pour filles de Montr\u00e9al.\",\"breadcrumb\":{\"@id\":\"https:\\\/\\\/www.sacredheart.qc.ca\\\/fr\\\/visite-virtuelle\\\/#breadcrumb\"},\"inLanguage\":\"fr-FR\",\"potentialAction\":[{\"@type\":\"ReadAction\",\"target\":[\"https:\\\/\\\/www.sacredheart.qc.ca\\\/fr\\\/visite-virtuelle\\\/\"]}]},{\"@type\":\"ImageObject\",\"inLanguage\":\"fr-FR\",\"@id\":\"https:\\\/\\\/www.sacredheart.qc.ca\\\/fr\\\/visite-virtuelle\\\/#primaryimage\",\"url\":\"https:\\\/\\\/www.sacredheart.qc.ca\\\/wp-content\\\/uploads\\\/2024\\\/02\\\/Virtual-Tour-website.png\",\"contentUrl\":\"https:\\\/\\\/www.sacredheart.qc.ca\\\/wp-content\\\/uploads\\\/2024\\\/02\\\/Virtual-Tour-website.png\",\"width\":300,\"height\":300},{\"@type\":\"BreadcrumbList\",\"@id\":\"https:\\\/\\\/www.sacredheart.qc.ca\\\/fr\\\/visite-virtuelle\\\/#breadcrumb\",\"itemListElement\":[{\"@type\":\"ListItem\",\"position\":1,\"name\":\"Home\",\"item\":\"https:\\\/\\\/www.sacredheart.qc.ca\\\/fr\\\/\"},{\"@type\":\"ListItem\",\"position\":2,\"name\":\"Visite virtuelle\"}]},{\"@type\":\"WebSite\",\"@id\":\"https:\\\/\\\/www.sacredheart.qc.ca\\\/fr\\\/#website\",\"url\":\"https:\\\/\\\/www.sacredheart.qc.ca\\\/fr\\\/\",\"name\":\"The Sacred Heart School of Montreal\",\"description\":\"Girls Only Private Catholic English High School - 100% Graduation Rate\",\"publisher\":{\"@id\":\"https:\\\/\\\/www.sacredheart.qc.ca\\\/fr\\\/#organization\"},\"alternateName\":\"The Sacred Heart School of Montreal\",\"potentialAction\":[{\"@type\":\"SearchAction\",\"target\":{\"@type\":\"EntryPoint\",\"urlTemplate\":\"https:\\\/\\\/www.sacredheart.qc.ca\\\/fr\\\/?s={search_term_string}\"},\"query-input\":{\"@type\":\"PropertyValueSpecification\",\"valueRequired\":true,\"valueName\":\"search_term_string\"}}],\"inLanguage\":\"fr-FR\"},{\"@type\":\"Organization\",\"@id\":\"https:\\\/\\\/www.sacredheart.qc.ca\\\/fr\\\/#organization\",\"name\":\"The Sacred Heart School of Montreal\",\"url\":\"https:\\\/\\\/www.sacredheart.qc.ca\\\/fr\\\/\",\"logo\":{\"@type\":\"ImageObject\",\"inLanguage\":\"fr-FR\",\"@id\":\"https:\\\/\\\/www.sacredheart.qc.ca\\\/fr\\\/#\\\/schema\\\/logo\\\/image\\\/\",\"url\":\"https:\\\/\\\/www.sacredheart.qc.ca\\\/wp-content\\\/uploads\\\/2021\\\/06\\\/LogoScredHeart.svg\",\"contentUrl\":\"https:\\\/\\\/www.sacredheart.qc.ca\\\/wp-content\\\/uploads\\\/2021\\\/06\\\/LogoScredHeart.svg\",\"width\":\"1024\",\"height\":\"1024\",\"caption\":\"The Sacred Heart School of Montreal\"},\"image\":{\"@id\":\"https:\\\/\\\/www.sacredheart.qc.ca\\\/fr\\\/#\\\/schema\\\/logo\\\/image\\\/\"},\"sameAs\":[\"https:\\\/\\\/www.facebook.com\\\/SacredHeartMontreal\\\/\",\"https:\\\/\\\/x.com\\\/TheSHSM\",\"https:\\\/\\\/www.instagram.com\\\/SacredHeartMontreal\\\/\",\"https:\\\/\\\/www.linkedin.com\\\/school\\\/the-sacred-heart-school-of-montreal\\\/\",\"https:\\\/\\\/www.youtube.com\\\/user\\\/TheSacredHeartSchool\"]}]}<\/script>\n<!-- \/ Yoast SEO plugin. -->","yoast_head_json":{"title":"Visite virtuelle | L'\u00c9cole Sacr\u00e9-C\u0153ur de Montr\u00e9al","description":"Faites une visite virtuelle de l'\u00e9cole secondaire catholique priv\u00e9e pour filles de Montr\u00e9al.","robots":{"index":"index","follow":"follow","max-snippet":"max-snippet:-1","max-image-preview":"max-image-preview:large","max-video-preview":"max-video-preview:-1"},"canonical":"https:\/\/www.sacredheart.qc.ca\/fr\/visite-virtuelle\/","og_locale":"fr_FR","og_type":"article","og_title":"Visite virtuelle | L'\u00c9cole Sacr\u00e9-C\u0153ur de Montr\u00e9al","og_description":"Faites une visite virtuelle de l'\u00e9cole secondaire catholique priv\u00e9e pour filles de Montr\u00e9al.","og_url":"https:\/\/www.sacredheart.qc.ca\/fr\/visite-virtuelle\/","og_site_name":"The Sacred Heart School of Montreal","article_publisher":"https:\/\/www.facebook.com\/SacredHeartMontreal\/","article_modified_time":"2025-10-07T20:57:53+00:00","og_image":[{"width":300,"height":300,"url":"https:\/\/www.sacredheart.qc.ca\/wp-content\/uploads\/2024\/02\/Virtual-Tour-website.png","type":"image\/png"}],"twitter_card":"summary_large_image","twitter_site":"@TheSHSM","twitter_misc":{"Dur\u00e9e de lecture estim\u00e9e":"2 minutes"},"schema":{"@context":"https:\/\/schema.org","@graph":[{"@type":"WebPage","@id":"https:\/\/www.sacredheart.qc.ca\/fr\/visite-virtuelle\/","url":"https:\/\/www.sacredheart.qc.ca\/fr\/visite-virtuelle\/","name":"Visite virtuelle | L'\u00c9cole Sacr\u00e9-C\u0153ur de Montr\u00e9al","isPartOf":{"@id":"https:\/\/www.sacredheart.qc.ca\/fr\/#website"},"primaryImageOfPage":{"@id":"https:\/\/www.sacredheart.qc.ca\/fr\/visite-virtuelle\/#primaryimage"},"image":{"@id":"https:\/\/www.sacredheart.qc.ca\/fr\/visite-virtuelle\/#primaryimage"},"thumbnailUrl":"https:\/\/www.sacredheart.qc.ca\/wp-content\/uploads\/2024\/02\/Virtual-Tour-website.png","datePublished":"2025-10-07T19:47:24+00:00","dateModified":"2025-10-07T20:57:53+00:00","description":"Faites une visite virtuelle de l'\u00e9cole secondaire catholique priv\u00e9e pour filles de Montr\u00e9al.","breadcrumb":{"@id":"https:\/\/www.sacredheart.qc.ca\/fr\/visite-virtuelle\/#breadcrumb"},"inLanguage":"fr-FR","potentialAction":[{"@type":"ReadAction","target":["https:\/\/www.sacredheart.qc.ca\/fr\/visite-virtuelle\/"]}]},{"@type":"ImageObject","inLanguage":"fr-FR","@id":"https:\/\/www.sacredheart.qc.ca\/fr\/visite-virtuelle\/#primaryimage","url":"https:\/\/www.sacredheart.qc.ca\/wp-content\/uploads\/2024\/02\/Virtual-Tour-website.png","contentUrl":"https:\/\/www.sacredheart.qc.ca\/wp-content\/uploads\/2024\/02\/Virtual-Tour-website.png","width":300,"height":300},{"@type":"BreadcrumbList","@id":"https:\/\/www.sacredheart.qc.ca\/fr\/visite-virtuelle\/#breadcrumb","itemListElement":[{"@type":"ListItem","position":1,"name":"Home","item":"https:\/\/www.sacredheart.qc.ca\/fr\/"},{"@type":"ListItem","position":2,"name":"Visite virtuelle"}]},{"@type":"WebSite","@id":"https:\/\/www.sacredheart.qc.ca\/fr\/#website","url":"https:\/\/www.sacredheart.qc.ca\/fr\/","name":"The Sacred Heart School of Montreal","description":"Girls Only Private Catholic English High School - 100% Graduation Rate","publisher":{"@id":"https:\/\/www.sacredheart.qc.ca\/fr\/#organization"},"alternateName":"The Sacred Heart School of Montreal","potentialAction":[{"@type":"SearchAction","target":{"@type":"EntryPoint","urlTemplate":"https:\/\/www.sacredheart.qc.ca\/fr\/?s={search_term_string}"},"query-input":{"@type":"PropertyValueSpecification","valueRequired":true,"valueName":"search_term_string"}}],"inLanguage":"fr-FR"},{"@type":"Organization","@id":"https:\/\/www.sacredheart.qc.ca\/fr\/#organization","name":"The Sacred Heart School of Montreal","url":"https:\/\/www.sacredheart.qc.ca\/fr\/","logo":{"@type":"ImageObject","inLanguage":"fr-FR","@id":"https:\/\/www.sacredheart.qc.ca\/fr\/#\/schema\/logo\/image\/","url":"https:\/\/www.sacredheart.qc.ca\/wp-content\/uploads\/2021\/06\/LogoScredHeart.svg","contentUrl":"https:\/\/www.sacredheart.qc.ca\/wp-content\/uploads\/2021\/06\/LogoScredHeart.svg","width":"1024","height":"1024","caption":"The Sacred Heart School of Montreal"},"image":{"@id":"https:\/\/www.sacredheart.qc.ca\/fr\/#\/schema\/logo\/image\/"},"sameAs":["https:\/\/www.facebook.com\/SacredHeartMontreal\/","https:\/\/x.com\/TheSHSM","https:\/\/www.instagram.com\/SacredHeartMontreal\/","https:\/\/www.linkedin.com\/school\/the-sacred-heart-school-of-montreal\/","https:\/\/www.youtube.com\/user\/TheSacredHeartSchool"]}]}},"ticketed":false,"_links":{"self":[{"href":"https:\/\/www.sacredheart.qc.ca\/fr\/wp-json\/wp\/v2\/pages\/21203","targetHints":{"allow":["GET"]}}],"collection":[{"href":"https:\/\/www.sacredheart.qc.ca\/fr\/wp-json\/wp\/v2\/pages"}],"about":[{"href":"https:\/\/www.sacredheart.qc.ca\/fr\/wp-json\/wp\/v2\/types\/page"}],"author":[{"embeddable":true,"href":"https:\/\/www.sacredheart.qc.ca\/fr\/wp-json\/wp\/v2\/users\/6"}],"replies":[{"embeddable":true,"href":"https:\/\/www.sacredheart.qc.ca\/fr\/wp-json\/wp\/v2\/comments?post=21203"}],"version-history":[{"count":0,"href":"https:\/\/www.sacredheart.qc.ca\/fr\/wp-json\/wp\/v2\/pages\/21203\/revisions"}],"wp:featuredmedia":[{"embeddable":true,"href":"https:\/\/www.sacredheart.qc.ca\/fr\/wp-json\/wp\/v2\/media\/18586"}],"wp:attachment":[{"href":"https:\/\/www.sacredheart.qc.ca\/fr\/wp-json\/wp\/v2\/media?parent=21203"}],"curies":[{"name":"wp","href":"https:\/\/api.w.org\/{rel}","templated":true}]}}