{"id":20675,"date":"2025-04-11T14:18:36","date_gmt":"2025-04-11T18:18:36","guid":{"rendered":"https:\/\/www.sacredheart.qc.ca\/?page_id=20675"},"modified":"2026-04-01T17:03:32","modified_gmt":"2026-04-01T21:03:32","slug":"voyages-experience","status":"publish","type":"page","link":"https:\/\/www.sacredheart.qc.ca\/fr\/voyages-dexperience\/","title":{"rendered":"Voyages d&rsquo;exp\u00e9rience"},"content":{"rendered":"\n\n\t<h1>Voyages d&rsquo;exp\u00e9rience Sacr\u00e9-C\u0153ur<\/h1>\n<h2>\n\t\t\tTout au long de l&rsquo;ann\u00e9e scolaire, Sacr\u00e9-C\u0153ur propose une vari\u00e9t\u00e9 de voyages d&rsquo;exp\u00e9rience con\u00e7us pour enrichir l&rsquo;exp\u00e9rience des \u00e9tudiantes au-del\u00e0 de la salle de classe. Qu&rsquo;il s&rsquo;agisse de nos aventures passionnantes en d\u00e9but d&rsquo;ann\u00e9e, de voyages de service ou d&rsquo;explorations culturelles, chaque exp\u00e9rience est con\u00e7ue de mani\u00e8re \u00e0 favoriser l&rsquo;\u00e9panouissement personnel, \u00e0 tisser des liens solides entre les \u00e9tudiantes et \u00e0 cr\u00e9er des souvenirs qui dureront toute une vie. Ces opportunit\u00e9s permettent aux \u00e9tudiantes de s&rsquo;engager dans le monde qui les entoure de mani\u00e8re significative et transformatrice.\t<\/h2>\n<h2>\n\t\t\tFavoriser la croissance, la connexion et les voyages inoubliables au-del\u00e0 de la salle de classe\t<\/h2>\n<h2>\n\t\t\tSemaine de la d\u00e9couverte (de la 7e \u00e0 la 11e ann\u00e9e)\t<\/h2>\n\t<p>La Semaine de la d\u00e9couverte de l&rsquo;Commencez votre exp\u00e9rience de l&rsquo;Commencez votre exp\u00e9rience l&rsquo;\u00e9cole Sacr\u00e9-C\u0153ur offre un d\u00e9but d&rsquo;ann\u00e9e scolaire dynamique, o\u00f9 les \u00e9l\u00e8ves participeront \u00e0 des excursions passionnantes en fonction de leur niveau scolaire, qui favorisent l&rsquo;aventure, la culture, l&rsquo;histoire et le travail d&rsquo;\u00e9quipe.<\/p>\n<p>Ces exp\u00e9riences immersives sont con\u00e7ues pour inspirer les \u00e9l\u00e8ves et cr\u00e9er des liens durables au d\u00e9but de l&rsquo;ann\u00e9e scolaire.<\/p>\n\t\t\t<a href=\"\"  target=\"_self\">\n\t\t\t\t\t\t\tInformations sur les voyages de la semaine de la d\u00e9couverte 25-26 \u00e0 venir\n\t\t\t\t\t<\/a>\n<h2>\n\t\t\tVoyage en Europe (10e et 11e ann\u00e9es)\t<\/h2>\n\t<p>Le voyage en Europe est une exp\u00e9rience inoubliable propos\u00e9e tous les deux ans aux \u00e9l\u00e8ves de 10e et 11e ann\u00e9e.<\/p>\n<p>Ce voyage immersif m\u00eale culture, histoire, \u00e9ducation, divertissement et cuisine &#8211; donnant vie \u00e0 l&rsquo;apprentissage au-del\u00e0 de la salle de classe. Qu&rsquo;il s&rsquo;agisse de traverser des sites historiques embl\u00e9matiques ou de partager des moments uniques avec des camarades de classe et des professeurs, les \u00e9tudiants apprennent \u00e0 mieux appr\u00e9cier le monde qui les entoure tout en cr\u00e9ant des souvenirs qui resteront grav\u00e9s dans leur m\u00e9moire.<\/p>\n<p>C&rsquo;est une aventure transformatrice remplie de d\u00e9couvertes, de liens et de croissance personnelle. <b>Le prochain voyage est pr\u00e9vu pour mars 2027.<\/b><\/p>\n<h2>\n\t\t\tVoyage de service au Costa Rica (10e, 11e et 12e ann\u00e9es)\t<\/h2>\n\t<p>Nos voyages de service au Costa Rica offrent des exp\u00e9riences qui changent la vie et qui refl\u00e8tent l&rsquo;engagement profond de l&rsquo;\u00e9cole Sacr\u00e9-Coeur envers le service communautaire, un pilier essentiel de notre mission.<\/p>\n<p>Tous les deux ans, les \u00e9l\u00e8ves (de la 10e \u00e0 la 12e ann\u00e9e) sont invit\u00e9s \u00e0 participer \u00e0 un projet de service immersif au Costa Rica. En partenariat avec <i>Green Communities<\/i> (Working for the Forest &amp; the People), les \u00e9tudiantes travaillent sur le terrain dans une ferme de caf\u00e9 communautaire durable dans la r\u00e9gion de Los Santos.<\/p>\n<p>Cette opportunit\u00e9 unique leur permet de s&rsquo;engager de mani\u00e8re significative dans la gestion de l&rsquo;environnement et la construction de la communaut\u00e9. <b>Le prochain voyage est pr\u00e9vu pour mars 2026.<\/b><\/p>\n<h2>\n\t\t\tLes meilleures le\u00e7ons ne se trouvent pas toujours dans les salles de classe, mais sur les sentiers de montagne, dans les nouvelles villes et dans les moments qui nous font sortir de notre zone de confort.\t<\/h2>\n<h2>\n\t\t\tVous pouvez \u00e9galement \u00eatre int\u00e9ress\u00e9 par\t<\/h2>\n\t\t\t<a href=\"https:\/\/www.sacredheart.qc.ca\/fr\/a-propos\/mission-objectifs\/\"  target=\"_self\">\n\t\t\t\t\t\t\tNotre mission et nos objectifs\n\t\t\t<\/a>\n\t\t\t<a href=\"https:\/\/www.sacredheart.qc.ca\/fr\/a-propos\/qui-sommes-nous\/\"  target=\"_self\">\n\t\t\t\t\t\t\tQui sommes-nous ?\n\t\t\t<\/a>\n\t\t\t<a href=\"https:\/\/www.sacredheart.qc.ca\/fr\/a-propos\/message-bienvenue-ecole\/\"  target=\"_blank\" rel=\"noopener\"    rel=\"noopener\">\n\t\t\t\t\t\t\tComment postuler\n\t\t\t<\/a>\n\n","protected":false},"excerpt":{"rendered":"<p>Voyages d&rsquo;exp\u00e9rience Sacr\u00e9-C\u0153ur Tout au long de l&rsquo;ann\u00e9e scolaire, Sacr\u00e9-C\u0153ur propose une vari\u00e9t\u00e9 de voyages d&rsquo;exp\u00e9rience con\u00e7us pour enrichir l&rsquo;exp\u00e9rience des \u00e9tudiantes au-del\u00e0 de la salle de classe. Qu&rsquo;il s&rsquo;agisse&hellip;<\/p>\n","protected":false},"author":19,"featured_media":19961,"parent":0,"menu_order":136,"comment_status":"closed","ping_status":"closed","template":"","meta":{"_acf_changed":false,"inline_featured_image":false,"_price":"","_stock":"","_tribe_ticket_header":"","_tribe_default_ticket_provider":"","_tribe_ticket_capacity":"0","_ticket_start_date":"","_ticket_end_date":"","_tribe_ticket_show_description":"","_tribe_ticket_show_not_going":false,"_tribe_ticket_use_global_stock":"","_tribe_ticket_global_stock_level":"","_global_stock_mode":"","_global_stock_cap":"","_tribe_rsvp_for_event":"","_tribe_ticket_going_count":"","_tribe_ticket_not_going_count":"","_tribe_tickets_list":"[]","_tribe_ticket_has_attendee_info_fields":false,"footnotes":"","_tec_slr_enabled":"","_tec_slr_layout":""},"class_list":["post-20675","page","type-page","status-publish","has-post-thumbnail","hentry"],"acf":[],"yoast_head":"<!-- This site is optimized with the Yoast SEO plugin v27.3 - https:\/\/yoast.com\/product\/yoast-seo-wordpress\/ -->\n<title>Voyages d&#039;exp\u00e9rience du Sacr\u00e9-C\u0153ur| \u00c9cole secondaire priv\u00e9e catholique anglophone pour filles de Montr\u00e9al | The Sacred Heart School of Montreal<\/title>\n<meta name=\"description\" content=\"Les voyages d&#039;exp\u00e9rience du Sacr\u00e9-C\u0153ur se d\u00e9roulent tout au long de l&#039;ann\u00e9e scolaire, depuis les aventures passionnantes du mois d&#039;ao\u00fbt jusqu&#039;aux exp\u00e9riences culturelles et de service significatives.\" \/>\n<meta name=\"robots\" content=\"index, follow, max-snippet:-1, max-image-preview:large, max-video-preview:-1\" \/>\n<link rel=\"canonical\" href=\"https:\/\/www.sacredheart.qc.ca\/fr\/voyages-dexperience\/\" \/>\n<meta property=\"og:locale\" content=\"fr_FR\" \/>\n<meta property=\"og:type\" content=\"article\" \/>\n<meta property=\"og:title\" content=\"Voyages d&#039;exp\u00e9rience du Sacr\u00e9-C\u0153ur| \u00c9cole secondaire priv\u00e9e catholique anglophone pour filles de Montr\u00e9al | The Sacred Heart School of Montreal\" \/>\n<meta property=\"og:description\" content=\"Les voyages d&#039;exp\u00e9rience du Sacr\u00e9-C\u0153ur se d\u00e9roulent tout au long de l&#039;ann\u00e9e scolaire, depuis les aventures passionnantes du mois d&#039;ao\u00fbt jusqu&#039;aux exp\u00e9riences culturelles et de service significatives.\" \/>\n<meta property=\"og:url\" content=\"https:\/\/www.sacredheart.qc.ca\/fr\/voyages-dexperience\/\" \/>\n<meta property=\"og:site_name\" content=\"The Sacred Heart School of Montreal\" \/>\n<meta property=\"article:publisher\" content=\"https:\/\/www.facebook.com\/SacredHeartMontreal\/\" \/>\n<meta property=\"article:modified_time\" content=\"2026-04-01T21:03:32+00:00\" \/>\n<meta property=\"og:image\" content=\"https:\/\/www.sacredheart.qc.ca\/wp-content\/uploads\/2025\/01\/Untitled-design-96.png\" \/>\n\t<meta property=\"og:image:width\" content=\"811\" \/>\n\t<meta property=\"og:image:height\" content=\"700\" \/>\n\t<meta property=\"og:image:type\" content=\"image\/png\" \/>\n<meta name=\"twitter:card\" content=\"summary_large_image\" \/>\n<meta name=\"twitter:site\" content=\"@TheSHSM\" \/>\n<meta name=\"twitter:label1\" content=\"Dur\u00e9e de lecture estim\u00e9e\" \/>\n\t<meta name=\"twitter:data1\" content=\"3 minutes\" \/>\n<script type=\"application\/ld+json\" class=\"yoast-schema-graph\">{\"@context\":\"https:\\\/\\\/schema.org\",\"@graph\":[{\"@type\":\"WebPage\",\"@id\":\"https:\\\/\\\/www.sacredheart.qc.ca\\\/fr\\\/voyages-dexperience\\\/\",\"url\":\"https:\\\/\\\/www.sacredheart.qc.ca\\\/fr\\\/voyages-dexperience\\\/\",\"name\":\"Voyages d'exp\u00e9rience du Sacr\u00e9-C\u0153ur| \u00c9cole secondaire priv\u00e9e catholique anglophone pour filles de Montr\u00e9al | The Sacred Heart School of Montreal\",\"isPartOf\":{\"@id\":\"https:\\\/\\\/www.sacredheart.qc.ca\\\/fr\\\/#website\"},\"primaryImageOfPage\":{\"@id\":\"https:\\\/\\\/www.sacredheart.qc.ca\\\/fr\\\/voyages-dexperience\\\/#primaryimage\"},\"image\":{\"@id\":\"https:\\\/\\\/www.sacredheart.qc.ca\\\/fr\\\/voyages-dexperience\\\/#primaryimage\"},\"thumbnailUrl\":\"https:\\\/\\\/www.sacredheart.qc.ca\\\/wp-content\\\/uploads\\\/2025\\\/01\\\/Untitled-design-96.png\",\"datePublished\":\"2025-04-11T18:18:36+00:00\",\"dateModified\":\"2026-04-01T21:03:32+00:00\",\"description\":\"Les voyages d'exp\u00e9rience du Sacr\u00e9-C\u0153ur se d\u00e9roulent tout au long de l'ann\u00e9e scolaire, depuis les aventures passionnantes du mois d'ao\u00fbt jusqu'aux exp\u00e9riences culturelles et de service significatives.\",\"breadcrumb\":{\"@id\":\"https:\\\/\\\/www.sacredheart.qc.ca\\\/fr\\\/voyages-dexperience\\\/#breadcrumb\"},\"inLanguage\":\"fr-FR\",\"potentialAction\":[{\"@type\":\"ReadAction\",\"target\":[\"https:\\\/\\\/www.sacredheart.qc.ca\\\/fr\\\/voyages-dexperience\\\/\"]}]},{\"@type\":\"ImageObject\",\"inLanguage\":\"fr-FR\",\"@id\":\"https:\\\/\\\/www.sacredheart.qc.ca\\\/fr\\\/voyages-dexperience\\\/#primaryimage\",\"url\":\"https:\\\/\\\/www.sacredheart.qc.ca\\\/wp-content\\\/uploads\\\/2025\\\/01\\\/Untitled-design-96.png\",\"contentUrl\":\"https:\\\/\\\/www.sacredheart.qc.ca\\\/wp-content\\\/uploads\\\/2025\\\/01\\\/Untitled-design-96.png\",\"width\":811,\"height\":700},{\"@type\":\"BreadcrumbList\",\"@id\":\"https:\\\/\\\/www.sacredheart.qc.ca\\\/fr\\\/voyages-dexperience\\\/#breadcrumb\",\"itemListElement\":[{\"@type\":\"ListItem\",\"position\":1,\"name\":\"Home\",\"item\":\"https:\\\/\\\/www.sacredheart.qc.ca\\\/fr\\\/\"},{\"@type\":\"ListItem\",\"position\":2,\"name\":\"Voyages d&rsquo;exp\u00e9rience\"}]},{\"@type\":\"WebSite\",\"@id\":\"https:\\\/\\\/www.sacredheart.qc.ca\\\/fr\\\/#website\",\"url\":\"https:\\\/\\\/www.sacredheart.qc.ca\\\/fr\\\/\",\"name\":\"The Sacred Heart School of Montreal\",\"description\":\"Girls Only Private Catholic English High School - 100% Graduation Rate\",\"publisher\":{\"@id\":\"https:\\\/\\\/www.sacredheart.qc.ca\\\/fr\\\/#organization\"},\"alternateName\":\"The Sacred Heart School of Montreal\",\"potentialAction\":[{\"@type\":\"SearchAction\",\"target\":{\"@type\":\"EntryPoint\",\"urlTemplate\":\"https:\\\/\\\/www.sacredheart.qc.ca\\\/fr\\\/?s={search_term_string}\"},\"query-input\":{\"@type\":\"PropertyValueSpecification\",\"valueRequired\":true,\"valueName\":\"search_term_string\"}}],\"inLanguage\":\"fr-FR\"},{\"@type\":\"Organization\",\"@id\":\"https:\\\/\\\/www.sacredheart.qc.ca\\\/fr\\\/#organization\",\"name\":\"The Sacred Heart School of Montreal\",\"url\":\"https:\\\/\\\/www.sacredheart.qc.ca\\\/fr\\\/\",\"logo\":{\"@type\":\"ImageObject\",\"inLanguage\":\"fr-FR\",\"@id\":\"https:\\\/\\\/www.sacredheart.qc.ca\\\/fr\\\/#\\\/schema\\\/logo\\\/image\\\/\",\"url\":\"https:\\\/\\\/www.sacredheart.qc.ca\\\/wp-content\\\/uploads\\\/2021\\\/06\\\/LogoScredHeart.svg\",\"contentUrl\":\"https:\\\/\\\/www.sacredheart.qc.ca\\\/wp-content\\\/uploads\\\/2021\\\/06\\\/LogoScredHeart.svg\",\"width\":\"1024\",\"height\":\"1024\",\"caption\":\"The Sacred Heart School of Montreal\"},\"image\":{\"@id\":\"https:\\\/\\\/www.sacredheart.qc.ca\\\/fr\\\/#\\\/schema\\\/logo\\\/image\\\/\"},\"sameAs\":[\"https:\\\/\\\/www.facebook.com\\\/SacredHeartMontreal\\\/\",\"https:\\\/\\\/x.com\\\/TheSHSM\",\"https:\\\/\\\/www.instagram.com\\\/SacredHeartMontreal\\\/\",\"https:\\\/\\\/www.linkedin.com\\\/school\\\/the-sacred-heart-school-of-montreal\\\/\",\"https:\\\/\\\/www.youtube.com\\\/user\\\/TheSacredHeartSchool\"]}]}<\/script>\n<!-- \/ Yoast SEO plugin. -->","yoast_head_json":{"title":"Voyages d'exp\u00e9rience du Sacr\u00e9-C\u0153ur| \u00c9cole secondaire priv\u00e9e catholique anglophone pour filles de Montr\u00e9al | The Sacred Heart School of Montreal","description":"Les voyages d'exp\u00e9rience du Sacr\u00e9-C\u0153ur se d\u00e9roulent tout au long de l'ann\u00e9e scolaire, depuis les aventures passionnantes du mois d'ao\u00fbt jusqu'aux exp\u00e9riences culturelles et de service significatives.","robots":{"index":"index","follow":"follow","max-snippet":"max-snippet:-1","max-image-preview":"max-image-preview:large","max-video-preview":"max-video-preview:-1"},"canonical":"https:\/\/www.sacredheart.qc.ca\/fr\/voyages-dexperience\/","og_locale":"fr_FR","og_type":"article","og_title":"Voyages d'exp\u00e9rience du Sacr\u00e9-C\u0153ur| \u00c9cole secondaire priv\u00e9e catholique anglophone pour filles de Montr\u00e9al | The Sacred Heart School of Montreal","og_description":"Les voyages d'exp\u00e9rience du Sacr\u00e9-C\u0153ur se d\u00e9roulent tout au long de l'ann\u00e9e scolaire, depuis les aventures passionnantes du mois d'ao\u00fbt jusqu'aux exp\u00e9riences culturelles et de service significatives.","og_url":"https:\/\/www.sacredheart.qc.ca\/fr\/voyages-dexperience\/","og_site_name":"The Sacred Heart School of Montreal","article_publisher":"https:\/\/www.facebook.com\/SacredHeartMontreal\/","article_modified_time":"2026-04-01T21:03:32+00:00","og_image":[{"width":811,"height":700,"url":"https:\/\/www.sacredheart.qc.ca\/wp-content\/uploads\/2025\/01\/Untitled-design-96.png","type":"image\/png"}],"twitter_card":"summary_large_image","twitter_site":"@TheSHSM","twitter_misc":{"Dur\u00e9e de lecture estim\u00e9e":"3 minutes"},"schema":{"@context":"https:\/\/schema.org","@graph":[{"@type":"WebPage","@id":"https:\/\/www.sacredheart.qc.ca\/fr\/voyages-dexperience\/","url":"https:\/\/www.sacredheart.qc.ca\/fr\/voyages-dexperience\/","name":"Voyages d'exp\u00e9rience du Sacr\u00e9-C\u0153ur| \u00c9cole secondaire priv\u00e9e catholique anglophone pour filles de Montr\u00e9al | The Sacred Heart School of Montreal","isPartOf":{"@id":"https:\/\/www.sacredheart.qc.ca\/fr\/#website"},"primaryImageOfPage":{"@id":"https:\/\/www.sacredheart.qc.ca\/fr\/voyages-dexperience\/#primaryimage"},"image":{"@id":"https:\/\/www.sacredheart.qc.ca\/fr\/voyages-dexperience\/#primaryimage"},"thumbnailUrl":"https:\/\/www.sacredheart.qc.ca\/wp-content\/uploads\/2025\/01\/Untitled-design-96.png","datePublished":"2025-04-11T18:18:36+00:00","dateModified":"2026-04-01T21:03:32+00:00","description":"Les voyages d'exp\u00e9rience du Sacr\u00e9-C\u0153ur se d\u00e9roulent tout au long de l'ann\u00e9e scolaire, depuis les aventures passionnantes du mois d'ao\u00fbt jusqu'aux exp\u00e9riences culturelles et de service significatives.","breadcrumb":{"@id":"https:\/\/www.sacredheart.qc.ca\/fr\/voyages-dexperience\/#breadcrumb"},"inLanguage":"fr-FR","potentialAction":[{"@type":"ReadAction","target":["https:\/\/www.sacredheart.qc.ca\/fr\/voyages-dexperience\/"]}]},{"@type":"ImageObject","inLanguage":"fr-FR","@id":"https:\/\/www.sacredheart.qc.ca\/fr\/voyages-dexperience\/#primaryimage","url":"https:\/\/www.sacredheart.qc.ca\/wp-content\/uploads\/2025\/01\/Untitled-design-96.png","contentUrl":"https:\/\/www.sacredheart.qc.ca\/wp-content\/uploads\/2025\/01\/Untitled-design-96.png","width":811,"height":700},{"@type":"BreadcrumbList","@id":"https:\/\/www.sacredheart.qc.ca\/fr\/voyages-dexperience\/#breadcrumb","itemListElement":[{"@type":"ListItem","position":1,"name":"Home","item":"https:\/\/www.sacredheart.qc.ca\/fr\/"},{"@type":"ListItem","position":2,"name":"Voyages d&rsquo;exp\u00e9rience"}]},{"@type":"WebSite","@id":"https:\/\/www.sacredheart.qc.ca\/fr\/#website","url":"https:\/\/www.sacredheart.qc.ca\/fr\/","name":"The Sacred Heart School of Montreal","description":"Girls Only Private Catholic English High School - 100% Graduation Rate","publisher":{"@id":"https:\/\/www.sacredheart.qc.ca\/fr\/#organization"},"alternateName":"The Sacred Heart School of Montreal","potentialAction":[{"@type":"SearchAction","target":{"@type":"EntryPoint","urlTemplate":"https:\/\/www.sacredheart.qc.ca\/fr\/?s={search_term_string}"},"query-input":{"@type":"PropertyValueSpecification","valueRequired":true,"valueName":"search_term_string"}}],"inLanguage":"fr-FR"},{"@type":"Organization","@id":"https:\/\/www.sacredheart.qc.ca\/fr\/#organization","name":"The Sacred Heart School of Montreal","url":"https:\/\/www.sacredheart.qc.ca\/fr\/","logo":{"@type":"ImageObject","inLanguage":"fr-FR","@id":"https:\/\/www.sacredheart.qc.ca\/fr\/#\/schema\/logo\/image\/","url":"https:\/\/www.sacredheart.qc.ca\/wp-content\/uploads\/2021\/06\/LogoScredHeart.svg","contentUrl":"https:\/\/www.sacredheart.qc.ca\/wp-content\/uploads\/2021\/06\/LogoScredHeart.svg","width":"1024","height":"1024","caption":"The Sacred Heart School of Montreal"},"image":{"@id":"https:\/\/www.sacredheart.qc.ca\/fr\/#\/schema\/logo\/image\/"},"sameAs":["https:\/\/www.facebook.com\/SacredHeartMontreal\/","https:\/\/x.com\/TheSHSM","https:\/\/www.instagram.com\/SacredHeartMontreal\/","https:\/\/www.linkedin.com\/school\/the-sacred-heart-school-of-montreal\/","https:\/\/www.youtube.com\/user\/TheSacredHeartSchool"]}]}},"ticketed":false,"_links":{"self":[{"href":"https:\/\/www.sacredheart.qc.ca\/fr\/wp-json\/wp\/v2\/pages\/20675","targetHints":{"allow":["GET"]}}],"collection":[{"href":"https:\/\/www.sacredheart.qc.ca\/fr\/wp-json\/wp\/v2\/pages"}],"about":[{"href":"https:\/\/www.sacredheart.qc.ca\/fr\/wp-json\/wp\/v2\/types\/page"}],"author":[{"embeddable":true,"href":"https:\/\/www.sacredheart.qc.ca\/fr\/wp-json\/wp\/v2\/users\/19"}],"replies":[{"embeddable":true,"href":"https:\/\/www.sacredheart.qc.ca\/fr\/wp-json\/wp\/v2\/comments?post=20675"}],"version-history":[{"count":0,"href":"https:\/\/www.sacredheart.qc.ca\/fr\/wp-json\/wp\/v2\/pages\/20675\/revisions"}],"wp:featuredmedia":[{"embeddable":true,"href":"https:\/\/www.sacredheart.qc.ca\/fr\/wp-json\/wp\/v2\/media\/19961"}],"wp:attachment":[{"href":"https:\/\/www.sacredheart.qc.ca\/fr\/wp-json\/wp\/v2\/media?parent=20675"}],"curies":[{"name":"wp","href":"https:\/\/api.w.org\/{rel}","templated":true}]}}