{"id":20673,"date":"2025-05-12T21:31:58","date_gmt":"2025-05-13T01:31:58","guid":{"rendered":"https:\/\/www.sacredheart.qc.ca\/?page_id=20673"},"modified":"2025-08-28T12:18:33","modified_gmt":"2025-08-28T16:18:33","slug":"programme-elite-sacre-coeur","status":"publish","type":"page","link":"https:\/\/www.sacredheart.qc.ca\/fr\/programme-delite-de-sacre-coeur\/","title":{"rendered":"Programme d&rsquo;\u00e9lite de Sacr\u00e9-Coeur"},"content":{"rendered":"\n\n\t<p>Programme d&rsquo;\u00e9lite de Sacr\u00e9-Coeur<\/p>\n<h2>\n\t\t\tLe programme d&rsquo;\u00e9lite de Sacr\u00e9-Coeur soutient les athl\u00e8tes f\u00e9minines de haut niveau dont les horaires d&rsquo;entra\u00eenement et de comp\u00e9tition n\u00e9cessitent de s&rsquo;\u00e9loigner d&rsquo;une journ\u00e9e scolaire traditionnelle. Le programme offre une structure acad\u00e9mique flexible, permettant aux \u00e9tudiantes de s&rsquo;\u00e9panouir \u00e0 la fois dans les \u00e9tudes et dans l&rsquo;athl\u00e9tisme.\t<\/h2>\n<h3>\n\t\t\tCalendrier acad\u00e9mique modifi\u00e9\t<\/h3>\n\t<ul>\n<li>R\u00e9duction ou am\u00e9nagement des horaires scolaires pour tenir compte de la formation et des d\u00e9placements<\/li>\n<li>Les cours \u00e0 option <i>peuvent \u00eatre<\/i> r\u00e9duits si n\u00e9cessaire<\/li>\n<\/ul>\n<h3>\n\t\t\tSoutien acad\u00e9mique personnalis\u00e9\t<\/h3>\n\t<ul>\n<li>Des plans de cours flexibles<\/li>\n<li>Mentorat acad\u00e9mique r\u00e9gulier pour maintenir le cap sur les objectifs \u00e9ducatifs.<\/li>\n<\/ul>\n<h3>\n\t\t\tEnvironnement de formation d&rsquo;\u00e9lite\t<\/h3>\n\t<ul>\n<li>Acc\u00e8s \u00e0 des programmes de formation sp\u00e9cialis\u00e9s et \u00e0 des installations sportives<\/li>\n<li>Poursuite du d\u00e9veloppement aux c\u00f4t\u00e9s des pairs de l&rsquo;\u00e9lite<\/li>\n<\/ul>\n<h3>\n\t\t\tComp\u00e9tition et flexibilit\u00e9 des d\u00e9placements\t<\/h3>\n\t<ul>\n<li>Adaptation des attentes acad\u00e9miques lors des comp\u00e9titions r\u00e9gionales, nationales et internationales<\/li>\n<li>Soutien structur\u00e9 de la part du corps enseignant et des entra\u00eeneurs pour g\u00e9rer les responsabilit\u00e9s scolaires<\/li>\n<\/ul>\n<h2>\n\t\t\tInspirer la prochaine g\u00e9n\u00e9ration des athl\u00e8tes f\u00e9minines\t<\/h2>\n<h2>\n\t\t\tPOURQUOI choisir le programme d&rsquo;\u00e9lite ?\t<\/h2>\n\t<p>Le programme d&rsquo;\u00e9lite de Sacr\u00e9-Coeur a \u00e9t\u00e9 cr\u00e9\u00e9 dans le but de soutenir, d&rsquo;inspirer et d&rsquo;\u00e9lever la prochaine g\u00e9n\u00e9ration de femmes leaders sur le terrain et dans la salle de classe.<\/p>\n<ul>\n<li><em><b>Autonomiser les jeunes femmes : <\/b><\/em>Le programme refl\u00e8te la mission de Sacr\u00e9-Coeur, qui consiste \u00e0 donner aux jeunes filles les moyens d&rsquo;agir gr\u00e2ce \u00e0 un m\u00e9lange puissant d&rsquo;enseignement et d&rsquo;athl\u00e9tisme.<\/li>\n<li><em><b>Personnalis\u00e9 pour les sportifs de haut niveau : <\/b><\/em>Gr\u00e2ce \u00e0 des parcours d&rsquo;apprentissage flexibles et personnalis\u00e9s, le programme r\u00e9pond aux besoins uniques des \u00e9tudiants-athl\u00e8tes qui s&rsquo;efforcent d&rsquo;atteindre l&rsquo;excellence en classe et en comp\u00e9tition.<\/li>\n<li><em><b>Un leader \u00e0 Montr\u00e9al :<\/b><\/em> Le programme positionne Sacr\u00e9-Coeur comme la premi\u00e8re destination pour les athl\u00e8tes f\u00e9minines d&rsquo;\u00e9lite &#8211; l\u00e0 o\u00f9 l&rsquo;ambition rencontre l&rsquo;opportunit\u00e9.<\/li>\n<\/ul>\n<h2>\n\t\t\tCE QU&rsquo;ELLE VISE\t<\/h2>\n\t<h4>Au c\u0153ur du programme se trouve l&rsquo;engagement de former des \u00e9tudiants-athl\u00e8tes bien \u00e9quilibr\u00e9s et performants.<\/h4>\n<h4>Nous <b>soutenons l&rsquo;excellence sportive<\/b> gr\u00e2ce \u00e0 des horaires flexibles adapt\u00e9s aux exigences d&rsquo;un entra\u00eenement intensif, nous <b>assurons la r\u00e9ussite scolaire<\/b> gr\u00e2ce \u00e0 un soutien et \u00e0 des normes \u00e9ducatives solides, et nous<b> d\u00e9veloppons des comp\u00e9tences en mati\u00e8re de discipline et de gestion du temps<\/b> qui pr\u00e9parent les \u00e9tudiants \u00e0 r\u00e9ussir bien au-del\u00e0 du terrain de jeu.<\/h4>\n<h2>\n\t\t\tQUI peut participer au programme ?\t<\/h2>\n\t<p>Le programme est destin\u00e9 aux \u00e9tudiantes-athl\u00e8tes qui s&rsquo;engagent \u00e0 exceller \u00e0 la fois sur le plan acad\u00e9mique et dans leur sport. Pour \u00eatre \u00e9ligibles, les \u00e9tudiantes doivent<\/p>\n<ul>\n<li>Participez \u00e0 une comp\u00e9tition <em><strong>au niveau provincial, national ou international<\/strong><\/em> dans un sport reconnu<\/li>\n<li>Participer \u00e0 des sports individuels ou d&rsquo;\u00e9quipe, en s&rsquo;engageant \u00e0 <em><strong>plus de 15 heures d&rsquo;entra\u00eenement par semaine dans le cadre d&rsquo;un seul sport<\/strong><\/em><\/li>\n<li>Fournir une <b><i>une lettre d&rsquo;attestation <\/i><\/b>de leur entra\u00eeneur, ainsi qu&rsquo;un <em><strong>exemple de programme d&rsquo;entra\u00eenement<\/strong><\/em>et les dates des comp\u00e9titions (d\u00e8s qu&rsquo;elles sont disponibles)<\/li>\n<li>\u00catre officiellement reconnu par une <em><strong>une f\u00e9d\u00e9ration sportive provinciale ou l&rsquo;\u00e9quivalent<\/strong><\/em><\/li>\n<li>Maintenir <em><strong>de bons r\u00e9sultats scolaires<\/strong><\/em> tout en restant d\u00e9vou\u00e9s \u00e0 leurs engagements sportifs<\/li>\n<\/ul>\n<h1>\n\t\t\tLes avantages d&rsquo;\u00eatre un athl\u00e8te d&rsquo;\u00e9lite de Sacr\u00e9-Coeur\t<\/h1>\n\t<ul>\n<li><b>Comp\u00e9tition d&rsquo;\u00e9lite<\/b> &#8211; Continuez \u00e0 vous entra\u00eener avec des athl\u00e8tes de haut niveau<\/li>\n<li><b>Excellence acad\u00e9mique<\/b> &#8211; Restez pr\u00eat pour l&rsquo;universit\u00e9 et le CEGEP gr\u00e2ce au soutien de l&rsquo;\u00e9cole Sacr\u00e9-Coeur<\/li>\n<li><b>Gagner avec la gestion du temps<\/b> &#8211; Apprendre \u00e0 concilier la vie, l&rsquo;\u00e9cole et le sport<\/li>\n<li><b>Possibilit\u00e9s d&rsquo;\u00e9tudes postsecondaires<\/b> &#8211; Augmentez vos chances d&rsquo;obtenir des bourses d&rsquo;\u00e9tudes et de participer \u00e0 des comp\u00e9titions sportives gr\u00e2ce au programme.<\/li>\n<\/ul>\n<h2>\n\t\t\tUn apprentissage flexible pour des athl\u00e8tes inarr\u00eatables. Plus qu&rsquo;un programme, un \u00e9tat d&rsquo;esprit. \t<\/h2>\n<h2>\n\t\t\tLe programme d&rsquo;\u00e9lite est incluse dans vos frais de scolarit\u00e9\t<\/h2>\n\t<p><strong>Inclus dans les frais de scolarit\u00e9. Aucun frais suppl\u00e9mentaire pour l&rsquo;inscription.<\/strong><\/p>\n<p>Vos frais de scolarit\u00e9 au Sacr\u00e9-Coeur couvrent :<\/p>\n<ul>\n<li>Acc\u00e8s au programme et \u00e0 ses soutiens acad\u00e9miques<\/li>\n<li>Horaires personnalis\u00e9s pour l&rsquo;entra\u00eenement et la comp\u00e9tition<\/li>\n<li>Conseils de mentors et d&rsquo;entra\u00eeneurs qui comprennent l&rsquo;athl\u00e9tisme de haut niveau<\/li>\n<\/ul>\n<p><strong>Les d\u00e9placements de l&rsquo;\u00e9quipe peuvent entra\u00eener des frais suppl\u00e9mentaires<\/strong>, en fonction de la saison et du lieu, mais la participation au programme est un <strong>avantage de l&rsquo;\u00e9cole Sacr\u00e9-Coeur, offert sans frais suppl\u00e9mentaires.<\/strong><\/p>\n<h2>\n\t\t\tPr\u00eat \u00e0 d\u00e9couvrir si le programme d&rsquo;\u00e9lite est fait pour vous ?\t<\/h2>\n\t<p>Donnez de l&rsquo;\u00e9lan \u00e0 votre avenir sportif et acad\u00e9mique avec l&rsquo;\u00e9cole Sacr\u00e9-Coeur.<\/p>\n<p><strong>Cliquez ci-dessous et contactez la directrice du programme, Mme Brigitte Weil.<\/strong><\/p>\n\t\t\t<a href=\"https:\/\/forms.gle\/6eeRSCnXA6n2A3828\" target=\"_blank\" rel=\"noopener\">\n\t\t\t\t\t\t\tCommencez votre exp\u00e9rience ici\n\t\t\t\t\t<\/a>\n<h2>\n\t\t\tVous pouvez \u00e9galement \u00eatre int\u00e9ress\u00e9 par\t<\/h2>\n\t\t\t<a href=\"https:\/\/www.sacredheart.qc.ca\/fr\/a-propos\/qui-sommes-nous\/\" target=\"_blank\" rel=\"noopener\">\n\t\t\t\t\t\t\tQui sommes-nous ?\n\t\t\t<\/a>\n\t\t\t<a href=\"https:\/\/www.sacredheart.qc.ca\/fr\/pensionnat\/options-secondaire-1-5\/\" target=\"_blank\" rel=\"noopener\">\n\t\t\t\t\t\t\tOptions d&#8217;embarquement\n\t\t\t<\/a>\n\t\t\t<a href=\"https:\/\/www.sacredheart.qc.ca\/fr\/programmes-signature\/\" target=\"_blank\" rel=\"noopener\">\n\t\t\t\t\t\t\tProgrammes Signature\n\t\t\t<\/a>\n\n","protected":false},"excerpt":{"rendered":"<p>Programme d&rsquo;\u00e9lite de Sacr\u00e9-Coeur Le programme d&rsquo;\u00e9lite de Sacr\u00e9-Coeur soutient les athl\u00e8tes f\u00e9minines de haut niveau dont les horaires d&rsquo;entra\u00eenement et de comp\u00e9tition n\u00e9cessitent de s&rsquo;\u00e9loigner d&rsquo;une journ\u00e9e scolaire traditionnelle.&hellip;<\/p>\n","protected":false},"author":19,"featured_media":19955,"parent":0,"menu_order":139,"comment_status":"closed","ping_status":"closed","template":"","meta":{"_acf_changed":false,"inline_featured_image":false,"_price":"","_stock":"","_tribe_ticket_header":"","_tribe_default_ticket_provider":"","_tribe_ticket_capacity":"0","_ticket_start_date":"","_ticket_end_date":"","_tribe_ticket_show_description":"","_tribe_ticket_show_not_going":false,"_tribe_ticket_use_global_stock":"","_tribe_ticket_global_stock_level":"","_global_stock_mode":"","_global_stock_cap":"","_tribe_rsvp_for_event":"","_tribe_ticket_going_count":"","_tribe_ticket_not_going_count":"","_tribe_tickets_list":"[]","_tribe_ticket_has_attendee_info_fields":false,"footnotes":"","_tec_slr_enabled":"","_tec_slr_layout":""},"class_list":["post-20673","page","type-page","status-publish","has-post-thumbnail","hentry"],"acf":[],"yoast_head":"<!-- This site is optimized with the Yoast SEO plugin v27.3 - https:\/\/yoast.com\/product\/yoast-seo-wordpress\/ -->\n<title>Programme de Distinction de l&#039;\u00c9cole Sacr\u00e9-Coeur| \u00c9cole secondaire priv\u00e9e catholique anglophone pour filles de Montr\u00e9al | The Sacred Heart School of Montreal<\/title>\n<meta name=\"description\" content=\"D\u00e9couvrez le Programme de distinction des boursiers de Sacr\u00e9-C\u0153ur qui permet aux \u00e9tudiants de prendre en charge leur \u00e9ducation et de poursuivre leurs passions dans le cadre d&#039;un parcours choisi.\" \/>\n<meta name=\"robots\" content=\"index, follow, max-snippet:-1, max-image-preview:large, max-video-preview:-1\" \/>\n<link rel=\"canonical\" href=\"https:\/\/www.sacredheart.qc.ca\/fr\/programme-delite-de-sacre-coeur\/\" \/>\n<meta property=\"og:locale\" content=\"fr_FR\" \/>\n<meta property=\"og:type\" content=\"article\" \/>\n<meta property=\"og:title\" content=\"Programme de Distinction de l&#039;\u00c9cole Sacr\u00e9-Coeur| \u00c9cole secondaire priv\u00e9e catholique anglophone pour filles de Montr\u00e9al | The Sacred Heart School of Montreal\" \/>\n<meta property=\"og:description\" content=\"D\u00e9couvrez le Programme de distinction des boursiers de Sacr\u00e9-C\u0153ur qui permet aux \u00e9tudiants de prendre en charge leur \u00e9ducation et de poursuivre leurs passions dans le cadre d&#039;un parcours choisi.\" \/>\n<meta property=\"og:url\" content=\"https:\/\/www.sacredheart.qc.ca\/fr\/programme-delite-de-sacre-coeur\/\" \/>\n<meta property=\"og:site_name\" content=\"The Sacred Heart School of Montreal\" \/>\n<meta property=\"article:publisher\" content=\"https:\/\/www.facebook.com\/SacredHeartMontreal\/\" \/>\n<meta property=\"article:modified_time\" content=\"2025-08-28T16:18:33+00:00\" \/>\n<meta property=\"og:image\" content=\"https:\/\/www.sacredheart.qc.ca\/wp-content\/uploads\/2025\/01\/DSC_0930.jpg\" \/>\n\t<meta property=\"og:image:width\" content=\"1344\" \/>\n\t<meta property=\"og:image:height\" content=\"896\" \/>\n\t<meta property=\"og:image:type\" content=\"image\/jpeg\" \/>\n<meta name=\"twitter:card\" content=\"summary_large_image\" \/>\n<meta name=\"twitter:site\" content=\"@TheSHSM\" \/>\n<meta name=\"twitter:label1\" content=\"Dur\u00e9e de lecture estim\u00e9e\" \/>\n\t<meta name=\"twitter:data1\" content=\"4 minutes\" \/>\n<script type=\"application\/ld+json\" class=\"yoast-schema-graph\">{\"@context\":\"https:\\\/\\\/schema.org\",\"@graph\":[{\"@type\":\"WebPage\",\"@id\":\"https:\\\/\\\/www.sacredheart.qc.ca\\\/fr\\\/programme-delite-de-sacre-coeur\\\/\",\"url\":\"https:\\\/\\\/www.sacredheart.qc.ca\\\/fr\\\/programme-delite-de-sacre-coeur\\\/\",\"name\":\"Programme de Distinction de l'\u00c9cole Sacr\u00e9-Coeur| \u00c9cole secondaire priv\u00e9e catholique anglophone pour filles de Montr\u00e9al | The Sacred Heart School of Montreal\",\"isPartOf\":{\"@id\":\"https:\\\/\\\/www.sacredheart.qc.ca\\\/fr\\\/#website\"},\"primaryImageOfPage\":{\"@id\":\"https:\\\/\\\/www.sacredheart.qc.ca\\\/fr\\\/programme-delite-de-sacre-coeur\\\/#primaryimage\"},\"image\":{\"@id\":\"https:\\\/\\\/www.sacredheart.qc.ca\\\/fr\\\/programme-delite-de-sacre-coeur\\\/#primaryimage\"},\"thumbnailUrl\":\"https:\\\/\\\/www.sacredheart.qc.ca\\\/wp-content\\\/uploads\\\/2025\\\/01\\\/DSC_0930.jpg\",\"datePublished\":\"2025-05-13T01:31:58+00:00\",\"dateModified\":\"2025-08-28T16:18:33+00:00\",\"description\":\"D\u00e9couvrez le Programme de distinction des boursiers de Sacr\u00e9-C\u0153ur qui permet aux \u00e9tudiants de prendre en charge leur \u00e9ducation et de poursuivre leurs passions dans le cadre d'un parcours choisi.\",\"breadcrumb\":{\"@id\":\"https:\\\/\\\/www.sacredheart.qc.ca\\\/fr\\\/programme-delite-de-sacre-coeur\\\/#breadcrumb\"},\"inLanguage\":\"fr-FR\",\"potentialAction\":[{\"@type\":\"ReadAction\",\"target\":[\"https:\\\/\\\/www.sacredheart.qc.ca\\\/fr\\\/programme-delite-de-sacre-coeur\\\/\"]}]},{\"@type\":\"ImageObject\",\"inLanguage\":\"fr-FR\",\"@id\":\"https:\\\/\\\/www.sacredheart.qc.ca\\\/fr\\\/programme-delite-de-sacre-coeur\\\/#primaryimage\",\"url\":\"https:\\\/\\\/www.sacredheart.qc.ca\\\/wp-content\\\/uploads\\\/2025\\\/01\\\/DSC_0930.jpg\",\"contentUrl\":\"https:\\\/\\\/www.sacredheart.qc.ca\\\/wp-content\\\/uploads\\\/2025\\\/01\\\/DSC_0930.jpg\",\"width\":1344,\"height\":896},{\"@type\":\"BreadcrumbList\",\"@id\":\"https:\\\/\\\/www.sacredheart.qc.ca\\\/fr\\\/programme-delite-de-sacre-coeur\\\/#breadcrumb\",\"itemListElement\":[{\"@type\":\"ListItem\",\"position\":1,\"name\":\"Home\",\"item\":\"https:\\\/\\\/www.sacredheart.qc.ca\\\/fr\\\/\"},{\"@type\":\"ListItem\",\"position\":2,\"name\":\"Programme d&rsquo;\u00e9lite de Sacr\u00e9-Coeur\"}]},{\"@type\":\"WebSite\",\"@id\":\"https:\\\/\\\/www.sacredheart.qc.ca\\\/fr\\\/#website\",\"url\":\"https:\\\/\\\/www.sacredheart.qc.ca\\\/fr\\\/\",\"name\":\"The Sacred Heart School of Montreal\",\"description\":\"Girls Only Private Catholic English High School - 100% Graduation Rate\",\"publisher\":{\"@id\":\"https:\\\/\\\/www.sacredheart.qc.ca\\\/fr\\\/#organization\"},\"alternateName\":\"The Sacred Heart School of Montreal\",\"potentialAction\":[{\"@type\":\"SearchAction\",\"target\":{\"@type\":\"EntryPoint\",\"urlTemplate\":\"https:\\\/\\\/www.sacredheart.qc.ca\\\/fr\\\/?s={search_term_string}\"},\"query-input\":{\"@type\":\"PropertyValueSpecification\",\"valueRequired\":true,\"valueName\":\"search_term_string\"}}],\"inLanguage\":\"fr-FR\"},{\"@type\":\"Organization\",\"@id\":\"https:\\\/\\\/www.sacredheart.qc.ca\\\/fr\\\/#organization\",\"name\":\"The Sacred Heart School of Montreal\",\"url\":\"https:\\\/\\\/www.sacredheart.qc.ca\\\/fr\\\/\",\"logo\":{\"@type\":\"ImageObject\",\"inLanguage\":\"fr-FR\",\"@id\":\"https:\\\/\\\/www.sacredheart.qc.ca\\\/fr\\\/#\\\/schema\\\/logo\\\/image\\\/\",\"url\":\"https:\\\/\\\/www.sacredheart.qc.ca\\\/wp-content\\\/uploads\\\/2021\\\/06\\\/LogoScredHeart.svg\",\"contentUrl\":\"https:\\\/\\\/www.sacredheart.qc.ca\\\/wp-content\\\/uploads\\\/2021\\\/06\\\/LogoScredHeart.svg\",\"width\":\"1024\",\"height\":\"1024\",\"caption\":\"The Sacred Heart School of Montreal\"},\"image\":{\"@id\":\"https:\\\/\\\/www.sacredheart.qc.ca\\\/fr\\\/#\\\/schema\\\/logo\\\/image\\\/\"},\"sameAs\":[\"https:\\\/\\\/www.facebook.com\\\/SacredHeartMontreal\\\/\",\"https:\\\/\\\/x.com\\\/TheSHSM\",\"https:\\\/\\\/www.instagram.com\\\/SacredHeartMontreal\\\/\",\"https:\\\/\\\/www.linkedin.com\\\/school\\\/the-sacred-heart-school-of-montreal\\\/\",\"https:\\\/\\\/www.youtube.com\\\/user\\\/TheSacredHeartSchool\"]}]}<\/script>\n<!-- \/ Yoast SEO plugin. -->","yoast_head_json":{"title":"Programme de Distinction de l'\u00c9cole Sacr\u00e9-Coeur| \u00c9cole secondaire priv\u00e9e catholique anglophone pour filles de Montr\u00e9al | The Sacred Heart School of Montreal","description":"D\u00e9couvrez le Programme de distinction des boursiers de Sacr\u00e9-C\u0153ur qui permet aux \u00e9tudiants de prendre en charge leur \u00e9ducation et de poursuivre leurs passions dans le cadre d'un parcours choisi.","robots":{"index":"index","follow":"follow","max-snippet":"max-snippet:-1","max-image-preview":"max-image-preview:large","max-video-preview":"max-video-preview:-1"},"canonical":"https:\/\/www.sacredheart.qc.ca\/fr\/programme-delite-de-sacre-coeur\/","og_locale":"fr_FR","og_type":"article","og_title":"Programme de Distinction de l'\u00c9cole Sacr\u00e9-Coeur| \u00c9cole secondaire priv\u00e9e catholique anglophone pour filles de Montr\u00e9al | The Sacred Heart School of Montreal","og_description":"D\u00e9couvrez le Programme de distinction des boursiers de Sacr\u00e9-C\u0153ur qui permet aux \u00e9tudiants de prendre en charge leur \u00e9ducation et de poursuivre leurs passions dans le cadre d'un parcours choisi.","og_url":"https:\/\/www.sacredheart.qc.ca\/fr\/programme-delite-de-sacre-coeur\/","og_site_name":"The Sacred Heart School of Montreal","article_publisher":"https:\/\/www.facebook.com\/SacredHeartMontreal\/","article_modified_time":"2025-08-28T16:18:33+00:00","og_image":[{"width":1344,"height":896,"url":"https:\/\/www.sacredheart.qc.ca\/wp-content\/uploads\/2025\/01\/DSC_0930.jpg","type":"image\/jpeg"}],"twitter_card":"summary_large_image","twitter_site":"@TheSHSM","twitter_misc":{"Dur\u00e9e de lecture estim\u00e9e":"4 minutes"},"schema":{"@context":"https:\/\/schema.org","@graph":[{"@type":"WebPage","@id":"https:\/\/www.sacredheart.qc.ca\/fr\/programme-delite-de-sacre-coeur\/","url":"https:\/\/www.sacredheart.qc.ca\/fr\/programme-delite-de-sacre-coeur\/","name":"Programme de Distinction de l'\u00c9cole Sacr\u00e9-Coeur| \u00c9cole secondaire priv\u00e9e catholique anglophone pour filles de Montr\u00e9al | The Sacred Heart School of Montreal","isPartOf":{"@id":"https:\/\/www.sacredheart.qc.ca\/fr\/#website"},"primaryImageOfPage":{"@id":"https:\/\/www.sacredheart.qc.ca\/fr\/programme-delite-de-sacre-coeur\/#primaryimage"},"image":{"@id":"https:\/\/www.sacredheart.qc.ca\/fr\/programme-delite-de-sacre-coeur\/#primaryimage"},"thumbnailUrl":"https:\/\/www.sacredheart.qc.ca\/wp-content\/uploads\/2025\/01\/DSC_0930.jpg","datePublished":"2025-05-13T01:31:58+00:00","dateModified":"2025-08-28T16:18:33+00:00","description":"D\u00e9couvrez le Programme de distinction des boursiers de Sacr\u00e9-C\u0153ur qui permet aux \u00e9tudiants de prendre en charge leur \u00e9ducation et de poursuivre leurs passions dans le cadre d'un parcours choisi.","breadcrumb":{"@id":"https:\/\/www.sacredheart.qc.ca\/fr\/programme-delite-de-sacre-coeur\/#breadcrumb"},"inLanguage":"fr-FR","potentialAction":[{"@type":"ReadAction","target":["https:\/\/www.sacredheart.qc.ca\/fr\/programme-delite-de-sacre-coeur\/"]}]},{"@type":"ImageObject","inLanguage":"fr-FR","@id":"https:\/\/www.sacredheart.qc.ca\/fr\/programme-delite-de-sacre-coeur\/#primaryimage","url":"https:\/\/www.sacredheart.qc.ca\/wp-content\/uploads\/2025\/01\/DSC_0930.jpg","contentUrl":"https:\/\/www.sacredheart.qc.ca\/wp-content\/uploads\/2025\/01\/DSC_0930.jpg","width":1344,"height":896},{"@type":"BreadcrumbList","@id":"https:\/\/www.sacredheart.qc.ca\/fr\/programme-delite-de-sacre-coeur\/#breadcrumb","itemListElement":[{"@type":"ListItem","position":1,"name":"Home","item":"https:\/\/www.sacredheart.qc.ca\/fr\/"},{"@type":"ListItem","position":2,"name":"Programme d&rsquo;\u00e9lite de Sacr\u00e9-Coeur"}]},{"@type":"WebSite","@id":"https:\/\/www.sacredheart.qc.ca\/fr\/#website","url":"https:\/\/www.sacredheart.qc.ca\/fr\/","name":"The Sacred Heart School of Montreal","description":"Girls Only Private Catholic English High School - 100% Graduation Rate","publisher":{"@id":"https:\/\/www.sacredheart.qc.ca\/fr\/#organization"},"alternateName":"The Sacred Heart School of Montreal","potentialAction":[{"@type":"SearchAction","target":{"@type":"EntryPoint","urlTemplate":"https:\/\/www.sacredheart.qc.ca\/fr\/?s={search_term_string}"},"query-input":{"@type":"PropertyValueSpecification","valueRequired":true,"valueName":"search_term_string"}}],"inLanguage":"fr-FR"},{"@type":"Organization","@id":"https:\/\/www.sacredheart.qc.ca\/fr\/#organization","name":"The Sacred Heart School of Montreal","url":"https:\/\/www.sacredheart.qc.ca\/fr\/","logo":{"@type":"ImageObject","inLanguage":"fr-FR","@id":"https:\/\/www.sacredheart.qc.ca\/fr\/#\/schema\/logo\/image\/","url":"https:\/\/www.sacredheart.qc.ca\/wp-content\/uploads\/2021\/06\/LogoScredHeart.svg","contentUrl":"https:\/\/www.sacredheart.qc.ca\/wp-content\/uploads\/2021\/06\/LogoScredHeart.svg","width":"1024","height":"1024","caption":"The Sacred Heart School of Montreal"},"image":{"@id":"https:\/\/www.sacredheart.qc.ca\/fr\/#\/schema\/logo\/image\/"},"sameAs":["https:\/\/www.facebook.com\/SacredHeartMontreal\/","https:\/\/x.com\/TheSHSM","https:\/\/www.instagram.com\/SacredHeartMontreal\/","https:\/\/www.linkedin.com\/school\/the-sacred-heart-school-of-montreal\/","https:\/\/www.youtube.com\/user\/TheSacredHeartSchool"]}]}},"ticketed":false,"_links":{"self":[{"href":"https:\/\/www.sacredheart.qc.ca\/fr\/wp-json\/wp\/v2\/pages\/20673","targetHints":{"allow":["GET"]}}],"collection":[{"href":"https:\/\/www.sacredheart.qc.ca\/fr\/wp-json\/wp\/v2\/pages"}],"about":[{"href":"https:\/\/www.sacredheart.qc.ca\/fr\/wp-json\/wp\/v2\/types\/page"}],"author":[{"embeddable":true,"href":"https:\/\/www.sacredheart.qc.ca\/fr\/wp-json\/wp\/v2\/users\/19"}],"replies":[{"embeddable":true,"href":"https:\/\/www.sacredheart.qc.ca\/fr\/wp-json\/wp\/v2\/comments?post=20673"}],"version-history":[{"count":0,"href":"https:\/\/www.sacredheart.qc.ca\/fr\/wp-json\/wp\/v2\/pages\/20673\/revisions"}],"wp:featuredmedia":[{"embeddable":true,"href":"https:\/\/www.sacredheart.qc.ca\/fr\/wp-json\/wp\/v2\/media\/19955"}],"wp:attachment":[{"href":"https:\/\/www.sacredheart.qc.ca\/fr\/wp-json\/wp\/v2\/media?parent=20673"}],"curies":[{"name":"wp","href":"https:\/\/api.w.org\/{rel}","templated":true}]}}