{"id":20415,"date":"2025-04-24T15:57:36","date_gmt":"2025-04-24T19:57:36","guid":{"rendered":"https:\/\/www.sacredheart.qc.ca\/?page_id=20415"},"modified":"2025-04-25T09:43:31","modified_gmt":"2025-04-25T13:43:31","slug":"admissions-appliquer-douzieme-annee","status":"publish","type":"page","link":"https:\/\/www.sacredheart.qc.ca\/fr\/admissions\/appliquer-douzieme-annee\/","title":{"rendered":"Proc\u00e9dure d&rsquo;inscription pour la 12e ann\u00e9e"},"content":{"rendered":"\n<h1>\n\t\tProc\u00e9dure d&rsquo;inscription pour la 12e ann\u00e9e\n\t<\/h1>\n<h4>\n\t\tProc\u00e9dure d&rsquo;inscription pour la 12e ann\u00e9e\n\t<\/h4>\n<h2>\n\t\tCandidates domestiques\n\t<\/h2>\n\t<p>Vous \u00eates un \u00e9tudiante \u00e9trangere et vous souhaitez vous inscrire en 12e ann\u00e9e ? Consultez nos <strong><a href=\"#candidates-internationales\">\u00c9tudiantes internationales ci-dessous<\/a><\/strong>.<\/p>\n<p><strong>Acceptation des candidatures pour l&rsquo;ann\u00e9e scolaire 2025-2026.<\/strong><\/p>\n<p>Nos admissions se font par roulement, ce qui signifie que nous examinons et acceptons les inscriptions tout au long de l&rsquo;ann\u00e9e.<\/p>\n<p>Toutefois, nous vous recommandons vivement d&rsquo;entamer le processus de candidature le plus t\u00f4t possible afin de garantir votre place et de faciliter votre inscription.<\/p>\n\t<ul>\n\t\t<li>\t\t\n\t\t\t\t<img decoding=\"async\" src=\"https:\/\/www.sacredheart.qc.ca\/wp-content\/uploads\/2023\/10\/Onlie-application-form.svg\" alt=\"Online-application-form\" title=\"Onlie-application-form\" itemprop=\"image\"\/>\n\t\t<h3><a href=\"https:\/\/sacredheart.coba.ca\/pednet\/admission.asp?Ecole=001\" target=\"_blank\" rel=\"noopener nofollow\" aria-label=\"Aller \u00e0 https:\/\/sacredheart.coba.ca\/pednet\/admission.asp?Ecole=001\">Formulaire de demande en ligne<\/a><\/h3><p><ul><li><strong>Remplir<\/strong> le <strong>formulaire de candidature COBA en ligne<\/strong> : <a href=\"https:\/\/sacredheart.coba.ca\/pednet\/admission.asp?Ecole=002\" target=\"_blank\" rel=\"noopener\">disponible ici sur notre portail<\/a> avec tous les d\u00e9tails de votre candidature.<\/li><\/ul><\/p><\/li><li>\t\t\n\t\t\t\t<img decoding=\"async\" src=\"https:\/\/www.sacredheart.qc.ca\/wp-content\/uploads\/2023\/10\/All-required-documentation.svg\" alt=\"All-required-documents\" title=\"All-required-documentation\" itemprop=\"image\"\/>\n\t\t<h3>Tous les documents requis<\/h3><p><ul><li>L&rsquo;<strong>acte de naissance du demandeur<\/strong>: Fournir une copie comprenant les noms des parents. (Une traduction notari\u00e9e en anglais, le cas \u00e9ch\u00e9ant)<\/li><li><strong>Formulaire de profil de l&rsquo;\u00e9tudiant<\/strong>: Remplir le formulaire <a href=\"https:\/\/www.sacredheart.qc.ca\/wp-content\/uploads\/2022\/03\/SHSM_Student_Profile_Form-FILLABLE22.pdf\">en ligne ici<\/a>.<\/li><li><strong>Formulaire de rapport scolaire confidentiel<\/strong>: Remplir le formulaire <a href=\"https:\/\/www.sacredheart.qc.ca\/wp-content\/uploads\/2024\/09\/confidential-school-report-form-FILLABLE22.pdf\" target=\"_blank\" rel=\"noopener\">en ligne ici<\/a>.<\/li><li><strong>Bulletins scolaires de la 1e \u00e0 la 5e ann\u00e9e<\/strong>: Soumettre des copies de tous les bulletins. (Une traduction notari\u00e9e en anglais, le cas \u00e9ch\u00e9ant)<\/li><li><strong>Un relev\u00e9 de notes du MEES<\/strong>: Un relev\u00e9 de notes du minist\u00e8re de l&rsquo;\u00c9ducation du Qu\u00e9bec (le cas \u00e9ch\u00e9ant)<\/li><li><strong>Re\u00e7u de 100 dollars de frais de dossier pour les demandes nationales<\/strong>: Joignez une copie du re\u00e7u de paiement, <a href=\"https:\/\/www.sacredheart.qc.ca\/fr\/paiement-des-frais-en-ligne\/\">payable ici<\/a>.<\/li><\/ul><\/p><\/li><li>\t\t\n\t\t\t\t<img decoding=\"async\" src=\"https:\/\/www.sacredheart.qc.ca\/wp-content\/uploads\/2023\/10\/Submit.svg\" alt=\"Submit\" title=\"Submit\" itemprop=\"image\"\/>\n\t\t<h3>Soumettez tout \u00e0 notre programme de 12e ann\u00e9e<\/h3><ul>\n<li>Soumettez le formulaire de candidature en ligne d\u00fbment rempli et les documents requis \u00e0 Mme Brigitte Weil, directrice de la 12e ann\u00e9e et du d\u00e9veloppement des programmes, par courrier \u00e9lectronique \u00e0 l&rsquo;adresse suivante <a href=\"mailto:brigitteweil@sacredheart.qc.ca\" target=\"_blank\" rel=\"noopener\">: brigitteweil@sacredheart.qc.ca<\/a>.<\/li>\n<\/ul>\n<\/li><li>\t\t\n\t\t\t\t<img decoding=\"async\" src=\"https:\/\/www.sacredheart.qc.ca\/wp-content\/uploads\/2023\/10\/Family-interview.svg\" alt=\"Family-interview\" title=\"Family-interview\" itemprop=\"image\"\/>\n\t\t<h3>Entretien avec une \u00e9tudiante<\/h3><ul>\n<li>Pr\u00e9parez un entretien avec vous et votre fille. Les candidatures seront examin\u00e9es sur la base des bulletins scolaires de l&rsquo;\u00e9l\u00e8ve et des entretiens avec la famille.<\/li>\n<\/ul>\n<\/li>\t<\/ul>\n<h4>\n\t\tProc\u00e9dure d&rsquo;inscription pour la 12e ann\u00e9e\n\t<\/h4>\n<h2>\n\t\tCandidates internationales\n\t<\/h2>\n\t<ul>\n\t\t<li>\t\t\n\t\t\t\t<img decoding=\"async\" src=\"https:\/\/www.sacredheart.qc.ca\/wp-content\/uploads\/2023\/10\/Onlie-application-form.svg\" alt=\"Online-application-form\" title=\"Onlie-application-form\" itemprop=\"image\"\/>\n\t\t<h3><a href=\"https:\/\/sacredheart.coba.ca\/pednet\/admission.asp?Ecole=001\" target=\"_blank\" rel=\"noopener nofollow\" aria-label=\"Aller \u00e0 https:\/\/sacredheart.coba.ca\/pednet\/admission.asp?Ecole=001\">Formulaire de demande en ligne<\/a><\/h3><ul>\n<li><strong>Remplir<\/strong> le <strong>formulaire de candidature COBA en ligne<\/strong> : <a href=\"https:\/\/sacredheart.coba.ca\/pednet\/admission.asp?Ecole=002\" target=\"_blank\" rel=\"noopener\">disponible ici sur notre portail<\/a> avec tous les d\u00e9tails de votre candidature.<\/li>\n<\/ul>\n<\/li><li>\t\t\n\t\t\t\t<img decoding=\"async\" src=\"https:\/\/www.sacredheart.qc.ca\/wp-content\/uploads\/2023\/10\/All-required-documentation.svg\" alt=\"All-required-documents\" title=\"All-required-documentation\" itemprop=\"image\"\/>\n\t\t<h3>Tous les documents requis<\/h3><p><ul><li><strong>Tous les documents d&rsquo;immigration n\u00e9cessaires : <\/strong>Pour plus d&rsquo;informations, contactez notre centre d&rsquo;admission.<\/li><li>L&rsquo;<strong>acte de naissance du demandeur<\/strong>: Fournir une copie comprenant les noms des parents. (Une traduction notari\u00e9e en anglais, le cas \u00e9ch\u00e9ant)<\/li><li><strong>Formulaire de profil de l&rsquo;\u00e9tudiant<\/strong>: Remplir le formulaire <a href=\"https:\/\/www.sacredheart.qc.ca\/wp-content\/uploads\/2022\/03\/SHSM_Student_Profile_Form-FILLABLE22.pdf\">en ligne ici<\/a>.<\/li><li><strong>Formulaire de rapport scolaire confidentiel<\/strong>: Remplir le formulaire <a href=\"https:\/\/www.sacredheart.qc.ca\/wp-content\/uploads\/2024\/09\/confidential-school-report-form-FILLABLE22.pdf\" target=\"_blank\" rel=\"noopener\">en ligne ici<\/a>.<\/li><li><strong>Bulletins scolaires de la 1e \u00e0 la 5e ann\u00e9e<\/strong>: Soumettre des copies de tous les bulletins. (Une traduction notari\u00e9e en anglais, le cas \u00e9ch\u00e9ant)<\/li><li><strong>R\u00e9sultats du test d&rsquo;anglais<\/strong>: Fournir une copie des r\u00e9sultats du TOEF, de l&rsquo;ILETS ou de tout autre test d&rsquo;anglais standardis\u00e9 (uniquement pour les \u00e9l\u00e8ves de 10e ann\u00e9e et plus) <a href=\"https:\/\/englishtest.duolingo.com\/applicants\">Test d&rsquo;anglais Duolingo<\/a><\/li><li>le <strong> re\u00e7u de la taxe internationale de 300 $<\/strong>: Joignez une copie du re\u00e7u de paiement, <a href=\"https:\/\/www.sacredheart.qc.ca\/fr\/paiement-des-frais-en-ligne\/\">payable ici<\/a>.<\/li><\/ul><\/p><\/li><li>\t\t\n\t\t\t\t<img decoding=\"async\" src=\"https:\/\/www.sacredheart.qc.ca\/wp-content\/uploads\/2023\/10\/Submit.svg\" alt=\"Submit\" title=\"Submit\" itemprop=\"image\"\/>\n\t\t<h3>Soumettez tout \u00e0 notre programme de 12e ann\u00e9e<\/h3><ul>\n<li>Soumettez le formulaire de candidature en ligne d\u00fbment rempli et les documents requis \u00e0 Mme Brigitte Weil, directrice de la 12e ann\u00e9e et du d\u00e9veloppement des programmes, par courrier \u00e9lectronique \u00e0 l&rsquo;adresse suivante <a href=\"mailto:brigitteweil@sacredheart.qc.ca\" target=\"_blank\" rel=\"noopener\">: brigitteweil@sacredheart.qc.ca<\/a>.<\/li>\n<\/ul>\n<\/li><li>\t\t\n\t\t\t\t<img decoding=\"async\" src=\"https:\/\/www.sacredheart.qc.ca\/wp-content\/uploads\/2023\/10\/Family-interview.svg\" alt=\"Family-interview\" title=\"Family-interview\" itemprop=\"image\"\/>\n\t\t<h3>Entretien avec un \u00e9tudiant<\/h3><ul>\n<li>Pr\u00e9parez un entretien avec vous et votre fille. Les candidatures seront examin\u00e9es sur la base des bulletins scolaires de l&rsquo;\u00e9l\u00e8ve et des entretiens avec la famille.<\/li>\n<\/ul>\n<\/li>\t<\/ul>\n<h2>\n\t\tVous pouvez \u00e9galement \u00eatre int\u00e9ress\u00e9 par\n\t<\/h2>\n\t\t\t<a href=\"https:\/\/www.sacredheart.qc.ca\/fr\/admissions\/appliquer-secondaire\/\" target=\"_self\">\n\t\t\t\t\t\t\tInscription au <br \/>secondaire I \u00e0 V\n\t\t\t<\/a>\n\t\t\t<a href=\"https:\/\/www.sacredheart.qc.ca\/fr\/admissions\/droits-scolarite-aide-financiere\/\" target=\"_self\">\n\t\t\t\t\t\t\tFrais de scolarit\u00e9 et aide financi\u00e8re\n\t\t\t<\/a>\n\t\t\t<a href=\"mailto:admissions@sacredheart.qc.ca\" target=\"_blank\" rel=\"noopener nofollow\">\n\t\t\t\t\t\t\tSoumettre la demande\n\t\t\t<\/a>\n<h2>\n\t\tDes questions sur les demandes d&rsquo;admission \u00e0 la 12e ann\u00e9e\n\t<\/h2>\n\t<p>Contactez <strong>Mme Brigitte Weil<\/strong>, directrice de la 12e ann\u00e9e et du d\u00e9veloppement des programmes, \u00e0 l&rsquo;adresse suivante : <a href=\"mailto:grade12@sacredheart.qc.ca\" target=\"_blank\" rel=\"noopener\">grade12@sacredheart.qc.ca<\/a><\/p>\n\t<p><strong>T\u00e9l\u00e9phone :<\/strong> +1-514-937-2845 x 140<\/p>\n\n","protected":false},"excerpt":{"rendered":"<p>Proc\u00e9dure d&rsquo;inscription pour la 12e ann\u00e9e Proc\u00e9dure d&rsquo;inscription pour la 12e ann\u00e9e Candidates domestiques Vous \u00eates un \u00e9tudiante \u00e9trangere et vous souhaitez vous inscrire en 12e ann\u00e9e ? Consultez nos&hellip;<\/p>\n","protected":false},"author":6,"featured_media":0,"parent":0,"menu_order":25,"comment_status":"closed","ping_status":"closed","template":"","meta":{"_acf_changed":false,"inline_featured_image":false,"_price":"","_stock":"","_tribe_ticket_header":"","_tribe_default_ticket_provider":"","_tribe_ticket_capacity":"0","_ticket_start_date":"","_ticket_end_date":"","_tribe_ticket_show_description":"","_tribe_ticket_show_not_going":false,"_tribe_ticket_use_global_stock":"","_tribe_ticket_global_stock_level":"","_global_stock_mode":"","_global_stock_cap":"","_tribe_rsvp_for_event":"","_tribe_ticket_going_count":"","_tribe_ticket_not_going_count":"","_tribe_tickets_list":"[]","_tribe_ticket_has_attendee_info_fields":false,"footnotes":"","_tec_slr_enabled":"","_tec_slr_layout":""},"class_list":["post-20415","page","type-page","status-publish","hentry"],"acf":[],"yoast_head":"<!-- This site is optimized with the Yoast SEO plugin v27.3 - https:\/\/yoast.com\/product\/yoast-seo-wordpress\/ -->\n<title>S&#039;incrire \u00e0 l&#039;\u00e9cole en tant qu&#039;\u00e9tudiantes de 12e ann\u00e9e<\/title>\n<meta name=\"description\" content=\"Comment faire une demande d&#039;admission \u00e0 l&#039;\u00e9cole secondaire priv\u00e9e catholique anglophone pour filles de Montr\u00e9al : L&#039;\u00c9cole Sacr\u00e9-C\u0153ur pour la 12e ann\u00e9e.\" \/>\n<meta name=\"robots\" content=\"index, follow, max-snippet:-1, max-image-preview:large, max-video-preview:-1\" \/>\n<link rel=\"canonical\" href=\"https:\/\/www.sacredheart.qc.ca\/fr\/admissions\/appliquer-douzieme-annee\/\" \/>\n<meta property=\"og:locale\" content=\"fr_FR\" \/>\n<meta property=\"og:type\" content=\"article\" \/>\n<meta property=\"og:title\" content=\"S&#039;incrire \u00e0 l&#039;\u00e9cole en tant qu&#039;\u00e9tudiantes de 12e ann\u00e9e\" \/>\n<meta property=\"og:description\" content=\"Comment faire une demande d&#039;admission \u00e0 l&#039;\u00e9cole secondaire priv\u00e9e catholique anglophone pour filles de Montr\u00e9al : L&#039;\u00c9cole Sacr\u00e9-C\u0153ur pour la 12e ann\u00e9e.\" \/>\n<meta property=\"og:url\" content=\"https:\/\/www.sacredheart.qc.ca\/fr\/admissions\/appliquer-douzieme-annee\/\" \/>\n<meta property=\"og:site_name\" content=\"The Sacred Heart School of Montreal\" \/>\n<meta property=\"article:publisher\" content=\"https:\/\/www.facebook.com\/SacredHeartMontreal\/\" \/>\n<meta property=\"article:modified_time\" content=\"2025-04-25T13:43:31+00:00\" \/>\n<meta property=\"og:image\" content=\"https:\/\/www.sacredheart.qc.ca\/wp-content\/uploads\/2023\/10\/Onlie-application-form.svg\" \/>\n<meta name=\"twitter:card\" content=\"summary_large_image\" \/>\n<meta name=\"twitter:site\" content=\"@TheSHSM\" \/>\n<script type=\"application\/ld+json\" class=\"yoast-schema-graph\">{\"@context\":\"https:\\\/\\\/schema.org\",\"@graph\":[{\"@type\":\"WebPage\",\"@id\":\"https:\\\/\\\/www.sacredheart.qc.ca\\\/fr\\\/admissions\\\/appliquer-douzieme-annee\\\/\",\"url\":\"https:\\\/\\\/www.sacredheart.qc.ca\\\/fr\\\/admissions\\\/appliquer-douzieme-annee\\\/\",\"name\":\"S'incrire \u00e0 l'\u00e9cole en tant qu'\u00e9tudiantes de 12e ann\u00e9e\",\"isPartOf\":{\"@id\":\"https:\\\/\\\/www.sacredheart.qc.ca\\\/fr\\\/#website\"},\"primaryImageOfPage\":{\"@id\":\"https:\\\/\\\/www.sacredheart.qc.ca\\\/fr\\\/admissions\\\/appliquer-douzieme-annee\\\/#primaryimage\"},\"image\":{\"@id\":\"https:\\\/\\\/www.sacredheart.qc.ca\\\/fr\\\/admissions\\\/appliquer-douzieme-annee\\\/#primaryimage\"},\"thumbnailUrl\":\"https:\\\/\\\/www.sacredheart.qc.ca\\\/wp-content\\\/uploads\\\/2023\\\/10\\\/Onlie-application-form.svg\",\"datePublished\":\"2025-04-24T19:57:36+00:00\",\"dateModified\":\"2025-04-25T13:43:31+00:00\",\"description\":\"Comment faire une demande d'admission \u00e0 l'\u00e9cole secondaire priv\u00e9e catholique anglophone pour filles de Montr\u00e9al : L'\u00c9cole Sacr\u00e9-C\u0153ur pour la 12e ann\u00e9e.\",\"breadcrumb\":{\"@id\":\"https:\\\/\\\/www.sacredheart.qc.ca\\\/fr\\\/admissions\\\/appliquer-douzieme-annee\\\/#breadcrumb\"},\"inLanguage\":\"fr-FR\",\"potentialAction\":[{\"@type\":\"ReadAction\",\"target\":[\"https:\\\/\\\/www.sacredheart.qc.ca\\\/fr\\\/admissions\\\/appliquer-douzieme-annee\\\/\"]}]},{\"@type\":\"ImageObject\",\"inLanguage\":\"fr-FR\",\"@id\":\"https:\\\/\\\/www.sacredheart.qc.ca\\\/fr\\\/admissions\\\/appliquer-douzieme-annee\\\/#primaryimage\",\"url\":\"https:\\\/\\\/www.sacredheart.qc.ca\\\/wp-content\\\/uploads\\\/2023\\\/10\\\/Onlie-application-form.svg\",\"contentUrl\":\"https:\\\/\\\/www.sacredheart.qc.ca\\\/wp-content\\\/uploads\\\/2023\\\/10\\\/Onlie-application-form.svg\"},{\"@type\":\"BreadcrumbList\",\"@id\":\"https:\\\/\\\/www.sacredheart.qc.ca\\\/fr\\\/admissions\\\/appliquer-douzieme-annee\\\/#breadcrumb\",\"itemListElement\":[{\"@type\":\"ListItem\",\"position\":1,\"name\":\"Home\",\"item\":\"https:\\\/\\\/www.sacredheart.qc.ca\\\/fr\\\/\"},{\"@type\":\"ListItem\",\"position\":2,\"name\":\"Proc\u00e9dure d&rsquo;inscription pour la 12e ann\u00e9e\"}]},{\"@type\":\"WebSite\",\"@id\":\"https:\\\/\\\/www.sacredheart.qc.ca\\\/fr\\\/#website\",\"url\":\"https:\\\/\\\/www.sacredheart.qc.ca\\\/fr\\\/\",\"name\":\"The Sacred Heart School of Montreal\",\"description\":\"Girls Only Private Catholic English High School - 100% Graduation Rate\",\"publisher\":{\"@id\":\"https:\\\/\\\/www.sacredheart.qc.ca\\\/fr\\\/#organization\"},\"alternateName\":\"The Sacred Heart School of Montreal\",\"potentialAction\":[{\"@type\":\"SearchAction\",\"target\":{\"@type\":\"EntryPoint\",\"urlTemplate\":\"https:\\\/\\\/www.sacredheart.qc.ca\\\/fr\\\/?s={search_term_string}\"},\"query-input\":{\"@type\":\"PropertyValueSpecification\",\"valueRequired\":true,\"valueName\":\"search_term_string\"}}],\"inLanguage\":\"fr-FR\"},{\"@type\":\"Organization\",\"@id\":\"https:\\\/\\\/www.sacredheart.qc.ca\\\/fr\\\/#organization\",\"name\":\"The Sacred Heart School of Montreal\",\"url\":\"https:\\\/\\\/www.sacredheart.qc.ca\\\/fr\\\/\",\"logo\":{\"@type\":\"ImageObject\",\"inLanguage\":\"fr-FR\",\"@id\":\"https:\\\/\\\/www.sacredheart.qc.ca\\\/fr\\\/#\\\/schema\\\/logo\\\/image\\\/\",\"url\":\"https:\\\/\\\/www.sacredheart.qc.ca\\\/wp-content\\\/uploads\\\/2021\\\/06\\\/LogoScredHeart.svg\",\"contentUrl\":\"https:\\\/\\\/www.sacredheart.qc.ca\\\/wp-content\\\/uploads\\\/2021\\\/06\\\/LogoScredHeart.svg\",\"width\":\"1024\",\"height\":\"1024\",\"caption\":\"The Sacred Heart School of Montreal\"},\"image\":{\"@id\":\"https:\\\/\\\/www.sacredheart.qc.ca\\\/fr\\\/#\\\/schema\\\/logo\\\/image\\\/\"},\"sameAs\":[\"https:\\\/\\\/www.facebook.com\\\/SacredHeartMontreal\\\/\",\"https:\\\/\\\/x.com\\\/TheSHSM\",\"https:\\\/\\\/www.instagram.com\\\/SacredHeartMontreal\\\/\",\"https:\\\/\\\/www.linkedin.com\\\/school\\\/the-sacred-heart-school-of-montreal\\\/\",\"https:\\\/\\\/www.youtube.com\\\/user\\\/TheSacredHeartSchool\"]}]}<\/script>\n<!-- \/ Yoast SEO plugin. -->","yoast_head_json":{"title":"S'incrire \u00e0 l'\u00e9cole en tant qu'\u00e9tudiantes de 12e ann\u00e9e","description":"Comment faire une demande d'admission \u00e0 l'\u00e9cole secondaire priv\u00e9e catholique anglophone pour filles de Montr\u00e9al : L'\u00c9cole Sacr\u00e9-C\u0153ur pour la 12e ann\u00e9e.","robots":{"index":"index","follow":"follow","max-snippet":"max-snippet:-1","max-image-preview":"max-image-preview:large","max-video-preview":"max-video-preview:-1"},"canonical":"https:\/\/www.sacredheart.qc.ca\/fr\/admissions\/appliquer-douzieme-annee\/","og_locale":"fr_FR","og_type":"article","og_title":"S'incrire \u00e0 l'\u00e9cole en tant qu'\u00e9tudiantes de 12e ann\u00e9e","og_description":"Comment faire une demande d'admission \u00e0 l'\u00e9cole secondaire priv\u00e9e catholique anglophone pour filles de Montr\u00e9al : L'\u00c9cole Sacr\u00e9-C\u0153ur pour la 12e ann\u00e9e.","og_url":"https:\/\/www.sacredheart.qc.ca\/fr\/admissions\/appliquer-douzieme-annee\/","og_site_name":"The Sacred Heart School of Montreal","article_publisher":"https:\/\/www.facebook.com\/SacredHeartMontreal\/","article_modified_time":"2025-04-25T13:43:31+00:00","og_image":[{"url":"https:\/\/www.sacredheart.qc.ca\/wp-content\/uploads\/2023\/10\/Onlie-application-form.svg","type":"","width":"","height":""}],"twitter_card":"summary_large_image","twitter_site":"@TheSHSM","schema":{"@context":"https:\/\/schema.org","@graph":[{"@type":"WebPage","@id":"https:\/\/www.sacredheart.qc.ca\/fr\/admissions\/appliquer-douzieme-annee\/","url":"https:\/\/www.sacredheart.qc.ca\/fr\/admissions\/appliquer-douzieme-annee\/","name":"S'incrire \u00e0 l'\u00e9cole en tant qu'\u00e9tudiantes de 12e ann\u00e9e","isPartOf":{"@id":"https:\/\/www.sacredheart.qc.ca\/fr\/#website"},"primaryImageOfPage":{"@id":"https:\/\/www.sacredheart.qc.ca\/fr\/admissions\/appliquer-douzieme-annee\/#primaryimage"},"image":{"@id":"https:\/\/www.sacredheart.qc.ca\/fr\/admissions\/appliquer-douzieme-annee\/#primaryimage"},"thumbnailUrl":"https:\/\/www.sacredheart.qc.ca\/wp-content\/uploads\/2023\/10\/Onlie-application-form.svg","datePublished":"2025-04-24T19:57:36+00:00","dateModified":"2025-04-25T13:43:31+00:00","description":"Comment faire une demande d'admission \u00e0 l'\u00e9cole secondaire priv\u00e9e catholique anglophone pour filles de Montr\u00e9al : L'\u00c9cole Sacr\u00e9-C\u0153ur pour la 12e ann\u00e9e.","breadcrumb":{"@id":"https:\/\/www.sacredheart.qc.ca\/fr\/admissions\/appliquer-douzieme-annee\/#breadcrumb"},"inLanguage":"fr-FR","potentialAction":[{"@type":"ReadAction","target":["https:\/\/www.sacredheart.qc.ca\/fr\/admissions\/appliquer-douzieme-annee\/"]}]},{"@type":"ImageObject","inLanguage":"fr-FR","@id":"https:\/\/www.sacredheart.qc.ca\/fr\/admissions\/appliquer-douzieme-annee\/#primaryimage","url":"https:\/\/www.sacredheart.qc.ca\/wp-content\/uploads\/2023\/10\/Onlie-application-form.svg","contentUrl":"https:\/\/www.sacredheart.qc.ca\/wp-content\/uploads\/2023\/10\/Onlie-application-form.svg"},{"@type":"BreadcrumbList","@id":"https:\/\/www.sacredheart.qc.ca\/fr\/admissions\/appliquer-douzieme-annee\/#breadcrumb","itemListElement":[{"@type":"ListItem","position":1,"name":"Home","item":"https:\/\/www.sacredheart.qc.ca\/fr\/"},{"@type":"ListItem","position":2,"name":"Proc\u00e9dure d&rsquo;inscription pour la 12e ann\u00e9e"}]},{"@type":"WebSite","@id":"https:\/\/www.sacredheart.qc.ca\/fr\/#website","url":"https:\/\/www.sacredheart.qc.ca\/fr\/","name":"The Sacred Heart School of Montreal","description":"Girls Only Private Catholic English High School - 100% Graduation Rate","publisher":{"@id":"https:\/\/www.sacredheart.qc.ca\/fr\/#organization"},"alternateName":"The Sacred Heart School of Montreal","potentialAction":[{"@type":"SearchAction","target":{"@type":"EntryPoint","urlTemplate":"https:\/\/www.sacredheart.qc.ca\/fr\/?s={search_term_string}"},"query-input":{"@type":"PropertyValueSpecification","valueRequired":true,"valueName":"search_term_string"}}],"inLanguage":"fr-FR"},{"@type":"Organization","@id":"https:\/\/www.sacredheart.qc.ca\/fr\/#organization","name":"The Sacred Heart School of Montreal","url":"https:\/\/www.sacredheart.qc.ca\/fr\/","logo":{"@type":"ImageObject","inLanguage":"fr-FR","@id":"https:\/\/www.sacredheart.qc.ca\/fr\/#\/schema\/logo\/image\/","url":"https:\/\/www.sacredheart.qc.ca\/wp-content\/uploads\/2021\/06\/LogoScredHeart.svg","contentUrl":"https:\/\/www.sacredheart.qc.ca\/wp-content\/uploads\/2021\/06\/LogoScredHeart.svg","width":"1024","height":"1024","caption":"The Sacred Heart School of Montreal"},"image":{"@id":"https:\/\/www.sacredheart.qc.ca\/fr\/#\/schema\/logo\/image\/"},"sameAs":["https:\/\/www.facebook.com\/SacredHeartMontreal\/","https:\/\/x.com\/TheSHSM","https:\/\/www.instagram.com\/SacredHeartMontreal\/","https:\/\/www.linkedin.com\/school\/the-sacred-heart-school-of-montreal\/","https:\/\/www.youtube.com\/user\/TheSacredHeartSchool"]}]}},"ticketed":false,"_links":{"self":[{"href":"https:\/\/www.sacredheart.qc.ca\/fr\/wp-json\/wp\/v2\/pages\/20415","targetHints":{"allow":["GET"]}}],"collection":[{"href":"https:\/\/www.sacredheart.qc.ca\/fr\/wp-json\/wp\/v2\/pages"}],"about":[{"href":"https:\/\/www.sacredheart.qc.ca\/fr\/wp-json\/wp\/v2\/types\/page"}],"author":[{"embeddable":true,"href":"https:\/\/www.sacredheart.qc.ca\/fr\/wp-json\/wp\/v2\/users\/6"}],"replies":[{"embeddable":true,"href":"https:\/\/www.sacredheart.qc.ca\/fr\/wp-json\/wp\/v2\/comments?post=20415"}],"version-history":[{"count":0,"href":"https:\/\/www.sacredheart.qc.ca\/fr\/wp-json\/wp\/v2\/pages\/20415\/revisions"}],"wp:attachment":[{"href":"https:\/\/www.sacredheart.qc.ca\/fr\/wp-json\/wp\/v2\/media?parent=20415"}],"curies":[{"name":"wp","href":"https:\/\/api.w.org\/{rel}","templated":true}]}}