{"id":20068,"date":"2025-01-13T21:14:11","date_gmt":"2025-01-14T02:14:11","guid":{"rendered":"https:\/\/www.sacredheart.qc.ca\/?page_id=20068"},"modified":"2026-04-01T17:01:37","modified_gmt":"2026-04-01T21:01:37","slug":"programme-echanges-internationaux","status":"publish","type":"page","link":"https:\/\/www.sacredheart.qc.ca\/fr\/programme-dechanges-internationaux-de-lecole-sacre-coeur\/","title":{"rendered":"Programme d&rsquo;\u00e9changes internationaux de l&rsquo;\u00c9cole Sacr\u00e9-Coeur"},"content":{"rendered":"\n\n\t<h1>Programme d&rsquo;\u00e9changes internationaux de l&rsquo;\u00c9cole Sacr\u00e9-Coeur<\/h1>\n<h2>\n\t\t\tD\u00e9couvrez le r\u00e9seau mondial d&rsquo;\u00e9coles du Sacr\u00e9-Coeur qui s&rsquo;\u00e9tend sur plus de 150 \u00e9coles dans 41 pays, offrant aux \u00e9tudiants des opportunit\u00e9s de se connecter \u00e0 diverses cultures, favorisant des \u00e9changes significatifs, des amiti\u00e9s \u00e0 vie, et promouvant la compr\u00e9hension et l&rsquo;exploration interculturelles.\t<\/h2>\n<h2>\n\t\t\tPlus qu&rsquo;une simple \u00e9cole, Sacr\u00e9-Coeur est une fraternit\u00e9 mondiale.\t<\/h2>\n<figure itemscope itemtype=\"https:\/\/schema.org\/ImageObject\">\n\t\t\t\t<img decoding=\"async\" src=\"https:\/\/www.sacredheart.qc.ca\/wp-content\/uploads\/2025\/01\/global-exchange-image-5-x-7-in-6-x-4-in.png\" alt=\"global exchange image (5 x 7 in) (6 x 4 in)\" height=\"1200\" width=\"1800\" title=\"global exchange image (5 x 7 in) (6 x 4 in)\" onerror=\"this.style.display='none'\" loading=\"lazy\" \/>\n\t<\/figure>\n<h2>\n\t\t\tVotre aventure commence ici &#8211; rejoignez un r\u00e9seau d&rsquo;apprentissage, de vie et de croissance \u00e0 l&rsquo;\u00e9chelle mondiale !\t<\/h2>\n\t<p>Des s\u00e9jours en famille d&rsquo;accueil aux projets de service, il existe une exp\u00e9rience d&rsquo;\u00e9change pour tous les membres de notre communaut\u00e9 mondiale.<\/p>\n\t\t\t\t\t\t<h5>\u00c9change traditionnel en famille d&rsquo;accueil<\/h5>\n\t\t\t<p>Vivez avec votre s\u0153ur d&rsquo;\u00e9change et allez \u00e0 l&rsquo;\u00e9cole avec elle pendant 2 \u00e0 4 semaines, puis faites un \u00e9change (elle vient \u00e0 Montr\u00e9al pour vivre et aller \u00e0 l&rsquo;\u00e9cole avec vous).<\/p>\n<p><em><strong>H\u00e9bergement en famille d&rsquo;accueil<\/strong>: S\u00e9journer dans une famille d&rsquo;accueil vous ouvre \u00e0 un monde d&rsquo;exp\u00e9riences et d&rsquo;opportunit\u00e9s uniques et vous immerge v\u00e9ritablement dans la culture d&rsquo;un nouveau pays. <\/em><\/p>\n<p><em>Du partage des repas \u00e0 la d\u00e9couverte des traditions et coutumes locales, la vie en famille d&rsquo;accueil vous permet de cr\u00e9er des souvenirs durables et de tisser des liens significatifs. <\/em><\/p>\n<p><em>S\u00e9journer dans une famille d&rsquo;accueil vous ouvre \u00e0 un monde d&rsquo;exp\u00e9riences et d&rsquo;opportunit\u00e9s uniques et vous immerge v\u00e9ritablement dans la culture d&rsquo;un nouveau pays.<\/em><\/p>\n\t\t\t\t\t\t<h5>Bourse d&#8217;embarquement traditionnelle<\/h5>\n\t\t\t<p>Il s&rsquo;agit de la m\u00eame chose que l&rsquo;h\u00e9bergement en famille d&rsquo;accueil, mais vous vivez dans l&rsquo;internat de l&rsquo;\u00e9cole de destination.<\/p>\n<p><em><strong>L&rsquo;internat :<\/strong> Vivre dans un internat au sein d&rsquo;une \u00e9cole du Sacr\u00e9-C\u0153ur offre une opportunit\u00e9 unique aux \u00e9tudiants qui recherchent l&rsquo;ind\u00e9pendance et l&rsquo;intimit\u00e9 tout en s&rsquo;immergeant dans un environnement positif et culturellement enrichissant.<\/em><\/p>\n<p><em>Les pensionnaires b\u00e9n\u00e9ficient d&rsquo;un m\u00e9lange d&rsquo;espace personnel et de vie en communaut\u00e9, ce qui favorise un sentiment d&rsquo;appartenance et d&rsquo;aventure.<\/em><\/p>\n<p><em>C&rsquo;est une fa\u00e7on plus ind\u00e9pendante de d\u00e9couvrir une nouvelle culture tout en cr\u00e9ant des souvenirs durables et des amiti\u00e9s qui d\u00e9passent les fronti\u00e8res.  <\/em><\/p>\n\t\t\t\t\t\t<h5>Projets de service d&rsquo;\u00e9t\u00e9<\/h5>\n\t\t\t<p>Les projets de service d&rsquo;\u00e9t\u00e9 du r\u00e9seau Sacred Heart sont des exp\u00e9riences immersives pour les \u00e9tudiants \u00e0 travers les \u00c9tats-Unis et le Canada, promouvant la conscience sociale et la responsabilit\u00e9 civique.<\/p>\n<p>Enracin\u00e9s dans l&rsquo;engagement du r\u00e9seau en faveur de la justice sociale, ces projets se concentrent sur les services directs, la d\u00e9fense des droits et les partenariats communautaires. Chaque projet, h\u00e9berg\u00e9 par des \u00e9coles individuelles, permet aux \u00e9l\u00e8ves de s&rsquo;engager profond\u00e9ment dans diverses questions de justice sociale, favorisant un engagement de service tout au long de la vie. Le programme est un \u00e9l\u00e9ment cl\u00e9 de l&rsquo;\u00e9ducation du Sacr\u00e9-C\u0153ur depuis plus de 30 ans.  <\/p>\n\t\t\t\t\t\t<h5>\u00c9changes de niveaux scolaires<\/h5>\n\t\t\t<p>Lors d&rsquo;un voyage d&rsquo;\u00e9change, un niveau scolaire entier des \u00e9coles du Sacr\u00e9-C\u0153ur visite une \u00e9cole s\u0153ur du r\u00e9seau, cr\u00e9ant ainsi une exp\u00e9rience unique d&rsquo;immersion culturelle et de renforcement de la communaut\u00e9.<\/p>\n<p>Les \u00e9tudiants participent \u00e0 des activit\u00e9s acad\u00e9miques communes, \u00e0 des projets de service et \u00e0 des explorations locales, ce qui favorise une meilleure compr\u00e9hension des traditions et des valeurs de chacun.<\/p>\n<p>Cette exp\u00e9rience renforce non seulement les liens entre les \u00e9coles, mais enrichit \u00e9galement les perspectives mondiales des \u00e9l\u00e8ves, en instillant un sentiment de solidarit\u00e9 et de mission partag\u00e9e au sein de la communaut\u00e9 du Sacr\u00e9-C\u0153ur.<\/p>\n\t\t\t\t\t\t<h5>\u00c9change de professeurs et d\u00e9veloppement professionnel<\/h5>\n\t\t\t<p>Un programme d&rsquo;\u00e9change d&rsquo;enseignants entre les \u00e9coles du r\u00e9seau Sacred Heart offre aux \u00e9ducateurs la possibilit\u00e9 de s&rsquo;immerger dans diff\u00e9rents environnements d&rsquo;enseignement tout en partageant les meilleures pratiques et en approfondissant leur compr\u00e9hension des valeurs du Sacred Heart.<\/p>\n<p>Les enseignants participent \u00e0 des observations en classe, collaborent \u00e0 l&rsquo;\u00e9laboration des programmes et s&rsquo;engagent aupr\u00e8s de la communaut\u00e9 de l&rsquo;\u00e9cole d&rsquo;accueil. Cette exp\u00e9rience am\u00e9liore le d\u00e9veloppement professionnel, favorise les relations internationales au sein du r\u00e9seau et renforce une mission \u00e9ducative commune, enrichissant ainsi les exp\u00e9riences d&rsquo;apprentissage des \u00e9l\u00e8ves de toutes les \u00e9coles participantes. <\/p>\n\t\t\t<a href=\"https:\/\/www.sacredheart.qc.ca\/wp-content\/uploads\/2025\/01\/Student-Exchange-PDF_01-2025.pdf\"  target=\"_blank\" rel=\"noopener\"    rel=\"noopener\">\n\t\t\t\t\t\t\tT\u00e9l\u00e9chargez la brochure sur les \u00e9changes d&rsquo;\u00e9tudiants\n\t\t\t\t\t<\/a>\n<h2>\n\t\t\tVous pouvez \u00e9galement \u00eatre int\u00e9ress\u00e9 par\t<\/h2>\n\t\t\t<a href=\"https:\/\/www.sacredheart.qc.ca\/fr\/a-propos\/mission-objectifs\/\"  target=\"_self\">\n\t\t\t\t\t\t\tNotre mission et nos objectifs\n\t\t\t<\/a>\n\t\t\t<a href=\"https:\/\/www.sacredheart.qc.ca\/fr\/a-propos\/qui-sommes-nous\/\"  target=\"_self\">\n\t\t\t\t\t\t\tQui sommes-nous ?\n\t\t\t<\/a>\n\t\t\t<a href=\"https:\/\/www.sacredheart.qc.ca\/fr\/a-propos\/message-bienvenue-ecole\/\"  target=\"_blank\" rel=\"noopener\"    rel=\"noopener\">\n\t\t\t\t\t\t\tComment postuler\n\t\t\t<\/a>\n<h2>\n\t\t\tDes questions sur le programme d&rsquo;\u00e9change d&rsquo;\u00e9tudiants ?\t<\/h2>\n\t<p>Veuillez contacter Mme Aran Waldbrook, coordinatrice des \u00e9changes d&rsquo;\u00e9tudiants, \u00e0 l&rsquo;adresse suivante<\/p>\n\t<p><a href=\"mailto:admissions@sacredheart.qc.ca\">awaldbrook@sacredheart.qc.ca<\/a><\/p>\n\n","protected":false},"excerpt":{"rendered":"<p>Programme d&rsquo;\u00e9changes internationaux de l&rsquo;\u00c9cole Sacr\u00e9-Coeur D\u00e9couvrez le r\u00e9seau mondial d&rsquo;\u00e9coles du Sacr\u00e9-Coeur qui s&rsquo;\u00e9tend sur plus de 150 \u00e9coles dans 41 pays, offrant aux \u00e9tudiants des opportunit\u00e9s de se&hellip;<\/p>\n","protected":false},"author":19,"featured_media":19989,"parent":0,"menu_order":132,"comment_status":"closed","ping_status":"closed","template":"","meta":{"_acf_changed":false,"inline_featured_image":false,"_price":"","_stock":"","_tribe_ticket_header":"","_tribe_default_ticket_provider":"","_tribe_ticket_capacity":"0","_ticket_start_date":"","_ticket_end_date":"","_tribe_ticket_show_description":"","_tribe_ticket_show_not_going":false,"_tribe_ticket_use_global_stock":"","_tribe_ticket_global_stock_level":"","_global_stock_mode":"","_global_stock_cap":"","_tribe_rsvp_for_event":"","_tribe_ticket_going_count":"","_tribe_ticket_not_going_count":"","_tribe_tickets_list":"[]","_tribe_ticket_has_attendee_info_fields":false,"footnotes":"","_tec_slr_enabled":"","_tec_slr_layout":""},"class_list":["post-20068","page","type-page","status-publish","has-post-thumbnail","hentry"],"acf":[],"yoast_head":"<!-- This site is optimized with the Yoast SEO plugin v27.3 - https:\/\/yoast.com\/product\/yoast-seo-wordpress\/ -->\n<title>Programme d&#039;\u00e9changes internationaux | \u00c9cole secondaire priv\u00e9e catholique anglophone pour filles de Montr\u00e9al | The Sacred Heart School of Montreal<\/title>\n<meta name=\"description\" content=\"D\u00e9couvrez le r\u00e9seau mondial d&#039;\u00e9coles du Sacr\u00e9-C\u0153ur, qui offre aux \u00e9l\u00e8ves la possibilit\u00e9 d&#039;entrer en contact avec diverses cultures, de favoriser des \u00e9changes fructueux et des amiti\u00e9s durables, et de promouvoir la compr\u00e9hension et l&#039;exploration interculturelles.\" \/>\n<meta name=\"robots\" content=\"index, follow, max-snippet:-1, max-image-preview:large, max-video-preview:-1\" \/>\n<link rel=\"canonical\" href=\"https:\/\/www.sacredheart.qc.ca\/fr\/programme-dechanges-internationaux-de-lecole-sacre-coeur\/\" \/>\n<meta property=\"og:locale\" content=\"fr_FR\" \/>\n<meta property=\"og:type\" content=\"article\" \/>\n<meta property=\"og:title\" content=\"Programme d&#039;\u00e9changes internationaux | \u00c9cole secondaire priv\u00e9e catholique anglophone pour filles de Montr\u00e9al | The Sacred Heart School of Montreal\" \/>\n<meta property=\"og:description\" content=\"D\u00e9couvrez le r\u00e9seau mondial d&#039;\u00e9coles du Sacr\u00e9-C\u0153ur, qui offre aux \u00e9l\u00e8ves la possibilit\u00e9 d&#039;entrer en contact avec diverses cultures, de favoriser des \u00e9changes fructueux et des amiti\u00e9s durables, et de promouvoir la compr\u00e9hension et l&#039;exploration interculturelles.\" \/>\n<meta property=\"og:url\" content=\"https:\/\/www.sacredheart.qc.ca\/fr\/programme-dechanges-internationaux-de-lecole-sacre-coeur\/\" \/>\n<meta property=\"og:site_name\" content=\"The Sacred Heart School of Montreal\" \/>\n<meta property=\"article:publisher\" content=\"https:\/\/www.facebook.com\/SacredHeartMontreal\/\" \/>\n<meta property=\"article:modified_time\" content=\"2026-04-01T21:01:37+00:00\" \/>\n<meta property=\"og:image\" content=\"https:\/\/www.sacredheart.qc.ca\/wp-content\/uploads\/2025\/01\/INTERNATIONAL-NETWORK-OF-SACRED-HEART-SCHOOLS-40-different-countries.png\" \/>\n\t<meta property=\"og:image:width\" content=\"1025\" \/>\n\t<meta property=\"og:image:height\" content=\"609\" \/>\n\t<meta property=\"og:image:type\" content=\"image\/png\" \/>\n<meta name=\"twitter:card\" content=\"summary_large_image\" \/>\n<meta name=\"twitter:site\" content=\"@TheSHSM\" \/>\n<meta name=\"twitter:label1\" content=\"Dur\u00e9e de lecture estim\u00e9e\" \/>\n\t<meta name=\"twitter:data1\" content=\"4 minutes\" \/>\n<script type=\"application\/ld+json\" class=\"yoast-schema-graph\">{\"@context\":\"https:\\\/\\\/schema.org\",\"@graph\":[{\"@type\":\"WebPage\",\"@id\":\"https:\\\/\\\/www.sacredheart.qc.ca\\\/fr\\\/programme-dechanges-internationaux-de-lecole-sacre-coeur\\\/\",\"url\":\"https:\\\/\\\/www.sacredheart.qc.ca\\\/fr\\\/programme-dechanges-internationaux-de-lecole-sacre-coeur\\\/\",\"name\":\"Programme d'\u00e9changes internationaux | \u00c9cole secondaire priv\u00e9e catholique anglophone pour filles de Montr\u00e9al | The Sacred Heart School of Montreal\",\"isPartOf\":{\"@id\":\"https:\\\/\\\/www.sacredheart.qc.ca\\\/fr\\\/#website\"},\"primaryImageOfPage\":{\"@id\":\"https:\\\/\\\/www.sacredheart.qc.ca\\\/fr\\\/programme-dechanges-internationaux-de-lecole-sacre-coeur\\\/#primaryimage\"},\"image\":{\"@id\":\"https:\\\/\\\/www.sacredheart.qc.ca\\\/fr\\\/programme-dechanges-internationaux-de-lecole-sacre-coeur\\\/#primaryimage\"},\"thumbnailUrl\":\"https:\\\/\\\/www.sacredheart.qc.ca\\\/wp-content\\\/uploads\\\/2025\\\/01\\\/INTERNATIONAL-NETWORK-OF-SACRED-HEART-SCHOOLS-40-different-countries.png\",\"datePublished\":\"2025-01-14T02:14:11+00:00\",\"dateModified\":\"2026-04-01T21:01:37+00:00\",\"description\":\"D\u00e9couvrez le r\u00e9seau mondial d'\u00e9coles du Sacr\u00e9-C\u0153ur, qui offre aux \u00e9l\u00e8ves la possibilit\u00e9 d'entrer en contact avec diverses cultures, de favoriser des \u00e9changes fructueux et des amiti\u00e9s durables, et de promouvoir la compr\u00e9hension et l'exploration interculturelles.\",\"breadcrumb\":{\"@id\":\"https:\\\/\\\/www.sacredheart.qc.ca\\\/fr\\\/programme-dechanges-internationaux-de-lecole-sacre-coeur\\\/#breadcrumb\"},\"inLanguage\":\"fr-FR\",\"potentialAction\":[{\"@type\":\"ReadAction\",\"target\":[\"https:\\\/\\\/www.sacredheart.qc.ca\\\/fr\\\/programme-dechanges-internationaux-de-lecole-sacre-coeur\\\/\"]}]},{\"@type\":\"ImageObject\",\"inLanguage\":\"fr-FR\",\"@id\":\"https:\\\/\\\/www.sacredheart.qc.ca\\\/fr\\\/programme-dechanges-internationaux-de-lecole-sacre-coeur\\\/#primaryimage\",\"url\":\"https:\\\/\\\/www.sacredheart.qc.ca\\\/wp-content\\\/uploads\\\/2025\\\/01\\\/INTERNATIONAL-NETWORK-OF-SACRED-HEART-SCHOOLS-40-different-countries.png\",\"contentUrl\":\"https:\\\/\\\/www.sacredheart.qc.ca\\\/wp-content\\\/uploads\\\/2025\\\/01\\\/INTERNATIONAL-NETWORK-OF-SACRED-HEART-SCHOOLS-40-different-countries.png\",\"width\":1025,\"height\":609},{\"@type\":\"BreadcrumbList\",\"@id\":\"https:\\\/\\\/www.sacredheart.qc.ca\\\/fr\\\/programme-dechanges-internationaux-de-lecole-sacre-coeur\\\/#breadcrumb\",\"itemListElement\":[{\"@type\":\"ListItem\",\"position\":1,\"name\":\"Home\",\"item\":\"https:\\\/\\\/www.sacredheart.qc.ca\\\/fr\\\/\"},{\"@type\":\"ListItem\",\"position\":2,\"name\":\"Programme d&rsquo;\u00e9changes internationaux de l&rsquo;\u00c9cole Sacr\u00e9-Coeur\"}]},{\"@type\":\"WebSite\",\"@id\":\"https:\\\/\\\/www.sacredheart.qc.ca\\\/fr\\\/#website\",\"url\":\"https:\\\/\\\/www.sacredheart.qc.ca\\\/fr\\\/\",\"name\":\"The Sacred Heart School of Montreal\",\"description\":\"Girls Only Private Catholic English High School - 100% Graduation Rate\",\"publisher\":{\"@id\":\"https:\\\/\\\/www.sacredheart.qc.ca\\\/fr\\\/#organization\"},\"alternateName\":\"The Sacred Heart School of Montreal\",\"potentialAction\":[{\"@type\":\"SearchAction\",\"target\":{\"@type\":\"EntryPoint\",\"urlTemplate\":\"https:\\\/\\\/www.sacredheart.qc.ca\\\/fr\\\/?s={search_term_string}\"},\"query-input\":{\"@type\":\"PropertyValueSpecification\",\"valueRequired\":true,\"valueName\":\"search_term_string\"}}],\"inLanguage\":\"fr-FR\"},{\"@type\":\"Organization\",\"@id\":\"https:\\\/\\\/www.sacredheart.qc.ca\\\/fr\\\/#organization\",\"name\":\"The Sacred Heart School of Montreal\",\"url\":\"https:\\\/\\\/www.sacredheart.qc.ca\\\/fr\\\/\",\"logo\":{\"@type\":\"ImageObject\",\"inLanguage\":\"fr-FR\",\"@id\":\"https:\\\/\\\/www.sacredheart.qc.ca\\\/fr\\\/#\\\/schema\\\/logo\\\/image\\\/\",\"url\":\"https:\\\/\\\/www.sacredheart.qc.ca\\\/wp-content\\\/uploads\\\/2021\\\/06\\\/LogoScredHeart.svg\",\"contentUrl\":\"https:\\\/\\\/www.sacredheart.qc.ca\\\/wp-content\\\/uploads\\\/2021\\\/06\\\/LogoScredHeart.svg\",\"width\":\"1024\",\"height\":\"1024\",\"caption\":\"The Sacred Heart School of Montreal\"},\"image\":{\"@id\":\"https:\\\/\\\/www.sacredheart.qc.ca\\\/fr\\\/#\\\/schema\\\/logo\\\/image\\\/\"},\"sameAs\":[\"https:\\\/\\\/www.facebook.com\\\/SacredHeartMontreal\\\/\",\"https:\\\/\\\/x.com\\\/TheSHSM\",\"https:\\\/\\\/www.instagram.com\\\/SacredHeartMontreal\\\/\",\"https:\\\/\\\/www.linkedin.com\\\/school\\\/the-sacred-heart-school-of-montreal\\\/\",\"https:\\\/\\\/www.youtube.com\\\/user\\\/TheSacredHeartSchool\"]}]}<\/script>\n<!-- \/ Yoast SEO plugin. -->","yoast_head_json":{"title":"Programme d'\u00e9changes internationaux | \u00c9cole secondaire priv\u00e9e catholique anglophone pour filles de Montr\u00e9al | The Sacred Heart School of Montreal","description":"D\u00e9couvrez le r\u00e9seau mondial d'\u00e9coles du Sacr\u00e9-C\u0153ur, qui offre aux \u00e9l\u00e8ves la possibilit\u00e9 d'entrer en contact avec diverses cultures, de favoriser des \u00e9changes fructueux et des amiti\u00e9s durables, et de promouvoir la compr\u00e9hension et l'exploration interculturelles.","robots":{"index":"index","follow":"follow","max-snippet":"max-snippet:-1","max-image-preview":"max-image-preview:large","max-video-preview":"max-video-preview:-1"},"canonical":"https:\/\/www.sacredheart.qc.ca\/fr\/programme-dechanges-internationaux-de-lecole-sacre-coeur\/","og_locale":"fr_FR","og_type":"article","og_title":"Programme d'\u00e9changes internationaux | \u00c9cole secondaire priv\u00e9e catholique anglophone pour filles de Montr\u00e9al | The Sacred Heart School of Montreal","og_description":"D\u00e9couvrez le r\u00e9seau mondial d'\u00e9coles du Sacr\u00e9-C\u0153ur, qui offre aux \u00e9l\u00e8ves la possibilit\u00e9 d'entrer en contact avec diverses cultures, de favoriser des \u00e9changes fructueux et des amiti\u00e9s durables, et de promouvoir la compr\u00e9hension et l'exploration interculturelles.","og_url":"https:\/\/www.sacredheart.qc.ca\/fr\/programme-dechanges-internationaux-de-lecole-sacre-coeur\/","og_site_name":"The Sacred Heart School of Montreal","article_publisher":"https:\/\/www.facebook.com\/SacredHeartMontreal\/","article_modified_time":"2026-04-01T21:01:37+00:00","og_image":[{"width":1025,"height":609,"url":"https:\/\/www.sacredheart.qc.ca\/wp-content\/uploads\/2025\/01\/INTERNATIONAL-NETWORK-OF-SACRED-HEART-SCHOOLS-40-different-countries.png","type":"image\/png"}],"twitter_card":"summary_large_image","twitter_site":"@TheSHSM","twitter_misc":{"Dur\u00e9e de lecture estim\u00e9e":"4 minutes"},"schema":{"@context":"https:\/\/schema.org","@graph":[{"@type":"WebPage","@id":"https:\/\/www.sacredheart.qc.ca\/fr\/programme-dechanges-internationaux-de-lecole-sacre-coeur\/","url":"https:\/\/www.sacredheart.qc.ca\/fr\/programme-dechanges-internationaux-de-lecole-sacre-coeur\/","name":"Programme d'\u00e9changes internationaux | \u00c9cole secondaire priv\u00e9e catholique anglophone pour filles de Montr\u00e9al | The Sacred Heart School of Montreal","isPartOf":{"@id":"https:\/\/www.sacredheart.qc.ca\/fr\/#website"},"primaryImageOfPage":{"@id":"https:\/\/www.sacredheart.qc.ca\/fr\/programme-dechanges-internationaux-de-lecole-sacre-coeur\/#primaryimage"},"image":{"@id":"https:\/\/www.sacredheart.qc.ca\/fr\/programme-dechanges-internationaux-de-lecole-sacre-coeur\/#primaryimage"},"thumbnailUrl":"https:\/\/www.sacredheart.qc.ca\/wp-content\/uploads\/2025\/01\/INTERNATIONAL-NETWORK-OF-SACRED-HEART-SCHOOLS-40-different-countries.png","datePublished":"2025-01-14T02:14:11+00:00","dateModified":"2026-04-01T21:01:37+00:00","description":"D\u00e9couvrez le r\u00e9seau mondial d'\u00e9coles du Sacr\u00e9-C\u0153ur, qui offre aux \u00e9l\u00e8ves la possibilit\u00e9 d'entrer en contact avec diverses cultures, de favoriser des \u00e9changes fructueux et des amiti\u00e9s durables, et de promouvoir la compr\u00e9hension et l'exploration interculturelles.","breadcrumb":{"@id":"https:\/\/www.sacredheart.qc.ca\/fr\/programme-dechanges-internationaux-de-lecole-sacre-coeur\/#breadcrumb"},"inLanguage":"fr-FR","potentialAction":[{"@type":"ReadAction","target":["https:\/\/www.sacredheart.qc.ca\/fr\/programme-dechanges-internationaux-de-lecole-sacre-coeur\/"]}]},{"@type":"ImageObject","inLanguage":"fr-FR","@id":"https:\/\/www.sacredheart.qc.ca\/fr\/programme-dechanges-internationaux-de-lecole-sacre-coeur\/#primaryimage","url":"https:\/\/www.sacredheart.qc.ca\/wp-content\/uploads\/2025\/01\/INTERNATIONAL-NETWORK-OF-SACRED-HEART-SCHOOLS-40-different-countries.png","contentUrl":"https:\/\/www.sacredheart.qc.ca\/wp-content\/uploads\/2025\/01\/INTERNATIONAL-NETWORK-OF-SACRED-HEART-SCHOOLS-40-different-countries.png","width":1025,"height":609},{"@type":"BreadcrumbList","@id":"https:\/\/www.sacredheart.qc.ca\/fr\/programme-dechanges-internationaux-de-lecole-sacre-coeur\/#breadcrumb","itemListElement":[{"@type":"ListItem","position":1,"name":"Home","item":"https:\/\/www.sacredheart.qc.ca\/fr\/"},{"@type":"ListItem","position":2,"name":"Programme d&rsquo;\u00e9changes internationaux de l&rsquo;\u00c9cole Sacr\u00e9-Coeur"}]},{"@type":"WebSite","@id":"https:\/\/www.sacredheart.qc.ca\/fr\/#website","url":"https:\/\/www.sacredheart.qc.ca\/fr\/","name":"The Sacred Heart School of Montreal","description":"Girls Only Private Catholic English High School - 100% Graduation Rate","publisher":{"@id":"https:\/\/www.sacredheart.qc.ca\/fr\/#organization"},"alternateName":"The Sacred Heart School of Montreal","potentialAction":[{"@type":"SearchAction","target":{"@type":"EntryPoint","urlTemplate":"https:\/\/www.sacredheart.qc.ca\/fr\/?s={search_term_string}"},"query-input":{"@type":"PropertyValueSpecification","valueRequired":true,"valueName":"search_term_string"}}],"inLanguage":"fr-FR"},{"@type":"Organization","@id":"https:\/\/www.sacredheart.qc.ca\/fr\/#organization","name":"The Sacred Heart School of Montreal","url":"https:\/\/www.sacredheart.qc.ca\/fr\/","logo":{"@type":"ImageObject","inLanguage":"fr-FR","@id":"https:\/\/www.sacredheart.qc.ca\/fr\/#\/schema\/logo\/image\/","url":"https:\/\/www.sacredheart.qc.ca\/wp-content\/uploads\/2021\/06\/LogoScredHeart.svg","contentUrl":"https:\/\/www.sacredheart.qc.ca\/wp-content\/uploads\/2021\/06\/LogoScredHeart.svg","width":"1024","height":"1024","caption":"The Sacred Heart School of Montreal"},"image":{"@id":"https:\/\/www.sacredheart.qc.ca\/fr\/#\/schema\/logo\/image\/"},"sameAs":["https:\/\/www.facebook.com\/SacredHeartMontreal\/","https:\/\/x.com\/TheSHSM","https:\/\/www.instagram.com\/SacredHeartMontreal\/","https:\/\/www.linkedin.com\/school\/the-sacred-heart-school-of-montreal\/","https:\/\/www.youtube.com\/user\/TheSacredHeartSchool"]}]}},"ticketed":false,"_links":{"self":[{"href":"https:\/\/www.sacredheart.qc.ca\/fr\/wp-json\/wp\/v2\/pages\/20068","targetHints":{"allow":["GET"]}}],"collection":[{"href":"https:\/\/www.sacredheart.qc.ca\/fr\/wp-json\/wp\/v2\/pages"}],"about":[{"href":"https:\/\/www.sacredheart.qc.ca\/fr\/wp-json\/wp\/v2\/types\/page"}],"author":[{"embeddable":true,"href":"https:\/\/www.sacredheart.qc.ca\/fr\/wp-json\/wp\/v2\/users\/19"}],"replies":[{"embeddable":true,"href":"https:\/\/www.sacredheart.qc.ca\/fr\/wp-json\/wp\/v2\/comments?post=20068"}],"version-history":[{"count":0,"href":"https:\/\/www.sacredheart.qc.ca\/fr\/wp-json\/wp\/v2\/pages\/20068\/revisions"}],"wp:featuredmedia":[{"embeddable":true,"href":"https:\/\/www.sacredheart.qc.ca\/fr\/wp-json\/wp\/v2\/media\/19989"}],"wp:attachment":[{"href":"https:\/\/www.sacredheart.qc.ca\/fr\/wp-json\/wp\/v2\/media?parent=20068"}],"curies":[{"name":"wp","href":"https:\/\/api.w.org\/{rel}","templated":true}]}}