{"id":20067,"date":"2025-01-13T10:10:42","date_gmt":"2025-01-13T15:10:42","guid":{"rendered":"https:\/\/www.sacredheart.qc.ca\/?page_id=20067"},"modified":"2026-04-01T17:05:50","modified_gmt":"2026-04-01T21:05:50","slug":"programme-disctinction","status":"publish","type":"page","link":"https:\/\/www.sacredheart.qc.ca\/fr\/programme-de-distinction\/","title":{"rendered":"Programme de Distinction"},"content":{"rendered":"\n\n\t<h1>Programme de Distinction de l&rsquo;\u00c9cole Sacr\u00e9-Coeur<\/h1>\n<h2>\n\t\t\tD\u00e9couvrez le Programme de Distinction de l&rsquo;\u00c9cole Sacr\u00e9-Coeur qui permet aux \u00e9tudiants de prendre en charge leur \u00e9ducation et de poursuivre leurs passions dans le cadre d&rsquo;un parcours choisi.\t<\/h2>\n<h3>\n\t\t\tParcours de leadership mondial\t<\/h3>\n\t<p>Les \u00e9tudiants engag\u00e9s dans le parcours <em><strong>Leadership mondial<\/strong><\/em> sont anim\u00e9s d&rsquo;une profonde curiosit\u00e9 pour l&rsquo;interconnexion des personnes, des lieux et des id\u00e9es complexes. Ils consacrent leurs efforts \u00e0 acqu\u00e9rir une compr\u00e9hension significative et \u00e0 d\u00e9velopper des moyens de transformer ces connaissances en actions efficaces. <\/p>\n<h3>\n\t\t\tFili\u00e8re STEM\t<\/h3>\n\t<p>Les \u00e9tudiants qui suivent le parcours <em><strong>fili\u00e8re STEM<\/strong><\/em> ont un int\u00e9r\u00eat profond pour les sciences, la technologie, l&rsquo;ing\u00e9nierie et\/ou les math\u00e9matiques. Ils consacrent leur \u00e9nergie \u00e0 ces domaines tout au long de leurs \u00e9tudes. <\/p>\n<h3>\n\t\t\tFili\u00e8re artistique\t<\/h3>\n\t<p>Les \u00e9tudiants qui suivent le parcours <em><strong>fili\u00e8re artistique<\/strong><\/em> ont un int\u00e9r\u00eat profond pour les arts visuels, les arts du spectacle et\/ou les arts litt\u00e9raires. Ils consacrent leur \u00e9nergie \u00e0 perfectionner leur art et \u00e0 le partager avec les autres. <\/p>\n<h2>\n\t\t\tUne voie vers l&rsquo;excellence, l&rsquo;autonomisation et l&rsquo;impact\t<\/h2>\n<h2>\n\t\t\tProgramme de Distinction de l&rsquo;\u00c9cole Sacr\u00e9-Coeur dans le domaine du LEADERSHIP MONDIAL\t<\/h2>\n\t<ul>\n<li><em><strong>Voyages exp\u00e9rimentaux mondiaux<\/strong><\/em> &#8211; Participez \u00e0 deux voyages immersifs con\u00e7us pour d\u00e9velopper la compr\u00e9hension culturelle et les comp\u00e9tences en mati\u00e8re de leadership, dont l&rsquo;un doit \u00eatre li\u00e9 \u00e0 un service.<\/li>\n<li><em><strong>Pratique r\u00e9flexive du leadership<\/strong><\/em> &#8211; R\u00e9alisation d&rsquo;une r\u00e9flexion sur les comp\u00e9tences globales, li\u00e9e aux exp\u00e9riences des voyages d&rsquo;exp\u00e9riences globales.<\/li>\n<li><em><strong>\u00c9tudes des langues mondiales<\/strong><\/em> &#8211; Engagement profond dans l&rsquo;\u00e9tude des langues du monde pour am\u00e9liorer la communication entre les cultures (3\u00e8me langue, fran\u00e7ais avanc\u00e9).<\/li>\n<li><em><strong>Service et citoyennet\u00e9 mondiale<\/strong><\/em> &#8211; D\u00e9veloppez des comp\u00e9tences cl\u00e9s en leadership mondial, en collaboration et en prise de d\u00e9cision \u00e9thique gr\u00e2ce \u00e0 un engagement soutenu et significatif dans des actions de service. Les \u00e9l\u00e8ves doivent participer \u00e0 des initiatives qui t\u00e9moignent d&rsquo;un engagement, d&rsquo;un impact et d&rsquo;un leadership au sein de leurs communaut\u00e9s et au-del\u00e0.<\/li>\n<li><em><strong>\u00c9laboration d&rsquo;un plan d&rsquo;action mondial<\/strong><\/em> &#8211; Recherchez et cr\u00e9ez un plan strat\u00e9gique pour aborder les questions urgentes de justice sociale au niveau mondial ou local.<\/li>\n<li><em><strong>Leadership dans l&rsquo;engagement p\u00e9riscolaire<\/strong><\/em> &#8211; Participation active \u00e0 des activit\u00e9s interculturelles, de justice sociale ou mondiales.<\/li>\n<\/ul>\n<h2>\n\t\t\tProgramme de Distinction de l&rsquo;\u00c9cole Sacr\u00e9-Coeur dans le domaine de leadership de STEM\t<\/h2>\n\t<ul>\n<li><em><strong>Parcours d&rsquo;excellence STEM<\/strong><\/em> &#8211; Compl\u00e9tez les cours de physique et de chimie de 5e secondaire ET\/OU les cours de math\u00e9matiques avanc\u00e9es de 5e secondaire afin de construire une base interdisciplinaire solide.<\/li>\n<li><em><strong>Exp\u00e9rience de leadership en mati\u00e8re de STIM<\/strong><\/em> &#8211; Diriger ou s&rsquo;engager dans un projet ou une initiative de leadership STEM significatif au sein de l&rsquo;\u00e9cole ou de la communaut\u00e9.<\/li>\n<li><em><strong>Apprentissage exp\u00e9rimental mondial des STIM<\/strong><\/em> &#8211; Participez \u00e0 un voyage exp\u00e9rimental mondial ax\u00e9 sur les STIM ou effectuez un stage pour acqu\u00e9rir une exp\u00e9rience pratique.<\/li>\n<li><em><strong>D\u00e9fis STEM bas\u00e9s sur la performance<\/strong><\/em> &#8211; Participez \u00e0 un concours de math\u00e9matiques, \u00e0 une foire scientifique ou \u00e0 d&rsquo;autres d\u00e9fis li\u00e9s aux STIM pour d\u00e9montrer votre expertise technique.<\/li>\n<li><em><strong>Engagement communautaire STEM<\/strong><\/em> &#8211; Participez \u00e0 la vulgarisation scientifique ou assistez \u00e0 des conf\u00e9rences sur les STIM afin d&rsquo;\u00e9largir votre r\u00e9seau et d&rsquo;appliquer vos connaissances.<\/li>\n<li><em><strong>Participation \u00e0 des activit\u00e9s extrascolaires li\u00e9es aux STIM<\/strong><\/em> &#8211; Participez \u00e0 au moins deux clubs ou activit\u00e9s ax\u00e9s sur les STIM, tels que des clubs de codage, des \u00e9quipes de robotique ou d&rsquo;autres activit\u00e9s extrascolaires scientifiques.<\/li>\n<\/ul>\n<h2>\n\t\t\tProgramme de Distinction de l&rsquo;\u00c9cole Sacr\u00e9-Coeur en LEADERSHIP DES ARTS CR\u00c9ATIFS\t<\/h2>\n\t<ul>\n<li><em><strong>Excellence acad\u00e9mique dans les arts<\/strong><\/em> &#8211; Pr\u00e9parer et pr\u00e9senter un portfolio d&rsquo;\u0153uvres d&rsquo;art pour montrer son appr\u00e9ciation et son d\u00e9veloppement personnel dans les arts.<\/li>\n<li><em><strong>Leadership dans la pratique des arts cr\u00e9atifs<\/strong><\/em> &#8211; Dirigez ou initiez un projet artistique cr\u00e9atif &#8211; tel qu&rsquo;une performance, une exposition, une publication ou un atelier &#8211; qui implique d&rsquo;autres personnes au sein de l&rsquo;\u00e9cole ou de la communaut\u00e9.<\/li>\n<li><em><strong>Apprentissage exp\u00e9rientiel des arts<\/strong><\/em> &#8211; Participez \u00e0 un voyage exp\u00e9rimental ax\u00e9 sur les arts, permettant une immersion et une expression artistiques.<\/li>\n<li><em><strong>Vitrine cr\u00e9ative bas\u00e9e sur la performance<\/strong><\/em> &#8211; Pr\u00e9sentez votre travail lors d&rsquo;un r\u00e9cital, d&rsquo;une exposition dans une galerie ou d&rsquo;une performance qui met en valeur votre talent artistique et votre leadership.<\/li>\n<li><em><strong>Engagement communautaire dans les arts cr\u00e9atifs<\/strong><\/em> &#8211; Faites du b\u00e9n\u00e9volat dans un mus\u00e9e, participez \u00e0 un festival artistique local ou contribuez \u00e0 une initiative artistique communautaire.<\/li>\n<li><em><strong>Participation \u00e0 des activit\u00e9s artistiques extrascolaires<\/strong> <\/em>&#8211; Participation active \u00e0 au moins deux clubs ou activit\u00e9s li\u00e9s aux arts, comme une chorale, de la danse ou des groupes d&rsquo;arts visuels.<\/li>\n<\/ul>\n<h2>\n\t\t\tPourquoi poursuivre une distinction de l&rsquo;\u00c9cole Sacr\u00e9-Coeur? \t<\/h2>\n\t<ul>\n<li><strong>Candidatures aux \u00e9tudes postsecondaires<\/strong>: Le prestige et la rigueur du programme permettent aux \u00e9l\u00e8ves de se d\u00e9marquer dans les demandes d&rsquo;admission en 12e ann\u00e9e ou au CEGEP, en montrant qu&rsquo;ils ont non seulement excell\u00e9 sur le plan acad\u00e9mique, mais qu&rsquo;ils ont \u00e9galement d\u00e9velopp\u00e9 une expertise sp\u00e9cialis\u00e9e dans le domaine choisi.<\/li>\n<li><strong>D\u00e9veloppement du leadership<\/strong>: Chaque parcours est con\u00e7u pour cultiver les comp\u00e9tences de leadership, que ce soit par le biais d&rsquo;initiatives mondiales, de projets STEM de pointe ou d&rsquo;exp\u00e9riences artistiques collaboratives. Les \u00e9tudiants obtiendront leur dipl\u00f4me avec confiance, \u00e9quip\u00e9s pour assumer des r\u00f4les de leadership dans n&rsquo;importe quel domaine. <\/li>\n<li><strong>Pr\u00e9paration \u00e0 la carri\u00e8re<\/strong>: Le programme offre aux \u00e9l\u00e8ves une exp\u00e9rience pratique et concr\u00e8te qui les pr\u00e9pare \u00e0 de futures carri\u00e8res. Qu&rsquo;ils dirigent un projet communautaire, qu&rsquo;ils m\u00e8nent des recherches scientifiques ou qu&rsquo;ils exposent des \u0153uvres d&rsquo;art, les \u00e9l\u00e8ves acqui\u00e8rent des comp\u00e9tences pratiques que les employeurs et les universit\u00e9s appr\u00e9cient. <\/li>\n<li>Un <strong>sens aigu de l&rsquo;objectif<\/strong>: le programme nourrit la passion de chaque \u00e9tudiant, en favorisant un lien plus profond avec son domaine d&rsquo;\u00e9tudes et en lui donnant l&rsquo;orientation dont il a besoin pour r\u00e9ussir \u00e0 l&rsquo;avenir.<\/li>\n<\/ul>\n<h2>\n\t\t\t\u00ab\u00a0En offrant cette exp\u00e9rience d&rsquo;apprentissage pratique et prestigieuse, le programme vise \u00e0 encourager la prochaine g\u00e9n\u00e9ration de leaders, d&rsquo;innovateurs et de cr\u00e9ateurs qui sont \u00e9quip\u00e9s pour apporter des contributions significatives dans les domaines et les communaut\u00e9s qu&rsquo;ils ont choisis\u00a0\u00bb. &#8211; Patricia Briand, chef d&rsquo;\u00e9tablissement\t<\/h2>\n\t\t\t<a href=\"https:\/\/www.sacredheart.qc.ca\/wp-content\/uploads\/2025\/05\/Scholars-Program-Overview-3.pdf\"  target=\"_blank\" rel=\"noopener\"    rel=\"noopener\">\n\t\t\t\t\t\t\tT\u00e9l\u00e9chargez la brochure du programme de bourses\n\t\t\t\t\t<\/a>\n<h2>\n\t\t\tFAQ sur le Programme de distinction des boursiers\t<\/h2>\n\t\t\t\t\t\t<h4>Quand pouvez-vous vous inscrire au Programme de distinction des boursiers du Sacr\u00e9-C\u0153ur ?<\/h4>\n\t\t\t<p>Vous pouvez vous inscrire au Programme de distinction des boursiers \u00e0 la fin du secondaire 2. C&rsquo;est \u00e0 ce moment-l\u00e0 que vous choisirez et d\u00e9clarerez le parcours que vous avez choisi pour le programme.<\/p>\n\t\t\t\t\t\t<h4>Quels sont les crit\u00e8res d&rsquo;\u00e9ligibilit\u00e9 pour participer au programme ?<\/h4>\n\t\t\t<p>Pour \u00eatre \u00e9ligible, vous devez \u00eatre un \u00e9tudiant motiv\u00e9, orient\u00e9 vers un but pr\u00e9cis et d\u00e9sireux d&rsquo;explorer un domaine d&rsquo;\u00e9tude sp\u00e9cialis\u00e9. Vous devez vous inscrire \u00e0 la fin de la deuxi\u00e8me ann\u00e9e secondaire et vous engager \u00e0 remplir toutes les conditions du programme avant le mois de mai de votre ann\u00e9e de fin d&rsquo;\u00e9tudes.<\/p>\n\t\t\t\t\t\t<h4>Puis-je continuer \u00e0 participer \u00e0 des activit\u00e9s extrascolaires pendant le programme ?<\/h4>\n\t\t\t<p>Oui ! Le programme vous encourage \u00e0 vous engager dans des activit\u00e9s extrascolaires (ECA) qui correspondent \u00e0 votre parcours choisi et \u00e0 vos objectifs acad\u00e9miques. Ces activit\u00e9s constituent une partie importante de votre d\u00e9veloppement holistique et offrent des occasions pr\u00e9cieuses d&rsquo;acqu\u00e9rir une exp\u00e9rience pratique et d&rsquo;am\u00e9liorer vos comp\u00e9tences. L&rsquo;\u00e9cole offre une vari\u00e9t\u00e9 d&rsquo;ECA qui compl\u00e8tent diff\u00e9rents parcours, vous permettant de poursuivre votre d\u00e9veloppement personnel et acad\u00e9mique.<\/p>\n\t\t\t\t\t\t<h4>Que se passe-t-il si je ne termine pas le programme avant le mois de mai de mon ann\u00e9e d&rsquo;\u00e9tudes ?<\/h4>\n\t\t\t<p>Pour obtenir cette distinction, vous devez avoir termin\u00e9 tous les aspects du programme avant le mois de mai de l&rsquo;ann\u00e9e de votre dipl\u00f4me. Si vous ne remplissez pas les conditions requises, vous ne recevrez pas la distinction, mais vous remplirez quand m\u00eame les conditions acad\u00e9miques habituelles.<\/p>\n\t\t\t\t\t\t<h4>La voie peut-elle \u00eatre modifi\u00e9e apr\u00e8s avoir \u00e9t\u00e9 d\u00e9clar\u00e9e ?<\/h4>\n\t\t\t<p>Bien que les \u00e9tudiants soient invit\u00e9s \u00e0 choisir soigneusement leur parcours, ils peuvent discuter de leurs int\u00e9r\u00eats avec leur conseiller s&rsquo;ils estiment qu&rsquo;un changement est n\u00e9cessaire. Toutefois, les changements apport\u00e9s \u00e0 la fili\u00e8re peuvent \u00eatre limit\u00e9s une fois qu&rsquo;elle a \u00e9t\u00e9 d\u00e9clar\u00e9e.<\/p>\n\t\t\t\t\t\t<h4>Que se passe-t-il si je reste au Sacred Heart pour la 12e ann\u00e9e ?<\/h4>\n\t\t\t<p>Si vous restez au Sacred Heart pour la 12e ann\u00e9e, vous pouvez obtenir votre distinction tout en terminant le programme de 12e ann\u00e9e et en remplissant les conditions du Programme de distinction des boursiers. Vous disposez ainsi d&rsquo;une ann\u00e9e suppl\u00e9mentaire pour terminer le programme, ce qui vous donne plus de temps pour r\u00e9pondre \u00e0 tous les crit\u00e8res n\u00e9cessaires et profiter pleinement des opportunit\u00e9s offertes par le programme.<\/p>\n<h2>\n\t\t\tVous pouvez \u00e9galement \u00eatre int\u00e9ress\u00e9 par\t<\/h2>\n\t\t\t<a href=\"https:\/\/www.sacredheart.qc.ca\/fr\/a-propos\/mission-objectifs\/\"  target=\"_self\">\n\t\t\t\t\t\t\tNotre mission et nos objectifs\n\t\t\t<\/a>\n\t\t\t<a href=\"https:\/\/www.sacredheart.qc.ca\/fr\/a-propos\/qui-sommes-nous\/\"  target=\"_self\">\n\t\t\t\t\t\t\tQui sommes-nous ?\n\t\t\t<\/a>\n\t\t\t<a href=\"https:\/\/www.sacredheart.qc.ca\/fr\/a-propos\/message-bienvenue-ecole\/\"  target=\"_blank\" rel=\"noopener\"    rel=\"noopener\">\n\t\t\t\t\t\t\tComment postuler\n\t\t\t<\/a>\n\n","protected":false},"excerpt":{"rendered":"<p>Programme de Distinction de l&rsquo;\u00c9cole Sacr\u00e9-Coeur D\u00e9couvrez le Programme de Distinction de l&rsquo;\u00c9cole Sacr\u00e9-Coeur qui permet aux \u00e9tudiants de prendre en charge leur \u00e9ducation et de poursuivre leurs passions dans&hellip;<\/p>\n","protected":false},"author":19,"featured_media":19923,"parent":0,"menu_order":140,"comment_status":"closed","ping_status":"closed","template":"","meta":{"_acf_changed":false,"inline_featured_image":false,"_price":"","_stock":"","_tribe_ticket_header":"","_tribe_default_ticket_provider":"","_tribe_ticket_capacity":"0","_ticket_start_date":"","_ticket_end_date":"","_tribe_ticket_show_description":"","_tribe_ticket_show_not_going":false,"_tribe_ticket_use_global_stock":"","_tribe_ticket_global_stock_level":"","_global_stock_mode":"","_global_stock_cap":"","_tribe_rsvp_for_event":"","_tribe_ticket_going_count":"","_tribe_ticket_not_going_count":"","_tribe_tickets_list":"[]","_tribe_ticket_has_attendee_info_fields":false,"footnotes":"","_tec_slr_enabled":"","_tec_slr_layout":""},"class_list":["post-20067","page","type-page","status-publish","has-post-thumbnail","hentry"],"acf":[],"yoast_head":"<!-- This site is optimized with the Yoast SEO plugin v27.3 - https:\/\/yoast.com\/product\/yoast-seo-wordpress\/ -->\n<title>Programme de Distinction de l&#039;\u00c9cole Sacr\u00e9-Coeur| \u00c9cole secondaire priv\u00e9e catholique anglophone pour filles de Montr\u00e9al | The Sacred Heart School of Montreal<\/title>\n<meta name=\"description\" content=\"D\u00e9couvrez le Programme de Distinction de l&#039;\u00c9cole Sacr\u00e9-Coeur qui permet aux \u00e9tudiants de prendre en charge leur \u00e9ducation et de poursuivre leurs passions dans le cadre d&#039;un parcours choisi.\" \/>\n<meta name=\"robots\" content=\"index, follow, max-snippet:-1, max-image-preview:large, max-video-preview:-1\" \/>\n<link rel=\"canonical\" href=\"https:\/\/www.sacredheart.qc.ca\/fr\/programme-de-distinction\/\" \/>\n<meta property=\"og:locale\" content=\"fr_FR\" \/>\n<meta property=\"og:type\" content=\"article\" \/>\n<meta property=\"og:title\" content=\"Programme de Distinction de l&#039;\u00c9cole Sacr\u00e9-Coeur| \u00c9cole secondaire priv\u00e9e catholique anglophone pour filles de Montr\u00e9al | The Sacred Heart School of Montreal\" \/>\n<meta property=\"og:description\" content=\"D\u00e9couvrez le Programme de Distinction de l&#039;\u00c9cole Sacr\u00e9-Coeur qui permet aux \u00e9tudiants de prendre en charge leur \u00e9ducation et de poursuivre leurs passions dans le cadre d&#039;un parcours choisi.\" \/>\n<meta property=\"og:url\" content=\"https:\/\/www.sacredheart.qc.ca\/fr\/programme-de-distinction\/\" \/>\n<meta property=\"og:site_name\" content=\"The Sacred Heart School of Montreal\" \/>\n<meta property=\"article:publisher\" content=\"https:\/\/www.facebook.com\/SacredHeartMontreal\/\" \/>\n<meta property=\"article:modified_time\" content=\"2026-04-01T21:05:50+00:00\" \/>\n<meta property=\"og:image\" content=\"https:\/\/www.sacredheart.qc.ca\/wp-content\/uploads\/2025\/01\/Rainbow-school-picture-1-1-scaled.jpg\" \/>\n\t<meta property=\"og:image:width\" content=\"2560\" \/>\n\t<meta property=\"og:image:height\" content=\"1859\" \/>\n\t<meta property=\"og:image:type\" content=\"image\/jpeg\" \/>\n<meta name=\"twitter:card\" content=\"summary_large_image\" \/>\n<meta name=\"twitter:site\" content=\"@TheSHSM\" \/>\n<meta name=\"twitter:label1\" content=\"Dur\u00e9e de lecture estim\u00e9e\" \/>\n\t<meta name=\"twitter:data1\" content=\"8 minutes\" \/>\n<script type=\"application\/ld+json\" class=\"yoast-schema-graph\">{\"@context\":\"https:\\\/\\\/schema.org\",\"@graph\":[{\"@type\":\"WebPage\",\"@id\":\"https:\\\/\\\/www.sacredheart.qc.ca\\\/fr\\\/programme-de-distinction\\\/\",\"url\":\"https:\\\/\\\/www.sacredheart.qc.ca\\\/fr\\\/programme-de-distinction\\\/\",\"name\":\"Programme de Distinction de l'\u00c9cole Sacr\u00e9-Coeur| \u00c9cole secondaire priv\u00e9e catholique anglophone pour filles de Montr\u00e9al | The Sacred Heart School of Montreal\",\"isPartOf\":{\"@id\":\"https:\\\/\\\/www.sacredheart.qc.ca\\\/fr\\\/#website\"},\"primaryImageOfPage\":{\"@id\":\"https:\\\/\\\/www.sacredheart.qc.ca\\\/fr\\\/programme-de-distinction\\\/#primaryimage\"},\"image\":{\"@id\":\"https:\\\/\\\/www.sacredheart.qc.ca\\\/fr\\\/programme-de-distinction\\\/#primaryimage\"},\"thumbnailUrl\":\"https:\\\/\\\/www.sacredheart.qc.ca\\\/wp-content\\\/uploads\\\/2025\\\/01\\\/Rainbow-school-picture-1-1-scaled.jpg\",\"datePublished\":\"2025-01-13T15:10:42+00:00\",\"dateModified\":\"2026-04-01T21:05:50+00:00\",\"description\":\"D\u00e9couvrez le Programme de Distinction de l'\u00c9cole Sacr\u00e9-Coeur qui permet aux \u00e9tudiants de prendre en charge leur \u00e9ducation et de poursuivre leurs passions dans le cadre d'un parcours choisi.\",\"breadcrumb\":{\"@id\":\"https:\\\/\\\/www.sacredheart.qc.ca\\\/fr\\\/programme-de-distinction\\\/#breadcrumb\"},\"inLanguage\":\"fr-FR\",\"potentialAction\":[{\"@type\":\"ReadAction\",\"target\":[\"https:\\\/\\\/www.sacredheart.qc.ca\\\/fr\\\/programme-de-distinction\\\/\"]}]},{\"@type\":\"ImageObject\",\"inLanguage\":\"fr-FR\",\"@id\":\"https:\\\/\\\/www.sacredheart.qc.ca\\\/fr\\\/programme-de-distinction\\\/#primaryimage\",\"url\":\"https:\\\/\\\/www.sacredheart.qc.ca\\\/wp-content\\\/uploads\\\/2025\\\/01\\\/Rainbow-school-picture-1-1-scaled.jpg\",\"contentUrl\":\"https:\\\/\\\/www.sacredheart.qc.ca\\\/wp-content\\\/uploads\\\/2025\\\/01\\\/Rainbow-school-picture-1-1-scaled.jpg\",\"width\":2560,\"height\":1859},{\"@type\":\"BreadcrumbList\",\"@id\":\"https:\\\/\\\/www.sacredheart.qc.ca\\\/fr\\\/programme-de-distinction\\\/#breadcrumb\",\"itemListElement\":[{\"@type\":\"ListItem\",\"position\":1,\"name\":\"Home\",\"item\":\"https:\\\/\\\/www.sacredheart.qc.ca\\\/fr\\\/\"},{\"@type\":\"ListItem\",\"position\":2,\"name\":\"Programme de Distinction\"}]},{\"@type\":\"WebSite\",\"@id\":\"https:\\\/\\\/www.sacredheart.qc.ca\\\/fr\\\/#website\",\"url\":\"https:\\\/\\\/www.sacredheart.qc.ca\\\/fr\\\/\",\"name\":\"The Sacred Heart School of Montreal\",\"description\":\"Girls Only Private Catholic English High School - 100% Graduation Rate\",\"publisher\":{\"@id\":\"https:\\\/\\\/www.sacredheart.qc.ca\\\/fr\\\/#organization\"},\"alternateName\":\"The Sacred Heart School of Montreal\",\"potentialAction\":[{\"@type\":\"SearchAction\",\"target\":{\"@type\":\"EntryPoint\",\"urlTemplate\":\"https:\\\/\\\/www.sacredheart.qc.ca\\\/fr\\\/?s={search_term_string}\"},\"query-input\":{\"@type\":\"PropertyValueSpecification\",\"valueRequired\":true,\"valueName\":\"search_term_string\"}}],\"inLanguage\":\"fr-FR\"},{\"@type\":\"Organization\",\"@id\":\"https:\\\/\\\/www.sacredheart.qc.ca\\\/fr\\\/#organization\",\"name\":\"The Sacred Heart School of Montreal\",\"url\":\"https:\\\/\\\/www.sacredheart.qc.ca\\\/fr\\\/\",\"logo\":{\"@type\":\"ImageObject\",\"inLanguage\":\"fr-FR\",\"@id\":\"https:\\\/\\\/www.sacredheart.qc.ca\\\/fr\\\/#\\\/schema\\\/logo\\\/image\\\/\",\"url\":\"https:\\\/\\\/www.sacredheart.qc.ca\\\/wp-content\\\/uploads\\\/2021\\\/06\\\/LogoScredHeart.svg\",\"contentUrl\":\"https:\\\/\\\/www.sacredheart.qc.ca\\\/wp-content\\\/uploads\\\/2021\\\/06\\\/LogoScredHeart.svg\",\"width\":\"1024\",\"height\":\"1024\",\"caption\":\"The Sacred Heart School of Montreal\"},\"image\":{\"@id\":\"https:\\\/\\\/www.sacredheart.qc.ca\\\/fr\\\/#\\\/schema\\\/logo\\\/image\\\/\"},\"sameAs\":[\"https:\\\/\\\/www.facebook.com\\\/SacredHeartMontreal\\\/\",\"https:\\\/\\\/x.com\\\/TheSHSM\",\"https:\\\/\\\/www.instagram.com\\\/SacredHeartMontreal\\\/\",\"https:\\\/\\\/www.linkedin.com\\\/school\\\/the-sacred-heart-school-of-montreal\\\/\",\"https:\\\/\\\/www.youtube.com\\\/user\\\/TheSacredHeartSchool\"]}]}<\/script>\n<!-- \/ Yoast SEO plugin. -->","yoast_head_json":{"title":"Programme de Distinction de l'\u00c9cole Sacr\u00e9-Coeur| \u00c9cole secondaire priv\u00e9e catholique anglophone pour filles de Montr\u00e9al | The Sacred Heart School of Montreal","description":"D\u00e9couvrez le Programme de Distinction de l'\u00c9cole Sacr\u00e9-Coeur qui permet aux \u00e9tudiants de prendre en charge leur \u00e9ducation et de poursuivre leurs passions dans le cadre d'un parcours choisi.","robots":{"index":"index","follow":"follow","max-snippet":"max-snippet:-1","max-image-preview":"max-image-preview:large","max-video-preview":"max-video-preview:-1"},"canonical":"https:\/\/www.sacredheart.qc.ca\/fr\/programme-de-distinction\/","og_locale":"fr_FR","og_type":"article","og_title":"Programme de Distinction de l'\u00c9cole Sacr\u00e9-Coeur| \u00c9cole secondaire priv\u00e9e catholique anglophone pour filles de Montr\u00e9al | The Sacred Heart School of Montreal","og_description":"D\u00e9couvrez le Programme de Distinction de l'\u00c9cole Sacr\u00e9-Coeur qui permet aux \u00e9tudiants de prendre en charge leur \u00e9ducation et de poursuivre leurs passions dans le cadre d'un parcours choisi.","og_url":"https:\/\/www.sacredheart.qc.ca\/fr\/programme-de-distinction\/","og_site_name":"The Sacred Heart School of Montreal","article_publisher":"https:\/\/www.facebook.com\/SacredHeartMontreal\/","article_modified_time":"2026-04-01T21:05:50+00:00","og_image":[{"width":2560,"height":1859,"url":"https:\/\/www.sacredheart.qc.ca\/wp-content\/uploads\/2025\/01\/Rainbow-school-picture-1-1-scaled.jpg","type":"image\/jpeg"}],"twitter_card":"summary_large_image","twitter_site":"@TheSHSM","twitter_misc":{"Dur\u00e9e de lecture estim\u00e9e":"8 minutes"},"schema":{"@context":"https:\/\/schema.org","@graph":[{"@type":"WebPage","@id":"https:\/\/www.sacredheart.qc.ca\/fr\/programme-de-distinction\/","url":"https:\/\/www.sacredheart.qc.ca\/fr\/programme-de-distinction\/","name":"Programme de Distinction de l'\u00c9cole Sacr\u00e9-Coeur| \u00c9cole secondaire priv\u00e9e catholique anglophone pour filles de Montr\u00e9al | The Sacred Heart School of Montreal","isPartOf":{"@id":"https:\/\/www.sacredheart.qc.ca\/fr\/#website"},"primaryImageOfPage":{"@id":"https:\/\/www.sacredheart.qc.ca\/fr\/programme-de-distinction\/#primaryimage"},"image":{"@id":"https:\/\/www.sacredheart.qc.ca\/fr\/programme-de-distinction\/#primaryimage"},"thumbnailUrl":"https:\/\/www.sacredheart.qc.ca\/wp-content\/uploads\/2025\/01\/Rainbow-school-picture-1-1-scaled.jpg","datePublished":"2025-01-13T15:10:42+00:00","dateModified":"2026-04-01T21:05:50+00:00","description":"D\u00e9couvrez le Programme de Distinction de l'\u00c9cole Sacr\u00e9-Coeur qui permet aux \u00e9tudiants de prendre en charge leur \u00e9ducation et de poursuivre leurs passions dans le cadre d'un parcours choisi.","breadcrumb":{"@id":"https:\/\/www.sacredheart.qc.ca\/fr\/programme-de-distinction\/#breadcrumb"},"inLanguage":"fr-FR","potentialAction":[{"@type":"ReadAction","target":["https:\/\/www.sacredheart.qc.ca\/fr\/programme-de-distinction\/"]}]},{"@type":"ImageObject","inLanguage":"fr-FR","@id":"https:\/\/www.sacredheart.qc.ca\/fr\/programme-de-distinction\/#primaryimage","url":"https:\/\/www.sacredheart.qc.ca\/wp-content\/uploads\/2025\/01\/Rainbow-school-picture-1-1-scaled.jpg","contentUrl":"https:\/\/www.sacredheart.qc.ca\/wp-content\/uploads\/2025\/01\/Rainbow-school-picture-1-1-scaled.jpg","width":2560,"height":1859},{"@type":"BreadcrumbList","@id":"https:\/\/www.sacredheart.qc.ca\/fr\/programme-de-distinction\/#breadcrumb","itemListElement":[{"@type":"ListItem","position":1,"name":"Home","item":"https:\/\/www.sacredheart.qc.ca\/fr\/"},{"@type":"ListItem","position":2,"name":"Programme de Distinction"}]},{"@type":"WebSite","@id":"https:\/\/www.sacredheart.qc.ca\/fr\/#website","url":"https:\/\/www.sacredheart.qc.ca\/fr\/","name":"The Sacred Heart School of Montreal","description":"Girls Only Private Catholic English High School - 100% Graduation Rate","publisher":{"@id":"https:\/\/www.sacredheart.qc.ca\/fr\/#organization"},"alternateName":"The Sacred Heart School of Montreal","potentialAction":[{"@type":"SearchAction","target":{"@type":"EntryPoint","urlTemplate":"https:\/\/www.sacredheart.qc.ca\/fr\/?s={search_term_string}"},"query-input":{"@type":"PropertyValueSpecification","valueRequired":true,"valueName":"search_term_string"}}],"inLanguage":"fr-FR"},{"@type":"Organization","@id":"https:\/\/www.sacredheart.qc.ca\/fr\/#organization","name":"The Sacred Heart School of Montreal","url":"https:\/\/www.sacredheart.qc.ca\/fr\/","logo":{"@type":"ImageObject","inLanguage":"fr-FR","@id":"https:\/\/www.sacredheart.qc.ca\/fr\/#\/schema\/logo\/image\/","url":"https:\/\/www.sacredheart.qc.ca\/wp-content\/uploads\/2021\/06\/LogoScredHeart.svg","contentUrl":"https:\/\/www.sacredheart.qc.ca\/wp-content\/uploads\/2021\/06\/LogoScredHeart.svg","width":"1024","height":"1024","caption":"The Sacred Heart School of Montreal"},"image":{"@id":"https:\/\/www.sacredheart.qc.ca\/fr\/#\/schema\/logo\/image\/"},"sameAs":["https:\/\/www.facebook.com\/SacredHeartMontreal\/","https:\/\/x.com\/TheSHSM","https:\/\/www.instagram.com\/SacredHeartMontreal\/","https:\/\/www.linkedin.com\/school\/the-sacred-heart-school-of-montreal\/","https:\/\/www.youtube.com\/user\/TheSacredHeartSchool"]}]}},"ticketed":false,"_links":{"self":[{"href":"https:\/\/www.sacredheart.qc.ca\/fr\/wp-json\/wp\/v2\/pages\/20067","targetHints":{"allow":["GET"]}}],"collection":[{"href":"https:\/\/www.sacredheart.qc.ca\/fr\/wp-json\/wp\/v2\/pages"}],"about":[{"href":"https:\/\/www.sacredheart.qc.ca\/fr\/wp-json\/wp\/v2\/types\/page"}],"author":[{"embeddable":true,"href":"https:\/\/www.sacredheart.qc.ca\/fr\/wp-json\/wp\/v2\/users\/19"}],"replies":[{"embeddable":true,"href":"https:\/\/www.sacredheart.qc.ca\/fr\/wp-json\/wp\/v2\/comments?post=20067"}],"version-history":[{"count":0,"href":"https:\/\/www.sacredheart.qc.ca\/fr\/wp-json\/wp\/v2\/pages\/20067\/revisions"}],"wp:featuredmedia":[{"embeddable":true,"href":"https:\/\/www.sacredheart.qc.ca\/fr\/wp-json\/wp\/v2\/media\/19923"}],"wp:attachment":[{"href":"https:\/\/www.sacredheart.qc.ca\/fr\/wp-json\/wp\/v2\/media?parent=20067"}],"curies":[{"name":"wp","href":"https:\/\/api.w.org\/{rel}","templated":true}]}}