{"id":20066,"date":"2025-01-13T23:24:04","date_gmt":"2025-01-14T04:24:04","guid":{"rendered":"https:\/\/www.sacredheart.qc.ca\/?page_id=20066"},"modified":"2025-10-07T17:04:40","modified_gmt":"2025-10-07T21:04:40","slug":"programmes-signature","status":"publish","type":"page","link":"https:\/\/www.sacredheart.qc.ca\/fr\/programmes-signature\/","title":{"rendered":"Programmes Signature"},"content":{"rendered":"\n\n\t<h1>Programmes Signature<\/h1>\n<h2>\n\t\t\tLib\u00e9rez votre potentiel gr\u00e2ce \u00e0 nos programmes phares, qui offrent un apprentissage pratique, une progression athl\u00e9tique et des possibilit\u00e9s d&rsquo;\u00e9changes internationaux.\t<\/h2>\n<h2>\n\t\t\tProgramme de Distinction de l&rsquo;\u00c9cole Sacr\u00e9-Coeur\t<\/h2>\n\t<h2>D\u00e9couvrez le Programme de distinction des boursiers de Sacr\u00e9-C\u0153ur qui permet aux \u00e9tudiants de prendre en charge leur \u00e9ducation et de poursuivre leurs passions dans le cadre d&rsquo;un parcours choisi.<\/h2>\n\t\t\t<a href=\"https:\/\/www.sacredheart.qc.ca\/fr\/programme-de-distinction\/\" target=\"_blank\" rel=\"noopener\">\n\t\t\t\t\t\t\tD\u00e9couvrez \n\t\t\t\t\t<\/a>\n<h2>\n\t\t\tProgramme Sacr\u00e9-C\u0153ur \u00c9lite\t<\/h2>\n\t<h2>D\u00e9couvrez le <strong>programme SHE<\/strong>, con\u00e7u pour les \u00e9tudiantes-athl\u00e8tes qui souhaitent poursuivre leurs ambitions sportives \u00e0 un niveau d&rsquo;\u00e9lite, tout en b\u00e9n\u00e9ficiant de la base acad\u00e9mique holistique qu&rsquo;une \u00e9ducation au Sacr\u00e9-C\u0153ur a \u00e0 offrir.<\/h2>\n\t\t\t<a href=\"https:\/\/www.sacredheart.qc.ca\/fr\/programme-delite-de-sacre-coeur\/\" target=\"_blank\" rel=\"noopener\">\n\t\t\t\t\t\t\tD\u00e9couvrez\n\t\t\t\t\t<\/a>\n<h2>\n\t\t\tProgramme d&rsquo;\u00e9changes internationaux\t<\/h2>\n\t<h2>D\u00e9couvrez le <strong>r\u00e9seau mondial d&rsquo;\u00e9coles<\/strong> du Sacr\u00e9-C\u0153ur, qui offre aux \u00e9l\u00e8ves la possibilit\u00e9 d&rsquo;entrer en contact avec diverses cultures, de favoriser des \u00e9changes fructueux et des amiti\u00e9s durables, et de promouvoir la compr\u00e9hension et l&rsquo;exploration interculturelles.<\/h2>\n\t\t\t<a href=\"https:\/\/www.sacredheart.qc.ca\/fr\/programme-dechanges-internationaux-de-lecole-sacre-coeur\/\" target=\"_blank\" rel=\"noopener\">\n\t\t\t\t\t\t\tD\u00e9couvrez\n\t\t\t\t\t<\/a>\n<h2>\n\t\t\tProgramme de 12e ann\u00e9e\t<\/h2>\n\t<p>D\u00e9couvrez notre <strong>programme<\/strong> unique <strong>de 12e ann\u00e9e<\/strong>, con\u00e7u pour pr\u00e9parer les \u00e9l\u00e8ves \u00e0 l&rsquo;universit\u00e9 en une seule ann\u00e9e, tout en leur offrant de pr\u00e9cieuses possibilit\u00e9s d&rsquo;exploration de carri\u00e8re. Ce programme offre une exp\u00e9rience sur mesure qui garantit que les \u00e9tudiants sont pr\u00eats sur le plan acad\u00e9mique pour le niveau suivant et qu&rsquo;ils disposent des comp\u00e9tences et des connaissances n\u00e9cessaires pour prendre des d\u00e9cisions \u00e9clair\u00e9es sur leur futur parcours professionnel.<\/p>\n\t\t\t<a href=\"https:\/\/www.sacredheart.qc.ca\/fr\/pedagogie\/12e-annee\/\" target=\"_blank\" rel=\"noopener\">\n\t\t\t\t\t\t\tD\u00e9couvrez\n\t\t\t\t\t<\/a>\n<h2>\n\t\t\tSemaine de la d\u00e9couverte\t<\/h2>\n<article dir=\"auto\" data-testid=\"conversation-turn-3\" data-scroll-anchor=\"true\">\n<p>La <strong>Semaine de la d\u00e9couverte du<\/strong> Sacr\u00e9-C\u0153ur offre un d\u00e9but d&rsquo;ann\u00e9e scolaire dynamique, o\u00f9 les \u00e9l\u00e8ves participeront \u00e0 des excursions passionnantes en fonction de leur niveau scolaire, qui favorisent l&rsquo;aventure, la culture, l&rsquo;histoire et le travail d&rsquo;\u00e9quipe. Ces exp\u00e9riences immersives sont con\u00e7ues pour inspirer les \u00e9l\u00e8ves et cr\u00e9er des liens durables au d\u00e9but de l&rsquo;ann\u00e9e scolaire.<\/p>\n<\/article>\n\t\t\t<a href=\"https:\/\/www.sacredheart.qc.ca\/fr\/langue-espagnole\/\" target=\"_blank\" rel=\"noopener\">\n\t\t\t\t\t\t\tD\u00e9couvrez\n\t\t\t\t\t<\/a>\n<h2>\n\t\t\tVoyages d&rsquo;exp\u00e9riences\t<\/h2>\n<article dir=\"auto\" data-testid=\"conversation-turn-3\" data-scroll-anchor=\"true\">\n<p>Les<strong> voyages d&rsquo;exp\u00e9riences<\/strong> de l&rsquo;\u00e9cole\u00a0Sacr\u00e9-C\u0153ur ont lieu tout au long de l&rsquo;ann\u00e9e scolaire &#8211; des aventures palpitantes de lancement en ao\u00fbt aux exp\u00e9riences enrichissantes de service et de d\u00e9couverte culturelle. Ces voyages contribuent \u00e0 fa\u00e7onner nos \u00e9l\u00e8ves, \u00e0 tisser des liens durables et \u00e0 cr\u00e9er des souvenirs inoubliables.<\/p>\n<\/article>\n\t\t\t<a href=\"https:\/\/www.sacredheart.qc.ca\/fr\/?page_id=20675\" target=\"_blank\" rel=\"noopener\">\n\t\t\t\t\t\t\tD\u00e9couvrez\n\t\t\t\t\t<\/a>\n<h2>\n\t\t\tVous pouvez \u00e9galement \u00eatre int\u00e9ress\u00e9 par\t<\/h2>\n\t\t\t<a href=\"https:\/\/www.sacredheart.qc.ca\/fr\/a-propos\/mission-objectifs\/\" target=\"_self\">\n\t\t\t\t\t\t\tNotre mission et nos objectifs\n\t\t\t<\/a>\n\t\t\t<a href=\"https:\/\/www.sacredheart.qc.ca\/fr\/a-propos\/qui-sommes-nous\/\" target=\"_self\">\n\t\t\t\t\t\t\tQui sommes-nous ?\n\t\t\t<\/a>\n\t\t\t<a href=\"https:\/\/www.sacredheart.qc.ca\/fr\/admissions\/\" target=\"_blank\" rel=\"noopener\">\n\t\t\t\t\t\t\tComment s&rsquo;inscrire\n\t\t\t<\/a>\n<h2>\n\t\t\tVous avez des questions sur nos programmes phares ?\t<\/h2>\n\t<p>Veuillez contacter Mme Stephanie Broadhurst, directrice de la gestion des inscriptions, \u00e0 l&rsquo;adresse suivante<\/p>\n\t<p><a href=\"mailto:admissions@sacredheart.qc.ca\">admissions@sacredheart.qc.ca<\/a><\/p>\n\n","protected":false},"excerpt":{"rendered":"<p>Programmes Signature Lib\u00e9rez votre potentiel gr\u00e2ce \u00e0 nos programmes phares, qui offrent un apprentissage pratique, une progression athl\u00e9tique et des possibilit\u00e9s d&rsquo;\u00e9changes internationaux. Programme de Distinction de l&rsquo;\u00c9cole Sacr\u00e9-Coeur D\u00e9couvrez&hellip;<\/p>\n","protected":false},"author":19,"featured_media":19965,"parent":0,"menu_order":17,"comment_status":"closed","ping_status":"closed","template":"","meta":{"_acf_changed":false,"inline_featured_image":false,"_price":"","_stock":"","_tribe_ticket_header":"","_tribe_default_ticket_provider":"","_tribe_ticket_capacity":"0","_ticket_start_date":"","_ticket_end_date":"","_tribe_ticket_show_description":"","_tribe_ticket_show_not_going":false,"_tribe_ticket_use_global_stock":"","_tribe_ticket_global_stock_level":"","_global_stock_mode":"","_global_stock_cap":"","_tribe_rsvp_for_event":"","_tribe_ticket_going_count":"","_tribe_ticket_not_going_count":"","_tribe_tickets_list":"[]","_tribe_ticket_has_attendee_info_fields":false,"footnotes":"","_tec_slr_enabled":"","_tec_slr_layout":""},"class_list":["post-20066","page","type-page","status-publish","has-post-thumbnail","hentry"],"acf":[],"yoast_head":"<!-- This site is optimized with the Yoast SEO plugin v27.4 - https:\/\/yoast.com\/product\/yoast-seo-wordpress\/ -->\n<title>Programmes Signature | \u00c9cole secondaire priv\u00e9e catholique anglophone pour filles de Montr\u00e9al | The Sacred Heart School of Montreal<\/title>\n<meta name=\"description\" content=\"D\u00e9couvrez les programmes Signature de Sacr\u00e9-C\u0153ur, qui offrent un apprentissage pratique, un d\u00e9veloppement athl\u00e9tique et des opportunit\u00e9s d&#039;\u00e9changes internationaux.\" \/>\n<meta name=\"robots\" content=\"index, follow, max-snippet:-1, max-image-preview:large, max-video-preview:-1\" \/>\n<link rel=\"canonical\" href=\"https:\/\/www.sacredheart.qc.ca\/fr\/programmes-signature\/\" \/>\n<meta property=\"og:locale\" content=\"fr_FR\" \/>\n<meta property=\"og:type\" content=\"article\" \/>\n<meta property=\"og:title\" content=\"Programmes Signature | \u00c9cole secondaire priv\u00e9e catholique anglophone pour filles de Montr\u00e9al | The Sacred Heart School of Montreal\" \/>\n<meta property=\"og:description\" content=\"D\u00e9couvrez les programmes Signature de Sacr\u00e9-C\u0153ur, qui offrent un apprentissage pratique, un d\u00e9veloppement athl\u00e9tique et des opportunit\u00e9s d&#039;\u00e9changes internationaux.\" \/>\n<meta property=\"og:url\" content=\"https:\/\/www.sacredheart.qc.ca\/fr\/programmes-signature\/\" \/>\n<meta property=\"og:site_name\" content=\"The Sacred Heart School of Montreal\" \/>\n<meta property=\"article:publisher\" content=\"https:\/\/www.facebook.com\/SacredHeartMontreal\/\" \/>\n<meta property=\"article:modified_time\" content=\"2025-10-07T21:04:40+00:00\" \/>\n<meta property=\"og:image\" content=\"https:\/\/www.sacredheart.qc.ca\/wp-content\/uploads\/2025\/01\/Untitled-design-94.png\" \/>\n\t<meta property=\"og:image:width\" content=\"811\" \/>\n\t<meta property=\"og:image:height\" content=\"700\" \/>\n\t<meta property=\"og:image:type\" content=\"image\/png\" \/>\n<meta name=\"twitter:card\" content=\"summary_large_image\" \/>\n<meta name=\"twitter:site\" content=\"@TheSHSM\" \/>\n<meta name=\"twitter:label1\" content=\"Dur\u00e9e de lecture estim\u00e9e\" \/>\n\t<meta name=\"twitter:data1\" content=\"1 minute\" \/>\n<script type=\"application\/ld+json\" class=\"yoast-schema-graph\">{\"@context\":\"https:\\\/\\\/schema.org\",\"@graph\":[{\"@type\":\"WebPage\",\"@id\":\"https:\\\/\\\/www.sacredheart.qc.ca\\\/fr\\\/programmes-signature\\\/\",\"url\":\"https:\\\/\\\/www.sacredheart.qc.ca\\\/fr\\\/programmes-signature\\\/\",\"name\":\"Programmes Signature | \u00c9cole secondaire priv\u00e9e catholique anglophone pour filles de Montr\u00e9al | The Sacred Heart School of Montreal\",\"isPartOf\":{\"@id\":\"https:\\\/\\\/www.sacredheart.qc.ca\\\/fr\\\/#website\"},\"primaryImageOfPage\":{\"@id\":\"https:\\\/\\\/www.sacredheart.qc.ca\\\/fr\\\/programmes-signature\\\/#primaryimage\"},\"image\":{\"@id\":\"https:\\\/\\\/www.sacredheart.qc.ca\\\/fr\\\/programmes-signature\\\/#primaryimage\"},\"thumbnailUrl\":\"https:\\\/\\\/www.sacredheart.qc.ca\\\/wp-content\\\/uploads\\\/2025\\\/01\\\/Untitled-design-94.png\",\"datePublished\":\"2025-01-14T04:24:04+00:00\",\"dateModified\":\"2025-10-07T21:04:40+00:00\",\"description\":\"D\u00e9couvrez les programmes Signature de Sacr\u00e9-C\u0153ur, qui offrent un apprentissage pratique, un d\u00e9veloppement athl\u00e9tique et des opportunit\u00e9s d'\u00e9changes internationaux.\",\"breadcrumb\":{\"@id\":\"https:\\\/\\\/www.sacredheart.qc.ca\\\/fr\\\/programmes-signature\\\/#breadcrumb\"},\"inLanguage\":\"fr-FR\",\"potentialAction\":[{\"@type\":\"ReadAction\",\"target\":[\"https:\\\/\\\/www.sacredheart.qc.ca\\\/fr\\\/programmes-signature\\\/\"]}]},{\"@type\":\"ImageObject\",\"inLanguage\":\"fr-FR\",\"@id\":\"https:\\\/\\\/www.sacredheart.qc.ca\\\/fr\\\/programmes-signature\\\/#primaryimage\",\"url\":\"https:\\\/\\\/www.sacredheart.qc.ca\\\/wp-content\\\/uploads\\\/2025\\\/01\\\/Untitled-design-94.png\",\"contentUrl\":\"https:\\\/\\\/www.sacredheart.qc.ca\\\/wp-content\\\/uploads\\\/2025\\\/01\\\/Untitled-design-94.png\",\"width\":811,\"height\":700},{\"@type\":\"BreadcrumbList\",\"@id\":\"https:\\\/\\\/www.sacredheart.qc.ca\\\/fr\\\/programmes-signature\\\/#breadcrumb\",\"itemListElement\":[{\"@type\":\"ListItem\",\"position\":1,\"name\":\"Home\",\"item\":\"https:\\\/\\\/www.sacredheart.qc.ca\\\/fr\\\/\"},{\"@type\":\"ListItem\",\"position\":2,\"name\":\"Programmes Signature\"}]},{\"@type\":\"WebSite\",\"@id\":\"https:\\\/\\\/www.sacredheart.qc.ca\\\/fr\\\/#website\",\"url\":\"https:\\\/\\\/www.sacredheart.qc.ca\\\/fr\\\/\",\"name\":\"The Sacred Heart School of Montreal\",\"description\":\"Girls Only Private Catholic English High School - 100% Graduation Rate\",\"publisher\":{\"@id\":\"https:\\\/\\\/www.sacredheart.qc.ca\\\/fr\\\/#organization\"},\"alternateName\":\"The Sacred Heart School of Montreal\",\"potentialAction\":[{\"@type\":\"SearchAction\",\"target\":{\"@type\":\"EntryPoint\",\"urlTemplate\":\"https:\\\/\\\/www.sacredheart.qc.ca\\\/fr\\\/?s={search_term_string}\"},\"query-input\":{\"@type\":\"PropertyValueSpecification\",\"valueRequired\":true,\"valueName\":\"search_term_string\"}}],\"inLanguage\":\"fr-FR\"},{\"@type\":\"Organization\",\"@id\":\"https:\\\/\\\/www.sacredheart.qc.ca\\\/fr\\\/#organization\",\"name\":\"The Sacred Heart School of Montreal\",\"url\":\"https:\\\/\\\/www.sacredheart.qc.ca\\\/fr\\\/\",\"logo\":{\"@type\":\"ImageObject\",\"inLanguage\":\"fr-FR\",\"@id\":\"https:\\\/\\\/www.sacredheart.qc.ca\\\/fr\\\/#\\\/schema\\\/logo\\\/image\\\/\",\"url\":\"https:\\\/\\\/www.sacredheart.qc.ca\\\/wp-content\\\/uploads\\\/2021\\\/06\\\/LogoScredHeart.svg\",\"contentUrl\":\"https:\\\/\\\/www.sacredheart.qc.ca\\\/wp-content\\\/uploads\\\/2021\\\/06\\\/LogoScredHeart.svg\",\"width\":\"1024\",\"height\":\"1024\",\"caption\":\"The Sacred Heart School of Montreal\"},\"image\":{\"@id\":\"https:\\\/\\\/www.sacredheart.qc.ca\\\/fr\\\/#\\\/schema\\\/logo\\\/image\\\/\"},\"sameAs\":[\"https:\\\/\\\/www.facebook.com\\\/SacredHeartMontreal\\\/\",\"https:\\\/\\\/x.com\\\/TheSHSM\",\"https:\\\/\\\/www.instagram.com\\\/SacredHeartMontreal\\\/\",\"https:\\\/\\\/www.linkedin.com\\\/school\\\/the-sacred-heart-school-of-montreal\\\/\",\"https:\\\/\\\/www.youtube.com\\\/user\\\/TheSacredHeartSchool\"]}]}<\/script>\n<!-- \/ Yoast SEO plugin. -->","yoast_head_json":{"title":"Programmes Signature | \u00c9cole secondaire priv\u00e9e catholique anglophone pour filles de Montr\u00e9al | The Sacred Heart School of Montreal","description":"D\u00e9couvrez les programmes Signature de Sacr\u00e9-C\u0153ur, qui offrent un apprentissage pratique, un d\u00e9veloppement athl\u00e9tique et des opportunit\u00e9s d'\u00e9changes internationaux.","robots":{"index":"index","follow":"follow","max-snippet":"max-snippet:-1","max-image-preview":"max-image-preview:large","max-video-preview":"max-video-preview:-1"},"canonical":"https:\/\/www.sacredheart.qc.ca\/fr\/programmes-signature\/","og_locale":"fr_FR","og_type":"article","og_title":"Programmes Signature | \u00c9cole secondaire priv\u00e9e catholique anglophone pour filles de Montr\u00e9al | The Sacred Heart School of Montreal","og_description":"D\u00e9couvrez les programmes Signature de Sacr\u00e9-C\u0153ur, qui offrent un apprentissage pratique, un d\u00e9veloppement athl\u00e9tique et des opportunit\u00e9s d'\u00e9changes internationaux.","og_url":"https:\/\/www.sacredheart.qc.ca\/fr\/programmes-signature\/","og_site_name":"The Sacred Heart School of Montreal","article_publisher":"https:\/\/www.facebook.com\/SacredHeartMontreal\/","article_modified_time":"2025-10-07T21:04:40+00:00","og_image":[{"width":811,"height":700,"url":"https:\/\/www.sacredheart.qc.ca\/wp-content\/uploads\/2025\/01\/Untitled-design-94.png","type":"image\/png"}],"twitter_card":"summary_large_image","twitter_site":"@TheSHSM","twitter_misc":{"Dur\u00e9e de lecture estim\u00e9e":"1 minute"},"schema":{"@context":"https:\/\/schema.org","@graph":[{"@type":"WebPage","@id":"https:\/\/www.sacredheart.qc.ca\/fr\/programmes-signature\/","url":"https:\/\/www.sacredheart.qc.ca\/fr\/programmes-signature\/","name":"Programmes Signature | \u00c9cole secondaire priv\u00e9e catholique anglophone pour filles de Montr\u00e9al | The Sacred Heart School of Montreal","isPartOf":{"@id":"https:\/\/www.sacredheart.qc.ca\/fr\/#website"},"primaryImageOfPage":{"@id":"https:\/\/www.sacredheart.qc.ca\/fr\/programmes-signature\/#primaryimage"},"image":{"@id":"https:\/\/www.sacredheart.qc.ca\/fr\/programmes-signature\/#primaryimage"},"thumbnailUrl":"https:\/\/www.sacredheart.qc.ca\/wp-content\/uploads\/2025\/01\/Untitled-design-94.png","datePublished":"2025-01-14T04:24:04+00:00","dateModified":"2025-10-07T21:04:40+00:00","description":"D\u00e9couvrez les programmes Signature de Sacr\u00e9-C\u0153ur, qui offrent un apprentissage pratique, un d\u00e9veloppement athl\u00e9tique et des opportunit\u00e9s d'\u00e9changes internationaux.","breadcrumb":{"@id":"https:\/\/www.sacredheart.qc.ca\/fr\/programmes-signature\/#breadcrumb"},"inLanguage":"fr-FR","potentialAction":[{"@type":"ReadAction","target":["https:\/\/www.sacredheart.qc.ca\/fr\/programmes-signature\/"]}]},{"@type":"ImageObject","inLanguage":"fr-FR","@id":"https:\/\/www.sacredheart.qc.ca\/fr\/programmes-signature\/#primaryimage","url":"https:\/\/www.sacredheart.qc.ca\/wp-content\/uploads\/2025\/01\/Untitled-design-94.png","contentUrl":"https:\/\/www.sacredheart.qc.ca\/wp-content\/uploads\/2025\/01\/Untitled-design-94.png","width":811,"height":700},{"@type":"BreadcrumbList","@id":"https:\/\/www.sacredheart.qc.ca\/fr\/programmes-signature\/#breadcrumb","itemListElement":[{"@type":"ListItem","position":1,"name":"Home","item":"https:\/\/www.sacredheart.qc.ca\/fr\/"},{"@type":"ListItem","position":2,"name":"Programmes Signature"}]},{"@type":"WebSite","@id":"https:\/\/www.sacredheart.qc.ca\/fr\/#website","url":"https:\/\/www.sacredheart.qc.ca\/fr\/","name":"The Sacred Heart School of Montreal","description":"Girls Only Private Catholic English High School - 100% Graduation Rate","publisher":{"@id":"https:\/\/www.sacredheart.qc.ca\/fr\/#organization"},"alternateName":"The Sacred Heart School of Montreal","potentialAction":[{"@type":"SearchAction","target":{"@type":"EntryPoint","urlTemplate":"https:\/\/www.sacredheart.qc.ca\/fr\/?s={search_term_string}"},"query-input":{"@type":"PropertyValueSpecification","valueRequired":true,"valueName":"search_term_string"}}],"inLanguage":"fr-FR"},{"@type":"Organization","@id":"https:\/\/www.sacredheart.qc.ca\/fr\/#organization","name":"The Sacred Heart School of Montreal","url":"https:\/\/www.sacredheart.qc.ca\/fr\/","logo":{"@type":"ImageObject","inLanguage":"fr-FR","@id":"https:\/\/www.sacredheart.qc.ca\/fr\/#\/schema\/logo\/image\/","url":"https:\/\/www.sacredheart.qc.ca\/wp-content\/uploads\/2021\/06\/LogoScredHeart.svg","contentUrl":"https:\/\/www.sacredheart.qc.ca\/wp-content\/uploads\/2021\/06\/LogoScredHeart.svg","width":"1024","height":"1024","caption":"The Sacred Heart School of Montreal"},"image":{"@id":"https:\/\/www.sacredheart.qc.ca\/fr\/#\/schema\/logo\/image\/"},"sameAs":["https:\/\/www.facebook.com\/SacredHeartMontreal\/","https:\/\/x.com\/TheSHSM","https:\/\/www.instagram.com\/SacredHeartMontreal\/","https:\/\/www.linkedin.com\/school\/the-sacred-heart-school-of-montreal\/","https:\/\/www.youtube.com\/user\/TheSacredHeartSchool"]}]}},"ticketed":false,"_links":{"self":[{"href":"https:\/\/www.sacredheart.qc.ca\/fr\/wp-json\/wp\/v2\/pages\/20066","targetHints":{"allow":["GET"]}}],"collection":[{"href":"https:\/\/www.sacredheart.qc.ca\/fr\/wp-json\/wp\/v2\/pages"}],"about":[{"href":"https:\/\/www.sacredheart.qc.ca\/fr\/wp-json\/wp\/v2\/types\/page"}],"author":[{"embeddable":true,"href":"https:\/\/www.sacredheart.qc.ca\/fr\/wp-json\/wp\/v2\/users\/19"}],"replies":[{"embeddable":true,"href":"https:\/\/www.sacredheart.qc.ca\/fr\/wp-json\/wp\/v2\/comments?post=20066"}],"version-history":[{"count":0,"href":"https:\/\/www.sacredheart.qc.ca\/fr\/wp-json\/wp\/v2\/pages\/20066\/revisions"}],"wp:featuredmedia":[{"embeddable":true,"href":"https:\/\/www.sacredheart.qc.ca\/fr\/wp-json\/wp\/v2\/media\/19965"}],"wp:attachment":[{"href":"https:\/\/www.sacredheart.qc.ca\/fr\/wp-json\/wp\/v2\/media?parent=20066"}],"curies":[{"name":"wp","href":"https:\/\/api.w.org\/{rel}","templated":true}]}}