{"id":17937,"date":"2021-08-17T19:44:42","date_gmt":"2021-08-17T23:44:42","guid":{"rendered":"https:\/\/www.sacredheart.qc.ca\/?page_id=17937"},"modified":"2024-02-27T10:47:18","modified_gmt":"2024-02-27T15:47:18","slug":"gala","status":"publish","type":"page","link":"https:\/\/www.sacredheart.qc.ca\/fr\/gala\/","title":{"rendered":"Gala"},"content":{"rendered":"\n<h1>\n\t\t\u00ab\u00a0Party at the Plaza\u00a0\u00bb 9 f\u00e9vrier 2024\n\t<\/h1>\n<h2>\n\t\tMerci d&rsquo;avoir particip\u00e9 \u00e0 notre \u00a0\u00bb Party at the Plaza\u00a0\u00bb 2024 !\n\t<\/h2>\n\t<p>Merci aux\u00a0<b>124 membres<\/b>\u00a0de la communaut\u00e9\u00a0de l&rsquo;\u00c9cole Sacr\u00e9-C\u0153ur\u00a0&#8211; y compris\u00a0 parents, anciennes, commanditaires, fournisseurs, facult<em>\u00e9\u00a0<\/em>et personnel\u00a0&#8211; qui nous ont rejoints le 9 f\u00e9vrier \u00e0 la Plaza Volare ! Ensemble, gr\u00e2ce aux commandites, aux frais d&rsquo;inscription, aux billets de tirage, \u00e0 l&rsquo;encan\u00a0silencieux et aux dons, vous avez recueilli\u00a0<b>presque 50 000 $<\/b>\u00a0pour\u00a0le\u00a0Fonds de bourses\u00a0de l&rsquo;\u00c9cole Sacr\u00e9-C\u0153ur\u00a0! Gr\u00e2ce \u00e0 vous, vous avez contribu\u00e9 \u00e0 garantir que les g\u00e9n\u00e9rations futures de jeunes femmes auront acc\u00e8s \u00e0 l&rsquo;\u00e9ducation\u00a0unique de\u00a0l&rsquo;\u00c9cole Sacr\u00e9-C\u0153ur.\u00a0Cette soir\u00e9e a \u00e9t\u00e9 une formidable occasion de se r\u00e9unir, de s&rsquo;amuser et de rendre notre communaut\u00e9 encore plus forte.<\/p>\n\t\t\t<a href=\"#gala-photos\" target=\"_self\" rel=\"noopener\">\n\t\t\t\t\t\t\tD\u00e9filez vers le bas pour les photos\n\t\t\t\t\t<\/a>\n\t<p>Les invit\u00e9s ont d\u00e9gust\u00e9 un d\u00e9licieux cocktail commandit\u00e9 par la\u00a0<strong>famille Ferri<\/strong>, et ont \u00e9t\u00e9 pris en photo par\u00a0<strong>PBL Photography<\/strong>,\u00a0\u00a0commandit\u00e9\u00a0par\u00a0<strong>Botsis Fruits et L\u00e9gumes.<\/strong>\u00a0Le divertissement,\u00a0commandit\u00e9\u00a0<wbr \/>par\u00a0\u00a0<strong>Mansfield Private Counsel<\/strong>,\u00a0a \u00e9t\u00e9 dirig\u00e8\u00a0par\u00a0<b>DJ Marco Ferri\u00a0<\/b>qui\u00a0a assur\u00e9 la bonne ambiance musicale tout au long de la nuit.<\/p>\n<p>Le souper \u00e0 trois services \u00e9tait commandit\u00e9 par\u00a0<b>Novirtus Transport<\/b>. La soir\u00e9e s&rsquo;est termin\u00e9e sur une note d\u00e9licieuse avec une table sucr\u00e9e orn\u00e9e de desserts offerts par\u00a0<b>Rustique<\/b>\u00a0et\u00a0<b>Caf\u00e9 Gentile<\/b>. La table d&rsquo;inscription \u00e9tait commandit\u00e9e par\u00a0<b>Botsis Fruits et L\u00e9gumes<\/b>, et\u00a0les boissons\u00a0\u00a0\u00e9taient commandit\u00e9es par\u00a0<b>PSB Boisjoli<\/b>. La directrice de l&rsquo;\u00e9cole,\u00a0<b>Patricia Briand<\/b>, a accueilli chaleureusement les invit\u00e9s et\u00a0a prononc\u00e9 un discours sinc\u00e8re en revisitant son parcours jusqu&rsquo;\u00e0 pr\u00e9sent \u00e0 l&rsquo;\u00c9cole. Le succ\u00e8s de la vente des billets de tirage est d\u00fb \u00e0 l&rsquo;aide de\u00a0<b>Sal Catallozzi<\/b>,\u00a0 administrateur,de la Fondation City House repr\u00e9sentant au conseil d&rsquo;administration de l&rsquo;\u00c9cole\u00a0et pr\u00e9sident du comit\u00e9 de collecte de fonds, et de\u00a0<b>Michael Khoury<\/b>, administrateur de la Fondation City House.<\/p>\n<h2>\n\t\tMerci aux personnes qui ont offert les prix du tirage :\n\t<\/h2>\n\t<ul>\n<li><b>Un panier de g\u00e2teries sucr\u00e9es de Rustique\u00a0<\/b>&#8211; d&rsquo;une valeur de 100 $, gracieuset\u00e9 de Rustique<\/li>\n<li><b>Une s\u00e9ance de magasinage \u00e0 \u00c9co-D\u00e9p\u00f4t Montr\u00e9al\u00a0<\/b>&#8211; d&rsquo;une valeur de 300 $, don anonyme<\/li>\n<li><b>2 billets aux Canadiens de Montr\u00e9al\u00a0<\/b>&#8211; d&rsquo;une valeur de 400 $, gracieuset\u00e9 de Roberto Di Giorgio, ancien parent<\/li>\n<li><b>Une soir\u00e9e \u00e0 l&rsquo;H\u00f4tel Bonaparte\u00a0<\/b>&#8211; d&rsquo;une valeur de 600 $, gracieuset\u00e9 de Silvio Sicoli, parent &rsquo;24<\/li>\n<li><b>Une escapade au Fairmont Tremblant<\/b>\u00a0&#8211; d&rsquo;une valeur de 1 000 $, offerte par Anne Marie Marilley &rsquo;82 Johns<\/li>\n<li><b>Un s\u00e9jour au Ritz-Carlton Montr\u00e9al<\/b>\u00a0&#8211; d&rsquo;une valeur de 2 500 $, offert par Katia Piccolino, parent &rsquo;24<\/li>\n<\/ul>\n<h2>\n\t\tMerci aux personnes qui ont offert les prix pour l&rsquo;encan silencieux :\n\t<\/h2>\n\t<p>Ryan Blau; Joe Cammisano, Pavage; Cathy Cianci, ancien parent; Carlo Colella, parent &rsquo;23, &rsquo;26, Helix Global Solutions; Melissa, Frank, Megan &rsquo;26 and Mason Maselli; Evenko, Kate &amp; Geoff Molson, anciens parents; and Andrew Popliger, parent &rsquo;27.<\/p>\n\t\t\t\t<img loading=\"lazy\" decoding=\"async\" src=\"https:\/\/www.sacredheart.qc.ca\/wp-content\/uploads\/2024\/02\/SH-Gala-2024-Facebook-Post-9.png\" alt=\"SH Gala 2024 (Facebook Post) (9)\" itemprop=\"image\" height=\"630\" width=\"1200\" title=\"SH Gala 2024 (Facebook Post) (9)\" onerror=\"this.style.display='none'\"  \/>\n\t\t\t<a href=\"https:\/\/pblphotography.pixieset.com\/sacredheartpartyattheplaza\/\" target=\"_blank\" rel=\"noopener\">\n\t\t\t\t\t\t\tVoir toutes les photos du \u00ab\u00a0Party at the Party\u00a0\u00bb 2024\n\t\t\t\t\t<\/a>\n\n","protected":false},"excerpt":{"rendered":"<p>\u00ab\u00a0Party at the Plaza\u00a0\u00bb 9 f\u00e9vrier 2024 Merci d&rsquo;avoir particip\u00e9 \u00e0 notre \u00a0\u00bb Party at the Plaza\u00a0\u00bb 2024 ! Merci aux\u00a0124 membres\u00a0de la communaut\u00e9\u00a0de l&rsquo;\u00c9cole Sacr\u00e9-C\u0153ur\u00a0&#8211; y compris\u00a0 parents, anciennes,&hellip;<\/p>\n","protected":false},"author":6,"featured_media":0,"parent":0,"menu_order":62,"comment_status":"closed","ping_status":"closed","template":"","meta":{"_acf_changed":false,"inline_featured_image":false,"_price":"","_stock":"","_tribe_ticket_header":"","_tribe_default_ticket_provider":"","_tribe_ticket_capacity":"0","_ticket_start_date":"","_ticket_end_date":"","_tribe_ticket_show_description":"","_tribe_ticket_show_not_going":false,"_tribe_ticket_use_global_stock":"","_tribe_ticket_global_stock_level":"","_global_stock_mode":"","_global_stock_cap":"","_tribe_rsvp_for_event":"","_tribe_ticket_going_count":"","_tribe_ticket_not_going_count":"","_tribe_tickets_list":"[]","_tribe_ticket_has_attendee_info_fields":false,"footnotes":"","_tec_slr_enabled":"","_tec_slr_layout":""},"class_list":["post-17937","page","type-page","status-publish","hentry"],"acf":[],"yoast_head":"<!-- This site is optimized with the Yoast SEO plugin v27.5 - https:\/\/yoast.com\/product\/yoast-seo-wordpress\/ -->\n<title>Gala | Montreal&#039;s Best English Private Catholic Girls School<\/title>\n<meta name=\"description\" content=\"Cette collecte de fonds rassemble les familles actuelles, les anciens \u00e9l\u00e8ves et d&#039;autres sympathisants de notre \u00e9cole, autour d&#039;une soir\u00e9e sp\u00e9ciale de plaisir, de bonne nourriture et de musique !\" \/>\n<meta name=\"robots\" content=\"index, follow, max-snippet:-1, max-image-preview:large, max-video-preview:-1\" \/>\n<link rel=\"canonical\" href=\"https:\/\/www.sacredheart.qc.ca\/fr\/gala\/\" \/>\n<meta property=\"og:locale\" content=\"fr_FR\" \/>\n<meta property=\"og:type\" content=\"article\" \/>\n<meta property=\"og:title\" content=\"Gala | Montreal&#039;s Best English Private Catholic Girls School\" \/>\n<meta property=\"og:description\" content=\"Cette collecte de fonds rassemble les familles actuelles, les anciens \u00e9l\u00e8ves et d&#039;autres sympathisants de notre \u00e9cole, autour d&#039;une soir\u00e9e sp\u00e9ciale de plaisir, de bonne nourriture et de musique !\" \/>\n<meta property=\"og:url\" content=\"https:\/\/www.sacredheart.qc.ca\/fr\/gala\/\" \/>\n<meta property=\"og:site_name\" content=\"The Sacred Heart School of Montreal\" \/>\n<meta property=\"article:publisher\" content=\"https:\/\/www.facebook.com\/SacredHeartMontreal\/\" \/>\n<meta property=\"article:modified_time\" content=\"2024-02-27T15:47:18+00:00\" \/>\n<meta property=\"og:image\" content=\"https:\/\/www.sacredheart.qc.ca\/wp-content\/uploads\/2024\/02\/SH-Gala-2024-Facebook-Post-9.png\" \/>\n<meta name=\"twitter:card\" content=\"summary_large_image\" \/>\n<meta name=\"twitter:site\" content=\"@TheSHSM\" \/>\n<script type=\"application\/ld+json\" class=\"yoast-schema-graph\">{\"@context\":\"https:\\\/\\\/schema.org\",\"@graph\":[{\"@type\":\"WebPage\",\"@id\":\"https:\\\/\\\/www.sacredheart.qc.ca\\\/fr\\\/gala\\\/\",\"url\":\"https:\\\/\\\/www.sacredheart.qc.ca\\\/fr\\\/gala\\\/\",\"name\":\"Gala | Montreal's Best English Private Catholic Girls School\",\"isPartOf\":{\"@id\":\"https:\\\/\\\/www.sacredheart.qc.ca\\\/fr\\\/#website\"},\"primaryImageOfPage\":{\"@id\":\"https:\\\/\\\/www.sacredheart.qc.ca\\\/fr\\\/gala\\\/#primaryimage\"},\"image\":{\"@id\":\"https:\\\/\\\/www.sacredheart.qc.ca\\\/fr\\\/gala\\\/#primaryimage\"},\"thumbnailUrl\":\"https:\\\/\\\/www.sacredheart.qc.ca\\\/wp-content\\\/uploads\\\/2024\\\/02\\\/SH-Gala-2024-Facebook-Post-9.png\",\"datePublished\":\"2021-08-17T23:44:42+00:00\",\"dateModified\":\"2024-02-27T15:47:18+00:00\",\"description\":\"Cette collecte de fonds rassemble les familles actuelles, les anciens \u00e9l\u00e8ves et d'autres sympathisants de notre \u00e9cole, autour d'une soir\u00e9e sp\u00e9ciale de plaisir, de bonne nourriture et de musique !\",\"breadcrumb\":{\"@id\":\"https:\\\/\\\/www.sacredheart.qc.ca\\\/fr\\\/gala\\\/#breadcrumb\"},\"inLanguage\":\"fr-FR\",\"potentialAction\":[{\"@type\":\"ReadAction\",\"target\":[\"https:\\\/\\\/www.sacredheart.qc.ca\\\/fr\\\/gala\\\/\"]}]},{\"@type\":\"ImageObject\",\"inLanguage\":\"fr-FR\",\"@id\":\"https:\\\/\\\/www.sacredheart.qc.ca\\\/fr\\\/gala\\\/#primaryimage\",\"url\":\"https:\\\/\\\/www.sacredheart.qc.ca\\\/wp-content\\\/uploads\\\/2024\\\/02\\\/SH-Gala-2024-Facebook-Post-9.png\",\"contentUrl\":\"https:\\\/\\\/www.sacredheart.qc.ca\\\/wp-content\\\/uploads\\\/2024\\\/02\\\/SH-Gala-2024-Facebook-Post-9.png\"},{\"@type\":\"BreadcrumbList\",\"@id\":\"https:\\\/\\\/www.sacredheart.qc.ca\\\/fr\\\/gala\\\/#breadcrumb\",\"itemListElement\":[{\"@type\":\"ListItem\",\"position\":1,\"name\":\"Home\",\"item\":\"https:\\\/\\\/www.sacredheart.qc.ca\\\/fr\\\/\"},{\"@type\":\"ListItem\",\"position\":2,\"name\":\"Gala\"}]},{\"@type\":\"WebSite\",\"@id\":\"https:\\\/\\\/www.sacredheart.qc.ca\\\/fr\\\/#website\",\"url\":\"https:\\\/\\\/www.sacredheart.qc.ca\\\/fr\\\/\",\"name\":\"The Sacred Heart School of Montreal\",\"description\":\"Girls Only Private Catholic English High School - 100% Graduation Rate\",\"publisher\":{\"@id\":\"https:\\\/\\\/www.sacredheart.qc.ca\\\/fr\\\/#organization\"},\"alternateName\":\"The Sacred Heart School of Montreal\",\"potentialAction\":[{\"@type\":\"SearchAction\",\"target\":{\"@type\":\"EntryPoint\",\"urlTemplate\":\"https:\\\/\\\/www.sacredheart.qc.ca\\\/fr\\\/?s={search_term_string}\"},\"query-input\":{\"@type\":\"PropertyValueSpecification\",\"valueRequired\":true,\"valueName\":\"search_term_string\"}}],\"inLanguage\":\"fr-FR\"},{\"@type\":\"Organization\",\"@id\":\"https:\\\/\\\/www.sacredheart.qc.ca\\\/fr\\\/#organization\",\"name\":\"The Sacred Heart School of Montreal\",\"url\":\"https:\\\/\\\/www.sacredheart.qc.ca\\\/fr\\\/\",\"logo\":{\"@type\":\"ImageObject\",\"inLanguage\":\"fr-FR\",\"@id\":\"https:\\\/\\\/www.sacredheart.qc.ca\\\/fr\\\/#\\\/schema\\\/logo\\\/image\\\/\",\"url\":\"https:\\\/\\\/www.sacredheart.qc.ca\\\/wp-content\\\/uploads\\\/2021\\\/06\\\/LogoScredHeart.svg\",\"contentUrl\":\"https:\\\/\\\/www.sacredheart.qc.ca\\\/wp-content\\\/uploads\\\/2021\\\/06\\\/LogoScredHeart.svg\",\"width\":\"1024\",\"height\":\"1024\",\"caption\":\"The Sacred Heart School of Montreal\"},\"image\":{\"@id\":\"https:\\\/\\\/www.sacredheart.qc.ca\\\/fr\\\/#\\\/schema\\\/logo\\\/image\\\/\"},\"sameAs\":[\"https:\\\/\\\/www.facebook.com\\\/SacredHeartMontreal\\\/\",\"https:\\\/\\\/x.com\\\/TheSHSM\",\"https:\\\/\\\/www.instagram.com\\\/SacredHeartMontreal\\\/\",\"https:\\\/\\\/www.linkedin.com\\\/school\\\/the-sacred-heart-school-of-montreal\\\/\",\"https:\\\/\\\/www.youtube.com\\\/user\\\/TheSacredHeartSchool\"]}]}<\/script>\n<!-- \/ Yoast SEO plugin. -->","yoast_head_json":{"title":"Gala | Montreal's Best English Private Catholic Girls School","description":"Cette collecte de fonds rassemble les familles actuelles, les anciens \u00e9l\u00e8ves et d'autres sympathisants de notre \u00e9cole, autour d'une soir\u00e9e sp\u00e9ciale de plaisir, de bonne nourriture et de musique !","robots":{"index":"index","follow":"follow","max-snippet":"max-snippet:-1","max-image-preview":"max-image-preview:large","max-video-preview":"max-video-preview:-1"},"canonical":"https:\/\/www.sacredheart.qc.ca\/fr\/gala\/","og_locale":"fr_FR","og_type":"article","og_title":"Gala | Montreal's Best English Private Catholic Girls School","og_description":"Cette collecte de fonds rassemble les familles actuelles, les anciens \u00e9l\u00e8ves et d'autres sympathisants de notre \u00e9cole, autour d'une soir\u00e9e sp\u00e9ciale de plaisir, de bonne nourriture et de musique !","og_url":"https:\/\/www.sacredheart.qc.ca\/fr\/gala\/","og_site_name":"The Sacred Heart School of Montreal","article_publisher":"https:\/\/www.facebook.com\/SacredHeartMontreal\/","article_modified_time":"2024-02-27T15:47:18+00:00","og_image":[{"url":"https:\/\/www.sacredheart.qc.ca\/wp-content\/uploads\/2024\/02\/SH-Gala-2024-Facebook-Post-9.png","type":"","width":"","height":""}],"twitter_card":"summary_large_image","twitter_site":"@TheSHSM","schema":{"@context":"https:\/\/schema.org","@graph":[{"@type":"WebPage","@id":"https:\/\/www.sacredheart.qc.ca\/fr\/gala\/","url":"https:\/\/www.sacredheart.qc.ca\/fr\/gala\/","name":"Gala | Montreal's Best English Private Catholic Girls School","isPartOf":{"@id":"https:\/\/www.sacredheart.qc.ca\/fr\/#website"},"primaryImageOfPage":{"@id":"https:\/\/www.sacredheart.qc.ca\/fr\/gala\/#primaryimage"},"image":{"@id":"https:\/\/www.sacredheart.qc.ca\/fr\/gala\/#primaryimage"},"thumbnailUrl":"https:\/\/www.sacredheart.qc.ca\/wp-content\/uploads\/2024\/02\/SH-Gala-2024-Facebook-Post-9.png","datePublished":"2021-08-17T23:44:42+00:00","dateModified":"2024-02-27T15:47:18+00:00","description":"Cette collecte de fonds rassemble les familles actuelles, les anciens \u00e9l\u00e8ves et d'autres sympathisants de notre \u00e9cole, autour d'une soir\u00e9e sp\u00e9ciale de plaisir, de bonne nourriture et de musique !","breadcrumb":{"@id":"https:\/\/www.sacredheart.qc.ca\/fr\/gala\/#breadcrumb"},"inLanguage":"fr-FR","potentialAction":[{"@type":"ReadAction","target":["https:\/\/www.sacredheart.qc.ca\/fr\/gala\/"]}]},{"@type":"ImageObject","inLanguage":"fr-FR","@id":"https:\/\/www.sacredheart.qc.ca\/fr\/gala\/#primaryimage","url":"https:\/\/www.sacredheart.qc.ca\/wp-content\/uploads\/2024\/02\/SH-Gala-2024-Facebook-Post-9.png","contentUrl":"https:\/\/www.sacredheart.qc.ca\/wp-content\/uploads\/2024\/02\/SH-Gala-2024-Facebook-Post-9.png"},{"@type":"BreadcrumbList","@id":"https:\/\/www.sacredheart.qc.ca\/fr\/gala\/#breadcrumb","itemListElement":[{"@type":"ListItem","position":1,"name":"Home","item":"https:\/\/www.sacredheart.qc.ca\/fr\/"},{"@type":"ListItem","position":2,"name":"Gala"}]},{"@type":"WebSite","@id":"https:\/\/www.sacredheart.qc.ca\/fr\/#website","url":"https:\/\/www.sacredheart.qc.ca\/fr\/","name":"The Sacred Heart School of Montreal","description":"Girls Only Private Catholic English High School - 100% Graduation Rate","publisher":{"@id":"https:\/\/www.sacredheart.qc.ca\/fr\/#organization"},"alternateName":"The Sacred Heart School of Montreal","potentialAction":[{"@type":"SearchAction","target":{"@type":"EntryPoint","urlTemplate":"https:\/\/www.sacredheart.qc.ca\/fr\/?s={search_term_string}"},"query-input":{"@type":"PropertyValueSpecification","valueRequired":true,"valueName":"search_term_string"}}],"inLanguage":"fr-FR"},{"@type":"Organization","@id":"https:\/\/www.sacredheart.qc.ca\/fr\/#organization","name":"The Sacred Heart School of Montreal","url":"https:\/\/www.sacredheart.qc.ca\/fr\/","logo":{"@type":"ImageObject","inLanguage":"fr-FR","@id":"https:\/\/www.sacredheart.qc.ca\/fr\/#\/schema\/logo\/image\/","url":"https:\/\/www.sacredheart.qc.ca\/wp-content\/uploads\/2021\/06\/LogoScredHeart.svg","contentUrl":"https:\/\/www.sacredheart.qc.ca\/wp-content\/uploads\/2021\/06\/LogoScredHeart.svg","width":"1024","height":"1024","caption":"The Sacred Heart School of Montreal"},"image":{"@id":"https:\/\/www.sacredheart.qc.ca\/fr\/#\/schema\/logo\/image\/"},"sameAs":["https:\/\/www.facebook.com\/SacredHeartMontreal\/","https:\/\/x.com\/TheSHSM","https:\/\/www.instagram.com\/SacredHeartMontreal\/","https:\/\/www.linkedin.com\/school\/the-sacred-heart-school-of-montreal\/","https:\/\/www.youtube.com\/user\/TheSacredHeartSchool"]}]}},"ticketed":false,"_links":{"self":[{"href":"https:\/\/www.sacredheart.qc.ca\/fr\/wp-json\/wp\/v2\/pages\/17937","targetHints":{"allow":["GET"]}}],"collection":[{"href":"https:\/\/www.sacredheart.qc.ca\/fr\/wp-json\/wp\/v2\/pages"}],"about":[{"href":"https:\/\/www.sacredheart.qc.ca\/fr\/wp-json\/wp\/v2\/types\/page"}],"author":[{"embeddable":true,"href":"https:\/\/www.sacredheart.qc.ca\/fr\/wp-json\/wp\/v2\/users\/6"}],"replies":[{"embeddable":true,"href":"https:\/\/www.sacredheart.qc.ca\/fr\/wp-json\/wp\/v2\/comments?post=17937"}],"version-history":[{"count":0,"href":"https:\/\/www.sacredheart.qc.ca\/fr\/wp-json\/wp\/v2\/pages\/17937\/revisions"}],"wp:attachment":[{"href":"https:\/\/www.sacredheart.qc.ca\/fr\/wp-json\/wp\/v2\/media?parent=17937"}],"curies":[{"name":"wp","href":"https:\/\/api.w.org\/{rel}","templated":true}]}}