{"id":17759,"date":"2021-06-17T19:27:37","date_gmt":"2021-06-17T23:27:37","guid":{"rendered":"https:\/\/www.sacredheart.qc.ca\/?page_id=17759"},"modified":"2025-11-18T10:26:36","modified_gmt":"2025-11-18T15:26:36","slug":"grade-12-exigences","status":"publish","type":"page","link":"https:\/\/www.sacredheart.qc.ca\/fr\/admissions\/criteres-12-annee\/","title":{"rendered":"Crit\u00e8res d&rsquo;admissibilit\u00e9 (12e ann\u00e9e)"},"content":{"rendered":"\n<h1>\n\t\t\tCrit\u00e8res d&rsquo;admissibilit\u00e9 \u00e0 la 12e ann\u00e9e d&rsquo;\u00e9tudes au Qu\u00e9bec\t<\/h1>\n<h1>\n\t\t\tEn savoir plus sur les crit\u00e8res d&rsquo;admissibilit\u00e9 en 12e ann\u00e9e. \t<\/h1>\n\t<p>Notre \u00e9cole s&rsquo;est associ\u00e9e \u00e0 Northern Pre University (NPU), soutenue par OVS <a href=\"https:\/\/www.virtualhighschool.com\/\" target=\"_blank\" rel=\"noopener\">(Ontario Virtual School &#8211; accr\u00e9dit\u00e9e par le minist\u00e8re de l&rsquo;\u00c9ducation de l&rsquo;Ontario<\/a>), afin d&rsquo;offrir un programme pr\u00e9universitaire riche, associ\u00e9 \u00e0 un apprentissage actif de qualit\u00e9 en classe avec les enseignants de l&rsquo;\u00e9cole Sacr\u00e9-Coeur.<\/p>\n<p>En savoir plus sur les programmes et cours <a href=\"https:\/\/www.sacredheart.qc.ca\/fr\/pedagogie\/12e-annee\/\">p\u00e9dagogiques de la 12e ann\u00e9e<\/a> offerts par l&rsquo;\u00e9cole.<\/p>\n<h2>\n\t\t\tExigences pour les \u00e9tudiantes domestiques\t<\/h2>\n\t<ul>\n<li><strong>Admissibilit\u00e9 \u00e0 l&rsquo;anglais :<\/strong> Non requis pour la 12e ann\u00e9e.<\/li>\n<li><strong>Examens d&rsquo;entr\u00e9e :<\/strong> Aucun examen d&rsquo;entr\u00e9e n&rsquo;est n\u00e9cessaire pour l&rsquo;admission.<\/li>\n<li><strong>\u00c9valuation des candidatures :<\/strong> Les admissions sont d\u00e9termin\u00e9es sur la base des relev\u00e9s de notes, du rapport confidentiel de l&rsquo;\u00e9cole, du profil de l&rsquo;\u00e9tudiante et d&rsquo;un entretien.<\/li>\n<li><strong>Pour le programme de commerce :<\/strong> Il faut avoir termin\u00e9 la 11e ann\u00e9e, option sciences ou math\u00e9matiques.<\/li>\n<li><strong>Pour le programme de sciences<\/strong> <strong>:<\/strong> Doit avoir termin\u00e9 la 11e ann\u00e9e de l&rsquo;option sciences-math\u00e9matiques.<\/li>\n<li>De plus, un dipl\u00f4me de physique et de chimie de 11e ann\u00e9e est exig\u00e9.<\/li>\n<\/ul>\n<p>En r\u00e9pondant \u00e0 ces crit\u00e8res, les \u00e9tudiantes peuvent s&rsquo;assurer une place dans le programme de 12e ann\u00e9e \u00e0 l&rsquo;\u00c9cole Sacr\u00e9-Coeur de Montr\u00e9al, con\u00e7u pour offrir une exp\u00e9rience \u00e9ducative compl\u00e8te.<\/p>\n<h2>\n\t\t\tExigences pour les \u00e9tudiantes internationales\t<\/h2>\n\t<p>Comp\u00e9tences en anglais<\/p>\n<ul>\n<li><strong>TOEFL :<\/strong> Un score de 90 pour le TOEFL iBT ou de 500 pour le TOEFL papier est requis.<\/li>\n<li><strong>IELTS :<\/strong> un score compris entre 6 et 6,5 est acceptable.<\/li>\n<li><strong>CAEL :<\/strong> Un score minimum de 70 est n\u00e9cessaire.<\/li>\n<\/ul>\n<p>Exigences suppl\u00e9mentaires<\/p>\n<ul>\n<li><strong>Documents d&rsquo;immigration :<\/strong> Doivent \u00eatre fournis ; contactez le bureau des admissions pour plus de d\u00e9tails.<\/li>\n<li><strong>Informations sur le programme scolaire<\/strong> <strong>:<\/strong> Des d\u00e9tails suppl\u00e9mentaires sur le programme scolaire de l&rsquo;\u00e9cole actuelle de l&rsquo;\u00e9l\u00e8ve peuvent \u00eatre demand\u00e9s, si n\u00e9cessaire.<\/li>\n<\/ul>\n<p>En remplissant ces crit\u00e8res, les \u00e9tudiantes internationales peuvent \u00eatre admis au programme de la 12e ann\u00e9e, con\u00e7u pour offrir une base \u00e9ducative solide en vue d&rsquo;une r\u00e9ussite future.<\/p>\n<h2>\n\t\t\tVous pouvez \u00e9galement \u00eatre int\u00e9ress\u00e9 par\t<\/h2>\n\t\t\t<a href=\"https:\/\/www.sacredheart.qc.ca\/fr\/pedagogie\/12e-annee\/\" target=\"_self\">\n\t\t\t\t\t\t\tP\u00e9dagogie de la 12e ann\u00e9e\n\t\t\t<\/a>\n\t\t\t<a href=\"https:\/\/www.sacredheart.qc.ca\/fr\/admissions\/frais-scolarite-aide-financiere\/\" target=\"_self\">\n\t\t\t\t\t\t\tDroits de scolarit\u00e9 et aide financi\u00e8re\n\t\t\t<\/a>\n\t\t\t<a href=\"https:\/\/www.sacredheart.qc.ca\/fr\/admissions\" target=\"_self\">\n\t\t\t\t\t\t\tS&rsquo;inscrire\n\t\t\t<\/a>\n<h2>\n\t\t\tDes questions sur la 12e ann\u00e9e ?\t<\/h2>\n\t<p>Veuillez contacter Mme Stephanie Broadhurst, directrice de la gestion des inscriptions, \u00e0 l&rsquo;adresse suivante<\/p>\n\t<p><a href=\"mailto:admissions@sacredheart.qc.ca\">admissions@sacredheart.qc.ca<\/a><\/p>\n\t<p><strong>T\u00e9l\u00e9phone :<\/strong> +1-514-937-2845 x 114<\/p>\n<p><strong>WeChat :<\/strong> StephB15 | <strong>Whatsapp :<\/strong> +1-514-654-9406<\/p>\n\n","protected":false},"excerpt":{"rendered":"<p>Crit\u00e8res d&rsquo;admissibilit\u00e9 \u00e0 la 12e ann\u00e9e d&rsquo;\u00e9tudes au Qu\u00e9bec En savoir plus sur les crit\u00e8res d&rsquo;admissibilit\u00e9 en 12e ann\u00e9e. Notre \u00e9cole s&rsquo;est associ\u00e9e \u00e0 Northern Pre University (NPU), soutenue par&hellip;<\/p>\n","protected":false},"author":2,"featured_media":16182,"parent":0,"menu_order":150,"comment_status":"closed","ping_status":"closed","template":"","meta":{"_acf_changed":false,"inline_featured_image":false,"_price":"","_stock":"","_tribe_ticket_header":"","_tribe_default_ticket_provider":"","_tribe_ticket_capacity":"0","_ticket_start_date":"","_ticket_end_date":"","_tribe_ticket_show_description":"","_tribe_ticket_show_not_going":false,"_tribe_ticket_use_global_stock":"","_tribe_ticket_global_stock_level":"","_global_stock_mode":"","_global_stock_cap":"","_tribe_rsvp_for_event":"","_tribe_ticket_going_count":"","_tribe_ticket_not_going_count":"","_tribe_tickets_list":"[]","_tribe_ticket_has_attendee_info_fields":false,"footnotes":"","_tec_slr_enabled":"","_tec_slr_layout":""},"class_list":["post-17759","page","type-page","status-publish","has-post-thumbnail","hentry"],"acf":[],"yoast_head":"<!-- This site is optimized with the Yoast SEO plugin v27.3 - https:\/\/yoast.com\/product\/yoast-seo-wordpress\/ -->\n<title>Crit\u00e8res d&#039;admissibilit\u00e9 pour la 12e ann\u00e9e : La seule \u00e9cole priv\u00e9e catholique anglophone pour filles \u00e0 Montr\u00e9al | L&#039;\u00c9cole Sacr\u00e9-C\u0153ur de Montr\u00e9al<\/title>\n<meta name=\"description\" content=\"Exigences de la 12e ann\u00e9e pour l&#039;\u00e9cole secondaire priv\u00e9e pour filles ; un programme pr\u00e9-universitaire d&#039;un an offrant des cours de commerce, de sciences et de sciences sociales dans l&#039;une des meilleures \u00e9coles priv\u00e9es anglophones pour filles \u00e0 Montr\u00e9al.\" \/>\n<meta name=\"robots\" content=\"index, follow, max-snippet:-1, max-image-preview:large, max-video-preview:-1\" \/>\n<link rel=\"canonical\" href=\"https:\/\/www.sacredheart.qc.ca\/fr\/admissions\/criteres-12-annee\/\" \/>\n<meta property=\"og:locale\" content=\"fr_FR\" \/>\n<meta property=\"og:type\" content=\"article\" \/>\n<meta property=\"og:title\" content=\"Crit\u00e8res d&#039;admissibilit\u00e9 pour la 12e ann\u00e9e : La seule \u00e9cole priv\u00e9e catholique anglophone pour filles \u00e0 Montr\u00e9al | L&#039;\u00c9cole Sacr\u00e9-C\u0153ur de Montr\u00e9al\" \/>\n<meta property=\"og:description\" content=\"Exigences de la 12e ann\u00e9e pour l&#039;\u00e9cole secondaire priv\u00e9e pour filles ; un programme pr\u00e9-universitaire d&#039;un an offrant des cours de commerce, de sciences et de sciences sociales dans l&#039;une des meilleures \u00e9coles priv\u00e9es anglophones pour filles \u00e0 Montr\u00e9al.\" \/>\n<meta property=\"og:url\" content=\"https:\/\/www.sacredheart.qc.ca\/fr\/admissions\/criteres-12-annee\/\" \/>\n<meta property=\"og:site_name\" content=\"The Sacred Heart School of Montreal\" \/>\n<meta property=\"article:publisher\" content=\"https:\/\/www.facebook.com\/SacredHeartMontreal\/\" \/>\n<meta property=\"article:modified_time\" content=\"2025-11-18T15:26:36+00:00\" \/>\n<meta property=\"og:image\" content=\"https:\/\/www.sacredheart.qc.ca\/wp-content\/uploads\/2021\/07\/Apply-Grade12.jpg\" \/>\n\t<meta property=\"og:image:width\" content=\"1480\" \/>\n\t<meta property=\"og:image:height\" content=\"575\" \/>\n\t<meta property=\"og:image:type\" content=\"image\/jpeg\" \/>\n<meta name=\"twitter:card\" content=\"summary_large_image\" \/>\n<meta name=\"twitter:site\" content=\"@TheSHSM\" \/>\n<meta name=\"twitter:label1\" content=\"Dur\u00e9e de lecture estim\u00e9e\" \/>\n\t<meta name=\"twitter:data1\" content=\"2 minutes\" \/>\n<script type=\"application\/ld+json\" class=\"yoast-schema-graph\">{\"@context\":\"https:\\\/\\\/schema.org\",\"@graph\":[{\"@type\":\"WebPage\",\"@id\":\"https:\\\/\\\/www.sacredheart.qc.ca\\\/fr\\\/admissions\\\/criteres-12-annee\\\/\",\"url\":\"https:\\\/\\\/www.sacredheart.qc.ca\\\/fr\\\/admissions\\\/criteres-12-annee\\\/\",\"name\":\"Crit\u00e8res d'admissibilit\u00e9 pour la 12e ann\u00e9e : La seule \u00e9cole priv\u00e9e catholique anglophone pour filles \u00e0 Montr\u00e9al | L'\u00c9cole Sacr\u00e9-C\u0153ur de Montr\u00e9al\",\"isPartOf\":{\"@id\":\"https:\\\/\\\/www.sacredheart.qc.ca\\\/fr\\\/#website\"},\"primaryImageOfPage\":{\"@id\":\"https:\\\/\\\/www.sacredheart.qc.ca\\\/fr\\\/admissions\\\/criteres-12-annee\\\/#primaryimage\"},\"image\":{\"@id\":\"https:\\\/\\\/www.sacredheart.qc.ca\\\/fr\\\/admissions\\\/criteres-12-annee\\\/#primaryimage\"},\"thumbnailUrl\":\"https:\\\/\\\/www.sacredheart.qc.ca\\\/wp-content\\\/uploads\\\/2021\\\/07\\\/Apply-Grade12.jpg\",\"datePublished\":\"2021-06-17T23:27:37+00:00\",\"dateModified\":\"2025-11-18T15:26:36+00:00\",\"description\":\"Exigences de la 12e ann\u00e9e pour l'\u00e9cole secondaire priv\u00e9e pour filles ; un programme pr\u00e9-universitaire d'un an offrant des cours de commerce, de sciences et de sciences sociales dans l'une des meilleures \u00e9coles priv\u00e9es anglophones pour filles \u00e0 Montr\u00e9al.\",\"breadcrumb\":{\"@id\":\"https:\\\/\\\/www.sacredheart.qc.ca\\\/fr\\\/admissions\\\/criteres-12-annee\\\/#breadcrumb\"},\"inLanguage\":\"fr-FR\",\"potentialAction\":[{\"@type\":\"ReadAction\",\"target\":[\"https:\\\/\\\/www.sacredheart.qc.ca\\\/fr\\\/admissions\\\/criteres-12-annee\\\/\"]}]},{\"@type\":\"ImageObject\",\"inLanguage\":\"fr-FR\",\"@id\":\"https:\\\/\\\/www.sacredheart.qc.ca\\\/fr\\\/admissions\\\/criteres-12-annee\\\/#primaryimage\",\"url\":\"https:\\\/\\\/www.sacredheart.qc.ca\\\/wp-content\\\/uploads\\\/2021\\\/07\\\/Apply-Grade12.jpg\",\"contentUrl\":\"https:\\\/\\\/www.sacredheart.qc.ca\\\/wp-content\\\/uploads\\\/2021\\\/07\\\/Apply-Grade12.jpg\",\"width\":1480,\"height\":575},{\"@type\":\"BreadcrumbList\",\"@id\":\"https:\\\/\\\/www.sacredheart.qc.ca\\\/fr\\\/admissions\\\/criteres-12-annee\\\/#breadcrumb\",\"itemListElement\":[{\"@type\":\"ListItem\",\"position\":1,\"name\":\"Home\",\"item\":\"https:\\\/\\\/www.sacredheart.qc.ca\\\/fr\\\/\"},{\"@type\":\"ListItem\",\"position\":2,\"name\":\"Crit\u00e8res d&rsquo;admissibilit\u00e9 (12e ann\u00e9e)\"}]},{\"@type\":\"WebSite\",\"@id\":\"https:\\\/\\\/www.sacredheart.qc.ca\\\/fr\\\/#website\",\"url\":\"https:\\\/\\\/www.sacredheart.qc.ca\\\/fr\\\/\",\"name\":\"The Sacred Heart School of Montreal\",\"description\":\"Girls Only Private Catholic English High School - 100% Graduation Rate\",\"publisher\":{\"@id\":\"https:\\\/\\\/www.sacredheart.qc.ca\\\/fr\\\/#organization\"},\"alternateName\":\"The Sacred Heart School of Montreal\",\"potentialAction\":[{\"@type\":\"SearchAction\",\"target\":{\"@type\":\"EntryPoint\",\"urlTemplate\":\"https:\\\/\\\/www.sacredheart.qc.ca\\\/fr\\\/?s={search_term_string}\"},\"query-input\":{\"@type\":\"PropertyValueSpecification\",\"valueRequired\":true,\"valueName\":\"search_term_string\"}}],\"inLanguage\":\"fr-FR\"},{\"@type\":\"Organization\",\"@id\":\"https:\\\/\\\/www.sacredheart.qc.ca\\\/fr\\\/#organization\",\"name\":\"The Sacred Heart School of Montreal\",\"url\":\"https:\\\/\\\/www.sacredheart.qc.ca\\\/fr\\\/\",\"logo\":{\"@type\":\"ImageObject\",\"inLanguage\":\"fr-FR\",\"@id\":\"https:\\\/\\\/www.sacredheart.qc.ca\\\/fr\\\/#\\\/schema\\\/logo\\\/image\\\/\",\"url\":\"https:\\\/\\\/www.sacredheart.qc.ca\\\/wp-content\\\/uploads\\\/2021\\\/06\\\/LogoScredHeart.svg\",\"contentUrl\":\"https:\\\/\\\/www.sacredheart.qc.ca\\\/wp-content\\\/uploads\\\/2021\\\/06\\\/LogoScredHeart.svg\",\"width\":\"1024\",\"height\":\"1024\",\"caption\":\"The Sacred Heart School of Montreal\"},\"image\":{\"@id\":\"https:\\\/\\\/www.sacredheart.qc.ca\\\/fr\\\/#\\\/schema\\\/logo\\\/image\\\/\"},\"sameAs\":[\"https:\\\/\\\/www.facebook.com\\\/SacredHeartMontreal\\\/\",\"https:\\\/\\\/x.com\\\/TheSHSM\",\"https:\\\/\\\/www.instagram.com\\\/SacredHeartMontreal\\\/\",\"https:\\\/\\\/www.linkedin.com\\\/school\\\/the-sacred-heart-school-of-montreal\\\/\",\"https:\\\/\\\/www.youtube.com\\\/user\\\/TheSacredHeartSchool\"]}]}<\/script>\n<!-- \/ Yoast SEO plugin. -->","yoast_head_json":{"title":"Crit\u00e8res d'admissibilit\u00e9 pour la 12e ann\u00e9e : La seule \u00e9cole priv\u00e9e catholique anglophone pour filles \u00e0 Montr\u00e9al | L'\u00c9cole Sacr\u00e9-C\u0153ur de Montr\u00e9al","description":"Exigences de la 12e ann\u00e9e pour l'\u00e9cole secondaire priv\u00e9e pour filles ; un programme pr\u00e9-universitaire d'un an offrant des cours de commerce, de sciences et de sciences sociales dans l'une des meilleures \u00e9coles priv\u00e9es anglophones pour filles \u00e0 Montr\u00e9al.","robots":{"index":"index","follow":"follow","max-snippet":"max-snippet:-1","max-image-preview":"max-image-preview:large","max-video-preview":"max-video-preview:-1"},"canonical":"https:\/\/www.sacredheart.qc.ca\/fr\/admissions\/criteres-12-annee\/","og_locale":"fr_FR","og_type":"article","og_title":"Crit\u00e8res d'admissibilit\u00e9 pour la 12e ann\u00e9e : La seule \u00e9cole priv\u00e9e catholique anglophone pour filles \u00e0 Montr\u00e9al | L'\u00c9cole Sacr\u00e9-C\u0153ur de Montr\u00e9al","og_description":"Exigences de la 12e ann\u00e9e pour l'\u00e9cole secondaire priv\u00e9e pour filles ; un programme pr\u00e9-universitaire d'un an offrant des cours de commerce, de sciences et de sciences sociales dans l'une des meilleures \u00e9coles priv\u00e9es anglophones pour filles \u00e0 Montr\u00e9al.","og_url":"https:\/\/www.sacredheart.qc.ca\/fr\/admissions\/criteres-12-annee\/","og_site_name":"The Sacred Heart School of Montreal","article_publisher":"https:\/\/www.facebook.com\/SacredHeartMontreal\/","article_modified_time":"2025-11-18T15:26:36+00:00","og_image":[{"width":1480,"height":575,"url":"https:\/\/www.sacredheart.qc.ca\/wp-content\/uploads\/2021\/07\/Apply-Grade12.jpg","type":"image\/jpeg"}],"twitter_card":"summary_large_image","twitter_site":"@TheSHSM","twitter_misc":{"Dur\u00e9e de lecture estim\u00e9e":"2 minutes"},"schema":{"@context":"https:\/\/schema.org","@graph":[{"@type":"WebPage","@id":"https:\/\/www.sacredheart.qc.ca\/fr\/admissions\/criteres-12-annee\/","url":"https:\/\/www.sacredheart.qc.ca\/fr\/admissions\/criteres-12-annee\/","name":"Crit\u00e8res d'admissibilit\u00e9 pour la 12e ann\u00e9e : La seule \u00e9cole priv\u00e9e catholique anglophone pour filles \u00e0 Montr\u00e9al | L'\u00c9cole Sacr\u00e9-C\u0153ur de Montr\u00e9al","isPartOf":{"@id":"https:\/\/www.sacredheart.qc.ca\/fr\/#website"},"primaryImageOfPage":{"@id":"https:\/\/www.sacredheart.qc.ca\/fr\/admissions\/criteres-12-annee\/#primaryimage"},"image":{"@id":"https:\/\/www.sacredheart.qc.ca\/fr\/admissions\/criteres-12-annee\/#primaryimage"},"thumbnailUrl":"https:\/\/www.sacredheart.qc.ca\/wp-content\/uploads\/2021\/07\/Apply-Grade12.jpg","datePublished":"2021-06-17T23:27:37+00:00","dateModified":"2025-11-18T15:26:36+00:00","description":"Exigences de la 12e ann\u00e9e pour l'\u00e9cole secondaire priv\u00e9e pour filles ; un programme pr\u00e9-universitaire d'un an offrant des cours de commerce, de sciences et de sciences sociales dans l'une des meilleures \u00e9coles priv\u00e9es anglophones pour filles \u00e0 Montr\u00e9al.","breadcrumb":{"@id":"https:\/\/www.sacredheart.qc.ca\/fr\/admissions\/criteres-12-annee\/#breadcrumb"},"inLanguage":"fr-FR","potentialAction":[{"@type":"ReadAction","target":["https:\/\/www.sacredheart.qc.ca\/fr\/admissions\/criteres-12-annee\/"]}]},{"@type":"ImageObject","inLanguage":"fr-FR","@id":"https:\/\/www.sacredheart.qc.ca\/fr\/admissions\/criteres-12-annee\/#primaryimage","url":"https:\/\/www.sacredheart.qc.ca\/wp-content\/uploads\/2021\/07\/Apply-Grade12.jpg","contentUrl":"https:\/\/www.sacredheart.qc.ca\/wp-content\/uploads\/2021\/07\/Apply-Grade12.jpg","width":1480,"height":575},{"@type":"BreadcrumbList","@id":"https:\/\/www.sacredheart.qc.ca\/fr\/admissions\/criteres-12-annee\/#breadcrumb","itemListElement":[{"@type":"ListItem","position":1,"name":"Home","item":"https:\/\/www.sacredheart.qc.ca\/fr\/"},{"@type":"ListItem","position":2,"name":"Crit\u00e8res d&rsquo;admissibilit\u00e9 (12e ann\u00e9e)"}]},{"@type":"WebSite","@id":"https:\/\/www.sacredheart.qc.ca\/fr\/#website","url":"https:\/\/www.sacredheart.qc.ca\/fr\/","name":"The Sacred Heart School of Montreal","description":"Girls Only Private Catholic English High School - 100% Graduation Rate","publisher":{"@id":"https:\/\/www.sacredheart.qc.ca\/fr\/#organization"},"alternateName":"The Sacred Heart School of Montreal","potentialAction":[{"@type":"SearchAction","target":{"@type":"EntryPoint","urlTemplate":"https:\/\/www.sacredheart.qc.ca\/fr\/?s={search_term_string}"},"query-input":{"@type":"PropertyValueSpecification","valueRequired":true,"valueName":"search_term_string"}}],"inLanguage":"fr-FR"},{"@type":"Organization","@id":"https:\/\/www.sacredheart.qc.ca\/fr\/#organization","name":"The Sacred Heart School of Montreal","url":"https:\/\/www.sacredheart.qc.ca\/fr\/","logo":{"@type":"ImageObject","inLanguage":"fr-FR","@id":"https:\/\/www.sacredheart.qc.ca\/fr\/#\/schema\/logo\/image\/","url":"https:\/\/www.sacredheart.qc.ca\/wp-content\/uploads\/2021\/06\/LogoScredHeart.svg","contentUrl":"https:\/\/www.sacredheart.qc.ca\/wp-content\/uploads\/2021\/06\/LogoScredHeart.svg","width":"1024","height":"1024","caption":"The Sacred Heart School of Montreal"},"image":{"@id":"https:\/\/www.sacredheart.qc.ca\/fr\/#\/schema\/logo\/image\/"},"sameAs":["https:\/\/www.facebook.com\/SacredHeartMontreal\/","https:\/\/x.com\/TheSHSM","https:\/\/www.instagram.com\/SacredHeartMontreal\/","https:\/\/www.linkedin.com\/school\/the-sacred-heart-school-of-montreal\/","https:\/\/www.youtube.com\/user\/TheSacredHeartSchool"]}]}},"ticketed":false,"_links":{"self":[{"href":"https:\/\/www.sacredheart.qc.ca\/fr\/wp-json\/wp\/v2\/pages\/17759","targetHints":{"allow":["GET"]}}],"collection":[{"href":"https:\/\/www.sacredheart.qc.ca\/fr\/wp-json\/wp\/v2\/pages"}],"about":[{"href":"https:\/\/www.sacredheart.qc.ca\/fr\/wp-json\/wp\/v2\/types\/page"}],"author":[{"embeddable":true,"href":"https:\/\/www.sacredheart.qc.ca\/fr\/wp-json\/wp\/v2\/users\/2"}],"replies":[{"embeddable":true,"href":"https:\/\/www.sacredheart.qc.ca\/fr\/wp-json\/wp\/v2\/comments?post=17759"}],"version-history":[{"count":0,"href":"https:\/\/www.sacredheart.qc.ca\/fr\/wp-json\/wp\/v2\/pages\/17759\/revisions"}],"wp:featuredmedia":[{"embeddable":true,"href":"https:\/\/www.sacredheart.qc.ca\/fr\/wp-json\/wp\/v2\/media\/16182"}],"wp:attachment":[{"href":"https:\/\/www.sacredheart.qc.ca\/fr\/wp-json\/wp\/v2\/media?parent=17759"}],"curies":[{"name":"wp","href":"https:\/\/api.w.org\/{rel}","templated":true}]}}