{"id":17757,"date":"2021-06-17T20:55:21","date_gmt":"2021-06-18T00:55:21","guid":{"rendered":"https:\/\/www.sacredheart.qc.ca\/?page_id=17757"},"modified":"2025-04-25T09:44:23","modified_gmt":"2025-04-25T13:44:23","slug":"anglais-eligibilite-pour-les-niveaux-7-a-11","status":"publish","type":"page","link":"https:\/\/www.sacredheart.qc.ca\/fr\/admissions\/criteres-anglais-ecole-secondaire\/","title":{"rendered":"Crit\u00e8res d&rsquo;admissibilit\u00e9 (Sec. I \u00e0 V)"},"content":{"rendered":"\n<h1>\n\t\tCertificat d&rsquo;admissibilit\u00e9 \u00e0 l&rsquo;enseignement<br \/>en anglais n&rsquo;est plus requis\n\t<\/h1>\n<h1>\n\t\t\u00c0 partir de septembre 2024, l&rsquo;\u00c9cole Sacr\u00e9-Coeur deviendra une \u00e9cole enti\u00e8rement ind\u00e9pendante. Les certificats d&rsquo;admissibilit\u00e9 \u00e0 l&rsquo;enseignement en anglais pour les \u00e9l\u00e8ves du secondaire ne seront plus exig\u00e9s. Par cons\u00e9quent, toutes les candidates, quels que soient leurs ant\u00e9c\u00e9dents linguistiques ou leur statut d&rsquo;immigration, pourront s&rsquo;inscrire et, si elles  sont accept\u00e9es, fr\u00e9quenter l&rsquo;\u00c9cole Sacr\u00e9-Coeur.\n\t<\/h1>\n<h2>\n\t\tCertificat d&rsquo;admissibilit\u00e9 \u00e0 l&rsquo;enseignement en anglais n&rsquo;est plus requis\n\t<\/h2>\n\t<p>\u00c0 partir de septembre 2024, l&rsquo;\u00c9cole Sacr\u00e9-Coeur deviendra une \u00e9cole enti\u00e8rement ind\u00e9pendante. Les certificats d&rsquo;admissibilit\u00e9 \u00e0 l&rsquo;enseignement en anglais pour les \u00e9l\u00e8ves du secondaire ne seront plus exig\u00e9s. Par cons\u00e9quent, toutes les candidates, quels que soient leurs ant\u00e9c\u00e9dents linguistiques ou leur statut d&rsquo;immigration, pourront s&rsquo;inscrire et, si elles\u00a0 sont accept\u00e9es, fr\u00e9quenter l&rsquo;\u00c9cole Sacr\u00e9-Coeur.<\/p>\n<h2>\n\t\tVous pouvez \u00e9galement \u00eatre int\u00e9ress\u00e9 par\n\t<\/h2>\n\t\t\t<a href=\"https:\/\/www.sacredheart.qc.ca\/fr\/admissions\/criteres-12-annee\/\" target=\"_self\">\n\t\t\t\t\t\t\tCrit\u00e8res pour la 12e ann\u00e9e\n\t\t\t<\/a>\n\t\t\t<a href=\"https:\/\/www.sacredheart.qc.ca\/fr\/admissions\/frais-scolarite-aide-financiere\/\" target=\"_self\">\n\t\t\t\t\t\t\tFrais de scolarit\u00e9 et aide financi\u00e8re\n\t\t\t<\/a>\n\t\t\t<a href=\"https:\/\/www.sacredheart.qc.ca\/fr\/admissions\" target=\"_self\">\n\t\t\t\t\t\t\tS&rsquo;inscrire\n\t\t\t<\/a>\n<h2>\n\t\tQuestions ?\n\t<\/h2>\n\t<p>Veuillez contacter Mme Stephanie Broadhurst, directrice de la gestion des inscriptions, \u00e0 l&rsquo;adresse suivante<\/p>\n\t<p><a href=\"mailto:admissions@sacredheart.qc.ca\">admissions@sacredheart.qc.ca<\/a><\/p>\n\t<p><strong>T\u00e9l\u00e9phone :<\/strong> +1-514-937-2845 x 114<\/p>\n<p><strong>WeChat :<\/strong> StephB15 | <strong>Whatsapp :<\/strong> +1-514-654-9406<\/p>\n\n","protected":false},"excerpt":{"rendered":"<p>Certificat d&rsquo;admissibilit\u00e9 \u00e0 l&rsquo;enseignementen anglais n&rsquo;est plus requis \u00c0 partir de septembre 2024, l&rsquo;\u00c9cole Sacr\u00e9-Coeur deviendra une \u00e9cole enti\u00e8rement ind\u00e9pendante. Les certificats d&rsquo;admissibilit\u00e9 \u00e0 l&rsquo;enseignement en anglais pour les \u00e9l\u00e8ves&hellip;<\/p>\n","protected":false},"author":2,"featured_media":16187,"parent":0,"menu_order":152,"comment_status":"closed","ping_status":"closed","template":"","meta":{"_acf_changed":false,"inline_featured_image":false,"_price":"","_stock":"","_tribe_ticket_header":"","_tribe_default_ticket_provider":"","_tribe_ticket_capacity":"0","_ticket_start_date":"","_ticket_end_date":"","_tribe_ticket_show_description":"","_tribe_ticket_show_not_going":false,"_tribe_ticket_use_global_stock":"","_tribe_ticket_global_stock_level":"","_global_stock_mode":"","_global_stock_cap":"","_tribe_rsvp_for_event":"","_tribe_ticket_going_count":"","_tribe_ticket_not_going_count":"","_tribe_tickets_list":"[]","_tribe_ticket_has_attendee_info_fields":false,"footnotes":"","_tec_slr_enabled":"","_tec_slr_layout":""},"class_list":["post-17757","page","type-page","status-publish","has-post-thumbnail","hentry"],"acf":[],"yoast_head":"<!-- This site is optimized with the Yoast SEO plugin v27.4 - https:\/\/yoast.com\/product\/yoast-seo-wordpress\/ -->\n<title>Crit\u00e8res d&#039;admissibilit\u00e9 (Sec. I \u00e0 V) | La seule \u00e9cole priv\u00e9e catholique anglophone pour filles \u00e0 Montr\u00e9al | L&#039;\u00c9cole Sacr\u00e9-C\u0153ur de Montr\u00e9al<\/title>\n<meta name=\"description\" content=\"L&#039;\u00c9cole Sacr\u00e9-C\u0153ur de Montr\u00e9al est une seule \u00e9cole priv\u00e9e catholique anglophone subventionn\u00e9e pour filles \u00e0 Montr\u00e9al. Sauf exception, les \u00e9l\u00e8ves ont besoin d&#039;un certificat d&#039;\u00e9ligibilit\u00e9 pour suivre les cours de la 7e \u00e0 la 11e ann\u00e9e \u00e0 Sacred Heart.\" \/>\n<meta name=\"robots\" content=\"index, follow, max-snippet:-1, max-image-preview:large, max-video-preview:-1\" \/>\n<link rel=\"canonical\" href=\"https:\/\/www.sacredheart.qc.ca\/fr\/admissions\/criteres-anglais-ecole-secondaire\/\" \/>\n<meta property=\"og:locale\" content=\"fr_FR\" \/>\n<meta property=\"og:type\" content=\"article\" \/>\n<meta property=\"og:title\" content=\"Crit\u00e8res d&#039;admissibilit\u00e9 (Sec. I \u00e0 V) | La seule \u00e9cole priv\u00e9e catholique anglophone pour filles \u00e0 Montr\u00e9al | L&#039;\u00c9cole Sacr\u00e9-C\u0153ur de Montr\u00e9al\" \/>\n<meta property=\"og:description\" content=\"L&#039;\u00c9cole Sacr\u00e9-C\u0153ur de Montr\u00e9al est une seule \u00e9cole priv\u00e9e catholique anglophone subventionn\u00e9e pour filles \u00e0 Montr\u00e9al. Sauf exception, les \u00e9l\u00e8ves ont besoin d&#039;un certificat d&#039;\u00e9ligibilit\u00e9 pour suivre les cours de la 7e \u00e0 la 11e ann\u00e9e \u00e0 Sacred Heart.\" \/>\n<meta property=\"og:url\" content=\"https:\/\/www.sacredheart.qc.ca\/fr\/admissions\/criteres-anglais-ecole-secondaire\/\" \/>\n<meta property=\"og:site_name\" content=\"The Sacred Heart School of Montreal\" \/>\n<meta property=\"article:publisher\" content=\"https:\/\/www.facebook.com\/SacredHeartMontreal\/\" \/>\n<meta property=\"article:modified_time\" content=\"2025-04-25T13:44:23+00:00\" \/>\n<meta property=\"og:image\" content=\"https:\/\/www.sacredheart.qc.ca\/wp-content\/uploads\/2021\/07\/English-Eligibility.jpg\" \/>\n\t<meta property=\"og:image:width\" content=\"1480\" \/>\n\t<meta property=\"og:image:height\" content=\"575\" \/>\n\t<meta property=\"og:image:type\" content=\"image\/jpeg\" \/>\n<meta name=\"twitter:card\" content=\"summary_large_image\" \/>\n<meta name=\"twitter:site\" content=\"@TheSHSM\" \/>\n<meta name=\"twitter:label1\" content=\"Dur\u00e9e de lecture estim\u00e9e\" \/>\n\t<meta name=\"twitter:data1\" content=\"1 minute\" \/>\n<script type=\"application\/ld+json\" class=\"yoast-schema-graph\">{\"@context\":\"https:\\\/\\\/schema.org\",\"@graph\":[{\"@type\":\"WebPage\",\"@id\":\"https:\\\/\\\/www.sacredheart.qc.ca\\\/fr\\\/admissions\\\/criteres-anglais-ecole-secondaire\\\/\",\"url\":\"https:\\\/\\\/www.sacredheart.qc.ca\\\/fr\\\/admissions\\\/criteres-anglais-ecole-secondaire\\\/\",\"name\":\"Crit\u00e8res d'admissibilit\u00e9 (Sec. I \u00e0 V) | La seule \u00e9cole priv\u00e9e catholique anglophone pour filles \u00e0 Montr\u00e9al | L'\u00c9cole Sacr\u00e9-C\u0153ur de Montr\u00e9al\",\"isPartOf\":{\"@id\":\"https:\\\/\\\/www.sacredheart.qc.ca\\\/fr\\\/#website\"},\"primaryImageOfPage\":{\"@id\":\"https:\\\/\\\/www.sacredheart.qc.ca\\\/fr\\\/admissions\\\/criteres-anglais-ecole-secondaire\\\/#primaryimage\"},\"image\":{\"@id\":\"https:\\\/\\\/www.sacredheart.qc.ca\\\/fr\\\/admissions\\\/criteres-anglais-ecole-secondaire\\\/#primaryimage\"},\"thumbnailUrl\":\"https:\\\/\\\/www.sacredheart.qc.ca\\\/wp-content\\\/uploads\\\/2021\\\/07\\\/English-Eligibility.jpg\",\"datePublished\":\"2021-06-18T00:55:21+00:00\",\"dateModified\":\"2025-04-25T13:44:23+00:00\",\"description\":\"L'\u00c9cole Sacr\u00e9-C\u0153ur de Montr\u00e9al est une seule \u00e9cole priv\u00e9e catholique anglophone subventionn\u00e9e pour filles \u00e0 Montr\u00e9al. Sauf exception, les \u00e9l\u00e8ves ont besoin d'un certificat d'\u00e9ligibilit\u00e9 pour suivre les cours de la 7e \u00e0 la 11e ann\u00e9e \u00e0 Sacred Heart.\",\"breadcrumb\":{\"@id\":\"https:\\\/\\\/www.sacredheart.qc.ca\\\/fr\\\/admissions\\\/criteres-anglais-ecole-secondaire\\\/#breadcrumb\"},\"inLanguage\":\"fr-FR\",\"potentialAction\":[{\"@type\":\"ReadAction\",\"target\":[\"https:\\\/\\\/www.sacredheart.qc.ca\\\/fr\\\/admissions\\\/criteres-anglais-ecole-secondaire\\\/\"]}]},{\"@type\":\"ImageObject\",\"inLanguage\":\"fr-FR\",\"@id\":\"https:\\\/\\\/www.sacredheart.qc.ca\\\/fr\\\/admissions\\\/criteres-anglais-ecole-secondaire\\\/#primaryimage\",\"url\":\"https:\\\/\\\/www.sacredheart.qc.ca\\\/wp-content\\\/uploads\\\/2021\\\/07\\\/English-Eligibility.jpg\",\"contentUrl\":\"https:\\\/\\\/www.sacredheart.qc.ca\\\/wp-content\\\/uploads\\\/2021\\\/07\\\/English-Eligibility.jpg\",\"width\":1480,\"height\":575},{\"@type\":\"BreadcrumbList\",\"@id\":\"https:\\\/\\\/www.sacredheart.qc.ca\\\/fr\\\/admissions\\\/criteres-anglais-ecole-secondaire\\\/#breadcrumb\",\"itemListElement\":[{\"@type\":\"ListItem\",\"position\":1,\"name\":\"Home\",\"item\":\"https:\\\/\\\/www.sacredheart.qc.ca\\\/fr\\\/\"},{\"@type\":\"ListItem\",\"position\":2,\"name\":\"Crit\u00e8res d&rsquo;admissibilit\u00e9 (Sec. I \u00e0 V)\"}]},{\"@type\":\"WebSite\",\"@id\":\"https:\\\/\\\/www.sacredheart.qc.ca\\\/fr\\\/#website\",\"url\":\"https:\\\/\\\/www.sacredheart.qc.ca\\\/fr\\\/\",\"name\":\"The Sacred Heart School of Montreal\",\"description\":\"Girls Only Private Catholic English High School - 100% Graduation Rate\",\"publisher\":{\"@id\":\"https:\\\/\\\/www.sacredheart.qc.ca\\\/fr\\\/#organization\"},\"alternateName\":\"The Sacred Heart School of Montreal\",\"potentialAction\":[{\"@type\":\"SearchAction\",\"target\":{\"@type\":\"EntryPoint\",\"urlTemplate\":\"https:\\\/\\\/www.sacredheart.qc.ca\\\/fr\\\/?s={search_term_string}\"},\"query-input\":{\"@type\":\"PropertyValueSpecification\",\"valueRequired\":true,\"valueName\":\"search_term_string\"}}],\"inLanguage\":\"fr-FR\"},{\"@type\":\"Organization\",\"@id\":\"https:\\\/\\\/www.sacredheart.qc.ca\\\/fr\\\/#organization\",\"name\":\"The Sacred Heart School of Montreal\",\"url\":\"https:\\\/\\\/www.sacredheart.qc.ca\\\/fr\\\/\",\"logo\":{\"@type\":\"ImageObject\",\"inLanguage\":\"fr-FR\",\"@id\":\"https:\\\/\\\/www.sacredheart.qc.ca\\\/fr\\\/#\\\/schema\\\/logo\\\/image\\\/\",\"url\":\"https:\\\/\\\/www.sacredheart.qc.ca\\\/wp-content\\\/uploads\\\/2021\\\/06\\\/LogoScredHeart.svg\",\"contentUrl\":\"https:\\\/\\\/www.sacredheart.qc.ca\\\/wp-content\\\/uploads\\\/2021\\\/06\\\/LogoScredHeart.svg\",\"width\":\"1024\",\"height\":\"1024\",\"caption\":\"The Sacred Heart School of Montreal\"},\"image\":{\"@id\":\"https:\\\/\\\/www.sacredheart.qc.ca\\\/fr\\\/#\\\/schema\\\/logo\\\/image\\\/\"},\"sameAs\":[\"https:\\\/\\\/www.facebook.com\\\/SacredHeartMontreal\\\/\",\"https:\\\/\\\/x.com\\\/TheSHSM\",\"https:\\\/\\\/www.instagram.com\\\/SacredHeartMontreal\\\/\",\"https:\\\/\\\/www.linkedin.com\\\/school\\\/the-sacred-heart-school-of-montreal\\\/\",\"https:\\\/\\\/www.youtube.com\\\/user\\\/TheSacredHeartSchool\"]}]}<\/script>\n<!-- \/ Yoast SEO plugin. -->","yoast_head_json":{"title":"Crit\u00e8res d'admissibilit\u00e9 (Sec. I \u00e0 V) | La seule \u00e9cole priv\u00e9e catholique anglophone pour filles \u00e0 Montr\u00e9al | L'\u00c9cole Sacr\u00e9-C\u0153ur de Montr\u00e9al","description":"L'\u00c9cole Sacr\u00e9-C\u0153ur de Montr\u00e9al est une seule \u00e9cole priv\u00e9e catholique anglophone subventionn\u00e9e pour filles \u00e0 Montr\u00e9al. Sauf exception, les \u00e9l\u00e8ves ont besoin d'un certificat d'\u00e9ligibilit\u00e9 pour suivre les cours de la 7e \u00e0 la 11e ann\u00e9e \u00e0 Sacred Heart.","robots":{"index":"index","follow":"follow","max-snippet":"max-snippet:-1","max-image-preview":"max-image-preview:large","max-video-preview":"max-video-preview:-1"},"canonical":"https:\/\/www.sacredheart.qc.ca\/fr\/admissions\/criteres-anglais-ecole-secondaire\/","og_locale":"fr_FR","og_type":"article","og_title":"Crit\u00e8res d'admissibilit\u00e9 (Sec. I \u00e0 V) | La seule \u00e9cole priv\u00e9e catholique anglophone pour filles \u00e0 Montr\u00e9al | L'\u00c9cole Sacr\u00e9-C\u0153ur de Montr\u00e9al","og_description":"L'\u00c9cole Sacr\u00e9-C\u0153ur de Montr\u00e9al est une seule \u00e9cole priv\u00e9e catholique anglophone subventionn\u00e9e pour filles \u00e0 Montr\u00e9al. Sauf exception, les \u00e9l\u00e8ves ont besoin d'un certificat d'\u00e9ligibilit\u00e9 pour suivre les cours de la 7e \u00e0 la 11e ann\u00e9e \u00e0 Sacred Heart.","og_url":"https:\/\/www.sacredheart.qc.ca\/fr\/admissions\/criteres-anglais-ecole-secondaire\/","og_site_name":"The Sacred Heart School of Montreal","article_publisher":"https:\/\/www.facebook.com\/SacredHeartMontreal\/","article_modified_time":"2025-04-25T13:44:23+00:00","og_image":[{"width":1480,"height":575,"url":"https:\/\/www.sacredheart.qc.ca\/wp-content\/uploads\/2021\/07\/English-Eligibility.jpg","type":"image\/jpeg"}],"twitter_card":"summary_large_image","twitter_site":"@TheSHSM","twitter_misc":{"Dur\u00e9e de lecture estim\u00e9e":"1 minute"},"schema":{"@context":"https:\/\/schema.org","@graph":[{"@type":"WebPage","@id":"https:\/\/www.sacredheart.qc.ca\/fr\/admissions\/criteres-anglais-ecole-secondaire\/","url":"https:\/\/www.sacredheart.qc.ca\/fr\/admissions\/criteres-anglais-ecole-secondaire\/","name":"Crit\u00e8res d'admissibilit\u00e9 (Sec. I \u00e0 V) | La seule \u00e9cole priv\u00e9e catholique anglophone pour filles \u00e0 Montr\u00e9al | L'\u00c9cole Sacr\u00e9-C\u0153ur de Montr\u00e9al","isPartOf":{"@id":"https:\/\/www.sacredheart.qc.ca\/fr\/#website"},"primaryImageOfPage":{"@id":"https:\/\/www.sacredheart.qc.ca\/fr\/admissions\/criteres-anglais-ecole-secondaire\/#primaryimage"},"image":{"@id":"https:\/\/www.sacredheart.qc.ca\/fr\/admissions\/criteres-anglais-ecole-secondaire\/#primaryimage"},"thumbnailUrl":"https:\/\/www.sacredheart.qc.ca\/wp-content\/uploads\/2021\/07\/English-Eligibility.jpg","datePublished":"2021-06-18T00:55:21+00:00","dateModified":"2025-04-25T13:44:23+00:00","description":"L'\u00c9cole Sacr\u00e9-C\u0153ur de Montr\u00e9al est une seule \u00e9cole priv\u00e9e catholique anglophone subventionn\u00e9e pour filles \u00e0 Montr\u00e9al. Sauf exception, les \u00e9l\u00e8ves ont besoin d'un certificat d'\u00e9ligibilit\u00e9 pour suivre les cours de la 7e \u00e0 la 11e ann\u00e9e \u00e0 Sacred Heart.","breadcrumb":{"@id":"https:\/\/www.sacredheart.qc.ca\/fr\/admissions\/criteres-anglais-ecole-secondaire\/#breadcrumb"},"inLanguage":"fr-FR","potentialAction":[{"@type":"ReadAction","target":["https:\/\/www.sacredheart.qc.ca\/fr\/admissions\/criteres-anglais-ecole-secondaire\/"]}]},{"@type":"ImageObject","inLanguage":"fr-FR","@id":"https:\/\/www.sacredheart.qc.ca\/fr\/admissions\/criteres-anglais-ecole-secondaire\/#primaryimage","url":"https:\/\/www.sacredheart.qc.ca\/wp-content\/uploads\/2021\/07\/English-Eligibility.jpg","contentUrl":"https:\/\/www.sacredheart.qc.ca\/wp-content\/uploads\/2021\/07\/English-Eligibility.jpg","width":1480,"height":575},{"@type":"BreadcrumbList","@id":"https:\/\/www.sacredheart.qc.ca\/fr\/admissions\/criteres-anglais-ecole-secondaire\/#breadcrumb","itemListElement":[{"@type":"ListItem","position":1,"name":"Home","item":"https:\/\/www.sacredheart.qc.ca\/fr\/"},{"@type":"ListItem","position":2,"name":"Crit\u00e8res d&rsquo;admissibilit\u00e9 (Sec. I \u00e0 V)"}]},{"@type":"WebSite","@id":"https:\/\/www.sacredheart.qc.ca\/fr\/#website","url":"https:\/\/www.sacredheart.qc.ca\/fr\/","name":"The Sacred Heart School of Montreal","description":"Girls Only Private Catholic English High School - 100% Graduation Rate","publisher":{"@id":"https:\/\/www.sacredheart.qc.ca\/fr\/#organization"},"alternateName":"The Sacred Heart School of Montreal","potentialAction":[{"@type":"SearchAction","target":{"@type":"EntryPoint","urlTemplate":"https:\/\/www.sacredheart.qc.ca\/fr\/?s={search_term_string}"},"query-input":{"@type":"PropertyValueSpecification","valueRequired":true,"valueName":"search_term_string"}}],"inLanguage":"fr-FR"},{"@type":"Organization","@id":"https:\/\/www.sacredheart.qc.ca\/fr\/#organization","name":"The Sacred Heart School of Montreal","url":"https:\/\/www.sacredheart.qc.ca\/fr\/","logo":{"@type":"ImageObject","inLanguage":"fr-FR","@id":"https:\/\/www.sacredheart.qc.ca\/fr\/#\/schema\/logo\/image\/","url":"https:\/\/www.sacredheart.qc.ca\/wp-content\/uploads\/2021\/06\/LogoScredHeart.svg","contentUrl":"https:\/\/www.sacredheart.qc.ca\/wp-content\/uploads\/2021\/06\/LogoScredHeart.svg","width":"1024","height":"1024","caption":"The Sacred Heart School of Montreal"},"image":{"@id":"https:\/\/www.sacredheart.qc.ca\/fr\/#\/schema\/logo\/image\/"},"sameAs":["https:\/\/www.facebook.com\/SacredHeartMontreal\/","https:\/\/x.com\/TheSHSM","https:\/\/www.instagram.com\/SacredHeartMontreal\/","https:\/\/www.linkedin.com\/school\/the-sacred-heart-school-of-montreal\/","https:\/\/www.youtube.com\/user\/TheSacredHeartSchool"]}]}},"ticketed":false,"_links":{"self":[{"href":"https:\/\/www.sacredheart.qc.ca\/fr\/wp-json\/wp\/v2\/pages\/17757","targetHints":{"allow":["GET"]}}],"collection":[{"href":"https:\/\/www.sacredheart.qc.ca\/fr\/wp-json\/wp\/v2\/pages"}],"about":[{"href":"https:\/\/www.sacredheart.qc.ca\/fr\/wp-json\/wp\/v2\/types\/page"}],"author":[{"embeddable":true,"href":"https:\/\/www.sacredheart.qc.ca\/fr\/wp-json\/wp\/v2\/users\/2"}],"replies":[{"embeddable":true,"href":"https:\/\/www.sacredheart.qc.ca\/fr\/wp-json\/wp\/v2\/comments?post=17757"}],"version-history":[{"count":0,"href":"https:\/\/www.sacredheart.qc.ca\/fr\/wp-json\/wp\/v2\/pages\/17757\/revisions"}],"wp:featuredmedia":[{"embeddable":true,"href":"https:\/\/www.sacredheart.qc.ca\/fr\/wp-json\/wp\/v2\/media\/16187"}],"wp:attachment":[{"href":"https:\/\/www.sacredheart.qc.ca\/fr\/wp-json\/wp\/v2\/media?parent=17757"}],"curies":[{"name":"wp","href":"https:\/\/api.w.org\/{rel}","templated":true}]}}