{"id":17755,"date":"2021-06-18T14:35:11","date_gmt":"2021-06-18T18:35:11","guid":{"rendered":"https:\/\/www.sacredheart.qc.ca\/?page_id=17755"},"modified":"2026-03-17T14:43:23","modified_gmt":"2026-03-17T18:43:23","slug":"aide-financiere-pour-les-frais-de-scolarite","status":"publish","type":"page","link":"https:\/\/www.sacredheart.qc.ca\/fr\/admissions\/droits-scolarite-aide-financiere\/","title":{"rendered":"Droits de scolarit\u00e9 et aide financi\u00e8re"},"content":{"rendered":"\n<h1>\n\t\t\tDroits de scolarit\u00e9 et aide financi\u00e8re\t<\/h1>\n<h2>\n\t\t\tD\u00e9couvrez notre programme de bourses et comment obtenir une aide financi\u00e8re pour \u00e9tudier \u00e0 l&rsquo;\u00c9cole Sacr\u00e9-C\u0153ur de Montr\u00e9al.\t<\/h2>\n<h2>\n\t\t\tInvestir dans une \u00e9ducation de qualit\u00e9\t<\/h2>\n\t<p>L&rsquo;\u00c9cole Sacr\u00e9-C\u0153ur de Montr\u00e9al est profond\u00e9ment engag\u00e9e \u00e0 favoriser un environnement \u00e9ducatif inclusif et diversifi\u00e9.<\/p>\n<p>Reconnaissant que les obstacles financiers ne devraient pas entraver l&rsquo;acc\u00e8s \u00e0 une \u00e9ducation de qualit\u00e9, nous avons institu\u00e9 le <strong>Fonds de bourses<\/strong> comme pierre angulaire de notre engagement en faveur de l&rsquo;inclusion.<\/p>\n<p>Notre capacit\u00e9 \u00e0 offrir ce soutien financier est rendue possible gr\u00e2ce au d\u00e9vouement et \u00e0 la g\u00e9n\u00e9rosit\u00e9 in\u00e9branlables de la communaut\u00e9 du Sacr\u00e9-C\u0153ur.<\/p>\n<p>Diverses initiatives de collecte de fonds soigneusement orchestr\u00e9es renforcent le fonds et assurent sa viabilit\u00e9 \u00e0 long terme.<\/p>\n<p>Nous sommes particuli\u00e8rement honor\u00e9s de compter<strong> les fonds de la Famille Stanley &amp; Josefina Clarke<\/strong>\u00a0parmi nos distingu\u00e9s soutiens.<\/p>\n<p>Leur contribution substantielle enrichit consid\u00e9rablement notre programme de bourses, ce qui nous permet d&rsquo;\u00e9tendre nos possibilit\u00e9s d&rsquo;\u00e9ducation \u00e0 un plus grand nombre d&rsquo;\u00e9tudiants m\u00e9ritants.<\/p>\n<h2>\n\t\t\tRendre l&rsquo;\u00e9ducation accessible gr\u00e2ce \u00e0 notre programme de bourses\t<\/h2>\n\t\t<!-- Comment to fix spacing issue\n\t-->\n\t\t0$+Aide financi\u00e8re accord\u00e9e \u00e0 50 familles\n\t<!-- Comment to fix spacing issue\n\t-->\t\n\t\t<!-- Comment to fix spacing issue\n\t-->\n\t\t0%\u00c9tudiantes boursi\u00e8res\n\t<!-- Comment to fix spacing issue\n\t-->\t\n<h2>\n\t\t\tDroits de scolarit\u00e9 pour l&rsquo;ann\u00e9e acad\u00e9mique 2026-2027\t<\/h2>\n\t<p>Nous nous engageons \u00e0 offrir une exp\u00e9rience \u00e9ducative de premier ordre.<\/p>\n<p>Les droits de scolarit\u00e9 indiqu\u00e9s ci-dessous couvrent l&rsquo;ensemble des co\u00fbts n\u00e9cessaires pour assurer une \u00e9ducation de haut niveau \u00e0 votre enfant.<\/p>\n\t\t\t\t\t\t<h4>Droits de scolarit\u00e9 secondaire I \u00e0 V<\/h4>\n\t\t\t<p>\u00c9tudiantes domestiques<\/p>\n<ul>\n<li data-start=\"0\" data-end=\"43\">Frais annuels &#8211; \u00c9l\u00e8ves de retour : 23 806 $<\/li>\n<li data-start=\"0\" data-end=\"43\">Frais annuels &#8211; Nouveaux \u00e9l\u00e8ves : 24 606 $*<\/li>\n<\/ul>\n<strong data-start=\"90\" data-end=\"110\">D\u00e9tail des frais<\/strong>\n<ul>\n<li data-start=\"112\" data-end=\"171\">Frais de scolarit\u00e9 : 16 883 $<\/li>\n<li data-start=\"112\" data-end=\"171\">Frais accessoires : 6 923 $<\/li>\n<\/ul>\n<strong data-start=\"173\" data-end=\"205\">D\u00e9tail des frais accessoires<\/strong>\n<ul>\n<li data-start=\"207\" data-end=\"411\"><strong>Fournitures scolaires et mat\u00e9riel d&rsquo;enrichissement<\/strong> : 715 $ (fournitures acad\u00e9miques, papeterie, impressions et services de reprographie, location de manuels scolaires, cahiers d&rsquo;exercices, album annuel)<\/li>\n<li data-start=\"207\" data-end=\"411\"><strong>Services aux \u00e9l\u00e8ves<\/strong> : 2 380 $ (conseil acad\u00e9mique, services de conseillers p\u00e9dagogiques et personnels, services de biblioth\u00e8que, aide en math\u00e9matiques, services de laboratoire, ateliers, \u00e9tude supervis\u00e9e et tutorat apr\u00e8s l&rsquo;\u00e9cole)<\/li>\n<li data-start=\"646\" data-end=\"829\"><strong>Technologie et communications<\/strong> : 952 $ (entretien et soutien des technologies de l&rsquo;information, logiciels, mat\u00e9riel informatique, multim\u00e9dia, site web, gestion du portail interactif)<\/li>\n<li data-start=\"646\" data-end=\"829\"><strong>Services parascolaires<\/strong> : 476 $ (sports, retraites, sorties \u00e9ducatives, th\u00e9\u00e2tre, robotique, clubs, musique et arts visuels, \u00e9v\u00e9nements sp\u00e9ciaux)<\/li>\n<li data-start=\"646\" data-end=\"829\"><strong>Services d&rsquo;immeuble et d&rsquo;entretien<\/strong> : 2 400 $<\/li>\n<\/ul>\n<em data-start=\"1024\" data-end=\"1127\">Pour les nouveaux \u00e9l\u00e8ves, des frais uniques pour l&rsquo;ordinateur Chromebook et les cadenas s&rsquo;appliquent.<\/em>\n<p>\u00c9tudiantes internationales<\/p>\n<p><strong>Frais d&rsquo;inscription annuels des \u00e9tudiantes<\/strong> &#8211; 47 743$ **.<\/p>\n<p>*Pour nouvelles \u00e9tudiantes: Comprend des frais uniques de 775$ pour l&rsquo;achat d&rsquo;un Chromebook. Ce prix comprend la licence Apps et une garantie de trois ans. Il s&rsquo;applique \u00e9galement aux \u00e9tudiantes qui reviennent et qui ont besoin d&rsquo;un appareil Chromebook de remplacement.<\/p>\n<p>**Comprend les frais de scolarit\u00e9, les fournitures scolaires et le mat\u00e9riel d&rsquo;enrichissement, les services aux \u00e9tudiantes, les frais de technologie et de communication, les frais d&rsquo;administration, les frais de construction, les activit\u00e9s extrascolaires et les manuels scolaires.<\/p>\n\t\t\t\t\t\t<h4>Droits de scolarit\u00e9 en 12e ann\u00e9e<\/h4>\n\t\t\t<p>\u00c9tudiantes domestiques<\/p>\n<p><strong>Droits de scolarit\u00e9 annuels<\/strong> &#8211; 21 942$ *<\/p>\n<p>\u00c9tudiantes internationales<\/p>\n<p><strong>Droits de scolarit\u00e9 annuels<\/strong> &#8211; 28 936$ *<\/p>\n<p>**Comprend des frais de graduation de 225 $<\/p>\n\t\t\t\t\t\t<h4>Droits pour le pensionnat (sec. I \u00e0 V)<\/h4>\n\t\t\t<p>\u00c9tudiantes domestiques<\/p>\n<p><strong>Frais annuels pour le pensionnat de 5 jours<\/strong> &#8211; 42 232$<\/p>\n<p><strong>Frais annuels pour le pensionnat de 7 jours<\/strong> &#8211; 52 888$<\/p>\n<p>\u00c9tudiantes internationales<\/p>\n<p><strong>Frais annuels pour le pensionnat de 7 jours <\/strong> &#8211; 76 500$<\/p>\n\t\t\t\t\t\t<h4>Droits pour le pensionnat en 12e ann\u00e9e<\/h4>\n\t\t\t<p>\u00c9tudiantes domestiques<\/p>\n<p><strong>Frais annuels pour le pensionnat de 7 jours<\/strong> &#8211; 50 724$<\/p>\n<p>\u00c9tudiantes internationales\u00a0\u00a0<\/p>\n<p><strong>Frais annuels pour le pensionnat de 7 jours <\/strong> &#8211; 57 719$<\/p>\n<h2>\n\t\t\tFAQ sur l&rsquo;aide financi\u00e8re\t<\/h2>\n\t\t\t\t\t\t<h4>Qui peut demander une bourse ?<\/h4>\n\t\t\t<p>Il n&rsquo;y a pas de revenu minimum pour demander une bourse, car chaque famille est \u00e9valu\u00e9e individuellement. Pour avoir droit \u00e0 l&rsquo;aide, les \u00e9tudiantes doivent r\u00e9sider au Qu\u00e9bec et s&rsquo;inscrire au secondaire I a V. Les \u00e9tudiantes doivent compl\u00e9ter le processus d&rsquo;admission et \u00eatre inscrits pour la prochaine ann\u00e9e scolaire.<\/p>\n<p>En ce qui concerne notre programme de 12e ann\u00e9e, veuillez contacter notre directrice du programme de 12e ann\u00e9e, Mme Brigitte Weil.<\/p>\n\t\t\t\t\t\t<h4>Comment poser sa candidature ? Comment les besoins financiers de ma famille sont-ils \u00e9valu\u00e9s ?<\/h4>\n\t\t\t<p><strong>Avis : Les candidatures \u00e0 l&rsquo;aide financi\u00e8re sont ferm\u00e9es<\/strong><\/p>\n<p>Nous vous remercions de l&rsquo;int\u00e9r\u00eat que vous portez \u00e0 notre programme d&rsquo;aide financi\u00e8re. <strong>Nous avons le regret de vous informer que nous n&rsquo;acceptons plus de nouvelles demandes pour le moment.<\/strong> En raison du nombre impressionnant de demandes et des fonds disponibles limit\u00e9s, le programme a atteint sa capacit\u00e9 maximale pour l&rsquo;ann\u00e9e scolaire 2025-26. Toutes les demandes re\u00e7ues avant la date limite ont \u00e9t\u00e9 examin\u00e9es.<\/p>\n<p>Nous comprenons que cette nouvelle puisse \u00eatre d\u00e9cevante, et nous restons d\u00e9termin\u00e9s \u00e0 soutenir notre communaut\u00e9 dans toute la mesure du possible.<\/p>\n<p><strong>Nous vous encourageons \u00e0 consulter r\u00e9guli\u00e8rement notre site web pour obtenir des mises \u00e0 jour concernant le cycle de candidature 2026-27 et les ressources suppl\u00e9mentaires qui seront disponibles.<\/strong><\/p>\n\t\t\t\t\t\t<h4>Quand saurai-je si ma fille recevra une bourse ?<\/h4>\n\t\t\t<p>Le comit\u00e9 des bourses s&rsquo;efforce de communiquer rapidement avec les familles une fois que la demande est compl\u00e8te.<\/p>\n\t\t\t\t\t\t<h4>L&rsquo;aide financi\u00e8re est-elle renouvelable chaque ann\u00e9e ?<\/h4>\n\t\t\t<p>La demande de bourse doit \u00eatre renouvel\u00e9e chaque ann\u00e9e, car la situation financi\u00e8re d&rsquo;une personne peut avoir chang\u00e9 au cours de l&rsquo;ann\u00e9e. Veuillez remplir le formulaire de demande en ligne FAST. Les changements dans la situation financi\u00e8re d&rsquo;une famille peuvent affecter le montant de la bourse.\u00a0<\/p>\n<h2>\n\t\t\tVous pouvez \u00e9galement \u00eatre int\u00e9ress\u00e9 par\t<\/h2>\n\t\t\t<a href=\"https:\/\/www.sacredheart.qc.ca\/fr\/admissions\/criteres-anglais-ecole-secondaire\/\"  target=\"_self\">\n\t\t\t\t\t\t\tCrit\u00e8res d&rsquo;admissibilit\u00e9 (sec. I \u00e0 V)\n\t\t\t<\/a>\n\t\t\t<a href=\"https:\/\/www.sacredheart.qc.ca\/fr\/admissions\/exigences-etudiants-internationaux\/\"  target=\"_self\">\n\t\t\t\t\t\t\t\u00c9tudiantes internationales\n\t\t\t<\/a>\n\t\t\t<a href=\"https:\/\/www.sacredheart.qc.ca\/fr\/admissions\"  target=\"_self\">\n\t\t\t\t\t\t\tS&rsquo;inscrire\n\t\t\t<\/a>\n<h2>\n\t\t\tQuestions sur les droits de scolarit\u00e9 ?\t<\/h2>\n\t<p>Veuillez contacter la directrice des finances, Iveth Bosmediano, au num\u00e9ro suivant<\/p>\n\t<p><a href=\"tel:+1%20514-937-2845\"><strong>T\u00e9l :<\/strong> +1 514-937-2845<\/a> (ext. 105)<\/p>\n\n","protected":false},"excerpt":{"rendered":"<p>Droits de scolarit\u00e9 et aide financi\u00e8re D\u00e9couvrez notre programme de bourses et comment obtenir une aide financi\u00e8re pour \u00e9tudier \u00e0 l&rsquo;\u00c9cole Sacr\u00e9-C\u0153ur de Montr\u00e9al. Investir dans une \u00e9ducation de qualit\u00e9&hellip;<\/p>\n","protected":false},"author":2,"featured_media":16179,"parent":0,"menu_order":148,"comment_status":"closed","ping_status":"closed","template":"","meta":{"_acf_changed":false,"inline_featured_image":false,"_price":"","_stock":"","_tribe_ticket_header":"","_tribe_default_ticket_provider":"","_tribe_ticket_capacity":"0","_ticket_start_date":"","_ticket_end_date":"","_tribe_ticket_show_description":"","_tribe_ticket_show_not_going":false,"_tribe_ticket_use_global_stock":"","_tribe_ticket_global_stock_level":"","_global_stock_mode":"","_global_stock_cap":"","_tribe_rsvp_for_event":"","_tribe_ticket_going_count":"","_tribe_ticket_not_going_count":"","_tribe_tickets_list":"[]","_tribe_ticket_has_attendee_info_fields":false,"footnotes":"","_tec_slr_enabled":"","_tec_slr_layout":""},"class_list":["post-17755","page","type-page","status-publish","has-post-thumbnail","hentry"],"acf":[],"yoast_head":"<!-- This site is optimized with the Yoast SEO plugin v27.4 - https:\/\/yoast.com\/product\/yoast-seo-wordpress\/ -->\n<title>La seule \u00e9cole priv\u00e9e catholique anglophone pour filles \u00e0 Montr\u00e9al : frais de scolarit\u00e9 et bourses | L&#039;\u00c9cole Sacr\u00e9-C\u0153ur de Montr\u00e9al<\/title>\n<meta name=\"description\" content=\"Frais de scolarit\u00e9 et bourse \u00e0 la seule \u00e9cole priv\u00e9e catholique anglophone pour filles \u00e0 Montr\u00e9al, L&#039;\u00c9cole Sacr\u00e9-C\u0153ur de Montr\u00e9al, l&#039;une des meilleures \u00e9coles secondaires priv\u00e9es de Montr\u00e9al. Les frais de scolarit\u00e9 comprennent tous les manuels, la plupart des activit\u00e9s, des sports et des excursions, et bien plus encore.\" \/>\n<meta name=\"robots\" content=\"index, follow, max-snippet:-1, max-image-preview:large, max-video-preview:-1\" \/>\n<link rel=\"canonical\" href=\"https:\/\/www.sacredheart.qc.ca\/fr\/admissions\/droits-scolarite-aide-financiere\/\" \/>\n<meta property=\"og:locale\" content=\"fr_FR\" \/>\n<meta property=\"og:type\" content=\"article\" \/>\n<meta property=\"og:title\" content=\"La seule \u00e9cole priv\u00e9e catholique anglophone pour filles \u00e0 Montr\u00e9al : frais de scolarit\u00e9 et bourses | L&#039;\u00c9cole Sacr\u00e9-C\u0153ur de Montr\u00e9al\" \/>\n<meta property=\"og:description\" content=\"Frais de scolarit\u00e9 et bourse \u00e0 la seule \u00e9cole priv\u00e9e catholique anglophone pour filles \u00e0 Montr\u00e9al, L&#039;\u00c9cole Sacr\u00e9-C\u0153ur de Montr\u00e9al, l&#039;une des meilleures \u00e9coles secondaires priv\u00e9es de Montr\u00e9al. Les frais de scolarit\u00e9 comprennent tous les manuels, la plupart des activit\u00e9s, des sports et des excursions, et bien plus encore.\" \/>\n<meta property=\"og:url\" content=\"https:\/\/www.sacredheart.qc.ca\/fr\/admissions\/droits-scolarite-aide-financiere\/\" \/>\n<meta property=\"og:site_name\" content=\"The Sacred Heart School of Montreal\" \/>\n<meta property=\"article:publisher\" content=\"https:\/\/www.facebook.com\/SacredHeartMontreal\/\" \/>\n<meta property=\"article:modified_time\" content=\"2026-03-17T18:43:23+00:00\" \/>\n<meta property=\"og:image\" content=\"https:\/\/www.sacredheart.qc.ca\/wp-content\/uploads\/2021\/07\/Tuition-Financial.jpg\" \/>\n\t<meta property=\"og:image:width\" content=\"1480\" \/>\n\t<meta property=\"og:image:height\" content=\"575\" \/>\n\t<meta property=\"og:image:type\" content=\"image\/jpeg\" \/>\n<meta name=\"twitter:card\" content=\"summary_large_image\" \/>\n<meta name=\"twitter:site\" content=\"@TheSHSM\" \/>\n<meta name=\"twitter:label1\" content=\"Dur\u00e9e de lecture estim\u00e9e\" \/>\n\t<meta name=\"twitter:data1\" content=\"5 minutes\" \/>\n<script type=\"application\/ld+json\" class=\"yoast-schema-graph\">{\"@context\":\"https:\\\/\\\/schema.org\",\"@graph\":[{\"@type\":\"WebPage\",\"@id\":\"https:\\\/\\\/www.sacredheart.qc.ca\\\/fr\\\/admissions\\\/droits-scolarite-aide-financiere\\\/\",\"url\":\"https:\\\/\\\/www.sacredheart.qc.ca\\\/fr\\\/admissions\\\/droits-scolarite-aide-financiere\\\/\",\"name\":\"La seule \u00e9cole priv\u00e9e catholique anglophone pour filles \u00e0 Montr\u00e9al : frais de scolarit\u00e9 et bourses | L'\u00c9cole Sacr\u00e9-C\u0153ur de Montr\u00e9al\",\"isPartOf\":{\"@id\":\"https:\\\/\\\/www.sacredheart.qc.ca\\\/fr\\\/#website\"},\"primaryImageOfPage\":{\"@id\":\"https:\\\/\\\/www.sacredheart.qc.ca\\\/fr\\\/admissions\\\/droits-scolarite-aide-financiere\\\/#primaryimage\"},\"image\":{\"@id\":\"https:\\\/\\\/www.sacredheart.qc.ca\\\/fr\\\/admissions\\\/droits-scolarite-aide-financiere\\\/#primaryimage\"},\"thumbnailUrl\":\"https:\\\/\\\/www.sacredheart.qc.ca\\\/wp-content\\\/uploads\\\/2021\\\/07\\\/Tuition-Financial.jpg\",\"datePublished\":\"2021-06-18T18:35:11+00:00\",\"dateModified\":\"2026-03-17T18:43:23+00:00\",\"description\":\"Frais de scolarit\u00e9 et bourse \u00e0 la seule \u00e9cole priv\u00e9e catholique anglophone pour filles \u00e0 Montr\u00e9al, L'\u00c9cole Sacr\u00e9-C\u0153ur de Montr\u00e9al, l'une des meilleures \u00e9coles secondaires priv\u00e9es de Montr\u00e9al. Les frais de scolarit\u00e9 comprennent tous les manuels, la plupart des activit\u00e9s, des sports et des excursions, et bien plus encore.\",\"breadcrumb\":{\"@id\":\"https:\\\/\\\/www.sacredheart.qc.ca\\\/fr\\\/admissions\\\/droits-scolarite-aide-financiere\\\/#breadcrumb\"},\"inLanguage\":\"fr-FR\",\"potentialAction\":[{\"@type\":\"ReadAction\",\"target\":[\"https:\\\/\\\/www.sacredheart.qc.ca\\\/fr\\\/admissions\\\/droits-scolarite-aide-financiere\\\/\"]}]},{\"@type\":\"ImageObject\",\"inLanguage\":\"fr-FR\",\"@id\":\"https:\\\/\\\/www.sacredheart.qc.ca\\\/fr\\\/admissions\\\/droits-scolarite-aide-financiere\\\/#primaryimage\",\"url\":\"https:\\\/\\\/www.sacredheart.qc.ca\\\/wp-content\\\/uploads\\\/2021\\\/07\\\/Tuition-Financial.jpg\",\"contentUrl\":\"https:\\\/\\\/www.sacredheart.qc.ca\\\/wp-content\\\/uploads\\\/2021\\\/07\\\/Tuition-Financial.jpg\",\"width\":1480,\"height\":575},{\"@type\":\"BreadcrumbList\",\"@id\":\"https:\\\/\\\/www.sacredheart.qc.ca\\\/fr\\\/admissions\\\/droits-scolarite-aide-financiere\\\/#breadcrumb\",\"itemListElement\":[{\"@type\":\"ListItem\",\"position\":1,\"name\":\"Home\",\"item\":\"https:\\\/\\\/www.sacredheart.qc.ca\\\/fr\\\/\"},{\"@type\":\"ListItem\",\"position\":2,\"name\":\"Droits de scolarit\u00e9 et aide financi\u00e8re\"}]},{\"@type\":\"WebSite\",\"@id\":\"https:\\\/\\\/www.sacredheart.qc.ca\\\/fr\\\/#website\",\"url\":\"https:\\\/\\\/www.sacredheart.qc.ca\\\/fr\\\/\",\"name\":\"The Sacred Heart School of Montreal\",\"description\":\"Girls Only Private Catholic English High School - 100% Graduation Rate\",\"publisher\":{\"@id\":\"https:\\\/\\\/www.sacredheart.qc.ca\\\/fr\\\/#organization\"},\"alternateName\":\"The Sacred Heart School of Montreal\",\"potentialAction\":[{\"@type\":\"SearchAction\",\"target\":{\"@type\":\"EntryPoint\",\"urlTemplate\":\"https:\\\/\\\/www.sacredheart.qc.ca\\\/fr\\\/?s={search_term_string}\"},\"query-input\":{\"@type\":\"PropertyValueSpecification\",\"valueRequired\":true,\"valueName\":\"search_term_string\"}}],\"inLanguage\":\"fr-FR\"},{\"@type\":\"Organization\",\"@id\":\"https:\\\/\\\/www.sacredheart.qc.ca\\\/fr\\\/#organization\",\"name\":\"The Sacred Heart School of Montreal\",\"url\":\"https:\\\/\\\/www.sacredheart.qc.ca\\\/fr\\\/\",\"logo\":{\"@type\":\"ImageObject\",\"inLanguage\":\"fr-FR\",\"@id\":\"https:\\\/\\\/www.sacredheart.qc.ca\\\/fr\\\/#\\\/schema\\\/logo\\\/image\\\/\",\"url\":\"https:\\\/\\\/www.sacredheart.qc.ca\\\/wp-content\\\/uploads\\\/2021\\\/06\\\/LogoScredHeart.svg\",\"contentUrl\":\"https:\\\/\\\/www.sacredheart.qc.ca\\\/wp-content\\\/uploads\\\/2021\\\/06\\\/LogoScredHeart.svg\",\"width\":\"1024\",\"height\":\"1024\",\"caption\":\"The Sacred Heart School of Montreal\"},\"image\":{\"@id\":\"https:\\\/\\\/www.sacredheart.qc.ca\\\/fr\\\/#\\\/schema\\\/logo\\\/image\\\/\"},\"sameAs\":[\"https:\\\/\\\/www.facebook.com\\\/SacredHeartMontreal\\\/\",\"https:\\\/\\\/x.com\\\/TheSHSM\",\"https:\\\/\\\/www.instagram.com\\\/SacredHeartMontreal\\\/\",\"https:\\\/\\\/www.linkedin.com\\\/school\\\/the-sacred-heart-school-of-montreal\\\/\",\"https:\\\/\\\/www.youtube.com\\\/user\\\/TheSacredHeartSchool\"]}]}<\/script>\n<!-- \/ Yoast SEO plugin. -->","yoast_head_json":{"title":"La seule \u00e9cole priv\u00e9e catholique anglophone pour filles \u00e0 Montr\u00e9al : frais de scolarit\u00e9 et bourses | L'\u00c9cole Sacr\u00e9-C\u0153ur de Montr\u00e9al","description":"Frais de scolarit\u00e9 et bourse \u00e0 la seule \u00e9cole priv\u00e9e catholique anglophone pour filles \u00e0 Montr\u00e9al, L'\u00c9cole Sacr\u00e9-C\u0153ur de Montr\u00e9al, l'une des meilleures \u00e9coles secondaires priv\u00e9es de Montr\u00e9al. Les frais de scolarit\u00e9 comprennent tous les manuels, la plupart des activit\u00e9s, des sports et des excursions, et bien plus encore.","robots":{"index":"index","follow":"follow","max-snippet":"max-snippet:-1","max-image-preview":"max-image-preview:large","max-video-preview":"max-video-preview:-1"},"canonical":"https:\/\/www.sacredheart.qc.ca\/fr\/admissions\/droits-scolarite-aide-financiere\/","og_locale":"fr_FR","og_type":"article","og_title":"La seule \u00e9cole priv\u00e9e catholique anglophone pour filles \u00e0 Montr\u00e9al : frais de scolarit\u00e9 et bourses | L'\u00c9cole Sacr\u00e9-C\u0153ur de Montr\u00e9al","og_description":"Frais de scolarit\u00e9 et bourse \u00e0 la seule \u00e9cole priv\u00e9e catholique anglophone pour filles \u00e0 Montr\u00e9al, L'\u00c9cole Sacr\u00e9-C\u0153ur de Montr\u00e9al, l'une des meilleures \u00e9coles secondaires priv\u00e9es de Montr\u00e9al. Les frais de scolarit\u00e9 comprennent tous les manuels, la plupart des activit\u00e9s, des sports et des excursions, et bien plus encore.","og_url":"https:\/\/www.sacredheart.qc.ca\/fr\/admissions\/droits-scolarite-aide-financiere\/","og_site_name":"The Sacred Heart School of Montreal","article_publisher":"https:\/\/www.facebook.com\/SacredHeartMontreal\/","article_modified_time":"2026-03-17T18:43:23+00:00","og_image":[{"width":1480,"height":575,"url":"https:\/\/www.sacredheart.qc.ca\/wp-content\/uploads\/2021\/07\/Tuition-Financial.jpg","type":"image\/jpeg"}],"twitter_card":"summary_large_image","twitter_site":"@TheSHSM","twitter_misc":{"Dur\u00e9e de lecture estim\u00e9e":"5 minutes"},"schema":{"@context":"https:\/\/schema.org","@graph":[{"@type":"WebPage","@id":"https:\/\/www.sacredheart.qc.ca\/fr\/admissions\/droits-scolarite-aide-financiere\/","url":"https:\/\/www.sacredheart.qc.ca\/fr\/admissions\/droits-scolarite-aide-financiere\/","name":"La seule \u00e9cole priv\u00e9e catholique anglophone pour filles \u00e0 Montr\u00e9al : frais de scolarit\u00e9 et bourses | L'\u00c9cole Sacr\u00e9-C\u0153ur de Montr\u00e9al","isPartOf":{"@id":"https:\/\/www.sacredheart.qc.ca\/fr\/#website"},"primaryImageOfPage":{"@id":"https:\/\/www.sacredheart.qc.ca\/fr\/admissions\/droits-scolarite-aide-financiere\/#primaryimage"},"image":{"@id":"https:\/\/www.sacredheart.qc.ca\/fr\/admissions\/droits-scolarite-aide-financiere\/#primaryimage"},"thumbnailUrl":"https:\/\/www.sacredheart.qc.ca\/wp-content\/uploads\/2021\/07\/Tuition-Financial.jpg","datePublished":"2021-06-18T18:35:11+00:00","dateModified":"2026-03-17T18:43:23+00:00","description":"Frais de scolarit\u00e9 et bourse \u00e0 la seule \u00e9cole priv\u00e9e catholique anglophone pour filles \u00e0 Montr\u00e9al, L'\u00c9cole Sacr\u00e9-C\u0153ur de Montr\u00e9al, l'une des meilleures \u00e9coles secondaires priv\u00e9es de Montr\u00e9al. Les frais de scolarit\u00e9 comprennent tous les manuels, la plupart des activit\u00e9s, des sports et des excursions, et bien plus encore.","breadcrumb":{"@id":"https:\/\/www.sacredheart.qc.ca\/fr\/admissions\/droits-scolarite-aide-financiere\/#breadcrumb"},"inLanguage":"fr-FR","potentialAction":[{"@type":"ReadAction","target":["https:\/\/www.sacredheart.qc.ca\/fr\/admissions\/droits-scolarite-aide-financiere\/"]}]},{"@type":"ImageObject","inLanguage":"fr-FR","@id":"https:\/\/www.sacredheart.qc.ca\/fr\/admissions\/droits-scolarite-aide-financiere\/#primaryimage","url":"https:\/\/www.sacredheart.qc.ca\/wp-content\/uploads\/2021\/07\/Tuition-Financial.jpg","contentUrl":"https:\/\/www.sacredheart.qc.ca\/wp-content\/uploads\/2021\/07\/Tuition-Financial.jpg","width":1480,"height":575},{"@type":"BreadcrumbList","@id":"https:\/\/www.sacredheart.qc.ca\/fr\/admissions\/droits-scolarite-aide-financiere\/#breadcrumb","itemListElement":[{"@type":"ListItem","position":1,"name":"Home","item":"https:\/\/www.sacredheart.qc.ca\/fr\/"},{"@type":"ListItem","position":2,"name":"Droits de scolarit\u00e9 et aide financi\u00e8re"}]},{"@type":"WebSite","@id":"https:\/\/www.sacredheart.qc.ca\/fr\/#website","url":"https:\/\/www.sacredheart.qc.ca\/fr\/","name":"The Sacred Heart School of Montreal","description":"Girls Only Private Catholic English High School - 100% Graduation Rate","publisher":{"@id":"https:\/\/www.sacredheart.qc.ca\/fr\/#organization"},"alternateName":"The Sacred Heart School of Montreal","potentialAction":[{"@type":"SearchAction","target":{"@type":"EntryPoint","urlTemplate":"https:\/\/www.sacredheart.qc.ca\/fr\/?s={search_term_string}"},"query-input":{"@type":"PropertyValueSpecification","valueRequired":true,"valueName":"search_term_string"}}],"inLanguage":"fr-FR"},{"@type":"Organization","@id":"https:\/\/www.sacredheart.qc.ca\/fr\/#organization","name":"The Sacred Heart School of Montreal","url":"https:\/\/www.sacredheart.qc.ca\/fr\/","logo":{"@type":"ImageObject","inLanguage":"fr-FR","@id":"https:\/\/www.sacredheart.qc.ca\/fr\/#\/schema\/logo\/image\/","url":"https:\/\/www.sacredheart.qc.ca\/wp-content\/uploads\/2021\/06\/LogoScredHeart.svg","contentUrl":"https:\/\/www.sacredheart.qc.ca\/wp-content\/uploads\/2021\/06\/LogoScredHeart.svg","width":"1024","height":"1024","caption":"The Sacred Heart School of Montreal"},"image":{"@id":"https:\/\/www.sacredheart.qc.ca\/fr\/#\/schema\/logo\/image\/"},"sameAs":["https:\/\/www.facebook.com\/SacredHeartMontreal\/","https:\/\/x.com\/TheSHSM","https:\/\/www.instagram.com\/SacredHeartMontreal\/","https:\/\/www.linkedin.com\/school\/the-sacred-heart-school-of-montreal\/","https:\/\/www.youtube.com\/user\/TheSacredHeartSchool"]}]}},"ticketed":false,"_links":{"self":[{"href":"https:\/\/www.sacredheart.qc.ca\/fr\/wp-json\/wp\/v2\/pages\/17755","targetHints":{"allow":["GET"]}}],"collection":[{"href":"https:\/\/www.sacredheart.qc.ca\/fr\/wp-json\/wp\/v2\/pages"}],"about":[{"href":"https:\/\/www.sacredheart.qc.ca\/fr\/wp-json\/wp\/v2\/types\/page"}],"author":[{"embeddable":true,"href":"https:\/\/www.sacredheart.qc.ca\/fr\/wp-json\/wp\/v2\/users\/2"}],"replies":[{"embeddable":true,"href":"https:\/\/www.sacredheart.qc.ca\/fr\/wp-json\/wp\/v2\/comments?post=17755"}],"version-history":[{"count":0,"href":"https:\/\/www.sacredheart.qc.ca\/fr\/wp-json\/wp\/v2\/pages\/17755\/revisions"}],"wp:featuredmedia":[{"embeddable":true,"href":"https:\/\/www.sacredheart.qc.ca\/fr\/wp-json\/wp\/v2\/media\/16179"}],"wp:attachment":[{"href":"https:\/\/www.sacredheart.qc.ca\/fr\/wp-json\/wp\/v2\/media?parent=17755"}],"curies":[{"name":"wp","href":"https:\/\/api.w.org\/{rel}","templated":true}]}}