{"id":17753,"date":"2021-06-18T15:47:17","date_gmt":"2021-06-18T19:47:17","guid":{"rendered":"https:\/\/www.sacredheart.qc.ca\/?page_id=17753"},"modified":"2025-05-08T15:53:23","modified_gmt":"2025-05-08T19:53:23","slug":"classes-de-7-a-11-ans","status":"publish","type":"page","link":"https:\/\/www.sacredheart.qc.ca\/fr\/pedagogie\/secondaire-1-5\/","title":{"rendered":"Secondaire I \u00e0 V"},"content":{"rendered":"\n<h1>\n\t\t\u00c9cole secondaire<br \/>(sec. I \u00e0 V)\n\t<\/h1>\n<h2>\n\t\tD\u00e9couvrez notre programme p\u00e9dagogique pour les \u00e9l\u00e8ves du secondaire I \u00e0 V.\n\t<\/h2>\n<h2>\n\t\tLes \u00e9tudes secondaire au Sacr\u00e9-C\u0153ur : une fondation pour l&rsquo;excellence des filles \u00e0 Montr\u00e9al\n\t<\/h2>\n\t<p>L&rsquo;\u00c9cole Sacr\u00e9-C\u0153ur de Montr\u00e9al est l&rsquo;une des meilleures \u00e9coles secondaires priv\u00e9es anglaises pour filles \u00e0 Montr\u00e9al. Elle s&rsquo;engage \u00e0 offrir un environnement acad\u00e9mique stimulant, adapt\u00e9 aux besoins et aux int\u00e9r\u00eats individuels de chaque \u00e9l\u00e8ve.<\/p>\n<p>Notre programme d&rsquo;\u00e9tudes secondaires est con\u00e7u pour \u00e9tablir une base solide pour le d\u00e9veloppement intellectuel, menant \u00e0 l&rsquo;obtention d&rsquo;un dipl\u00f4me d&rsquo;\u00e9tudes secondaires du minist\u00e8re de l&rsquo;\u00c9ducation (MEQ).<\/p>\n<h2>\n\t\tL&rsquo;exp\u00e9rience \u00e9ducative du secondaire\n\t<\/h2>\n\t<p><strong>Un environnement d&rsquo;apprentissage favorable :<\/strong> Que votre enfant entre au secondaire I ou V, il fera l&rsquo;exp\u00e9rience d&rsquo;un environnement \u00e9ducatif stimulant et encourageant.<\/p>\n<p><strong>Une attention personnalis\u00e9e :<\/strong> Des classes de petite taille et un taux d&rsquo;encadrement favorable permettent \u00e0 chaque \u00e9l\u00e8ve de b\u00e9n\u00e9ficier d&rsquo;une attention individuelle adapt\u00e9e \u00e0 ses besoins.<\/p>\n<p><strong>Une communaut\u00e9 inclusive :<\/strong> Comme le d\u00e9crit une \u00e9tudiante actuelle, l&rsquo;\u00c9cole Sacr\u00e9-C\u0153ur de Montr\u00e9al offre \u00ab\u00a0une communaut\u00e9 \u00e9tonnante d&rsquo;\u00e9l\u00e8ves, d&rsquo;enseignants, de personnel et d&rsquo;anciens \u00e9l\u00e8ves\u00a0\u00bb, qui contribuent tous \u00e0 une atmosph\u00e8re dynamique.<\/p>\n<p><strong>D\u00e9veloppement holistique :<\/strong> Notre environnement ax\u00e9 sur la communaut\u00e9 ne se limite pas \u00e0 l&rsquo;apprentissage scolaire ; c&rsquo;est un espace o\u00f9 les filles deviennent des jeunes femmes pr\u00eates \u00e0 avoir un impact positif sur le monde.<\/p>\n<h2>\n\t\tProgramme de langue espagnole\n\t<\/h2>\n\t<p>Notre programme d&rsquo;espagnol est un cours <strong>obligatoire pour tous les \u00e9l\u00e8ves de secondaire I, II et III<\/strong>, avec une <strong>option facultative pour les \u00e9l\u00e8ves de secondaire IV et V<\/strong>. Cet ajout passionnant refl\u00e8te l&rsquo;engagement continu de notre \u00e9cole \u00e0 pr\u00e9parer des \u00e9l\u00e8ves ouverts sur le monde &#8211; d\u00e9couvrez-en plus sur ce programme dynamique et captivant !<\/p>\n\t\t\t<a href=\"https:\/\/www.sacredheart.qc.ca\/fr\/langue-espagnole\/\" target=\"_blank\" rel=\"noopener\">\n\t\t\t\t\t\t\tD\u00e9couvrez notre programme de langue espagnole\n\t\t\t\t\t<\/a>\n\t\t\t<a href=\"https:\/\/www.sacredheart.qc.ca\/wp-content\/uploads\/2022\/06\/SHSM-Curriculum-Information-2022-2023.pdf\" download target=\"_blank\" rel=\"noopener nofollow\">\n\t\t\t\t\t\t\tT\u00e9l\u00e9charger le PDF sur le programme d&rsquo;\u00e9tudes\n\t\t\t<\/a>\n\t\t\t<a href=\"https:\/\/www.sacredheart.qc.ca\/wp-content\/uploads\/2024\/10\/Francais-doc-1.pdf\" download target=\"_blank\" rel=\"noopener nofollow\">\n\t\t\t\t\t\t\tT\u00e9l\u00e9charger le PDF sur le programme de fran\u00e7ais\n\t\t\t<\/a>\n\t\t\t<a href=\"https:\/\/www.sacredheart.qc.ca\/wp-content\/uploads\/2021\/09\/Math-and-Science-Charts-2021.pdf\" download target=\"_blank\" rel=\"noopener nofollow\">\n\t\t\t\t\t\t\tT\u00e9l\u00e9charger le PDF sur les math\u00e9matiques et les sciences\n\t\t\t<\/a>\n<h2>\n\t\tFAQ sur les cours offerts du sec. I \u00e0 V\n\t<\/h2>\n\t\t\t\t\t\t<h4>L&rsquo;\u00e9cole Sacr\u00e9-C\u0153ur de Montr\u00e9al exige-t-elle des uniformes ?<\/h4>\n\t\t\t<p>Oui, l&rsquo;\u00c9cole Sacr\u00e9-C\u0153ur de Montr\u00e9al\u00a0 exige le port de l&rsquo;uniforme pour les \u00e9l\u00e8ves du secondaire. Nous disposons d&rsquo;un uniforme habill\u00e9, qui est port\u00e9 le mardi et lors d&rsquo;\u00e9v\u00e9nements sp\u00e9ciaux, et d&rsquo;un uniforme d\u00e9contract\u00e9, qui est port\u00e9 les autres jours. Un uniforme d&rsquo;\u00e9ducation physique est \u00e9galement port\u00e9 pendant les cours d&rsquo;\u00e9ducation physique. Les uniformes peuvent \u00eatre achet\u00e9s neufs, par l&rsquo;interm\u00e9diaire de notre fournisseur TopMarks, ou d&rsquo;occasion par l&rsquo;interm\u00e9diaire de la boutique d&rsquo;uniformes de la Comit\u00e9 des parents. Les \u00e9l\u00e8ves de 12e ann\u00e9e ont un code vestimentaire d\u00e9contract\u00e9 \u00e0 la place de l&rsquo;uniforme.<\/p>\n\t\t\t\t\t\t<h4>Quel est le nombre moyen d&rsquo;\u00e9l\u00e8ves par classe \u00e0 l&rsquo;\u00c9cole Sacr\u00e9-C\u0153ur de Montr\u00e9al ?<\/h4>\n\t\t\t<p>La taille moyenne des classes est de 18.<\/p>\n\t\t\t\t\t\t<h4>Une aide financi\u00e8re est-elle disponible ?<\/h4>\n\t\t\t<p>Oui ! Nous disposons d&rsquo;un solide programme de bourses. La bourse moyenne est de 8 350 dollars. En savoir plus sur les <a href=\"https:\/\/www.sacredheart.qc.ca\/fr\/admissions\/frais-scolarite-aide-financiere\/\" target=\"_blank\" rel=\"noopener\">droits de scolarit\u00e9 et les aides financi\u00e8res<\/a>.<\/p>\n\t\t\t\t\t\t<h4>Proposez-vous un programme de math\u00e9matiques acc\u00e9l\u00e9r\u00e9 ?<\/h4>\n\t\t\t<p>Oui, nous proposons un programme de math\u00e9matiques acc\u00e9l\u00e9r\u00e9 pour les \u00e9l\u00e8ves qui excellent en math\u00e9matiques et qui souhaitent suivre le programme d&rsquo;alg\u00e8bre en secondaire V.<\/p>\n\t\t\t\t\t\t<h4>\u00c0 quoi ressemble votre programme de fran\u00e7ais ?<\/h4>\n\t\t\t<p>L&rsquo;\u00c9cole Sacr\u00e9-Coeur propose trois niveaux de fran\u00e7ais, de la seconde langue de base \u00e0 la langue maternelle (langue d&rsquo;enseignement &#8211; m\u00eame cours que les lyc\u00e9es fran\u00e7ais du Qu\u00e9bec).<\/p>\n<p>Nos \u00e9tudiantes obtiennent un certificat bilingue pour avoir suivi les cours en anglais et en fran\u00e7ais, leurs langues maternelles respectives.<\/p>\n<p>En secondaire III et IV, nos \u00e9l\u00e8ves passent leurs cours de sciences sociales (g\u00e9ographie et histoire) et d&rsquo;arts plastiques en fran\u00e7ais.<\/p>\n<p>Les \u00e9l\u00e8ves du secondaire suivent \u00e9galement des cours obligatoires de culture francophone (culture de la France, du Qu\u00e9bec et de la Francophonie) en plus de leurs cours de fran\u00e7ais habituels.<\/p>\n<p>Chaque ann\u00e9e, nous proposons \u00e9galement des cours facultatifs de fran\u00e7ais pour les \u00e9l\u00e8ves du secondaire III et plus.<\/p>\n\t\t\t\t\t\t<h4>Quelles sont les exigences de service communautaire au Sacr\u00e9-Coeur?<\/h4>\n\t\t\t<p>Comme condition pr\u00e9alable \u00e0 l&rsquo;obtention d&rsquo;un certificat du Sacr\u00e9-C\u0153ur de Montr\u00e9al , tous les \u00e9l\u00e8ves du secondaire doivent effectuer 40 heures de service communautaire avant le mois d&rsquo;avril du secondaire V.<\/p>\n<p>La moiti\u00e9 de ces heures de service communautaire doit \u00eatre effectu\u00e9e avant l&rsquo;entr\u00e9e en secondaire V, y compris pendant l&rsquo;\u00e9t\u00e9. Les \u00e9l\u00e8ves de notre programme de 12e ann\u00e9e doivent effectuer 10 heures de service communautaire au cours de leur ann\u00e9e de 12e ann\u00e9e.<\/p>\n<p>Nos \u00e9tudiantes, notre corps enseignant et notre personnel participent \u00e9galement \u00e0 divers \u00e9v\u00e9nements, activit\u00e9s et collectes de fonds au service de la communaut\u00e9 tout au long de l&rsquo;ann\u00e9e, ce qui est conforme \u00e0 l&rsquo;objectif 3 de l&rsquo;\u00e9cole Sacr\u00e9-C\u0153ur de Montr\u00e9al : d\u00e9velopper une conscience sociale qui incite \u00e0 agir.<\/p>\n<h2>\n\t\tVous pouvez \u00e9galement \u00eatre int\u00e9ress\u00e9 par\n\t<\/h2>\n\t<a href=\"https:\/\/www.sacredheart.qc.ca\/fr\/pedagogie\/ecole-secondaire-anglais\/sec-i\/\" target=\"_self\"><\/a>\t\t\t<img decoding=\"async\" alt=\"Sec I\" src=\"https:\/\/www.sacredheart.qc.ca\/wp-content\/uploads\/2023\/10\/Sec-I-450x300-1.jpg\"\/>\n\t\t<h3>Sec. I<\/h3>\n\t<a href=\"https:\/\/www.sacredheart.qc.ca\/fr\/pedagogie\/ecole-secondaire-anglais\/sec-ii\/\" target=\"_self\"><\/a>\t\t\t<img decoding=\"async\" alt=\"SEc II 450x300\" src=\"https:\/\/www.sacredheart.qc.ca\/wp-content\/uploads\/2023\/10\/SEc-II-450x300-2.jpeg\"\/>\n\t\t<h3>Sec. II<\/h3>\n\t<a href=\"https:\/\/www.sacredheart.qc.ca\/fr\/pedagogie\/ecole-secondaire-anglais\/sec-iii\/\" target=\"_self\"><\/a>\t\t\t\t\n\t\t\t\t\t\t<img decoding=\"async\" alt=\"SEC III\" src=\"https:\/\/www.sacredheart.qc.ca\/wp-content\/uploads\/2023\/10\/SEC-III-vertical.jpeg\"\/>\n\t\t<h3>Sec. III<\/h3>\n\t<a href=\"https:\/\/www.sacredheart.qc.ca\/fr\/pedagogie\/ecole-secondaire-anglais\/sec-4\/\" target=\"_self\"><\/a>\t\t\t<img decoding=\"async\" alt=\"SEC IV\" src=\"https:\/\/www.sacredheart.qc.ca\/wp-content\/uploads\/2023\/10\/Sec-IV-450x300-1.jpg\"\/>\n\t\t<h3>Sec. IV<\/h3>\n\t<a href=\"https:\/\/www.sacredheart.qc.ca\/fr\/pedagogie\/ecole-secondaire-anglais\/sec-v\/\" target=\"_self\"><\/a>\t\t\t<img decoding=\"async\" alt=\"Sec V\" src=\"https:\/\/www.sacredheart.qc.ca\/wp-content\/uploads\/2023\/10\/SEC-V-392x215-1.jpeg\"\/>\n\t\t<h3>Sec. V<\/h3>\n\t\t\t<a href=\"https:\/\/www.sacredheart.qc.ca\/fr\/admissions\/criteres-anglais-ecole-secondaire\/\" target=\"_self\">\n\t\t\t\t\t\t\tCrit\u00e8res d&rsquo;admissibilit\u00e9 (sec. I \u00e0 V)\n\t\t\t<\/a>\n\t\t\t<a href=\"https:\/\/www.sacredheart.qc.ca\/fr\/admissions\/frais-scolarite-aide-financiere\/\" target=\"_self\">\n\t\t\t\t\t\t\tDroits de scolarit\u00e9 et aide financi\u00e8re\n\t\t\t<\/a>\n\t\t\t<a href=\"https:\/\/www.sacredheart.qc.ca\/fr\/admissions\/appliquer-secondaire\/\" target=\"_self\">\n\t\t\t\t\t\t\tS&rsquo;inscrire\n\t\t\t<\/a>\n<h2>\n\t\tDes questions sur les admissions ?\n\t<\/h2>\n\t<p>Veuillez contacter Mme Stephanie Broadhurst, directrice de la gestion des inscriptions, \u00e0 l&rsquo;adresse suivante<\/p>\n\t<p><a href=\"mailto:admissions@sacredheart.qc.ca\">admissions@sacredheart.qc.ca<\/a><\/p>\n\t<p><strong>T\u00e9l\u00e9phone :<\/strong> +1-514-937-2845 x 114<\/p>\n<p><strong>WeChat :<\/strong> StephB15 | <strong>Whatsapp :<\/strong> +1-514-654-9406<\/p>\n\t\t\t<a href=\"https:\/\/www.sacredheart.qc.ca\/wp-content\/uploads\/2024\/09\/Grades-7-11-Brochure_FR_09-2024.pdf-2.pdf\" target=\"_blank\" rel=\"noopener\">\n\t\t\t\t\t\t\tT\u00e9l\u00e9charger la brochure de 7e-11e ann\u00e9e en fran\u00e7ais\n\t\t\t\t\t<\/a>\n\t\t\t<a href=\"https:\/\/www.sacredheart.qc.ca\/wp-content\/uploads\/2024\/09\/Grades-7-11-Brochure_ENG_09-2024.pdf-1.pdf\" target=\"_blank\" rel=\"noopener\">\n\t\t\t\t\t\t\tT\u00e9l\u00e9charger la brochure de 7e-11e ann\u00e9e en anglais\n\t\t\t\t\t<\/a>\n\t\t\t<a href=\"https:\/\/www.sacredheart.qc.ca\/wp-content\/uploads\/2024\/09\/Grades-7-11-Brochure_SPA_04-2024-2.pdf\" target=\"_blank\" rel=\"noopener\">\n\t\t\t\t\t\t\tT\u00e9l\u00e9charger la brochure de 7e-11e ann\u00e9e en espagnole\n\t\t\t\t\t<\/a>\n\t\t\t<a href=\"https:\/\/www.sacredheart.qc.ca\/wp-content\/uploads\/2024\/04\/Grades-7-11-Brochure_MAN_04-2024.pdf\" target=\"_blank\" rel=\"noopener\">\n\t\t\t\t\t\t\tT\u00e9l\u00e9charger la brochure de 7e-11e ann\u00e9e en mandarine\n\t\t\t\t\t<\/a>\n\n","protected":false},"excerpt":{"rendered":"<p>\u00c9cole secondaire(sec. I \u00e0 V) D\u00e9couvrez notre programme p\u00e9dagogique pour les \u00e9l\u00e8ves du secondaire I \u00e0 V. Les \u00e9tudes secondaire au Sacr\u00e9-C\u0153ur : une fondation pour l&rsquo;excellence des filles \u00e0&hellip;<\/p>\n","protected":false},"author":2,"featured_media":16229,"parent":0,"menu_order":143,"comment_status":"closed","ping_status":"closed","template":"","meta":{"_acf_changed":false,"inline_featured_image":false,"_price":"","_stock":"","_tribe_ticket_header":"","_tribe_default_ticket_provider":"","_tribe_ticket_capacity":"0","_ticket_start_date":"","_ticket_end_date":"","_tribe_ticket_show_description":"","_tribe_ticket_show_not_going":false,"_tribe_ticket_use_global_stock":"","_tribe_ticket_global_stock_level":"","_global_stock_mode":"","_global_stock_cap":"","_tribe_rsvp_for_event":"","_tribe_ticket_going_count":"","_tribe_ticket_not_going_count":"","_tribe_tickets_list":"[]","_tribe_ticket_has_attendee_info_fields":false,"footnotes":"","_tec_slr_enabled":"","_tec_slr_layout":""},"class_list":["post-17753","page","type-page","status-publish","has-post-thumbnail","hentry"],"acf":[],"yoast_head":"<!-- This site is optimized with the Yoast SEO plugin v27.3 - https:\/\/yoast.com\/product\/yoast-seo-wordpress\/ -->\n<title>S\u00e9condaire 1 \u00e0 5 en anglais | L&#039;\u00c9cole Sacr\u00e9-C\u0153ur de Montr\u00e9al<\/title>\n<meta name=\"description\" content=\"Cours et programme pour le secondaire 1 \u00e0 5 dans une seule \u00e9cole priv\u00e9e catholique anglophone pour filles \u00e0 Montr\u00e9al : Le Sacr\u00e9-C\u0153ur. D\u00e9couvrez tous les programmes.\" \/>\n<meta name=\"robots\" content=\"index, follow, max-snippet:-1, max-image-preview:large, max-video-preview:-1\" \/>\n<link rel=\"canonical\" href=\"https:\/\/www.sacredheart.qc.ca\/fr\/pedagogie\/secondaire-1-5\/\" \/>\n<meta property=\"og:locale\" content=\"fr_FR\" \/>\n<meta property=\"og:type\" content=\"article\" \/>\n<meta property=\"og:title\" content=\"S\u00e9condaire 1 \u00e0 5 en anglais | L&#039;\u00c9cole Sacr\u00e9-C\u0153ur de Montr\u00e9al\" \/>\n<meta property=\"og:description\" content=\"Cours et programme pour le secondaire 1 \u00e0 5 dans une seule \u00e9cole priv\u00e9e catholique anglophone pour filles \u00e0 Montr\u00e9al : Le Sacr\u00e9-C\u0153ur. D\u00e9couvrez tous les programmes.\" \/>\n<meta property=\"og:url\" content=\"https:\/\/www.sacredheart.qc.ca\/fr\/pedagogie\/secondaire-1-5\/\" \/>\n<meta property=\"og:site_name\" content=\"The Sacred Heart School of Montreal\" \/>\n<meta property=\"article:publisher\" content=\"https:\/\/www.facebook.com\/SacredHeartMontreal\/\" \/>\n<meta property=\"article:modified_time\" content=\"2025-05-08T19:53:23+00:00\" \/>\n<meta property=\"og:image\" content=\"https:\/\/www.sacredheart.qc.ca\/wp-content\/uploads\/2021\/07\/Grade7-11.jpg\" \/>\n\t<meta property=\"og:image:width\" content=\"1480\" \/>\n\t<meta property=\"og:image:height\" content=\"575\" \/>\n\t<meta property=\"og:image:type\" content=\"image\/jpeg\" \/>\n<meta name=\"twitter:card\" content=\"summary_large_image\" \/>\n<meta name=\"twitter:site\" content=\"@TheSHSM\" \/>\n<meta name=\"twitter:label1\" content=\"Dur\u00e9e de lecture estim\u00e9e\" \/>\n\t<meta name=\"twitter:data1\" content=\"5 minutes\" \/>\n<script type=\"application\/ld+json\" class=\"yoast-schema-graph\">{\"@context\":\"https:\\\/\\\/schema.org\",\"@graph\":[{\"@type\":\"WebPage\",\"@id\":\"https:\\\/\\\/www.sacredheart.qc.ca\\\/fr\\\/pedagogie\\\/secondaire-1-5\\\/\",\"url\":\"https:\\\/\\\/www.sacredheart.qc.ca\\\/fr\\\/pedagogie\\\/secondaire-1-5\\\/\",\"name\":\"S\u00e9condaire 1 \u00e0 5 en anglais | L'\u00c9cole Sacr\u00e9-C\u0153ur de Montr\u00e9al\",\"isPartOf\":{\"@id\":\"https:\\\/\\\/www.sacredheart.qc.ca\\\/fr\\\/#website\"},\"primaryImageOfPage\":{\"@id\":\"https:\\\/\\\/www.sacredheart.qc.ca\\\/fr\\\/pedagogie\\\/secondaire-1-5\\\/#primaryimage\"},\"image\":{\"@id\":\"https:\\\/\\\/www.sacredheart.qc.ca\\\/fr\\\/pedagogie\\\/secondaire-1-5\\\/#primaryimage\"},\"thumbnailUrl\":\"https:\\\/\\\/www.sacredheart.qc.ca\\\/wp-content\\\/uploads\\\/2021\\\/07\\\/Grade7-11.jpg\",\"datePublished\":\"2021-06-18T19:47:17+00:00\",\"dateModified\":\"2025-05-08T19:53:23+00:00\",\"description\":\"Cours et programme pour le secondaire 1 \u00e0 5 dans une seule \u00e9cole priv\u00e9e catholique anglophone pour filles \u00e0 Montr\u00e9al : Le Sacr\u00e9-C\u0153ur. D\u00e9couvrez tous les programmes.\",\"breadcrumb\":{\"@id\":\"https:\\\/\\\/www.sacredheart.qc.ca\\\/fr\\\/pedagogie\\\/secondaire-1-5\\\/#breadcrumb\"},\"inLanguage\":\"fr-FR\",\"potentialAction\":[{\"@type\":\"ReadAction\",\"target\":[\"https:\\\/\\\/www.sacredheart.qc.ca\\\/fr\\\/pedagogie\\\/secondaire-1-5\\\/\"]}]},{\"@type\":\"ImageObject\",\"inLanguage\":\"fr-FR\",\"@id\":\"https:\\\/\\\/www.sacredheart.qc.ca\\\/fr\\\/pedagogie\\\/secondaire-1-5\\\/#primaryimage\",\"url\":\"https:\\\/\\\/www.sacredheart.qc.ca\\\/wp-content\\\/uploads\\\/2021\\\/07\\\/Grade7-11.jpg\",\"contentUrl\":\"https:\\\/\\\/www.sacredheart.qc.ca\\\/wp-content\\\/uploads\\\/2021\\\/07\\\/Grade7-11.jpg\",\"width\":1480,\"height\":575},{\"@type\":\"BreadcrumbList\",\"@id\":\"https:\\\/\\\/www.sacredheart.qc.ca\\\/fr\\\/pedagogie\\\/secondaire-1-5\\\/#breadcrumb\",\"itemListElement\":[{\"@type\":\"ListItem\",\"position\":1,\"name\":\"Home\",\"item\":\"https:\\\/\\\/www.sacredheart.qc.ca\\\/fr\\\/\"},{\"@type\":\"ListItem\",\"position\":2,\"name\":\"Secondaire I \u00e0 V\"}]},{\"@type\":\"WebSite\",\"@id\":\"https:\\\/\\\/www.sacredheart.qc.ca\\\/fr\\\/#website\",\"url\":\"https:\\\/\\\/www.sacredheart.qc.ca\\\/fr\\\/\",\"name\":\"The Sacred Heart School of Montreal\",\"description\":\"Girls Only Private Catholic English High School - 100% Graduation Rate\",\"publisher\":{\"@id\":\"https:\\\/\\\/www.sacredheart.qc.ca\\\/fr\\\/#organization\"},\"alternateName\":\"The Sacred Heart School of Montreal\",\"potentialAction\":[{\"@type\":\"SearchAction\",\"target\":{\"@type\":\"EntryPoint\",\"urlTemplate\":\"https:\\\/\\\/www.sacredheart.qc.ca\\\/fr\\\/?s={search_term_string}\"},\"query-input\":{\"@type\":\"PropertyValueSpecification\",\"valueRequired\":true,\"valueName\":\"search_term_string\"}}],\"inLanguage\":\"fr-FR\"},{\"@type\":\"Organization\",\"@id\":\"https:\\\/\\\/www.sacredheart.qc.ca\\\/fr\\\/#organization\",\"name\":\"The Sacred Heart School of Montreal\",\"url\":\"https:\\\/\\\/www.sacredheart.qc.ca\\\/fr\\\/\",\"logo\":{\"@type\":\"ImageObject\",\"inLanguage\":\"fr-FR\",\"@id\":\"https:\\\/\\\/www.sacredheart.qc.ca\\\/fr\\\/#\\\/schema\\\/logo\\\/image\\\/\",\"url\":\"https:\\\/\\\/www.sacredheart.qc.ca\\\/wp-content\\\/uploads\\\/2021\\\/06\\\/LogoScredHeart.svg\",\"contentUrl\":\"https:\\\/\\\/www.sacredheart.qc.ca\\\/wp-content\\\/uploads\\\/2021\\\/06\\\/LogoScredHeart.svg\",\"width\":\"1024\",\"height\":\"1024\",\"caption\":\"The Sacred Heart School of Montreal\"},\"image\":{\"@id\":\"https:\\\/\\\/www.sacredheart.qc.ca\\\/fr\\\/#\\\/schema\\\/logo\\\/image\\\/\"},\"sameAs\":[\"https:\\\/\\\/www.facebook.com\\\/SacredHeartMontreal\\\/\",\"https:\\\/\\\/x.com\\\/TheSHSM\",\"https:\\\/\\\/www.instagram.com\\\/SacredHeartMontreal\\\/\",\"https:\\\/\\\/www.linkedin.com\\\/school\\\/the-sacred-heart-school-of-montreal\\\/\",\"https:\\\/\\\/www.youtube.com\\\/user\\\/TheSacredHeartSchool\"]}]}<\/script>\n<!-- \/ Yoast SEO plugin. -->","yoast_head_json":{"title":"S\u00e9condaire 1 \u00e0 5 en anglais | L'\u00c9cole Sacr\u00e9-C\u0153ur de Montr\u00e9al","description":"Cours et programme pour le secondaire 1 \u00e0 5 dans une seule \u00e9cole priv\u00e9e catholique anglophone pour filles \u00e0 Montr\u00e9al : Le Sacr\u00e9-C\u0153ur. D\u00e9couvrez tous les programmes.","robots":{"index":"index","follow":"follow","max-snippet":"max-snippet:-1","max-image-preview":"max-image-preview:large","max-video-preview":"max-video-preview:-1"},"canonical":"https:\/\/www.sacredheart.qc.ca\/fr\/pedagogie\/secondaire-1-5\/","og_locale":"fr_FR","og_type":"article","og_title":"S\u00e9condaire 1 \u00e0 5 en anglais | L'\u00c9cole Sacr\u00e9-C\u0153ur de Montr\u00e9al","og_description":"Cours et programme pour le secondaire 1 \u00e0 5 dans une seule \u00e9cole priv\u00e9e catholique anglophone pour filles \u00e0 Montr\u00e9al : Le Sacr\u00e9-C\u0153ur. D\u00e9couvrez tous les programmes.","og_url":"https:\/\/www.sacredheart.qc.ca\/fr\/pedagogie\/secondaire-1-5\/","og_site_name":"The Sacred Heart School of Montreal","article_publisher":"https:\/\/www.facebook.com\/SacredHeartMontreal\/","article_modified_time":"2025-05-08T19:53:23+00:00","og_image":[{"width":1480,"height":575,"url":"https:\/\/www.sacredheart.qc.ca\/wp-content\/uploads\/2021\/07\/Grade7-11.jpg","type":"image\/jpeg"}],"twitter_card":"summary_large_image","twitter_site":"@TheSHSM","twitter_misc":{"Dur\u00e9e de lecture estim\u00e9e":"5 minutes"},"schema":{"@context":"https:\/\/schema.org","@graph":[{"@type":"WebPage","@id":"https:\/\/www.sacredheart.qc.ca\/fr\/pedagogie\/secondaire-1-5\/","url":"https:\/\/www.sacredheart.qc.ca\/fr\/pedagogie\/secondaire-1-5\/","name":"S\u00e9condaire 1 \u00e0 5 en anglais | L'\u00c9cole Sacr\u00e9-C\u0153ur de Montr\u00e9al","isPartOf":{"@id":"https:\/\/www.sacredheart.qc.ca\/fr\/#website"},"primaryImageOfPage":{"@id":"https:\/\/www.sacredheart.qc.ca\/fr\/pedagogie\/secondaire-1-5\/#primaryimage"},"image":{"@id":"https:\/\/www.sacredheart.qc.ca\/fr\/pedagogie\/secondaire-1-5\/#primaryimage"},"thumbnailUrl":"https:\/\/www.sacredheart.qc.ca\/wp-content\/uploads\/2021\/07\/Grade7-11.jpg","datePublished":"2021-06-18T19:47:17+00:00","dateModified":"2025-05-08T19:53:23+00:00","description":"Cours et programme pour le secondaire 1 \u00e0 5 dans une seule \u00e9cole priv\u00e9e catholique anglophone pour filles \u00e0 Montr\u00e9al : Le Sacr\u00e9-C\u0153ur. D\u00e9couvrez tous les programmes.","breadcrumb":{"@id":"https:\/\/www.sacredheart.qc.ca\/fr\/pedagogie\/secondaire-1-5\/#breadcrumb"},"inLanguage":"fr-FR","potentialAction":[{"@type":"ReadAction","target":["https:\/\/www.sacredheart.qc.ca\/fr\/pedagogie\/secondaire-1-5\/"]}]},{"@type":"ImageObject","inLanguage":"fr-FR","@id":"https:\/\/www.sacredheart.qc.ca\/fr\/pedagogie\/secondaire-1-5\/#primaryimage","url":"https:\/\/www.sacredheart.qc.ca\/wp-content\/uploads\/2021\/07\/Grade7-11.jpg","contentUrl":"https:\/\/www.sacredheart.qc.ca\/wp-content\/uploads\/2021\/07\/Grade7-11.jpg","width":1480,"height":575},{"@type":"BreadcrumbList","@id":"https:\/\/www.sacredheart.qc.ca\/fr\/pedagogie\/secondaire-1-5\/#breadcrumb","itemListElement":[{"@type":"ListItem","position":1,"name":"Home","item":"https:\/\/www.sacredheart.qc.ca\/fr\/"},{"@type":"ListItem","position":2,"name":"Secondaire I \u00e0 V"}]},{"@type":"WebSite","@id":"https:\/\/www.sacredheart.qc.ca\/fr\/#website","url":"https:\/\/www.sacredheart.qc.ca\/fr\/","name":"The Sacred Heart School of Montreal","description":"Girls Only Private Catholic English High School - 100% Graduation Rate","publisher":{"@id":"https:\/\/www.sacredheart.qc.ca\/fr\/#organization"},"alternateName":"The Sacred Heart School of Montreal","potentialAction":[{"@type":"SearchAction","target":{"@type":"EntryPoint","urlTemplate":"https:\/\/www.sacredheart.qc.ca\/fr\/?s={search_term_string}"},"query-input":{"@type":"PropertyValueSpecification","valueRequired":true,"valueName":"search_term_string"}}],"inLanguage":"fr-FR"},{"@type":"Organization","@id":"https:\/\/www.sacredheart.qc.ca\/fr\/#organization","name":"The Sacred Heart School of Montreal","url":"https:\/\/www.sacredheart.qc.ca\/fr\/","logo":{"@type":"ImageObject","inLanguage":"fr-FR","@id":"https:\/\/www.sacredheart.qc.ca\/fr\/#\/schema\/logo\/image\/","url":"https:\/\/www.sacredheart.qc.ca\/wp-content\/uploads\/2021\/06\/LogoScredHeart.svg","contentUrl":"https:\/\/www.sacredheart.qc.ca\/wp-content\/uploads\/2021\/06\/LogoScredHeart.svg","width":"1024","height":"1024","caption":"The Sacred Heart School of Montreal"},"image":{"@id":"https:\/\/www.sacredheart.qc.ca\/fr\/#\/schema\/logo\/image\/"},"sameAs":["https:\/\/www.facebook.com\/SacredHeartMontreal\/","https:\/\/x.com\/TheSHSM","https:\/\/www.instagram.com\/SacredHeartMontreal\/","https:\/\/www.linkedin.com\/school\/the-sacred-heart-school-of-montreal\/","https:\/\/www.youtube.com\/user\/TheSacredHeartSchool"]}]}},"ticketed":false,"_links":{"self":[{"href":"https:\/\/www.sacredheart.qc.ca\/fr\/wp-json\/wp\/v2\/pages\/17753","targetHints":{"allow":["GET"]}}],"collection":[{"href":"https:\/\/www.sacredheart.qc.ca\/fr\/wp-json\/wp\/v2\/pages"}],"about":[{"href":"https:\/\/www.sacredheart.qc.ca\/fr\/wp-json\/wp\/v2\/types\/page"}],"author":[{"embeddable":true,"href":"https:\/\/www.sacredheart.qc.ca\/fr\/wp-json\/wp\/v2\/users\/2"}],"replies":[{"embeddable":true,"href":"https:\/\/www.sacredheart.qc.ca\/fr\/wp-json\/wp\/v2\/comments?post=17753"}],"version-history":[{"count":0,"href":"https:\/\/www.sacredheart.qc.ca\/fr\/wp-json\/wp\/v2\/pages\/17753\/revisions"}],"wp:featuredmedia":[{"embeddable":true,"href":"https:\/\/www.sacredheart.qc.ca\/fr\/wp-json\/wp\/v2\/media\/16229"}],"wp:attachment":[{"href":"https:\/\/www.sacredheart.qc.ca\/fr\/wp-json\/wp\/v2\/media?parent=17753"}],"curies":[{"name":"wp","href":"https:\/\/api.w.org\/{rel}","templated":true}]}}