{"id":17748,"date":"2021-07-15T18:13:13","date_gmt":"2021-07-15T22:13:13","guid":{"rendered":"https:\/\/www.sacredheart.qc.ca\/?page_id=17748"},"modified":"2025-04-29T16:22:24","modified_gmt":"2025-04-29T20:22:24","slug":"ressources-etudiants","status":"publish","type":"page","link":"https:\/\/www.sacredheart.qc.ca\/fr\/vie-etudiante\/ressources-etudiants\/","title":{"rendered":"Ressources pour les \u00e9tudiants"},"content":{"rendered":"\n<h1>\n\t\tRessources pour les \u00e9tudiantes\n\t<\/h1>\n<h4>\n\t\tTutorat en ligne avec Paper\n\t<\/h4>\n\t\t\t<a href=\"https:\/\/blog.paper.co\/\" target=\"_blank\" rel=\"noopener\">\n\t\t\t\t\t\t\tEn savoir plus\n\t\t\t\t\t<\/a>\n<h4>\n\t\tIntimidation et pr\u00e9vention de la violence\n\t<\/h4>\n\t\t\t<a href=\"https:\/\/www.sacredheart.qc.ca\/wp-content\/uploads\/2021\/07\/Bullying-and-Violence-Prevention-and-Reporting-Policy-.pdf\" download target=\"_blank\" rel=\"noopener\">\n\t\t\t\t\t\t\tT\u00e9l\u00e9charger la politique\n\t\t\t\t\t<\/a>\n<h2>\n\t\tTutorat en ligne avec PAPER\n\t<\/h2>\n<h2>\n\t\t(pr\u00e9c\u00e9demment GradeSlam)\n\t<\/h2>\n\t<p>Une aide aux devoirs est disponible 24 heures sur 24 et 7 jours sur 7 gr\u00e2ce \u00e0 notre outil de tutorat en ligne &#8211; PAPER. Des experts dans toutes les mati\u00e8res et tous les sujets sont \u00e0 la disposition des \u00e9tudiantes du Sacr\u00e9-C\u0153ur, avec une attention individuelle adapt\u00e9e au style d&rsquo;apprentissage de chacun. PAPER est un outil de tutorat en ligne bas\u00e9 sur le chat.<\/p>\n\t\t\t<a href=\"https:\/\/blog.paper.co\/\" target=\"_blank\" rel=\"noopener\">\n\t\t\t\t\t\t\tPlus d&rsquo;informations\n\t\t\t\t\t<\/a>\n<h2>\n\t\tIntimidation et pr\u00e9vention de la violence\n\t<\/h2>\n\t<p>L&rsquo;\u00c9cole du Sacr\u00e9-C\u0153ur de Montr\u00e9al s&rsquo;engage \u00e0 b\u00e2tir une communaut\u00e9 s\u00e9curitaire et bienveillante. Nous appliquons une politique de tol\u00e9rance z\u00e9ro \u00e0 l&rsquo;\u00e9gard de la violence et des brimades. Les \u00e9l\u00e8ves, les parents et le personnel sont invit\u00e9s \u00e0 signaler tous les incidents de violence et d&rsquo;intimidation \u00e0 l&rsquo;administration d\u00e8s qu&rsquo;ils se produisent.<\/p>\n\t\t\t<a href=\"https:\/\/www.sacredheart.qc.ca\/wp-content\/uploads\/2021\/07\/Bullying-and-Violence-Prevention-and-Reporting-Policy-.pdf\" download target=\"_blank\" rel=\"noopener\">\n\t\t\t\t\t\t\tT\u00e9l\u00e9charger la politique\n\t\t\t\t\t<\/a>\n<h2>\n\t\tConseils personnels\n\t<\/h2>\n\tUn conseiller personnel qualifi\u00e9 est \u00e0 la disposition des \u00e9tudiantes.<br \/>\nDu lundi au vendredi pendant les heures de cours.\n\t\t\t<a href=\"mailto:gabrielladonofrio@sacredheart.qc.ca\" target=\"_blank\" rel=\"noopener\">\n\t\t\t\t\t\t\tEnvoyer un courriel\n\t\t\t\t\t<\/a>\n\n","protected":false},"excerpt":{"rendered":"<p>Ressources pour les \u00e9tudiantes Tutorat en ligne avec Paper En savoir plus Intimidation et pr\u00e9vention de la violence T\u00e9l\u00e9charger la politique Tutorat en ligne avec PAPER (pr\u00e9c\u00e9demment GradeSlam) Une aide&hellip;<\/p>\n","protected":false},"author":6,"featured_media":16243,"parent":0,"menu_order":99,"comment_status":"closed","ping_status":"closed","template":"","meta":{"_acf_changed":false,"inline_featured_image":false,"_price":"","_stock":"","_tribe_ticket_header":"","_tribe_default_ticket_provider":"","_tribe_ticket_capacity":"0","_ticket_start_date":"","_ticket_end_date":"","_tribe_ticket_show_description":"","_tribe_ticket_show_not_going":false,"_tribe_ticket_use_global_stock":"","_tribe_ticket_global_stock_level":"","_global_stock_mode":"","_global_stock_cap":"","_tribe_rsvp_for_event":"","_tribe_ticket_going_count":"","_tribe_ticket_not_going_count":"","_tribe_tickets_list":"[]","_tribe_ticket_has_attendee_info_fields":false,"footnotes":"","_tec_slr_enabled":"","_tec_slr_layout":""},"class_list":["post-17748","page","type-page","status-publish","has-post-thumbnail","hentry"],"acf":[],"yoast_head":"<!-- This site is optimized with the Yoast SEO plugin v27.3 - https:\/\/yoast.com\/product\/yoast-seo-wordpress\/ -->\n<title>Ressources pour les \u00e9tudiants | La seule \u00e9cole priv\u00e9e catholique anglophone pour filles \u00e0 Montr\u00e9al | L&#039;\u00c9cole Sacr\u00e9-C\u0153ur de Montr\u00e9al<\/title>\n<meta name=\"description\" content=\"L&#039;\u00e9cole du Sacr\u00e9-C\u0153ur de Montr\u00e9al offre aux \u00e9l\u00e8ves un tutorat en ligne 24 heures sur 24, 7 jours sur 7, des conseils personnels sur place tous les jours de la semaine, ainsi qu&#039;une politique rigoureuse en mati\u00e8re d&#039;intimidation et de violence.\" \/>\n<meta name=\"robots\" content=\"index, follow, max-snippet:-1, max-image-preview:large, max-video-preview:-1\" \/>\n<link rel=\"canonical\" href=\"https:\/\/www.sacredheart.qc.ca\/fr\/vie-etudiante\/ressources-etudiants\/\" \/>\n<meta property=\"og:locale\" content=\"fr_FR\" \/>\n<meta property=\"og:type\" content=\"article\" \/>\n<meta property=\"og:title\" content=\"Ressources pour les \u00e9tudiants | La seule \u00e9cole priv\u00e9e catholique anglophone pour filles \u00e0 Montr\u00e9al | L&#039;\u00c9cole Sacr\u00e9-C\u0153ur de Montr\u00e9al\" \/>\n<meta property=\"og:description\" content=\"L&#039;\u00e9cole du Sacr\u00e9-C\u0153ur de Montr\u00e9al offre aux \u00e9l\u00e8ves un tutorat en ligne 24 heures sur 24, 7 jours sur 7, des conseils personnels sur place tous les jours de la semaine, ainsi qu&#039;une politique rigoureuse en mati\u00e8re d&#039;intimidation et de violence.\" \/>\n<meta property=\"og:url\" content=\"https:\/\/www.sacredheart.qc.ca\/fr\/vie-etudiante\/ressources-etudiants\/\" \/>\n<meta property=\"og:site_name\" content=\"The Sacred Heart School of Montreal\" \/>\n<meta property=\"article:publisher\" content=\"https:\/\/www.facebook.com\/SacredHeartMontreal\/\" \/>\n<meta property=\"article:modified_time\" content=\"2025-04-29T20:22:24+00:00\" \/>\n<meta property=\"og:image\" content=\"https:\/\/www.sacredheart.qc.ca\/wp-content\/uploads\/2021\/07\/Student-Services.jpg\" \/>\n\t<meta property=\"og:image:width\" content=\"1480\" \/>\n\t<meta property=\"og:image:height\" content=\"575\" \/>\n\t<meta property=\"og:image:type\" content=\"image\/jpeg\" \/>\n<meta name=\"twitter:card\" content=\"summary_large_image\" \/>\n<meta name=\"twitter:site\" content=\"@TheSHSM\" \/>\n<meta name=\"twitter:label1\" content=\"Dur\u00e9e de lecture estim\u00e9e\" \/>\n\t<meta name=\"twitter:data1\" content=\"1 minute\" \/>\n<script type=\"application\/ld+json\" class=\"yoast-schema-graph\">{\"@context\":\"https:\\\/\\\/schema.org\",\"@graph\":[{\"@type\":\"WebPage\",\"@id\":\"https:\\\/\\\/www.sacredheart.qc.ca\\\/fr\\\/vie-etudiante\\\/ressources-etudiants\\\/\",\"url\":\"https:\\\/\\\/www.sacredheart.qc.ca\\\/fr\\\/vie-etudiante\\\/ressources-etudiants\\\/\",\"name\":\"Ressources pour les \u00e9tudiants | La seule \u00e9cole priv\u00e9e catholique anglophone pour filles \u00e0 Montr\u00e9al | L'\u00c9cole Sacr\u00e9-C\u0153ur de Montr\u00e9al\",\"isPartOf\":{\"@id\":\"https:\\\/\\\/www.sacredheart.qc.ca\\\/fr\\\/#website\"},\"primaryImageOfPage\":{\"@id\":\"https:\\\/\\\/www.sacredheart.qc.ca\\\/fr\\\/vie-etudiante\\\/ressources-etudiants\\\/#primaryimage\"},\"image\":{\"@id\":\"https:\\\/\\\/www.sacredheart.qc.ca\\\/fr\\\/vie-etudiante\\\/ressources-etudiants\\\/#primaryimage\"},\"thumbnailUrl\":\"https:\\\/\\\/www.sacredheart.qc.ca\\\/wp-content\\\/uploads\\\/2021\\\/07\\\/Student-Services.jpg\",\"datePublished\":\"2021-07-15T22:13:13+00:00\",\"dateModified\":\"2025-04-29T20:22:24+00:00\",\"description\":\"L'\u00e9cole du Sacr\u00e9-C\u0153ur de Montr\u00e9al offre aux \u00e9l\u00e8ves un tutorat en ligne 24 heures sur 24, 7 jours sur 7, des conseils personnels sur place tous les jours de la semaine, ainsi qu'une politique rigoureuse en mati\u00e8re d'intimidation et de violence.\",\"breadcrumb\":{\"@id\":\"https:\\\/\\\/www.sacredheart.qc.ca\\\/fr\\\/vie-etudiante\\\/ressources-etudiants\\\/#breadcrumb\"},\"inLanguage\":\"fr-FR\",\"potentialAction\":[{\"@type\":\"ReadAction\",\"target\":[\"https:\\\/\\\/www.sacredheart.qc.ca\\\/fr\\\/vie-etudiante\\\/ressources-etudiants\\\/\"]}]},{\"@type\":\"ImageObject\",\"inLanguage\":\"fr-FR\",\"@id\":\"https:\\\/\\\/www.sacredheart.qc.ca\\\/fr\\\/vie-etudiante\\\/ressources-etudiants\\\/#primaryimage\",\"url\":\"https:\\\/\\\/www.sacredheart.qc.ca\\\/wp-content\\\/uploads\\\/2021\\\/07\\\/Student-Services.jpg\",\"contentUrl\":\"https:\\\/\\\/www.sacredheart.qc.ca\\\/wp-content\\\/uploads\\\/2021\\\/07\\\/Student-Services.jpg\",\"width\":1480,\"height\":575},{\"@type\":\"BreadcrumbList\",\"@id\":\"https:\\\/\\\/www.sacredheart.qc.ca\\\/fr\\\/vie-etudiante\\\/ressources-etudiants\\\/#breadcrumb\",\"itemListElement\":[{\"@type\":\"ListItem\",\"position\":1,\"name\":\"Home\",\"item\":\"https:\\\/\\\/www.sacredheart.qc.ca\\\/fr\\\/\"},{\"@type\":\"ListItem\",\"position\":2,\"name\":\"Ressources pour les \u00e9tudiants\"}]},{\"@type\":\"WebSite\",\"@id\":\"https:\\\/\\\/www.sacredheart.qc.ca\\\/fr\\\/#website\",\"url\":\"https:\\\/\\\/www.sacredheart.qc.ca\\\/fr\\\/\",\"name\":\"The Sacred Heart School of Montreal\",\"description\":\"Girls Only Private Catholic English High School - 100% Graduation Rate\",\"publisher\":{\"@id\":\"https:\\\/\\\/www.sacredheart.qc.ca\\\/fr\\\/#organization\"},\"alternateName\":\"The Sacred Heart School of Montreal\",\"potentialAction\":[{\"@type\":\"SearchAction\",\"target\":{\"@type\":\"EntryPoint\",\"urlTemplate\":\"https:\\\/\\\/www.sacredheart.qc.ca\\\/fr\\\/?s={search_term_string}\"},\"query-input\":{\"@type\":\"PropertyValueSpecification\",\"valueRequired\":true,\"valueName\":\"search_term_string\"}}],\"inLanguage\":\"fr-FR\"},{\"@type\":\"Organization\",\"@id\":\"https:\\\/\\\/www.sacredheart.qc.ca\\\/fr\\\/#organization\",\"name\":\"The Sacred Heart School of Montreal\",\"url\":\"https:\\\/\\\/www.sacredheart.qc.ca\\\/fr\\\/\",\"logo\":{\"@type\":\"ImageObject\",\"inLanguage\":\"fr-FR\",\"@id\":\"https:\\\/\\\/www.sacredheart.qc.ca\\\/fr\\\/#\\\/schema\\\/logo\\\/image\\\/\",\"url\":\"https:\\\/\\\/www.sacredheart.qc.ca\\\/wp-content\\\/uploads\\\/2021\\\/06\\\/LogoScredHeart.svg\",\"contentUrl\":\"https:\\\/\\\/www.sacredheart.qc.ca\\\/wp-content\\\/uploads\\\/2021\\\/06\\\/LogoScredHeart.svg\",\"width\":\"1024\",\"height\":\"1024\",\"caption\":\"The Sacred Heart School of Montreal\"},\"image\":{\"@id\":\"https:\\\/\\\/www.sacredheart.qc.ca\\\/fr\\\/#\\\/schema\\\/logo\\\/image\\\/\"},\"sameAs\":[\"https:\\\/\\\/www.facebook.com\\\/SacredHeartMontreal\\\/\",\"https:\\\/\\\/x.com\\\/TheSHSM\",\"https:\\\/\\\/www.instagram.com\\\/SacredHeartMontreal\\\/\",\"https:\\\/\\\/www.linkedin.com\\\/school\\\/the-sacred-heart-school-of-montreal\\\/\",\"https:\\\/\\\/www.youtube.com\\\/user\\\/TheSacredHeartSchool\"]}]}<\/script>\n<!-- \/ Yoast SEO plugin. -->","yoast_head_json":{"title":"Ressources pour les \u00e9tudiants | La seule \u00e9cole priv\u00e9e catholique anglophone pour filles \u00e0 Montr\u00e9al | L'\u00c9cole Sacr\u00e9-C\u0153ur de Montr\u00e9al","description":"L'\u00e9cole du Sacr\u00e9-C\u0153ur de Montr\u00e9al offre aux \u00e9l\u00e8ves un tutorat en ligne 24 heures sur 24, 7 jours sur 7, des conseils personnels sur place tous les jours de la semaine, ainsi qu'une politique rigoureuse en mati\u00e8re d'intimidation et de violence.","robots":{"index":"index","follow":"follow","max-snippet":"max-snippet:-1","max-image-preview":"max-image-preview:large","max-video-preview":"max-video-preview:-1"},"canonical":"https:\/\/www.sacredheart.qc.ca\/fr\/vie-etudiante\/ressources-etudiants\/","og_locale":"fr_FR","og_type":"article","og_title":"Ressources pour les \u00e9tudiants | La seule \u00e9cole priv\u00e9e catholique anglophone pour filles \u00e0 Montr\u00e9al | L'\u00c9cole Sacr\u00e9-C\u0153ur de Montr\u00e9al","og_description":"L'\u00e9cole du Sacr\u00e9-C\u0153ur de Montr\u00e9al offre aux \u00e9l\u00e8ves un tutorat en ligne 24 heures sur 24, 7 jours sur 7, des conseils personnels sur place tous les jours de la semaine, ainsi qu'une politique rigoureuse en mati\u00e8re d'intimidation et de violence.","og_url":"https:\/\/www.sacredheart.qc.ca\/fr\/vie-etudiante\/ressources-etudiants\/","og_site_name":"The Sacred Heart School of Montreal","article_publisher":"https:\/\/www.facebook.com\/SacredHeartMontreal\/","article_modified_time":"2025-04-29T20:22:24+00:00","og_image":[{"width":1480,"height":575,"url":"https:\/\/www.sacredheart.qc.ca\/wp-content\/uploads\/2021\/07\/Student-Services.jpg","type":"image\/jpeg"}],"twitter_card":"summary_large_image","twitter_site":"@TheSHSM","twitter_misc":{"Dur\u00e9e de lecture estim\u00e9e":"1 minute"},"schema":{"@context":"https:\/\/schema.org","@graph":[{"@type":"WebPage","@id":"https:\/\/www.sacredheart.qc.ca\/fr\/vie-etudiante\/ressources-etudiants\/","url":"https:\/\/www.sacredheart.qc.ca\/fr\/vie-etudiante\/ressources-etudiants\/","name":"Ressources pour les \u00e9tudiants | La seule \u00e9cole priv\u00e9e catholique anglophone pour filles \u00e0 Montr\u00e9al | L'\u00c9cole Sacr\u00e9-C\u0153ur de Montr\u00e9al","isPartOf":{"@id":"https:\/\/www.sacredheart.qc.ca\/fr\/#website"},"primaryImageOfPage":{"@id":"https:\/\/www.sacredheart.qc.ca\/fr\/vie-etudiante\/ressources-etudiants\/#primaryimage"},"image":{"@id":"https:\/\/www.sacredheart.qc.ca\/fr\/vie-etudiante\/ressources-etudiants\/#primaryimage"},"thumbnailUrl":"https:\/\/www.sacredheart.qc.ca\/wp-content\/uploads\/2021\/07\/Student-Services.jpg","datePublished":"2021-07-15T22:13:13+00:00","dateModified":"2025-04-29T20:22:24+00:00","description":"L'\u00e9cole du Sacr\u00e9-C\u0153ur de Montr\u00e9al offre aux \u00e9l\u00e8ves un tutorat en ligne 24 heures sur 24, 7 jours sur 7, des conseils personnels sur place tous les jours de la semaine, ainsi qu'une politique rigoureuse en mati\u00e8re d'intimidation et de violence.","breadcrumb":{"@id":"https:\/\/www.sacredheart.qc.ca\/fr\/vie-etudiante\/ressources-etudiants\/#breadcrumb"},"inLanguage":"fr-FR","potentialAction":[{"@type":"ReadAction","target":["https:\/\/www.sacredheart.qc.ca\/fr\/vie-etudiante\/ressources-etudiants\/"]}]},{"@type":"ImageObject","inLanguage":"fr-FR","@id":"https:\/\/www.sacredheart.qc.ca\/fr\/vie-etudiante\/ressources-etudiants\/#primaryimage","url":"https:\/\/www.sacredheart.qc.ca\/wp-content\/uploads\/2021\/07\/Student-Services.jpg","contentUrl":"https:\/\/www.sacredheart.qc.ca\/wp-content\/uploads\/2021\/07\/Student-Services.jpg","width":1480,"height":575},{"@type":"BreadcrumbList","@id":"https:\/\/www.sacredheart.qc.ca\/fr\/vie-etudiante\/ressources-etudiants\/#breadcrumb","itemListElement":[{"@type":"ListItem","position":1,"name":"Home","item":"https:\/\/www.sacredheart.qc.ca\/fr\/"},{"@type":"ListItem","position":2,"name":"Ressources pour les \u00e9tudiants"}]},{"@type":"WebSite","@id":"https:\/\/www.sacredheart.qc.ca\/fr\/#website","url":"https:\/\/www.sacredheart.qc.ca\/fr\/","name":"The Sacred Heart School of Montreal","description":"Girls Only Private Catholic English High School - 100% Graduation Rate","publisher":{"@id":"https:\/\/www.sacredheart.qc.ca\/fr\/#organization"},"alternateName":"The Sacred Heart School of Montreal","potentialAction":[{"@type":"SearchAction","target":{"@type":"EntryPoint","urlTemplate":"https:\/\/www.sacredheart.qc.ca\/fr\/?s={search_term_string}"},"query-input":{"@type":"PropertyValueSpecification","valueRequired":true,"valueName":"search_term_string"}}],"inLanguage":"fr-FR"},{"@type":"Organization","@id":"https:\/\/www.sacredheart.qc.ca\/fr\/#organization","name":"The Sacred Heart School of Montreal","url":"https:\/\/www.sacredheart.qc.ca\/fr\/","logo":{"@type":"ImageObject","inLanguage":"fr-FR","@id":"https:\/\/www.sacredheart.qc.ca\/fr\/#\/schema\/logo\/image\/","url":"https:\/\/www.sacredheart.qc.ca\/wp-content\/uploads\/2021\/06\/LogoScredHeart.svg","contentUrl":"https:\/\/www.sacredheart.qc.ca\/wp-content\/uploads\/2021\/06\/LogoScredHeart.svg","width":"1024","height":"1024","caption":"The Sacred Heart School of Montreal"},"image":{"@id":"https:\/\/www.sacredheart.qc.ca\/fr\/#\/schema\/logo\/image\/"},"sameAs":["https:\/\/www.facebook.com\/SacredHeartMontreal\/","https:\/\/x.com\/TheSHSM","https:\/\/www.instagram.com\/SacredHeartMontreal\/","https:\/\/www.linkedin.com\/school\/the-sacred-heart-school-of-montreal\/","https:\/\/www.youtube.com\/user\/TheSacredHeartSchool"]}]}},"ticketed":false,"_links":{"self":[{"href":"https:\/\/www.sacredheart.qc.ca\/fr\/wp-json\/wp\/v2\/pages\/17748","targetHints":{"allow":["GET"]}}],"collection":[{"href":"https:\/\/www.sacredheart.qc.ca\/fr\/wp-json\/wp\/v2\/pages"}],"about":[{"href":"https:\/\/www.sacredheart.qc.ca\/fr\/wp-json\/wp\/v2\/types\/page"}],"author":[{"embeddable":true,"href":"https:\/\/www.sacredheart.qc.ca\/fr\/wp-json\/wp\/v2\/users\/6"}],"replies":[{"embeddable":true,"href":"https:\/\/www.sacredheart.qc.ca\/fr\/wp-json\/wp\/v2\/comments?post=17748"}],"version-history":[{"count":0,"href":"https:\/\/www.sacredheart.qc.ca\/fr\/wp-json\/wp\/v2\/pages\/17748\/revisions"}],"wp:featuredmedia":[{"embeddable":true,"href":"https:\/\/www.sacredheart.qc.ca\/fr\/wp-json\/wp\/v2\/media\/16243"}],"wp:attachment":[{"href":"https:\/\/www.sacredheart.qc.ca\/fr\/wp-json\/wp\/v2\/media?parent=17748"}],"curies":[{"name":"wp","href":"https:\/\/api.w.org\/{rel}","templated":true}]}}