{"id":17747,"date":"2021-07-15T20:31:16","date_gmt":"2021-07-16T00:31:16","guid":{"rendered":"https:\/\/www.sacredheart.qc.ca\/?page_id=17747"},"modified":"2025-04-25T10:19:33","modified_gmt":"2025-04-25T14:19:33","slug":"athletisme","status":"publish","type":"page","link":"https:\/\/www.sacredheart.qc.ca\/fr\/vie-etudiante\/athletisme\/","title":{"rendered":"Athl\u00e9tisme"},"content":{"rendered":"\n<h1>\n\t\tAthl\u00e9tisme<br \/>\u00e0 l&rsquo;\u00c9cole Sacr\u00e9-Coeur\n\t<\/h1>\n<h2>\n\t\tNotre d\u00e9partement d&rsquo;athl\u00e9tisme s&rsquo;engage \u00e0 promouvoir la condition physique, le travail d&rsquo;\u00e9quipe et l&rsquo;esprit de comp\u00e9tition.\n\t<\/h2>\n<h2>\n\t\tNotre philosophie sportive\n\t<\/h2>\n\t<p>L&rsquo;\u00c9cole du Sacr\u00e9-C\u0153ur de Montr\u00e9al reconna\u00eet que les activit\u00e9s sportives parascolaires favorisent le leadership, l&rsquo;esprit d&rsquo;\u00e9quipe, le civisme, les normes scolaires \u00e9lev\u00e9es et la responsabilit\u00e9 communautaire. Les activit\u00e9s sportives extrascolaires exigent un niveau \u00e9lev\u00e9 d&rsquo;engagement, d&rsquo;excellence et de motivation personnelle, ce qui aidera \u00e0 pr\u00e9parer les \u00e9l\u00e8ves aux d\u00e9fis qu&rsquo;ils rencontreront en dehors de la communaut\u00e9 scolaire.<\/p>\n<p>En plus de l&rsquo;esprit de comp\u00e9tition, notre programme d&rsquo;athl\u00e9tisme enseigne des valeurs telles que l&rsquo;engagement, l&rsquo;esprit sportif, le travail d&rsquo;\u00e9quipe et la r\u00e9silience. Ouverte \u00e0 tous les \u00e9l\u00e8ves, la participation aux activit\u00e9s sportives parascolaires est un privil\u00e8ge que nous sommes heureux d&rsquo;offrir \u00e0 l&rsquo;\u00c9cole du Sacr\u00e9-C\u0153ur de Montr\u00e9al.<\/p>\n<p>&nbsp;<\/p>\n<h4>\n\t\t1 | Engagement\n\t<\/h4>\n\t<p>Les athl\u00e8tes font preuve d&rsquo;un engagement total et d&rsquo;un travail acharn\u00e9 pour atteindre leurs objectifs d&rsquo;\u00e9quipe et individuels, tout en apprenant la valeur de la r\u00e9silience.<\/p>\n<h4>\n\t\t2 | Communaut\u00e9\n\t<\/h4>\n\t<p>Les athl\u00e8tes travaillent en \u00e9troite collaboration au sein de l&rsquo;\u00e9quipe afin de d\u00e9velopper un fort esprit d&rsquo;\u00e9cole et de fiert\u00e9.<\/p>\n<h4>\n\t\t3 | Caract\u00e8re\n\t<\/h4>\n\t<p>Une culture d&rsquo;\u00e9quipe o\u00f9 les athl\u00e8tes apprennent \u00e0 \u00eatre des comp\u00e9titeurs acharn\u00e9s tout en respectant les autres et sont des mod\u00e8les dans notre \u00e9cole et dans l&rsquo;ensemble de la communaut\u00e9.<\/p>\n\t<p><img loading=\"lazy\" decoding=\"async\" src=\"https:\/\/www.sacredheart.qc.ca\/wp-content\/uploads\/2021\/07\/athletics-text-image-300x169.jpeg\" alt=\"\" width=\"300\" height=\"169\"\/><\/p>\n\t<p>Notre \u00e9cole est membre de l&rsquo;Association athl\u00e9tique du Grand Montr\u00e9al (AAGM) et participe \u00e0 des tournois et des ligues avec les commissions scolaires publiques et d&rsquo;autres \u00e9coles priv\u00e9es de la r\u00e9gion m\u00e9tropolitaine de Montr\u00e9al. Nous proposons 12 sports diff\u00e9rents dans notre \u00e9cole, ce qui repr\u00e9sente plus de 25 \u00e9quipes comp\u00e9titives.<\/p>\n<h2>\n\t\tNos \u00e9quipes &#038; clubs\n\t<\/h2>\n\t\t\t\t\t\t<h4>Automne<\/h4>\n\t\t\t<ul>\n<li>Course de fond<\/li>\n<li>Club de Golf<\/li>\n<li>Football<\/li>\n<li>Volley-ball<\/li>\n<\/ul>\n\t\t\t\t\t\t<h4>L&rsquo;hiver<\/h4>\n\t\t\t<ul>\n<li>Badminton<\/li>\n<li>Basket-ball<\/li>\n<li>Club de Hockey (glace)<\/li>\n<li>Futsal<\/li>\n<\/ul>\n\t\t\t\t\t\t<h4>Printemps<\/h4>\n\t\t\t<ul>\n<li aria-level=\"1\">Flag football<\/li>\n<li aria-level=\"1\">Course sur route Halo<\/li>\n<li aria-level=\"1\">Tennis<\/li>\n<li aria-level=\"1\">Athl\u00e9tisme<\/li>\n<\/ul>\n<h2>\n\t\tNos installations\n\t<\/h2>\n<h2>\n\t\tNotre gymnase\n\t<\/h2>\n\t<p>Notre salle de sport est situ\u00e9e au 3635 Atwater.<\/p>\n<p>Des places de stationnement sont disponibles dans notre parking inf\u00e9rieur ou sup\u00e9rieur. Veuillez entrer dans l&rsquo;\u00e9cole par l&rsquo;entr\u00e9e du gymnase sur le parking inf\u00e9rieur.<\/p>\n\t\t\t<a href=\"https:\/\/www.google.ca\/maps\/place\/3635+Atwater+Ave,+Montreal,+QC+H3H+1B3\/@45.4951811,-73.5903432,17z\/data=!3m1!4b1!4m5!3m4!1s0x4cc91a146ebb3591:0x39cde5b8d5d9eee9!8m2!3d45.4951774!4d-73.5881492\" target=\"_blank\" rel=\"noopener\">\n\t\t\t\t\t\t\tPlan d&rsquo;acc\u00e8s \u00e0 notre salle de sport\n\t\t\t\t\t<\/a>\n<h2>\n\t\tLe centre de bien-\u00eatre Julia Cianci\n\t<\/h2>\n\t<p>Le centre de bien-\u00eatre Julia Cianci cultive le bien-\u00eatre de chacun \u00e0 l&rsquo;\u00e9cole Sacr\u00e9-C\u0153ur. Toutes les \u00e9tudiantes, le personnel et la facult\u00e9 ont acc\u00e8s \u00e0 un plan de bien-\u00eatre solide. Cet espace unique et bien \u00e9clair\u00e9 offre la possibilit\u00e9 de participer et de s&rsquo;engager dans un espace rassurant.<\/p>\n<h2>\n\t\tTerrain de football et de flag-football\n\t<\/h2>\n\t<p>Terrain d&rsquo;accueil : Kent Park<\/p>\n<p>(veuillez confirmer tous les lieux de match sur le <a href=\"http:\/\/gmaa.ca\/\" target=\"_blank\" rel=\"noopener\">site Internet de la DAGM<\/a>)<\/p>\n\t\t\t<a href=\"https:\/\/www.google.ca\/maps\/@45.5031837,-73.6344515,16z\" target=\"_blank\" rel=\"noopener\">\n\t\t\t\t\t\t\tItin\u00e9raire vers notre terrain\n\t\t\t\t\t<\/a>\n<h2>\n\t\tSalle de hockey\n\t<\/h2>\n\t<p>Ar\u00e8ne d&rsquo;accueil : Doug Harvey Arena<\/p>\n<p>Adresse : 4985 West Hill, Montr\u00e9al, Qu\u00e9bec, H4V2W6 4985 West Hill, Montr\u00e9al, Qu\u00e9bec, H4V2W6<\/p>\n\t\t\t<a href=\"https:\/\/www.google.ca\/maps\/place\/Ar%C3%A9na+Doug-Harvey\/@45.4713441,-73.6386187,15z\/data=!4m5!3m4!1s0x0:0x6032a20671ba4238!8m2!3d45.4713441!4d-73.6386187\" target=\"_blank\" rel=\"noopener\">\n\t\t\t\t\t\t\tPlan d&rsquo;acc\u00e8s \u00e0 l&rsquo;ar\u00e8ne\n\t\t\t\t\t<\/a>\n<h2>\n\t\tPiscine\n\t<\/h2>\n\t<p>Piscine d&rsquo;entra\u00eenement : YM-YWHA<\/p>\n<p>Adresse : 5400, avenue Westbury, Montr\u00e9al, QC H3W 2W8<\/p>\n\t\t\t<a href=\"https:\/\/www.google.ca\/maps\/dir\/\/ymywha+pool\/@45.4919904,-73.628147,14z\/data=!4m8!4m7!1m0!1m5!1m1!1s0x4cc919e2265a9529:0xfa4a8b3a03d73f82!2m2!1d-73.6345338!2d45.4881873\" target=\"_blank\" rel=\"noopener\">\n\t\t\t\t\t\t\tPlan d&rsquo;acc\u00e8s \u00e0 la piscine\n\t\t\t\t\t<\/a>\n<h2>\n\t\tVous pouvez \u00e9galement \u00eatre int\u00e9ress\u00e9 par\n\t<\/h2>\n\t\t\t<a href=\"\/fr\/a-propos\/mission-objectifs\/\" target=\"_self\">\n\t\t\t\t\t\t\tNotre mission et nos objectifs\n\t\t\t<\/a>\n\t\t\t<a href=\"\/fr\/a-propos\/qui-sommes-nous\/\" target=\"_self\">\n\t\t\t\t\t\t\tQui sommes-nous ?\n\t\t\t<\/a>\n\t\t\t<a href=\"\/fr\/admissions\/\" target=\"_self\">\n\t\t\t\t\t\t\tComment s&rsquo;inscrire\n\t\t\t<\/a>\n\n","protected":false},"excerpt":{"rendered":"<p>Athl\u00e9tisme\u00e0 l&rsquo;\u00c9cole Sacr\u00e9-Coeur Notre d\u00e9partement d&rsquo;athl\u00e9tisme s&rsquo;engage \u00e0 promouvoir la condition physique, le travail d&rsquo;\u00e9quipe et l&rsquo;esprit de comp\u00e9tition. Notre philosophie sportive L&rsquo;\u00c9cole du Sacr\u00e9-C\u0153ur de Montr\u00e9al reconna\u00eet que les&hellip;<\/p>\n","protected":false},"author":6,"featured_media":16246,"parent":0,"menu_order":91,"comment_status":"closed","ping_status":"closed","template":"","meta":{"_acf_changed":false,"inline_featured_image":false,"_price":"","_stock":"","_tribe_ticket_header":"","_tribe_default_ticket_provider":"","_tribe_ticket_capacity":"0","_ticket_start_date":"","_ticket_end_date":"","_tribe_ticket_show_description":"","_tribe_ticket_show_not_going":false,"_tribe_ticket_use_global_stock":"","_tribe_ticket_global_stock_level":"","_global_stock_mode":"","_global_stock_cap":"","_tribe_rsvp_for_event":"","_tribe_ticket_going_count":"","_tribe_ticket_not_going_count":"","_tribe_tickets_list":"[]","_tribe_ticket_has_attendee_info_fields":false,"footnotes":"","_tec_slr_enabled":"","_tec_slr_layout":""},"class_list":["post-17747","page","type-page","status-publish","has-post-thumbnail","hentry"],"acf":[],"yoast_head":"<!-- This site is optimized with the Yoast SEO plugin v27.3 - https:\/\/yoast.com\/product\/yoast-seo-wordpress\/ -->\n<title>Athl\u00e9tisme | La seule \u00e9cole priv\u00e9e catholique anglophone pour filles \u00e0 Montr\u00e9al | L&#039;\u00c9cole Sacr\u00e9-C\u0153ur de Montr\u00e9al<\/title>\n<meta name=\"description\" content=\"L&#039;\u00c9cole du Sacr\u00e9-C\u0153ur de Montr\u00e9al reconna\u00eet que les activit\u00e9s sportives parascolaires favorisent le leadership, l&#039;esprit d&#039;\u00e9quipe, le civisme, les normes scolaires \u00e9lev\u00e9es et la responsabilit\u00e9 communautaire.\" \/>\n<meta name=\"robots\" content=\"index, follow, max-snippet:-1, max-image-preview:large, max-video-preview:-1\" \/>\n<link rel=\"canonical\" href=\"https:\/\/www.sacredheart.qc.ca\/fr\/vie-etudiante\/athletisme\/\" \/>\n<meta property=\"og:locale\" content=\"fr_FR\" \/>\n<meta property=\"og:type\" content=\"article\" \/>\n<meta property=\"og:title\" content=\"Athl\u00e9tisme | La seule \u00e9cole priv\u00e9e catholique anglophone pour filles \u00e0 Montr\u00e9al | L&#039;\u00c9cole Sacr\u00e9-C\u0153ur de Montr\u00e9al\" \/>\n<meta property=\"og:description\" content=\"L&#039;\u00c9cole du Sacr\u00e9-C\u0153ur de Montr\u00e9al reconna\u00eet que les activit\u00e9s sportives parascolaires favorisent le leadership, l&#039;esprit d&#039;\u00e9quipe, le civisme, les normes scolaires \u00e9lev\u00e9es et la responsabilit\u00e9 communautaire.\" \/>\n<meta property=\"og:url\" content=\"https:\/\/www.sacredheart.qc.ca\/fr\/vie-etudiante\/athletisme\/\" \/>\n<meta property=\"og:site_name\" content=\"The Sacred Heart School of Montreal\" \/>\n<meta property=\"article:publisher\" content=\"https:\/\/www.facebook.com\/SacredHeartMontreal\/\" \/>\n<meta property=\"article:modified_time\" content=\"2025-04-25T14:19:33+00:00\" \/>\n<meta property=\"og:image\" content=\"https:\/\/www.sacredheart.qc.ca\/wp-content\/uploads\/2021\/07\/Athletics.jpg\" \/>\n\t<meta property=\"og:image:width\" content=\"1480\" \/>\n\t<meta property=\"og:image:height\" content=\"575\" \/>\n\t<meta property=\"og:image:type\" content=\"image\/jpeg\" \/>\n<meta name=\"twitter:card\" content=\"summary_large_image\" \/>\n<meta name=\"twitter:site\" content=\"@TheSHSM\" \/>\n<meta name=\"twitter:label1\" content=\"Dur\u00e9e de lecture estim\u00e9e\" \/>\n\t<meta name=\"twitter:data1\" content=\"3 minutes\" \/>\n<script type=\"application\/ld+json\" class=\"yoast-schema-graph\">{\"@context\":\"https:\\\/\\\/schema.org\",\"@graph\":[{\"@type\":\"WebPage\",\"@id\":\"https:\\\/\\\/www.sacredheart.qc.ca\\\/fr\\\/vie-etudiante\\\/athletisme\\\/\",\"url\":\"https:\\\/\\\/www.sacredheart.qc.ca\\\/fr\\\/vie-etudiante\\\/athletisme\\\/\",\"name\":\"Athl\u00e9tisme | La seule \u00e9cole priv\u00e9e catholique anglophone pour filles \u00e0 Montr\u00e9al | L'\u00c9cole Sacr\u00e9-C\u0153ur de Montr\u00e9al\",\"isPartOf\":{\"@id\":\"https:\\\/\\\/www.sacredheart.qc.ca\\\/fr\\\/#website\"},\"primaryImageOfPage\":{\"@id\":\"https:\\\/\\\/www.sacredheart.qc.ca\\\/fr\\\/vie-etudiante\\\/athletisme\\\/#primaryimage\"},\"image\":{\"@id\":\"https:\\\/\\\/www.sacredheart.qc.ca\\\/fr\\\/vie-etudiante\\\/athletisme\\\/#primaryimage\"},\"thumbnailUrl\":\"https:\\\/\\\/www.sacredheart.qc.ca\\\/wp-content\\\/uploads\\\/2021\\\/07\\\/Athletics.jpg\",\"datePublished\":\"2021-07-16T00:31:16+00:00\",\"dateModified\":\"2025-04-25T14:19:33+00:00\",\"description\":\"L'\u00c9cole du Sacr\u00e9-C\u0153ur de Montr\u00e9al reconna\u00eet que les activit\u00e9s sportives parascolaires favorisent le leadership, l'esprit d'\u00e9quipe, le civisme, les normes scolaires \u00e9lev\u00e9es et la responsabilit\u00e9 communautaire.\",\"breadcrumb\":{\"@id\":\"https:\\\/\\\/www.sacredheart.qc.ca\\\/fr\\\/vie-etudiante\\\/athletisme\\\/#breadcrumb\"},\"inLanguage\":\"fr-FR\",\"potentialAction\":[{\"@type\":\"ReadAction\",\"target\":[\"https:\\\/\\\/www.sacredheart.qc.ca\\\/fr\\\/vie-etudiante\\\/athletisme\\\/\"]}]},{\"@type\":\"ImageObject\",\"inLanguage\":\"fr-FR\",\"@id\":\"https:\\\/\\\/www.sacredheart.qc.ca\\\/fr\\\/vie-etudiante\\\/athletisme\\\/#primaryimage\",\"url\":\"https:\\\/\\\/www.sacredheart.qc.ca\\\/wp-content\\\/uploads\\\/2021\\\/07\\\/Athletics.jpg\",\"contentUrl\":\"https:\\\/\\\/www.sacredheart.qc.ca\\\/wp-content\\\/uploads\\\/2021\\\/07\\\/Athletics.jpg\",\"width\":1480,\"height\":575},{\"@type\":\"BreadcrumbList\",\"@id\":\"https:\\\/\\\/www.sacredheart.qc.ca\\\/fr\\\/vie-etudiante\\\/athletisme\\\/#breadcrumb\",\"itemListElement\":[{\"@type\":\"ListItem\",\"position\":1,\"name\":\"Home\",\"item\":\"https:\\\/\\\/www.sacredheart.qc.ca\\\/fr\\\/\"},{\"@type\":\"ListItem\",\"position\":2,\"name\":\"Athl\u00e9tisme\"}]},{\"@type\":\"WebSite\",\"@id\":\"https:\\\/\\\/www.sacredheart.qc.ca\\\/fr\\\/#website\",\"url\":\"https:\\\/\\\/www.sacredheart.qc.ca\\\/fr\\\/\",\"name\":\"The Sacred Heart School of Montreal\",\"description\":\"Girls Only Private Catholic English High School - 100% Graduation Rate\",\"publisher\":{\"@id\":\"https:\\\/\\\/www.sacredheart.qc.ca\\\/fr\\\/#organization\"},\"alternateName\":\"The Sacred Heart School of Montreal\",\"potentialAction\":[{\"@type\":\"SearchAction\",\"target\":{\"@type\":\"EntryPoint\",\"urlTemplate\":\"https:\\\/\\\/www.sacredheart.qc.ca\\\/fr\\\/?s={search_term_string}\"},\"query-input\":{\"@type\":\"PropertyValueSpecification\",\"valueRequired\":true,\"valueName\":\"search_term_string\"}}],\"inLanguage\":\"fr-FR\"},{\"@type\":\"Organization\",\"@id\":\"https:\\\/\\\/www.sacredheart.qc.ca\\\/fr\\\/#organization\",\"name\":\"The Sacred Heart School of Montreal\",\"url\":\"https:\\\/\\\/www.sacredheart.qc.ca\\\/fr\\\/\",\"logo\":{\"@type\":\"ImageObject\",\"inLanguage\":\"fr-FR\",\"@id\":\"https:\\\/\\\/www.sacredheart.qc.ca\\\/fr\\\/#\\\/schema\\\/logo\\\/image\\\/\",\"url\":\"https:\\\/\\\/www.sacredheart.qc.ca\\\/wp-content\\\/uploads\\\/2021\\\/06\\\/LogoScredHeart.svg\",\"contentUrl\":\"https:\\\/\\\/www.sacredheart.qc.ca\\\/wp-content\\\/uploads\\\/2021\\\/06\\\/LogoScredHeart.svg\",\"width\":\"1024\",\"height\":\"1024\",\"caption\":\"The Sacred Heart School of Montreal\"},\"image\":{\"@id\":\"https:\\\/\\\/www.sacredheart.qc.ca\\\/fr\\\/#\\\/schema\\\/logo\\\/image\\\/\"},\"sameAs\":[\"https:\\\/\\\/www.facebook.com\\\/SacredHeartMontreal\\\/\",\"https:\\\/\\\/x.com\\\/TheSHSM\",\"https:\\\/\\\/www.instagram.com\\\/SacredHeartMontreal\\\/\",\"https:\\\/\\\/www.linkedin.com\\\/school\\\/the-sacred-heart-school-of-montreal\\\/\",\"https:\\\/\\\/www.youtube.com\\\/user\\\/TheSacredHeartSchool\"]}]}<\/script>\n<!-- \/ Yoast SEO plugin. -->","yoast_head_json":{"title":"Athl\u00e9tisme | La seule \u00e9cole priv\u00e9e catholique anglophone pour filles \u00e0 Montr\u00e9al | L'\u00c9cole Sacr\u00e9-C\u0153ur de Montr\u00e9al","description":"L'\u00c9cole du Sacr\u00e9-C\u0153ur de Montr\u00e9al reconna\u00eet que les activit\u00e9s sportives parascolaires favorisent le leadership, l'esprit d'\u00e9quipe, le civisme, les normes scolaires \u00e9lev\u00e9es et la responsabilit\u00e9 communautaire.","robots":{"index":"index","follow":"follow","max-snippet":"max-snippet:-1","max-image-preview":"max-image-preview:large","max-video-preview":"max-video-preview:-1"},"canonical":"https:\/\/www.sacredheart.qc.ca\/fr\/vie-etudiante\/athletisme\/","og_locale":"fr_FR","og_type":"article","og_title":"Athl\u00e9tisme | La seule \u00e9cole priv\u00e9e catholique anglophone pour filles \u00e0 Montr\u00e9al | L'\u00c9cole Sacr\u00e9-C\u0153ur de Montr\u00e9al","og_description":"L'\u00c9cole du Sacr\u00e9-C\u0153ur de Montr\u00e9al reconna\u00eet que les activit\u00e9s sportives parascolaires favorisent le leadership, l'esprit d'\u00e9quipe, le civisme, les normes scolaires \u00e9lev\u00e9es et la responsabilit\u00e9 communautaire.","og_url":"https:\/\/www.sacredheart.qc.ca\/fr\/vie-etudiante\/athletisme\/","og_site_name":"The Sacred Heart School of Montreal","article_publisher":"https:\/\/www.facebook.com\/SacredHeartMontreal\/","article_modified_time":"2025-04-25T14:19:33+00:00","og_image":[{"width":1480,"height":575,"url":"https:\/\/www.sacredheart.qc.ca\/wp-content\/uploads\/2021\/07\/Athletics.jpg","type":"image\/jpeg"}],"twitter_card":"summary_large_image","twitter_site":"@TheSHSM","twitter_misc":{"Dur\u00e9e de lecture estim\u00e9e":"3 minutes"},"schema":{"@context":"https:\/\/schema.org","@graph":[{"@type":"WebPage","@id":"https:\/\/www.sacredheart.qc.ca\/fr\/vie-etudiante\/athletisme\/","url":"https:\/\/www.sacredheart.qc.ca\/fr\/vie-etudiante\/athletisme\/","name":"Athl\u00e9tisme | La seule \u00e9cole priv\u00e9e catholique anglophone pour filles \u00e0 Montr\u00e9al | L'\u00c9cole Sacr\u00e9-C\u0153ur de Montr\u00e9al","isPartOf":{"@id":"https:\/\/www.sacredheart.qc.ca\/fr\/#website"},"primaryImageOfPage":{"@id":"https:\/\/www.sacredheart.qc.ca\/fr\/vie-etudiante\/athletisme\/#primaryimage"},"image":{"@id":"https:\/\/www.sacredheart.qc.ca\/fr\/vie-etudiante\/athletisme\/#primaryimage"},"thumbnailUrl":"https:\/\/www.sacredheart.qc.ca\/wp-content\/uploads\/2021\/07\/Athletics.jpg","datePublished":"2021-07-16T00:31:16+00:00","dateModified":"2025-04-25T14:19:33+00:00","description":"L'\u00c9cole du Sacr\u00e9-C\u0153ur de Montr\u00e9al reconna\u00eet que les activit\u00e9s sportives parascolaires favorisent le leadership, l'esprit d'\u00e9quipe, le civisme, les normes scolaires \u00e9lev\u00e9es et la responsabilit\u00e9 communautaire.","breadcrumb":{"@id":"https:\/\/www.sacredheart.qc.ca\/fr\/vie-etudiante\/athletisme\/#breadcrumb"},"inLanguage":"fr-FR","potentialAction":[{"@type":"ReadAction","target":["https:\/\/www.sacredheart.qc.ca\/fr\/vie-etudiante\/athletisme\/"]}]},{"@type":"ImageObject","inLanguage":"fr-FR","@id":"https:\/\/www.sacredheart.qc.ca\/fr\/vie-etudiante\/athletisme\/#primaryimage","url":"https:\/\/www.sacredheart.qc.ca\/wp-content\/uploads\/2021\/07\/Athletics.jpg","contentUrl":"https:\/\/www.sacredheart.qc.ca\/wp-content\/uploads\/2021\/07\/Athletics.jpg","width":1480,"height":575},{"@type":"BreadcrumbList","@id":"https:\/\/www.sacredheart.qc.ca\/fr\/vie-etudiante\/athletisme\/#breadcrumb","itemListElement":[{"@type":"ListItem","position":1,"name":"Home","item":"https:\/\/www.sacredheart.qc.ca\/fr\/"},{"@type":"ListItem","position":2,"name":"Athl\u00e9tisme"}]},{"@type":"WebSite","@id":"https:\/\/www.sacredheart.qc.ca\/fr\/#website","url":"https:\/\/www.sacredheart.qc.ca\/fr\/","name":"The Sacred Heart School of Montreal","description":"Girls Only Private Catholic English High School - 100% Graduation Rate","publisher":{"@id":"https:\/\/www.sacredheart.qc.ca\/fr\/#organization"},"alternateName":"The Sacred Heart School of Montreal","potentialAction":[{"@type":"SearchAction","target":{"@type":"EntryPoint","urlTemplate":"https:\/\/www.sacredheart.qc.ca\/fr\/?s={search_term_string}"},"query-input":{"@type":"PropertyValueSpecification","valueRequired":true,"valueName":"search_term_string"}}],"inLanguage":"fr-FR"},{"@type":"Organization","@id":"https:\/\/www.sacredheart.qc.ca\/fr\/#organization","name":"The Sacred Heart School of Montreal","url":"https:\/\/www.sacredheart.qc.ca\/fr\/","logo":{"@type":"ImageObject","inLanguage":"fr-FR","@id":"https:\/\/www.sacredheart.qc.ca\/fr\/#\/schema\/logo\/image\/","url":"https:\/\/www.sacredheart.qc.ca\/wp-content\/uploads\/2021\/06\/LogoScredHeart.svg","contentUrl":"https:\/\/www.sacredheart.qc.ca\/wp-content\/uploads\/2021\/06\/LogoScredHeart.svg","width":"1024","height":"1024","caption":"The Sacred Heart School of Montreal"},"image":{"@id":"https:\/\/www.sacredheart.qc.ca\/fr\/#\/schema\/logo\/image\/"},"sameAs":["https:\/\/www.facebook.com\/SacredHeartMontreal\/","https:\/\/x.com\/TheSHSM","https:\/\/www.instagram.com\/SacredHeartMontreal\/","https:\/\/www.linkedin.com\/school\/the-sacred-heart-school-of-montreal\/","https:\/\/www.youtube.com\/user\/TheSacredHeartSchool"]}]}},"ticketed":false,"_links":{"self":[{"href":"https:\/\/www.sacredheart.qc.ca\/fr\/wp-json\/wp\/v2\/pages\/17747","targetHints":{"allow":["GET"]}}],"collection":[{"href":"https:\/\/www.sacredheart.qc.ca\/fr\/wp-json\/wp\/v2\/pages"}],"about":[{"href":"https:\/\/www.sacredheart.qc.ca\/fr\/wp-json\/wp\/v2\/types\/page"}],"author":[{"embeddable":true,"href":"https:\/\/www.sacredheart.qc.ca\/fr\/wp-json\/wp\/v2\/users\/6"}],"replies":[{"embeddable":true,"href":"https:\/\/www.sacredheart.qc.ca\/fr\/wp-json\/wp\/v2\/comments?post=17747"}],"version-history":[{"count":0,"href":"https:\/\/www.sacredheart.qc.ca\/fr\/wp-json\/wp\/v2\/pages\/17747\/revisions"}],"wp:featuredmedia":[{"embeddable":true,"href":"https:\/\/www.sacredheart.qc.ca\/fr\/wp-json\/wp\/v2\/media\/16246"}],"wp:attachment":[{"href":"https:\/\/www.sacredheart.qc.ca\/fr\/wp-json\/wp\/v2\/media?parent=17747"}],"curies":[{"name":"wp","href":"https:\/\/api.w.org\/{rel}","templated":true}]}}