{"id":17746,"date":"2021-07-23T14:31:59","date_gmt":"2021-07-23T18:31:59","guid":{"rendered":"https:\/\/www.sacredheart.qc.ca\/?page_id=17746"},"modified":"2024-05-08T10:26:04","modified_gmt":"2024-05-08T14:26:04","slug":"arts","status":"publish","type":"page","link":"https:\/\/www.sacredheart.qc.ca\/fr\/vie-etudiante\/arts\/","title":{"rendered":"Arts"},"content":{"rendered":"\n<h1>\n\t\tLes arts<br \/>\u00e0 l&rsquo;\u00c9cole Sacr\u00e9-Coeur\n\t<\/h1>\n<h2>\n\t\tNotre d\u00e9partement des arts est un centre de cr\u00e9ation, o\u00f9 le talent rencontre les opportunit\u00e9s et o\u00f9 l&rsquo;imagination occupe le devant de la sc\u00e8ne.\n\t<\/h2>\n\t\t\t\t\t<img decoding=\"async\" src=\"https:\/\/www.sacredheart.qc.ca\/wp-content\/uploads\/2021\/07\/arts-video.jpg\" alt=\"\"\/>\n\t\t<h2>\n\t\tProgramme d&rsquo;\u00e9tudes\n\t<\/h2>\n\t<ul>\n<li><strong>Sec. I &amp; II :<\/strong> tous les \u00e9l\u00e8ves suivent les cours d&rsquo;arts plastiques (en fran\u00e7ais) et de musique : programme d&rsquo;orchestre.<\/li>\n<li><strong>Sec. III, IV ET V :<\/strong>  Les \u00e9l\u00e8ves choisissent une option artistique (arts visuels, th\u00e9\u00e2tre, musique instrumentale).<\/li>\n<\/ul>\n<h2>\n\t\tActivit\u00e9s parascolaires\n\t<\/h2>\n\t<ul>\n<li><strong>Opportunit\u00e9s musicales :<\/strong> 11 repr\u00e9sentations par an, voyages de groupes<\/li>\n<li><strong>Opportunit\u00e9s d&rsquo;art dramatique :<\/strong> Christmas Wishes (sketches), DASHABUSTADD (concours de talents), production th\u00e9\u00e2trale annuelle, Semaine de Fran\u00e7ais.<\/li>\n<li><strong>Opportunit\u00e9s dans le domaine des arts visuels :<\/strong> Festival des arts<\/li>\n<\/ul>\n<h2>\n\t\tDrame\n\t<\/h2>\n\t<p>Tous les \u00e9l\u00e8ves sont invit\u00e9s \u00e0 participer \u00e0 diverses productions th\u00e9\u00e2trales tout au long de l&rsquo;ann\u00e9e, notamment Christmas Wishes, DASHABUSTADD (notre spectacle de talents) et une production th\u00e9\u00e2trale annuelle qui a lieu au printemps.<\/p>\n<p>Les \u00e9l\u00e8ves de terminale qui suivent le cours facultatif d&rsquo;art dramatique d\u00e9veloppent leur concentration, leur capacit\u00e9 d&rsquo;\u00e9coute, leur discipline personnelle, leur sensibilit\u00e9 sensorielle, leur leadership et leur capacit\u00e9 \u00e0 travailler en groupe. Les \u00e9tudiantes explorent le jeu de sc\u00e8ne par le biais de jeux de th\u00e9\u00e2tre, de jeux de r\u00f4le, d&rsquo;improvisation, d&rsquo;\u00e9criture de courts sc\u00e9narios et, enfin, de mise en sc\u00e8ne et d&rsquo;interpr\u00e9tation de sc\u00e8nes.<\/p>\n<p>Des sorties pour assister \u00e0 des productions th\u00e9\u00e2trales locales sont organis\u00e9es, dans la mesure du possible.<\/p>\n<h2>\n\t\tMusique\n\t<\/h2>\n\t<p>Chaque fille choisit un instrument en Sec. I, sans exp\u00e9rience pr\u00e9alable, parmi les instruments suivants : fl\u00fbte, hautbois, clarinette, clarinette basse, saxophone alto\/tenor\/bari, trompette, trombone, cor fran\u00e7ais, euphonium, tuba et percussions de concert.<\/p>\n<p>Le programme musical met l&rsquo;accent sur la culture musicale et le plaisir de jouer de la musique. Les anciens \u00e9l\u00e8ves ont poursuivi des \u00e9tudes sup\u00e9rieures et des carri\u00e8res professionnelles dans le domaine de la musique. Plusieurs \u00e9l\u00e8ves jouent avec l&rsquo;Orchestre des jeunes du Mont-Royal, et l&rsquo;un d&rsquo;entre eux (Gurleen Padda &rsquo;16) s&rsquo;est produit au Carnegie Hall !<\/p>\n<p>Notre orchestre joue comme un sport d&rsquo;\u00e9quipe. Ils se d\u00e9placent dans le monde entier pour participer \u00e0 des comp\u00e9titions et ont remport\u00e9 de nombreuses m\u00e9dailles. Les chorales sont extrascolaires et comprennent la chorale de concert, la chorale de spectacle et la chorale de chapelle.<\/p>\n<h2>\n\t\tArts visuels\n\t<\/h2>\n\t<p>Les \u00e9l\u00e8ves apprennent non seulement \u00e0 appr\u00e9cier les \u0153uvres d&rsquo;art, mais aussi \u00e0 cr\u00e9er leur propre vision artistique. Ils progressent \u00e0 partir des \u00e9l\u00e9ments de base des arts visuels jusqu&rsquo;\u00e0 la perspective, le relief et le travail tridimensionnel. Les \u00e9l\u00e8ves de terminale du cours facultatif d&rsquo;arts visuels interpr\u00e8tent ces \u00e9l\u00e9ments \u00e0 travers des m\u00e9dias traditionnels et des projets multim\u00e9dias. La composante \u00ab\u00a0histoire de l&rsquo;art\u00a0\u00bb est une enqu\u00eate allant de la Renaissance \u00e0 nos jours. \u00c0 la fin du programme, chaque \u00e9tudiant doit avoir un portfolio repr\u00e9sentant ses meilleurs travaux.<\/p>\n<p>Tous les \u00e9l\u00e8ves sont invit\u00e9s \u00e0 pr\u00e9senter leur travail lors du festival annuel des arts, qui se tient chaque ann\u00e9e au printemps et auquel sont convi\u00e9s parents et amis. Tout au long de l&rsquo;ann\u00e9e, les \u00e9l\u00e8ves sont invit\u00e9s \u00e0 mettre leur talent \u00e0 profit pour r\u00e9aliser des cartes de v\u0153ux destin\u00e9es \u00e0 des associations caritatives locales. Des \u0153uvres d&rsquo;art r\u00e9alis\u00e9es par les \u00e9l\u00e8ves d\u00e9corent \u00e9galement les couloirs de notre \u00e9cole.<\/p>\n<h2>\n\t\tVous pouvez \u00e9galement \u00eatre int\u00e9ress\u00e9 par\n\t<\/h2>\n\t\t\t<a href=\"\/fr\/a-propos\/mission-objectifs\" target=\"_self\" rel=\"noopener\">\n\t\t\t\t\t\t\tNotre mission et nos objectifs\n\t\t\t<\/a>\n\t\t\t<a href=\"\/fr\/a-propos\/qui-sommes-nous\" target=\"_self\" rel=\"noopener\">\n\t\t\t\t\t\t\tQui sommes-nous ?\n\t\t\t<\/a>\n\t\t\t<a href=\"\/fr\/admissions\/\" target=\"_self\" rel=\"noopener\">\n\t\t\t\t\t\t\tComment s&rsquo;inscrire\n\t\t\t<\/a>\n\n","protected":false},"excerpt":{"rendered":"<p>Les arts\u00e0 l&rsquo;\u00c9cole Sacr\u00e9-Coeur Notre d\u00e9partement des arts est un centre de cr\u00e9ation, o\u00f9 le talent rencontre les opportunit\u00e9s et o\u00f9 l&rsquo;imagination occupe le devant de la sc\u00e8ne. Programme d&rsquo;\u00e9tudes&hellip;<\/p>\n","protected":false},"author":6,"featured_media":16344,"parent":0,"menu_order":88,"comment_status":"closed","ping_status":"closed","template":"","meta":{"_acf_changed":false,"inline_featured_image":false,"_price":"","_stock":"","_tribe_ticket_header":"","_tribe_default_ticket_provider":"","_tribe_ticket_capacity":"0","_ticket_start_date":"","_ticket_end_date":"","_tribe_ticket_show_description":"","_tribe_ticket_show_not_going":false,"_tribe_ticket_use_global_stock":"","_tribe_ticket_global_stock_level":"","_global_stock_mode":"","_global_stock_cap":"","_tribe_rsvp_for_event":"","_tribe_ticket_going_count":"","_tribe_ticket_not_going_count":"","_tribe_tickets_list":"[]","_tribe_ticket_has_attendee_info_fields":false,"footnotes":"","_tec_slr_enabled":"","_tec_slr_layout":""},"class_list":["post-17746","page","type-page","status-publish","has-post-thumbnail","hentry"],"acf":[],"yoast_head":"<!-- This site is optimized with the Yoast SEO plugin v27.3 - https:\/\/yoast.com\/product\/yoast-seo-wordpress\/ -->\n<title>Arts | La seule \u00e9cole priv\u00e9e catholique anglophone pour filles \u00e0 Montr\u00e9al | L&#039;\u00c9cole Sacr\u00e9-C\u0153ur de Montr\u00e9al<\/title>\n<meta name=\"description\" content=\"L&#039;\u00e9cole du Sacr\u00e9-C\u0153ur de Montr\u00e9al propose des cours d&#039;art, de musique et d&#039;art dramatique ainsi que des activit\u00e9s extrascolaires aux \u00e9l\u00e8ves de toutes les classes du secondaire.\" \/>\n<meta name=\"robots\" content=\"index, follow, max-snippet:-1, max-image-preview:large, max-video-preview:-1\" \/>\n<link rel=\"canonical\" href=\"https:\/\/www.sacredheart.qc.ca\/fr\/vie-etudiante\/arts\/\" \/>\n<meta property=\"og:locale\" content=\"fr_FR\" \/>\n<meta property=\"og:type\" content=\"article\" \/>\n<meta property=\"og:title\" content=\"Arts | La seule \u00e9cole priv\u00e9e catholique anglophone pour filles \u00e0 Montr\u00e9al | L&#039;\u00c9cole Sacr\u00e9-C\u0153ur de Montr\u00e9al\" \/>\n<meta property=\"og:description\" content=\"L&#039;\u00e9cole du Sacr\u00e9-C\u0153ur de Montr\u00e9al propose des cours d&#039;art, de musique et d&#039;art dramatique ainsi que des activit\u00e9s extrascolaires aux \u00e9l\u00e8ves de toutes les classes du secondaire.\" \/>\n<meta property=\"og:url\" content=\"https:\/\/www.sacredheart.qc.ca\/fr\/vie-etudiante\/arts\/\" \/>\n<meta property=\"og:site_name\" content=\"The Sacred Heart School of Montreal\" \/>\n<meta property=\"article:publisher\" content=\"https:\/\/www.facebook.com\/SacredHeartMontreal\/\" \/>\n<meta property=\"article:modified_time\" content=\"2024-05-08T14:26:04+00:00\" \/>\n<meta property=\"og:image\" content=\"https:\/\/www.sacredheart.qc.ca\/wp-content\/uploads\/2021\/07\/Arts-Hero-scaled.jpg\" \/>\n\t<meta property=\"og:image:width\" content=\"2560\" \/>\n\t<meta property=\"og:image:height\" content=\"1707\" \/>\n\t<meta property=\"og:image:type\" content=\"image\/jpeg\" \/>\n<meta name=\"twitter:card\" content=\"summary_large_image\" \/>\n<meta name=\"twitter:site\" content=\"@TheSHSM\" \/>\n<meta name=\"twitter:label1\" content=\"Dur\u00e9e de lecture estim\u00e9e\" \/>\n\t<meta name=\"twitter:data1\" content=\"3 minutes\" \/>\n<script type=\"application\/ld+json\" class=\"yoast-schema-graph\">{\"@context\":\"https:\\\/\\\/schema.org\",\"@graph\":[{\"@type\":\"WebPage\",\"@id\":\"https:\\\/\\\/www.sacredheart.qc.ca\\\/fr\\\/vie-etudiante\\\/arts\\\/\",\"url\":\"https:\\\/\\\/www.sacredheart.qc.ca\\\/fr\\\/vie-etudiante\\\/arts\\\/\",\"name\":\"Arts | La seule \u00e9cole priv\u00e9e catholique anglophone pour filles \u00e0 Montr\u00e9al | L'\u00c9cole Sacr\u00e9-C\u0153ur de Montr\u00e9al\",\"isPartOf\":{\"@id\":\"https:\\\/\\\/www.sacredheart.qc.ca\\\/fr\\\/#website\"},\"primaryImageOfPage\":{\"@id\":\"https:\\\/\\\/www.sacredheart.qc.ca\\\/fr\\\/vie-etudiante\\\/arts\\\/#primaryimage\"},\"image\":{\"@id\":\"https:\\\/\\\/www.sacredheart.qc.ca\\\/fr\\\/vie-etudiante\\\/arts\\\/#primaryimage\"},\"thumbnailUrl\":\"https:\\\/\\\/www.sacredheart.qc.ca\\\/wp-content\\\/uploads\\\/2021\\\/07\\\/Arts-Hero-scaled.jpg\",\"datePublished\":\"2021-07-23T18:31:59+00:00\",\"dateModified\":\"2024-05-08T14:26:04+00:00\",\"description\":\"L'\u00e9cole du Sacr\u00e9-C\u0153ur de Montr\u00e9al propose des cours d'art, de musique et d'art dramatique ainsi que des activit\u00e9s extrascolaires aux \u00e9l\u00e8ves de toutes les classes du secondaire.\",\"breadcrumb\":{\"@id\":\"https:\\\/\\\/www.sacredheart.qc.ca\\\/fr\\\/vie-etudiante\\\/arts\\\/#breadcrumb\"},\"inLanguage\":\"fr-FR\",\"potentialAction\":[{\"@type\":\"ReadAction\",\"target\":[\"https:\\\/\\\/www.sacredheart.qc.ca\\\/fr\\\/vie-etudiante\\\/arts\\\/\"]}]},{\"@type\":\"ImageObject\",\"inLanguage\":\"fr-FR\",\"@id\":\"https:\\\/\\\/www.sacredheart.qc.ca\\\/fr\\\/vie-etudiante\\\/arts\\\/#primaryimage\",\"url\":\"https:\\\/\\\/www.sacredheart.qc.ca\\\/wp-content\\\/uploads\\\/2021\\\/07\\\/Arts-Hero-scaled.jpg\",\"contentUrl\":\"https:\\\/\\\/www.sacredheart.qc.ca\\\/wp-content\\\/uploads\\\/2021\\\/07\\\/Arts-Hero-scaled.jpg\",\"width\":2560,\"height\":1707},{\"@type\":\"BreadcrumbList\",\"@id\":\"https:\\\/\\\/www.sacredheart.qc.ca\\\/fr\\\/vie-etudiante\\\/arts\\\/#breadcrumb\",\"itemListElement\":[{\"@type\":\"ListItem\",\"position\":1,\"name\":\"Home\",\"item\":\"https:\\\/\\\/www.sacredheart.qc.ca\\\/fr\\\/\"},{\"@type\":\"ListItem\",\"position\":2,\"name\":\"Arts\"}]},{\"@type\":\"WebSite\",\"@id\":\"https:\\\/\\\/www.sacredheart.qc.ca\\\/fr\\\/#website\",\"url\":\"https:\\\/\\\/www.sacredheart.qc.ca\\\/fr\\\/\",\"name\":\"The Sacred Heart School of Montreal\",\"description\":\"Girls Only Private Catholic English High School - 100% Graduation Rate\",\"publisher\":{\"@id\":\"https:\\\/\\\/www.sacredheart.qc.ca\\\/fr\\\/#organization\"},\"alternateName\":\"The Sacred Heart School of Montreal\",\"potentialAction\":[{\"@type\":\"SearchAction\",\"target\":{\"@type\":\"EntryPoint\",\"urlTemplate\":\"https:\\\/\\\/www.sacredheart.qc.ca\\\/fr\\\/?s={search_term_string}\"},\"query-input\":{\"@type\":\"PropertyValueSpecification\",\"valueRequired\":true,\"valueName\":\"search_term_string\"}}],\"inLanguage\":\"fr-FR\"},{\"@type\":\"Organization\",\"@id\":\"https:\\\/\\\/www.sacredheart.qc.ca\\\/fr\\\/#organization\",\"name\":\"The Sacred Heart School of Montreal\",\"url\":\"https:\\\/\\\/www.sacredheart.qc.ca\\\/fr\\\/\",\"logo\":{\"@type\":\"ImageObject\",\"inLanguage\":\"fr-FR\",\"@id\":\"https:\\\/\\\/www.sacredheart.qc.ca\\\/fr\\\/#\\\/schema\\\/logo\\\/image\\\/\",\"url\":\"https:\\\/\\\/www.sacredheart.qc.ca\\\/wp-content\\\/uploads\\\/2021\\\/06\\\/LogoScredHeart.svg\",\"contentUrl\":\"https:\\\/\\\/www.sacredheart.qc.ca\\\/wp-content\\\/uploads\\\/2021\\\/06\\\/LogoScredHeart.svg\",\"width\":\"1024\",\"height\":\"1024\",\"caption\":\"The Sacred Heart School of Montreal\"},\"image\":{\"@id\":\"https:\\\/\\\/www.sacredheart.qc.ca\\\/fr\\\/#\\\/schema\\\/logo\\\/image\\\/\"},\"sameAs\":[\"https:\\\/\\\/www.facebook.com\\\/SacredHeartMontreal\\\/\",\"https:\\\/\\\/x.com\\\/TheSHSM\",\"https:\\\/\\\/www.instagram.com\\\/SacredHeartMontreal\\\/\",\"https:\\\/\\\/www.linkedin.com\\\/school\\\/the-sacred-heart-school-of-montreal\\\/\",\"https:\\\/\\\/www.youtube.com\\\/user\\\/TheSacredHeartSchool\"]}]}<\/script>\n<!-- \/ Yoast SEO plugin. -->","yoast_head_json":{"title":"Arts | La seule \u00e9cole priv\u00e9e catholique anglophone pour filles \u00e0 Montr\u00e9al | L'\u00c9cole Sacr\u00e9-C\u0153ur de Montr\u00e9al","description":"L'\u00e9cole du Sacr\u00e9-C\u0153ur de Montr\u00e9al propose des cours d'art, de musique et d'art dramatique ainsi que des activit\u00e9s extrascolaires aux \u00e9l\u00e8ves de toutes les classes du secondaire.","robots":{"index":"index","follow":"follow","max-snippet":"max-snippet:-1","max-image-preview":"max-image-preview:large","max-video-preview":"max-video-preview:-1"},"canonical":"https:\/\/www.sacredheart.qc.ca\/fr\/vie-etudiante\/arts\/","og_locale":"fr_FR","og_type":"article","og_title":"Arts | La seule \u00e9cole priv\u00e9e catholique anglophone pour filles \u00e0 Montr\u00e9al | L'\u00c9cole Sacr\u00e9-C\u0153ur de Montr\u00e9al","og_description":"L'\u00e9cole du Sacr\u00e9-C\u0153ur de Montr\u00e9al propose des cours d'art, de musique et d'art dramatique ainsi que des activit\u00e9s extrascolaires aux \u00e9l\u00e8ves de toutes les classes du secondaire.","og_url":"https:\/\/www.sacredheart.qc.ca\/fr\/vie-etudiante\/arts\/","og_site_name":"The Sacred Heart School of Montreal","article_publisher":"https:\/\/www.facebook.com\/SacredHeartMontreal\/","article_modified_time":"2024-05-08T14:26:04+00:00","og_image":[{"width":2560,"height":1707,"url":"https:\/\/www.sacredheart.qc.ca\/wp-content\/uploads\/2021\/07\/Arts-Hero-scaled.jpg","type":"image\/jpeg"}],"twitter_card":"summary_large_image","twitter_site":"@TheSHSM","twitter_misc":{"Dur\u00e9e de lecture estim\u00e9e":"3 minutes"},"schema":{"@context":"https:\/\/schema.org","@graph":[{"@type":"WebPage","@id":"https:\/\/www.sacredheart.qc.ca\/fr\/vie-etudiante\/arts\/","url":"https:\/\/www.sacredheart.qc.ca\/fr\/vie-etudiante\/arts\/","name":"Arts | La seule \u00e9cole priv\u00e9e catholique anglophone pour filles \u00e0 Montr\u00e9al | L'\u00c9cole Sacr\u00e9-C\u0153ur de Montr\u00e9al","isPartOf":{"@id":"https:\/\/www.sacredheart.qc.ca\/fr\/#website"},"primaryImageOfPage":{"@id":"https:\/\/www.sacredheart.qc.ca\/fr\/vie-etudiante\/arts\/#primaryimage"},"image":{"@id":"https:\/\/www.sacredheart.qc.ca\/fr\/vie-etudiante\/arts\/#primaryimage"},"thumbnailUrl":"https:\/\/www.sacredheart.qc.ca\/wp-content\/uploads\/2021\/07\/Arts-Hero-scaled.jpg","datePublished":"2021-07-23T18:31:59+00:00","dateModified":"2024-05-08T14:26:04+00:00","description":"L'\u00e9cole du Sacr\u00e9-C\u0153ur de Montr\u00e9al propose des cours d'art, de musique et d'art dramatique ainsi que des activit\u00e9s extrascolaires aux \u00e9l\u00e8ves de toutes les classes du secondaire.","breadcrumb":{"@id":"https:\/\/www.sacredheart.qc.ca\/fr\/vie-etudiante\/arts\/#breadcrumb"},"inLanguage":"fr-FR","potentialAction":[{"@type":"ReadAction","target":["https:\/\/www.sacredheart.qc.ca\/fr\/vie-etudiante\/arts\/"]}]},{"@type":"ImageObject","inLanguage":"fr-FR","@id":"https:\/\/www.sacredheart.qc.ca\/fr\/vie-etudiante\/arts\/#primaryimage","url":"https:\/\/www.sacredheart.qc.ca\/wp-content\/uploads\/2021\/07\/Arts-Hero-scaled.jpg","contentUrl":"https:\/\/www.sacredheart.qc.ca\/wp-content\/uploads\/2021\/07\/Arts-Hero-scaled.jpg","width":2560,"height":1707},{"@type":"BreadcrumbList","@id":"https:\/\/www.sacredheart.qc.ca\/fr\/vie-etudiante\/arts\/#breadcrumb","itemListElement":[{"@type":"ListItem","position":1,"name":"Home","item":"https:\/\/www.sacredheart.qc.ca\/fr\/"},{"@type":"ListItem","position":2,"name":"Arts"}]},{"@type":"WebSite","@id":"https:\/\/www.sacredheart.qc.ca\/fr\/#website","url":"https:\/\/www.sacredheart.qc.ca\/fr\/","name":"The Sacred Heart School of Montreal","description":"Girls Only Private Catholic English High School - 100% Graduation Rate","publisher":{"@id":"https:\/\/www.sacredheart.qc.ca\/fr\/#organization"},"alternateName":"The Sacred Heart School of Montreal","potentialAction":[{"@type":"SearchAction","target":{"@type":"EntryPoint","urlTemplate":"https:\/\/www.sacredheart.qc.ca\/fr\/?s={search_term_string}"},"query-input":{"@type":"PropertyValueSpecification","valueRequired":true,"valueName":"search_term_string"}}],"inLanguage":"fr-FR"},{"@type":"Organization","@id":"https:\/\/www.sacredheart.qc.ca\/fr\/#organization","name":"The Sacred Heart School of Montreal","url":"https:\/\/www.sacredheart.qc.ca\/fr\/","logo":{"@type":"ImageObject","inLanguage":"fr-FR","@id":"https:\/\/www.sacredheart.qc.ca\/fr\/#\/schema\/logo\/image\/","url":"https:\/\/www.sacredheart.qc.ca\/wp-content\/uploads\/2021\/06\/LogoScredHeart.svg","contentUrl":"https:\/\/www.sacredheart.qc.ca\/wp-content\/uploads\/2021\/06\/LogoScredHeart.svg","width":"1024","height":"1024","caption":"The Sacred Heart School of Montreal"},"image":{"@id":"https:\/\/www.sacredheart.qc.ca\/fr\/#\/schema\/logo\/image\/"},"sameAs":["https:\/\/www.facebook.com\/SacredHeartMontreal\/","https:\/\/x.com\/TheSHSM","https:\/\/www.instagram.com\/SacredHeartMontreal\/","https:\/\/www.linkedin.com\/school\/the-sacred-heart-school-of-montreal\/","https:\/\/www.youtube.com\/user\/TheSacredHeartSchool"]}]}},"ticketed":false,"_links":{"self":[{"href":"https:\/\/www.sacredheart.qc.ca\/fr\/wp-json\/wp\/v2\/pages\/17746","targetHints":{"allow":["GET"]}}],"collection":[{"href":"https:\/\/www.sacredheart.qc.ca\/fr\/wp-json\/wp\/v2\/pages"}],"about":[{"href":"https:\/\/www.sacredheart.qc.ca\/fr\/wp-json\/wp\/v2\/types\/page"}],"author":[{"embeddable":true,"href":"https:\/\/www.sacredheart.qc.ca\/fr\/wp-json\/wp\/v2\/users\/6"}],"replies":[{"embeddable":true,"href":"https:\/\/www.sacredheart.qc.ca\/fr\/wp-json\/wp\/v2\/comments?post=17746"}],"version-history":[{"count":0,"href":"https:\/\/www.sacredheart.qc.ca\/fr\/wp-json\/wp\/v2\/pages\/17746\/revisions"}],"wp:featuredmedia":[{"embeddable":true,"href":"https:\/\/www.sacredheart.qc.ca\/fr\/wp-json\/wp\/v2\/media\/16344"}],"wp:attachment":[{"href":"https:\/\/www.sacredheart.qc.ca\/fr\/wp-json\/wp\/v2\/media?parent=17746"}],"curies":[{"name":"wp","href":"https:\/\/api.w.org\/{rel}","templated":true}]}}