{"id":17745,"date":"2021-07-16T17:48:53","date_gmt":"2021-07-16T21:48:53","guid":{"rendered":"https:\/\/www.sacredheart.qc.ca\/?page_id=17745"},"modified":"2025-09-04T15:09:50","modified_gmt":"2025-09-04T19:09:50","slug":"facons-de-donner","status":"publish","type":"page","link":"https:\/\/www.sacredheart.qc.ca\/fr\/ressources\/dons\/","title":{"rendered":"Fa\u00e7ons de donner"},"content":{"rendered":"\n<h1>\n\t\t\tSoutenez l&rsquo;\u00e9cole avec un don\t<\/h1>\n<h2>\n\t\t\tExplorez les nombreuses fa\u00e7ons dont vous pouvez soutenir l&rsquo;\u00e9ducation des \u00e9l\u00e8ves de l&rsquo;\u00c9cole Sacr\u00e9-C\u0153ur de Montr\u00e9al.\t<\/h2>\n<h3>\n\t\t\tLe Fonds du Coeur. Votre don. Notre coeur. Leur avenir.\t<\/h3>\n\t<p>Chaque don au Fonds du C\u0153ur offre des ressources essentielles qui permettent de pr\u00e9server ce qui rend l&rsquo;\u00c9cole Sacr\u00e9-C\u0153ur si unique.<br data-start=\"243\" data-end=\"246\" \/>Votre soutien renforce directement nos priorit\u00e9s cette ann\u00e9e : l&rsquo;enrichissement des programmes acad\u00e9miques, le d\u00e9veloppement d&rsquo;initiatives qui favorisent la vie \u00e9tudiante, l&rsquo;octroi d&rsquo;une aide financi\u00e8re pour garantir l&rsquo;accessibilit\u00e9, ainsi que le soutien \u00e0 la croissance et au d\u00e9veloppement de notre corps professoral et de notre personnel d\u00e9vou\u00e9.<\/p>\n\t\t\t<a href=\"https:\/\/wl.donorperfect.net\/weblink\/weblink.aspx?name=E920149QE&#038;id=4\" target=\"_blank\" rel=\"noopener\">\n\t\t\t\t\t\t\tDonnez aujourd&rsquo;hui\n\t\t\t\t\t<\/a>\n<h3>\n\t\t\tNiveaux de dons\t<\/h3>\n\tNous vous remercions pour vos contributions aux niveaux suivants :\n<ul>\n<li data-start=\"119\" data-end=\"432\"><strong data-start=\"119\" data-end=\"140\">Cercle City House<\/strong> : 50 000 $ et plus<\/li>\n<li data-start=\"119\" data-end=\"432\"><strong data-start=\"162\" data-end=\"183\">Cercle Sacr\u00e9-C\u0153ur<\/strong> : 25 000 $ &#8211; 49 999 $<\/li>\n<li data-start=\"119\" data-end=\"432\"><strong data-start=\"208\" data-end=\"236\">Cercle Mater Admirabilis<\/strong> : 10 000 $ &#8211; 24 999 $<\/li>\n<li data-start=\"119\" data-end=\"432\"><strong data-start=\"261\" data-end=\"288\" data-is-only-node=\"\">Cercle Madeleine-Sophie<\/strong> : 5 000 $ &#8211; 9 999 $<\/li>\n<li data-start=\"119\" data-end=\"432\"><strong data-start=\"311\" data-end=\"329\">Cercle Atwater<\/strong> : 1 000 $ &#8211; 4 999 $<\/li>\n<li data-start=\"119\" data-end=\"432\"><strong data-start=\"352\" data-end=\"373\">Cercle des Saints<\/strong> : 250 $ &#8211; 999 $<\/li>\n<li data-start=\"119\" data-end=\"432\"><strong data-start=\"392\" data-end=\"414\">Cercle Bleu &amp; Vert<\/strong> : Jusqu&rsquo;\u00e0 249 $<\/li>\n<\/ul>\nLes dons cumulatifs pour l&rsquo;ann\u00e9e fiscale (du 1er juillet au 30 juin) sont reconnus dans le bulletin annuel <em data-start=\"541\" data-end=\"553\">Heart Beat<\/em>.\n<h3>\n\t\t\tGr\u00e2ce \u00e0 votre soutien, chaque \u00e9l\u00e8ve du Sacr\u00e9-C\u0153ur ne trouvera pas seulement son chemin &#8211; elle d\u00e9couvrira sa raison d&rsquo;\u00eatre.\t<\/h3>\n<h3>\n\t\t\tComment faire un don \u00e0 l&rsquo;\u00e9cole ?\t<\/h3>\n\t\t\t\t\t\t<h4>Don par ch\u00e8que<\/h4>\n\t\t\t<p>Les ch\u00e8ques doivent \u00eatre libell\u00e9s \u00e0 l&rsquo;ordre de la Fondation City House et envoy\u00e9s \u00e0 l&rsquo;adresse suivante 3635, avenue Atwater, Montr\u00e9al, QC, H3H 1Y4.<\/p>\n\t\t\t\t\t\t<h4>Dons jumel\u00e9s<\/h4>\n\t\t\t<p>En utilisant le programme de jumelage de dons offert par votre entreprise, votre don \u00e0 la Fondation City House peut \u00eatre doubl\u00e9, voire tripl\u00e9 ! Certaines entreprises ont mis en place des politiques qui permettent aux anciens employ\u00e9s de b\u00e9n\u00e9ficier d&rsquo;une contrepartie.<\/p>\n<p>Veuillez v\u00e9rifier aupr\u00e8s de votre service des ressources humaines, qui peut avoir mis en place une politique de dons \u00e9quivalents.<\/p>\n\t\t\t\t\t\t<h4>Programmes de dons planifi\u00e9s<\/h4>\n\t\t\t<p>Les programmes de dons planifi\u00e9s permettent de faire des dons dans le cadre d&rsquo;une succession, garantissant ainsi que le Sacr\u00e9-C\u0153ur continuera d&rsquo;\u00eatre un lieu o\u00f9 l&rsquo;\u00e9rudition et les valeurs comptent, tout en vous aidant \u00e0 atteindre vos objectifs fiscaux et financiers.<\/p>\n<p>Pour de plus amples renseignements, veuillez communiquer avec Julie Timmins Dalfen, Directrice du service de l&rsquo;avancement, \u00e0 l&rsquo;adresse suivante :\u00a0<a href=\"mailto:julietimmins@sacredheart.qc.ca\" target=\"_blank\" rel=\"noopener\">julietimmins@sacredheart.qc.ca<\/a> ou par t\u00e9l\u00e9phone : 514-937-2845 (poste 213).<\/p>\n\t\t\t\t\t\t<h4>Dons des \u00c9tats-Unis<\/h4>\n\t\t\t<p>Pour les r\u00e9sidents am\u00e9ricains, vous pouvez faire votre don via <a href=\"https:\/\/www.sacredheart.qc.ca\/wp-content\/uploads\/2021\/07\/FRISBE-donor-form-v.Sept-28.pdf\" target=\"_blank\" rel=\"noopener\">FRISBE<\/a> (Friends of Independent Schools and Better Education) et recevoir un re\u00e7u fiscal am\u00e9ricain. Imprimez et remplissez <a href=\"https:\/\/www.sacredheart.qc.ca\/wp-content\/uploads\/2021\/07\/FRISBE-donor-form-v.Sept-28.pdf\" target=\"_blank\" rel=\"noopener\">ce formulaire<\/a> et envoyez-le avec votre ch\u00e8que, \u00e0 l&rsquo;ordre de FRISBE, \u00e0 117 E. Louisa Street, #533, Seattle, WA 98102. Si vous souhaitez soumettre votre don directement via le site web de FRISBE, cliquez simplement sur <a href=\"https:\/\/www.frisbe.org\/\" target=\"_blank\" rel=\"noopener\">ce lien<\/a>.<\/p>\n\t\t\t\t\t\t<h4>Don unique en ligne<\/h4>\n\t\t\t<p>Vous pouvez choisir entre un don unique et un don r\u00e9current \u00e0 l&rsquo;\u00e9cole par le biais du formulaire s\u00e9curis\u00e9 sur le <a href=\"https:\/\/interland3.donorperfect.net\/weblink\/weblink.aspx?name=E920149QE&amp;id=4\" target=\"_blank\" rel=\"noopener\">portail en ligne de la Fondation City House<\/a>.<\/p>\n\t\t\t\t\t\t<h4>Don mensuel en ligne<\/h4>\n\t\t\t<p>Vous pouvez choisir entre un don unique et un don r\u00e9current \u00e0 l&rsquo;\u00e9cole par le biais du formulaire s\u00e9curis\u00e9 sur le <a href=\"https:\/\/interland3.donorperfect.net\/weblink\/weblink.aspx?name=E920149QE&amp;id=4\" target=\"_blank\" rel=\"noopener\">portail en ligne de la Fondation City House<\/a>.<\/p>\n\t\t\t\t\t\t<h4>Acheter un si\u00e8ge<\/h4>\n\t\t\t<p>Achetez une place dans l&rsquo;auditorium de l&rsquo;\u00c9cole Sacr\u00e9-C\u0153ur de Montr\u00e9al. <a href=\"https:\/\/interland3.donorperfect.net\/weblink\/WebLink.aspx?name=E920149QE&amp;id=35\" target=\"_blank\" rel=\"noopener\">Remplissez le formulaire s\u00e9curis\u00e9 sur la page de la Fondation City House<\/a>.<\/p>\n<h3>\n\t\t\tTitres\t<\/h3>\n\t<p>La Fondation City House vous fournira un re\u00e7u fiscal pour la valeur marchande totale le jour o\u00f9 nous les recevrons sur notre compte. Ce re\u00e7u fiscal :<\/p>\n<ul>\n<li>vous aidera \u00e0 r\u00e9duire imm\u00e9diatement le montant de l&rsquo;imp\u00f4t que vous payez sur vos revenus<\/li>\n<li>peut \u00eatre report\u00e9 si votre don d\u00e9passe votre limite annuelle et utilis\u00e9 au cours de l&rsquo;une des cinq ann\u00e9es suivantes.<\/li>\n<li>peut contribuer \u00e0 r\u00e9duire l&rsquo;imp\u00f4t sur votre succession l&rsquo;ann\u00e9e de votre d\u00e9c\u00e8s &#8211; et permettre \u00e0 vos b\u00e9n\u00e9ficiaires de disposer d&rsquo;une plus grande partie de votre patrimoine.<\/li>\n<\/ul>\n\t\t\t<a href=\"https:\/\/www.sacredheart.qc.ca\/wp-content\/uploads\/2025\/01\/Transfer-of-securities-form-for-donor-Rev-IB-Jan-8_25.pdf\" download target=\"_blank\" rel=\"noopener\">\n\t\t\t\t\t\t\tT\u00e9l\u00e9charger le formulaire de don de titres\n\t\t\t\t\t<\/a>\n<h3>\n\t\t\tLes voix de nos pr\u00e9cieux donateurs\t<\/h3>\n\t\t\t\t<img decoding=\"async\" src=\"https:\/\/www.sacredheart.qc.ca\/wp-content\/uploads\/bb-plugin\/cache\/SacredHeartRaisetheRoofJan2020-10119-scaled-circle.jpg\" alt=\"Melanie Dirks and Paul Kruszewski at Sacred Heart&#039;s Raise the Roof fundraiser\" title=\"SacredHeartRaisetheRoofJan2020-10119\" itemprop=\"image\"\/>\n\t\t\t\t\t\t\t<p>Nous sommes reconnaissants d&rsquo;avoir eu cette opportunit\u00e9 et nous sommes enthousiastes pour les \u00e9tudiantes qui vont pouvoir d\u00e9couvrir tout ce que le Sacr\u00e9-C\u0153ur a \u00e0 offrir. Les dons au fonds de bourses d&rsquo;\u00e9tudes ouvriront des portes aux \u00e9tudiantes m\u00e9ritantes.<\/p>\t\t\t\t\t\t\n\t\t\t\t\t\t\t\tMelanie Dirks &amp; Paul Kruszewski\t\t\t\t\t\t\t\t\n\t\t\t\t\t\t\t\t\tParents des promotions 2017 et 2021\t\t\t\t\t\t\t\t\n\t\t\t\t<img decoding=\"async\" src=\"https:\/\/www.sacredheart.qc.ca\/wp-content\/uploads\/bb-plugin\/cache\/Testimonial-Tanys-Das-Neves-circle.jpg\" alt=\"Testimonial-Tanys-Das-Neves\" title=\"Testimonial-Tanys-Das-Neves\" itemprop=\"image\"\/>\n\t\t\t\t\t\t\t<p>J&rsquo;estime que c&rsquo;est un privil\u00e8ge de pouvoir soutenir l&rsquo;\u00e9cole qui m&rsquo;a form\u00e9e et qui m&rsquo;a enracin\u00e9e dans une tradition de communaut\u00e9, d&rsquo;attention et de gentillesse. Je peux attribuer une grande partie de ce que je suis devenue aux le\u00e7ons que j&rsquo;ai apprises il y a plus de 35 ans, aupr\u00e8s de M\u00e8re Johnson et des incroyables enseignants et membres du personnel. Le Sacr\u00e9-C\u0153ur vit en moi.<\/p>\t\t\t\t\t\t\n\t\t\t\t\t\t\t\tTanya Das Neves,\t\t\t\t\t\t\t\t\n\t\t\t\t\t\t\t\t\tClasse 86\t\t\t\t\t\t\t\t\n\t\t\t\t<img decoding=\"async\" src=\"https:\/\/www.sacredheart.qc.ca\/wp-content\/uploads\/bb-plugin\/cache\/Gabriella-DOnofrio-2013-scaled-circle.jpg\" alt=\"Gabriella DOnofrio 2013\" title=\"Gabriella DOnofrio 2013\" itemprop=\"image\"\/>\n\t\t\t\t\t\t\t<p>Je veux contribuer \u00e0 donner aux futurs \u00e9tudiantes la m\u00eame chance que celle que j&rsquo;ai eue d&rsquo;\u00eatre une fille du Sacr\u00e9-C\u0153ur.<\/p>\t\t\t\t\t\t\n\t\t\t\t\t\t\t\tGabriella D&rsquo;Onofrio\t\t\t\t\t\t\t\t\n\t\t\t\t\t\t\t\t\tClasse de 2013\t\t\t\t\t\t\t\t\n\t<h2>\n\t\t\tVous pouvez \u00e9galement \u00eatre int\u00e9ress\u00e9 par\t<\/h2>\n\t\t\t<a href=\"https:\/\/www.sacredheart.qc.ca\/fr\/ressources\/collecte-de-fonds\/\" target=\"_self\">\n\t\t\t\t\t\t\t\u00c9v\u00e9nements\n\t\t\t<\/a>\n\t\t\t<a href=\"https:\/\/www.sacredheart.qc.ca\/fr\/dons\/fondation-city-house\/\" target=\"_self\">\n\t\t\t\t\t\t\tLa Fondation City House\n\t\t\t<\/a>\n\t\t\t<a href=\"https:\/\/www.sacredheart.qc.ca\/fr\/admissions\" target=\"_self\">\n\t\t\t\t\t\t\tS&rsquo;inscrire\n\t\t\t<\/a>\n\n","protected":false},"excerpt":{"rendered":"<p>Soutenez l&rsquo;\u00e9cole avec un don Explorez les nombreuses fa\u00e7ons dont vous pouvez soutenir l&rsquo;\u00e9ducation des \u00e9l\u00e8ves de l&rsquo;\u00c9cole Sacr\u00e9-C\u0153ur de Montr\u00e9al. Le Fonds du Coeur. Votre don. Notre coeur. Leur&hellip;<\/p>\n","protected":false},"author":6,"featured_media":16339,"parent":0,"menu_order":97,"comment_status":"closed","ping_status":"closed","template":"","meta":{"_acf_changed":false,"inline_featured_image":false,"_price":"","_stock":"","_tribe_ticket_header":"","_tribe_default_ticket_provider":"","_tribe_ticket_capacity":"0","_ticket_start_date":"","_ticket_end_date":"","_tribe_ticket_show_description":"","_tribe_ticket_show_not_going":false,"_tribe_ticket_use_global_stock":"","_tribe_ticket_global_stock_level":"","_global_stock_mode":"","_global_stock_cap":"","_tribe_rsvp_for_event":"","_tribe_ticket_going_count":"","_tribe_ticket_not_going_count":"","_tribe_tickets_list":"[]","_tribe_ticket_has_attendee_info_fields":false,"footnotes":"","_tec_slr_enabled":"","_tec_slr_layout":""},"class_list":["post-17745","page","type-page","status-publish","has-post-thumbnail","hentry"],"acf":[],"yoast_head":"<!-- This site is optimized with the Yoast SEO plugin v27.5 - https:\/\/yoast.com\/product\/yoast-seo-wordpress\/ -->\n<title>Faire un don \u00e0 l&#039;\u00e9cole | L&#039;\u00c9cole Sacr\u00e9-C\u0153ur de Montr\u00e9al<\/title>\n<meta name=\"description\" content=\"Les dons \u00e0 la Fondation City House, au nom de l&#039;\u00e9cole du Sacr\u00e9-C\u0153ur de Montr\u00e9al, donnent droit \u00e0 un re\u00e7u fiscal et soutiennent l&#039;\u00e9ducation des filles d&#039;aujourd&#039;hui et de demain.\" \/>\n<meta name=\"robots\" content=\"index, follow, max-snippet:-1, max-image-preview:large, max-video-preview:-1\" \/>\n<link rel=\"canonical\" href=\"https:\/\/www.sacredheart.qc.ca\/fr\/ressources\/dons\/\" \/>\n<meta property=\"og:locale\" content=\"fr_FR\" \/>\n<meta property=\"og:type\" content=\"article\" \/>\n<meta property=\"og:title\" content=\"Faire un don \u00e0 l&#039;\u00e9cole | L&#039;\u00c9cole Sacr\u00e9-C\u0153ur de Montr\u00e9al\" \/>\n<meta property=\"og:description\" content=\"Les dons \u00e0 la Fondation City House, au nom de l&#039;\u00e9cole du Sacr\u00e9-C\u0153ur de Montr\u00e9al, donnent droit \u00e0 un re\u00e7u fiscal et soutiennent l&#039;\u00e9ducation des filles d&#039;aujourd&#039;hui et de demain.\" \/>\n<meta property=\"og:url\" content=\"https:\/\/www.sacredheart.qc.ca\/fr\/ressources\/dons\/\" \/>\n<meta property=\"og:site_name\" content=\"The Sacred Heart School of Montreal\" \/>\n<meta property=\"article:publisher\" content=\"https:\/\/www.facebook.com\/SacredHeartMontreal\/\" \/>\n<meta property=\"article:modified_time\" content=\"2025-09-04T19:09:50+00:00\" \/>\n<meta property=\"og:image\" content=\"https:\/\/www.sacredheart.qc.ca\/wp-content\/uploads\/2021\/07\/Ways-to-give.jpg\" \/>\n\t<meta property=\"og:image:width\" content=\"1480\" \/>\n\t<meta property=\"og:image:height\" content=\"575\" \/>\n\t<meta property=\"og:image:type\" content=\"image\/jpeg\" \/>\n<meta name=\"twitter:card\" content=\"summary_large_image\" \/>\n<meta name=\"twitter:site\" content=\"@TheSHSM\" \/>\n<meta name=\"twitter:label1\" content=\"Dur\u00e9e de lecture estim\u00e9e\" \/>\n\t<meta name=\"twitter:data1\" content=\"5 minutes\" \/>\n<script type=\"application\/ld+json\" class=\"yoast-schema-graph\">{\"@context\":\"https:\\\/\\\/schema.org\",\"@graph\":[{\"@type\":\"WebPage\",\"@id\":\"https:\\\/\\\/www.sacredheart.qc.ca\\\/fr\\\/ressources\\\/dons\\\/\",\"url\":\"https:\\\/\\\/www.sacredheart.qc.ca\\\/fr\\\/ressources\\\/dons\\\/\",\"name\":\"Faire un don \u00e0 l'\u00e9cole | L'\u00c9cole Sacr\u00e9-C\u0153ur de Montr\u00e9al\",\"isPartOf\":{\"@id\":\"https:\\\/\\\/www.sacredheart.qc.ca\\\/fr\\\/#website\"},\"primaryImageOfPage\":{\"@id\":\"https:\\\/\\\/www.sacredheart.qc.ca\\\/fr\\\/ressources\\\/dons\\\/#primaryimage\"},\"image\":{\"@id\":\"https:\\\/\\\/www.sacredheart.qc.ca\\\/fr\\\/ressources\\\/dons\\\/#primaryimage\"},\"thumbnailUrl\":\"https:\\\/\\\/www.sacredheart.qc.ca\\\/wp-content\\\/uploads\\\/2021\\\/07\\\/Ways-to-give.jpg\",\"datePublished\":\"2021-07-16T21:48:53+00:00\",\"dateModified\":\"2025-09-04T19:09:50+00:00\",\"description\":\"Les dons \u00e0 la Fondation City House, au nom de l'\u00e9cole du Sacr\u00e9-C\u0153ur de Montr\u00e9al, donnent droit \u00e0 un re\u00e7u fiscal et soutiennent l'\u00e9ducation des filles d'aujourd'hui et de demain.\",\"breadcrumb\":{\"@id\":\"https:\\\/\\\/www.sacredheart.qc.ca\\\/fr\\\/ressources\\\/dons\\\/#breadcrumb\"},\"inLanguage\":\"fr-FR\",\"potentialAction\":[{\"@type\":\"ReadAction\",\"target\":[\"https:\\\/\\\/www.sacredheart.qc.ca\\\/fr\\\/ressources\\\/dons\\\/\"]}]},{\"@type\":\"ImageObject\",\"inLanguage\":\"fr-FR\",\"@id\":\"https:\\\/\\\/www.sacredheart.qc.ca\\\/fr\\\/ressources\\\/dons\\\/#primaryimage\",\"url\":\"https:\\\/\\\/www.sacredheart.qc.ca\\\/wp-content\\\/uploads\\\/2021\\\/07\\\/Ways-to-give.jpg\",\"contentUrl\":\"https:\\\/\\\/www.sacredheart.qc.ca\\\/wp-content\\\/uploads\\\/2021\\\/07\\\/Ways-to-give.jpg\",\"width\":1480,\"height\":575},{\"@type\":\"BreadcrumbList\",\"@id\":\"https:\\\/\\\/www.sacredheart.qc.ca\\\/fr\\\/ressources\\\/dons\\\/#breadcrumb\",\"itemListElement\":[{\"@type\":\"ListItem\",\"position\":1,\"name\":\"Home\",\"item\":\"https:\\\/\\\/www.sacredheart.qc.ca\\\/fr\\\/\"},{\"@type\":\"ListItem\",\"position\":2,\"name\":\"Fa\u00e7ons de donner\"}]},{\"@type\":\"WebSite\",\"@id\":\"https:\\\/\\\/www.sacredheart.qc.ca\\\/fr\\\/#website\",\"url\":\"https:\\\/\\\/www.sacredheart.qc.ca\\\/fr\\\/\",\"name\":\"The Sacred Heart School of Montreal\",\"description\":\"Girls Only Private Catholic English High School - 100% Graduation Rate\",\"publisher\":{\"@id\":\"https:\\\/\\\/www.sacredheart.qc.ca\\\/fr\\\/#organization\"},\"alternateName\":\"The Sacred Heart School of Montreal\",\"potentialAction\":[{\"@type\":\"SearchAction\",\"target\":{\"@type\":\"EntryPoint\",\"urlTemplate\":\"https:\\\/\\\/www.sacredheart.qc.ca\\\/fr\\\/?s={search_term_string}\"},\"query-input\":{\"@type\":\"PropertyValueSpecification\",\"valueRequired\":true,\"valueName\":\"search_term_string\"}}],\"inLanguage\":\"fr-FR\"},{\"@type\":\"Organization\",\"@id\":\"https:\\\/\\\/www.sacredheart.qc.ca\\\/fr\\\/#organization\",\"name\":\"The Sacred Heart School of Montreal\",\"url\":\"https:\\\/\\\/www.sacredheart.qc.ca\\\/fr\\\/\",\"logo\":{\"@type\":\"ImageObject\",\"inLanguage\":\"fr-FR\",\"@id\":\"https:\\\/\\\/www.sacredheart.qc.ca\\\/fr\\\/#\\\/schema\\\/logo\\\/image\\\/\",\"url\":\"https:\\\/\\\/www.sacredheart.qc.ca\\\/wp-content\\\/uploads\\\/2021\\\/06\\\/LogoScredHeart.svg\",\"contentUrl\":\"https:\\\/\\\/www.sacredheart.qc.ca\\\/wp-content\\\/uploads\\\/2021\\\/06\\\/LogoScredHeart.svg\",\"width\":\"1024\",\"height\":\"1024\",\"caption\":\"The Sacred Heart School of Montreal\"},\"image\":{\"@id\":\"https:\\\/\\\/www.sacredheart.qc.ca\\\/fr\\\/#\\\/schema\\\/logo\\\/image\\\/\"},\"sameAs\":[\"https:\\\/\\\/www.facebook.com\\\/SacredHeartMontreal\\\/\",\"https:\\\/\\\/x.com\\\/TheSHSM\",\"https:\\\/\\\/www.instagram.com\\\/SacredHeartMontreal\\\/\",\"https:\\\/\\\/www.linkedin.com\\\/school\\\/the-sacred-heart-school-of-montreal\\\/\",\"https:\\\/\\\/www.youtube.com\\\/user\\\/TheSacredHeartSchool\"]}]}<\/script>\n<!-- \/ Yoast SEO plugin. -->","yoast_head_json":{"title":"Faire un don \u00e0 l'\u00e9cole | L'\u00c9cole Sacr\u00e9-C\u0153ur de Montr\u00e9al","description":"Les dons \u00e0 la Fondation City House, au nom de l'\u00e9cole du Sacr\u00e9-C\u0153ur de Montr\u00e9al, donnent droit \u00e0 un re\u00e7u fiscal et soutiennent l'\u00e9ducation des filles d'aujourd'hui et de demain.","robots":{"index":"index","follow":"follow","max-snippet":"max-snippet:-1","max-image-preview":"max-image-preview:large","max-video-preview":"max-video-preview:-1"},"canonical":"https:\/\/www.sacredheart.qc.ca\/fr\/ressources\/dons\/","og_locale":"fr_FR","og_type":"article","og_title":"Faire un don \u00e0 l'\u00e9cole | L'\u00c9cole Sacr\u00e9-C\u0153ur de Montr\u00e9al","og_description":"Les dons \u00e0 la Fondation City House, au nom de l'\u00e9cole du Sacr\u00e9-C\u0153ur de Montr\u00e9al, donnent droit \u00e0 un re\u00e7u fiscal et soutiennent l'\u00e9ducation des filles d'aujourd'hui et de demain.","og_url":"https:\/\/www.sacredheart.qc.ca\/fr\/ressources\/dons\/","og_site_name":"The Sacred Heart School of Montreal","article_publisher":"https:\/\/www.facebook.com\/SacredHeartMontreal\/","article_modified_time":"2025-09-04T19:09:50+00:00","og_image":[{"width":1480,"height":575,"url":"https:\/\/www.sacredheart.qc.ca\/wp-content\/uploads\/2021\/07\/Ways-to-give.jpg","type":"image\/jpeg"}],"twitter_card":"summary_large_image","twitter_site":"@TheSHSM","twitter_misc":{"Dur\u00e9e de lecture estim\u00e9e":"5 minutes"},"schema":{"@context":"https:\/\/schema.org","@graph":[{"@type":"WebPage","@id":"https:\/\/www.sacredheart.qc.ca\/fr\/ressources\/dons\/","url":"https:\/\/www.sacredheart.qc.ca\/fr\/ressources\/dons\/","name":"Faire un don \u00e0 l'\u00e9cole | L'\u00c9cole Sacr\u00e9-C\u0153ur de Montr\u00e9al","isPartOf":{"@id":"https:\/\/www.sacredheart.qc.ca\/fr\/#website"},"primaryImageOfPage":{"@id":"https:\/\/www.sacredheart.qc.ca\/fr\/ressources\/dons\/#primaryimage"},"image":{"@id":"https:\/\/www.sacredheart.qc.ca\/fr\/ressources\/dons\/#primaryimage"},"thumbnailUrl":"https:\/\/www.sacredheart.qc.ca\/wp-content\/uploads\/2021\/07\/Ways-to-give.jpg","datePublished":"2021-07-16T21:48:53+00:00","dateModified":"2025-09-04T19:09:50+00:00","description":"Les dons \u00e0 la Fondation City House, au nom de l'\u00e9cole du Sacr\u00e9-C\u0153ur de Montr\u00e9al, donnent droit \u00e0 un re\u00e7u fiscal et soutiennent l'\u00e9ducation des filles d'aujourd'hui et de demain.","breadcrumb":{"@id":"https:\/\/www.sacredheart.qc.ca\/fr\/ressources\/dons\/#breadcrumb"},"inLanguage":"fr-FR","potentialAction":[{"@type":"ReadAction","target":["https:\/\/www.sacredheart.qc.ca\/fr\/ressources\/dons\/"]}]},{"@type":"ImageObject","inLanguage":"fr-FR","@id":"https:\/\/www.sacredheart.qc.ca\/fr\/ressources\/dons\/#primaryimage","url":"https:\/\/www.sacredheart.qc.ca\/wp-content\/uploads\/2021\/07\/Ways-to-give.jpg","contentUrl":"https:\/\/www.sacredheart.qc.ca\/wp-content\/uploads\/2021\/07\/Ways-to-give.jpg","width":1480,"height":575},{"@type":"BreadcrumbList","@id":"https:\/\/www.sacredheart.qc.ca\/fr\/ressources\/dons\/#breadcrumb","itemListElement":[{"@type":"ListItem","position":1,"name":"Home","item":"https:\/\/www.sacredheart.qc.ca\/fr\/"},{"@type":"ListItem","position":2,"name":"Fa\u00e7ons de donner"}]},{"@type":"WebSite","@id":"https:\/\/www.sacredheart.qc.ca\/fr\/#website","url":"https:\/\/www.sacredheart.qc.ca\/fr\/","name":"The Sacred Heart School of Montreal","description":"Girls Only Private Catholic English High School - 100% Graduation Rate","publisher":{"@id":"https:\/\/www.sacredheart.qc.ca\/fr\/#organization"},"alternateName":"The Sacred Heart School of Montreal","potentialAction":[{"@type":"SearchAction","target":{"@type":"EntryPoint","urlTemplate":"https:\/\/www.sacredheart.qc.ca\/fr\/?s={search_term_string}"},"query-input":{"@type":"PropertyValueSpecification","valueRequired":true,"valueName":"search_term_string"}}],"inLanguage":"fr-FR"},{"@type":"Organization","@id":"https:\/\/www.sacredheart.qc.ca\/fr\/#organization","name":"The Sacred Heart School of Montreal","url":"https:\/\/www.sacredheart.qc.ca\/fr\/","logo":{"@type":"ImageObject","inLanguage":"fr-FR","@id":"https:\/\/www.sacredheart.qc.ca\/fr\/#\/schema\/logo\/image\/","url":"https:\/\/www.sacredheart.qc.ca\/wp-content\/uploads\/2021\/06\/LogoScredHeart.svg","contentUrl":"https:\/\/www.sacredheart.qc.ca\/wp-content\/uploads\/2021\/06\/LogoScredHeart.svg","width":"1024","height":"1024","caption":"The Sacred Heart School of Montreal"},"image":{"@id":"https:\/\/www.sacredheart.qc.ca\/fr\/#\/schema\/logo\/image\/"},"sameAs":["https:\/\/www.facebook.com\/SacredHeartMontreal\/","https:\/\/x.com\/TheSHSM","https:\/\/www.instagram.com\/SacredHeartMontreal\/","https:\/\/www.linkedin.com\/school\/the-sacred-heart-school-of-montreal\/","https:\/\/www.youtube.com\/user\/TheSacredHeartSchool"]}]}},"ticketed":false,"_links":{"self":[{"href":"https:\/\/www.sacredheart.qc.ca\/fr\/wp-json\/wp\/v2\/pages\/17745","targetHints":{"allow":["GET"]}}],"collection":[{"href":"https:\/\/www.sacredheart.qc.ca\/fr\/wp-json\/wp\/v2\/pages"}],"about":[{"href":"https:\/\/www.sacredheart.qc.ca\/fr\/wp-json\/wp\/v2\/types\/page"}],"author":[{"embeddable":true,"href":"https:\/\/www.sacredheart.qc.ca\/fr\/wp-json\/wp\/v2\/users\/6"}],"replies":[{"embeddable":true,"href":"https:\/\/www.sacredheart.qc.ca\/fr\/wp-json\/wp\/v2\/comments?post=17745"}],"version-history":[{"count":0,"href":"https:\/\/www.sacredheart.qc.ca\/fr\/wp-json\/wp\/v2\/pages\/17745\/revisions"}],"wp:featuredmedia":[{"embeddable":true,"href":"https:\/\/www.sacredheart.qc.ca\/fr\/wp-json\/wp\/v2\/media\/16339"}],"wp:attachment":[{"href":"https:\/\/www.sacredheart.qc.ca\/fr\/wp-json\/wp\/v2\/media?parent=17745"}],"curies":[{"name":"wp","href":"https:\/\/api.w.org\/{rel}","templated":true}]}}