{"id":17744,"date":"2021-07-23T15:06:42","date_gmt":"2021-07-23T19:06:42","guid":{"rendered":"https:\/\/www.sacredheart.qc.ca\/?page_id=17744"},"modified":"2025-04-29T16:29:18","modified_gmt":"2025-04-29T20:29:18","slug":"service-communautaire","status":"publish","type":"page","link":"https:\/\/www.sacredheart.qc.ca\/fr\/vie-etudiante\/service-communautaire\/","title":{"rendered":"Service communautaire"},"content":{"rendered":"\n<h1>\n\t\tService communautaire\n\t<\/h1>\n<h2>\n\t\tUne partie int\u00e9grante de l&rsquo;\u00e9ducation du Sacr\u00e9-C\u0153ur est la reconnaissance de la responsabilit\u00e9 au-del\u00e0 de l&rsquo;individu.\n\t<\/h2>\n\t<p>Le service communautaire donne aux \u00e9tudiantes la possibilit\u00e9 d&rsquo;am\u00e9liorer la vie des autres. Comme toutes les \u00e9coles du r\u00e9seau Sacr\u00e9-Coeur, l&rsquo;\u00c9cole Sacr\u00e9-Coeur, de Montr\u00e9al s&rsquo;engage \u00e0 \u00e9duquer \u00e0 une conscience sociale qui pousse \u00e0 l&rsquo;action.<\/p>\n<p>Il s&rsquo;agit notamment d&rsquo;\u0153uvrer \u00e0 l&rsquo;\u00e9radication des pratiques qui perp\u00e9tuent le racisme et d&rsquo;autres injustices, de pratiquer la gestion des ressources de la Terre, de promouvoir la responsabilit\u00e9 civique et de d\u00e9velopper chez les \u00e9tudiantes un engagement au service de la collectivit\u00e9 tout au long de leur vie.<\/p>\n<h2>\n\t\tJourn\u00e9e de service communautaire\n\t<\/h2>\n\t<p>En plus des heures de service communautaire obligatoires, tous les \u00e9tudiantes participent \u00e0 une journ\u00e9e annuelle de service communautaire. Cet \u00e9v\u00e9nement a \u00e9t\u00e9 lanc\u00e9 en 2011 \u00e0 l&rsquo;initiative de Sarah Murphy, de la promotion 2012. La journ\u00e9e enti\u00e8re est consacr\u00e9e au b\u00e9n\u00e9volat dans diverses organisations locales. L&rsquo;organisation de l&rsquo;\u00e9v\u00e9nement est \u00e9galement prise en charge par les \u00e9tudiantes, avec le soutien de la facult\u00e9.<\/p>\n<h2>\n\t\tHeures de service communautaire\n\t<\/h2>\n\t<p>Comme condition pr\u00e9alable \u00e0 l&rsquo;obtention d&rsquo;un certificat de l&rsquo;\u00e9cole Sacr\u00e9-Coeur, tous les \u00e9l\u00e8ves doivent effectuer 40 heures de service communautaire avant le mois d&rsquo;avril de leur quatri\u00e8me ann\u00e9e de secondaire. La moiti\u00e9 de ces heures de travail d&rsquo;int\u00e9r\u00eat g\u00e9n\u00e9ral doit \u00eatre effectu\u00e9e avant l&rsquo;entr\u00e9e en secondaire IV, y compris pendant l&rsquo;\u00e9t\u00e9.<\/p>\n<p>En outre, les \u00e9l\u00e8ves du secondaire IV participent \u00e0 l&rsquo;Initiative philanthropique jeunesse (IPJ), dans le cadre de laquelle ils d\u00e9fendent les int\u00e9r\u00eats de diverses organisations caritatives montr\u00e9alaises afin de remporter une subvention de 5 000 $ de la Fondation Toskan-Casale pour l&rsquo;organisation caritative de leur choix.<\/p>\n<h2>\n\t\tDes filles pour la gu\u00e9rison\n\t<\/h2>\n\t<p>L&rsquo;\u00e9cole Sacr\u00e9-C\u0153ur de Montr\u00e9al soutient la campagne Girls for the Cure de la Fondation de l&rsquo;h\u00f4pital St. Mary&rsquo;s depuis sa cr\u00e9ation. Nos \u00e9tudiantes participent \u00e0 la marche annuelle et collectent des fonds pour la recherche et le traitement des cancers f\u00e9minins. La participation de l&rsquo;\u00e9cole est organis\u00e9e par un comit\u00e9 d&rsquo;\u00e9tudiantes, avec le soutien du corps enseignant.<\/p>\n<h2>\n\t\tVous pouvez \u00e9galement \u00eatre int\u00e9ress\u00e9 par\n\t<\/h2>\n\t\t\t<a href=\"\/fr\/a-propos\/mission-objectifs\/\" target=\"_self\">\n\t\t\t\t\t\t\tNotre mission et nos objectifs\n\t\t\t<\/a>\n\t\t\t<a href=\"\/fr\/a-propos\/qui-sommes-nous\/\" target=\"_self\">\n\t\t\t\t\t\t\tQui sommes-nous ?\n\t\t\t<\/a>\n\t\t\t<a href=\"\/fr\/admissions\/\" target=\"_self\">\n\t\t\t\t\t\t\tComment s&rsquo;inscrire\n\t\t\t<\/a>\n\n","protected":false},"excerpt":{"rendered":"<p>Service communautaire Une partie int\u00e9grante de l&rsquo;\u00e9ducation du Sacr\u00e9-C\u0153ur est la reconnaissance de la responsabilit\u00e9 au-del\u00e0 de l&rsquo;individu. Le service communautaire donne aux \u00e9tudiantes la possibilit\u00e9 d&rsquo;am\u00e9liorer la vie des&hellip;<\/p>\n","protected":false},"author":6,"featured_media":16362,"parent":0,"menu_order":79,"comment_status":"closed","ping_status":"closed","template":"","meta":{"_acf_changed":false,"inline_featured_image":false,"_price":"","_stock":"","_tribe_ticket_header":"","_tribe_default_ticket_provider":"","_tribe_ticket_capacity":"0","_ticket_start_date":"","_ticket_end_date":"","_tribe_ticket_show_description":"","_tribe_ticket_show_not_going":false,"_tribe_ticket_use_global_stock":"","_tribe_ticket_global_stock_level":"","_global_stock_mode":"","_global_stock_cap":"","_tribe_rsvp_for_event":"","_tribe_ticket_going_count":"","_tribe_ticket_not_going_count":"","_tribe_tickets_list":"[]","_tribe_ticket_has_attendee_info_fields":false,"footnotes":"","_tec_slr_enabled":"","_tec_slr_layout":""},"class_list":["post-17744","page","type-page","status-publish","has-post-thumbnail","hentry"],"acf":[],"yoast_head":"<!-- This site is optimized with the Yoast SEO plugin v27.3 - https:\/\/yoast.com\/product\/yoast-seo-wordpress\/ -->\n<title>Service communautaire | La seule \u00e9cole priv\u00e9e catholique anglophone pour filles \u00e0 Montr\u00e9al | L&#039;\u00c9cole Sacr\u00e9-C\u0153ur de Montr\u00e9al<\/title>\n<meta name=\"description\" content=\"Une partie int\u00e9grante de l&#039;\u00e9ducation du Sacr\u00e9-C\u0153ur est la reconnaissance de la responsabilit\u00e9 au-del\u00e0 de l&#039;individu. Le service communautaire donne aux \u00e9tudiants la possibilit\u00e9 d&#039;am\u00e9liorer la vie des autres.\" \/>\n<meta name=\"robots\" content=\"index, follow, max-snippet:-1, max-image-preview:large, max-video-preview:-1\" \/>\n<link rel=\"canonical\" href=\"https:\/\/www.sacredheart.qc.ca\/fr\/vie-etudiante\/service-communautaire\/\" \/>\n<meta property=\"og:locale\" content=\"fr_FR\" \/>\n<meta property=\"og:type\" content=\"article\" \/>\n<meta property=\"og:title\" content=\"Service communautaire | La seule \u00e9cole priv\u00e9e catholique anglophone pour filles \u00e0 Montr\u00e9al | L&#039;\u00c9cole Sacr\u00e9-C\u0153ur de Montr\u00e9al\" \/>\n<meta property=\"og:description\" content=\"Une partie int\u00e9grante de l&#039;\u00e9ducation du Sacr\u00e9-C\u0153ur est la reconnaissance de la responsabilit\u00e9 au-del\u00e0 de l&#039;individu. Le service communautaire donne aux \u00e9tudiants la possibilit\u00e9 d&#039;am\u00e9liorer la vie des autres.\" \/>\n<meta property=\"og:url\" content=\"https:\/\/www.sacredheart.qc.ca\/fr\/vie-etudiante\/service-communautaire\/\" \/>\n<meta property=\"og:site_name\" content=\"The Sacred Heart School of Montreal\" \/>\n<meta property=\"article:publisher\" content=\"https:\/\/www.facebook.com\/SacredHeartMontreal\/\" \/>\n<meta property=\"article:modified_time\" content=\"2025-04-29T20:29:18+00:00\" \/>\n<meta property=\"og:image\" content=\"https:\/\/www.sacredheart.qc.ca\/wp-content\/uploads\/2021\/07\/Cummunity-Services.jpg\" \/>\n\t<meta property=\"og:image:width\" content=\"1480\" \/>\n\t<meta property=\"og:image:height\" content=\"575\" \/>\n\t<meta property=\"og:image:type\" content=\"image\/jpeg\" \/>\n<meta name=\"twitter:card\" content=\"summary_large_image\" \/>\n<meta name=\"twitter:site\" content=\"@TheSHSM\" \/>\n<meta name=\"twitter:label1\" content=\"Dur\u00e9e de lecture estim\u00e9e\" \/>\n\t<meta name=\"twitter:data1\" content=\"2 minutes\" \/>\n<script type=\"application\/ld+json\" class=\"yoast-schema-graph\">{\"@context\":\"https:\\\/\\\/schema.org\",\"@graph\":[{\"@type\":\"WebPage\",\"@id\":\"https:\\\/\\\/www.sacredheart.qc.ca\\\/fr\\\/vie-etudiante\\\/service-communautaire\\\/\",\"url\":\"https:\\\/\\\/www.sacredheart.qc.ca\\\/fr\\\/vie-etudiante\\\/service-communautaire\\\/\",\"name\":\"Service communautaire | La seule \u00e9cole priv\u00e9e catholique anglophone pour filles \u00e0 Montr\u00e9al | L'\u00c9cole Sacr\u00e9-C\u0153ur de Montr\u00e9al\",\"isPartOf\":{\"@id\":\"https:\\\/\\\/www.sacredheart.qc.ca\\\/fr\\\/#website\"},\"primaryImageOfPage\":{\"@id\":\"https:\\\/\\\/www.sacredheart.qc.ca\\\/fr\\\/vie-etudiante\\\/service-communautaire\\\/#primaryimage\"},\"image\":{\"@id\":\"https:\\\/\\\/www.sacredheart.qc.ca\\\/fr\\\/vie-etudiante\\\/service-communautaire\\\/#primaryimage\"},\"thumbnailUrl\":\"https:\\\/\\\/www.sacredheart.qc.ca\\\/wp-content\\\/uploads\\\/2021\\\/07\\\/Cummunity-Services.jpg\",\"datePublished\":\"2021-07-23T19:06:42+00:00\",\"dateModified\":\"2025-04-29T20:29:18+00:00\",\"description\":\"Une partie int\u00e9grante de l'\u00e9ducation du Sacr\u00e9-C\u0153ur est la reconnaissance de la responsabilit\u00e9 au-del\u00e0 de l'individu. Le service communautaire donne aux \u00e9tudiants la possibilit\u00e9 d'am\u00e9liorer la vie des autres.\",\"breadcrumb\":{\"@id\":\"https:\\\/\\\/www.sacredheart.qc.ca\\\/fr\\\/vie-etudiante\\\/service-communautaire\\\/#breadcrumb\"},\"inLanguage\":\"fr-FR\",\"potentialAction\":[{\"@type\":\"ReadAction\",\"target\":[\"https:\\\/\\\/www.sacredheart.qc.ca\\\/fr\\\/vie-etudiante\\\/service-communautaire\\\/\"]}]},{\"@type\":\"ImageObject\",\"inLanguage\":\"fr-FR\",\"@id\":\"https:\\\/\\\/www.sacredheart.qc.ca\\\/fr\\\/vie-etudiante\\\/service-communautaire\\\/#primaryimage\",\"url\":\"https:\\\/\\\/www.sacredheart.qc.ca\\\/wp-content\\\/uploads\\\/2021\\\/07\\\/Cummunity-Services.jpg\",\"contentUrl\":\"https:\\\/\\\/www.sacredheart.qc.ca\\\/wp-content\\\/uploads\\\/2021\\\/07\\\/Cummunity-Services.jpg\",\"width\":1480,\"height\":575},{\"@type\":\"BreadcrumbList\",\"@id\":\"https:\\\/\\\/www.sacredheart.qc.ca\\\/fr\\\/vie-etudiante\\\/service-communautaire\\\/#breadcrumb\",\"itemListElement\":[{\"@type\":\"ListItem\",\"position\":1,\"name\":\"Home\",\"item\":\"https:\\\/\\\/www.sacredheart.qc.ca\\\/fr\\\/\"},{\"@type\":\"ListItem\",\"position\":2,\"name\":\"Service communautaire\"}]},{\"@type\":\"WebSite\",\"@id\":\"https:\\\/\\\/www.sacredheart.qc.ca\\\/fr\\\/#website\",\"url\":\"https:\\\/\\\/www.sacredheart.qc.ca\\\/fr\\\/\",\"name\":\"The Sacred Heart School of Montreal\",\"description\":\"Girls Only Private Catholic English High School - 100% Graduation Rate\",\"publisher\":{\"@id\":\"https:\\\/\\\/www.sacredheart.qc.ca\\\/fr\\\/#organization\"},\"alternateName\":\"The Sacred Heart School of Montreal\",\"potentialAction\":[{\"@type\":\"SearchAction\",\"target\":{\"@type\":\"EntryPoint\",\"urlTemplate\":\"https:\\\/\\\/www.sacredheart.qc.ca\\\/fr\\\/?s={search_term_string}\"},\"query-input\":{\"@type\":\"PropertyValueSpecification\",\"valueRequired\":true,\"valueName\":\"search_term_string\"}}],\"inLanguage\":\"fr-FR\"},{\"@type\":\"Organization\",\"@id\":\"https:\\\/\\\/www.sacredheart.qc.ca\\\/fr\\\/#organization\",\"name\":\"The Sacred Heart School of Montreal\",\"url\":\"https:\\\/\\\/www.sacredheart.qc.ca\\\/fr\\\/\",\"logo\":{\"@type\":\"ImageObject\",\"inLanguage\":\"fr-FR\",\"@id\":\"https:\\\/\\\/www.sacredheart.qc.ca\\\/fr\\\/#\\\/schema\\\/logo\\\/image\\\/\",\"url\":\"https:\\\/\\\/www.sacredheart.qc.ca\\\/wp-content\\\/uploads\\\/2021\\\/06\\\/LogoScredHeart.svg\",\"contentUrl\":\"https:\\\/\\\/www.sacredheart.qc.ca\\\/wp-content\\\/uploads\\\/2021\\\/06\\\/LogoScredHeart.svg\",\"width\":\"1024\",\"height\":\"1024\",\"caption\":\"The Sacred Heart School of Montreal\"},\"image\":{\"@id\":\"https:\\\/\\\/www.sacredheart.qc.ca\\\/fr\\\/#\\\/schema\\\/logo\\\/image\\\/\"},\"sameAs\":[\"https:\\\/\\\/www.facebook.com\\\/SacredHeartMontreal\\\/\",\"https:\\\/\\\/x.com\\\/TheSHSM\",\"https:\\\/\\\/www.instagram.com\\\/SacredHeartMontreal\\\/\",\"https:\\\/\\\/www.linkedin.com\\\/school\\\/the-sacred-heart-school-of-montreal\\\/\",\"https:\\\/\\\/www.youtube.com\\\/user\\\/TheSacredHeartSchool\"]}]}<\/script>\n<!-- \/ Yoast SEO plugin. -->","yoast_head_json":{"title":"Service communautaire | La seule \u00e9cole priv\u00e9e catholique anglophone pour filles \u00e0 Montr\u00e9al | L'\u00c9cole Sacr\u00e9-C\u0153ur de Montr\u00e9al","description":"Une partie int\u00e9grante de l'\u00e9ducation du Sacr\u00e9-C\u0153ur est la reconnaissance de la responsabilit\u00e9 au-del\u00e0 de l'individu. Le service communautaire donne aux \u00e9tudiants la possibilit\u00e9 d'am\u00e9liorer la vie des autres.","robots":{"index":"index","follow":"follow","max-snippet":"max-snippet:-1","max-image-preview":"max-image-preview:large","max-video-preview":"max-video-preview:-1"},"canonical":"https:\/\/www.sacredheart.qc.ca\/fr\/vie-etudiante\/service-communautaire\/","og_locale":"fr_FR","og_type":"article","og_title":"Service communautaire | La seule \u00e9cole priv\u00e9e catholique anglophone pour filles \u00e0 Montr\u00e9al | L'\u00c9cole Sacr\u00e9-C\u0153ur de Montr\u00e9al","og_description":"Une partie int\u00e9grante de l'\u00e9ducation du Sacr\u00e9-C\u0153ur est la reconnaissance de la responsabilit\u00e9 au-del\u00e0 de l'individu. Le service communautaire donne aux \u00e9tudiants la possibilit\u00e9 d'am\u00e9liorer la vie des autres.","og_url":"https:\/\/www.sacredheart.qc.ca\/fr\/vie-etudiante\/service-communautaire\/","og_site_name":"The Sacred Heart School of Montreal","article_publisher":"https:\/\/www.facebook.com\/SacredHeartMontreal\/","article_modified_time":"2025-04-29T20:29:18+00:00","og_image":[{"width":1480,"height":575,"url":"https:\/\/www.sacredheart.qc.ca\/wp-content\/uploads\/2021\/07\/Cummunity-Services.jpg","type":"image\/jpeg"}],"twitter_card":"summary_large_image","twitter_site":"@TheSHSM","twitter_misc":{"Dur\u00e9e de lecture estim\u00e9e":"2 minutes"},"schema":{"@context":"https:\/\/schema.org","@graph":[{"@type":"WebPage","@id":"https:\/\/www.sacredheart.qc.ca\/fr\/vie-etudiante\/service-communautaire\/","url":"https:\/\/www.sacredheart.qc.ca\/fr\/vie-etudiante\/service-communautaire\/","name":"Service communautaire | La seule \u00e9cole priv\u00e9e catholique anglophone pour filles \u00e0 Montr\u00e9al | L'\u00c9cole Sacr\u00e9-C\u0153ur de Montr\u00e9al","isPartOf":{"@id":"https:\/\/www.sacredheart.qc.ca\/fr\/#website"},"primaryImageOfPage":{"@id":"https:\/\/www.sacredheart.qc.ca\/fr\/vie-etudiante\/service-communautaire\/#primaryimage"},"image":{"@id":"https:\/\/www.sacredheart.qc.ca\/fr\/vie-etudiante\/service-communautaire\/#primaryimage"},"thumbnailUrl":"https:\/\/www.sacredheart.qc.ca\/wp-content\/uploads\/2021\/07\/Cummunity-Services.jpg","datePublished":"2021-07-23T19:06:42+00:00","dateModified":"2025-04-29T20:29:18+00:00","description":"Une partie int\u00e9grante de l'\u00e9ducation du Sacr\u00e9-C\u0153ur est la reconnaissance de la responsabilit\u00e9 au-del\u00e0 de l'individu. Le service communautaire donne aux \u00e9tudiants la possibilit\u00e9 d'am\u00e9liorer la vie des autres.","breadcrumb":{"@id":"https:\/\/www.sacredheart.qc.ca\/fr\/vie-etudiante\/service-communautaire\/#breadcrumb"},"inLanguage":"fr-FR","potentialAction":[{"@type":"ReadAction","target":["https:\/\/www.sacredheart.qc.ca\/fr\/vie-etudiante\/service-communautaire\/"]}]},{"@type":"ImageObject","inLanguage":"fr-FR","@id":"https:\/\/www.sacredheart.qc.ca\/fr\/vie-etudiante\/service-communautaire\/#primaryimage","url":"https:\/\/www.sacredheart.qc.ca\/wp-content\/uploads\/2021\/07\/Cummunity-Services.jpg","contentUrl":"https:\/\/www.sacredheart.qc.ca\/wp-content\/uploads\/2021\/07\/Cummunity-Services.jpg","width":1480,"height":575},{"@type":"BreadcrumbList","@id":"https:\/\/www.sacredheart.qc.ca\/fr\/vie-etudiante\/service-communautaire\/#breadcrumb","itemListElement":[{"@type":"ListItem","position":1,"name":"Home","item":"https:\/\/www.sacredheart.qc.ca\/fr\/"},{"@type":"ListItem","position":2,"name":"Service communautaire"}]},{"@type":"WebSite","@id":"https:\/\/www.sacredheart.qc.ca\/fr\/#website","url":"https:\/\/www.sacredheart.qc.ca\/fr\/","name":"The Sacred Heart School of Montreal","description":"Girls Only Private Catholic English High School - 100% Graduation Rate","publisher":{"@id":"https:\/\/www.sacredheart.qc.ca\/fr\/#organization"},"alternateName":"The Sacred Heart School of Montreal","potentialAction":[{"@type":"SearchAction","target":{"@type":"EntryPoint","urlTemplate":"https:\/\/www.sacredheart.qc.ca\/fr\/?s={search_term_string}"},"query-input":{"@type":"PropertyValueSpecification","valueRequired":true,"valueName":"search_term_string"}}],"inLanguage":"fr-FR"},{"@type":"Organization","@id":"https:\/\/www.sacredheart.qc.ca\/fr\/#organization","name":"The Sacred Heart School of Montreal","url":"https:\/\/www.sacredheart.qc.ca\/fr\/","logo":{"@type":"ImageObject","inLanguage":"fr-FR","@id":"https:\/\/www.sacredheart.qc.ca\/fr\/#\/schema\/logo\/image\/","url":"https:\/\/www.sacredheart.qc.ca\/wp-content\/uploads\/2021\/06\/LogoScredHeart.svg","contentUrl":"https:\/\/www.sacredheart.qc.ca\/wp-content\/uploads\/2021\/06\/LogoScredHeart.svg","width":"1024","height":"1024","caption":"The Sacred Heart School of Montreal"},"image":{"@id":"https:\/\/www.sacredheart.qc.ca\/fr\/#\/schema\/logo\/image\/"},"sameAs":["https:\/\/www.facebook.com\/SacredHeartMontreal\/","https:\/\/x.com\/TheSHSM","https:\/\/www.instagram.com\/SacredHeartMontreal\/","https:\/\/www.linkedin.com\/school\/the-sacred-heart-school-of-montreal\/","https:\/\/www.youtube.com\/user\/TheSacredHeartSchool"]}]}},"ticketed":false,"_links":{"self":[{"href":"https:\/\/www.sacredheart.qc.ca\/fr\/wp-json\/wp\/v2\/pages\/17744","targetHints":{"allow":["GET"]}}],"collection":[{"href":"https:\/\/www.sacredheart.qc.ca\/fr\/wp-json\/wp\/v2\/pages"}],"about":[{"href":"https:\/\/www.sacredheart.qc.ca\/fr\/wp-json\/wp\/v2\/types\/page"}],"author":[{"embeddable":true,"href":"https:\/\/www.sacredheart.qc.ca\/fr\/wp-json\/wp\/v2\/users\/6"}],"replies":[{"embeddable":true,"href":"https:\/\/www.sacredheart.qc.ca\/fr\/wp-json\/wp\/v2\/comments?post=17744"}],"version-history":[{"count":0,"href":"https:\/\/www.sacredheart.qc.ca\/fr\/wp-json\/wp\/v2\/pages\/17744\/revisions"}],"wp:featuredmedia":[{"embeddable":true,"href":"https:\/\/www.sacredheart.qc.ca\/fr\/wp-json\/wp\/v2\/media\/16362"}],"wp:attachment":[{"href":"https:\/\/www.sacredheart.qc.ca\/fr\/wp-json\/wp\/v2\/media?parent=17744"}],"curies":[{"name":"wp","href":"https:\/\/api.w.org\/{rel}","templated":true}]}}