{"id":17743,"date":"2021-07-26T13:41:16","date_gmt":"2021-07-26T17:41:16","guid":{"rendered":"https:\/\/www.sacredheart.qc.ca\/?page_id=17743"},"modified":"2025-09-03T10:48:41","modified_gmt":"2025-09-03T14:48:41","slug":"paiement-en-ligne-des-frais","status":"publish","type":"page","link":"https:\/\/www.sacredheart.qc.ca\/fr\/paiement-des-frais-en-ligne\/","title":{"rendered":"Paiement des frais en ligne"},"content":{"rendered":"\n<h2>\n\t\t\tPaiements en ligne\t<\/h2>\n\t<p>Pour plus de commodit\u00e9, les parents peuvent utiliser le service de paiement en ligne s\u00e9curis\u00e9 propos\u00e9 par PayPal pour r\u00e9gler les frais de dossier par carte de cr\u00e9dit.<\/p>\n<h3>\n\t\t\tSecondaire I \u00e0 V\t<\/h3>\n\t<p>Choisissez l&rsquo;une des trois options de paiement ci-dessous :<\/p>\n<em>*Frais uniques, \u00e0 payer uniquement pour une <u>nouvelle<\/u> \u00e9tudiante<\/em>\n<em>*Frais uniques, \u00e0 payer uniquement pour une <u>nouvelle<\/u> \u00e9tudiante<\/em>\n<h3>\n\t\t\t12e ann\u00e9e\t<\/h3>\n<h3>\n\t\t\tFamilles internationales\t<\/h3>\n\t<p>Pour effectuer un virement bancaire (uniquement pour les frais de scolarit\u00e9 et d&rsquo;internat internationaux), veuillez utiliser le bouton ci-dessous :<\/p>\n\t\t\t<a href=\"https:\/\/flywire.com\/pay\/sacredheart-montreal\" target=\"_blank\" rel=\"noopener\">\n\t\t\t\t\t\t\tPayer en ligne avec FlyWire\n\t\t\t\t\t<\/a>\n<h2>\n\t\t\tDes questions ?\t<\/h2>\n\tSi vous avez des questions ou si vous avez besoin d&rsquo;aide pour le processus de paiement en ligne,<br \/>\nn&rsquo;h\u00e9sitez pas \u00e0 contacter le bureau d&rsquo;affaires :\n\t<p>514-937-2845, poste 106<\/p>\n\n","protected":false},"excerpt":{"rendered":"<p>Paiements en ligne Pour plus de commodit\u00e9, les parents peuvent utiliser le service de paiement en ligne s\u00e9curis\u00e9 propos\u00e9 par PayPal pour r\u00e9gler les frais de dossier par carte de&hellip;<\/p>\n","protected":false},"author":2,"featured_media":0,"parent":0,"menu_order":77,"comment_status":"closed","ping_status":"closed","template":"","meta":{"_acf_changed":false,"inline_featured_image":false,"_price":"","_stock":"","_tribe_ticket_header":"","_tribe_default_ticket_provider":"","_tribe_ticket_capacity":"0","_ticket_start_date":"","_ticket_end_date":"","_tribe_ticket_show_description":"","_tribe_ticket_show_not_going":false,"_tribe_ticket_use_global_stock":"","_tribe_ticket_global_stock_level":"","_global_stock_mode":"","_global_stock_cap":"","_tribe_rsvp_for_event":"","_tribe_ticket_going_count":"","_tribe_ticket_not_going_count":"","_tribe_tickets_list":"[]","_tribe_ticket_has_attendee_info_fields":false,"footnotes":"","_tec_slr_enabled":"","_tec_slr_layout":""},"class_list":["post-17743","page","type-page","status-publish","hentry"],"acf":[],"yoast_head":"<!-- This site is optimized with the Yoast SEO plugin v27.5 - https:\/\/yoast.com\/product\/yoast-seo-wordpress\/ -->\n<title>Paiement des frais en ligne | Montreal&#039;s Best English Private Catholic Girls School<\/title>\n<meta name=\"description\" content=\"Cette page permet aux parents actuels et futurs de payer les frais de dossier, d&#039;inscription et de scolarit\u00e9 avec une carte de cr\u00e9dit.\" \/>\n<meta name=\"robots\" content=\"index, follow, max-snippet:-1, max-image-preview:large, max-video-preview:-1\" \/>\n<link rel=\"canonical\" href=\"https:\/\/www.sacredheart.qc.ca\/fr\/paiement-des-frais-en-ligne\/\" \/>\n<meta property=\"og:locale\" content=\"fr_FR\" \/>\n<meta property=\"og:type\" content=\"article\" \/>\n<meta property=\"og:title\" content=\"Paiement des frais en ligne | Montreal&#039;s Best English Private Catholic Girls School\" \/>\n<meta property=\"og:description\" content=\"Cette page permet aux parents actuels et futurs de payer les frais de dossier, d&#039;inscription et de scolarit\u00e9 avec une carte de cr\u00e9dit.\" \/>\n<meta property=\"og:url\" content=\"https:\/\/www.sacredheart.qc.ca\/fr\/paiement-des-frais-en-ligne\/\" \/>\n<meta property=\"og:site_name\" content=\"The Sacred Heart School of Montreal\" \/>\n<meta property=\"article:publisher\" content=\"https:\/\/www.facebook.com\/SacredHeartMontreal\/\" \/>\n<meta property=\"article:modified_time\" content=\"2025-09-03T14:48:41+00:00\" \/>\n<meta property=\"og:image\" content=\"https:\/\/www.sacredheart.qc.ca\/wp-content\/uploads\/2021\/08\/LogoScredHeart-social.png\" \/>\n\t<meta property=\"og:image:width\" content=\"1557\" \/>\n\t<meta property=\"og:image:height\" content=\"645\" \/>\n\t<meta property=\"og:image:type\" content=\"image\/png\" \/>\n<meta name=\"twitter:card\" content=\"summary_large_image\" \/>\n<meta name=\"twitter:site\" content=\"@TheSHSM\" \/>\n<script type=\"application\/ld+json\" class=\"yoast-schema-graph\">{\"@context\":\"https:\\\/\\\/schema.org\",\"@graph\":[{\"@type\":\"WebPage\",\"@id\":\"https:\\\/\\\/www.sacredheart.qc.ca\\\/fr\\\/paiement-des-frais-en-ligne\\\/\",\"url\":\"https:\\\/\\\/www.sacredheart.qc.ca\\\/fr\\\/paiement-des-frais-en-ligne\\\/\",\"name\":\"Paiement des frais en ligne | Montreal's Best English Private Catholic Girls School\",\"isPartOf\":{\"@id\":\"https:\\\/\\\/www.sacredheart.qc.ca\\\/fr\\\/#website\"},\"datePublished\":\"2021-07-26T17:41:16+00:00\",\"dateModified\":\"2025-09-03T14:48:41+00:00\",\"description\":\"Cette page permet aux parents actuels et futurs de payer les frais de dossier, d'inscription et de scolarit\u00e9 avec une carte de cr\u00e9dit.\",\"breadcrumb\":{\"@id\":\"https:\\\/\\\/www.sacredheart.qc.ca\\\/fr\\\/paiement-des-frais-en-ligne\\\/#breadcrumb\"},\"inLanguage\":\"fr-FR\",\"potentialAction\":[{\"@type\":\"ReadAction\",\"target\":[\"https:\\\/\\\/www.sacredheart.qc.ca\\\/fr\\\/paiement-des-frais-en-ligne\\\/\"]}]},{\"@type\":\"BreadcrumbList\",\"@id\":\"https:\\\/\\\/www.sacredheart.qc.ca\\\/fr\\\/paiement-des-frais-en-ligne\\\/#breadcrumb\",\"itemListElement\":[{\"@type\":\"ListItem\",\"position\":1,\"name\":\"Home\",\"item\":\"https:\\\/\\\/www.sacredheart.qc.ca\\\/fr\\\/\"},{\"@type\":\"ListItem\",\"position\":2,\"name\":\"Paiement des frais en ligne\"}]},{\"@type\":\"WebSite\",\"@id\":\"https:\\\/\\\/www.sacredheart.qc.ca\\\/fr\\\/#website\",\"url\":\"https:\\\/\\\/www.sacredheart.qc.ca\\\/fr\\\/\",\"name\":\"The Sacred Heart School of Montreal\",\"description\":\"Girls Only Private Catholic English High School - 100% Graduation Rate\",\"publisher\":{\"@id\":\"https:\\\/\\\/www.sacredheart.qc.ca\\\/fr\\\/#organization\"},\"alternateName\":\"The Sacred Heart School of Montreal\",\"potentialAction\":[{\"@type\":\"SearchAction\",\"target\":{\"@type\":\"EntryPoint\",\"urlTemplate\":\"https:\\\/\\\/www.sacredheart.qc.ca\\\/fr\\\/?s={search_term_string}\"},\"query-input\":{\"@type\":\"PropertyValueSpecification\",\"valueRequired\":true,\"valueName\":\"search_term_string\"}}],\"inLanguage\":\"fr-FR\"},{\"@type\":\"Organization\",\"@id\":\"https:\\\/\\\/www.sacredheart.qc.ca\\\/fr\\\/#organization\",\"name\":\"The Sacred Heart School of Montreal\",\"url\":\"https:\\\/\\\/www.sacredheart.qc.ca\\\/fr\\\/\",\"logo\":{\"@type\":\"ImageObject\",\"inLanguage\":\"fr-FR\",\"@id\":\"https:\\\/\\\/www.sacredheart.qc.ca\\\/fr\\\/#\\\/schema\\\/logo\\\/image\\\/\",\"url\":\"https:\\\/\\\/www.sacredheart.qc.ca\\\/wp-content\\\/uploads\\\/2021\\\/06\\\/LogoScredHeart.svg\",\"contentUrl\":\"https:\\\/\\\/www.sacredheart.qc.ca\\\/wp-content\\\/uploads\\\/2021\\\/06\\\/LogoScredHeart.svg\",\"width\":\"1024\",\"height\":\"1024\",\"caption\":\"The Sacred Heart School of Montreal\"},\"image\":{\"@id\":\"https:\\\/\\\/www.sacredheart.qc.ca\\\/fr\\\/#\\\/schema\\\/logo\\\/image\\\/\"},\"sameAs\":[\"https:\\\/\\\/www.facebook.com\\\/SacredHeartMontreal\\\/\",\"https:\\\/\\\/x.com\\\/TheSHSM\",\"https:\\\/\\\/www.instagram.com\\\/SacredHeartMontreal\\\/\",\"https:\\\/\\\/www.linkedin.com\\\/school\\\/the-sacred-heart-school-of-montreal\\\/\",\"https:\\\/\\\/www.youtube.com\\\/user\\\/TheSacredHeartSchool\"]}]}<\/script>\n<!-- \/ Yoast SEO plugin. -->","yoast_head_json":{"title":"Paiement des frais en ligne | Montreal's Best English Private Catholic Girls School","description":"Cette page permet aux parents actuels et futurs de payer les frais de dossier, d'inscription et de scolarit\u00e9 avec une carte de cr\u00e9dit.","robots":{"index":"index","follow":"follow","max-snippet":"max-snippet:-1","max-image-preview":"max-image-preview:large","max-video-preview":"max-video-preview:-1"},"canonical":"https:\/\/www.sacredheart.qc.ca\/fr\/paiement-des-frais-en-ligne\/","og_locale":"fr_FR","og_type":"article","og_title":"Paiement des frais en ligne | Montreal's Best English Private Catholic Girls School","og_description":"Cette page permet aux parents actuels et futurs de payer les frais de dossier, d'inscription et de scolarit\u00e9 avec une carte de cr\u00e9dit.","og_url":"https:\/\/www.sacredheart.qc.ca\/fr\/paiement-des-frais-en-ligne\/","og_site_name":"The Sacred Heart School of Montreal","article_publisher":"https:\/\/www.facebook.com\/SacredHeartMontreal\/","article_modified_time":"2025-09-03T14:48:41+00:00","og_image":[{"width":1557,"height":645,"url":"https:\/\/www.sacredheart.qc.ca\/wp-content\/uploads\/2021\/08\/LogoScredHeart-social.png","type":"image\/png"}],"twitter_card":"summary_large_image","twitter_site":"@TheSHSM","schema":{"@context":"https:\/\/schema.org","@graph":[{"@type":"WebPage","@id":"https:\/\/www.sacredheart.qc.ca\/fr\/paiement-des-frais-en-ligne\/","url":"https:\/\/www.sacredheart.qc.ca\/fr\/paiement-des-frais-en-ligne\/","name":"Paiement des frais en ligne | Montreal's Best English Private Catholic Girls School","isPartOf":{"@id":"https:\/\/www.sacredheart.qc.ca\/fr\/#website"},"datePublished":"2021-07-26T17:41:16+00:00","dateModified":"2025-09-03T14:48:41+00:00","description":"Cette page permet aux parents actuels et futurs de payer les frais de dossier, d'inscription et de scolarit\u00e9 avec une carte de cr\u00e9dit.","breadcrumb":{"@id":"https:\/\/www.sacredheart.qc.ca\/fr\/paiement-des-frais-en-ligne\/#breadcrumb"},"inLanguage":"fr-FR","potentialAction":[{"@type":"ReadAction","target":["https:\/\/www.sacredheart.qc.ca\/fr\/paiement-des-frais-en-ligne\/"]}]},{"@type":"BreadcrumbList","@id":"https:\/\/www.sacredheart.qc.ca\/fr\/paiement-des-frais-en-ligne\/#breadcrumb","itemListElement":[{"@type":"ListItem","position":1,"name":"Home","item":"https:\/\/www.sacredheart.qc.ca\/fr\/"},{"@type":"ListItem","position":2,"name":"Paiement des frais en ligne"}]},{"@type":"WebSite","@id":"https:\/\/www.sacredheart.qc.ca\/fr\/#website","url":"https:\/\/www.sacredheart.qc.ca\/fr\/","name":"The Sacred Heart School of Montreal","description":"Girls Only Private Catholic English High School - 100% Graduation Rate","publisher":{"@id":"https:\/\/www.sacredheart.qc.ca\/fr\/#organization"},"alternateName":"The Sacred Heart School of Montreal","potentialAction":[{"@type":"SearchAction","target":{"@type":"EntryPoint","urlTemplate":"https:\/\/www.sacredheart.qc.ca\/fr\/?s={search_term_string}"},"query-input":{"@type":"PropertyValueSpecification","valueRequired":true,"valueName":"search_term_string"}}],"inLanguage":"fr-FR"},{"@type":"Organization","@id":"https:\/\/www.sacredheart.qc.ca\/fr\/#organization","name":"The Sacred Heart School of Montreal","url":"https:\/\/www.sacredheart.qc.ca\/fr\/","logo":{"@type":"ImageObject","inLanguage":"fr-FR","@id":"https:\/\/www.sacredheart.qc.ca\/fr\/#\/schema\/logo\/image\/","url":"https:\/\/www.sacredheart.qc.ca\/wp-content\/uploads\/2021\/06\/LogoScredHeart.svg","contentUrl":"https:\/\/www.sacredheart.qc.ca\/wp-content\/uploads\/2021\/06\/LogoScredHeart.svg","width":"1024","height":"1024","caption":"The Sacred Heart School of Montreal"},"image":{"@id":"https:\/\/www.sacredheart.qc.ca\/fr\/#\/schema\/logo\/image\/"},"sameAs":["https:\/\/www.facebook.com\/SacredHeartMontreal\/","https:\/\/x.com\/TheSHSM","https:\/\/www.instagram.com\/SacredHeartMontreal\/","https:\/\/www.linkedin.com\/school\/the-sacred-heart-school-of-montreal\/","https:\/\/www.youtube.com\/user\/TheSacredHeartSchool"]}]}},"ticketed":false,"_links":{"self":[{"href":"https:\/\/www.sacredheart.qc.ca\/fr\/wp-json\/wp\/v2\/pages\/17743","targetHints":{"allow":["GET"]}}],"collection":[{"href":"https:\/\/www.sacredheart.qc.ca\/fr\/wp-json\/wp\/v2\/pages"}],"about":[{"href":"https:\/\/www.sacredheart.qc.ca\/fr\/wp-json\/wp\/v2\/types\/page"}],"author":[{"embeddable":true,"href":"https:\/\/www.sacredheart.qc.ca\/fr\/wp-json\/wp\/v2\/users\/2"}],"replies":[{"embeddable":true,"href":"https:\/\/www.sacredheart.qc.ca\/fr\/wp-json\/wp\/v2\/comments?post=17743"}],"version-history":[{"count":0,"href":"https:\/\/www.sacredheart.qc.ca\/fr\/wp-json\/wp\/v2\/pages\/17743\/revisions"}],"wp:attachment":[{"href":"https:\/\/www.sacredheart.qc.ca\/fr\/wp-json\/wp\/v2\/media?parent=17743"}],"curies":[{"name":"wp","href":"https:\/\/api.w.org\/{rel}","templated":true}]}}