{"id":17740,"date":"2021-08-16T19:43:56","date_gmt":"2021-08-16T23:43:56","guid":{"rendered":"https:\/\/www.sacredheart.qc.ca\/?page_id=17740"},"modified":"2025-09-03T10:18:14","modified_gmt":"2025-09-03T14:18:14","slug":"ressources","status":"publish","type":"page","link":"https:\/\/www.sacredheart.qc.ca\/fr\/portail-famille\/ressources\/","title":{"rendered":"Ressources"},"content":{"rendered":"\n<h1>\n\t\t\tRessources\t<\/h1>\n<h4>\n\t\t\tGuide d&rsquo;\u00e9criture de l&rsquo;\u00e9l\u00e8ve\t<\/h4>\n<h4>\n\t\t\tListes de lectures d&rsquo;\u00e9t\u00e9 et listes de fournitures pour 2025-2026\t<\/h4>\n<h4>\n\t\t\tFormulaire de commande d&rsquo;uniformes 2025\t<\/h4>\n<h4>\n\t\t\tCalendrier scolaire 2025-2026\t<\/h4>\n\t\t\t<a href=\"https:\/\/www.sacredheart.qc.ca\/wp-content\/uploads\/2021\/08\/SHSMWritingGuide.pdf\" download target=\"_blank\" rel=\"noopener\">\n\t\t\t\t\t\t\tT\u00e9l\u00e9charger\n\t\t\t\t\t<\/a>\n\t\t\t<a href=\"https:\/\/www.sacredheart.qc.ca\/wp-content\/uploads\/2025\/06\/Sec-I-to-V-Supplies-and-Reading-lists-2025-FINAL.docx.pdf\" download target=\"_blank\" rel=\"noopener\">\n\t\t\t\t\t\t\tT\u00e9l\u00e9charger\n\t\t\t\t\t<\/a>\n\t\t\t<a href=\"https:\/\/www.sacredheart.qc.ca\/wp-content\/uploads\/2025\/04\/Final-School-Uniform-Package-2025.pdf\" download target=\"_blank\" rel=\"noopener\">\n\t\t\t\t\t\t\tT\u00e9l\u00e9charger\n\t\t\t\t\t<\/a>\n\t\t\t<a href=\"https:\/\/www.sacredheart.qc.ca\/wp-content\/uploads\/2025\/07\/School-Calendar-2025-2026-2.pdf\" download target=\"_blank\" rel=\"noopener\">\n\t\t\t\t\t\t\tT\u00e9l\u00e9charger\n\t\t\t\t\t<\/a>\n<h1>\n\t\t\tRessources\t<\/h1>\n\t\t\t<a href=\"https:\/\/www.sacredheart.qc.ca\/fr\/paiement-des-frais-en-ligne\/\" target=\"_self\">\n\t\t\t\t\t\t\tPaiements en ligne\n\t\t\t<\/a>\n\t\t\t<a href=\"https:\/\/www.sacredheart.qc.ca\/fr\/vie-etudiante\/services-de-restauration\/\" target=\"_self\">\n\t\t\t\t\t\t\tServices de restauration\n\t\t\t<\/a>\n<h2>\n\t\t\tComment puis-je obtenir une copie de mon relev\u00e9 de notes ?\t<\/h2>\n\t<p><strong>Relev\u00e9 de notes officiel du minist\u00e8re<\/strong> &#8211; Pour obtenir une copie de votre dipl\u00f4me d&rsquo;\u00e9tudes secondaires et de votre relev\u00e9 de notes, <strong><a href=\"https:\/\/www.education.gouv.qc.ca\/en\/students\/report-cards-transcripts-diplomas\" target=\"_blank\" rel=\"noopener\">cliquez ici<\/a><\/strong>. <em>Vous aurez besoin de votre code permanent.<\/em><\/p>\n<p><strong>Copie non officielle de l&rsquo;\u00e9tudiante<\/strong> &#8211; des frais de 20 $ seront factur\u00e9s PAR relev\u00e9 de\u00a0notes demand\u00e9.<\/p>\n<p>La demande sera trait\u00e9e dans les 3 jours ouvrables. Le paiement s&rsquo;effectue par PayPal ou par carte de cr\u00e9dit, en utilisant le formulaire en ligne ci-dessous.<\/p>\n\t\t\t<a href=\"https:\/\/sacredheart.formstack.com\/forms\/transcript_request\" target=\"_blank\" rel=\"noopener nofollow\">\n\t\t\t\t\t\t\tDemande de relev\u00e9(s) de notes\n\t\t\t\t\t<\/a>\n<h2>\n\t\t\tDes questions concernant vos relev\u00e9 de notes ?\t<\/h2>\n\t<strong>Veuillez contacter Mme Graziani au 514-937-2845, poste 107.<br \/>\nou \u00e0  <\/strong>\n\t\t\t<a href=\"mailto:valentinagraziani@sacredheart.qc.ca\" target=\"_blank\" rel=\"noopener nofollow\">\n\t\t\t\t\t\t\tvalentinagraziani@sacredheart.qc.ca\n\t\t\t\t\t<\/a>\n<h2>\n\t\t\tOrientation personnelle\t<\/h2>\n\tUne conseill\u00e8re personnelle qualifi\u00e9e est \u00e0 la disposition des \u00e9tudiantes.<br \/>\nDu lundi au vendredi pendant les heures de cours.\n\t\t\t<a href=\"mailto:gabrielladonofrio@sacredheart.qc.ca\" target=\"_self\">\n\t\t\t\t\t\t\tgabrielladonofrio@sacredheart.qc.ca\n\t\t\t\t\t<\/a>\n<h2>\n\t\t\tIntimidation et pr\u00e9vention de la violence\t<\/h2>\n\t<p>L&rsquo;\u00c9cole Sacr\u00e9-C\u0153ur de Montr\u00e9al s&rsquo;engage \u00e0 b\u00e2tir une communaut\u00e9 s\u00e9curitaire et bienveillante. Nous appliquons une politique de tol\u00e9rance z\u00e9ro \u00e0 l&rsquo;\u00e9gard de la violence et de l&rsquo;intimidation. Les \u00e9l\u00e8ves, les parents et le personnel sont invit\u00e9s \u00e0 signaler tous les incidents de violence et d&rsquo;intimidation \u00e0 l&rsquo;administration d\u00e8s qu&rsquo;ils se produisent.<\/p>\n\t\t\t<a href=\"https:\/\/www.sacredheart.qc.ca\/wp-content\/uploads\/2021\/07\/Bullying-and-Violence-Prevention-and-Reporting-Policy-.pdf\" download target=\"_blank\" rel=\"noopener nofollow\">\n\t\t\t\t\t\t\tT\u00e9l\u00e9charger le PDF\n\t\t\t\t\t<\/a>\n\n","protected":false},"excerpt":{"rendered":"<p>Ressources Guide d&rsquo;\u00e9criture de l&rsquo;\u00e9l\u00e8ve Listes de lectures d&rsquo;\u00e9t\u00e9 et listes de fournitures pour 2025-2026 Formulaire de commande d&rsquo;uniformes 2025 Calendrier scolaire 2025-2026 T\u00e9l\u00e9charger T\u00e9l\u00e9charger T\u00e9l\u00e9charger T\u00e9l\u00e9charger Ressources Paiements en&hellip;<\/p>\n","protected":false},"author":6,"featured_media":16374,"parent":0,"menu_order":69,"comment_status":"closed","ping_status":"closed","template":"","meta":{"_acf_changed":false,"inline_featured_image":false,"_price":"","_stock":"","_tribe_ticket_header":"","_tribe_default_ticket_provider":"","_tribe_ticket_capacity":"0","_ticket_start_date":"","_ticket_end_date":"","_tribe_ticket_show_description":"","_tribe_ticket_show_not_going":false,"_tribe_ticket_use_global_stock":"","_tribe_ticket_global_stock_level":"","_global_stock_mode":"","_global_stock_cap":"","_tribe_rsvp_for_event":"","_tribe_ticket_going_count":"","_tribe_ticket_not_going_count":"","_tribe_tickets_list":"[]","_tribe_ticket_has_attendee_info_fields":false,"footnotes":"","_tec_slr_enabled":"","_tec_slr_layout":""},"class_list":["post-17740","page","type-page","status-publish","has-post-thumbnail","hentry"],"acf":[],"yoast_head":"<!-- This site is optimized with the Yoast SEO plugin v27.3 - https:\/\/yoast.com\/product\/yoast-seo-wordpress\/ -->\n<title>Ressources | La seule \u00e9cole priv\u00e9e catholique anglophone pour filles \u00e0 Montr\u00e9al | L&#039;\u00c9cole Sacr\u00e9-C\u0153ur de Montr\u00e9al<\/title>\n<meta name=\"description\" content=\"T\u00e9l\u00e9chargez le guide d&#039;\u00e9criture de l&#039;\u00e9l\u00e8ve, la liste des lectures ou des fournitures d&#039;\u00e9t\u00e9 et le calendrier scolaire. Vous y trouverez des informations sur le tutorat en ligne, les modalit\u00e9s d&#039;obtention d&#039;un relev\u00e9 de notes et le service de restauration. Effectuer un paiement en ligne.\" \/>\n<meta name=\"robots\" content=\"index, follow, max-snippet:-1, max-image-preview:large, max-video-preview:-1\" \/>\n<link rel=\"canonical\" href=\"https:\/\/www.sacredheart.qc.ca\/fr\/portail-famille\/ressources\/\" \/>\n<meta property=\"og:locale\" content=\"fr_FR\" \/>\n<meta property=\"og:type\" content=\"article\" \/>\n<meta property=\"og:title\" content=\"Ressources | La seule \u00e9cole priv\u00e9e catholique anglophone pour filles \u00e0 Montr\u00e9al | L&#039;\u00c9cole Sacr\u00e9-C\u0153ur de Montr\u00e9al\" \/>\n<meta property=\"og:description\" content=\"T\u00e9l\u00e9chargez le guide d&#039;\u00e9criture de l&#039;\u00e9l\u00e8ve, la liste des lectures ou des fournitures d&#039;\u00e9t\u00e9 et le calendrier scolaire. Vous y trouverez des informations sur le tutorat en ligne, les modalit\u00e9s d&#039;obtention d&#039;un relev\u00e9 de notes et le service de restauration. Effectuer un paiement en ligne.\" \/>\n<meta property=\"og:url\" content=\"https:\/\/www.sacredheart.qc.ca\/fr\/portail-famille\/ressources\/\" \/>\n<meta property=\"og:site_name\" content=\"The Sacred Heart School of Montreal\" \/>\n<meta property=\"article:publisher\" content=\"https:\/\/www.facebook.com\/SacredHeartMontreal\/\" \/>\n<meta property=\"article:modified_time\" content=\"2025-09-03T14:18:14+00:00\" \/>\n<meta property=\"og:image\" content=\"https:\/\/www.sacredheart.qc.ca\/wp-content\/uploads\/2021\/08\/students-writing-in-library-1261-x-362.jpg\" \/>\n\t<meta property=\"og:image:width\" content=\"1261\" \/>\n\t<meta property=\"og:image:height\" content=\"362\" \/>\n\t<meta property=\"og:image:type\" content=\"image\/jpeg\" \/>\n<meta name=\"twitter:card\" content=\"summary_large_image\" \/>\n<meta name=\"twitter:site\" content=\"@TheSHSM\" \/>\n<meta name=\"twitter:label1\" content=\"Dur\u00e9e de lecture estim\u00e9e\" \/>\n\t<meta name=\"twitter:data1\" content=\"2 minutes\" \/>\n<script type=\"application\/ld+json\" class=\"yoast-schema-graph\">{\"@context\":\"https:\\\/\\\/schema.org\",\"@graph\":[{\"@type\":\"WebPage\",\"@id\":\"https:\\\/\\\/www.sacredheart.qc.ca\\\/fr\\\/portail-famille\\\/ressources\\\/\",\"url\":\"https:\\\/\\\/www.sacredheart.qc.ca\\\/fr\\\/portail-famille\\\/ressources\\\/\",\"name\":\"Ressources | La seule \u00e9cole priv\u00e9e catholique anglophone pour filles \u00e0 Montr\u00e9al | L'\u00c9cole Sacr\u00e9-C\u0153ur de Montr\u00e9al\",\"isPartOf\":{\"@id\":\"https:\\\/\\\/www.sacredheart.qc.ca\\\/fr\\\/#website\"},\"primaryImageOfPage\":{\"@id\":\"https:\\\/\\\/www.sacredheart.qc.ca\\\/fr\\\/portail-famille\\\/ressources\\\/#primaryimage\"},\"image\":{\"@id\":\"https:\\\/\\\/www.sacredheart.qc.ca\\\/fr\\\/portail-famille\\\/ressources\\\/#primaryimage\"},\"thumbnailUrl\":\"https:\\\/\\\/www.sacredheart.qc.ca\\\/wp-content\\\/uploads\\\/2021\\\/08\\\/students-writing-in-library-1261-x-362.jpg\",\"datePublished\":\"2021-08-16T23:43:56+00:00\",\"dateModified\":\"2025-09-03T14:18:14+00:00\",\"description\":\"T\u00e9l\u00e9chargez le guide d'\u00e9criture de l'\u00e9l\u00e8ve, la liste des lectures ou des fournitures d'\u00e9t\u00e9 et le calendrier scolaire. Vous y trouverez des informations sur le tutorat en ligne, les modalit\u00e9s d'obtention d'un relev\u00e9 de notes et le service de restauration. Effectuer un paiement en ligne.\",\"breadcrumb\":{\"@id\":\"https:\\\/\\\/www.sacredheart.qc.ca\\\/fr\\\/portail-famille\\\/ressources\\\/#breadcrumb\"},\"inLanguage\":\"fr-FR\",\"potentialAction\":[{\"@type\":\"ReadAction\",\"target\":[\"https:\\\/\\\/www.sacredheart.qc.ca\\\/fr\\\/portail-famille\\\/ressources\\\/\"]}]},{\"@type\":\"ImageObject\",\"inLanguage\":\"fr-FR\",\"@id\":\"https:\\\/\\\/www.sacredheart.qc.ca\\\/fr\\\/portail-famille\\\/ressources\\\/#primaryimage\",\"url\":\"https:\\\/\\\/www.sacredheart.qc.ca\\\/wp-content\\\/uploads\\\/2021\\\/08\\\/students-writing-in-library-1261-x-362.jpg\",\"contentUrl\":\"https:\\\/\\\/www.sacredheart.qc.ca\\\/wp-content\\\/uploads\\\/2021\\\/08\\\/students-writing-in-library-1261-x-362.jpg\",\"width\":1261,\"height\":362},{\"@type\":\"BreadcrumbList\",\"@id\":\"https:\\\/\\\/www.sacredheart.qc.ca\\\/fr\\\/portail-famille\\\/ressources\\\/#breadcrumb\",\"itemListElement\":[{\"@type\":\"ListItem\",\"position\":1,\"name\":\"Home\",\"item\":\"https:\\\/\\\/www.sacredheart.qc.ca\\\/fr\\\/\"},{\"@type\":\"ListItem\",\"position\":2,\"name\":\"Ressources\"}]},{\"@type\":\"WebSite\",\"@id\":\"https:\\\/\\\/www.sacredheart.qc.ca\\\/fr\\\/#website\",\"url\":\"https:\\\/\\\/www.sacredheart.qc.ca\\\/fr\\\/\",\"name\":\"The Sacred Heart School of Montreal\",\"description\":\"Girls Only Private Catholic English High School - 100% Graduation Rate\",\"publisher\":{\"@id\":\"https:\\\/\\\/www.sacredheart.qc.ca\\\/fr\\\/#organization\"},\"alternateName\":\"The Sacred Heart School of Montreal\",\"potentialAction\":[{\"@type\":\"SearchAction\",\"target\":{\"@type\":\"EntryPoint\",\"urlTemplate\":\"https:\\\/\\\/www.sacredheart.qc.ca\\\/fr\\\/?s={search_term_string}\"},\"query-input\":{\"@type\":\"PropertyValueSpecification\",\"valueRequired\":true,\"valueName\":\"search_term_string\"}}],\"inLanguage\":\"fr-FR\"},{\"@type\":\"Organization\",\"@id\":\"https:\\\/\\\/www.sacredheart.qc.ca\\\/fr\\\/#organization\",\"name\":\"The Sacred Heart School of Montreal\",\"url\":\"https:\\\/\\\/www.sacredheart.qc.ca\\\/fr\\\/\",\"logo\":{\"@type\":\"ImageObject\",\"inLanguage\":\"fr-FR\",\"@id\":\"https:\\\/\\\/www.sacredheart.qc.ca\\\/fr\\\/#\\\/schema\\\/logo\\\/image\\\/\",\"url\":\"https:\\\/\\\/www.sacredheart.qc.ca\\\/wp-content\\\/uploads\\\/2021\\\/06\\\/LogoScredHeart.svg\",\"contentUrl\":\"https:\\\/\\\/www.sacredheart.qc.ca\\\/wp-content\\\/uploads\\\/2021\\\/06\\\/LogoScredHeart.svg\",\"width\":\"1024\",\"height\":\"1024\",\"caption\":\"The Sacred Heart School of Montreal\"},\"image\":{\"@id\":\"https:\\\/\\\/www.sacredheart.qc.ca\\\/fr\\\/#\\\/schema\\\/logo\\\/image\\\/\"},\"sameAs\":[\"https:\\\/\\\/www.facebook.com\\\/SacredHeartMontreal\\\/\",\"https:\\\/\\\/x.com\\\/TheSHSM\",\"https:\\\/\\\/www.instagram.com\\\/SacredHeartMontreal\\\/\",\"https:\\\/\\\/www.linkedin.com\\\/school\\\/the-sacred-heart-school-of-montreal\\\/\",\"https:\\\/\\\/www.youtube.com\\\/user\\\/TheSacredHeartSchool\"]}]}<\/script>\n<!-- \/ Yoast SEO plugin. -->","yoast_head_json":{"title":"Ressources | La seule \u00e9cole priv\u00e9e catholique anglophone pour filles \u00e0 Montr\u00e9al | L'\u00c9cole Sacr\u00e9-C\u0153ur de Montr\u00e9al","description":"T\u00e9l\u00e9chargez le guide d'\u00e9criture de l'\u00e9l\u00e8ve, la liste des lectures ou des fournitures d'\u00e9t\u00e9 et le calendrier scolaire. Vous y trouverez des informations sur le tutorat en ligne, les modalit\u00e9s d'obtention d'un relev\u00e9 de notes et le service de restauration. Effectuer un paiement en ligne.","robots":{"index":"index","follow":"follow","max-snippet":"max-snippet:-1","max-image-preview":"max-image-preview:large","max-video-preview":"max-video-preview:-1"},"canonical":"https:\/\/www.sacredheart.qc.ca\/fr\/portail-famille\/ressources\/","og_locale":"fr_FR","og_type":"article","og_title":"Ressources | La seule \u00e9cole priv\u00e9e catholique anglophone pour filles \u00e0 Montr\u00e9al | L'\u00c9cole Sacr\u00e9-C\u0153ur de Montr\u00e9al","og_description":"T\u00e9l\u00e9chargez le guide d'\u00e9criture de l'\u00e9l\u00e8ve, la liste des lectures ou des fournitures d'\u00e9t\u00e9 et le calendrier scolaire. Vous y trouverez des informations sur le tutorat en ligne, les modalit\u00e9s d'obtention d'un relev\u00e9 de notes et le service de restauration. Effectuer un paiement en ligne.","og_url":"https:\/\/www.sacredheart.qc.ca\/fr\/portail-famille\/ressources\/","og_site_name":"The Sacred Heart School of Montreal","article_publisher":"https:\/\/www.facebook.com\/SacredHeartMontreal\/","article_modified_time":"2025-09-03T14:18:14+00:00","og_image":[{"width":1261,"height":362,"url":"https:\/\/www.sacredheart.qc.ca\/wp-content\/uploads\/2021\/08\/students-writing-in-library-1261-x-362.jpg","type":"image\/jpeg"}],"twitter_card":"summary_large_image","twitter_site":"@TheSHSM","twitter_misc":{"Dur\u00e9e de lecture estim\u00e9e":"2 minutes"},"schema":{"@context":"https:\/\/schema.org","@graph":[{"@type":"WebPage","@id":"https:\/\/www.sacredheart.qc.ca\/fr\/portail-famille\/ressources\/","url":"https:\/\/www.sacredheart.qc.ca\/fr\/portail-famille\/ressources\/","name":"Ressources | La seule \u00e9cole priv\u00e9e catholique anglophone pour filles \u00e0 Montr\u00e9al | L'\u00c9cole Sacr\u00e9-C\u0153ur de Montr\u00e9al","isPartOf":{"@id":"https:\/\/www.sacredheart.qc.ca\/fr\/#website"},"primaryImageOfPage":{"@id":"https:\/\/www.sacredheart.qc.ca\/fr\/portail-famille\/ressources\/#primaryimage"},"image":{"@id":"https:\/\/www.sacredheart.qc.ca\/fr\/portail-famille\/ressources\/#primaryimage"},"thumbnailUrl":"https:\/\/www.sacredheart.qc.ca\/wp-content\/uploads\/2021\/08\/students-writing-in-library-1261-x-362.jpg","datePublished":"2021-08-16T23:43:56+00:00","dateModified":"2025-09-03T14:18:14+00:00","description":"T\u00e9l\u00e9chargez le guide d'\u00e9criture de l'\u00e9l\u00e8ve, la liste des lectures ou des fournitures d'\u00e9t\u00e9 et le calendrier scolaire. Vous y trouverez des informations sur le tutorat en ligne, les modalit\u00e9s d'obtention d'un relev\u00e9 de notes et le service de restauration. Effectuer un paiement en ligne.","breadcrumb":{"@id":"https:\/\/www.sacredheart.qc.ca\/fr\/portail-famille\/ressources\/#breadcrumb"},"inLanguage":"fr-FR","potentialAction":[{"@type":"ReadAction","target":["https:\/\/www.sacredheart.qc.ca\/fr\/portail-famille\/ressources\/"]}]},{"@type":"ImageObject","inLanguage":"fr-FR","@id":"https:\/\/www.sacredheart.qc.ca\/fr\/portail-famille\/ressources\/#primaryimage","url":"https:\/\/www.sacredheart.qc.ca\/wp-content\/uploads\/2021\/08\/students-writing-in-library-1261-x-362.jpg","contentUrl":"https:\/\/www.sacredheart.qc.ca\/wp-content\/uploads\/2021\/08\/students-writing-in-library-1261-x-362.jpg","width":1261,"height":362},{"@type":"BreadcrumbList","@id":"https:\/\/www.sacredheart.qc.ca\/fr\/portail-famille\/ressources\/#breadcrumb","itemListElement":[{"@type":"ListItem","position":1,"name":"Home","item":"https:\/\/www.sacredheart.qc.ca\/fr\/"},{"@type":"ListItem","position":2,"name":"Ressources"}]},{"@type":"WebSite","@id":"https:\/\/www.sacredheart.qc.ca\/fr\/#website","url":"https:\/\/www.sacredheart.qc.ca\/fr\/","name":"The Sacred Heart School of Montreal","description":"Girls Only Private Catholic English High School - 100% Graduation Rate","publisher":{"@id":"https:\/\/www.sacredheart.qc.ca\/fr\/#organization"},"alternateName":"The Sacred Heart School of Montreal","potentialAction":[{"@type":"SearchAction","target":{"@type":"EntryPoint","urlTemplate":"https:\/\/www.sacredheart.qc.ca\/fr\/?s={search_term_string}"},"query-input":{"@type":"PropertyValueSpecification","valueRequired":true,"valueName":"search_term_string"}}],"inLanguage":"fr-FR"},{"@type":"Organization","@id":"https:\/\/www.sacredheart.qc.ca\/fr\/#organization","name":"The Sacred Heart School of Montreal","url":"https:\/\/www.sacredheart.qc.ca\/fr\/","logo":{"@type":"ImageObject","inLanguage":"fr-FR","@id":"https:\/\/www.sacredheart.qc.ca\/fr\/#\/schema\/logo\/image\/","url":"https:\/\/www.sacredheart.qc.ca\/wp-content\/uploads\/2021\/06\/LogoScredHeart.svg","contentUrl":"https:\/\/www.sacredheart.qc.ca\/wp-content\/uploads\/2021\/06\/LogoScredHeart.svg","width":"1024","height":"1024","caption":"The Sacred Heart School of Montreal"},"image":{"@id":"https:\/\/www.sacredheart.qc.ca\/fr\/#\/schema\/logo\/image\/"},"sameAs":["https:\/\/www.facebook.com\/SacredHeartMontreal\/","https:\/\/x.com\/TheSHSM","https:\/\/www.instagram.com\/SacredHeartMontreal\/","https:\/\/www.linkedin.com\/school\/the-sacred-heart-school-of-montreal\/","https:\/\/www.youtube.com\/user\/TheSacredHeartSchool"]}]}},"ticketed":false,"_links":{"self":[{"href":"https:\/\/www.sacredheart.qc.ca\/fr\/wp-json\/wp\/v2\/pages\/17740","targetHints":{"allow":["GET"]}}],"collection":[{"href":"https:\/\/www.sacredheart.qc.ca\/fr\/wp-json\/wp\/v2\/pages"}],"about":[{"href":"https:\/\/www.sacredheart.qc.ca\/fr\/wp-json\/wp\/v2\/types\/page"}],"author":[{"embeddable":true,"href":"https:\/\/www.sacredheart.qc.ca\/fr\/wp-json\/wp\/v2\/users\/6"}],"replies":[{"embeddable":true,"href":"https:\/\/www.sacredheart.qc.ca\/fr\/wp-json\/wp\/v2\/comments?post=17740"}],"version-history":[{"count":0,"href":"https:\/\/www.sacredheart.qc.ca\/fr\/wp-json\/wp\/v2\/pages\/17740\/revisions"}],"wp:featuredmedia":[{"embeddable":true,"href":"https:\/\/www.sacredheart.qc.ca\/fr\/wp-json\/wp\/v2\/media\/16374"}],"wp:attachment":[{"href":"https:\/\/www.sacredheart.qc.ca\/fr\/wp-json\/wp\/v2\/media?parent=17740"}],"curies":[{"name":"wp","href":"https:\/\/api.w.org\/{rel}","templated":true}]}}