{"id":17739,"date":"2021-07-15T15:27:12","date_gmt":"2021-07-15T19:27:12","guid":{"rendered":"https:\/\/www.sacredheart.qc.ca\/?page_id=17739"},"modified":"2024-07-24T18:00:11","modified_gmt":"2024-07-24T22:00:11","slug":"cours-en-ligne","status":"publish","type":"page","link":"https:\/\/www.sacredheart.qc.ca\/fr\/pedagogie\/cours-en-ligne\/","title":{"rendered":"Cours en ligne"},"content":{"rendered":"\n<h1>\n\t\tD\u00e9couvrez nos  <br \/> cours en ligne <br \/>\n\t<\/h1>\n<h2>\n\t\tL&rsquo;\u00c9cole Sacr\u00e9-C\u0153ur de Montr\u00e9al offre une vari\u00e9t\u00e9 de cours en ligne \u00e0 tous les \u00e9tudiants du Qu\u00e9bec inscrits au secteur jeunesse, quel que soit leur sexe.\n\t<\/h2>\n<h2>\n\t\tCours d&rsquo;\u00e9t\u00e9\n\t<\/h2>\n\t<h3><strong>Les Inscriptions en cours d&rsquo;\u00e9t\u00e9 2024 sont ferm\u00e9s<\/strong><\/h3>\n<p>Le Sacr\u00e9-C\u0153ur propose des cours d&rsquo;\u00e9t\u00e9 en ligne en anglais <strong>pour les \u00e9l\u00e8ves du Sacr\u00e9-C\u0153ur et les \u00e9l\u00e8ves non-Sacr\u00e9-C\u0153ur du Qu\u00e9bec inscrits au secteur jeunesse (filles et gar\u00e7ons<\/strong>).<\/p>\n<p>Les cours sont asynchrones, ce qui permet aux \u00e9tudiants de progresser \u00e0 leur propre rythme. En outre, les \u00e9tudiants auront acc\u00e8s \u00e0 un enseignant de l&rsquo;\u00c9cole Sacr\u00e9-Coeur que l&rsquo;on peut joindre pendant les heures de bureau d\u00e9sign\u00e9es et \u00e0 qui l&rsquo;on peut envoyer un courriel pour poser des questions ou pour fixer un rendez-vous pour une rencontre virtuelle.<\/p>\n\t\t\t<a href=\"https:\/\/www.sacredheart.qc.ca\/fr\/pedagogie\/cours-en-ligne\/cours-ete\/\" target=\"_self\" rel=\"noopener\">\n\t\t\t\t\t\t\tEn savoir plus\n\t\t\t\t\t<\/a>\n<h2>\n\t\tCours de math\u00e9matiques (sec. IV) \n\t<\/h2>\n\t<p>\u00cates-vous en Sec. III ou plus \u00e2g\u00e9 et pr\u00e9sentement inscrit dans un programme d&rsquo;\u00e9tudes secondaires ? Pensez-vous avoir besoin d&rsquo;une ressource suppl\u00e9mentaire pour compl\u00e9ter votre cours de math\u00e9matiques sec. IV ?<\/p>\n<p>Que diriez-vous d&rsquo;un acc\u00e8s 24 heures sur 24 et 7 jours sur 7 \u00e0 toutes les unit\u00e9s du cours ? Vous manque-t-il des cr\u00e9dits de fin d&rsquo;\u00e9tudes secondaires ou des pr\u00e9requis pour votre programme d&rsquo;\u00e9tudes postsecondaires ?<\/p>\n<p>Si c&rsquo;est le cas, ces cours sont faits pour vous !<\/p>\n\t\t\t<a href=\"https:\/\/www.sacredheart.qc.ca\/fr\/pedagogie\/cours-en-ligne\/cours-ete\/\" target=\"_self\" rel=\"noopener\">\n\t\t\t\t\t\t\tEn savoir plus\n\t\t\t\t\t<\/a>\n\n","protected":false},"excerpt":{"rendered":"<p>D\u00e9couvrez nos cours en ligne L&rsquo;\u00c9cole Sacr\u00e9-C\u0153ur de Montr\u00e9al offre une vari\u00e9t\u00e9 de cours en ligne \u00e0 tous les \u00e9tudiants du Qu\u00e9bec inscrits au secteur jeunesse, quel que soit leur&hellip;<\/p>\n","protected":false},"author":6,"featured_media":16241,"parent":0,"menu_order":107,"comment_status":"closed","ping_status":"closed","template":"","meta":{"_acf_changed":false,"inline_featured_image":false,"_price":"","_stock":"","_tribe_ticket_header":"","_tribe_default_ticket_provider":"","_tribe_ticket_capacity":"0","_ticket_start_date":"","_ticket_end_date":"","_tribe_ticket_show_description":"","_tribe_ticket_show_not_going":false,"_tribe_ticket_use_global_stock":"","_tribe_ticket_global_stock_level":"","_global_stock_mode":"","_global_stock_cap":"","_tribe_rsvp_for_event":"","_tribe_ticket_going_count":"","_tribe_ticket_not_going_count":"","_tribe_tickets_list":"[]","_tribe_ticket_has_attendee_info_fields":false,"footnotes":"","_tec_slr_enabled":"","_tec_slr_layout":""},"class_list":["post-17739","page","type-page","status-publish","has-post-thumbnail","hentry"],"acf":[],"yoast_head":"<!-- This site is optimized with the Yoast SEO plugin v27.3 - https:\/\/yoast.com\/product\/yoast-seo-wordpress\/ -->\n<title>Cours en ligne | La seule \u00e9cole priv\u00e9e catholique anglophone pour filles \u00e0 Montr\u00e9al | L&#039;\u00c9cole Sacr\u00e9-C\u0153ur de Montr\u00e9al<\/title>\n<meta name=\"description\" content=\"L&#039;\u00e9cole du Sacr\u00e9-C\u0153ur de Montr\u00e9al offre une vari\u00e9t\u00e9 de cours en ligne \u00e0 tous les \u00e9tudiants qu\u00e9b\u00e9cois, quel que soit leur sexe.\" \/>\n<meta name=\"robots\" content=\"index, follow, max-snippet:-1, max-image-preview:large, max-video-preview:-1\" \/>\n<link rel=\"canonical\" href=\"https:\/\/www.sacredheart.qc.ca\/fr\/pedagogie\/cours-en-ligne\/\" \/>\n<meta property=\"og:locale\" content=\"fr_FR\" \/>\n<meta property=\"og:type\" content=\"article\" \/>\n<meta property=\"og:title\" content=\"Cours en ligne | La seule \u00e9cole priv\u00e9e catholique anglophone pour filles \u00e0 Montr\u00e9al | L&#039;\u00c9cole Sacr\u00e9-C\u0153ur de Montr\u00e9al\" \/>\n<meta property=\"og:description\" content=\"L&#039;\u00e9cole du Sacr\u00e9-C\u0153ur de Montr\u00e9al offre une vari\u00e9t\u00e9 de cours en ligne \u00e0 tous les \u00e9tudiants qu\u00e9b\u00e9cois, quel que soit leur sexe.\" \/>\n<meta property=\"og:url\" content=\"https:\/\/www.sacredheart.qc.ca\/fr\/pedagogie\/cours-en-ligne\/\" \/>\n<meta property=\"og:site_name\" content=\"The Sacred Heart School of Montreal\" \/>\n<meta property=\"article:publisher\" content=\"https:\/\/www.facebook.com\/SacredHeartMontreal\/\" \/>\n<meta property=\"article:modified_time\" content=\"2024-07-24T22:00:11+00:00\" \/>\n<meta property=\"og:image\" content=\"https:\/\/www.sacredheart.qc.ca\/wp-content\/uploads\/2021\/07\/Online-Course.jpg\" \/>\n\t<meta property=\"og:image:width\" content=\"1480\" \/>\n\t<meta property=\"og:image:height\" content=\"575\" \/>\n\t<meta property=\"og:image:type\" content=\"image\/jpeg\" \/>\n<meta name=\"twitter:card\" content=\"summary_large_image\" \/>\n<meta name=\"twitter:site\" content=\"@TheSHSM\" \/>\n<meta name=\"twitter:label1\" content=\"Dur\u00e9e de lecture estim\u00e9e\" \/>\n\t<meta name=\"twitter:data1\" content=\"2 minutes\" \/>\n<script type=\"application\/ld+json\" class=\"yoast-schema-graph\">{\"@context\":\"https:\\\/\\\/schema.org\",\"@graph\":[{\"@type\":\"WebPage\",\"@id\":\"https:\\\/\\\/www.sacredheart.qc.ca\\\/fr\\\/pedagogie\\\/cours-en-ligne\\\/\",\"url\":\"https:\\\/\\\/www.sacredheart.qc.ca\\\/fr\\\/pedagogie\\\/cours-en-ligne\\\/\",\"name\":\"Cours en ligne | La seule \u00e9cole priv\u00e9e catholique anglophone pour filles \u00e0 Montr\u00e9al | L'\u00c9cole Sacr\u00e9-C\u0153ur de Montr\u00e9al\",\"isPartOf\":{\"@id\":\"https:\\\/\\\/www.sacredheart.qc.ca\\\/fr\\\/#website\"},\"primaryImageOfPage\":{\"@id\":\"https:\\\/\\\/www.sacredheart.qc.ca\\\/fr\\\/pedagogie\\\/cours-en-ligne\\\/#primaryimage\"},\"image\":{\"@id\":\"https:\\\/\\\/www.sacredheart.qc.ca\\\/fr\\\/pedagogie\\\/cours-en-ligne\\\/#primaryimage\"},\"thumbnailUrl\":\"https:\\\/\\\/www.sacredheart.qc.ca\\\/wp-content\\\/uploads\\\/2021\\\/07\\\/Online-Course.jpg\",\"datePublished\":\"2021-07-15T19:27:12+00:00\",\"dateModified\":\"2024-07-24T22:00:11+00:00\",\"description\":\"L'\u00e9cole du Sacr\u00e9-C\u0153ur de Montr\u00e9al offre une vari\u00e9t\u00e9 de cours en ligne \u00e0 tous les \u00e9tudiants qu\u00e9b\u00e9cois, quel que soit leur sexe.\",\"breadcrumb\":{\"@id\":\"https:\\\/\\\/www.sacredheart.qc.ca\\\/fr\\\/pedagogie\\\/cours-en-ligne\\\/#breadcrumb\"},\"inLanguage\":\"fr-FR\",\"potentialAction\":[{\"@type\":\"ReadAction\",\"target\":[\"https:\\\/\\\/www.sacredheart.qc.ca\\\/fr\\\/pedagogie\\\/cours-en-ligne\\\/\"]}]},{\"@type\":\"ImageObject\",\"inLanguage\":\"fr-FR\",\"@id\":\"https:\\\/\\\/www.sacredheart.qc.ca\\\/fr\\\/pedagogie\\\/cours-en-ligne\\\/#primaryimage\",\"url\":\"https:\\\/\\\/www.sacredheart.qc.ca\\\/wp-content\\\/uploads\\\/2021\\\/07\\\/Online-Course.jpg\",\"contentUrl\":\"https:\\\/\\\/www.sacredheart.qc.ca\\\/wp-content\\\/uploads\\\/2021\\\/07\\\/Online-Course.jpg\",\"width\":1480,\"height\":575},{\"@type\":\"BreadcrumbList\",\"@id\":\"https:\\\/\\\/www.sacredheart.qc.ca\\\/fr\\\/pedagogie\\\/cours-en-ligne\\\/#breadcrumb\",\"itemListElement\":[{\"@type\":\"ListItem\",\"position\":1,\"name\":\"Home\",\"item\":\"https:\\\/\\\/www.sacredheart.qc.ca\\\/fr\\\/\"},{\"@type\":\"ListItem\",\"position\":2,\"name\":\"Cours en ligne\"}]},{\"@type\":\"WebSite\",\"@id\":\"https:\\\/\\\/www.sacredheart.qc.ca\\\/fr\\\/#website\",\"url\":\"https:\\\/\\\/www.sacredheart.qc.ca\\\/fr\\\/\",\"name\":\"The Sacred Heart School of Montreal\",\"description\":\"Girls Only Private Catholic English High School - 100% Graduation Rate\",\"publisher\":{\"@id\":\"https:\\\/\\\/www.sacredheart.qc.ca\\\/fr\\\/#organization\"},\"alternateName\":\"The Sacred Heart School of Montreal\",\"potentialAction\":[{\"@type\":\"SearchAction\",\"target\":{\"@type\":\"EntryPoint\",\"urlTemplate\":\"https:\\\/\\\/www.sacredheart.qc.ca\\\/fr\\\/?s={search_term_string}\"},\"query-input\":{\"@type\":\"PropertyValueSpecification\",\"valueRequired\":true,\"valueName\":\"search_term_string\"}}],\"inLanguage\":\"fr-FR\"},{\"@type\":\"Organization\",\"@id\":\"https:\\\/\\\/www.sacredheart.qc.ca\\\/fr\\\/#organization\",\"name\":\"The Sacred Heart School of Montreal\",\"url\":\"https:\\\/\\\/www.sacredheart.qc.ca\\\/fr\\\/\",\"logo\":{\"@type\":\"ImageObject\",\"inLanguage\":\"fr-FR\",\"@id\":\"https:\\\/\\\/www.sacredheart.qc.ca\\\/fr\\\/#\\\/schema\\\/logo\\\/image\\\/\",\"url\":\"https:\\\/\\\/www.sacredheart.qc.ca\\\/wp-content\\\/uploads\\\/2021\\\/06\\\/LogoScredHeart.svg\",\"contentUrl\":\"https:\\\/\\\/www.sacredheart.qc.ca\\\/wp-content\\\/uploads\\\/2021\\\/06\\\/LogoScredHeart.svg\",\"width\":\"1024\",\"height\":\"1024\",\"caption\":\"The Sacred Heart School of Montreal\"},\"image\":{\"@id\":\"https:\\\/\\\/www.sacredheart.qc.ca\\\/fr\\\/#\\\/schema\\\/logo\\\/image\\\/\"},\"sameAs\":[\"https:\\\/\\\/www.facebook.com\\\/SacredHeartMontreal\\\/\",\"https:\\\/\\\/x.com\\\/TheSHSM\",\"https:\\\/\\\/www.instagram.com\\\/SacredHeartMontreal\\\/\",\"https:\\\/\\\/www.linkedin.com\\\/school\\\/the-sacred-heart-school-of-montreal\\\/\",\"https:\\\/\\\/www.youtube.com\\\/user\\\/TheSacredHeartSchool\"]}]}<\/script>\n<!-- \/ Yoast SEO plugin. -->","yoast_head_json":{"title":"Cours en ligne | La seule \u00e9cole priv\u00e9e catholique anglophone pour filles \u00e0 Montr\u00e9al | L'\u00c9cole Sacr\u00e9-C\u0153ur de Montr\u00e9al","description":"L'\u00e9cole du Sacr\u00e9-C\u0153ur de Montr\u00e9al offre une vari\u00e9t\u00e9 de cours en ligne \u00e0 tous les \u00e9tudiants qu\u00e9b\u00e9cois, quel que soit leur sexe.","robots":{"index":"index","follow":"follow","max-snippet":"max-snippet:-1","max-image-preview":"max-image-preview:large","max-video-preview":"max-video-preview:-1"},"canonical":"https:\/\/www.sacredheart.qc.ca\/fr\/pedagogie\/cours-en-ligne\/","og_locale":"fr_FR","og_type":"article","og_title":"Cours en ligne | La seule \u00e9cole priv\u00e9e catholique anglophone pour filles \u00e0 Montr\u00e9al | L'\u00c9cole Sacr\u00e9-C\u0153ur de Montr\u00e9al","og_description":"L'\u00e9cole du Sacr\u00e9-C\u0153ur de Montr\u00e9al offre une vari\u00e9t\u00e9 de cours en ligne \u00e0 tous les \u00e9tudiants qu\u00e9b\u00e9cois, quel que soit leur sexe.","og_url":"https:\/\/www.sacredheart.qc.ca\/fr\/pedagogie\/cours-en-ligne\/","og_site_name":"The Sacred Heart School of Montreal","article_publisher":"https:\/\/www.facebook.com\/SacredHeartMontreal\/","article_modified_time":"2024-07-24T22:00:11+00:00","og_image":[{"width":1480,"height":575,"url":"https:\/\/www.sacredheart.qc.ca\/wp-content\/uploads\/2021\/07\/Online-Course.jpg","type":"image\/jpeg"}],"twitter_card":"summary_large_image","twitter_site":"@TheSHSM","twitter_misc":{"Dur\u00e9e de lecture estim\u00e9e":"2 minutes"},"schema":{"@context":"https:\/\/schema.org","@graph":[{"@type":"WebPage","@id":"https:\/\/www.sacredheart.qc.ca\/fr\/pedagogie\/cours-en-ligne\/","url":"https:\/\/www.sacredheart.qc.ca\/fr\/pedagogie\/cours-en-ligne\/","name":"Cours en ligne | La seule \u00e9cole priv\u00e9e catholique anglophone pour filles \u00e0 Montr\u00e9al | L'\u00c9cole Sacr\u00e9-C\u0153ur de Montr\u00e9al","isPartOf":{"@id":"https:\/\/www.sacredheart.qc.ca\/fr\/#website"},"primaryImageOfPage":{"@id":"https:\/\/www.sacredheart.qc.ca\/fr\/pedagogie\/cours-en-ligne\/#primaryimage"},"image":{"@id":"https:\/\/www.sacredheart.qc.ca\/fr\/pedagogie\/cours-en-ligne\/#primaryimage"},"thumbnailUrl":"https:\/\/www.sacredheart.qc.ca\/wp-content\/uploads\/2021\/07\/Online-Course.jpg","datePublished":"2021-07-15T19:27:12+00:00","dateModified":"2024-07-24T22:00:11+00:00","description":"L'\u00e9cole du Sacr\u00e9-C\u0153ur de Montr\u00e9al offre une vari\u00e9t\u00e9 de cours en ligne \u00e0 tous les \u00e9tudiants qu\u00e9b\u00e9cois, quel que soit leur sexe.","breadcrumb":{"@id":"https:\/\/www.sacredheart.qc.ca\/fr\/pedagogie\/cours-en-ligne\/#breadcrumb"},"inLanguage":"fr-FR","potentialAction":[{"@type":"ReadAction","target":["https:\/\/www.sacredheart.qc.ca\/fr\/pedagogie\/cours-en-ligne\/"]}]},{"@type":"ImageObject","inLanguage":"fr-FR","@id":"https:\/\/www.sacredheart.qc.ca\/fr\/pedagogie\/cours-en-ligne\/#primaryimage","url":"https:\/\/www.sacredheart.qc.ca\/wp-content\/uploads\/2021\/07\/Online-Course.jpg","contentUrl":"https:\/\/www.sacredheart.qc.ca\/wp-content\/uploads\/2021\/07\/Online-Course.jpg","width":1480,"height":575},{"@type":"BreadcrumbList","@id":"https:\/\/www.sacredheart.qc.ca\/fr\/pedagogie\/cours-en-ligne\/#breadcrumb","itemListElement":[{"@type":"ListItem","position":1,"name":"Home","item":"https:\/\/www.sacredheart.qc.ca\/fr\/"},{"@type":"ListItem","position":2,"name":"Cours en ligne"}]},{"@type":"WebSite","@id":"https:\/\/www.sacredheart.qc.ca\/fr\/#website","url":"https:\/\/www.sacredheart.qc.ca\/fr\/","name":"The Sacred Heart School of Montreal","description":"Girls Only Private Catholic English High School - 100% Graduation Rate","publisher":{"@id":"https:\/\/www.sacredheart.qc.ca\/fr\/#organization"},"alternateName":"The Sacred Heart School of Montreal","potentialAction":[{"@type":"SearchAction","target":{"@type":"EntryPoint","urlTemplate":"https:\/\/www.sacredheart.qc.ca\/fr\/?s={search_term_string}"},"query-input":{"@type":"PropertyValueSpecification","valueRequired":true,"valueName":"search_term_string"}}],"inLanguage":"fr-FR"},{"@type":"Organization","@id":"https:\/\/www.sacredheart.qc.ca\/fr\/#organization","name":"The Sacred Heart School of Montreal","url":"https:\/\/www.sacredheart.qc.ca\/fr\/","logo":{"@type":"ImageObject","inLanguage":"fr-FR","@id":"https:\/\/www.sacredheart.qc.ca\/fr\/#\/schema\/logo\/image\/","url":"https:\/\/www.sacredheart.qc.ca\/wp-content\/uploads\/2021\/06\/LogoScredHeart.svg","contentUrl":"https:\/\/www.sacredheart.qc.ca\/wp-content\/uploads\/2021\/06\/LogoScredHeart.svg","width":"1024","height":"1024","caption":"The Sacred Heart School of Montreal"},"image":{"@id":"https:\/\/www.sacredheart.qc.ca\/fr\/#\/schema\/logo\/image\/"},"sameAs":["https:\/\/www.facebook.com\/SacredHeartMontreal\/","https:\/\/x.com\/TheSHSM","https:\/\/www.instagram.com\/SacredHeartMontreal\/","https:\/\/www.linkedin.com\/school\/the-sacred-heart-school-of-montreal\/","https:\/\/www.youtube.com\/user\/TheSacredHeartSchool"]}]}},"ticketed":false,"_links":{"self":[{"href":"https:\/\/www.sacredheart.qc.ca\/fr\/wp-json\/wp\/v2\/pages\/17739","targetHints":{"allow":["GET"]}}],"collection":[{"href":"https:\/\/www.sacredheart.qc.ca\/fr\/wp-json\/wp\/v2\/pages"}],"about":[{"href":"https:\/\/www.sacredheart.qc.ca\/fr\/wp-json\/wp\/v2\/types\/page"}],"author":[{"embeddable":true,"href":"https:\/\/www.sacredheart.qc.ca\/fr\/wp-json\/wp\/v2\/users\/6"}],"replies":[{"embeddable":true,"href":"https:\/\/www.sacredheart.qc.ca\/fr\/wp-json\/wp\/v2\/comments?post=17739"}],"version-history":[{"count":0,"href":"https:\/\/www.sacredheart.qc.ca\/fr\/wp-json\/wp\/v2\/pages\/17739\/revisions"}],"wp:featuredmedia":[{"embeddable":true,"href":"https:\/\/www.sacredheart.qc.ca\/fr\/wp-json\/wp\/v2\/media\/16241"}],"wp:attachment":[{"href":"https:\/\/www.sacredheart.qc.ca\/fr\/wp-json\/wp\/v2\/media?parent=17739"}],"curies":[{"name":"wp","href":"https:\/\/api.w.org\/{rel}","templated":true}]}}