{"id":17738,"date":"2021-07-15T16:08:03","date_gmt":"2021-07-15T20:08:03","guid":{"rendered":"https:\/\/www.sacredheart.qc.ca\/?page_id=17738"},"modified":"2024-06-25T15:20:29","modified_gmt":"2024-06-25T19:20:29","slug":"cours-de-mathematiques-en-ligne","status":"publish","type":"page","link":"https:\/\/www.sacredheart.qc.ca\/fr\/pedagogie\/cours-mathematiques-en-ligne-montreal\/","title":{"rendered":"Cours de math\u00e9matiques en ligne"},"content":{"rendered":"\n<h1>\n\t\tCours de math\u00e9matiques en ligne\n\t<\/h1>\n<h2>\n\t\tS&rsquo;inscrire au cours de math\u00e9matiques en ligne<br \/>(MAINTENANT FERM\u00c9)\n\t<\/h2>\n\t\t\t<a href=\"https:\/\/www.sacredheart.qc.ca\/fr\/pedagogie\/cours-en-ligne\/cours-ete\/\" target=\"_self\" rel=\"noopener\">\n\t\t\t\t\t\t\tVoir les cours d&rsquo;\u00e9t\u00e9\n\t\t\t\t\t<\/a>\n<h1>\n\t\tCours de math\u00e9matiques en ligne\n\t<\/h1>\n\t<p>Cette ann\u00e9e, l&rsquo;\u00c9cole Sacr\u00e9-C\u0153ur propose un cours en ligne :<\/p>\n<ul>\n<li>Sec. IV option scientifique (SN) Math\u00e9matiques<\/li>\n<\/ul>\n<p><strong>Cr\u00e9dits et \u00e9ligibilit\u00e9<\/strong><\/p>\n<p>Le cours est accessible \u00e0 tous les \u00e9tudiants du Qu\u00e9bec inscrits au secteur jeunesse en tant que cours non cr\u00e9dit\u00e9. Les \u00e9tudiants qui souhaitent \u00eatre cr\u00e9dit\u00e9s pour ce cours doivent prendre les dispositions n\u00e9cessaires pour passer le test du minist\u00e8re <b>avec leur \u00e9cole actuelle<\/b>.<\/p>\n<p>Il n&rsquo;est pas n\u00e9cessaire d&rsquo;\u00eatre <a href=\"https:\/\/www.sacredheart.qc.ca\/fr\/admissions\/criteres-anglais-ecole-secondaire\/\" target=\"_blank\" rel=\"noopener noreferrer\">titulaire d&rsquo;un dipl\u00f4me d&rsquo;anglais<\/a> pour suivre un cours non cr\u00e9dit\u00e9, et l&rsquo;inscription est ouverte aux \u00e9tudiants de tout sexe.<\/p>\n<p><strong>Date de d\u00e9but et de fin<\/strong><\/p>\n<p>A Determiner<\/p>\n<p>Le cours de math\u00e9matiques en ligne est <strong>asynchrone<\/strong>. En d&rsquo;autres termes, les \u00e9tudiants peuvent progresser \u00e0 leur propre rythme. En outre, un enseignant qualifi\u00e9 est disponible pour corriger les tests, les devoirs et les interrogations tout au long de l&rsquo;ann\u00e9e.<\/p>\n<p><strong>Examen<\/strong><\/p>\n<p>Les \u00e9tudiants qui souhaitent \u00eatre cr\u00e9dit\u00e9s pour ce cours doivent prendre des dispositions avec leur \u00e9cole actuelle pour passer le test du minist\u00e8re. <b>avec leur \u00e9cole actuelle.<\/b><\/p>\n\t<p><strong>Frais et politique d&rsquo;annulation<\/strong><\/p>\n<p>L&rsquo;inscription \u00e0 chaque cours co\u00fbte  549 $ pour les \u00e9tudiants de la SHSM et 599 $ pour les \u00e9tudiants d&rsquo;autres \u00e9coles ; elle est payable en ligne au moment de l&rsquo;inscription. Les annulations re\u00e7ues dans les 7 jours suivant l&rsquo;autorisation d&rsquo;acc\u00e8s au cours seront rembours\u00e9es moins 150 $ de frais administratifs. Toutefois, apr\u00e8s le 7e jour, aucun remboursement ne sera effectu\u00e9.<\/p>\n<h2>\n\t\tCours de math\u00e9matiques en ligne : Est-ce que cela me convient ?\n\t<\/h2>\n\t<p>Pensez-vous avoir besoin d&rsquo;une ressource suppl\u00e9mentaire pour terminer vos cours de math\u00e9matiques et\/ou d&rsquo;histoire au lyc\u00e9e ? Que diriez-vous d&rsquo;un acc\u00e8s 24 heures sur 24 et 7 jours sur 7 \u00e0 toutes les unit\u00e9s du cours ? Vous manque-t-il des cr\u00e9dits de fin d&rsquo;\u00e9tudes secondaires ou des pr\u00e9requis pour votre programme d&rsquo;\u00e9tudes postsecondaires ? Si c&rsquo;est le cas, ces cours sont faits pour vous !<\/p>\n\t\t\t\t\t\t<h4>Secondaire IV Option Math\u00e9matiques et Sciences (565426)<\/h4>\n\t\t\t<p>Dates du cours : A d\u00e9terminer<\/p>\n<p>Ce cours de math\u00e9matiques couvre toutes les unit\u00e9s requises, les sujets et les questions \u00e0 faire \u00e0 la maison pour pr\u00e9parer les \u00e9tudiants \u00e0 l&rsquo;\u00e9valuation finale du minist\u00e8re du Qu\u00e9bec. Le cours n\u00e9cessite un engagement d&rsquo;environ 100 heures.<\/p>\n<p>Les frais d&rsquo;inscription sont de 549 $ pour les \u00e9tudiants des SHSM et de 599 $ pour les non-\u00e9tudiants des SHSM.<\/p>\n<p>Qui devrait suivre ce cours ?<\/p>\n<ul>\n<li>il manque des cr\u00e9dits<\/li>\n<li>vous avez besoin de ressources suppl\u00e9mentaires pour suivre le cours<\/li>\n<li>vous essayez de rattraper des pr\u00e9requis pour passer \u00e0 un cours de math\u00e9matiques plus \u00e9lev\u00e9 l&rsquo;ann\u00e9e prochaine<\/li>\n<\/ul>\n<h2>\n\t\tDes questions ?\n\t<\/h2>\n\t<p>Veuillez envoyer un courriel \u00e0<\/p>\n\t\t\t<a href=\"mailto:brigitteweil@sacredheart.qc.ca\" target=\"_self\" rel=\"noopener\">\n\t\t\t\t\t\t\tbrigitteweil@sacredheart.qc.ca\n\t\t\t\t\t<\/a>\n\n","protected":false},"excerpt":{"rendered":"<p>Cours de math\u00e9matiques en ligne S&rsquo;inscrire au cours de math\u00e9matiques en ligne(MAINTENANT FERM\u00c9) Voir les cours d&rsquo;\u00e9t\u00e9 Cours de math\u00e9matiques en ligne Cette ann\u00e9e, l&rsquo;\u00c9cole Sacr\u00e9-C\u0153ur propose un cours en&hellip;<\/p>\n","protected":false},"author":6,"featured_media":16242,"parent":17739,"menu_order":102,"comment_status":"closed","ping_status":"closed","template":"","meta":{"_acf_changed":false,"inline_featured_image":false,"_price":"","_stock":"","_tribe_ticket_header":"","_tribe_default_ticket_provider":"","_tribe_ticket_capacity":"0","_ticket_start_date":"","_ticket_end_date":"","_tribe_ticket_show_description":"","_tribe_ticket_show_not_going":false,"_tribe_ticket_use_global_stock":"","_tribe_ticket_global_stock_level":"","_global_stock_mode":"","_global_stock_cap":"","_tribe_rsvp_for_event":"","_tribe_ticket_going_count":"","_tribe_ticket_not_going_count":"","_tribe_tickets_list":"[]","_tribe_ticket_has_attendee_info_fields":false,"footnotes":"","_tec_slr_enabled":"","_tec_slr_layout":""},"class_list":["post-17738","page","type-page","status-publish","has-post-thumbnail","hentry"],"acf":[],"yoast_head":"<!-- This site is optimized with the Yoast SEO plugin v27.5 - https:\/\/yoast.com\/product\/yoast-seo-wordpress\/ -->\n<title>Cours de math\u00e9matiques en ligne | La seule \u00e9cole priv\u00e9e catholique anglophone pour filles \u00e0 Montr\u00e9al | L&#039;\u00c9cole Sacr\u00e9-C\u0153ur de Montr\u00e9al<\/title>\n<meta name=\"description\" content=\"Cours de math\u00e9matiques en ligne : CST Math et Science Option (SN) Math disponibles pour tous les \u00e9tudiants du Qu\u00e9bec, aucune condition d&#039;anglais n&#039;est requise.\" \/>\n<meta name=\"robots\" content=\"index, follow, max-snippet:-1, max-image-preview:large, max-video-preview:-1\" \/>\n<link rel=\"canonical\" href=\"https:\/\/www.sacredheart.qc.ca\/fr\/pedagogie\/cours-mathematiques-en-ligne-montreal\/\" \/>\n<meta property=\"og:locale\" content=\"fr_FR\" \/>\n<meta property=\"og:type\" content=\"article\" \/>\n<meta property=\"og:title\" content=\"Cours de math\u00e9matiques en ligne | La seule \u00e9cole priv\u00e9e catholique anglophone pour filles \u00e0 Montr\u00e9al | L&#039;\u00c9cole Sacr\u00e9-C\u0153ur de Montr\u00e9al\" \/>\n<meta property=\"og:description\" content=\"Cours de math\u00e9matiques en ligne : CST Math et Science Option (SN) Math disponibles pour tous les \u00e9tudiants du Qu\u00e9bec, aucune condition d&#039;anglais n&#039;est requise.\" \/>\n<meta property=\"og:url\" content=\"https:\/\/www.sacredheart.qc.ca\/fr\/pedagogie\/cours-mathematiques-en-ligne-montreal\/\" \/>\n<meta property=\"og:site_name\" content=\"The Sacred Heart School of Montreal\" \/>\n<meta property=\"article:publisher\" content=\"https:\/\/www.facebook.com\/SacredHeartMontreal\/\" \/>\n<meta property=\"article:modified_time\" content=\"2024-06-25T19:20:29+00:00\" \/>\n<meta property=\"og:image\" content=\"https:\/\/www.sacredheart.qc.ca\/wp-content\/uploads\/2021\/07\/Online-Math.jpg\" \/>\n\t<meta property=\"og:image:width\" content=\"1480\" \/>\n\t<meta property=\"og:image:height\" content=\"575\" \/>\n\t<meta property=\"og:image:type\" content=\"image\/jpeg\" \/>\n<meta name=\"twitter:card\" content=\"summary_large_image\" \/>\n<meta name=\"twitter:site\" content=\"@TheSHSM\" \/>\n<meta name=\"twitter:label1\" content=\"Dur\u00e9e de lecture estim\u00e9e\" \/>\n\t<meta name=\"twitter:data1\" content=\"3 minutes\" \/>\n<script type=\"application\/ld+json\" class=\"yoast-schema-graph\">{\"@context\":\"https:\\\/\\\/schema.org\",\"@graph\":[{\"@type\":\"WebPage\",\"@id\":\"https:\\\/\\\/www.sacredheart.qc.ca\\\/fr\\\/pedagogie\\\/cours-mathematiques-en-ligne-montreal\\\/\",\"url\":\"https:\\\/\\\/www.sacredheart.qc.ca\\\/fr\\\/pedagogie\\\/cours-mathematiques-en-ligne-montreal\\\/\",\"name\":\"Cours de math\u00e9matiques en ligne | La seule \u00e9cole priv\u00e9e catholique anglophone pour filles \u00e0 Montr\u00e9al | L'\u00c9cole Sacr\u00e9-C\u0153ur de Montr\u00e9al\",\"isPartOf\":{\"@id\":\"https:\\\/\\\/www.sacredheart.qc.ca\\\/fr\\\/#website\"},\"primaryImageOfPage\":{\"@id\":\"https:\\\/\\\/www.sacredheart.qc.ca\\\/fr\\\/pedagogie\\\/cours-mathematiques-en-ligne-montreal\\\/#primaryimage\"},\"image\":{\"@id\":\"https:\\\/\\\/www.sacredheart.qc.ca\\\/fr\\\/pedagogie\\\/cours-mathematiques-en-ligne-montreal\\\/#primaryimage\"},\"thumbnailUrl\":\"https:\\\/\\\/www.sacredheart.qc.ca\\\/wp-content\\\/uploads\\\/2021\\\/07\\\/Online-Math.jpg\",\"datePublished\":\"2021-07-15T20:08:03+00:00\",\"dateModified\":\"2024-06-25T19:20:29+00:00\",\"description\":\"Cours de math\u00e9matiques en ligne : CST Math et Science Option (SN) Math disponibles pour tous les \u00e9tudiants du Qu\u00e9bec, aucune condition d'anglais n'est requise.\",\"breadcrumb\":{\"@id\":\"https:\\\/\\\/www.sacredheart.qc.ca\\\/fr\\\/pedagogie\\\/cours-mathematiques-en-ligne-montreal\\\/#breadcrumb\"},\"inLanguage\":\"fr-FR\",\"potentialAction\":[{\"@type\":\"ReadAction\",\"target\":[\"https:\\\/\\\/www.sacredheart.qc.ca\\\/fr\\\/pedagogie\\\/cours-mathematiques-en-ligne-montreal\\\/\"]}]},{\"@type\":\"ImageObject\",\"inLanguage\":\"fr-FR\",\"@id\":\"https:\\\/\\\/www.sacredheart.qc.ca\\\/fr\\\/pedagogie\\\/cours-mathematiques-en-ligne-montreal\\\/#primaryimage\",\"url\":\"https:\\\/\\\/www.sacredheart.qc.ca\\\/wp-content\\\/uploads\\\/2021\\\/07\\\/Online-Math.jpg\",\"contentUrl\":\"https:\\\/\\\/www.sacredheart.qc.ca\\\/wp-content\\\/uploads\\\/2021\\\/07\\\/Online-Math.jpg\",\"width\":1480,\"height\":575},{\"@type\":\"BreadcrumbList\",\"@id\":\"https:\\\/\\\/www.sacredheart.qc.ca\\\/fr\\\/pedagogie\\\/cours-mathematiques-en-ligne-montreal\\\/#breadcrumb\",\"itemListElement\":[{\"@type\":\"ListItem\",\"position\":1,\"name\":\"Home\",\"item\":\"https:\\\/\\\/www.sacredheart.qc.ca\\\/fr\\\/\"},{\"@type\":\"ListItem\",\"position\":2,\"name\":\"Cours en ligne\",\"item\":\"https:\\\/\\\/www.sacredheart.qc.ca\\\/fr\\\/pedagogie\\\/cours-en-ligne\\\/\"},{\"@type\":\"ListItem\",\"position\":3,\"name\":\"Cours de math\u00e9matiques en ligne\"}]},{\"@type\":\"WebSite\",\"@id\":\"https:\\\/\\\/www.sacredheart.qc.ca\\\/fr\\\/#website\",\"url\":\"https:\\\/\\\/www.sacredheart.qc.ca\\\/fr\\\/\",\"name\":\"The Sacred Heart School of Montreal\",\"description\":\"Girls Only Private Catholic English High School - 100% Graduation Rate\",\"publisher\":{\"@id\":\"https:\\\/\\\/www.sacredheart.qc.ca\\\/fr\\\/#organization\"},\"alternateName\":\"The Sacred Heart School of Montreal\",\"potentialAction\":[{\"@type\":\"SearchAction\",\"target\":{\"@type\":\"EntryPoint\",\"urlTemplate\":\"https:\\\/\\\/www.sacredheart.qc.ca\\\/fr\\\/?s={search_term_string}\"},\"query-input\":{\"@type\":\"PropertyValueSpecification\",\"valueRequired\":true,\"valueName\":\"search_term_string\"}}],\"inLanguage\":\"fr-FR\"},{\"@type\":\"Organization\",\"@id\":\"https:\\\/\\\/www.sacredheart.qc.ca\\\/fr\\\/#organization\",\"name\":\"The Sacred Heart School of Montreal\",\"url\":\"https:\\\/\\\/www.sacredheart.qc.ca\\\/fr\\\/\",\"logo\":{\"@type\":\"ImageObject\",\"inLanguage\":\"fr-FR\",\"@id\":\"https:\\\/\\\/www.sacredheart.qc.ca\\\/fr\\\/#\\\/schema\\\/logo\\\/image\\\/\",\"url\":\"https:\\\/\\\/www.sacredheart.qc.ca\\\/wp-content\\\/uploads\\\/2021\\\/06\\\/LogoScredHeart.svg\",\"contentUrl\":\"https:\\\/\\\/www.sacredheart.qc.ca\\\/wp-content\\\/uploads\\\/2021\\\/06\\\/LogoScredHeart.svg\",\"width\":\"1024\",\"height\":\"1024\",\"caption\":\"The Sacred Heart School of Montreal\"},\"image\":{\"@id\":\"https:\\\/\\\/www.sacredheart.qc.ca\\\/fr\\\/#\\\/schema\\\/logo\\\/image\\\/\"},\"sameAs\":[\"https:\\\/\\\/www.facebook.com\\\/SacredHeartMontreal\\\/\",\"https:\\\/\\\/x.com\\\/TheSHSM\",\"https:\\\/\\\/www.instagram.com\\\/SacredHeartMontreal\\\/\",\"https:\\\/\\\/www.linkedin.com\\\/school\\\/the-sacred-heart-school-of-montreal\\\/\",\"https:\\\/\\\/www.youtube.com\\\/user\\\/TheSacredHeartSchool\"]}]}<\/script>\n<!-- \/ Yoast SEO plugin. -->","yoast_head_json":{"title":"Cours de math\u00e9matiques en ligne | La seule \u00e9cole priv\u00e9e catholique anglophone pour filles \u00e0 Montr\u00e9al | L'\u00c9cole Sacr\u00e9-C\u0153ur de Montr\u00e9al","description":"Cours de math\u00e9matiques en ligne : CST Math et Science Option (SN) Math disponibles pour tous les \u00e9tudiants du Qu\u00e9bec, aucune condition d'anglais n'est requise.","robots":{"index":"index","follow":"follow","max-snippet":"max-snippet:-1","max-image-preview":"max-image-preview:large","max-video-preview":"max-video-preview:-1"},"canonical":"https:\/\/www.sacredheart.qc.ca\/fr\/pedagogie\/cours-mathematiques-en-ligne-montreal\/","og_locale":"fr_FR","og_type":"article","og_title":"Cours de math\u00e9matiques en ligne | La seule \u00e9cole priv\u00e9e catholique anglophone pour filles \u00e0 Montr\u00e9al | L'\u00c9cole Sacr\u00e9-C\u0153ur de Montr\u00e9al","og_description":"Cours de math\u00e9matiques en ligne : CST Math et Science Option (SN) Math disponibles pour tous les \u00e9tudiants du Qu\u00e9bec, aucune condition d'anglais n'est requise.","og_url":"https:\/\/www.sacredheart.qc.ca\/fr\/pedagogie\/cours-mathematiques-en-ligne-montreal\/","og_site_name":"The Sacred Heart School of Montreal","article_publisher":"https:\/\/www.facebook.com\/SacredHeartMontreal\/","article_modified_time":"2024-06-25T19:20:29+00:00","og_image":[{"width":1480,"height":575,"url":"https:\/\/www.sacredheart.qc.ca\/wp-content\/uploads\/2021\/07\/Online-Math.jpg","type":"image\/jpeg"}],"twitter_card":"summary_large_image","twitter_site":"@TheSHSM","twitter_misc":{"Dur\u00e9e de lecture estim\u00e9e":"3 minutes"},"schema":{"@context":"https:\/\/schema.org","@graph":[{"@type":"WebPage","@id":"https:\/\/www.sacredheart.qc.ca\/fr\/pedagogie\/cours-mathematiques-en-ligne-montreal\/","url":"https:\/\/www.sacredheart.qc.ca\/fr\/pedagogie\/cours-mathematiques-en-ligne-montreal\/","name":"Cours de math\u00e9matiques en ligne | La seule \u00e9cole priv\u00e9e catholique anglophone pour filles \u00e0 Montr\u00e9al | L'\u00c9cole Sacr\u00e9-C\u0153ur de Montr\u00e9al","isPartOf":{"@id":"https:\/\/www.sacredheart.qc.ca\/fr\/#website"},"primaryImageOfPage":{"@id":"https:\/\/www.sacredheart.qc.ca\/fr\/pedagogie\/cours-mathematiques-en-ligne-montreal\/#primaryimage"},"image":{"@id":"https:\/\/www.sacredheart.qc.ca\/fr\/pedagogie\/cours-mathematiques-en-ligne-montreal\/#primaryimage"},"thumbnailUrl":"https:\/\/www.sacredheart.qc.ca\/wp-content\/uploads\/2021\/07\/Online-Math.jpg","datePublished":"2021-07-15T20:08:03+00:00","dateModified":"2024-06-25T19:20:29+00:00","description":"Cours de math\u00e9matiques en ligne : CST Math et Science Option (SN) Math disponibles pour tous les \u00e9tudiants du Qu\u00e9bec, aucune condition d'anglais n'est requise.","breadcrumb":{"@id":"https:\/\/www.sacredheart.qc.ca\/fr\/pedagogie\/cours-mathematiques-en-ligne-montreal\/#breadcrumb"},"inLanguage":"fr-FR","potentialAction":[{"@type":"ReadAction","target":["https:\/\/www.sacredheart.qc.ca\/fr\/pedagogie\/cours-mathematiques-en-ligne-montreal\/"]}]},{"@type":"ImageObject","inLanguage":"fr-FR","@id":"https:\/\/www.sacredheart.qc.ca\/fr\/pedagogie\/cours-mathematiques-en-ligne-montreal\/#primaryimage","url":"https:\/\/www.sacredheart.qc.ca\/wp-content\/uploads\/2021\/07\/Online-Math.jpg","contentUrl":"https:\/\/www.sacredheart.qc.ca\/wp-content\/uploads\/2021\/07\/Online-Math.jpg","width":1480,"height":575},{"@type":"BreadcrumbList","@id":"https:\/\/www.sacredheart.qc.ca\/fr\/pedagogie\/cours-mathematiques-en-ligne-montreal\/#breadcrumb","itemListElement":[{"@type":"ListItem","position":1,"name":"Home","item":"https:\/\/www.sacredheart.qc.ca\/fr\/"},{"@type":"ListItem","position":2,"name":"Cours en ligne","item":"https:\/\/www.sacredheart.qc.ca\/fr\/pedagogie\/cours-en-ligne\/"},{"@type":"ListItem","position":3,"name":"Cours de math\u00e9matiques en ligne"}]},{"@type":"WebSite","@id":"https:\/\/www.sacredheart.qc.ca\/fr\/#website","url":"https:\/\/www.sacredheart.qc.ca\/fr\/","name":"The Sacred Heart School of Montreal","description":"Girls Only Private Catholic English High School - 100% Graduation Rate","publisher":{"@id":"https:\/\/www.sacredheart.qc.ca\/fr\/#organization"},"alternateName":"The Sacred Heart School of Montreal","potentialAction":[{"@type":"SearchAction","target":{"@type":"EntryPoint","urlTemplate":"https:\/\/www.sacredheart.qc.ca\/fr\/?s={search_term_string}"},"query-input":{"@type":"PropertyValueSpecification","valueRequired":true,"valueName":"search_term_string"}}],"inLanguage":"fr-FR"},{"@type":"Organization","@id":"https:\/\/www.sacredheart.qc.ca\/fr\/#organization","name":"The Sacred Heart School of Montreal","url":"https:\/\/www.sacredheart.qc.ca\/fr\/","logo":{"@type":"ImageObject","inLanguage":"fr-FR","@id":"https:\/\/www.sacredheart.qc.ca\/fr\/#\/schema\/logo\/image\/","url":"https:\/\/www.sacredheart.qc.ca\/wp-content\/uploads\/2021\/06\/LogoScredHeart.svg","contentUrl":"https:\/\/www.sacredheart.qc.ca\/wp-content\/uploads\/2021\/06\/LogoScredHeart.svg","width":"1024","height":"1024","caption":"The Sacred Heart School of Montreal"},"image":{"@id":"https:\/\/www.sacredheart.qc.ca\/fr\/#\/schema\/logo\/image\/"},"sameAs":["https:\/\/www.facebook.com\/SacredHeartMontreal\/","https:\/\/x.com\/TheSHSM","https:\/\/www.instagram.com\/SacredHeartMontreal\/","https:\/\/www.linkedin.com\/school\/the-sacred-heart-school-of-montreal\/","https:\/\/www.youtube.com\/user\/TheSacredHeartSchool"]}]}},"ticketed":false,"_links":{"self":[{"href":"https:\/\/www.sacredheart.qc.ca\/fr\/wp-json\/wp\/v2\/pages\/17738","targetHints":{"allow":["GET"]}}],"collection":[{"href":"https:\/\/www.sacredheart.qc.ca\/fr\/wp-json\/wp\/v2\/pages"}],"about":[{"href":"https:\/\/www.sacredheart.qc.ca\/fr\/wp-json\/wp\/v2\/types\/page"}],"author":[{"embeddable":true,"href":"https:\/\/www.sacredheart.qc.ca\/fr\/wp-json\/wp\/v2\/users\/6"}],"replies":[{"embeddable":true,"href":"https:\/\/www.sacredheart.qc.ca\/fr\/wp-json\/wp\/v2\/comments?post=17738"}],"version-history":[{"count":0,"href":"https:\/\/www.sacredheart.qc.ca\/fr\/wp-json\/wp\/v2\/pages\/17738\/revisions"}],"up":[{"embeddable":true,"href":"https:\/\/www.sacredheart.qc.ca\/fr\/wp-json\/wp\/v2\/pages\/17739"}],"wp:featuredmedia":[{"embeddable":true,"href":"https:\/\/www.sacredheart.qc.ca\/fr\/wp-json\/wp\/v2\/media\/16242"}],"wp:attachment":[{"href":"https:\/\/www.sacredheart.qc.ca\/fr\/wp-json\/wp\/v2\/media?parent=17738"}],"curies":[{"name":"wp","href":"https:\/\/api.w.org\/{rel}","templated":true}]}}