{"id":17737,"date":"2021-07-16T19:26:16","date_gmt":"2021-07-16T23:26:16","guid":{"rendered":"https:\/\/www.sacredheart.qc.ca\/?page_id=17737"},"modified":"2025-11-28T09:50:35","modified_gmt":"2025-11-28T14:50:35","slug":"fondation-maison-de-la-ville","status":"publish","type":"page","link":"https:\/\/www.sacredheart.qc.ca\/fr\/dons\/fondation-city-house\/","title":{"rendered":"Fondation City House"},"content":{"rendered":"\n<h1>\n\t\t\tFondation City House\t<\/h1>\n\t<p>Cr\u00e9\u00e9e en 1981 gr\u00e2ce aux efforts conjoints du Comit\u00e9 des parents (anciennement connue sous le nom de Guilde des m\u00e8res), du Conseil consultatif (anciennement connu sous le nom de Conseil consultatif) et de la Soci\u00e9t\u00e9 du Sacr\u00e9-C\u0153ur (Canada), la Fondation City House est une organisation \u00e0 but non lucratif. Son but g\u00e9n\u00e9ral est de fournir un soutien financier \u00e0 l&rsquo;\u00c9cole Sacr\u00e9-C\u0153ur de Montr\u00e9al.<\/p>\n<p>Les administrateurs de la Fondation soutiennent un programme annuel visant \u00e0 collecter des fonds \u00e0 conserver et \u00e0 investir. Les revenus g\u00e9n\u00e9r\u00e9s sont utilis\u00e9s pour financer quatre types d&rsquo;activit\u00e9s : Campagne d&rsquo;investissement pour l&rsquo;am\u00e9lioration des b\u00e2timents, soutien g\u00e9n\u00e9ral \u00e0 l&rsquo;\u00e9cole (c.-\u00e0-d. besoins sp\u00e9ciaux), bourses et programmes d&rsquo;enrichissement.<\/p>\n<p><a href=\"https:\/\/www.sacredheart.qc.ca\/wp-content\/uploads\/2023\/07\/ANNUAL-REPORT-2021-2022_Final.pdf\">Rapport annuel de la Fondation City House 2021-2022<\/a><\/p>\n<p><a href=\"https:\/\/www.sacredheart.qc.ca\/wp-content\/uploads\/2022\/07\/ANNUAL-REPORT-2020-2021-6.29-FINAL.pdf\">Rapport annuel de la Fondation City House 2020-2021<\/a><\/p>\n<p><a href=\"https:\/\/www.sacredheart.qc.ca\/wp-content\/uploads\/2021\/07\/ANNUAL-REPORT-2019-2020-2.23.pdf\" target=\"_blank\" rel=\"noopener\">Rapport annuel de la Fondation City House 2019-2020<\/a><\/p>\n\t\t\t<a href=\"\/fr\/ressources\/dons\/\" target=\"_self\">\n\t\t\t\t\t\t\tExplorer les possibilit\u00e9s de don\n\t\t\t\t\t<\/a>\n\t<p><strong>Steven Corsi<\/strong><\/p>\n\t<p><a href=\"https:\/\/www.sacredheart.qc.ca\/wp-content\/uploads\/2025\/05\/MARIANNE-BRASSARD-CPA-CA_CHF-1.png\" target=\"_blank\" rel=\"noopener\"><strong>Marianne Brassard &rsquo;99<\/strong><\/a><\/p>\n\t<p><strong>Patricia Briand<\/strong><\/p>\n\t<p><strong>Iveth Bosmediano<\/strong><\/p>\n\t<p><strong>Antonio Crescenzi<\/strong><\/p>\n\t<p><strong>Angelo Gallo<\/strong><\/p>\n\t<p><a href=\"https:\/\/www.sacredheart.qc.ca\/wp-content\/uploads\/2025\/04\/Michael-Khoury_CHF.png\" target=\"_blank\" rel=\"noopener\"><strong>Michael Khoury<\/strong><\/a><\/p>\n\t<p><a href=\"https:\/\/www.sacredheart.qc.ca\/wp-content\/uploads\/2025\/05\/James-McRae_CHF.png\" target=\"_blank\" rel=\"noopener\"><strong>James McRae<\/strong><\/a><\/p>\n\t<p><strong>Andrew Popliger<\/strong><\/p>\n\t<p><a href=\"https:\/\/www.sacredheart.qc.ca\/wp-content\/uploads\/2025\/05\/Tina-Serrao_CHF.png\" target=\"_blank\" rel=\"noopener\"><strong>Christina (Tina) Serrao<\/strong><\/a><\/p>\n\t<p><b>Julie Timmins Dalfen<\/b><\/p>\n\t<p><a href=\"https:\/\/www.sacredheart.qc.ca\/wp-content\/uploads\/2025\/05\/Cristiane-M.-Tinmouth-CPA_CHF.png\" target=\"_blank\" rel=\"noopener\"><strong>Cristiane Tinmouth &rsquo;77<\/strong><\/a><\/p>\n\t<p>Les parents, le corps enseignant, les anciennes \u00e9l\u00e8ves, les donateurs, les sponsors et les participants aux \u00e9v\u00e9nements de Sacr\u00e9-Coeur ont toujours fait preuve de g\u00e9n\u00e9rosit\u00e9 \u00e0 l&rsquo;\u00e9gard de l&rsquo;\u00e9cole.<\/p>\n<p>Votre soutien financier a permis \u00e0 l&rsquo;\u00c9cole Sacr\u00e9-Coeur d&rsquo;exceller.<\/p>\n<p>Aujourd&rsquo;hui, nous investissons dans l&rsquo;h\u00e9ritage que nous avons re\u00e7u pour \u00eatre audacieux et r\u00e9ussir \u00e0 construire l&rsquo;avenir qui nous tient \u00e0 c\u0153ur.<\/p>\n<p>Notre succ\u00e8s continu en tant que grande \u00e9cole exige un investissement dans le d\u00e9veloppement intellectuel, moral et spirituel de nos \u00e9l\u00e8ves, ainsi que dans les installations et les espaces o\u00f9 leur d\u00e9veloppement a lieu.<\/p>\n<p>Nous sommes enthousiasm\u00e9s par l&rsquo;avenir et, fid\u00e8les \u00e0 la tradition de l&rsquo;\u00c9cole Sacr\u00e9-Coeur, nous nous concentrons sur l&rsquo;excellence dans les domaines de l&rsquo;enseignement, des arts et de l&rsquo;athl\u00e9tisme.<\/p>\n<p>Le moment est venu de renforcer l&rsquo;excellence de nos installations. Les programmes exceptionnels, comme ceux que propose l&rsquo;\u00e9cole, doivent \u00eatre soutenus par des espaces qui refl\u00e8tent cet engagement.<\/p>\n<p>Dans l&rsquo;environnement \u00e9ducatif comp\u00e9titif d&rsquo;aujourd&rsquo;hui, nous devons adapter les installations au niveau d&rsquo;enseignement dispens\u00e9 par la facult\u00e9 et offrir une valeur optimale \u00e0 l&rsquo;investissement \u00e9ducatif de notre communaut\u00e9.<\/p>\n<p><strong>Re\u00e7us<\/strong> <strong>fiscaux<\/strong> Les dons et les cadeaux en nature donnent droit \u00e0 des re\u00e7us fiscaux ou \u00e0 des cr\u00e9dits d&rsquo;imp\u00f4t selon les modalit\u00e9s d\u00e9finies et prescrites par l&rsquo;Agence du revenu du Canada.<\/p>\n<p><strong>Donation planifi\u00e9e<\/strong> Les programmes de donation planifi\u00e9e permettent de faire des dons par le biais d&rsquo;une donation successorale, garantissant ainsi que le Sacr\u00e9-C\u0153ur continuera d&rsquo;\u00eatre un lieu o\u00f9 l&rsquo;\u00e9rudition et les valeurs comptent, tout en vous aidant \u00e0 atteindre vos objectifs fiscaux et financiers.<\/p>\n<p>Pour de plus amples renseignements, veuillez communiquer avec Julie Timmins Dalfen, Pr\u00e9sidente, directrice du service de l&rsquo;avancement, \u00e0 l&rsquo;adresse suivante : <a href=\"mailto:julietimmins@sacredheart.qc.ca\">julietimmins@sacredheart.qc.ca <\/a>ou par t\u00e9l\u00e9phone : 514-937-2845 (poste 213).<\/p>\n\t\t\t<a href=\"\/fr\/ressources\/dons\/\" target=\"_self\">\n\t\t\t\t\t\t\tExplorer les possibilit\u00e9s de don\n\t\t\t\t\t<\/a>\n\n","protected":false},"excerpt":{"rendered":"<p>Fondation City House Cr\u00e9\u00e9e en 1981 gr\u00e2ce aux efforts conjoints du Comit\u00e9 des parents (anciennement connue sous le nom de Guilde des m\u00e8res), du Conseil consultatif (anciennement connu sous le&hellip;<\/p>\n","protected":false},"author":6,"featured_media":16273,"parent":0,"menu_order":131,"comment_status":"closed","ping_status":"closed","template":"","meta":{"_acf_changed":false,"inline_featured_image":false,"_price":"","_stock":"","_tribe_ticket_header":"","_tribe_default_ticket_provider":"","_tribe_ticket_capacity":"0","_ticket_start_date":"","_ticket_end_date":"","_tribe_ticket_show_description":"","_tribe_ticket_show_not_going":false,"_tribe_ticket_use_global_stock":"","_tribe_ticket_global_stock_level":"","_global_stock_mode":"","_global_stock_cap":"","_tribe_rsvp_for_event":"","_tribe_ticket_going_count":"","_tribe_ticket_not_going_count":"","_tribe_tickets_list":"[]","_tribe_ticket_has_attendee_info_fields":false,"footnotes":"","_tec_slr_enabled":"","_tec_slr_layout":""},"class_list":["post-17737","page","type-page","status-publish","has-post-thumbnail","hentry"],"acf":[],"yoast_head":"<!-- This site is optimized with the Yoast SEO plugin v27.4 - https:\/\/yoast.com\/product\/yoast-seo-wordpress\/ -->\n<title>Fondation City House | La seule \u00e9cole priv\u00e9e catholique anglophone pour filles \u00e0 Montr\u00e9al | L&#039;\u00c9cole Sacr\u00e9-C\u0153ur de Montr\u00e9al<\/title>\n<meta name=\"description\" content=\"La Fondation City House est une organisation \u00e0 but non lucratif. Son objectif g\u00e9n\u00e9ral est d&#039;apporter un soutien financier \u00e0 l&#039;\u00e9cole Sacr\u00e9-C\u0153ur de Montr\u00e9al, la meilleure \u00e9cole priv\u00e9e catholique anglophone pour filles \u00e0 Montr\u00e9al.\" \/>\n<meta name=\"robots\" content=\"index, follow, max-snippet:-1, max-image-preview:large, max-video-preview:-1\" \/>\n<link rel=\"canonical\" href=\"https:\/\/www.sacredheart.qc.ca\/fr\/dons\/fondation-city-house\/\" \/>\n<meta property=\"og:locale\" content=\"fr_FR\" \/>\n<meta property=\"og:type\" content=\"article\" \/>\n<meta property=\"og:title\" content=\"Fondation City House | La seule \u00e9cole priv\u00e9e catholique anglophone pour filles \u00e0 Montr\u00e9al | L&#039;\u00c9cole Sacr\u00e9-C\u0153ur de Montr\u00e9al\" \/>\n<meta property=\"og:description\" content=\"La Fondation City House est une organisation \u00e0 but non lucratif. Son objectif g\u00e9n\u00e9ral est d&#039;apporter un soutien financier \u00e0 l&#039;\u00e9cole Sacr\u00e9-C\u0153ur de Montr\u00e9al, la meilleure \u00e9cole priv\u00e9e catholique anglophone pour filles \u00e0 Montr\u00e9al.\" \/>\n<meta property=\"og:url\" content=\"https:\/\/www.sacredheart.qc.ca\/fr\/dons\/fondation-city-house\/\" \/>\n<meta property=\"og:site_name\" content=\"The Sacred Heart School of Montreal\" \/>\n<meta property=\"article:publisher\" content=\"https:\/\/www.facebook.com\/SacredHeartMontreal\/\" \/>\n<meta property=\"article:modified_time\" content=\"2025-11-28T14:50:35+00:00\" \/>\n<meta property=\"og:image\" content=\"https:\/\/www.sacredheart.qc.ca\/wp-content\/uploads\/2021\/07\/City-House-Foundation.jpg\" \/>\n\t<meta property=\"og:image:width\" content=\"1480\" \/>\n\t<meta property=\"og:image:height\" content=\"575\" \/>\n\t<meta property=\"og:image:type\" content=\"image\/jpeg\" \/>\n<meta name=\"twitter:card\" content=\"summary_large_image\" \/>\n<meta name=\"twitter:site\" content=\"@TheSHSM\" \/>\n<meta name=\"twitter:label1\" content=\"Dur\u00e9e de lecture estim\u00e9e\" \/>\n\t<meta name=\"twitter:data1\" content=\"3 minutes\" \/>\n<script type=\"application\/ld+json\" class=\"yoast-schema-graph\">{\"@context\":\"https:\\\/\\\/schema.org\",\"@graph\":[{\"@type\":\"WebPage\",\"@id\":\"https:\\\/\\\/www.sacredheart.qc.ca\\\/fr\\\/dons\\\/fondation-city-house\\\/\",\"url\":\"https:\\\/\\\/www.sacredheart.qc.ca\\\/fr\\\/dons\\\/fondation-city-house\\\/\",\"name\":\"Fondation City House | La seule \u00e9cole priv\u00e9e catholique anglophone pour filles \u00e0 Montr\u00e9al | L'\u00c9cole Sacr\u00e9-C\u0153ur de Montr\u00e9al\",\"isPartOf\":{\"@id\":\"https:\\\/\\\/www.sacredheart.qc.ca\\\/fr\\\/#website\"},\"primaryImageOfPage\":{\"@id\":\"https:\\\/\\\/www.sacredheart.qc.ca\\\/fr\\\/dons\\\/fondation-city-house\\\/#primaryimage\"},\"image\":{\"@id\":\"https:\\\/\\\/www.sacredheart.qc.ca\\\/fr\\\/dons\\\/fondation-city-house\\\/#primaryimage\"},\"thumbnailUrl\":\"https:\\\/\\\/www.sacredheart.qc.ca\\\/wp-content\\\/uploads\\\/2021\\\/07\\\/City-House-Foundation.jpg\",\"datePublished\":\"2021-07-16T23:26:16+00:00\",\"dateModified\":\"2025-11-28T14:50:35+00:00\",\"description\":\"La Fondation City House est une organisation \u00e0 but non lucratif. Son objectif g\u00e9n\u00e9ral est d'apporter un soutien financier \u00e0 l'\u00e9cole Sacr\u00e9-C\u0153ur de Montr\u00e9al, la meilleure \u00e9cole priv\u00e9e catholique anglophone pour filles \u00e0 Montr\u00e9al.\",\"breadcrumb\":{\"@id\":\"https:\\\/\\\/www.sacredheart.qc.ca\\\/fr\\\/dons\\\/fondation-city-house\\\/#breadcrumb\"},\"inLanguage\":\"fr-FR\",\"potentialAction\":[{\"@type\":\"ReadAction\",\"target\":[\"https:\\\/\\\/www.sacredheart.qc.ca\\\/fr\\\/dons\\\/fondation-city-house\\\/\"]}]},{\"@type\":\"ImageObject\",\"inLanguage\":\"fr-FR\",\"@id\":\"https:\\\/\\\/www.sacredheart.qc.ca\\\/fr\\\/dons\\\/fondation-city-house\\\/#primaryimage\",\"url\":\"https:\\\/\\\/www.sacredheart.qc.ca\\\/wp-content\\\/uploads\\\/2021\\\/07\\\/City-House-Foundation.jpg\",\"contentUrl\":\"https:\\\/\\\/www.sacredheart.qc.ca\\\/wp-content\\\/uploads\\\/2021\\\/07\\\/City-House-Foundation.jpg\",\"width\":1480,\"height\":575},{\"@type\":\"BreadcrumbList\",\"@id\":\"https:\\\/\\\/www.sacredheart.qc.ca\\\/fr\\\/dons\\\/fondation-city-house\\\/#breadcrumb\",\"itemListElement\":[{\"@type\":\"ListItem\",\"position\":1,\"name\":\"Home\",\"item\":\"https:\\\/\\\/www.sacredheart.qc.ca\\\/fr\\\/\"},{\"@type\":\"ListItem\",\"position\":2,\"name\":\"Fondation City House\"}]},{\"@type\":\"WebSite\",\"@id\":\"https:\\\/\\\/www.sacredheart.qc.ca\\\/fr\\\/#website\",\"url\":\"https:\\\/\\\/www.sacredheart.qc.ca\\\/fr\\\/\",\"name\":\"The Sacred Heart School of Montreal\",\"description\":\"Girls Only Private Catholic English High School - 100% Graduation Rate\",\"publisher\":{\"@id\":\"https:\\\/\\\/www.sacredheart.qc.ca\\\/fr\\\/#organization\"},\"alternateName\":\"The Sacred Heart School of Montreal\",\"potentialAction\":[{\"@type\":\"SearchAction\",\"target\":{\"@type\":\"EntryPoint\",\"urlTemplate\":\"https:\\\/\\\/www.sacredheart.qc.ca\\\/fr\\\/?s={search_term_string}\"},\"query-input\":{\"@type\":\"PropertyValueSpecification\",\"valueRequired\":true,\"valueName\":\"search_term_string\"}}],\"inLanguage\":\"fr-FR\"},{\"@type\":\"Organization\",\"@id\":\"https:\\\/\\\/www.sacredheart.qc.ca\\\/fr\\\/#organization\",\"name\":\"The Sacred Heart School of Montreal\",\"url\":\"https:\\\/\\\/www.sacredheart.qc.ca\\\/fr\\\/\",\"logo\":{\"@type\":\"ImageObject\",\"inLanguage\":\"fr-FR\",\"@id\":\"https:\\\/\\\/www.sacredheart.qc.ca\\\/fr\\\/#\\\/schema\\\/logo\\\/image\\\/\",\"url\":\"https:\\\/\\\/www.sacredheart.qc.ca\\\/wp-content\\\/uploads\\\/2021\\\/06\\\/LogoScredHeart.svg\",\"contentUrl\":\"https:\\\/\\\/www.sacredheart.qc.ca\\\/wp-content\\\/uploads\\\/2021\\\/06\\\/LogoScredHeart.svg\",\"width\":\"1024\",\"height\":\"1024\",\"caption\":\"The Sacred Heart School of Montreal\"},\"image\":{\"@id\":\"https:\\\/\\\/www.sacredheart.qc.ca\\\/fr\\\/#\\\/schema\\\/logo\\\/image\\\/\"},\"sameAs\":[\"https:\\\/\\\/www.facebook.com\\\/SacredHeartMontreal\\\/\",\"https:\\\/\\\/x.com\\\/TheSHSM\",\"https:\\\/\\\/www.instagram.com\\\/SacredHeartMontreal\\\/\",\"https:\\\/\\\/www.linkedin.com\\\/school\\\/the-sacred-heart-school-of-montreal\\\/\",\"https:\\\/\\\/www.youtube.com\\\/user\\\/TheSacredHeartSchool\"]}]}<\/script>\n<!-- \/ Yoast SEO plugin. -->","yoast_head_json":{"title":"Fondation City House | La seule \u00e9cole priv\u00e9e catholique anglophone pour filles \u00e0 Montr\u00e9al | L'\u00c9cole Sacr\u00e9-C\u0153ur de Montr\u00e9al","description":"La Fondation City House est une organisation \u00e0 but non lucratif. Son objectif g\u00e9n\u00e9ral est d'apporter un soutien financier \u00e0 l'\u00e9cole Sacr\u00e9-C\u0153ur de Montr\u00e9al, la meilleure \u00e9cole priv\u00e9e catholique anglophone pour filles \u00e0 Montr\u00e9al.","robots":{"index":"index","follow":"follow","max-snippet":"max-snippet:-1","max-image-preview":"max-image-preview:large","max-video-preview":"max-video-preview:-1"},"canonical":"https:\/\/www.sacredheart.qc.ca\/fr\/dons\/fondation-city-house\/","og_locale":"fr_FR","og_type":"article","og_title":"Fondation City House | La seule \u00e9cole priv\u00e9e catholique anglophone pour filles \u00e0 Montr\u00e9al | L'\u00c9cole Sacr\u00e9-C\u0153ur de Montr\u00e9al","og_description":"La Fondation City House est une organisation \u00e0 but non lucratif. Son objectif g\u00e9n\u00e9ral est d'apporter un soutien financier \u00e0 l'\u00e9cole Sacr\u00e9-C\u0153ur de Montr\u00e9al, la meilleure \u00e9cole priv\u00e9e catholique anglophone pour filles \u00e0 Montr\u00e9al.","og_url":"https:\/\/www.sacredheart.qc.ca\/fr\/dons\/fondation-city-house\/","og_site_name":"The Sacred Heart School of Montreal","article_publisher":"https:\/\/www.facebook.com\/SacredHeartMontreal\/","article_modified_time":"2025-11-28T14:50:35+00:00","og_image":[{"width":1480,"height":575,"url":"https:\/\/www.sacredheart.qc.ca\/wp-content\/uploads\/2021\/07\/City-House-Foundation.jpg","type":"image\/jpeg"}],"twitter_card":"summary_large_image","twitter_site":"@TheSHSM","twitter_misc":{"Dur\u00e9e de lecture estim\u00e9e":"3 minutes"},"schema":{"@context":"https:\/\/schema.org","@graph":[{"@type":"WebPage","@id":"https:\/\/www.sacredheart.qc.ca\/fr\/dons\/fondation-city-house\/","url":"https:\/\/www.sacredheart.qc.ca\/fr\/dons\/fondation-city-house\/","name":"Fondation City House | La seule \u00e9cole priv\u00e9e catholique anglophone pour filles \u00e0 Montr\u00e9al | L'\u00c9cole Sacr\u00e9-C\u0153ur de Montr\u00e9al","isPartOf":{"@id":"https:\/\/www.sacredheart.qc.ca\/fr\/#website"},"primaryImageOfPage":{"@id":"https:\/\/www.sacredheart.qc.ca\/fr\/dons\/fondation-city-house\/#primaryimage"},"image":{"@id":"https:\/\/www.sacredheart.qc.ca\/fr\/dons\/fondation-city-house\/#primaryimage"},"thumbnailUrl":"https:\/\/www.sacredheart.qc.ca\/wp-content\/uploads\/2021\/07\/City-House-Foundation.jpg","datePublished":"2021-07-16T23:26:16+00:00","dateModified":"2025-11-28T14:50:35+00:00","description":"La Fondation City House est une organisation \u00e0 but non lucratif. Son objectif g\u00e9n\u00e9ral est d'apporter un soutien financier \u00e0 l'\u00e9cole Sacr\u00e9-C\u0153ur de Montr\u00e9al, la meilleure \u00e9cole priv\u00e9e catholique anglophone pour filles \u00e0 Montr\u00e9al.","breadcrumb":{"@id":"https:\/\/www.sacredheart.qc.ca\/fr\/dons\/fondation-city-house\/#breadcrumb"},"inLanguage":"fr-FR","potentialAction":[{"@type":"ReadAction","target":["https:\/\/www.sacredheart.qc.ca\/fr\/dons\/fondation-city-house\/"]}]},{"@type":"ImageObject","inLanguage":"fr-FR","@id":"https:\/\/www.sacredheart.qc.ca\/fr\/dons\/fondation-city-house\/#primaryimage","url":"https:\/\/www.sacredheart.qc.ca\/wp-content\/uploads\/2021\/07\/City-House-Foundation.jpg","contentUrl":"https:\/\/www.sacredheart.qc.ca\/wp-content\/uploads\/2021\/07\/City-House-Foundation.jpg","width":1480,"height":575},{"@type":"BreadcrumbList","@id":"https:\/\/www.sacredheart.qc.ca\/fr\/dons\/fondation-city-house\/#breadcrumb","itemListElement":[{"@type":"ListItem","position":1,"name":"Home","item":"https:\/\/www.sacredheart.qc.ca\/fr\/"},{"@type":"ListItem","position":2,"name":"Fondation City House"}]},{"@type":"WebSite","@id":"https:\/\/www.sacredheart.qc.ca\/fr\/#website","url":"https:\/\/www.sacredheart.qc.ca\/fr\/","name":"The Sacred Heart School of Montreal","description":"Girls Only Private Catholic English High School - 100% Graduation Rate","publisher":{"@id":"https:\/\/www.sacredheart.qc.ca\/fr\/#organization"},"alternateName":"The Sacred Heart School of Montreal","potentialAction":[{"@type":"SearchAction","target":{"@type":"EntryPoint","urlTemplate":"https:\/\/www.sacredheart.qc.ca\/fr\/?s={search_term_string}"},"query-input":{"@type":"PropertyValueSpecification","valueRequired":true,"valueName":"search_term_string"}}],"inLanguage":"fr-FR"},{"@type":"Organization","@id":"https:\/\/www.sacredheart.qc.ca\/fr\/#organization","name":"The Sacred Heart School of Montreal","url":"https:\/\/www.sacredheart.qc.ca\/fr\/","logo":{"@type":"ImageObject","inLanguage":"fr-FR","@id":"https:\/\/www.sacredheart.qc.ca\/fr\/#\/schema\/logo\/image\/","url":"https:\/\/www.sacredheart.qc.ca\/wp-content\/uploads\/2021\/06\/LogoScredHeart.svg","contentUrl":"https:\/\/www.sacredheart.qc.ca\/wp-content\/uploads\/2021\/06\/LogoScredHeart.svg","width":"1024","height":"1024","caption":"The Sacred Heart School of Montreal"},"image":{"@id":"https:\/\/www.sacredheart.qc.ca\/fr\/#\/schema\/logo\/image\/"},"sameAs":["https:\/\/www.facebook.com\/SacredHeartMontreal\/","https:\/\/x.com\/TheSHSM","https:\/\/www.instagram.com\/SacredHeartMontreal\/","https:\/\/www.linkedin.com\/school\/the-sacred-heart-school-of-montreal\/","https:\/\/www.youtube.com\/user\/TheSacredHeartSchool"]}]}},"ticketed":false,"_links":{"self":[{"href":"https:\/\/www.sacredheart.qc.ca\/fr\/wp-json\/wp\/v2\/pages\/17737","targetHints":{"allow":["GET"]}}],"collection":[{"href":"https:\/\/www.sacredheart.qc.ca\/fr\/wp-json\/wp\/v2\/pages"}],"about":[{"href":"https:\/\/www.sacredheart.qc.ca\/fr\/wp-json\/wp\/v2\/types\/page"}],"author":[{"embeddable":true,"href":"https:\/\/www.sacredheart.qc.ca\/fr\/wp-json\/wp\/v2\/users\/6"}],"replies":[{"embeddable":true,"href":"https:\/\/www.sacredheart.qc.ca\/fr\/wp-json\/wp\/v2\/comments?post=17737"}],"version-history":[{"count":0,"href":"https:\/\/www.sacredheart.qc.ca\/fr\/wp-json\/wp\/v2\/pages\/17737\/revisions"}],"wp:featuredmedia":[{"embeddable":true,"href":"https:\/\/www.sacredheart.qc.ca\/fr\/wp-json\/wp\/v2\/media\/16273"}],"wp:attachment":[{"href":"https:\/\/www.sacredheart.qc.ca\/fr\/wp-json\/wp\/v2\/media?parent=17737"}],"curies":[{"name":"wp","href":"https:\/\/api.w.org\/{rel}","templated":true}]}}