{"id":17736,"date":"2021-07-15T17:06:06","date_gmt":"2021-07-15T21:06:06","guid":{"rendered":"https:\/\/www.sacredheart.qc.ca\/?page_id=17736"},"modified":"2023-10-18T10:10:10","modified_gmt":"2023-10-18T14:10:10","slug":"inscription-en-ligne-aux-cours-de-mathematiques","status":"publish","type":"page","link":"https:\/\/www.sacredheart.qc.ca\/fr\/pedagogie\/cours-en-ligne\/inscription-cours-mathematique\/","title":{"rendered":"Inscription aux cours de math\u00e9matiques en ligne"},"content":{"rendered":"","protected":false},"excerpt":{"rendered":"","protected":false},"author":6,"featured_media":0,"parent":17738,"menu_order":101,"comment_status":"closed","ping_status":"closed","template":"","meta":{"_acf_changed":false,"inline_featured_image":false,"_price":"","_stock":"","_tribe_ticket_header":"","_tribe_default_ticket_provider":"","_tribe_ticket_capacity":"0","_ticket_start_date":"","_ticket_end_date":"","_tribe_ticket_show_description":"","_tribe_ticket_show_not_going":false,"_tribe_ticket_use_global_stock":"","_tribe_ticket_global_stock_level":"","_global_stock_mode":"","_global_stock_cap":"","_tribe_rsvp_for_event":"","_tribe_ticket_going_count":"","_tribe_ticket_not_going_count":"","_tribe_tickets_list":"[]","_tribe_ticket_has_attendee_info_fields":false,"footnotes":"","_tec_slr_enabled":"","_tec_slr_layout":""},"class_list":["post-17736","page","type-page","status-publish","hentry"],"acf":[],"yoast_head":"<!-- This site is optimized with the Yoast SEO plugin v27.3 - https:\/\/yoast.com\/product\/yoast-seo-wordpress\/ -->\n<title>Inscription aux cours de math\u00e9matiques en ligne | Montreal&#039;s Best English Private Catholic Girls School<\/title>\n<meta name=\"description\" content=\"CST Math et Science Option (SN) Math, disponible pour tous les \u00e9tudiants du Qu\u00e9bec, aucune \u00e9ligibilit\u00e9 en anglais n&#039;est requise.\" \/>\n<meta name=\"robots\" content=\"index, follow, max-snippet:-1, max-image-preview:large, max-video-preview:-1\" \/>\n<link rel=\"canonical\" href=\"https:\/\/www.sacredheart.qc.ca\/fr\/pedagogie\/cours-en-ligne\/inscription-cours-mathematique\/\" \/>\n<meta property=\"og:locale\" content=\"fr_FR\" \/>\n<meta property=\"og:type\" content=\"article\" \/>\n<meta property=\"og:title\" content=\"Inscription aux cours de math\u00e9matiques en ligne | Montreal&#039;s Best English Private Catholic Girls School\" \/>\n<meta property=\"og:description\" content=\"CST Math et Science Option (SN) Math, disponible pour tous les \u00e9tudiants du Qu\u00e9bec, aucune \u00e9ligibilit\u00e9 en anglais n&#039;est requise.\" \/>\n<meta property=\"og:url\" content=\"https:\/\/www.sacredheart.qc.ca\/fr\/pedagogie\/cours-en-ligne\/inscription-cours-mathematique\/\" \/>\n<meta property=\"og:site_name\" content=\"The Sacred Heart School of Montreal\" \/>\n<meta property=\"article:publisher\" content=\"https:\/\/www.facebook.com\/SacredHeartMontreal\/\" \/>\n<meta property=\"article:modified_time\" content=\"2023-10-18T14:10:10+00:00\" \/>\n<meta property=\"og:image\" content=\"https:\/\/www.sacredheart.qc.ca\/wp-content\/uploads\/2021\/08\/LogoScredHeart-social.png\" \/>\n\t<meta property=\"og:image:width\" content=\"1557\" \/>\n\t<meta property=\"og:image:height\" content=\"645\" \/>\n\t<meta property=\"og:image:type\" content=\"image\/png\" \/>\n<meta name=\"twitter:card\" content=\"summary_large_image\" \/>\n<meta name=\"twitter:site\" content=\"@TheSHSM\" \/>\n<script type=\"application\/ld+json\" class=\"yoast-schema-graph\">{\"@context\":\"https:\\\/\\\/schema.org\",\"@graph\":[{\"@type\":\"WebPage\",\"@id\":\"https:\\\/\\\/www.sacredheart.qc.ca\\\/fr\\\/pedagogie\\\/cours-en-ligne\\\/inscription-cours-mathematique\\\/\",\"url\":\"https:\\\/\\\/www.sacredheart.qc.ca\\\/fr\\\/pedagogie\\\/cours-en-ligne\\\/inscription-cours-mathematique\\\/\",\"name\":\"Inscription aux cours de math\u00e9matiques en ligne | Montreal's Best English Private Catholic Girls School\",\"isPartOf\":{\"@id\":\"https:\\\/\\\/www.sacredheart.qc.ca\\\/fr\\\/#website\"},\"datePublished\":\"2021-07-15T21:06:06+00:00\",\"dateModified\":\"2023-10-18T14:10:10+00:00\",\"description\":\"CST Math et Science Option (SN) Math, disponible pour tous les \u00e9tudiants du Qu\u00e9bec, aucune \u00e9ligibilit\u00e9 en anglais n'est requise.\",\"breadcrumb\":{\"@id\":\"https:\\\/\\\/www.sacredheart.qc.ca\\\/fr\\\/pedagogie\\\/cours-en-ligne\\\/inscription-cours-mathematique\\\/#breadcrumb\"},\"inLanguage\":\"fr-FR\",\"potentialAction\":[{\"@type\":\"ReadAction\",\"target\":[\"https:\\\/\\\/www.sacredheart.qc.ca\\\/fr\\\/pedagogie\\\/cours-en-ligne\\\/inscription-cours-mathematique\\\/\"]}]},{\"@type\":\"BreadcrumbList\",\"@id\":\"https:\\\/\\\/www.sacredheart.qc.ca\\\/fr\\\/pedagogie\\\/cours-en-ligne\\\/inscription-cours-mathematique\\\/#breadcrumb\",\"itemListElement\":[{\"@type\":\"ListItem\",\"position\":1,\"name\":\"Home\",\"item\":\"https:\\\/\\\/www.sacredheart.qc.ca\\\/fr\\\/\"},{\"@type\":\"ListItem\",\"position\":2,\"name\":\"Cours en ligne\",\"item\":\"https:\\\/\\\/www.sacredheart.qc.ca\\\/fr\\\/pedagogie\\\/cours-en-ligne\\\/\"},{\"@type\":\"ListItem\",\"position\":3,\"name\":\"Cours de math\u00e9matiques en ligne\",\"item\":\"https:\\\/\\\/www.sacredheart.qc.ca\\\/fr\\\/pedagogie\\\/cours-mathematiques-en-ligne-montreal\\\/\"},{\"@type\":\"ListItem\",\"position\":4,\"name\":\"Inscription aux cours de math\u00e9matiques en ligne\"}]},{\"@type\":\"WebSite\",\"@id\":\"https:\\\/\\\/www.sacredheart.qc.ca\\\/fr\\\/#website\",\"url\":\"https:\\\/\\\/www.sacredheart.qc.ca\\\/fr\\\/\",\"name\":\"The Sacred Heart School of Montreal\",\"description\":\"Girls Only Private Catholic English High School - 100% Graduation Rate\",\"publisher\":{\"@id\":\"https:\\\/\\\/www.sacredheart.qc.ca\\\/fr\\\/#organization\"},\"alternateName\":\"The Sacred Heart School of Montreal\",\"potentialAction\":[{\"@type\":\"SearchAction\",\"target\":{\"@type\":\"EntryPoint\",\"urlTemplate\":\"https:\\\/\\\/www.sacredheart.qc.ca\\\/fr\\\/?s={search_term_string}\"},\"query-input\":{\"@type\":\"PropertyValueSpecification\",\"valueRequired\":true,\"valueName\":\"search_term_string\"}}],\"inLanguage\":\"fr-FR\"},{\"@type\":\"Organization\",\"@id\":\"https:\\\/\\\/www.sacredheart.qc.ca\\\/fr\\\/#organization\",\"name\":\"The Sacred Heart School of Montreal\",\"url\":\"https:\\\/\\\/www.sacredheart.qc.ca\\\/fr\\\/\",\"logo\":{\"@type\":\"ImageObject\",\"inLanguage\":\"fr-FR\",\"@id\":\"https:\\\/\\\/www.sacredheart.qc.ca\\\/fr\\\/#\\\/schema\\\/logo\\\/image\\\/\",\"url\":\"https:\\\/\\\/www.sacredheart.qc.ca\\\/wp-content\\\/uploads\\\/2021\\\/06\\\/LogoScredHeart.svg\",\"contentUrl\":\"https:\\\/\\\/www.sacredheart.qc.ca\\\/wp-content\\\/uploads\\\/2021\\\/06\\\/LogoScredHeart.svg\",\"width\":\"1024\",\"height\":\"1024\",\"caption\":\"The Sacred Heart School of Montreal\"},\"image\":{\"@id\":\"https:\\\/\\\/www.sacredheart.qc.ca\\\/fr\\\/#\\\/schema\\\/logo\\\/image\\\/\"},\"sameAs\":[\"https:\\\/\\\/www.facebook.com\\\/SacredHeartMontreal\\\/\",\"https:\\\/\\\/x.com\\\/TheSHSM\",\"https:\\\/\\\/www.instagram.com\\\/SacredHeartMontreal\\\/\",\"https:\\\/\\\/www.linkedin.com\\\/school\\\/the-sacred-heart-school-of-montreal\\\/\",\"https:\\\/\\\/www.youtube.com\\\/user\\\/TheSacredHeartSchool\"]}]}<\/script>\n<!-- \/ Yoast SEO plugin. -->","yoast_head_json":{"title":"Inscription aux cours de math\u00e9matiques en ligne | Montreal's Best English Private Catholic Girls School","description":"CST Math et Science Option (SN) Math, disponible pour tous les \u00e9tudiants du Qu\u00e9bec, aucune \u00e9ligibilit\u00e9 en anglais n'est requise.","robots":{"index":"index","follow":"follow","max-snippet":"max-snippet:-1","max-image-preview":"max-image-preview:large","max-video-preview":"max-video-preview:-1"},"canonical":"https:\/\/www.sacredheart.qc.ca\/fr\/pedagogie\/cours-en-ligne\/inscription-cours-mathematique\/","og_locale":"fr_FR","og_type":"article","og_title":"Inscription aux cours de math\u00e9matiques en ligne | Montreal's Best English Private Catholic Girls School","og_description":"CST Math et Science Option (SN) Math, disponible pour tous les \u00e9tudiants du Qu\u00e9bec, aucune \u00e9ligibilit\u00e9 en anglais n'est requise.","og_url":"https:\/\/www.sacredheart.qc.ca\/fr\/pedagogie\/cours-en-ligne\/inscription-cours-mathematique\/","og_site_name":"The Sacred Heart School of Montreal","article_publisher":"https:\/\/www.facebook.com\/SacredHeartMontreal\/","article_modified_time":"2023-10-18T14:10:10+00:00","og_image":[{"width":1557,"height":645,"url":"https:\/\/www.sacredheart.qc.ca\/wp-content\/uploads\/2021\/08\/LogoScredHeart-social.png","type":"image\/png"}],"twitter_card":"summary_large_image","twitter_site":"@TheSHSM","schema":{"@context":"https:\/\/schema.org","@graph":[{"@type":"WebPage","@id":"https:\/\/www.sacredheart.qc.ca\/fr\/pedagogie\/cours-en-ligne\/inscription-cours-mathematique\/","url":"https:\/\/www.sacredheart.qc.ca\/fr\/pedagogie\/cours-en-ligne\/inscription-cours-mathematique\/","name":"Inscription aux cours de math\u00e9matiques en ligne | Montreal's Best English Private Catholic Girls School","isPartOf":{"@id":"https:\/\/www.sacredheart.qc.ca\/fr\/#website"},"datePublished":"2021-07-15T21:06:06+00:00","dateModified":"2023-10-18T14:10:10+00:00","description":"CST Math et Science Option (SN) Math, disponible pour tous les \u00e9tudiants du Qu\u00e9bec, aucune \u00e9ligibilit\u00e9 en anglais n'est requise.","breadcrumb":{"@id":"https:\/\/www.sacredheart.qc.ca\/fr\/pedagogie\/cours-en-ligne\/inscription-cours-mathematique\/#breadcrumb"},"inLanguage":"fr-FR","potentialAction":[{"@type":"ReadAction","target":["https:\/\/www.sacredheart.qc.ca\/fr\/pedagogie\/cours-en-ligne\/inscription-cours-mathematique\/"]}]},{"@type":"BreadcrumbList","@id":"https:\/\/www.sacredheart.qc.ca\/fr\/pedagogie\/cours-en-ligne\/inscription-cours-mathematique\/#breadcrumb","itemListElement":[{"@type":"ListItem","position":1,"name":"Home","item":"https:\/\/www.sacredheart.qc.ca\/fr\/"},{"@type":"ListItem","position":2,"name":"Cours en ligne","item":"https:\/\/www.sacredheart.qc.ca\/fr\/pedagogie\/cours-en-ligne\/"},{"@type":"ListItem","position":3,"name":"Cours de math\u00e9matiques en ligne","item":"https:\/\/www.sacredheart.qc.ca\/fr\/pedagogie\/cours-mathematiques-en-ligne-montreal\/"},{"@type":"ListItem","position":4,"name":"Inscription aux cours de math\u00e9matiques en ligne"}]},{"@type":"WebSite","@id":"https:\/\/www.sacredheart.qc.ca\/fr\/#website","url":"https:\/\/www.sacredheart.qc.ca\/fr\/","name":"The Sacred Heart School of Montreal","description":"Girls Only Private Catholic English High School - 100% Graduation Rate","publisher":{"@id":"https:\/\/www.sacredheart.qc.ca\/fr\/#organization"},"alternateName":"The Sacred Heart School of Montreal","potentialAction":[{"@type":"SearchAction","target":{"@type":"EntryPoint","urlTemplate":"https:\/\/www.sacredheart.qc.ca\/fr\/?s={search_term_string}"},"query-input":{"@type":"PropertyValueSpecification","valueRequired":true,"valueName":"search_term_string"}}],"inLanguage":"fr-FR"},{"@type":"Organization","@id":"https:\/\/www.sacredheart.qc.ca\/fr\/#organization","name":"The Sacred Heart School of Montreal","url":"https:\/\/www.sacredheart.qc.ca\/fr\/","logo":{"@type":"ImageObject","inLanguage":"fr-FR","@id":"https:\/\/www.sacredheart.qc.ca\/fr\/#\/schema\/logo\/image\/","url":"https:\/\/www.sacredheart.qc.ca\/wp-content\/uploads\/2021\/06\/LogoScredHeart.svg","contentUrl":"https:\/\/www.sacredheart.qc.ca\/wp-content\/uploads\/2021\/06\/LogoScredHeart.svg","width":"1024","height":"1024","caption":"The Sacred Heart School of Montreal"},"image":{"@id":"https:\/\/www.sacredheart.qc.ca\/fr\/#\/schema\/logo\/image\/"},"sameAs":["https:\/\/www.facebook.com\/SacredHeartMontreal\/","https:\/\/x.com\/TheSHSM","https:\/\/www.instagram.com\/SacredHeartMontreal\/","https:\/\/www.linkedin.com\/school\/the-sacred-heart-school-of-montreal\/","https:\/\/www.youtube.com\/user\/TheSacredHeartSchool"]}]}},"ticketed":false,"_links":{"self":[{"href":"https:\/\/www.sacredheart.qc.ca\/fr\/wp-json\/wp\/v2\/pages\/17736","targetHints":{"allow":["GET"]}}],"collection":[{"href":"https:\/\/www.sacredheart.qc.ca\/fr\/wp-json\/wp\/v2\/pages"}],"about":[{"href":"https:\/\/www.sacredheart.qc.ca\/fr\/wp-json\/wp\/v2\/types\/page"}],"author":[{"embeddable":true,"href":"https:\/\/www.sacredheart.qc.ca\/fr\/wp-json\/wp\/v2\/users\/6"}],"replies":[{"embeddable":true,"href":"https:\/\/www.sacredheart.qc.ca\/fr\/wp-json\/wp\/v2\/comments?post=17736"}],"version-history":[{"count":0,"href":"https:\/\/www.sacredheart.qc.ca\/fr\/wp-json\/wp\/v2\/pages\/17736\/revisions"}],"up":[{"embeddable":true,"href":"https:\/\/www.sacredheart.qc.ca\/fr\/wp-json\/wp\/v2\/pages\/17738"}],"wp:attachment":[{"href":"https:\/\/www.sacredheart.qc.ca\/fr\/wp-json\/wp\/v2\/media?parent=17736"}],"curies":[{"name":"wp","href":"https:\/\/api.w.org\/{rel}","templated":true}]}}