{"id":17735,"date":"2021-08-17T17:20:40","date_gmt":"2021-08-17T21:20:40","guid":{"rendered":"https:\/\/www.sacredheart.qc.ca\/?page_id=17735"},"modified":"2026-04-13T11:01:51","modified_gmt":"2026-04-13T15:01:51","slug":"carriere","status":"publish","type":"page","link":"https:\/\/www.sacredheart.qc.ca\/fr\/ressources\/carrieres\/","title":{"rendered":"Carri\u00e8res"},"content":{"rendered":"\n<h1>\n\t\t\tCarri\u00e8res\t<\/h1>\n<h2>\n\t\t\tD\u00e9couvrez un monde de possibilit\u00e9s \u00e0 l&rsquo;\u00e9cole  The Sacred Heart School of Montreal\t<\/h2>\n<h2>\n\t\t\tPourquoi travailler au Sacr\u00e9-C\u0153ur ?\t<\/h2>\n\t<p>Travailler \u00e0 l&rsquo;\u00e9cole Sacr\u00e9-C\u0153ur, <strong>est une opportunit\u00e9 unique de faire partie d&rsquo;une institution \u00e9ducative profond\u00e9ment engag\u00e9e dans la promotion de l&rsquo;excellence acad\u00e9mique et de l&rsquo;\u00e9panouissement personnel. <\/strong>En rejoignant la famille du Sacr\u00e9-C\u0153ur, vous devenez membre d&rsquo;un r\u00e9seau mondial de plus de 150 \u00e9coles. Le r\u00e9seau Sacr\u00e9-C\u0153ur vous offre la possibilit\u00e9 d&rsquo;\u00e9changer et de voyager.<\/p>\n<p>Vous y trouverez une communaut\u00e9 solidaire qui valorise la collaboration, l&rsquo;innovation et la responsabilit\u00e9 sociale.<\/p>\n<p>L&rsquo;accent que nous mettons sur l&rsquo;\u00e9ducation holistique signifie que chaque membre du personnel joue un r\u00f4le essentiel dans le d\u00e9veloppement non seulement des capacit\u00e9s intellectuelles, mais aussi du d\u00e9veloppement \u00e9motionnel et \u00e9thique de nos \u00e9l\u00e8ves.<\/p>\n<p><strong>Avec des installations de pointe, des programmes de d\u00e9veloppement professionnel continu et un environnement de travail qui encourage l&rsquo;inclusion et la diversit\u00e9, l&rsquo;\u00e9cole Sacr\u00e9-C\u0153ur offre un parcours professionnel \u00e9panouissant pour les \u00e9ducateurs comme pour le personnel administratif.<\/strong><\/p>\n<h2>\n\t\t\tT\u00e9moignages de nos enseignants\t<\/h2>\n\t\t\t\t\t<video src=\"https:\/\/www.sacredheart.qc.ca\/wp-content\/uploads\/2024\/02\/Gabriella-DOnofrio-Careers.mp4\" alt=\"hosted-video-thumbnail\"><\/video>\n\t\t\t\t\t<video src=\"https:\/\/www.sacredheart.qc.ca\/wp-content\/uploads\/2024\/03\/edd23908-6367-4431-8840-3c9be4bc1a7d.mp4\" alt=\"hosted-video-thumbnail\"><\/video>\n\t\t\t\t\t\t\t<p>J&rsquo;aime travailler au Sacred Heart en raison du sentiment de communaut\u00e9, d&rsquo;une atmosph\u00e8re chaleureuse et invitante qui permet aux \u00e9l\u00e8ves de s&rsquo;\u00e9panouir.<\/p>\t\t\t\t\t\t\n\t\t\t\t\t\t\t\tMonsieur McRae\t\t\t\t\t\t\t\t\n\t\t\t\t\t\t\t\t\tProfesseur de math\u00e9matiques et de sciences\t\t\t\t\t\t\t\t\n\t\t\t\t\t\t\t<p>J&rsquo;ai pu \u00e9tablir un excellent contact avec les \u00e9l\u00e8ves dans un environnement \u00e9quilibr\u00e9 et sans stress qui stimule la curiosit\u00e9 des \u00e9l\u00e8ves.<\/p>\t\t\t\t\t\t\n\t\t\t\t\t\t\t\tM. Pooyan Haghighat\t\t\t\t\t\t\t\t\n\t\t\t\t\t\t\t\t\tProfesseur de math\u00e9matiques et de sciences\t\t\t\t\t\t\t\t\n\t<h2>\n\t\t\tAvantages de rejoindre la famille de l&rsquo;\u00e9cole Sacr\u00e9-C\u0153ur\t<\/h2>\n\t<ul>\n<li>Situ\u00e9 au c\u0153ur du centre-ville de Montr\u00e9al, avec un parking gratuit disponible sur place<\/li>\n<li>Un leadership fort et un soutien de mentorat<\/li>\n<li>Acc\u00e8s \u00e0 un centre de bien-\u00eatre haut de gamme<\/li>\n<li>Mise en place d&rsquo;un comit\u00e9 de bien-\u00eatre charg\u00e9 de veiller au bien-\u00eatre du corps enseignant et du personnel du Sacred Heart<\/li>\n<li>Possibilit\u00e9s de d\u00e9veloppement professionnel continu<\/li>\n<li>Classes de petite taille<\/li>\n<li>Appr\u00e9ciation des parents<\/li>\n<li>Communaut\u00e9 d&rsquo;entraide<\/li>\n<li>Assurance collective (sant\u00e9, soins dentaires, invalidit\u00e9 de longue dur\u00e9e, vie)<\/li>\n<li>Ordinateur portable et assistance technique fournis<\/li>\n<li>163 ans de fiert\u00e9 et de tradition !<\/li>\n<\/ul>\n<h2>\n\t\t\tPostes disponibles actuellement\t<\/h2>\n\t<ul>\n<li><a href=\"https:\/\/www.sacredheart.qc.ca\/wp-content\/uploads\/2026\/03\/SH-job-Opening_-Conseiller.ere-en-ressources-humaines-_03-2026.pdf\" target=\"_blank\" rel=\"noopener\">Conseiller.\u00e8re en ressources humaines<\/a><\/li>\n<li><a href=\"https:\/\/www.sacredheart.qc.ca\/wp-content\/uploads\/2026\/04\/SH-job-Opening_Responsable-de-la-gestion-des-inscriptions-final_02-2026.pdf\" target=\"_blank\" rel=\"noopener\">Responsable de la gestion des inscriptions<\/a><\/li>\n<li><a href=\"https:\/\/www.sacredheart.qc.ca\/wp-content\/uploads\/2026\/03\/SH-job-Opening_Specialiste-en-apprentissage-_03-2026.pdf\" target=\"_blank\" rel=\"noopener\">Sp\u00e9cialiste en apprentissage<\/a><\/li>\n<\/ul>\nPour soumettre un CV en vue d&rsquo;un examen ult\u00e9rieur, veuillez envoyer un courrier \u00e9lectronique \u00e0 l&rsquo;adresse suivante <a href=\"mailto:hr@sacredheart.qc.ca\" target=\"_blank\" rel=\"noopener\">hr@sacredheart.qc.ca<\/a><br \/>\n\n\t<h6><i>Le personnel et les candidats \u00e0 un emploi sont trait\u00e9s sans distinction de race, de couleur, de sexe, d&rsquo;identit\u00e9 ou d&rsquo;expression de genre, de grossesse, d&rsquo;orientation sexuelle, d&rsquo;\u00e9tat civil, d&rsquo;\u00e2ge sauf dans les cas pr\u00e9vus par la loi, de religion, de convictions politiques, de langue, d&rsquo;origine ethnique ou nationale, de condition sociale, de handicap ou d&rsquo;utilisation d&rsquo;un moyen palliatif \u00e0 un handicap.<\/i><\/h6>\n<h2>\n\t\t\tVous pouvez \u00e9galement \u00eatre int\u00e9ress\u00e9 par\t<\/h2>\n\t\t\t<a href=\"https:\/\/www.sacredheart.qc.ca\/fr\/ressources\/faculte-personnel\/\"  target=\"_self\">\n\t\t\t\t\t\t\tFacult\u00e9 et personnel\n\t\t\t<\/a>\n\t\t\t<a href=\"https:\/\/www.sacredheart.qc.ca\/fr\/a-propos\/qui-sommes-nous\/\"  target=\"_self\">\n\t\t\t\t\t\t\tQui sommes-nous ?\n\t\t\t<\/a>\n\t\t\t<a href=\"https:\/\/www.sacredheart.qc.ca\/fr\/admissions\/\"  target=\"_self\">\n\t\t\t\t\t\t\tComment s&rsquo;inscrire\n\t\t\t<\/a>\n\n","protected":false},"excerpt":{"rendered":"<p>Carri\u00e8res D\u00e9couvrez un monde de possibilit\u00e9s \u00e0 l&rsquo;\u00e9cole The Sacred Heart School of Montreal Pourquoi travailler au Sacr\u00e9-C\u0153ur ? Travailler \u00e0 l&rsquo;\u00e9cole Sacr\u00e9-C\u0153ur, est une opportunit\u00e9 unique de faire partie&hellip;<\/p>\n","protected":false},"author":6,"featured_media":20530,"parent":0,"menu_order":65,"comment_status":"closed","ping_status":"closed","template":"","meta":{"_acf_changed":false,"inline_featured_image":false,"_price":"","_stock":"","_tribe_ticket_header":"","_tribe_default_ticket_provider":"","_tribe_ticket_capacity":"0","_ticket_start_date":"","_ticket_end_date":"","_tribe_ticket_show_description":"","_tribe_ticket_show_not_going":false,"_tribe_ticket_use_global_stock":"","_tribe_ticket_global_stock_level":"","_global_stock_mode":"","_global_stock_cap":"","_tribe_rsvp_for_event":"","_tribe_ticket_going_count":"","_tribe_ticket_not_going_count":"","_tribe_tickets_list":"[]","_tribe_ticket_has_attendee_info_fields":false,"footnotes":"","_tec_slr_enabled":"","_tec_slr_layout":""},"class_list":["post-17735","page","type-page","status-publish","has-post-thumbnail","hentry"],"acf":[],"yoast_head":"<!-- This site is optimized with the Yoast SEO plugin v27.3 - https:\/\/yoast.com\/product\/yoast-seo-wordpress\/ -->\n<title>Carri\u00e8res | La seule \u00e9cole priv\u00e9e catholique anglophone pour filles \u00e0 Montr\u00e9al | L&#039;\u00c9cole Sacr\u00e9-C\u0153ur de Montr\u00e9al<\/title>\n<meta name=\"description\" content=\"L&#039;\u00c9cole Sacr\u00e9-C\u0153ur de Montr\u00e9al est une seule \u00e9cole secondaire priv\u00e9e catholique anglophone pour filles situ\u00e9e au centre-ville de Montr\u00e9al.\" \/>\n<meta name=\"robots\" content=\"index, follow, max-snippet:-1, max-image-preview:large, max-video-preview:-1\" \/>\n<link rel=\"canonical\" href=\"https:\/\/www.sacredheart.qc.ca\/fr\/ressources\/carrieres\/\" \/>\n<meta property=\"og:locale\" content=\"fr_FR\" \/>\n<meta property=\"og:type\" content=\"article\" \/>\n<meta property=\"og:title\" content=\"Carri\u00e8res | L&#039;\u00c9cole Sacr\u00e9-C\u0153ur de Montr\u00e9al\" \/>\n<meta property=\"og:description\" content=\"L&#039;\u00e9cole Sacred Heart de Montr\u00e9al est une \u00e9cole secondaire catholique anglaise pour filles situ\u00e9e au centre-ville de Montr\u00e9al.\" \/>\n<meta property=\"og:url\" content=\"https:\/\/www.sacredheart.qc.ca\/fr\/ressources\/carrieres\/\" \/>\n<meta property=\"og:site_name\" content=\"The Sacred Heart School of Montreal\" \/>\n<meta property=\"article:publisher\" content=\"https:\/\/www.facebook.com\/SacredHeartMontreal\/\" \/>\n<meta property=\"article:modified_time\" content=\"2026-04-13T15:01:51+00:00\" \/>\n<meta property=\"og:image\" content=\"https:\/\/www.sacredheart.qc.ca\/wp-content\/uploads\/2024\/03\/DSC_0312.jpg\" \/>\n\t<meta property=\"og:image:width\" content=\"1344\" \/>\n\t<meta property=\"og:image:height\" content=\"895\" \/>\n\t<meta property=\"og:image:type\" content=\"image\/jpeg\" \/>\n<meta name=\"twitter:card\" content=\"summary_large_image\" \/>\n<meta name=\"twitter:title\" content=\"Carri\u00e8res | L&#039;\u00c9cole Sacr\u00e9-C\u0153ur de Montr\u00e9al\" \/>\n<meta name=\"twitter:description\" content=\"L&#039;\u00e9cole Sacred Heart de Montr\u00e9al est une \u00e9cole secondaire catholique anglaise pour filles situ\u00e9e au centre-ville de Montr\u00e9al.\" \/>\n<meta name=\"twitter:image\" content=\"https:\/\/www.sacredheart.qc.ca\/wp-content\/uploads\/2024\/03\/DSC_0312.jpg\" \/>\n<meta name=\"twitter:site\" content=\"@TheSHSM\" \/>\n<meta name=\"twitter:label1\" content=\"Dur\u00e9e de lecture estim\u00e9e\" \/>\n\t<meta name=\"twitter:data1\" content=\"3 minutes\" \/>\n<script type=\"application\/ld+json\" class=\"yoast-schema-graph\">{\"@context\":\"https:\\\/\\\/schema.org\",\"@graph\":[{\"@type\":\"WebPage\",\"@id\":\"https:\\\/\\\/www.sacredheart.qc.ca\\\/fr\\\/ressources\\\/carrieres\\\/\",\"url\":\"https:\\\/\\\/www.sacredheart.qc.ca\\\/fr\\\/ressources\\\/carrieres\\\/\",\"name\":\"Carri\u00e8res | La seule \u00e9cole priv\u00e9e catholique anglophone pour filles \u00e0 Montr\u00e9al | L'\u00c9cole Sacr\u00e9-C\u0153ur de Montr\u00e9al\",\"isPartOf\":{\"@id\":\"https:\\\/\\\/www.sacredheart.qc.ca\\\/fr\\\/#website\"},\"primaryImageOfPage\":{\"@id\":\"https:\\\/\\\/www.sacredheart.qc.ca\\\/fr\\\/ressources\\\/carrieres\\\/#primaryimage\"},\"image\":{\"@id\":\"https:\\\/\\\/www.sacredheart.qc.ca\\\/fr\\\/ressources\\\/carrieres\\\/#primaryimage\"},\"thumbnailUrl\":\"https:\\\/\\\/www.sacredheart.qc.ca\\\/wp-content\\\/uploads\\\/2025\\\/04\\\/R62_1098.jpg\",\"datePublished\":\"2021-08-17T21:20:40+00:00\",\"dateModified\":\"2026-04-13T15:01:51+00:00\",\"description\":\"L'\u00c9cole Sacr\u00e9-C\u0153ur de Montr\u00e9al est une seule \u00e9cole secondaire priv\u00e9e catholique anglophone pour filles situ\u00e9e au centre-ville de Montr\u00e9al.\",\"breadcrumb\":{\"@id\":\"https:\\\/\\\/www.sacredheart.qc.ca\\\/fr\\\/ressources\\\/carrieres\\\/#breadcrumb\"},\"inLanguage\":\"fr-FR\",\"potentialAction\":[{\"@type\":\"ReadAction\",\"target\":[\"https:\\\/\\\/www.sacredheart.qc.ca\\\/fr\\\/ressources\\\/carrieres\\\/\"]}]},{\"@type\":\"ImageObject\",\"inLanguage\":\"fr-FR\",\"@id\":\"https:\\\/\\\/www.sacredheart.qc.ca\\\/fr\\\/ressources\\\/carrieres\\\/#primaryimage\",\"url\":\"https:\\\/\\\/www.sacredheart.qc.ca\\\/wp-content\\\/uploads\\\/2025\\\/04\\\/R62_1098.jpg\",\"contentUrl\":\"https:\\\/\\\/www.sacredheart.qc.ca\\\/wp-content\\\/uploads\\\/2025\\\/04\\\/R62_1098.jpg\",\"width\":1344,\"height\":896},{\"@type\":\"BreadcrumbList\",\"@id\":\"https:\\\/\\\/www.sacredheart.qc.ca\\\/fr\\\/ressources\\\/carrieres\\\/#breadcrumb\",\"itemListElement\":[{\"@type\":\"ListItem\",\"position\":1,\"name\":\"Home\",\"item\":\"https:\\\/\\\/www.sacredheart.qc.ca\\\/fr\\\/\"},{\"@type\":\"ListItem\",\"position\":2,\"name\":\"Carri\u00e8res\"}]},{\"@type\":\"WebSite\",\"@id\":\"https:\\\/\\\/www.sacredheart.qc.ca\\\/fr\\\/#website\",\"url\":\"https:\\\/\\\/www.sacredheart.qc.ca\\\/fr\\\/\",\"name\":\"The Sacred Heart School of Montreal\",\"description\":\"Girls Only Private Catholic English High School - 100% Graduation Rate\",\"publisher\":{\"@id\":\"https:\\\/\\\/www.sacredheart.qc.ca\\\/fr\\\/#organization\"},\"alternateName\":\"The Sacred Heart School of Montreal\",\"potentialAction\":[{\"@type\":\"SearchAction\",\"target\":{\"@type\":\"EntryPoint\",\"urlTemplate\":\"https:\\\/\\\/www.sacredheart.qc.ca\\\/fr\\\/?s={search_term_string}\"},\"query-input\":{\"@type\":\"PropertyValueSpecification\",\"valueRequired\":true,\"valueName\":\"search_term_string\"}}],\"inLanguage\":\"fr-FR\"},{\"@type\":\"Organization\",\"@id\":\"https:\\\/\\\/www.sacredheart.qc.ca\\\/fr\\\/#organization\",\"name\":\"The Sacred Heart School of Montreal\",\"url\":\"https:\\\/\\\/www.sacredheart.qc.ca\\\/fr\\\/\",\"logo\":{\"@type\":\"ImageObject\",\"inLanguage\":\"fr-FR\",\"@id\":\"https:\\\/\\\/www.sacredheart.qc.ca\\\/fr\\\/#\\\/schema\\\/logo\\\/image\\\/\",\"url\":\"https:\\\/\\\/www.sacredheart.qc.ca\\\/wp-content\\\/uploads\\\/2021\\\/06\\\/LogoScredHeart.svg\",\"contentUrl\":\"https:\\\/\\\/www.sacredheart.qc.ca\\\/wp-content\\\/uploads\\\/2021\\\/06\\\/LogoScredHeart.svg\",\"width\":\"1024\",\"height\":\"1024\",\"caption\":\"The Sacred Heart School of Montreal\"},\"image\":{\"@id\":\"https:\\\/\\\/www.sacredheart.qc.ca\\\/fr\\\/#\\\/schema\\\/logo\\\/image\\\/\"},\"sameAs\":[\"https:\\\/\\\/www.facebook.com\\\/SacredHeartMontreal\\\/\",\"https:\\\/\\\/x.com\\\/TheSHSM\",\"https:\\\/\\\/www.instagram.com\\\/SacredHeartMontreal\\\/\",\"https:\\\/\\\/www.linkedin.com\\\/school\\\/the-sacred-heart-school-of-montreal\\\/\",\"https:\\\/\\\/www.youtube.com\\\/user\\\/TheSacredHeartSchool\"]}]}<\/script>\n<!-- \/ Yoast SEO plugin. -->","yoast_head_json":{"title":"Carri\u00e8res | La seule \u00e9cole priv\u00e9e catholique anglophone pour filles \u00e0 Montr\u00e9al | L'\u00c9cole Sacr\u00e9-C\u0153ur de Montr\u00e9al","description":"L'\u00c9cole Sacr\u00e9-C\u0153ur de Montr\u00e9al est une seule \u00e9cole secondaire priv\u00e9e catholique anglophone pour filles situ\u00e9e au centre-ville de Montr\u00e9al.","robots":{"index":"index","follow":"follow","max-snippet":"max-snippet:-1","max-image-preview":"max-image-preview:large","max-video-preview":"max-video-preview:-1"},"canonical":"https:\/\/www.sacredheart.qc.ca\/fr\/ressources\/carrieres\/","og_locale":"fr_FR","og_type":"article","og_title":"Carri\u00e8res | L'\u00c9cole Sacr\u00e9-C\u0153ur de Montr\u00e9al","og_description":"L'\u00e9cole Sacred Heart de Montr\u00e9al est une \u00e9cole secondaire catholique anglaise pour filles situ\u00e9e au centre-ville de Montr\u00e9al.","og_url":"https:\/\/www.sacredheart.qc.ca\/fr\/ressources\/carrieres\/","og_site_name":"The Sacred Heart School of Montreal","article_publisher":"https:\/\/www.facebook.com\/SacredHeartMontreal\/","article_modified_time":"2026-04-13T15:01:51+00:00","og_image":[{"width":1344,"height":895,"url":"https:\/\/www.sacredheart.qc.ca\/wp-content\/uploads\/2024\/03\/DSC_0312.jpg","type":"image\/jpeg"}],"twitter_card":"summary_large_image","twitter_title":"Carri\u00e8res | L'\u00c9cole Sacr\u00e9-C\u0153ur de Montr\u00e9al","twitter_description":"L'\u00e9cole Sacred Heart de Montr\u00e9al est une \u00e9cole secondaire catholique anglaise pour filles situ\u00e9e au centre-ville de Montr\u00e9al.","twitter_image":"https:\/\/www.sacredheart.qc.ca\/wp-content\/uploads\/2024\/03\/DSC_0312.jpg","twitter_site":"@TheSHSM","twitter_misc":{"Dur\u00e9e de lecture estim\u00e9e":"3 minutes"},"schema":{"@context":"https:\/\/schema.org","@graph":[{"@type":"WebPage","@id":"https:\/\/www.sacredheart.qc.ca\/fr\/ressources\/carrieres\/","url":"https:\/\/www.sacredheart.qc.ca\/fr\/ressources\/carrieres\/","name":"Carri\u00e8res | La seule \u00e9cole priv\u00e9e catholique anglophone pour filles \u00e0 Montr\u00e9al | L'\u00c9cole Sacr\u00e9-C\u0153ur de Montr\u00e9al","isPartOf":{"@id":"https:\/\/www.sacredheart.qc.ca\/fr\/#website"},"primaryImageOfPage":{"@id":"https:\/\/www.sacredheart.qc.ca\/fr\/ressources\/carrieres\/#primaryimage"},"image":{"@id":"https:\/\/www.sacredheart.qc.ca\/fr\/ressources\/carrieres\/#primaryimage"},"thumbnailUrl":"https:\/\/www.sacredheart.qc.ca\/wp-content\/uploads\/2025\/04\/R62_1098.jpg","datePublished":"2021-08-17T21:20:40+00:00","dateModified":"2026-04-13T15:01:51+00:00","description":"L'\u00c9cole Sacr\u00e9-C\u0153ur de Montr\u00e9al est une seule \u00e9cole secondaire priv\u00e9e catholique anglophone pour filles situ\u00e9e au centre-ville de Montr\u00e9al.","breadcrumb":{"@id":"https:\/\/www.sacredheart.qc.ca\/fr\/ressources\/carrieres\/#breadcrumb"},"inLanguage":"fr-FR","potentialAction":[{"@type":"ReadAction","target":["https:\/\/www.sacredheart.qc.ca\/fr\/ressources\/carrieres\/"]}]},{"@type":"ImageObject","inLanguage":"fr-FR","@id":"https:\/\/www.sacredheart.qc.ca\/fr\/ressources\/carrieres\/#primaryimage","url":"https:\/\/www.sacredheart.qc.ca\/wp-content\/uploads\/2025\/04\/R62_1098.jpg","contentUrl":"https:\/\/www.sacredheart.qc.ca\/wp-content\/uploads\/2025\/04\/R62_1098.jpg","width":1344,"height":896},{"@type":"BreadcrumbList","@id":"https:\/\/www.sacredheart.qc.ca\/fr\/ressources\/carrieres\/#breadcrumb","itemListElement":[{"@type":"ListItem","position":1,"name":"Home","item":"https:\/\/www.sacredheart.qc.ca\/fr\/"},{"@type":"ListItem","position":2,"name":"Carri\u00e8res"}]},{"@type":"WebSite","@id":"https:\/\/www.sacredheart.qc.ca\/fr\/#website","url":"https:\/\/www.sacredheart.qc.ca\/fr\/","name":"The Sacred Heart School of Montreal","description":"Girls Only Private Catholic English High School - 100% Graduation Rate","publisher":{"@id":"https:\/\/www.sacredheart.qc.ca\/fr\/#organization"},"alternateName":"The Sacred Heart School of Montreal","potentialAction":[{"@type":"SearchAction","target":{"@type":"EntryPoint","urlTemplate":"https:\/\/www.sacredheart.qc.ca\/fr\/?s={search_term_string}"},"query-input":{"@type":"PropertyValueSpecification","valueRequired":true,"valueName":"search_term_string"}}],"inLanguage":"fr-FR"},{"@type":"Organization","@id":"https:\/\/www.sacredheart.qc.ca\/fr\/#organization","name":"The Sacred Heart School of Montreal","url":"https:\/\/www.sacredheart.qc.ca\/fr\/","logo":{"@type":"ImageObject","inLanguage":"fr-FR","@id":"https:\/\/www.sacredheart.qc.ca\/fr\/#\/schema\/logo\/image\/","url":"https:\/\/www.sacredheart.qc.ca\/wp-content\/uploads\/2021\/06\/LogoScredHeart.svg","contentUrl":"https:\/\/www.sacredheart.qc.ca\/wp-content\/uploads\/2021\/06\/LogoScredHeart.svg","width":"1024","height":"1024","caption":"The Sacred Heart School of Montreal"},"image":{"@id":"https:\/\/www.sacredheart.qc.ca\/fr\/#\/schema\/logo\/image\/"},"sameAs":["https:\/\/www.facebook.com\/SacredHeartMontreal\/","https:\/\/x.com\/TheSHSM","https:\/\/www.instagram.com\/SacredHeartMontreal\/","https:\/\/www.linkedin.com\/school\/the-sacred-heart-school-of-montreal\/","https:\/\/www.youtube.com\/user\/TheSacredHeartSchool"]}]}},"ticketed":false,"_links":{"self":[{"href":"https:\/\/www.sacredheart.qc.ca\/fr\/wp-json\/wp\/v2\/pages\/17735","targetHints":{"allow":["GET"]}}],"collection":[{"href":"https:\/\/www.sacredheart.qc.ca\/fr\/wp-json\/wp\/v2\/pages"}],"about":[{"href":"https:\/\/www.sacredheart.qc.ca\/fr\/wp-json\/wp\/v2\/types\/page"}],"author":[{"embeddable":true,"href":"https:\/\/www.sacredheart.qc.ca\/fr\/wp-json\/wp\/v2\/users\/6"}],"replies":[{"embeddable":true,"href":"https:\/\/www.sacredheart.qc.ca\/fr\/wp-json\/wp\/v2\/comments?post=17735"}],"version-history":[{"count":0,"href":"https:\/\/www.sacredheart.qc.ca\/fr\/wp-json\/wp\/v2\/pages\/17735\/revisions"}],"wp:featuredmedia":[{"embeddable":true,"href":"https:\/\/www.sacredheart.qc.ca\/fr\/wp-json\/wp\/v2\/media\/20530"}],"wp:attachment":[{"href":"https:\/\/www.sacredheart.qc.ca\/fr\/wp-json\/wp\/v2\/media?parent=17735"}],"curies":[{"name":"wp","href":"https:\/\/api.w.org\/{rel}","templated":true}]}}