{"id":17734,"date":"2023-09-26T11:22:23","date_gmt":"2023-09-26T15:22:23","guid":{"rendered":"https:\/\/www.sacredheart.qc.ca\/?page_id=17734"},"modified":"2024-05-07T15:04:14","modified_gmt":"2024-05-07T19:04:14","slug":"internat-options-grade-12","status":"publish","type":"page","link":"https:\/\/www.sacredheart.qc.ca\/fr\/pensionnat\/options-12e-annee\/","title":{"rendered":"Options d&rsquo;internat (12e ann\u00e9e)"},"content":{"rendered":"\n<h1>\n\t\tPensionnat<br \/>pour la 12e ann\u00e9e\n\t<\/h1>\n<h2>\n\t\tD\u00e9couvrez le pensionnat en 12e ann\u00e9e pour les \u00e9l\u00e8ves domestiques et internationales.\n\t<\/h2>\n<h3>\n\t\t12e ann\u00e9e, le pensionnat du Sacr\u00e9-C\u0153ur de Montr\u00e9al : une famille loin de votre maison\n\t<\/h3>\n\t<p>Choisir l&rsquo;\u00c9cole Sacr\u00e9-C\u0153ur de Montr\u00e9al pour le pensionnat<strong> de la 12e ann\u00e9e d&rsquo;\u00e9tudes<\/strong> est un investissement dans l&rsquo;avenir de votre enfant.<\/p>\n<p>En mettant l&rsquo;accent sur la rigueur acad\u00e9mique, le d\u00e9veloppement holistique et un environnement stimulant, votre enfant sera bien pr\u00e9par\u00e9 pour relever les d\u00e9fis et saisir les opportunit\u00e9s qui l&rsquo;attendent.<\/p>\n<p>Situ\u00e9e au c\u0153ur de Montr\u00e9al, notre r\u00e9sidence est un m\u00e9lange unique de confort, de culture et d&rsquo;excellence acad\u00e9mique.<\/p>\n<p>Que vous soyez une \u00e9tudiante domestique ou internationale, vous pouvez opter pour nos options de pension de 5 jours ou de 7 jours, vous trouverez un v\u00e9ritable foyer loin de chez vous.<\/p>\n<h2>\n\t\tPourquoi choisir le pensionnat du Sacr\u00e9-C\u0153ur ?\n\t<\/h2>\n\t<ul>\n<li><strong>Personnel \u00e0 temps plein sur place :<\/strong> Notre \u00e9quipe d\u00e9vou\u00e9e vit sur place, ce qui garantit une atmosph\u00e8re de s\u00e9curit\u00e9 et de soutien.<\/li>\n<li><strong>Diversit\u00e9 culturelle<\/strong> <strong>:<\/strong> D\u00e9couvrez la richesse de multiples cultures dans l&rsquo;une des villes les plus multiculturelles du Canada.<\/li>\n<\/ul>\n<h2>\n\t\tUn environnement accueillant et moderne\n\t<\/h2>\n\t<ul>\n<li><strong>Installations de buanderie :<\/strong> Vous pouvez vous occuper de vos t\u00e2ches quotidiennes en toute simplicit\u00e9.<\/li>\n<li><strong>Salles communes :<\/strong> Un espace caf\u00e9 confortable dans l&rsquo;une, une vue magnifique sur la ville dans l&rsquo;autre.<\/li>\n<li><strong>Mets cuisin\u00e9s maison et d\u00e9licieux : <\/strong>Nous nous occupons du petit-d\u00e9jeuner, du d\u00eener et des collations.<\/li>\n<li><strong>Occupation double<\/strong> <strong>:<\/strong> Devenez amis pour la vie avec votre colocataire !<\/li>\n<li><strong>Espace de travail :<\/strong> Chaque chambre est \u00e9quip\u00e9e d&rsquo;un bureau, d&rsquo;une chaise ergonomique et d&rsquo;une prise multichargeur.<\/li>\n<li><strong>Rangements :<\/strong> Les tiroirs sous le lit et l&rsquo;armoire offrent un vaste espace de rangement.<\/li>\n<\/ul>\n<h3>\n\t\tActivit\u00e9s apr\u00e8s l&rsquo;\u00e9cole et le week-end\n\t<\/h3>\n\t<p>Sacred Heart propose un large \u00e9ventail d&rsquo;activit\u00e9s parascolaires adapt\u00e9es aux \u00e9l\u00e8ves de 12e ann\u00e9e, con\u00e7ues pour enrichir leur derni\u00e8re ann\u00e9e de lyc\u00e9e, tant sur le plan acad\u00e9mique que sur le plan social.<\/p>\n<p>Nos activit\u00e9s extrascolaires vont des clubs acad\u00e9miques aux ateliers sp\u00e9cialis\u00e9s, offrant des possibilit\u00e9s d&rsquo;\u00e9panouissement intellectuel et de d\u00e9veloppement des comp\u00e9tences.<\/p>\n<p>Le week-end, les \u00e9tudiantes peuvent s&rsquo;immerger dans le paysage culturel dynamique de Montr\u00e9al par le biais d&rsquo;expositions d&rsquo;art, de visites de th\u00e9\u00e2tres et d&rsquo;autres sorties culturelles.<\/p>\n<p>Des \u00e9v\u00e9nements locaux et des excursions sont \u00e9galement organis\u00e9s afin d&rsquo;impliquer les \u00e9tudiantes dans la communaut\u00e9 et de leur offrir des exp\u00e9riences concr\u00e8tes. En outre, divers programmes sportifs sont propos\u00e9s pour promouvoir le bien-\u00eatre physique et le travail d&rsquo;\u00e9quipe.<\/p>\n<h3>\n\t\tFormules de pensionnat pour la 12e ann\u00e9e\n\t<\/h3>\n\t<p>L&rsquo;\u00e9cole du Sacr\u00e9-C\u0153ur de Montr\u00e9al \u00e9tend son programme de pensionnat aux \u00e9l\u00e8ves de 12e ann\u00e9e, offrant deux options de pension sp\u00e9cialis\u00e9es pour r\u00e9pondre aux besoins uniques des \u00e9l\u00e8ves domestiques et internationales.<\/p>\n<p>Pour ceux qui habitent \u00e0 proximit\u00e9 de l&rsquo;\u00e9cole, notre <strong>option pensionnat de 5 jours est un excellent choix<\/strong>.<\/p>\n<p>Ce programme permet aux \u00e9l\u00e8ves de 12e ann\u00e9e de s&rsquo;engager dans un environnement acad\u00e9mique rigoureux pendant les jours de la semaine, tout en passant les week-ends \u00e0 la maison, afin d&rsquo;\u00e9quilibrer la vie scolaire et le temps pass\u00e9 en famille.<\/p>\n<p>Nous proposons \u00e9galement une <strong>exp\u00e9rience de pensionnat compl\u00e8te de 7 jours<\/strong> adapt\u00e9e aux \u00e9tudiantes qui viennent de loin ou internationales.<\/p>\n<p>Ce programme r\u00e9sidentiel \u00e0 temps plein est con\u00e7u pour offrir aux \u00e9l\u00e8ves de 12e ann\u00e9e un parcours \u00e9ducatif immersif, assorti d&rsquo;un soutien scolaire et d&rsquo;une s\u00e9rie d&rsquo;activit\u00e9s parascolaires.<\/p>\n<p>Les deux options de pension sont structur\u00e9es de mani\u00e8re \u00e0 offrir un environnement stimulant sur le plan intellectuel. Ils visent \u00e0 pr\u00e9parer les \u00e9l\u00e8ves de 12e ann\u00e9e aux d\u00e9fis acad\u00e9miques de l&rsquo;enseignement sup\u00e9rieur et au d\u00e9veloppement personnel n\u00e9cessaire \u00e0 l&rsquo;\u00e2ge adulte.<\/p>\n<h2>\n\t\tVous pouvez \u00e9galement \u00eatre int\u00e9ress\u00e9 par\n\t<\/h2>\n\t\t\t<a href=\"https:\/\/www.sacredheart.qc.ca\/fr\/admissions\/exigences-etudiants-internationaux\/\" target=\"_self\" rel=\"noopener\">\n\t\t\t\t\t\t\t\u00c9tudiantes internationales\n\t\t\t<\/a>\n\t\t\t<a href=\"https:\/\/www.sacredheart.qc.ca\/fr\/pedagogie\/12e-annee\/\" target=\"_self\" rel=\"noopener\">\n\t\t\t\t\t\t\t12e ann\u00e9e d&rsquo;\u00e9tudes\n\t\t\t<\/a>\n\t\t\t<a href=\"https:\/\/www.sacredheart.qc.ca\/fr\/admissions\" target=\"_self\" rel=\"noopener\">\n\t\t\t\t\t\t\tS&rsquo;inscrire\n\t\t\t<\/a>\n<h3>\n\t\tT\u00e9l\u00e9charger la brochure dans votre langue\n\t<\/h3>\n\t\t\t\t\t\t<img decoding=\"async\" alt=\"\" src=\"https:\/\/www.sacredheart.qc.ca\/wp-content\/uploads\/2021\/08\/Maya-Bianca-Rosie-blurred-background-16-9-1024x576.jpg\"\/>\n\t\t<h3>Brochure<\/h3>\n\t\t\t<p><strong>Pr\u00e9parer les filles \u00e0 changer le monde<\/strong><\/p>\n<p>La seule \u00e9cole secondaire catholique pour filles \u00e0 Montr\u00e9al<\/p>\n\t\t\t<a href=\"https:\/\/www.sacredheart.qc.ca\/wp-content\/uploads\/2022\/05\/2022-23_English_Grade-7-11-brochure.pdf\" target=\"_blank\" rel=\"noopener\" role=\"button\" aria-label=\"T\u00e9l\u00e9charger la brochure (anglais)\">\n\t\t\t\t\t\t\tT\u00e9l\u00e9charger la brochure (anglais)\n\t\t<\/a>\n\t\t\t\t\t\t<img decoding=\"async\" alt=\"\" src=\"https:\/\/www.sacredheart.qc.ca\/wp-content\/uploads\/2021\/08\/Maya-Bianca-Rosie-blurred-background-16-9-1024x576.jpg\"\/>\n\t\t<h3>\u56fd\u9645\u5b66\u751f\u624b\u518c<\/h3>\n\t\t\t<p><strong>\u57f9\u517b\u6539\u53d8\u4e16\u754c\u7684\u672a\u6765\u5973\u6027<\/strong><\/p>\n<p>\u8499\u7279\u5229\u5c14\u552f\u4e00\u5929\u4e3b\u6559\u5973\u5b50\u4e2d\u5b66<\/p>\n\t\t\t<a href=\"https:\/\/www.sacredheart.qc.ca\/wp-content\/uploads\/2022\/05\/2022-23_Chinese_Grade-7-11-brochure.pdf\" target=\"_blank\" rel=\"noopener\" role=\"button\" aria-label=\"\u56fd\u9645\u5b66\u751f\u624b\u518c\">\n\t\t\t\t\t\t\t\u56fd\u9645\u5b66\u751f\u624b\u518c\n\t\t<\/a>\n\t\t\t\t\t\t<img decoding=\"async\" alt=\"\" src=\"https:\/\/www.sacredheart.qc.ca\/wp-content\/uploads\/2021\/08\/Maya-Bianca-Rosie-blurred-background-16-9-1024x576.jpg\"\/>\n\t\t<h3>Cat\u00e1logo<\/h3>\n\t\t\t<p><strong>Capacitamos a las ni\u00f1as para cambiar el <\/strong><strong>mundo<\/strong><\/p>\n<p>La \u00fanica escuela cat\u00f3lica de mujeres de Montreal<\/p>\n\t\t\t<a href=\"https:\/\/www.sacredheart.qc.ca\/wp-content\/uploads\/2022\/05\/2022-23_Spanish_Grade-7-11-brochure.pdf\" target=\"_blank\" rel=\"noopener\" role=\"button\" aria-label=\"Cat\u00e1logo (en espa\u00f1ol)\">\n\t\t\t\t\t\t\tCat\u00e1logo (en espa\u00f1ol)\n\t\t<\/a>\n<h2>\n\t\tQuestions \u00e0 propos de la 12e ann\u00e9e ?\n\t<\/h2>\n\t<p>Veuillez contacter Mme Stephanie Broadhurst, directrice de la gestion des inscriptions, \u00e0 l&rsquo;adresse suivante<\/p>\n\t<p><a href=\"mailto:admissions@sacredheart.qc.ca\">admissions@sacredheart.qc.ca<\/a><\/p>\n\t<p><strong>T\u00e9l\u00e9phone :<\/strong> +1-514-937-2845 x 114<\/p>\n<p><strong>WeChat :<\/strong> StephB15 | <strong>Whatsapp :<\/strong> +1-514-654-9406<\/p>\n\n","protected":false},"excerpt":{"rendered":"<p>Pensionnatpour la 12e ann\u00e9e D\u00e9couvrez le pensionnat en 12e ann\u00e9e pour les \u00e9l\u00e8ves domestiques et internationales. 12e ann\u00e9e, le pensionnat du Sacr\u00e9-C\u0153ur de Montr\u00e9al : une famille loin de votre&hellip;<\/p>\n","protected":false},"author":6,"featured_media":0,"parent":0,"menu_order":32,"comment_status":"closed","ping_status":"closed","template":"","meta":{"_acf_changed":false,"inline_featured_image":false,"_price":"","_stock":"","_tribe_ticket_header":"","_tribe_default_ticket_provider":"","_tribe_ticket_capacity":"0","_ticket_start_date":"","_ticket_end_date":"","_tribe_ticket_show_description":"","_tribe_ticket_show_not_going":false,"_tribe_ticket_use_global_stock":"","_tribe_ticket_global_stock_level":"","_global_stock_mode":"","_global_stock_cap":"","_tribe_rsvp_for_event":"","_tribe_ticket_going_count":"","_tribe_ticket_not_going_count":"","_tribe_tickets_list":"[]","_tribe_ticket_has_attendee_info_fields":false,"footnotes":"","_tec_slr_enabled":"","_tec_slr_layout":""},"class_list":["post-17734","page","type-page","status-publish","hentry"],"acf":[],"yoast_head":"<!-- This site is optimized with the Yoast SEO plugin v27.5 - https:\/\/yoast.com\/product\/yoast-seo-wordpress\/ -->\n<title>Options d&#039;internat (12e ann\u00e9e) | La seule \u00e9cole priv\u00e9e catholique anglophone pour filles \u00e0 Montr\u00e9al | L&#039;\u00c9cole Sacr\u00e9-C\u0153ur de Montr\u00e9al<\/title>\n<meta name=\"description\" content=\"D\u00e9couvrez les options d&#039;internat pour les \u00e9l\u00e8ves de 12e ann\u00e9e \u00e0 la seule \u00e9cole priv\u00e9e catholique anglophone pour filles \u00e0 Montr\u00e9al : l&#039;\u00e9cole Sacr\u00e9-C\u0153ur.\" \/>\n<meta name=\"robots\" content=\"index, follow, max-snippet:-1, max-image-preview:large, max-video-preview:-1\" \/>\n<link rel=\"canonical\" href=\"https:\/\/www.sacredheart.qc.ca\/fr\/pensionnat\/options-12e-annee\/\" \/>\n<meta property=\"og:locale\" content=\"fr_FR\" \/>\n<meta property=\"og:type\" content=\"article\" \/>\n<meta property=\"og:title\" content=\"Options d&#039;internat (12e ann\u00e9e) | La seule \u00e9cole priv\u00e9e catholique anglophone pour filles \u00e0 Montr\u00e9al | L&#039;\u00c9cole Sacr\u00e9-C\u0153ur de Montr\u00e9al\" \/>\n<meta property=\"og:description\" content=\"D\u00e9couvrez les options d&#039;internat pour les \u00e9l\u00e8ves de 12e ann\u00e9e \u00e0 la seule \u00e9cole priv\u00e9e catholique anglophone pour filles \u00e0 Montr\u00e9al : l&#039;\u00e9cole Sacr\u00e9-C\u0153ur.\" \/>\n<meta property=\"og:url\" content=\"https:\/\/www.sacredheart.qc.ca\/fr\/pensionnat\/options-12e-annee\/\" \/>\n<meta property=\"og:site_name\" content=\"The Sacred Heart School of Montreal\" \/>\n<meta property=\"article:publisher\" content=\"https:\/\/www.facebook.com\/SacredHeartMontreal\/\" \/>\n<meta property=\"article:modified_time\" content=\"2024-05-07T19:04:14+00:00\" \/>\n<meta property=\"og:image\" content=\"https:\/\/www.sacredheart.qc.ca\/wp-content\/uploads\/2021\/08\/Maya-Bianca-Rosie-blurred-background-16-9-1024x576.jpg\" \/>\n<meta name=\"twitter:card\" content=\"summary_large_image\" \/>\n<meta name=\"twitter:site\" content=\"@TheSHSM\" \/>\n<meta name=\"twitter:label1\" content=\"Dur\u00e9e de lecture estim\u00e9e\" \/>\n\t<meta name=\"twitter:data1\" content=\"4 minutes\" \/>\n<script type=\"application\/ld+json\" class=\"yoast-schema-graph\">{\"@context\":\"https:\\\/\\\/schema.org\",\"@graph\":[{\"@type\":\"WebPage\",\"@id\":\"https:\\\/\\\/www.sacredheart.qc.ca\\\/fr\\\/pensionnat\\\/options-12e-annee\\\/\",\"url\":\"https:\\\/\\\/www.sacredheart.qc.ca\\\/fr\\\/pensionnat\\\/options-12e-annee\\\/\",\"name\":\"Options d'internat (12e ann\u00e9e) | La seule \u00e9cole priv\u00e9e catholique anglophone pour filles \u00e0 Montr\u00e9al | L'\u00c9cole Sacr\u00e9-C\u0153ur de Montr\u00e9al\",\"isPartOf\":{\"@id\":\"https:\\\/\\\/www.sacredheart.qc.ca\\\/fr\\\/#website\"},\"primaryImageOfPage\":{\"@id\":\"https:\\\/\\\/www.sacredheart.qc.ca\\\/fr\\\/pensionnat\\\/options-12e-annee\\\/#primaryimage\"},\"image\":{\"@id\":\"https:\\\/\\\/www.sacredheart.qc.ca\\\/fr\\\/pensionnat\\\/options-12e-annee\\\/#primaryimage\"},\"thumbnailUrl\":\"https:\\\/\\\/www.sacredheart.qc.ca\\\/wp-content\\\/uploads\\\/2021\\\/08\\\/Maya-Bianca-Rosie-blurred-background-16-9-1024x576.jpg\",\"datePublished\":\"2023-09-26T15:22:23+00:00\",\"dateModified\":\"2024-05-07T19:04:14+00:00\",\"description\":\"D\u00e9couvrez les options d'internat pour les \u00e9l\u00e8ves de 12e ann\u00e9e \u00e0 la seule \u00e9cole priv\u00e9e catholique anglophone pour filles \u00e0 Montr\u00e9al : l'\u00e9cole Sacr\u00e9-C\u0153ur.\",\"breadcrumb\":{\"@id\":\"https:\\\/\\\/www.sacredheart.qc.ca\\\/fr\\\/pensionnat\\\/options-12e-annee\\\/#breadcrumb\"},\"inLanguage\":\"fr-FR\",\"potentialAction\":[{\"@type\":\"ReadAction\",\"target\":[\"https:\\\/\\\/www.sacredheart.qc.ca\\\/fr\\\/pensionnat\\\/options-12e-annee\\\/\"]}]},{\"@type\":\"ImageObject\",\"inLanguage\":\"fr-FR\",\"@id\":\"https:\\\/\\\/www.sacredheart.qc.ca\\\/fr\\\/pensionnat\\\/options-12e-annee\\\/#primaryimage\",\"url\":\"https:\\\/\\\/www.sacredheart.qc.ca\\\/wp-content\\\/uploads\\\/2021\\\/08\\\/Maya-Bianca-Rosie-blurred-background-16-9-1024x576.jpg\",\"contentUrl\":\"https:\\\/\\\/www.sacredheart.qc.ca\\\/wp-content\\\/uploads\\\/2021\\\/08\\\/Maya-Bianca-Rosie-blurred-background-16-9-1024x576.jpg\"},{\"@type\":\"BreadcrumbList\",\"@id\":\"https:\\\/\\\/www.sacredheart.qc.ca\\\/fr\\\/pensionnat\\\/options-12e-annee\\\/#breadcrumb\",\"itemListElement\":[{\"@type\":\"ListItem\",\"position\":1,\"name\":\"Home\",\"item\":\"https:\\\/\\\/www.sacredheart.qc.ca\\\/fr\\\/\"},{\"@type\":\"ListItem\",\"position\":2,\"name\":\"Options d&#8217;internat (12e ann\u00e9e)\"}]},{\"@type\":\"WebSite\",\"@id\":\"https:\\\/\\\/www.sacredheart.qc.ca\\\/fr\\\/#website\",\"url\":\"https:\\\/\\\/www.sacredheart.qc.ca\\\/fr\\\/\",\"name\":\"The Sacred Heart School of Montreal\",\"description\":\"Girls Only Private Catholic English High School - 100% Graduation Rate\",\"publisher\":{\"@id\":\"https:\\\/\\\/www.sacredheart.qc.ca\\\/fr\\\/#organization\"},\"alternateName\":\"The Sacred Heart School of Montreal\",\"potentialAction\":[{\"@type\":\"SearchAction\",\"target\":{\"@type\":\"EntryPoint\",\"urlTemplate\":\"https:\\\/\\\/www.sacredheart.qc.ca\\\/fr\\\/?s={search_term_string}\"},\"query-input\":{\"@type\":\"PropertyValueSpecification\",\"valueRequired\":true,\"valueName\":\"search_term_string\"}}],\"inLanguage\":\"fr-FR\"},{\"@type\":\"Organization\",\"@id\":\"https:\\\/\\\/www.sacredheart.qc.ca\\\/fr\\\/#organization\",\"name\":\"The Sacred Heart School of Montreal\",\"url\":\"https:\\\/\\\/www.sacredheart.qc.ca\\\/fr\\\/\",\"logo\":{\"@type\":\"ImageObject\",\"inLanguage\":\"fr-FR\",\"@id\":\"https:\\\/\\\/www.sacredheart.qc.ca\\\/fr\\\/#\\\/schema\\\/logo\\\/image\\\/\",\"url\":\"https:\\\/\\\/www.sacredheart.qc.ca\\\/wp-content\\\/uploads\\\/2021\\\/06\\\/LogoScredHeart.svg\",\"contentUrl\":\"https:\\\/\\\/www.sacredheart.qc.ca\\\/wp-content\\\/uploads\\\/2021\\\/06\\\/LogoScredHeart.svg\",\"width\":\"1024\",\"height\":\"1024\",\"caption\":\"The Sacred Heart School of Montreal\"},\"image\":{\"@id\":\"https:\\\/\\\/www.sacredheart.qc.ca\\\/fr\\\/#\\\/schema\\\/logo\\\/image\\\/\"},\"sameAs\":[\"https:\\\/\\\/www.facebook.com\\\/SacredHeartMontreal\\\/\",\"https:\\\/\\\/x.com\\\/TheSHSM\",\"https:\\\/\\\/www.instagram.com\\\/SacredHeartMontreal\\\/\",\"https:\\\/\\\/www.linkedin.com\\\/school\\\/the-sacred-heart-school-of-montreal\\\/\",\"https:\\\/\\\/www.youtube.com\\\/user\\\/TheSacredHeartSchool\"]}]}<\/script>\n<!-- \/ Yoast SEO plugin. -->","yoast_head_json":{"title":"Options d'internat (12e ann\u00e9e) | La seule \u00e9cole priv\u00e9e catholique anglophone pour filles \u00e0 Montr\u00e9al | L'\u00c9cole Sacr\u00e9-C\u0153ur de Montr\u00e9al","description":"D\u00e9couvrez les options d'internat pour les \u00e9l\u00e8ves de 12e ann\u00e9e \u00e0 la seule \u00e9cole priv\u00e9e catholique anglophone pour filles \u00e0 Montr\u00e9al : l'\u00e9cole Sacr\u00e9-C\u0153ur.","robots":{"index":"index","follow":"follow","max-snippet":"max-snippet:-1","max-image-preview":"max-image-preview:large","max-video-preview":"max-video-preview:-1"},"canonical":"https:\/\/www.sacredheart.qc.ca\/fr\/pensionnat\/options-12e-annee\/","og_locale":"fr_FR","og_type":"article","og_title":"Options d'internat (12e ann\u00e9e) | La seule \u00e9cole priv\u00e9e catholique anglophone pour filles \u00e0 Montr\u00e9al | L'\u00c9cole Sacr\u00e9-C\u0153ur de Montr\u00e9al","og_description":"D\u00e9couvrez les options d'internat pour les \u00e9l\u00e8ves de 12e ann\u00e9e \u00e0 la seule \u00e9cole priv\u00e9e catholique anglophone pour filles \u00e0 Montr\u00e9al : l'\u00e9cole Sacr\u00e9-C\u0153ur.","og_url":"https:\/\/www.sacredheart.qc.ca\/fr\/pensionnat\/options-12e-annee\/","og_site_name":"The Sacred Heart School of Montreal","article_publisher":"https:\/\/www.facebook.com\/SacredHeartMontreal\/","article_modified_time":"2024-05-07T19:04:14+00:00","og_image":[{"url":"https:\/\/www.sacredheart.qc.ca\/wp-content\/uploads\/2021\/08\/Maya-Bianca-Rosie-blurred-background-16-9-1024x576.jpg","type":"","width":"","height":""}],"twitter_card":"summary_large_image","twitter_site":"@TheSHSM","twitter_misc":{"Dur\u00e9e de lecture estim\u00e9e":"4 minutes"},"schema":{"@context":"https:\/\/schema.org","@graph":[{"@type":"WebPage","@id":"https:\/\/www.sacredheart.qc.ca\/fr\/pensionnat\/options-12e-annee\/","url":"https:\/\/www.sacredheart.qc.ca\/fr\/pensionnat\/options-12e-annee\/","name":"Options d'internat (12e ann\u00e9e) | La seule \u00e9cole priv\u00e9e catholique anglophone pour filles \u00e0 Montr\u00e9al | L'\u00c9cole Sacr\u00e9-C\u0153ur de Montr\u00e9al","isPartOf":{"@id":"https:\/\/www.sacredheart.qc.ca\/fr\/#website"},"primaryImageOfPage":{"@id":"https:\/\/www.sacredheart.qc.ca\/fr\/pensionnat\/options-12e-annee\/#primaryimage"},"image":{"@id":"https:\/\/www.sacredheart.qc.ca\/fr\/pensionnat\/options-12e-annee\/#primaryimage"},"thumbnailUrl":"https:\/\/www.sacredheart.qc.ca\/wp-content\/uploads\/2021\/08\/Maya-Bianca-Rosie-blurred-background-16-9-1024x576.jpg","datePublished":"2023-09-26T15:22:23+00:00","dateModified":"2024-05-07T19:04:14+00:00","description":"D\u00e9couvrez les options d'internat pour les \u00e9l\u00e8ves de 12e ann\u00e9e \u00e0 la seule \u00e9cole priv\u00e9e catholique anglophone pour filles \u00e0 Montr\u00e9al : l'\u00e9cole Sacr\u00e9-C\u0153ur.","breadcrumb":{"@id":"https:\/\/www.sacredheart.qc.ca\/fr\/pensionnat\/options-12e-annee\/#breadcrumb"},"inLanguage":"fr-FR","potentialAction":[{"@type":"ReadAction","target":["https:\/\/www.sacredheart.qc.ca\/fr\/pensionnat\/options-12e-annee\/"]}]},{"@type":"ImageObject","inLanguage":"fr-FR","@id":"https:\/\/www.sacredheart.qc.ca\/fr\/pensionnat\/options-12e-annee\/#primaryimage","url":"https:\/\/www.sacredheart.qc.ca\/wp-content\/uploads\/2021\/08\/Maya-Bianca-Rosie-blurred-background-16-9-1024x576.jpg","contentUrl":"https:\/\/www.sacredheart.qc.ca\/wp-content\/uploads\/2021\/08\/Maya-Bianca-Rosie-blurred-background-16-9-1024x576.jpg"},{"@type":"BreadcrumbList","@id":"https:\/\/www.sacredheart.qc.ca\/fr\/pensionnat\/options-12e-annee\/#breadcrumb","itemListElement":[{"@type":"ListItem","position":1,"name":"Home","item":"https:\/\/www.sacredheart.qc.ca\/fr\/"},{"@type":"ListItem","position":2,"name":"Options d&#8217;internat (12e ann\u00e9e)"}]},{"@type":"WebSite","@id":"https:\/\/www.sacredheart.qc.ca\/fr\/#website","url":"https:\/\/www.sacredheart.qc.ca\/fr\/","name":"The Sacred Heart School of Montreal","description":"Girls Only Private Catholic English High School - 100% Graduation Rate","publisher":{"@id":"https:\/\/www.sacredheart.qc.ca\/fr\/#organization"},"alternateName":"The Sacred Heart School of Montreal","potentialAction":[{"@type":"SearchAction","target":{"@type":"EntryPoint","urlTemplate":"https:\/\/www.sacredheart.qc.ca\/fr\/?s={search_term_string}"},"query-input":{"@type":"PropertyValueSpecification","valueRequired":true,"valueName":"search_term_string"}}],"inLanguage":"fr-FR"},{"@type":"Organization","@id":"https:\/\/www.sacredheart.qc.ca\/fr\/#organization","name":"The Sacred Heart School of Montreal","url":"https:\/\/www.sacredheart.qc.ca\/fr\/","logo":{"@type":"ImageObject","inLanguage":"fr-FR","@id":"https:\/\/www.sacredheart.qc.ca\/fr\/#\/schema\/logo\/image\/","url":"https:\/\/www.sacredheart.qc.ca\/wp-content\/uploads\/2021\/06\/LogoScredHeart.svg","contentUrl":"https:\/\/www.sacredheart.qc.ca\/wp-content\/uploads\/2021\/06\/LogoScredHeart.svg","width":"1024","height":"1024","caption":"The Sacred Heart School of Montreal"},"image":{"@id":"https:\/\/www.sacredheart.qc.ca\/fr\/#\/schema\/logo\/image\/"},"sameAs":["https:\/\/www.facebook.com\/SacredHeartMontreal\/","https:\/\/x.com\/TheSHSM","https:\/\/www.instagram.com\/SacredHeartMontreal\/","https:\/\/www.linkedin.com\/school\/the-sacred-heart-school-of-montreal\/","https:\/\/www.youtube.com\/user\/TheSacredHeartSchool"]}]}},"ticketed":false,"_links":{"self":[{"href":"https:\/\/www.sacredheart.qc.ca\/fr\/wp-json\/wp\/v2\/pages\/17734","targetHints":{"allow":["GET"]}}],"collection":[{"href":"https:\/\/www.sacredheart.qc.ca\/fr\/wp-json\/wp\/v2\/pages"}],"about":[{"href":"https:\/\/www.sacredheart.qc.ca\/fr\/wp-json\/wp\/v2\/types\/page"}],"author":[{"embeddable":true,"href":"https:\/\/www.sacredheart.qc.ca\/fr\/wp-json\/wp\/v2\/users\/6"}],"replies":[{"embeddable":true,"href":"https:\/\/www.sacredheart.qc.ca\/fr\/wp-json\/wp\/v2\/comments?post=17734"}],"version-history":[{"count":0,"href":"https:\/\/www.sacredheart.qc.ca\/fr\/wp-json\/wp\/v2\/pages\/17734\/revisions"}],"wp:attachment":[{"href":"https:\/\/www.sacredheart.qc.ca\/fr\/wp-json\/wp\/v2\/media?parent=17734"}],"curies":[{"name":"wp","href":"https:\/\/api.w.org\/{rel}","templated":true}]}}