{"id":17729,"date":"2023-09-25T16:43:57","date_gmt":"2023-09-25T20:43:57","guid":{"rendered":"https:\/\/www.sacredheart.qc.ca\/?page_id=17729"},"modified":"2026-04-10T09:11:56","modified_gmt":"2026-04-10T13:11:56","slug":"internat-options-1-5","status":"publish","type":"page","link":"https:\/\/www.sacredheart.qc.ca\/fr\/pensionnat\/options-secondaire-1-5\/","title":{"rendered":"Options d&rsquo;internat (sec. I \u00e0 V)"},"content":{"rendered":"\n<h1>\n\t\t\tLe pensionnat pour les \u00e9l\u00e8ves du secondaire I \u00e0 V\t<\/h1>\n<h2>\n\t\t\tEn savoir plus sur les diff\u00e9rentes options de pensionnat pour les \u00e9tudiantes domestiques et internationales.\t<\/h2>\n<h2>\n\t\t\tLe pensionnat pendant le secondaire : un chez-soi loin de chez soi\t<\/h2>\n\t<p>Choisir l&rsquo;\u00c9cole Sacr\u00e9-C\u0153ur de Montr\u00e9al pour le pensionnat du secondaire I \u00e0 la V est un investissement dans l&rsquo;avenir de votre enfant.<\/p>\n<p>En mettant l&rsquo;accent sur la rigueur acad\u00e9mique, le d\u00e9veloppement holistique et un environnement stimulant, votre enfant sera bien pr\u00e9par\u00e9 pour relever les d\u00e9fis et saisir les opportunit\u00e9s qui l&rsquo;attendent.<\/p>\n<p>Situ\u00e9e au c\u0153ur de Montr\u00e9al, notre r\u00e9sidence est un m\u00e9lange unique de confort, de culture et d&rsquo;excellence acad\u00e9mique.<\/p>\n<p>Que vous soyez une \u00e9tudiante domestique ou internationale, notre programme de pensionnat de 7 jours est un v\u00e9ritable foyer loin de chez vous. Les \u00e9tudiantes domestiques peuvent \u00e9galement choisir notre option de pensionnat de 5 jours.<\/p>\n<h2>\n\t\t\tPourquoi choisir le pensionnat du Sacr\u00e9-C\u0153ur ?\t<\/h2>\n\t<ul>\n<li><strong>Personnel \u00e0 temps plein sur place :<\/strong> Notre \u00e9quipe d\u00e9vou\u00e9e vit sur place, ce qui garantit une atmosph\u00e8re de s\u00e9curit\u00e9 et de soutien.<\/li>\n<li><strong>Diversit\u00e9 culturelle :<\/strong> D\u00e9couvrez la richesse de multiples cultures dans l&rsquo;une des villes les plus multiculturelles du Canada.<\/li>\n<\/ul>\n<h2>\n\t\t\tUn environnement accueillant et moderne\t<\/h2>\n\t<ul>\n<li><strong>Installations de buanderie :<\/strong> Vous pouvez vous occuper de vos t\u00e2ches quotidiennes en toute simplicit\u00e9.<\/li>\n<li><strong>Salles communes :<\/strong> Un espace caf\u00e9 confortable dans l&rsquo;une, une vue magnifique sur la ville dans l&rsquo;autre.<\/li>\n<li><strong>Mets cuisin\u00e9s maison et d\u00e9licieux : <\/strong>Nous nous occupons du petit-d\u00e9jeuner, du d\u00eener et des collations.<\/li>\n<li><strong>Occupation double<\/strong> <strong>:<\/strong> Devenez amis pour la vie avec votre colocataire !<\/li>\n<li><strong>Espace de travail :<\/strong> Chaque chambre est \u00e9quip\u00e9e d&rsquo;un bureau, d&rsquo;une chaise ergonomique et d&rsquo;une prise multichargeur.<\/li>\n<li><strong>Rangements :<\/strong> Les tiroirs sous le lit et l&rsquo;armoire offrent un vaste espace de rangement.<\/li>\n<\/ul>\n<h2>\n\t\t\tActivit\u00e9s apr\u00e8s l&rsquo;\u00e9cole et le week-end\t<\/h2>\n\t<p>Le Sacr\u00e9-C\u0153ur propose un large \u00e9ventail d&rsquo;activit\u00e9s parascolaires, allant des rencontres sociales de fin de semaine ax\u00e9es sur les arts et la culture, \u00e0 l&rsquo;exploitation de l&rsquo;offre urbaine anim\u00e9e de Montr\u00e9al.<\/p>\n<p>Des excursions \u00e0 des f\u00eates locales, des activit\u00e9s sportives et une foule d&rsquo;autres exp\u00e9riences compl\u00e8tent notre programme complet. <a href=\"https:\/\/www.sacredheart.qc.ca\/wp-content\/uploads\/2026\/04\/Boarding-Highlights-16.pdf\" target=\"_blank\" rel=\"noopener\">D\u00e9couvrez les derni\u00e8res activit\u00e9s<\/a>.<\/p>\n<h2>\n\t\t\tOptions de pensionnat pour les \u00e9l\u00e8ves du secondaire I \u00e0 V\t<\/h2>\n\t<p>L&rsquo;\u00c9cole Sacr\u00e9-C\u0153ur de Montr\u00e9al offre deux options de pension distinctes pour r\u00e9pondre aux divers besoins des \u00e9l\u00e8ves domestiques et internationales.<\/p>\n<p>Plus pr\u00e9cis\u00e9ment, nous proposons une <strong>option de pension de 5 jours<\/strong>, id\u00e9ale pour les \u00e9l\u00e8ves qui r\u00e9sident relativement pr\u00e8s de l&rsquo;\u00e9cole et qui souhaitent passer les week-ends \u00e0 la maison.<\/p>\n<p>En outre, nous proposons une <strong>option de pension de 7 jours<\/strong> con\u00e7ue pour les \u00e9tudiantes qui viennent de loin, y compris les \u00e9tudiantes internationales, et qui pr\u00e9f\u00e8rent vivre une exp\u00e9rience r\u00e9sidentielle \u00e0 temps plein.<\/p>\n<p>Les deux options visent \u00e0 fournir un environnement favorable et enrichissant, propice au d\u00e9veloppement acad\u00e9mique et personnel.<\/p>\n<h2>\n\t\t\tLaissez nos ambassadeurs \u00e9tudiantes vous faire d\u00e9couvrir notre \u00e9cole lors d&rsquo;une visite virtuelle dans la vid\u00e9o ci-dessous !\t<\/h2>\n\t\t<iframe loading=\"lazy\" width=\"560\" height=\"315\" src=\"https:\/\/www.youtube.com\/embed\/3cxixFeagPw?si=wZi9kij6JyA0Wq4i\" title=\"YouTube video player\" frameborder=\"0\" allow=\"accelerometer; autoplay; clipboard-write; encrypted-media; gyroscope; picture-in-picture; web-share\" referrerpolicy=\"strict-origin-when-cross-origin\" allowfullscreen><\/iframe>\t\n<h2>\n\t\t\tVous pouvez \u00e9galement \u00eatre int\u00e9ress\u00e9 par\t<\/h2>\n\t\t\t<a href=\"https:\/\/www.sacredheart.qc.ca\/fr\/admissions\/exigences-etudiants-internationaux\/\"  target=\"_self\">\n\t\t\t\t\t\t\t\u00c9tudiantes internationales\n\t\t\t<\/a>\n\t\t\t<a href=\"https:\/\/www.sacredheart.qc.ca\/fr\/admissions\/frais-scolarite-aide-financiere\/\"  target=\"_self\">\n\t\t\t\t\t\t\tDroits de scolarit\u00e9 et aide financi\u00e8re\n\t\t\t<\/a>\n\t\t\t<a href=\"https:\/\/www.sacredheart.qc.ca\/fr\/admissions\"  target=\"_self\">\n\t\t\t\t\t\t\tS&rsquo;inscrire\n\t\t\t<\/a>\n<h2>\n\t\t\tDes questions sur le pensionnat ?\t<\/h2>\n\t<p>Veuillez contacter Mme Stephanie Broadhurst, directrice de la gestion des inscriptions, \u00e0 l&rsquo;adresse suivante<\/p>\n\t<p><a href=\"mailto:admissions@sacredheart.qc.ca\">admissions@sacredheart.qc.ca<\/a><\/p>\n\t<p><strong>T\u00e9l\u00e9phone :<\/strong> +1-514-937-2845 x 114<\/p>\n<p><strong>WeChat :<\/strong> StephB15 | <strong>Whatsapp :<\/strong> +1-514-654-9406<\/p>\n\n","protected":false},"excerpt":{"rendered":"<p>Le pensionnat pour les \u00e9l\u00e8ves du secondaire I \u00e0 V En savoir plus sur les diff\u00e9rentes options de pensionnat pour les \u00e9tudiantes domestiques et internationales. Le pensionnat pendant le secondaire&hellip;<\/p>\n","protected":false},"author":6,"featured_media":0,"parent":0,"menu_order":33,"comment_status":"closed","ping_status":"closed","template":"","meta":{"_acf_changed":false,"inline_featured_image":false,"_price":"","_stock":"","_tribe_ticket_header":"","_tribe_default_ticket_provider":"","_tribe_ticket_capacity":"0","_ticket_start_date":"","_ticket_end_date":"","_tribe_ticket_show_description":"","_tribe_ticket_show_not_going":false,"_tribe_ticket_use_global_stock":"","_tribe_ticket_global_stock_level":"","_global_stock_mode":"","_global_stock_cap":"","_tribe_rsvp_for_event":"","_tribe_ticket_going_count":"","_tribe_ticket_not_going_count":"","_tribe_tickets_list":"[]","_tribe_ticket_has_attendee_info_fields":false,"footnotes":"","_tec_slr_enabled":"","_tec_slr_layout":""},"class_list":["post-17729","page","type-page","status-publish","hentry"],"acf":[],"yoast_head":"<!-- This site is optimized with the Yoast SEO plugin v27.3 - https:\/\/yoast.com\/product\/yoast-seo-wordpress\/ -->\n<title>Options d&#039;internat (sec. I \u00e0 V) | La seule \u00e9cole priv\u00e9e catholique anglophone pour filles \u00e0 Montr\u00e9al | L&#039;\u00c9cole Sacr\u00e9-C\u0153ur de Montr\u00e9al<\/title>\n<meta name=\"description\" content=\"D\u00e9couvrez les options d&#039;internat pour les \u00e9l\u00e8ves de la 7e \u00e0 la 11e ann\u00e9e de la seule \u00e9cole priv\u00e9e catholique anglophone pour filles \u00e0 Montr\u00e9al : l&#039;\u00e9cole Sacr\u00e9-C\u0153ur.\" \/>\n<meta name=\"robots\" content=\"index, follow, max-snippet:-1, max-image-preview:large, max-video-preview:-1\" \/>\n<link rel=\"canonical\" href=\"https:\/\/www.sacredheart.qc.ca\/fr\/pensionnat\/options-secondaire-1-5\/\" \/>\n<meta property=\"og:locale\" content=\"fr_FR\" \/>\n<meta property=\"og:type\" content=\"article\" \/>\n<meta property=\"og:title\" content=\"Options d&#039;internat (sec. I \u00e0 V) | La seule \u00e9cole priv\u00e9e catholique anglophone pour filles \u00e0 Montr\u00e9al | L&#039;\u00c9cole Sacr\u00e9-C\u0153ur de Montr\u00e9al\" \/>\n<meta property=\"og:description\" content=\"D\u00e9couvrez les options d&#039;internat pour les \u00e9l\u00e8ves de la 7e \u00e0 la 11e ann\u00e9e de la seule \u00e9cole priv\u00e9e catholique anglophone pour filles \u00e0 Montr\u00e9al : l&#039;\u00e9cole Sacr\u00e9-C\u0153ur.\" \/>\n<meta property=\"og:url\" content=\"https:\/\/www.sacredheart.qc.ca\/fr\/pensionnat\/options-secondaire-1-5\/\" \/>\n<meta property=\"og:site_name\" content=\"The Sacred Heart School of Montreal\" \/>\n<meta property=\"article:publisher\" content=\"https:\/\/www.facebook.com\/SacredHeartMontreal\/\" \/>\n<meta property=\"article:modified_time\" content=\"2026-04-10T13:11:56+00:00\" \/>\n<meta property=\"og:image\" content=\"https:\/\/www.sacredheart.qc.ca\/wp-content\/uploads\/2021\/08\/LogoScredHeart-social.png\" \/>\n\t<meta property=\"og:image:width\" content=\"1557\" \/>\n\t<meta property=\"og:image:height\" content=\"645\" \/>\n\t<meta property=\"og:image:type\" content=\"image\/png\" \/>\n<meta name=\"twitter:card\" content=\"summary_large_image\" \/>\n<meta name=\"twitter:site\" content=\"@TheSHSM\" \/>\n<meta name=\"twitter:label1\" content=\"Dur\u00e9e de lecture estim\u00e9e\" \/>\n\t<meta name=\"twitter:data1\" content=\"3 minutes\" \/>\n<script type=\"application\/ld+json\" class=\"yoast-schema-graph\">{\"@context\":\"https:\\\/\\\/schema.org\",\"@graph\":[{\"@type\":\"WebPage\",\"@id\":\"https:\\\/\\\/www.sacredheart.qc.ca\\\/fr\\\/pensionnat\\\/options-secondaire-1-5\\\/\",\"url\":\"https:\\\/\\\/www.sacredheart.qc.ca\\\/fr\\\/pensionnat\\\/options-secondaire-1-5\\\/\",\"name\":\"Options d'internat (sec. I \u00e0 V) | La seule \u00e9cole priv\u00e9e catholique anglophone pour filles \u00e0 Montr\u00e9al | L'\u00c9cole Sacr\u00e9-C\u0153ur de Montr\u00e9al\",\"isPartOf\":{\"@id\":\"https:\\\/\\\/www.sacredheart.qc.ca\\\/fr\\\/#website\"},\"datePublished\":\"2023-09-25T20:43:57+00:00\",\"dateModified\":\"2026-04-10T13:11:56+00:00\",\"description\":\"D\u00e9couvrez les options d'internat pour les \u00e9l\u00e8ves de la 7e \u00e0 la 11e ann\u00e9e de la seule \u00e9cole priv\u00e9e catholique anglophone pour filles \u00e0 Montr\u00e9al : l'\u00e9cole Sacr\u00e9-C\u0153ur.\",\"breadcrumb\":{\"@id\":\"https:\\\/\\\/www.sacredheart.qc.ca\\\/fr\\\/pensionnat\\\/options-secondaire-1-5\\\/#breadcrumb\"},\"inLanguage\":\"fr-FR\",\"potentialAction\":[{\"@type\":\"ReadAction\",\"target\":[\"https:\\\/\\\/www.sacredheart.qc.ca\\\/fr\\\/pensionnat\\\/options-secondaire-1-5\\\/\"]}]},{\"@type\":\"BreadcrumbList\",\"@id\":\"https:\\\/\\\/www.sacredheart.qc.ca\\\/fr\\\/pensionnat\\\/options-secondaire-1-5\\\/#breadcrumb\",\"itemListElement\":[{\"@type\":\"ListItem\",\"position\":1,\"name\":\"Home\",\"item\":\"https:\\\/\\\/www.sacredheart.qc.ca\\\/fr\\\/\"},{\"@type\":\"ListItem\",\"position\":2,\"name\":\"Options d&rsquo;internat (sec. I \u00e0 V)\"}]},{\"@type\":\"WebSite\",\"@id\":\"https:\\\/\\\/www.sacredheart.qc.ca\\\/fr\\\/#website\",\"url\":\"https:\\\/\\\/www.sacredheart.qc.ca\\\/fr\\\/\",\"name\":\"The Sacred Heart School of Montreal\",\"description\":\"Girls Only Private Catholic English High School - 100% Graduation Rate\",\"publisher\":{\"@id\":\"https:\\\/\\\/www.sacredheart.qc.ca\\\/fr\\\/#organization\"},\"alternateName\":\"The Sacred Heart School of Montreal\",\"potentialAction\":[{\"@type\":\"SearchAction\",\"target\":{\"@type\":\"EntryPoint\",\"urlTemplate\":\"https:\\\/\\\/www.sacredheart.qc.ca\\\/fr\\\/?s={search_term_string}\"},\"query-input\":{\"@type\":\"PropertyValueSpecification\",\"valueRequired\":true,\"valueName\":\"search_term_string\"}}],\"inLanguage\":\"fr-FR\"},{\"@type\":\"Organization\",\"@id\":\"https:\\\/\\\/www.sacredheart.qc.ca\\\/fr\\\/#organization\",\"name\":\"The Sacred Heart School of Montreal\",\"url\":\"https:\\\/\\\/www.sacredheart.qc.ca\\\/fr\\\/\",\"logo\":{\"@type\":\"ImageObject\",\"inLanguage\":\"fr-FR\",\"@id\":\"https:\\\/\\\/www.sacredheart.qc.ca\\\/fr\\\/#\\\/schema\\\/logo\\\/image\\\/\",\"url\":\"https:\\\/\\\/www.sacredheart.qc.ca\\\/wp-content\\\/uploads\\\/2021\\\/06\\\/LogoScredHeart.svg\",\"contentUrl\":\"https:\\\/\\\/www.sacredheart.qc.ca\\\/wp-content\\\/uploads\\\/2021\\\/06\\\/LogoScredHeart.svg\",\"width\":\"1024\",\"height\":\"1024\",\"caption\":\"The Sacred Heart School of Montreal\"},\"image\":{\"@id\":\"https:\\\/\\\/www.sacredheart.qc.ca\\\/fr\\\/#\\\/schema\\\/logo\\\/image\\\/\"},\"sameAs\":[\"https:\\\/\\\/www.facebook.com\\\/SacredHeartMontreal\\\/\",\"https:\\\/\\\/x.com\\\/TheSHSM\",\"https:\\\/\\\/www.instagram.com\\\/SacredHeartMontreal\\\/\",\"https:\\\/\\\/www.linkedin.com\\\/school\\\/the-sacred-heart-school-of-montreal\\\/\",\"https:\\\/\\\/www.youtube.com\\\/user\\\/TheSacredHeartSchool\"]}]}<\/script>\n<!-- \/ Yoast SEO plugin. -->","yoast_head_json":{"title":"Options d'internat (sec. I \u00e0 V) | La seule \u00e9cole priv\u00e9e catholique anglophone pour filles \u00e0 Montr\u00e9al | L'\u00c9cole Sacr\u00e9-C\u0153ur de Montr\u00e9al","description":"D\u00e9couvrez les options d'internat pour les \u00e9l\u00e8ves de la 7e \u00e0 la 11e ann\u00e9e de la seule \u00e9cole priv\u00e9e catholique anglophone pour filles \u00e0 Montr\u00e9al : l'\u00e9cole Sacr\u00e9-C\u0153ur.","robots":{"index":"index","follow":"follow","max-snippet":"max-snippet:-1","max-image-preview":"max-image-preview:large","max-video-preview":"max-video-preview:-1"},"canonical":"https:\/\/www.sacredheart.qc.ca\/fr\/pensionnat\/options-secondaire-1-5\/","og_locale":"fr_FR","og_type":"article","og_title":"Options d'internat (sec. I \u00e0 V) | La seule \u00e9cole priv\u00e9e catholique anglophone pour filles \u00e0 Montr\u00e9al | L'\u00c9cole Sacr\u00e9-C\u0153ur de Montr\u00e9al","og_description":"D\u00e9couvrez les options d'internat pour les \u00e9l\u00e8ves de la 7e \u00e0 la 11e ann\u00e9e de la seule \u00e9cole priv\u00e9e catholique anglophone pour filles \u00e0 Montr\u00e9al : l'\u00e9cole Sacr\u00e9-C\u0153ur.","og_url":"https:\/\/www.sacredheart.qc.ca\/fr\/pensionnat\/options-secondaire-1-5\/","og_site_name":"The Sacred Heart School of Montreal","article_publisher":"https:\/\/www.facebook.com\/SacredHeartMontreal\/","article_modified_time":"2026-04-10T13:11:56+00:00","og_image":[{"width":1557,"height":645,"url":"https:\/\/www.sacredheart.qc.ca\/wp-content\/uploads\/2021\/08\/LogoScredHeart-social.png","type":"image\/png"}],"twitter_card":"summary_large_image","twitter_site":"@TheSHSM","twitter_misc":{"Dur\u00e9e de lecture estim\u00e9e":"3 minutes"},"schema":{"@context":"https:\/\/schema.org","@graph":[{"@type":"WebPage","@id":"https:\/\/www.sacredheart.qc.ca\/fr\/pensionnat\/options-secondaire-1-5\/","url":"https:\/\/www.sacredheart.qc.ca\/fr\/pensionnat\/options-secondaire-1-5\/","name":"Options d'internat (sec. I \u00e0 V) | La seule \u00e9cole priv\u00e9e catholique anglophone pour filles \u00e0 Montr\u00e9al | L'\u00c9cole Sacr\u00e9-C\u0153ur de Montr\u00e9al","isPartOf":{"@id":"https:\/\/www.sacredheart.qc.ca\/fr\/#website"},"datePublished":"2023-09-25T20:43:57+00:00","dateModified":"2026-04-10T13:11:56+00:00","description":"D\u00e9couvrez les options d'internat pour les \u00e9l\u00e8ves de la 7e \u00e0 la 11e ann\u00e9e de la seule \u00e9cole priv\u00e9e catholique anglophone pour filles \u00e0 Montr\u00e9al : l'\u00e9cole Sacr\u00e9-C\u0153ur.","breadcrumb":{"@id":"https:\/\/www.sacredheart.qc.ca\/fr\/pensionnat\/options-secondaire-1-5\/#breadcrumb"},"inLanguage":"fr-FR","potentialAction":[{"@type":"ReadAction","target":["https:\/\/www.sacredheart.qc.ca\/fr\/pensionnat\/options-secondaire-1-5\/"]}]},{"@type":"BreadcrumbList","@id":"https:\/\/www.sacredheart.qc.ca\/fr\/pensionnat\/options-secondaire-1-5\/#breadcrumb","itemListElement":[{"@type":"ListItem","position":1,"name":"Home","item":"https:\/\/www.sacredheart.qc.ca\/fr\/"},{"@type":"ListItem","position":2,"name":"Options d&rsquo;internat (sec. I \u00e0 V)"}]},{"@type":"WebSite","@id":"https:\/\/www.sacredheart.qc.ca\/fr\/#website","url":"https:\/\/www.sacredheart.qc.ca\/fr\/","name":"The Sacred Heart School of Montreal","description":"Girls Only Private Catholic English High School - 100% Graduation Rate","publisher":{"@id":"https:\/\/www.sacredheart.qc.ca\/fr\/#organization"},"alternateName":"The Sacred Heart School of Montreal","potentialAction":[{"@type":"SearchAction","target":{"@type":"EntryPoint","urlTemplate":"https:\/\/www.sacredheart.qc.ca\/fr\/?s={search_term_string}"},"query-input":{"@type":"PropertyValueSpecification","valueRequired":true,"valueName":"search_term_string"}}],"inLanguage":"fr-FR"},{"@type":"Organization","@id":"https:\/\/www.sacredheart.qc.ca\/fr\/#organization","name":"The Sacred Heart School of Montreal","url":"https:\/\/www.sacredheart.qc.ca\/fr\/","logo":{"@type":"ImageObject","inLanguage":"fr-FR","@id":"https:\/\/www.sacredheart.qc.ca\/fr\/#\/schema\/logo\/image\/","url":"https:\/\/www.sacredheart.qc.ca\/wp-content\/uploads\/2021\/06\/LogoScredHeart.svg","contentUrl":"https:\/\/www.sacredheart.qc.ca\/wp-content\/uploads\/2021\/06\/LogoScredHeart.svg","width":"1024","height":"1024","caption":"The Sacred Heart School of Montreal"},"image":{"@id":"https:\/\/www.sacredheart.qc.ca\/fr\/#\/schema\/logo\/image\/"},"sameAs":["https:\/\/www.facebook.com\/SacredHeartMontreal\/","https:\/\/x.com\/TheSHSM","https:\/\/www.instagram.com\/SacredHeartMontreal\/","https:\/\/www.linkedin.com\/school\/the-sacred-heart-school-of-montreal\/","https:\/\/www.youtube.com\/user\/TheSacredHeartSchool"]}]}},"ticketed":false,"_links":{"self":[{"href":"https:\/\/www.sacredheart.qc.ca\/fr\/wp-json\/wp\/v2\/pages\/17729","targetHints":{"allow":["GET"]}}],"collection":[{"href":"https:\/\/www.sacredheart.qc.ca\/fr\/wp-json\/wp\/v2\/pages"}],"about":[{"href":"https:\/\/www.sacredheart.qc.ca\/fr\/wp-json\/wp\/v2\/types\/page"}],"author":[{"embeddable":true,"href":"https:\/\/www.sacredheart.qc.ca\/fr\/wp-json\/wp\/v2\/users\/6"}],"replies":[{"embeddable":true,"href":"https:\/\/www.sacredheart.qc.ca\/fr\/wp-json\/wp\/v2\/comments?post=17729"}],"version-history":[{"count":0,"href":"https:\/\/www.sacredheart.qc.ca\/fr\/wp-json\/wp\/v2\/pages\/17729\/revisions"}],"wp:attachment":[{"href":"https:\/\/www.sacredheart.qc.ca\/fr\/wp-json\/wp\/v2\/media?parent=17729"}],"curies":[{"name":"wp","href":"https:\/\/api.w.org\/{rel}","templated":true}]}}