{"id":17727,"date":"2021-09-28T16:28:59","date_gmt":"2021-09-28T20:28:59","guid":{"rendered":"https:\/\/www.sacredheart.qc.ca\/?page_id=17727"},"modified":"2024-05-08T10:33:20","modified_gmt":"2024-05-08T14:33:20","slug":"guilde-parents","status":"publish","type":"page","link":"https:\/\/www.sacredheart.qc.ca\/fr\/portail-famille\/comite-parents\/","title":{"rendered":"Comit\u00e9 des parents"},"content":{"rendered":"\n<h1>\n\t\tComit\u00e9 des parents\n\t<\/h1>\n<h4>\n\t\tV\u00eatements d&rsquo;esprit\n\t<\/h4>\n\t<p>Soutenez nos \u00e9l\u00e8ves en achetant des v\u00eatements de l&rsquo;esprit de l&rsquo;\u00e9cole.<\/p>\n\t\t\t<a href=\"https:\/\/fanasports.myshopify.com\/collections\/sacred-heart-school\" target=\"_blank\" rel=\"noopener\">\n\t\t\t\t\t\t\tAchat\n\t\t\t\t\t<\/a>\n<h4>\n\t\tInscription des volontaires\n\t<\/h4>\n\t<p>Participez \u00e0 la vie scolaire de vos filles en vous portant volontaire pour des \u00e9v\u00e9nements.<\/p>\n\t\t\t<a href=\"mailto:parentsguild@sacredheart.qc.ca\" target=\"_self\" rel=\"noopener\">\n\t\t\t\t\t\t\tEnvoyer un courriel\n\t\t\t\t\t<\/a>\n\t<p>Le <strong>soutien et l&rsquo;implication des parents<\/strong> sont essentiels \u00e0 la r\u00e9ussite de notre \u00e9cole ! Au Sacr\u00e9-C\u0153ur, tous les parents qui ont un enfant \u00e0 l&rsquo;\u00e9cole sont membres du Comit\u00e9 des parents, et chacun est encourag\u00e9 \u00e0 y participer activement.<\/p>\n<p>Le but et les objectifs du Comit\u00e9 des parents sont les suivants :<\/p>\n<ul>\n<li>de soutenir la mission et la philosophie de l&rsquo;\u00e9cole par le biais de nos efforts de b\u00e9n\u00e9volat ;<\/li>\n<li>offrir aux parents la possibilit\u00e9 de se conna\u00eetre et d&rsquo;interagir socialement ;<\/li>\n<li>et d&rsquo;aider financi\u00e8rement l&rsquo;\u00e9cole dans ses efforts de collecte de fonds pour le fonds de bourses de l&rsquo;\u00e9cole, les projets de l&rsquo;\u00e9cole et les initiatives caritatives.<\/li>\n<\/ul>\n<p>L&rsquo;\u00e9quipe ex\u00e9cutive du Comit\u00e9 des parents est compos\u00e9e de la pr\u00e9sidente, de la vice-pr\u00e9sidente, de la tr\u00e9sori\u00e8re, de la secr\u00e9taire, du coordinatrice des repr\u00e9sentantes de classe et de la repr\u00e9sentante du Spirit Wear, ainsi que la directrice g\u00e9n\u00e9rale en tant que pr\u00e9sidente honoraire. Chaque classe dispose \u00e0 son tour d&rsquo;une repr\u00e9sentante d\u00e9sign\u00e9e pour assurer la liaison avec les autres parents de sa classe.<\/p>\n<p>Le Comit\u00e9 des parents tient des r\u00e9unions mensuelles r\u00e9guli\u00e8res afin de planifier et d&rsquo;organiser le programme d&rsquo;activit\u00e9s de l&rsquo;ann\u00e9e. Les membres du Comit\u00e9 s&rsquo;informent directement sur les activit\u00e9s de l&rsquo;\u00e9cole et partagent leurs id\u00e9es et leurs suggestions lors de ces r\u00e9unions. Toute personne souhaitant assister \u00e0 une r\u00e9union est pri\u00e9e de contacter le Comit\u00e9 des parents afin que son nom soit ajout\u00e9 \u00e0 la liste des participants.<\/p>\n\t\t\t<a href=\"mailto:parentsguild@sacredheart.qc.ca\" target=\"_self\" rel=\"noopener\">\n\t\t\t\t\t\t\tEnvoyer un courriel\n\t\t\t\t\t<\/a>\n<h2>\n\t\t\u00c9v\u00e9nements principaux du Comit\u00e9 des parents\n\t<\/h2>\n\t<section id=\"section160\">\n<ul>\n<li><strong>Salutatio Omnis<\/strong> <strong>&#8211;<\/strong> Un festival d&rsquo;automne qui accueille tous les parents pour la nouvelle ann\u00e9e scolaire.<\/li>\n<li><strong>Journ\u00e9e portes ouvertes &#8211;<\/strong> Une occasion pour les parents d&rsquo;accueillir les familles potentielles. Un coin rafra\u00eechissement, rempli de friandises faites maison pour nos visiteurs, est une halte appr\u00e9ci\u00e9e lors de la visite.<\/li>\n<li><strong>Comedy Night &#8211;<\/strong> Une soir\u00e9e de rires, de nourriture, d&rsquo;amusement et de tirage au cours de laquelle une brochette d&rsquo;humoristes se produiront dans l&rsquo;auditorium du Sacr\u00e9-Coeur.<\/li>\n<li><strong>Appr\u00e9ciation des enseignants et du personnel<\/strong> <strong>&#8211;<\/strong> Les parents du secondaire V organisent ce d\u00e9jeuner sp\u00e9cial pour remercier les enseignants et le personnel de tout ce qu&rsquo;ils font pour nos filles tout au long de l&rsquo;ann\u00e9e.<\/li>\n<li><strong>Production th\u00e9\u00e2trale &#8211; <\/strong>Production annuelle pr\u00e9sent\u00e9e par le d\u00e9partement d&rsquo;art dramatique.<\/li>\n<li><strong>Festival des arts<\/strong> <strong>&#8211;<\/strong> Manifestation annuelle organis\u00e9e en mai pour c\u00e9l\u00e9brer les r\u00e9alisations de nos filles.<\/li>\n<\/ul>\n<\/section>\n<section id=\"section160\">\n<\/section>\n<h2>\n\t\tComit\u00e9 ex\u00e9cutif\n\t<\/h2>\n\t<p><strong>Andrea Carter<\/strong><\/p>\n\t<p><strong>Rosina Silla<\/strong><\/p>\n\t<p><strong>Joulia Maistrenko<\/strong><\/p>\n\t<p><strong>Bita Guzman<\/strong><\/p>\n\t<p><strong>Isabelle Fortin<\/strong><\/p>\n\t<p><strong>Sandra Belisle<\/strong><\/p>\n\n","protected":false},"excerpt":{"rendered":"<p>Comit\u00e9 des parents V\u00eatements d&rsquo;esprit Soutenez nos \u00e9l\u00e8ves en achetant des v\u00eatements de l&rsquo;esprit de l&rsquo;\u00e9cole. Achat Inscription des volontaires Participez \u00e0 la vie scolaire de vos filles en vous&hellip;<\/p>\n","protected":false},"author":2,"featured_media":0,"parent":0,"menu_order":41,"comment_status":"closed","ping_status":"closed","template":"","meta":{"_acf_changed":false,"inline_featured_image":false,"_price":"","_stock":"","_tribe_ticket_header":"","_tribe_default_ticket_provider":"","_tribe_ticket_capacity":"0","_ticket_start_date":"","_ticket_end_date":"","_tribe_ticket_show_description":"","_tribe_ticket_show_not_going":false,"_tribe_ticket_use_global_stock":"","_tribe_ticket_global_stock_level":"","_global_stock_mode":"","_global_stock_cap":"","_tribe_rsvp_for_event":"","_tribe_ticket_going_count":"","_tribe_ticket_not_going_count":"","_tribe_tickets_list":"[]","_tribe_ticket_has_attendee_info_fields":false,"footnotes":"","_tec_slr_enabled":"","_tec_slr_layout":""},"class_list":["post-17727","page","type-page","status-publish","hentry"],"acf":[],"yoast_head":"<!-- This site is optimized with the Yoast SEO plugin v27.3 - https:\/\/yoast.com\/product\/yoast-seo-wordpress\/ -->\n<title>Comit\u00e9 des parents | La seule \u00e9cole priv\u00e9e catholique anglophone pour filles \u00e0 Montr\u00e9al | L&#039;\u00c9cole Sacr\u00e9-C\u0153ur de Montr\u00e9al<\/title>\n<meta name=\"description\" content=\"La seule \u00e9cole priv\u00e9e catholique anglophone pour filles \u00e0 Montr\u00e9al - taux d&#039;obtention de dipl\u00f4me de 100 %. Inscrivez-vous d\u00e8s maintenant !\" \/>\n<meta name=\"robots\" content=\"index, follow, max-snippet:-1, max-image-preview:large, max-video-preview:-1\" \/>\n<link rel=\"canonical\" href=\"https:\/\/www.sacredheart.qc.ca\/fr\/portail-famille\/comite-parents\/\" \/>\n<meta property=\"og:locale\" content=\"fr_FR\" \/>\n<meta property=\"og:type\" content=\"article\" \/>\n<meta property=\"og:title\" content=\"Comit\u00e9 des parents | La seule \u00e9cole priv\u00e9e catholique anglophone pour filles \u00e0 Montr\u00e9al | L&#039;\u00c9cole Sacr\u00e9-C\u0153ur de Montr\u00e9al\" \/>\n<meta property=\"og:description\" content=\"La seule \u00e9cole priv\u00e9e catholique anglophone pour filles \u00e0 Montr\u00e9al - taux d&#039;obtention de dipl\u00f4me de 100 %. Inscrivez-vous d\u00e8s maintenant !\" \/>\n<meta property=\"og:url\" content=\"https:\/\/www.sacredheart.qc.ca\/fr\/portail-famille\/comite-parents\/\" \/>\n<meta property=\"og:site_name\" content=\"The Sacred Heart School of Montreal\" \/>\n<meta property=\"article:publisher\" content=\"https:\/\/www.facebook.com\/SacredHeartMontreal\/\" \/>\n<meta property=\"article:modified_time\" content=\"2024-05-08T14:33:20+00:00\" \/>\n<meta property=\"og:image\" content=\"https:\/\/www.sacredheart.qc.ca\/wp-content\/uploads\/2021\/08\/LogoScredHeart-social.png\" \/>\n\t<meta property=\"og:image:width\" content=\"1557\" \/>\n\t<meta property=\"og:image:height\" content=\"645\" \/>\n\t<meta property=\"og:image:type\" content=\"image\/png\" \/>\n<meta name=\"twitter:card\" content=\"summary_large_image\" \/>\n<meta name=\"twitter:site\" content=\"@TheSHSM\" \/>\n<meta name=\"twitter:label1\" content=\"Dur\u00e9e de lecture estim\u00e9e\" \/>\n\t<meta name=\"twitter:data1\" content=\"2 minutes\" \/>\n<script type=\"application\/ld+json\" class=\"yoast-schema-graph\">{\"@context\":\"https:\\\/\\\/schema.org\",\"@graph\":[{\"@type\":\"WebPage\",\"@id\":\"https:\\\/\\\/www.sacredheart.qc.ca\\\/fr\\\/portail-famille\\\/comite-parents\\\/\",\"url\":\"https:\\\/\\\/www.sacredheart.qc.ca\\\/fr\\\/portail-famille\\\/comite-parents\\\/\",\"name\":\"Comit\u00e9 des parents | La seule \u00e9cole priv\u00e9e catholique anglophone pour filles \u00e0 Montr\u00e9al | L'\u00c9cole Sacr\u00e9-C\u0153ur de Montr\u00e9al\",\"isPartOf\":{\"@id\":\"https:\\\/\\\/www.sacredheart.qc.ca\\\/fr\\\/#website\"},\"datePublished\":\"2021-09-28T20:28:59+00:00\",\"dateModified\":\"2024-05-08T14:33:20+00:00\",\"description\":\"La seule \u00e9cole priv\u00e9e catholique anglophone pour filles \u00e0 Montr\u00e9al - taux d'obtention de dipl\u00f4me de 100 %. Inscrivez-vous d\u00e8s maintenant !\",\"breadcrumb\":{\"@id\":\"https:\\\/\\\/www.sacredheart.qc.ca\\\/fr\\\/portail-famille\\\/comite-parents\\\/#breadcrumb\"},\"inLanguage\":\"fr-FR\",\"potentialAction\":[{\"@type\":\"ReadAction\",\"target\":[\"https:\\\/\\\/www.sacredheart.qc.ca\\\/fr\\\/portail-famille\\\/comite-parents\\\/\"]}]},{\"@type\":\"BreadcrumbList\",\"@id\":\"https:\\\/\\\/www.sacredheart.qc.ca\\\/fr\\\/portail-famille\\\/comite-parents\\\/#breadcrumb\",\"itemListElement\":[{\"@type\":\"ListItem\",\"position\":1,\"name\":\"Home\",\"item\":\"https:\\\/\\\/www.sacredheart.qc.ca\\\/fr\\\/\"},{\"@type\":\"ListItem\",\"position\":2,\"name\":\"Comit\u00e9 des parents\"}]},{\"@type\":\"WebSite\",\"@id\":\"https:\\\/\\\/www.sacredheart.qc.ca\\\/fr\\\/#website\",\"url\":\"https:\\\/\\\/www.sacredheart.qc.ca\\\/fr\\\/\",\"name\":\"The Sacred Heart School of Montreal\",\"description\":\"Girls Only Private Catholic English High School - 100% Graduation Rate\",\"publisher\":{\"@id\":\"https:\\\/\\\/www.sacredheart.qc.ca\\\/fr\\\/#organization\"},\"alternateName\":\"The Sacred Heart School of Montreal\",\"potentialAction\":[{\"@type\":\"SearchAction\",\"target\":{\"@type\":\"EntryPoint\",\"urlTemplate\":\"https:\\\/\\\/www.sacredheart.qc.ca\\\/fr\\\/?s={search_term_string}\"},\"query-input\":{\"@type\":\"PropertyValueSpecification\",\"valueRequired\":true,\"valueName\":\"search_term_string\"}}],\"inLanguage\":\"fr-FR\"},{\"@type\":\"Organization\",\"@id\":\"https:\\\/\\\/www.sacredheart.qc.ca\\\/fr\\\/#organization\",\"name\":\"The Sacred Heart School of Montreal\",\"url\":\"https:\\\/\\\/www.sacredheart.qc.ca\\\/fr\\\/\",\"logo\":{\"@type\":\"ImageObject\",\"inLanguage\":\"fr-FR\",\"@id\":\"https:\\\/\\\/www.sacredheart.qc.ca\\\/fr\\\/#\\\/schema\\\/logo\\\/image\\\/\",\"url\":\"https:\\\/\\\/www.sacredheart.qc.ca\\\/wp-content\\\/uploads\\\/2021\\\/06\\\/LogoScredHeart.svg\",\"contentUrl\":\"https:\\\/\\\/www.sacredheart.qc.ca\\\/wp-content\\\/uploads\\\/2021\\\/06\\\/LogoScredHeart.svg\",\"width\":\"1024\",\"height\":\"1024\",\"caption\":\"The Sacred Heart School of Montreal\"},\"image\":{\"@id\":\"https:\\\/\\\/www.sacredheart.qc.ca\\\/fr\\\/#\\\/schema\\\/logo\\\/image\\\/\"},\"sameAs\":[\"https:\\\/\\\/www.facebook.com\\\/SacredHeartMontreal\\\/\",\"https:\\\/\\\/x.com\\\/TheSHSM\",\"https:\\\/\\\/www.instagram.com\\\/SacredHeartMontreal\\\/\",\"https:\\\/\\\/www.linkedin.com\\\/school\\\/the-sacred-heart-school-of-montreal\\\/\",\"https:\\\/\\\/www.youtube.com\\\/user\\\/TheSacredHeartSchool\"]}]}<\/script>\n<!-- \/ Yoast SEO plugin. -->","yoast_head_json":{"title":"Comit\u00e9 des parents | La seule \u00e9cole priv\u00e9e catholique anglophone pour filles \u00e0 Montr\u00e9al | L'\u00c9cole Sacr\u00e9-C\u0153ur de Montr\u00e9al","description":"La seule \u00e9cole priv\u00e9e catholique anglophone pour filles \u00e0 Montr\u00e9al - taux d'obtention de dipl\u00f4me de 100 %. Inscrivez-vous d\u00e8s maintenant !","robots":{"index":"index","follow":"follow","max-snippet":"max-snippet:-1","max-image-preview":"max-image-preview:large","max-video-preview":"max-video-preview:-1"},"canonical":"https:\/\/www.sacredheart.qc.ca\/fr\/portail-famille\/comite-parents\/","og_locale":"fr_FR","og_type":"article","og_title":"Comit\u00e9 des parents | La seule \u00e9cole priv\u00e9e catholique anglophone pour filles \u00e0 Montr\u00e9al | L'\u00c9cole Sacr\u00e9-C\u0153ur de Montr\u00e9al","og_description":"La seule \u00e9cole priv\u00e9e catholique anglophone pour filles \u00e0 Montr\u00e9al - taux d'obtention de dipl\u00f4me de 100 %. Inscrivez-vous d\u00e8s maintenant !","og_url":"https:\/\/www.sacredheart.qc.ca\/fr\/portail-famille\/comite-parents\/","og_site_name":"The Sacred Heart School of Montreal","article_publisher":"https:\/\/www.facebook.com\/SacredHeartMontreal\/","article_modified_time":"2024-05-08T14:33:20+00:00","og_image":[{"width":1557,"height":645,"url":"https:\/\/www.sacredheart.qc.ca\/wp-content\/uploads\/2021\/08\/LogoScredHeart-social.png","type":"image\/png"}],"twitter_card":"summary_large_image","twitter_site":"@TheSHSM","twitter_misc":{"Dur\u00e9e de lecture estim\u00e9e":"2 minutes"},"schema":{"@context":"https:\/\/schema.org","@graph":[{"@type":"WebPage","@id":"https:\/\/www.sacredheart.qc.ca\/fr\/portail-famille\/comite-parents\/","url":"https:\/\/www.sacredheart.qc.ca\/fr\/portail-famille\/comite-parents\/","name":"Comit\u00e9 des parents | La seule \u00e9cole priv\u00e9e catholique anglophone pour filles \u00e0 Montr\u00e9al | L'\u00c9cole Sacr\u00e9-C\u0153ur de Montr\u00e9al","isPartOf":{"@id":"https:\/\/www.sacredheart.qc.ca\/fr\/#website"},"datePublished":"2021-09-28T20:28:59+00:00","dateModified":"2024-05-08T14:33:20+00:00","description":"La seule \u00e9cole priv\u00e9e catholique anglophone pour filles \u00e0 Montr\u00e9al - taux d'obtention de dipl\u00f4me de 100 %. Inscrivez-vous d\u00e8s maintenant !","breadcrumb":{"@id":"https:\/\/www.sacredheart.qc.ca\/fr\/portail-famille\/comite-parents\/#breadcrumb"},"inLanguage":"fr-FR","potentialAction":[{"@type":"ReadAction","target":["https:\/\/www.sacredheart.qc.ca\/fr\/portail-famille\/comite-parents\/"]}]},{"@type":"BreadcrumbList","@id":"https:\/\/www.sacredheart.qc.ca\/fr\/portail-famille\/comite-parents\/#breadcrumb","itemListElement":[{"@type":"ListItem","position":1,"name":"Home","item":"https:\/\/www.sacredheart.qc.ca\/fr\/"},{"@type":"ListItem","position":2,"name":"Comit\u00e9 des parents"}]},{"@type":"WebSite","@id":"https:\/\/www.sacredheart.qc.ca\/fr\/#website","url":"https:\/\/www.sacredheart.qc.ca\/fr\/","name":"The Sacred Heart School of Montreal","description":"Girls Only Private Catholic English High School - 100% Graduation Rate","publisher":{"@id":"https:\/\/www.sacredheart.qc.ca\/fr\/#organization"},"alternateName":"The Sacred Heart School of Montreal","potentialAction":[{"@type":"SearchAction","target":{"@type":"EntryPoint","urlTemplate":"https:\/\/www.sacredheart.qc.ca\/fr\/?s={search_term_string}"},"query-input":{"@type":"PropertyValueSpecification","valueRequired":true,"valueName":"search_term_string"}}],"inLanguage":"fr-FR"},{"@type":"Organization","@id":"https:\/\/www.sacredheart.qc.ca\/fr\/#organization","name":"The Sacred Heart School of Montreal","url":"https:\/\/www.sacredheart.qc.ca\/fr\/","logo":{"@type":"ImageObject","inLanguage":"fr-FR","@id":"https:\/\/www.sacredheart.qc.ca\/fr\/#\/schema\/logo\/image\/","url":"https:\/\/www.sacredheart.qc.ca\/wp-content\/uploads\/2021\/06\/LogoScredHeart.svg","contentUrl":"https:\/\/www.sacredheart.qc.ca\/wp-content\/uploads\/2021\/06\/LogoScredHeart.svg","width":"1024","height":"1024","caption":"The Sacred Heart School of Montreal"},"image":{"@id":"https:\/\/www.sacredheart.qc.ca\/fr\/#\/schema\/logo\/image\/"},"sameAs":["https:\/\/www.facebook.com\/SacredHeartMontreal\/","https:\/\/x.com\/TheSHSM","https:\/\/www.instagram.com\/SacredHeartMontreal\/","https:\/\/www.linkedin.com\/school\/the-sacred-heart-school-of-montreal\/","https:\/\/www.youtube.com\/user\/TheSacredHeartSchool"]}]}},"ticketed":false,"_links":{"self":[{"href":"https:\/\/www.sacredheart.qc.ca\/fr\/wp-json\/wp\/v2\/pages\/17727","targetHints":{"allow":["GET"]}}],"collection":[{"href":"https:\/\/www.sacredheart.qc.ca\/fr\/wp-json\/wp\/v2\/pages"}],"about":[{"href":"https:\/\/www.sacredheart.qc.ca\/fr\/wp-json\/wp\/v2\/types\/page"}],"author":[{"embeddable":true,"href":"https:\/\/www.sacredheart.qc.ca\/fr\/wp-json\/wp\/v2\/users\/2"}],"replies":[{"embeddable":true,"href":"https:\/\/www.sacredheart.qc.ca\/fr\/wp-json\/wp\/v2\/comments?post=17727"}],"version-history":[{"count":0,"href":"https:\/\/www.sacredheart.qc.ca\/fr\/wp-json\/wp\/v2\/pages\/17727\/revisions"}],"wp:attachment":[{"href":"https:\/\/www.sacredheart.qc.ca\/fr\/wp-json\/wp\/v2\/media?parent=17727"}],"curies":[{"name":"wp","href":"https:\/\/api.w.org\/{rel}","templated":true}]}}