{"id":17726,"date":"2021-10-13T14:09:52","date_gmt":"2021-10-13T18:09:52","guid":{"rendered":"https:\/\/www.sacredheart.qc.ca\/?page_id=17726"},"modified":"2024-05-08T10:31:44","modified_gmt":"2024-05-08T14:31:44","slug":"vidigami","status":"publish","type":"page","link":"https:\/\/www.sacredheart.qc.ca\/fr\/portail-famille\/vidigami\/","title":{"rendered":"Vidigami"},"content":{"rendered":"\n<h1>\n\t\tVidigami : Partage de photos\n\t<\/h1>\n<h2>\n\t\tQu&rsquo;est-ce que le Vidigami ?\n\t<\/h2>\n\t<p>Vidigami est une plateforme utilis\u00e9e pour centraliser, stocker et partager des photos au sein de notre communaut\u00e9, avec confidentialit\u00e9 et contr\u00f4le. L&rsquo;\u00e9cole du Sacr\u00e9-C\u0153ur de Montr\u00e9al est fi\u00e8re d&rsquo;offrir l&rsquo;acc\u00e8s \u00e0 Vidigami \u00e0 ses familles actuelles.<\/p>\n<p>Tous les membres de la communaut\u00e9, y compris les parents, les \u00e9l\u00e8ves, le corps enseignant et le personnel, peuvent fournir des photos \u00e0 partager.<\/p>\n<p>Rendez-vous sur les 3 points verticaux en haut \u00e0 droite du page d&rsquo;accueil de Vidigami et cliquez sur \u00ab\u00a0Support\u00a0\u00bb pour apprendre \u00e0 utiliser la plateforme.<\/p>\n<p>Des questions suppl\u00e9mentaires ? Veuillez envoyer un courriel \u00e0 nadiafloriani@sacredheart.qc.ca.<\/p>\n<p>&nbsp;<\/p>\n\t\t\t<a href=\"https:\/\/app.vidigami.com\/\" target=\"_blank\" rel=\"noopener nofollow\">\n\t\t\t\t\t\t\tOuvrir Vidigami\n\t\t\t\t\t<\/a>\n<h2>\n\t\tQuelques questions que vous vous posez peut-\u00eatre :\n\t<\/h2>\n\t\t\t\t\t\t<h4 tabindex=\"0\">Comment t\u00e9l\u00e9charger l&rsquo;application<\/h4>\n\t\t\t<p>L&rsquo;application Vidigami est disponible dans la boutique Apple et la boutique Google Play sous le nom \u00ab\u00a0Vidigami\u00a0\u00bb. Une fois t\u00e9l\u00e9charg\u00e9e, nos \u00e9l\u00e8ves peuvent se connecter avec leur adresse courriel Sacr\u00e9-C\u0153ur et les parents peuvent se connecter avec l&rsquo;adresse courriel que nous avons dans nos dossiers.<\/p>\n\t\t\t\t\t\t<h4 tabindex=\"0\">J&rsquo;ai oubli\u00e9 mon mot de passe\/Mon mot de passe ne fonctionne pas.<\/h4>\n\t\t\t<p>Si vous avez oubli\u00e9 votre mot de passe, allez sur app.vidigami.com et cliquez sur Mot de passe oubli\u00e9. L&rsquo;adresse courriel que vous avez utilis\u00e9 pour activer votre compte est l&rsquo;adresse courriel que vous devez utiliser pour r\u00e9initialiser votre mot de passe. Pour les \u00e9l\u00e8ves et le personnel, il s&rsquo;agit de votre adresse courriel Sacr\u00e9-C\u0153ur. Pour les parents, il s&rsquo;agit de l&rsquo;adresse courriel que nous avons dans nos dossiers.<\/p>\n<p><a href=\"https:\/\/support.vidigami.com\/portal\/en\/kb\/articles\/resetting-your-password\" target=\"_blank\" rel=\"noopener\">https:\/\/support.vidigami.com\/portal\/en\/kb\/articles\/resetting-your-password<\/a><\/p>\n\t\t\t\t\t\t<h4 tabindex=\"0\">Je n&rsquo;ai pas re\u00e7u de courriel d&rsquo;activation.<\/h4>\n\t\t\t<p>Les \u00e9l\u00e8ves ont re\u00e7u des courriels d&rsquo;activation \u00e0 leur adresse courriel Sacr\u00e9-C\u0153ur. Les parents ont re\u00e7u le m\u00eame message aux adresses courriel dont nous avons dans nos dossiers. Veuillez d&rsquo;abord v\u00e9rifier votre filtre spam. Si vous ne trouvez pas de courriel d&rsquo;activation, veuillez contacter <a href=\"mailto:nadiafloriani@sacredheart.qc.ca\">nadiafloriani@sacredheart.qc.ca<\/a> et \u00e7a nous ferait plaisir de vous aider.<\/p>\n\n","protected":false},"excerpt":{"rendered":"<p>Vidigami : Partage de photos Qu&rsquo;est-ce que le Vidigami ? Vidigami est une plateforme utilis\u00e9e pour centraliser, stocker et partager des photos au sein de notre communaut\u00e9, avec confidentialit\u00e9 et&hellip;<\/p>\n","protected":false},"author":19,"featured_media":0,"parent":0,"menu_order":38,"comment_status":"closed","ping_status":"closed","template":"","meta":{"_acf_changed":false,"inline_featured_image":false,"_price":"","_stock":"","_tribe_ticket_header":"","_tribe_default_ticket_provider":"","_tribe_ticket_capacity":"0","_ticket_start_date":"","_ticket_end_date":"","_tribe_ticket_show_description":"","_tribe_ticket_show_not_going":false,"_tribe_ticket_use_global_stock":"","_tribe_ticket_global_stock_level":"","_global_stock_mode":"","_global_stock_cap":"","_tribe_rsvp_for_event":"","_tribe_ticket_going_count":"","_tribe_ticket_not_going_count":"","_tribe_tickets_list":"[]","_tribe_ticket_has_attendee_info_fields":false,"footnotes":"","_tec_slr_enabled":"","_tec_slr_layout":""},"class_list":["post-17726","page","type-page","status-publish","hentry"],"acf":[],"yoast_head":"<!-- This site is optimized with the Yoast SEO plugin v27.3 - https:\/\/yoast.com\/product\/yoast-seo-wordpress\/ -->\n<title>Vidigami | La seule \u00e9cole priv\u00e9e catholique anglophone pour filles \u00e0 Montr\u00e9al | L&#039;\u00c9cole Sacr\u00e9-C\u0153ur de Montr\u00e9al<\/title>\n<meta name=\"description\" content=\"La seule \u00e9cole priv\u00e9e catholique anglophone pour filles \u00e0 Montr\u00e9al - taux d&#039;obtention de dipl\u00f4me de 100 %. Inscrivez-vous d\u00e8s maintenant !\" \/>\n<meta name=\"robots\" content=\"index, follow, max-snippet:-1, max-image-preview:large, max-video-preview:-1\" \/>\n<link rel=\"canonical\" href=\"https:\/\/www.sacredheart.qc.ca\/fr\/portail-famille\/vidigami\/\" \/>\n<meta property=\"og:locale\" content=\"fr_FR\" \/>\n<meta property=\"og:type\" content=\"article\" \/>\n<meta property=\"og:title\" content=\"Vidigami | La seule \u00e9cole priv\u00e9e catholique anglophone pour filles \u00e0 Montr\u00e9al | L&#039;\u00c9cole Sacr\u00e9-C\u0153ur de Montr\u00e9al\" \/>\n<meta property=\"og:description\" content=\"La seule \u00e9cole priv\u00e9e catholique anglophone pour filles \u00e0 Montr\u00e9al - taux d&#039;obtention de dipl\u00f4me de 100 %. Inscrivez-vous d\u00e8s maintenant !\" \/>\n<meta property=\"og:url\" content=\"https:\/\/www.sacredheart.qc.ca\/fr\/portail-famille\/vidigami\/\" \/>\n<meta property=\"og:site_name\" content=\"The Sacred Heart School of Montreal\" \/>\n<meta property=\"article:publisher\" content=\"https:\/\/www.facebook.com\/SacredHeartMontreal\/\" \/>\n<meta property=\"article:modified_time\" content=\"2024-05-08T14:31:44+00:00\" \/>\n<meta property=\"og:image\" content=\"https:\/\/www.sacredheart.qc.ca\/wp-content\/uploads\/2021\/08\/LogoScredHeart-social.png\" \/>\n\t<meta property=\"og:image:width\" content=\"1557\" \/>\n\t<meta property=\"og:image:height\" content=\"645\" \/>\n\t<meta property=\"og:image:type\" content=\"image\/png\" \/>\n<meta name=\"twitter:card\" content=\"summary_large_image\" \/>\n<meta name=\"twitter:site\" content=\"@TheSHSM\" \/>\n<meta name=\"twitter:label1\" content=\"Dur\u00e9e de lecture estim\u00e9e\" \/>\n\t<meta name=\"twitter:data1\" content=\"2 minutes\" \/>\n<script type=\"application\/ld+json\" class=\"yoast-schema-graph\">{\"@context\":\"https:\\\/\\\/schema.org\",\"@graph\":[{\"@type\":\"WebPage\",\"@id\":\"https:\\\/\\\/www.sacredheart.qc.ca\\\/fr\\\/portail-famille\\\/vidigami\\\/\",\"url\":\"https:\\\/\\\/www.sacredheart.qc.ca\\\/fr\\\/portail-famille\\\/vidigami\\\/\",\"name\":\"Vidigami | La seule \u00e9cole priv\u00e9e catholique anglophone pour filles \u00e0 Montr\u00e9al | L'\u00c9cole Sacr\u00e9-C\u0153ur de Montr\u00e9al\",\"isPartOf\":{\"@id\":\"https:\\\/\\\/www.sacredheart.qc.ca\\\/fr\\\/#website\"},\"datePublished\":\"2021-10-13T18:09:52+00:00\",\"dateModified\":\"2024-05-08T14:31:44+00:00\",\"description\":\"La seule \u00e9cole priv\u00e9e catholique anglophone pour filles \u00e0 Montr\u00e9al - taux d'obtention de dipl\u00f4me de 100 %. Inscrivez-vous d\u00e8s maintenant !\",\"breadcrumb\":{\"@id\":\"https:\\\/\\\/www.sacredheart.qc.ca\\\/fr\\\/portail-famille\\\/vidigami\\\/#breadcrumb\"},\"inLanguage\":\"fr-FR\",\"potentialAction\":[{\"@type\":\"ReadAction\",\"target\":[\"https:\\\/\\\/www.sacredheart.qc.ca\\\/fr\\\/portail-famille\\\/vidigami\\\/\"]}]},{\"@type\":\"BreadcrumbList\",\"@id\":\"https:\\\/\\\/www.sacredheart.qc.ca\\\/fr\\\/portail-famille\\\/vidigami\\\/#breadcrumb\",\"itemListElement\":[{\"@type\":\"ListItem\",\"position\":1,\"name\":\"Home\",\"item\":\"https:\\\/\\\/www.sacredheart.qc.ca\\\/fr\\\/\"},{\"@type\":\"ListItem\",\"position\":2,\"name\":\"Vidigami\"}]},{\"@type\":\"WebSite\",\"@id\":\"https:\\\/\\\/www.sacredheart.qc.ca\\\/fr\\\/#website\",\"url\":\"https:\\\/\\\/www.sacredheart.qc.ca\\\/fr\\\/\",\"name\":\"The Sacred Heart School of Montreal\",\"description\":\"Girls Only Private Catholic English High School - 100% Graduation Rate\",\"publisher\":{\"@id\":\"https:\\\/\\\/www.sacredheart.qc.ca\\\/fr\\\/#organization\"},\"alternateName\":\"The Sacred Heart School of Montreal\",\"potentialAction\":[{\"@type\":\"SearchAction\",\"target\":{\"@type\":\"EntryPoint\",\"urlTemplate\":\"https:\\\/\\\/www.sacredheart.qc.ca\\\/fr\\\/?s={search_term_string}\"},\"query-input\":{\"@type\":\"PropertyValueSpecification\",\"valueRequired\":true,\"valueName\":\"search_term_string\"}}],\"inLanguage\":\"fr-FR\"},{\"@type\":\"Organization\",\"@id\":\"https:\\\/\\\/www.sacredheart.qc.ca\\\/fr\\\/#organization\",\"name\":\"The Sacred Heart School of Montreal\",\"url\":\"https:\\\/\\\/www.sacredheart.qc.ca\\\/fr\\\/\",\"logo\":{\"@type\":\"ImageObject\",\"inLanguage\":\"fr-FR\",\"@id\":\"https:\\\/\\\/www.sacredheart.qc.ca\\\/fr\\\/#\\\/schema\\\/logo\\\/image\\\/\",\"url\":\"https:\\\/\\\/www.sacredheart.qc.ca\\\/wp-content\\\/uploads\\\/2021\\\/06\\\/LogoScredHeart.svg\",\"contentUrl\":\"https:\\\/\\\/www.sacredheart.qc.ca\\\/wp-content\\\/uploads\\\/2021\\\/06\\\/LogoScredHeart.svg\",\"width\":\"1024\",\"height\":\"1024\",\"caption\":\"The Sacred Heart School of Montreal\"},\"image\":{\"@id\":\"https:\\\/\\\/www.sacredheart.qc.ca\\\/fr\\\/#\\\/schema\\\/logo\\\/image\\\/\"},\"sameAs\":[\"https:\\\/\\\/www.facebook.com\\\/SacredHeartMontreal\\\/\",\"https:\\\/\\\/x.com\\\/TheSHSM\",\"https:\\\/\\\/www.instagram.com\\\/SacredHeartMontreal\\\/\",\"https:\\\/\\\/www.linkedin.com\\\/school\\\/the-sacred-heart-school-of-montreal\\\/\",\"https:\\\/\\\/www.youtube.com\\\/user\\\/TheSacredHeartSchool\"]}]}<\/script>\n<!-- \/ Yoast SEO plugin. -->","yoast_head_json":{"title":"Vidigami | La seule \u00e9cole priv\u00e9e catholique anglophone pour filles \u00e0 Montr\u00e9al | L'\u00c9cole Sacr\u00e9-C\u0153ur de Montr\u00e9al","description":"La seule \u00e9cole priv\u00e9e catholique anglophone pour filles \u00e0 Montr\u00e9al - taux d'obtention de dipl\u00f4me de 100 %. Inscrivez-vous d\u00e8s maintenant !","robots":{"index":"index","follow":"follow","max-snippet":"max-snippet:-1","max-image-preview":"max-image-preview:large","max-video-preview":"max-video-preview:-1"},"canonical":"https:\/\/www.sacredheart.qc.ca\/fr\/portail-famille\/vidigami\/","og_locale":"fr_FR","og_type":"article","og_title":"Vidigami | La seule \u00e9cole priv\u00e9e catholique anglophone pour filles \u00e0 Montr\u00e9al | L'\u00c9cole Sacr\u00e9-C\u0153ur de Montr\u00e9al","og_description":"La seule \u00e9cole priv\u00e9e catholique anglophone pour filles \u00e0 Montr\u00e9al - taux d'obtention de dipl\u00f4me de 100 %. Inscrivez-vous d\u00e8s maintenant !","og_url":"https:\/\/www.sacredheart.qc.ca\/fr\/portail-famille\/vidigami\/","og_site_name":"The Sacred Heart School of Montreal","article_publisher":"https:\/\/www.facebook.com\/SacredHeartMontreal\/","article_modified_time":"2024-05-08T14:31:44+00:00","og_image":[{"width":1557,"height":645,"url":"https:\/\/www.sacredheart.qc.ca\/wp-content\/uploads\/2021\/08\/LogoScredHeart-social.png","type":"image\/png"}],"twitter_card":"summary_large_image","twitter_site":"@TheSHSM","twitter_misc":{"Dur\u00e9e de lecture estim\u00e9e":"2 minutes"},"schema":{"@context":"https:\/\/schema.org","@graph":[{"@type":"WebPage","@id":"https:\/\/www.sacredheart.qc.ca\/fr\/portail-famille\/vidigami\/","url":"https:\/\/www.sacredheart.qc.ca\/fr\/portail-famille\/vidigami\/","name":"Vidigami | La seule \u00e9cole priv\u00e9e catholique anglophone pour filles \u00e0 Montr\u00e9al | L'\u00c9cole Sacr\u00e9-C\u0153ur de Montr\u00e9al","isPartOf":{"@id":"https:\/\/www.sacredheart.qc.ca\/fr\/#website"},"datePublished":"2021-10-13T18:09:52+00:00","dateModified":"2024-05-08T14:31:44+00:00","description":"La seule \u00e9cole priv\u00e9e catholique anglophone pour filles \u00e0 Montr\u00e9al - taux d'obtention de dipl\u00f4me de 100 %. Inscrivez-vous d\u00e8s maintenant !","breadcrumb":{"@id":"https:\/\/www.sacredheart.qc.ca\/fr\/portail-famille\/vidigami\/#breadcrumb"},"inLanguage":"fr-FR","potentialAction":[{"@type":"ReadAction","target":["https:\/\/www.sacredheart.qc.ca\/fr\/portail-famille\/vidigami\/"]}]},{"@type":"BreadcrumbList","@id":"https:\/\/www.sacredheart.qc.ca\/fr\/portail-famille\/vidigami\/#breadcrumb","itemListElement":[{"@type":"ListItem","position":1,"name":"Home","item":"https:\/\/www.sacredheart.qc.ca\/fr\/"},{"@type":"ListItem","position":2,"name":"Vidigami"}]},{"@type":"WebSite","@id":"https:\/\/www.sacredheart.qc.ca\/fr\/#website","url":"https:\/\/www.sacredheart.qc.ca\/fr\/","name":"The Sacred Heart School of Montreal","description":"Girls Only Private Catholic English High School - 100% Graduation Rate","publisher":{"@id":"https:\/\/www.sacredheart.qc.ca\/fr\/#organization"},"alternateName":"The Sacred Heart School of Montreal","potentialAction":[{"@type":"SearchAction","target":{"@type":"EntryPoint","urlTemplate":"https:\/\/www.sacredheart.qc.ca\/fr\/?s={search_term_string}"},"query-input":{"@type":"PropertyValueSpecification","valueRequired":true,"valueName":"search_term_string"}}],"inLanguage":"fr-FR"},{"@type":"Organization","@id":"https:\/\/www.sacredheart.qc.ca\/fr\/#organization","name":"The Sacred Heart School of Montreal","url":"https:\/\/www.sacredheart.qc.ca\/fr\/","logo":{"@type":"ImageObject","inLanguage":"fr-FR","@id":"https:\/\/www.sacredheart.qc.ca\/fr\/#\/schema\/logo\/image\/","url":"https:\/\/www.sacredheart.qc.ca\/wp-content\/uploads\/2021\/06\/LogoScredHeart.svg","contentUrl":"https:\/\/www.sacredheart.qc.ca\/wp-content\/uploads\/2021\/06\/LogoScredHeart.svg","width":"1024","height":"1024","caption":"The Sacred Heart School of Montreal"},"image":{"@id":"https:\/\/www.sacredheart.qc.ca\/fr\/#\/schema\/logo\/image\/"},"sameAs":["https:\/\/www.facebook.com\/SacredHeartMontreal\/","https:\/\/x.com\/TheSHSM","https:\/\/www.instagram.com\/SacredHeartMontreal\/","https:\/\/www.linkedin.com\/school\/the-sacred-heart-school-of-montreal\/","https:\/\/www.youtube.com\/user\/TheSacredHeartSchool"]}]}},"ticketed":false,"_links":{"self":[{"href":"https:\/\/www.sacredheart.qc.ca\/fr\/wp-json\/wp\/v2\/pages\/17726","targetHints":{"allow":["GET"]}}],"collection":[{"href":"https:\/\/www.sacredheart.qc.ca\/fr\/wp-json\/wp\/v2\/pages"}],"about":[{"href":"https:\/\/www.sacredheart.qc.ca\/fr\/wp-json\/wp\/v2\/types\/page"}],"author":[{"embeddable":true,"href":"https:\/\/www.sacredheart.qc.ca\/fr\/wp-json\/wp\/v2\/users\/19"}],"replies":[{"embeddable":true,"href":"https:\/\/www.sacredheart.qc.ca\/fr\/wp-json\/wp\/v2\/comments?post=17726"}],"version-history":[{"count":0,"href":"https:\/\/www.sacredheart.qc.ca\/fr\/wp-json\/wp\/v2\/pages\/17726\/revisions"}],"wp:attachment":[{"href":"https:\/\/www.sacredheart.qc.ca\/fr\/wp-json\/wp\/v2\/media?parent=17726"}],"curies":[{"name":"wp","href":"https:\/\/api.w.org\/{rel}","templated":true}]}}