{"id":17725,"date":"2021-08-18T13:32:07","date_gmt":"2021-08-18T17:32:07","guid":{"rendered":"https:\/\/www.sacredheart.qc.ca\/?page_id=17725"},"modified":"2025-08-18T11:39:38","modified_gmt":"2025-08-18T15:39:38","slug":"acces-a-la-bibliotheque","status":"publish","type":"page","link":"https:\/\/www.sacredheart.qc.ca\/fr\/portail-famille\/acces-bibliotheque\/","title":{"rendered":"Acc\u00e8s \u00e0 la biblioth\u00e8que"},"content":{"rendered":"\n<h1>\n\t\t\tAcc\u00e8s \u00e0 la biblioth\u00e8que\t<\/h1>\n<h2>\n\t\t\tHeures d&rsquo;ouverture de la biblioth\u00e8que\t<\/h2>\n\t<p>Du lundi au vendredi : de 8h00 \u00e0 16h00<\/p>\n\t\t\t<a href=\"http:\/\/library.sacredheart.qc.ca:9292\" target=\"_blank\" rel=\"noopener nofollow\">\n\t\t\t\t\t\t\tAcc\u00e9der au catalogue en ligne de la biblioth\u00e8que\n\t\t\t\t\t<\/a>\n\t<p>La biblioth\u00e8que de l&rsquo;\u00c9cole Sacr\u00e9 Coeur de Montr\u00e9al est abonn\u00e9e aux bases de donn\u00e9es EBSCO, qui comprennent des centaines de journaux, de magazines, de revues acad\u00e9miques, ainsi que d&rsquo;autres ouvrages de r\u00e9f\u00e9rence. Lire des magazines en PDF dans EBSCOHost.<\/p>\n<p>Acc\u00e9dez aux bases de donn\u00e9es EBSCO \u00e0 la maison en vous connectant d&rsquo;abord \u00e0 l&rsquo;\u00e9cole et en cr\u00e9ant un compte \u00e0 l&rsquo;aide de Google SSO. Contactez la biblioth\u00e9caire pour plus d&rsquo;informations.<\/p>\n\t\t\t\t<img decoding=\"async\" src=\"\/wp-content\/uploads\/2021\/08\/Book-1.svg\" alt=\"\" title=\"\" itemprop=\"image\"\/>\n\t\t<!-- Comment to fix spacing issue\n\t-->\n\t\tLivres0Volumes en anglais et en fran\u00e7ais\n\t<!-- Comment to fix spacing issue\n\t-->\t\n\t\t\t\t<img decoding=\"async\" src=\"\/wp-content\/uploads\/2021\/08\/Magazine-1.svg\" alt=\"\" title=\"\" itemprop=\"image\"\/>\n\t\t<!-- Comment to fix spacing issue\n\t-->\n\t\tMagazines0Abonnement \u00e0 des publications en anglais et en fran\u00e7ais\n\t<!-- Comment to fix spacing issue\n\t-->\t\n\t\t\t\t<img decoding=\"async\" src=\"\/wp-content\/uploads\/2021\/08\/Newspaper-1.svg\" alt=\"\" title=\"\" itemprop=\"image\"\/>\n\t\t<!-- Comment to fix spacing issue\n\t-->\n\t\tJournaux0%The Montreal Gazette (imprim\u00e9 et num\u00e9rique) et La Presse (num\u00e9rique).\n\t<!-- Comment to fix spacing issue\n\t-->\t\n\t\t\t\t<img decoding=\"async\" src=\"\/wp-content\/uploads\/2021\/08\/Computer-1.svg\" alt=\"\" title=\"\" itemprop=\"image\"\/>\n\t\t<!-- Comment to fix spacing issue\n\t-->\n\t\tOrdinateurs0Ordinateurs connect\u00e9s \u00e0 une imprimante et \u00e0 un scanner\n\t<!-- Comment to fix spacing issue\n\t-->\t\n\t\t\t\t<img decoding=\"async\" src=\"https:\/\/www.sacredheart.qc.ca\/wp-content\/uploads\/2021\/08\/explora_web_button_200x100.gif\" alt=\"explora_web_button_200x100\" title=\"explora_web_button_200x100\" itemprop=\"image\"\/>\n\t\t\t\t\t\t\t\t\t\t\t\t<h2>Explora<\/h2>\n\t\t\t\t\t\t<p>Recherche initiale<\/p>\t\t\t\t\t\n\t\t\t<!-- END .front -->\n\t\t\t\t\t\t\t\t\t\t<h4>Explora<\/h4>\n\t\t\t\t\t\t<p>Pour une recherche initiale\/g\u00e9n\u00e9rale.<\/p>\t\t\t\t\t\n\t\t\t<a href=\"https:\/\/search.ebscohost.com\/login.aspx?authtype=ip,uid&#038;custid=ns120664&#038;groupid=main&#038;profile=exploraca\" title=\"Cliquez ici\" target=\"_blank\" rel=\"noopener\"  role=\"button\" aria-label=\"Access\">\n\t\t\t\t\t\t\tAccess\n\t\t<\/a>\n\t\t\t<!-- END .back -->\n\t\t <!-- ifb-flip-box -->\n\t <!-- flip-box -->\n\t\t\t<img decoding=\"async\" src=\"https:\/\/www.sacredheart.qc.ca\/wp-content\/uploads\/2021\/08\/explora_web_button_200x100.gif\" alt=\"\"\/>\t\t\t\n\t\t<h5>Popup modal &#8211; ID<\/h5>\n\t\tCliquez ici pour modifier les param\u00e8tres du &quot;Popup modal&quot;. Ce texte ne sera pas visible sur le frontend.\t\n\t\t\t\t<img decoding=\"async\" src=\"https:\/\/www.sacredheart.qc.ca\/wp-content\/uploads\/2021\/08\/EBSCOhost_button_200x100.gif\" alt=\"EBSCOhost_button_200x100\" title=\"EBSCOhost_button_200x100\" itemprop=\"image\"\/>\n\t\t\t\t\t\t\t\t\t\t\t\t<h2>EBSCOhost<\/h2>\n\t\t\t\t\t\t<p>Recherche d\u00e9taill\u00e9e<\/p>\t\t\t\t\t\n\t\t\t<!-- END .front -->\n\t\t\t\t\t\t\t\t\t\t<h4>EBSCOhost<\/h4>\n\t\t\t\t\t\t<p>Pour une recherche d\u00e9taill\u00e9e.<\/p>\t\t\t\t\t\n\t\t\t<a href=\"http:\/\/search.ebscohost.com\/login.aspx?authtype=ip,uid&#038;custid=ns120664&#038;profile=ehost&#038;defaultdb=ulh&#038;defaultdb=rch&#038;groupid=main\" title=\"Cliquez ici\" target=\"_blank\" rel=\"noopener\"  role=\"button\" aria-label=\"Access\">\n\t\t\t\t\t\t\tAccess\n\t\t<\/a>\n\t\t\t<!-- END .back -->\n\t\t <!-- ifb-flip-box -->\n\t <!-- flip-box -->\n\t\t\t<img decoding=\"async\" src=\"https:\/\/www.sacredheart.qc.ca\/wp-content\/uploads\/2021\/08\/EBSCOhost_button_200x100.gif\" alt=\"\"\/>\t\t\t\n\t\t<h5>Popup modal &#8211; ID<\/h5>\n\t\tCliquez ici pour modifier les param\u00e8tres du &quot;Popup modal&quot;. Ce texte ne sera pas visible sur le frontend.\t\n\t\t\t\t<img decoding=\"async\" src=\"https:\/\/www.sacredheart.qc.ca\/wp-content\/uploads\/2021\/08\/Icon_eBook_400wide.png\" alt=\"Icon_eBook_400wide\" title=\"Icon_eBook_400wide\" itemprop=\"image\"\/>\n\t\t\t\t\t\t\t\t\t\t\t\t<h2>Collection de livres \u00e9lectroniques Infobase<\/h2>\n\t\t\t\t\t\t<p>Livres \u00e9lectroniques non fictionnels<\/p>\t\t\t\t\t\n\t\t\t<!-- END .front -->\n\t\t\t\t\t\t\t\t\t\t<h4>Collection de livres \u00e9lectroniques Infobase<\/h4>\n\t\t\t\t\t\t<p>Comprend des centaines de titres de non-fiction actualis\u00e9s.<\/p>\t\t\t\t\t\n\t\t\t<a href=\"https:\/\/ebooks.infobase.com\/PortalPlayLists.aspx?wid=269166\" title=\"Cliquez ici\" target=\"_blank\" rel=\"noopener\"  role=\"button\" aria-label=\"Access\">\n\t\t\t\t\t\t\tAccess\n\t\t<\/a>\n\t\t\t<!-- END .back -->\n\t\t <!-- ifb-flip-box -->\n\t <!-- flip-box -->\n\t\t\t<img decoding=\"async\" src=\"https:\/\/www.sacredheart.qc.ca\/wp-content\/uploads\/2021\/08\/Icon_eBook_400wide.png\" alt=\"\"\/>\t\t\t\n\t\t<h5>Popup modal &#8211; ID<\/h5>\n\t\tCliquez ici pour modifier les param\u00e8tres du &quot;Popup modal&quot;. Ce texte ne sera pas visible sur le frontend.\t\n\t\t\t\t<img decoding=\"async\" src=\"https:\/\/www.sacredheart.qc.ca\/wp-content\/uploads\/2021\/08\/B_estax_2.jpeg\" alt=\"B_estax_2\" title=\"B_estax_2\" itemprop=\"image\"\/>\n\t\t\t\t\t\t\t\t\t\t\t\t<h2>Britannica E-Stax<\/h2>\n\t\t\t\t\t\t<p>Livres \u00e9lectroniques non fictionnels<\/p>\t\t\t\t\t\n\t\t\t<!-- END .front -->\n\t\t\t\t\t\t\t\t\t\t<h4>Britannica E-Stax<\/h4>\n\t\t\t\t\t\t<p>Comprend des centaines de titres de non-fiction actualis\u00e9s.<\/p>\t\t\t\t\t\n\t\t\t<a href=\"http:\/\/ebooks.eb.com\/\" title=\"Cliquez ici\" target=\"_blank\" rel=\"noopener\"  role=\"button\" aria-label=\"Access\">\n\t\t\t\t\t\t\tAccess\n\t\t<\/a>\n\t\t\t<!-- END .back -->\n\t\t <!-- ifb-flip-box -->\n\t <!-- flip-box -->\n\t\t\t<img decoding=\"async\" src=\"https:\/\/www.sacredheart.qc.ca\/wp-content\/uploads\/2021\/08\/HRSOnlineLogo-300x127-1.png\" alt=\"\"\/>\t\t\t\n\t\t<h5>Popup modal &#8211; ID<\/h5>\n\t\tCliquez ici pour modifier les param\u00e8tres du &quot;Popup modal&quot;. Ce texte ne sera pas visible sur le frontend.\t\n\t\t\t\t<img decoding=\"async\" src=\"https:\/\/www.sacredheart.qc.ca\/wp-content\/uploads\/2021\/08\/HRSOnlineLogo-300x127-1.png\" alt=\"HRSOnlineLogo-300x127\" title=\"HRSOnlineLogo-300x127\" itemprop=\"image\"\/>\n\t\t\t\t\t\t\t\t\t\t\t\t<h2>S\u00e9rie de r\u00e9f\u00e9rence sur la sant\u00e9<\/h2>\n\t\t\t\t\t\t<p>S\u00e9rie de livres \u00e9lectroniques sur la sant\u00e9 des adolescents<\/p>\t\t\t\t\t\n\t\t\t<!-- END .front -->\n\t\t\t\t\t\t\t\t\t\t<h4>S\u00e9rie de r\u00e9f\u00e9rence sur la sant\u00e9<\/h4>\n\t\t\t\t\t\t<p>Imprimez des copies dans la section de r\u00e9f\u00e9rence.<\/p>\t\t\t\t\t\n\t\t\t<a href=\"http:\/\/online.omnigraphics.com\/#\/login\/2SPRbVvKU44%3D\" title=\"Cliquez ici\" target=\"_blank\" rel=\"noopener\"  role=\"button\" aria-label=\"Access\">\n\t\t\t\t\t\t\tAccess\n\t\t<\/a>\n\t\t\t<!-- END .back -->\n\t\t <!-- ifb-flip-box -->\n\t <!-- flip-box -->\n\t\t\t<img decoding=\"async\" src=\"https:\/\/www.sacredheart.qc.ca\/wp-content\/uploads\/2021\/08\/ReadIt_ProductButton_200px.png\" alt=\"\"\/>\t\t\t\n\t\t<h5>Popup modal &#8211; ID<\/h5>\n\t\tCliquez ici pour modifier les param\u00e8tres du &quot;Popup modal&quot;. Ce texte ne sera pas visible sur le frontend.\t\n\t\t\t\t<img decoding=\"async\" src=\"https:\/\/www.sacredheart.qc.ca\/wp-content\/uploads\/2021\/08\/ASE_button_200x100.gif\" alt=\"ASE_button_200x100\" title=\"ASE_button_200x100\" itemprop=\"image\"\/>\n\t\t\t\t\t\t\t\t\t\t\t\t<h2>Academic Search Elite<\/h2>\n\t\t\t\t\t\t<p>Recherche avanc\u00e9e<\/p>\t\t\t\t\t\n\t\t\t<!-- END .front -->\n\t\t\t\t\t\t\t\t\t\t<h4>Academic Search Elite<\/h4>\n\t\t\t\t\t\t<p>Articles en texte int\u00e9gral<\/p>\t\t\t\t\t\n\t\t\t<a href=\"https:\/\/search.ebscohost.com\/login.aspx?authtype=ip,uid&#038;custid=ns120664&#038;groupid=main&#038;profile=ehost&#038;defaultdb=afh\" title=\"Cliquez ici\" target=\"_blank\" rel=\"noopener\"  role=\"button\" aria-label=\"Access\">\n\t\t\t\t\t\t\tAccess\n\t\t<\/a>\n\t\t\t<!-- END .back -->\n\t\t <!-- ifb-flip-box -->\n\t <!-- flip-box -->\n\t\t\t<img decoding=\"async\" src=\"https:\/\/www.sacredheart.qc.ca\/wp-content\/uploads\/2021\/08\/ASE_button_200x100.gif\" alt=\"\"\/>\t\t\t\n\t\t<h5>Popup modal &#8211; ID<\/h5>\n\t\tCliquez ici pour modifier les param\u00e8tres du &quot;Popup modal&quot;. Ce texte ne sera pas visible sur le frontend.\t\n\t\t\t\t<img decoding=\"async\" src=\"https:\/\/www.sacredheart.qc.ca\/wp-content\/uploads\/2021\/08\/cpovrc_button_150x75.gif\" alt=\"cpovrc_button_150x75\" title=\"cpovrc_button_150x75\" itemprop=\"image\"\/>\n\t\t\t\t\t\t\t\t\t\t\t\t<h2>Points de vue canadiens<\/h2>\n\t\t\t\t\t\t<p>Centre de r\u00e9f\u00e9rence<\/p>\t\t\t\t\t\n\t\t\t<!-- END .front -->\n\t\t\t\t\t\t\t\t\t\t<h4>Points de vue canadiens<\/h4>\n\t\t\t\t\t\t<p>Arguments de point\/contrepoint<\/p>\t\t\t\t\t\n\t\t\t<a href=\"https:\/\/search.ebscohost.com\/login.aspx?authtype=ip,uid&#038;custid=ns120664&#038;groupid=main&#038;profile=pov-can\" title=\"Cliquez ici\" target=\"_blank\" rel=\"noopener\"  role=\"button\" aria-label=\"Access\">\n\t\t\t\t\t\t\tAccess\n\t\t<\/a>\n\t\t\t<!-- END .back -->\n\t\t <!-- ifb-flip-box -->\n\t <!-- flip-box -->\n\t\t\t<img decoding=\"async\" src=\"https:\/\/www.sacredheart.qc.ca\/wp-content\/uploads\/2021\/08\/cpovrc_button_150x75.gif\" alt=\"\"\/>\t\t\t\n\t\t<h5>Popup modal &#8211; ID<\/h5>\n\t\tCliquez ici pour modifier les param\u00e8tres du &quot;Popup modal&quot;. Ce texte ne sera pas visible sur le frontend.\t\n\t\t\t\t<img decoding=\"async\" src=\"https:\/\/www.sacredheart.qc.ca\/wp-content\/uploads\/2021\/08\/POVRC_button_150x75.gif\" alt=\"POVRC_button_150x75\" title=\"POVRC_button_150x75\" itemprop=\"image\"\/>\n\t\t\t\t\t\t\t\t\t\t\t\t<h2>Points de vue<\/h2>\n\t\t\t\t\t\t<p>Centre de r\u00e9f\u00e9rence<\/p>\t\t\t\t\t\n\t\t\t<!-- END .front -->\n\t\t\t\t\t\t\t\t\t\t<h4>Points de vue<\/h4>\n\t\t\t\t\t\t<p>Guides de recherche<\/p>\t\t\t\t\t\n\t\t\t<a href=\"https:\/\/search.ebscohost.com\/login.aspx?authtype=ip,uid&#038;custid=ns120664&#038;groupid=main&#038;profile=pov\" title=\"Cliquez ici\" target=\"_blank\" rel=\"noopener\"  role=\"button\" aria-label=\"Access\">\n\t\t\t\t\t\t\tAccess\n\t\t<\/a>\n\t\t\t<!-- END .back -->\n\t\t <!-- ifb-flip-box -->\n\t <!-- flip-box -->\n\t\t\t<img decoding=\"async\" src=\"https:\/\/www.sacredheart.qc.ca\/wp-content\/uploads\/2021\/08\/POVRC_button_150x75.gif\" alt=\"\"\/>\t\t\t\n\t\t<h5>Popup modal &#8211; ID<\/h5>\n\t\tCliquez ici pour modifier les param\u00e8tres du &quot;Popup modal&quot;. Ce texte ne sera pas visible sur le frontend.\t\n<h2>\n\t\t\tService de r\u00e9f\u00e9rence\t<\/h2>\n\t<p>Gr\u00e2ce \u00e0 un calendrier de r\u00e9servation par classe, les enseignants am\u00e8nent leurs \u00e9l\u00e8ves \u00e0 la biblioth\u00e8que pour travailler sur les projets qui leur sont confi\u00e9s. Les \u00e9tudiantes sont guid\u00e9s dans leurs recherches par la biblioth\u00e9caire et leur professeur.<\/p>\n<p>Les \u00e9tudiantes b\u00e9n\u00e9ficient d&rsquo;une aide pour choisir les romans qu&rsquo;ils liront en classe ou pour leur propre plaisir.<\/p>\n<p>Des cours sont dispens\u00e9s, en groupe ou individuellement, sur l&rsquo;utilisation correcte des ressources, qui comprennent des livres, des magazines, des bases de donn\u00e9es \u00e9lectroniques et des ressources Internet.<\/p>\n\n","protected":false},"excerpt":{"rendered":"<p>Acc\u00e8s \u00e0 la biblioth\u00e8que Heures d&rsquo;ouverture de la biblioth\u00e8que Du lundi au vendredi : de 8h00 \u00e0 16h00 Acc\u00e9der au catalogue en ligne de la biblioth\u00e8que La biblioth\u00e8que de l&rsquo;\u00c9cole&hellip;<\/p>\n","protected":false},"author":6,"featured_media":0,"parent":0,"menu_order":59,"comment_status":"closed","ping_status":"closed","template":"","meta":{"_acf_changed":false,"inline_featured_image":false,"_price":"","_stock":"","_tribe_ticket_header":"","_tribe_default_ticket_provider":"","_tribe_ticket_capacity":"0","_ticket_start_date":"","_ticket_end_date":"","_tribe_ticket_show_description":"","_tribe_ticket_show_not_going":false,"_tribe_ticket_use_global_stock":"","_tribe_ticket_global_stock_level":"","_global_stock_mode":"","_global_stock_cap":"","_tribe_rsvp_for_event":"","_tribe_ticket_going_count":"","_tribe_ticket_not_going_count":"","_tribe_tickets_list":"[]","_tribe_ticket_has_attendee_info_fields":false,"footnotes":"","_tec_slr_enabled":"","_tec_slr_layout":""},"class_list":["post-17725","page","type-page","status-publish","hentry"],"acf":[],"yoast_head":"<!-- This site is optimized with the Yoast SEO plugin v27.3 - https:\/\/yoast.com\/product\/yoast-seo-wordpress\/ -->\n<title>Acc\u00e8s \u00e0 la biblioth\u00e8que | La seule \u00e9cole priv\u00e9e catholique anglophone pour filles \u00e0 Montr\u00e9al | L&#039;\u00c9cole Sacr\u00e9-C\u0153ur de Montr\u00e9al<\/title>\n<meta name=\"description\" content=\"La biblioth\u00e8que de l&#039;\u00e9cole du Sacr\u00e9-C\u0153ur compte 15 000 volumes, 17 abonnements \u00e0 des magazines et est abonn\u00e9e aux bases de donn\u00e9es EBSCO, qui comprennent des centaines de journaux, de magazines et d&#039;autres ouvrages de r\u00e9f\u00e9rence.\" \/>\n<meta name=\"robots\" content=\"index, follow, max-snippet:-1, max-image-preview:large, max-video-preview:-1\" \/>\n<link rel=\"canonical\" href=\"https:\/\/www.sacredheart.qc.ca\/fr\/portail-famille\/acces-bibliotheque\/\" \/>\n<meta property=\"og:locale\" content=\"fr_FR\" \/>\n<meta property=\"og:type\" content=\"article\" \/>\n<meta property=\"og:title\" content=\"Acc\u00e8s \u00e0 la biblioth\u00e8que | La seule \u00e9cole priv\u00e9e catholique anglophone pour filles \u00e0 Montr\u00e9al | L&#039;\u00c9cole Sacr\u00e9-C\u0153ur de Montr\u00e9al\" \/>\n<meta property=\"og:description\" content=\"La biblioth\u00e8que de l&#039;\u00e9cole du Sacr\u00e9-C\u0153ur compte 15 000 volumes, 17 abonnements \u00e0 des magazines et est abonn\u00e9e aux bases de donn\u00e9es EBSCO, qui comprennent des centaines de journaux, de magazines et d&#039;autres ouvrages de r\u00e9f\u00e9rence.\" \/>\n<meta property=\"og:url\" content=\"https:\/\/www.sacredheart.qc.ca\/fr\/portail-famille\/acces-bibliotheque\/\" \/>\n<meta property=\"og:site_name\" content=\"The Sacred Heart School of Montreal\" \/>\n<meta property=\"article:publisher\" content=\"https:\/\/www.facebook.com\/SacredHeartMontreal\/\" \/>\n<meta property=\"article:modified_time\" content=\"2025-08-18T15:39:38+00:00\" \/>\n<meta property=\"og:image\" content=\"https:\/\/www.sacredheart.qc.ca\/wp-content\/uploads\/2021\/08\/explora_web_button_200x100.gif\" \/>\n<meta name=\"twitter:card\" content=\"summary_large_image\" \/>\n<meta name=\"twitter:site\" content=\"@TheSHSM\" \/>\n<meta name=\"twitter:label1\" content=\"Dur\u00e9e de lecture estim\u00e9e\" \/>\n\t<meta name=\"twitter:data1\" content=\"7 minutes\" \/>\n<script type=\"application\/ld+json\" class=\"yoast-schema-graph\">{\"@context\":\"https:\\\/\\\/schema.org\",\"@graph\":[{\"@type\":\"WebPage\",\"@id\":\"https:\\\/\\\/www.sacredheart.qc.ca\\\/fr\\\/portail-famille\\\/acces-bibliotheque\\\/\",\"url\":\"https:\\\/\\\/www.sacredheart.qc.ca\\\/fr\\\/portail-famille\\\/acces-bibliotheque\\\/\",\"name\":\"Acc\u00e8s \u00e0 la biblioth\u00e8que | La seule \u00e9cole priv\u00e9e catholique anglophone pour filles \u00e0 Montr\u00e9al | L'\u00c9cole Sacr\u00e9-C\u0153ur de Montr\u00e9al\",\"isPartOf\":{\"@id\":\"https:\\\/\\\/www.sacredheart.qc.ca\\\/fr\\\/#website\"},\"primaryImageOfPage\":{\"@id\":\"https:\\\/\\\/www.sacredheart.qc.ca\\\/fr\\\/portail-famille\\\/acces-bibliotheque\\\/#primaryimage\"},\"image\":{\"@id\":\"https:\\\/\\\/www.sacredheart.qc.ca\\\/fr\\\/portail-famille\\\/acces-bibliotheque\\\/#primaryimage\"},\"thumbnailUrl\":\"https:\\\/\\\/www.sacredheart.qc.ca\\\/wp-content\\\/uploads\\\/2021\\\/08\\\/explora_web_button_200x100.gif\",\"datePublished\":\"2021-08-18T17:32:07+00:00\",\"dateModified\":\"2025-08-18T15:39:38+00:00\",\"description\":\"La biblioth\u00e8que de l'\u00e9cole du Sacr\u00e9-C\u0153ur compte 15 000 volumes, 17 abonnements \u00e0 des magazines et est abonn\u00e9e aux bases de donn\u00e9es EBSCO, qui comprennent des centaines de journaux, de magazines et d'autres ouvrages de r\u00e9f\u00e9rence.\",\"breadcrumb\":{\"@id\":\"https:\\\/\\\/www.sacredheart.qc.ca\\\/fr\\\/portail-famille\\\/acces-bibliotheque\\\/#breadcrumb\"},\"inLanguage\":\"fr-FR\",\"potentialAction\":[{\"@type\":\"ReadAction\",\"target\":[\"https:\\\/\\\/www.sacredheart.qc.ca\\\/fr\\\/portail-famille\\\/acces-bibliotheque\\\/\"]}]},{\"@type\":\"ImageObject\",\"inLanguage\":\"fr-FR\",\"@id\":\"https:\\\/\\\/www.sacredheart.qc.ca\\\/fr\\\/portail-famille\\\/acces-bibliotheque\\\/#primaryimage\",\"url\":\"https:\\\/\\\/www.sacredheart.qc.ca\\\/wp-content\\\/uploads\\\/2021\\\/08\\\/explora_web_button_200x100.gif\",\"contentUrl\":\"https:\\\/\\\/www.sacredheart.qc.ca\\\/wp-content\\\/uploads\\\/2021\\\/08\\\/explora_web_button_200x100.gif\"},{\"@type\":\"BreadcrumbList\",\"@id\":\"https:\\\/\\\/www.sacredheart.qc.ca\\\/fr\\\/portail-famille\\\/acces-bibliotheque\\\/#breadcrumb\",\"itemListElement\":[{\"@type\":\"ListItem\",\"position\":1,\"name\":\"Home\",\"item\":\"https:\\\/\\\/www.sacredheart.qc.ca\\\/fr\\\/\"},{\"@type\":\"ListItem\",\"position\":2,\"name\":\"Acc\u00e8s \u00e0 la biblioth\u00e8que\"}]},{\"@type\":\"WebSite\",\"@id\":\"https:\\\/\\\/www.sacredheart.qc.ca\\\/fr\\\/#website\",\"url\":\"https:\\\/\\\/www.sacredheart.qc.ca\\\/fr\\\/\",\"name\":\"The Sacred Heart School of Montreal\",\"description\":\"Girls Only Private Catholic English High School - 100% Graduation Rate\",\"publisher\":{\"@id\":\"https:\\\/\\\/www.sacredheart.qc.ca\\\/fr\\\/#organization\"},\"alternateName\":\"The Sacred Heart School of Montreal\",\"potentialAction\":[{\"@type\":\"SearchAction\",\"target\":{\"@type\":\"EntryPoint\",\"urlTemplate\":\"https:\\\/\\\/www.sacredheart.qc.ca\\\/fr\\\/?s={search_term_string}\"},\"query-input\":{\"@type\":\"PropertyValueSpecification\",\"valueRequired\":true,\"valueName\":\"search_term_string\"}}],\"inLanguage\":\"fr-FR\"},{\"@type\":\"Organization\",\"@id\":\"https:\\\/\\\/www.sacredheart.qc.ca\\\/fr\\\/#organization\",\"name\":\"The Sacred Heart School of Montreal\",\"url\":\"https:\\\/\\\/www.sacredheart.qc.ca\\\/fr\\\/\",\"logo\":{\"@type\":\"ImageObject\",\"inLanguage\":\"fr-FR\",\"@id\":\"https:\\\/\\\/www.sacredheart.qc.ca\\\/fr\\\/#\\\/schema\\\/logo\\\/image\\\/\",\"url\":\"https:\\\/\\\/www.sacredheart.qc.ca\\\/wp-content\\\/uploads\\\/2021\\\/06\\\/LogoScredHeart.svg\",\"contentUrl\":\"https:\\\/\\\/www.sacredheart.qc.ca\\\/wp-content\\\/uploads\\\/2021\\\/06\\\/LogoScredHeart.svg\",\"width\":\"1024\",\"height\":\"1024\",\"caption\":\"The Sacred Heart School of Montreal\"},\"image\":{\"@id\":\"https:\\\/\\\/www.sacredheart.qc.ca\\\/fr\\\/#\\\/schema\\\/logo\\\/image\\\/\"},\"sameAs\":[\"https:\\\/\\\/www.facebook.com\\\/SacredHeartMontreal\\\/\",\"https:\\\/\\\/x.com\\\/TheSHSM\",\"https:\\\/\\\/www.instagram.com\\\/SacredHeartMontreal\\\/\",\"https:\\\/\\\/www.linkedin.com\\\/school\\\/the-sacred-heart-school-of-montreal\\\/\",\"https:\\\/\\\/www.youtube.com\\\/user\\\/TheSacredHeartSchool\"]}]}<\/script>\n<!-- \/ Yoast SEO plugin. -->","yoast_head_json":{"title":"Acc\u00e8s \u00e0 la biblioth\u00e8que | La seule \u00e9cole priv\u00e9e catholique anglophone pour filles \u00e0 Montr\u00e9al | L'\u00c9cole Sacr\u00e9-C\u0153ur de Montr\u00e9al","description":"La biblioth\u00e8que de l'\u00e9cole du Sacr\u00e9-C\u0153ur compte 15 000 volumes, 17 abonnements \u00e0 des magazines et est abonn\u00e9e aux bases de donn\u00e9es EBSCO, qui comprennent des centaines de journaux, de magazines et d'autres ouvrages de r\u00e9f\u00e9rence.","robots":{"index":"index","follow":"follow","max-snippet":"max-snippet:-1","max-image-preview":"max-image-preview:large","max-video-preview":"max-video-preview:-1"},"canonical":"https:\/\/www.sacredheart.qc.ca\/fr\/portail-famille\/acces-bibliotheque\/","og_locale":"fr_FR","og_type":"article","og_title":"Acc\u00e8s \u00e0 la biblioth\u00e8que | La seule \u00e9cole priv\u00e9e catholique anglophone pour filles \u00e0 Montr\u00e9al | L'\u00c9cole Sacr\u00e9-C\u0153ur de Montr\u00e9al","og_description":"La biblioth\u00e8que de l'\u00e9cole du Sacr\u00e9-C\u0153ur compte 15 000 volumes, 17 abonnements \u00e0 des magazines et est abonn\u00e9e aux bases de donn\u00e9es EBSCO, qui comprennent des centaines de journaux, de magazines et d'autres ouvrages de r\u00e9f\u00e9rence.","og_url":"https:\/\/www.sacredheart.qc.ca\/fr\/portail-famille\/acces-bibliotheque\/","og_site_name":"The Sacred Heart School of Montreal","article_publisher":"https:\/\/www.facebook.com\/SacredHeartMontreal\/","article_modified_time":"2025-08-18T15:39:38+00:00","og_image":[{"url":"https:\/\/www.sacredheart.qc.ca\/wp-content\/uploads\/2021\/08\/explora_web_button_200x100.gif","type":"","width":"","height":""}],"twitter_card":"summary_large_image","twitter_site":"@TheSHSM","twitter_misc":{"Dur\u00e9e de lecture estim\u00e9e":"7 minutes"},"schema":{"@context":"https:\/\/schema.org","@graph":[{"@type":"WebPage","@id":"https:\/\/www.sacredheart.qc.ca\/fr\/portail-famille\/acces-bibliotheque\/","url":"https:\/\/www.sacredheart.qc.ca\/fr\/portail-famille\/acces-bibliotheque\/","name":"Acc\u00e8s \u00e0 la biblioth\u00e8que | La seule \u00e9cole priv\u00e9e catholique anglophone pour filles \u00e0 Montr\u00e9al | L'\u00c9cole Sacr\u00e9-C\u0153ur de Montr\u00e9al","isPartOf":{"@id":"https:\/\/www.sacredheart.qc.ca\/fr\/#website"},"primaryImageOfPage":{"@id":"https:\/\/www.sacredheart.qc.ca\/fr\/portail-famille\/acces-bibliotheque\/#primaryimage"},"image":{"@id":"https:\/\/www.sacredheart.qc.ca\/fr\/portail-famille\/acces-bibliotheque\/#primaryimage"},"thumbnailUrl":"https:\/\/www.sacredheart.qc.ca\/wp-content\/uploads\/2021\/08\/explora_web_button_200x100.gif","datePublished":"2021-08-18T17:32:07+00:00","dateModified":"2025-08-18T15:39:38+00:00","description":"La biblioth\u00e8que de l'\u00e9cole du Sacr\u00e9-C\u0153ur compte 15 000 volumes, 17 abonnements \u00e0 des magazines et est abonn\u00e9e aux bases de donn\u00e9es EBSCO, qui comprennent des centaines de journaux, de magazines et d'autres ouvrages de r\u00e9f\u00e9rence.","breadcrumb":{"@id":"https:\/\/www.sacredheart.qc.ca\/fr\/portail-famille\/acces-bibliotheque\/#breadcrumb"},"inLanguage":"fr-FR","potentialAction":[{"@type":"ReadAction","target":["https:\/\/www.sacredheart.qc.ca\/fr\/portail-famille\/acces-bibliotheque\/"]}]},{"@type":"ImageObject","inLanguage":"fr-FR","@id":"https:\/\/www.sacredheart.qc.ca\/fr\/portail-famille\/acces-bibliotheque\/#primaryimage","url":"https:\/\/www.sacredheart.qc.ca\/wp-content\/uploads\/2021\/08\/explora_web_button_200x100.gif","contentUrl":"https:\/\/www.sacredheart.qc.ca\/wp-content\/uploads\/2021\/08\/explora_web_button_200x100.gif"},{"@type":"BreadcrumbList","@id":"https:\/\/www.sacredheart.qc.ca\/fr\/portail-famille\/acces-bibliotheque\/#breadcrumb","itemListElement":[{"@type":"ListItem","position":1,"name":"Home","item":"https:\/\/www.sacredheart.qc.ca\/fr\/"},{"@type":"ListItem","position":2,"name":"Acc\u00e8s \u00e0 la biblioth\u00e8que"}]},{"@type":"WebSite","@id":"https:\/\/www.sacredheart.qc.ca\/fr\/#website","url":"https:\/\/www.sacredheart.qc.ca\/fr\/","name":"The Sacred Heart School of Montreal","description":"Girls Only Private Catholic English High School - 100% Graduation Rate","publisher":{"@id":"https:\/\/www.sacredheart.qc.ca\/fr\/#organization"},"alternateName":"The Sacred Heart School of Montreal","potentialAction":[{"@type":"SearchAction","target":{"@type":"EntryPoint","urlTemplate":"https:\/\/www.sacredheart.qc.ca\/fr\/?s={search_term_string}"},"query-input":{"@type":"PropertyValueSpecification","valueRequired":true,"valueName":"search_term_string"}}],"inLanguage":"fr-FR"},{"@type":"Organization","@id":"https:\/\/www.sacredheart.qc.ca\/fr\/#organization","name":"The Sacred Heart School of Montreal","url":"https:\/\/www.sacredheart.qc.ca\/fr\/","logo":{"@type":"ImageObject","inLanguage":"fr-FR","@id":"https:\/\/www.sacredheart.qc.ca\/fr\/#\/schema\/logo\/image\/","url":"https:\/\/www.sacredheart.qc.ca\/wp-content\/uploads\/2021\/06\/LogoScredHeart.svg","contentUrl":"https:\/\/www.sacredheart.qc.ca\/wp-content\/uploads\/2021\/06\/LogoScredHeart.svg","width":"1024","height":"1024","caption":"The Sacred Heart School of Montreal"},"image":{"@id":"https:\/\/www.sacredheart.qc.ca\/fr\/#\/schema\/logo\/image\/"},"sameAs":["https:\/\/www.facebook.com\/SacredHeartMontreal\/","https:\/\/x.com\/TheSHSM","https:\/\/www.instagram.com\/SacredHeartMontreal\/","https:\/\/www.linkedin.com\/school\/the-sacred-heart-school-of-montreal\/","https:\/\/www.youtube.com\/user\/TheSacredHeartSchool"]}]}},"ticketed":false,"_links":{"self":[{"href":"https:\/\/www.sacredheart.qc.ca\/fr\/wp-json\/wp\/v2\/pages\/17725","targetHints":{"allow":["GET"]}}],"collection":[{"href":"https:\/\/www.sacredheart.qc.ca\/fr\/wp-json\/wp\/v2\/pages"}],"about":[{"href":"https:\/\/www.sacredheart.qc.ca\/fr\/wp-json\/wp\/v2\/types\/page"}],"author":[{"embeddable":true,"href":"https:\/\/www.sacredheart.qc.ca\/fr\/wp-json\/wp\/v2\/users\/6"}],"replies":[{"embeddable":true,"href":"https:\/\/www.sacredheart.qc.ca\/fr\/wp-json\/wp\/v2\/comments?post=17725"}],"version-history":[{"count":0,"href":"https:\/\/www.sacredheart.qc.ca\/fr\/wp-json\/wp\/v2\/pages\/17725\/revisions"}],"wp:attachment":[{"href":"https:\/\/www.sacredheart.qc.ca\/fr\/wp-json\/wp\/v2\/media?parent=17725"}],"curies":[{"name":"wp","href":"https:\/\/api.w.org\/{rel}","templated":true}]}}