{"id":17723,"date":"2021-08-19T18:48:37","date_gmt":"2021-08-19T22:48:37","guid":{"rendered":"https:\/\/www.sacredheart.qc.ca\/?page_id=17723"},"modified":"2024-07-02T14:55:30","modified_gmt":"2024-07-02T18:55:30","slug":"evenements","status":"publish","type":"page","link":"https:\/\/www.sacredheart.qc.ca\/fr\/portail-alumnae\/evenements\/","title":{"rendered":"Ev\u00e9nements"},"content":{"rendered":"\n<h1>\n\t\t\u00c9v\u00e9nements\n\t<\/h1>\n<h2>\n\t\tR\u00c9SERVEZ LA DATE : REUNION AUTOMNALE &#8211; 18 OCTOBRE 2024\n\t<\/h2>\n\t<h3><strong>Date: Vendredi, 18 Octobre, 2024<\/strong><\/h3>\n<p>Rejoignez-nous pour la r\u00e9union d&rsquo;automne de l&rsquo;\u00e9cole Sacr\u00e9-C\u0153ur, qui sera l&rsquo;occasion d&rsquo;une promenade dans le pass\u00e9 !<\/p>\nVisites de l&rsquo;\u00e9cole : 16 h &#8211; 18 h<br \/>\nOuverture des portes : 17 h 30<br \/>\nCocktail : 18 h<br \/>\nAccueil : 19 h<br \/>\nSouper : 19 h 30\n<p><strong>Besoin d&rsquo;une chambre d&rsquo;h\u00f4tel ?<\/strong> Jusqu&rsquo;au 17 septembre 2024, r\u00e9servez avec les tarifs pr\u00e9f\u00e9rentiels &#8211; utilisez simplement les codes de groupe <strong>SHJ17S<\/strong> (SENS H\u00f8tel) et <strong>SHJ17B<\/strong> (Ch\u00e2teau Versailles).<\/p>\n<ul>\n<li><b>par t\u00e9l\u00e9phone: <\/b><strong>1-888-933-8111<\/strong><\/li>\n<li><b>par courriel : <a href=\"mailto:reservations@sensmtlversailles.com\" target=\"_blank\" rel=\"noopener noreferrer\">reservations@<wbr \/>sensmtlversailles.com<\/a><\/b><\/li>\n<li><b>en ligne :\u00a0 <\/b>\n<ul>\n<li><a href=\"https:\/\/www.senshotel.com\/book\/dates-of-stay?groupID=4374815\" target=\"_blank\" rel=\"noopener\" data-saferedirecturl=\"https:\/\/www.google.com\/url?q=https:\/\/www.senshotel.com\/book\/dates-of-stay?groupID%3D4374815&amp;source=gmail&amp;ust=1720026358023000&amp;usg=AOvVaw0Fzw_3xUWwOgDSn9K0fuhI\">Sacred Heart School-Alumni Reunion-SENS H\u00f8tel-October 2024<\/a><\/li>\n<li><a href=\"https:\/\/be.synxis.com\/?adult=1&amp;arrive=2024-10-17&amp;chain=6063&amp;child=0&amp;currency=CAD&amp;depart=2024-10-18&amp;hotel=23654&amp;level=hotel&amp;locale=en-US&amp;promo=SHJ17B&amp;rooms=1\" target=\"_blank\" rel=\"noopener\" data-saferedirecturl=\"https:\/\/www.google.com\/url?q=https:\/\/be.synxis.com\/?adult%3D1%26arrive%3D2024-10-17%26chain%3D6063%26child%3D0%26currency%3DCAD%26depart%3D2024-10-18%26hotel%3D23654%26level%3Dhotel%26locale%3Den-US%26promo%3DSHJ17B%26rooms%3D1&amp;source=gmail&amp;ust=1720026358023000&amp;usg=AOvVaw01GkdTJATaJBdD30SNOyA-\">Sacred Heart School-Ch\u00e2teau Versailles-October 2024<\/a><\/li>\n<\/ul>\n<\/li>\n<\/ul>\n<p>&nbsp;<\/p>\n<em><strong>Restez \u00e0 l&rsquo;\u00e9coute pour plus d&rsquo;informations !<\/strong><\/em><br \/>\nPour toute question ou information compl\u00e9mentaire, veuillez contacter Maureen Brown \u00e0 l&rsquo;adresse suivante : <a href=\"mailto:alumnae@sacredheart.qc.ca\" target=\"_blank\" rel=\"noopener\">alumnae@sacredheart.qc.ca<\/a>\n\t\t\t<a href=\"https:\/\/www.sacredheart.qc.ca\/hoops-for-hope-2022\/?page_id=14414\" target=\"_blank\" rel=\"noopener\">\n\t\t\t\t\t\t\tEn savoir plus\n\t\t\t\t\t<\/a>\n<h2>\n\t\tDons annuelles 2023-2024\n\t<\/h2>\n\t<p>Pour soutenir le fonds de bourses, l&rsquo;Association des anciennes a lanc\u00e9 le<strong> projet de bourses \u00ab\u00a0Share the Love\u00a0\u00bb<\/strong> en 2021. Chaque contribution \u00e0 Share the Love sera reconnue par un c\u0153ur qui fera partie d&rsquo;une installation artistique compos\u00e9e de tous les c\u0153urs individuels de notre communaut\u00e9 d&rsquo;anciennes \u00e9l\u00e8ves. L&rsquo;installation sera expos\u00e9e \u00e0 l&rsquo;entr\u00e9e du docteur Penfield et chaque future ancienne \u00e9l\u00e8ve verra, en entrant dans l&rsquo;\u00e9cole, qu&rsquo;elle est soutenue et accueillie par la communaut\u00e9 des anciennes \u00e9l\u00e8ves.<\/p>\n<p>Les dons commencent \u00e0 35 dollars par c\u0153ur. Avec 7 options de dons ($35, $50, $75, $100, $250, $500, $1928), plus le don est important, plus le c\u0153ur affich\u00e9 sera grand. Une gravure de votre choix (avec un maximum de 30 caract\u00e8res) est incluse dans le don et un message de votre choix peut donc vivre \u00e0 travers ce don.<\/p>\n<p><strong>Comm\u00e9morez votre relation avec le Sacr\u00e9-C\u0153ur de cette mani\u00e8re sp\u00e9ciale et intemporelle&#8230; tout comme le temps que vous avez pass\u00e9 au Sacr\u00e9-C\u0153ur.<\/strong><\/p>\n<p><strong>Un don = un c\u0153ur<\/strong><\/p>\n\t\t\t<a href=\"https:\/\/interland3.donorperfect.net\/weblink\/WebLink.aspx?name=E920149QE&#038;id=32\" target=\"_blank\" rel=\"noopener\">\n\t\t\t\t\t\tAchetez votre c\u0153ur\n\t\t\t\t\t<\/a>\n\n","protected":false},"excerpt":{"rendered":"<p>\u00c9v\u00e9nements R\u00c9SERVEZ LA DATE : REUNION AUTOMNALE &#8211; 18 OCTOBRE 2024 Date: Vendredi, 18 Octobre, 2024 Rejoignez-nous pour la r\u00e9union d&rsquo;automne de l&rsquo;\u00e9cole Sacr\u00e9-C\u0153ur, qui sera l&rsquo;occasion d&rsquo;une promenade dans&hellip;<\/p>\n","protected":false},"author":6,"featured_media":20001,"parent":0,"menu_order":67,"comment_status":"closed","ping_status":"closed","template":"","meta":{"_acf_changed":false,"inline_featured_image":false,"_price":"","_stock":"","_tribe_ticket_header":"","_tribe_default_ticket_provider":"","_tribe_ticket_capacity":"0","_ticket_start_date":"","_ticket_end_date":"","_tribe_ticket_show_description":"","_tribe_ticket_show_not_going":false,"_tribe_ticket_use_global_stock":"","_tribe_ticket_global_stock_level":"","_global_stock_mode":"","_global_stock_cap":"","_tribe_rsvp_for_event":"","_tribe_ticket_going_count":"","_tribe_ticket_not_going_count":"","_tribe_tickets_list":"[]","_tribe_ticket_has_attendee_info_fields":false,"footnotes":"","_tec_slr_enabled":"","_tec_slr_layout":""},"class_list":["post-17723","page","type-page","status-publish","has-post-thumbnail","hentry"],"acf":[],"yoast_head":"<!-- This site is optimized with the Yoast SEO plugin v27.3 - https:\/\/yoast.com\/product\/yoast-seo-wordpress\/ -->\n<title>\u00c9tudiants Ev\u00e9nements | La seule \u00e9cole priv\u00e9e catholique anglophone pour filles \u00e0 Montr\u00e9al | L&#039;\u00c9cole Sacr\u00e9-C\u0153ur de Montr\u00e9al<\/title>\n<meta name=\"description\" content=\"D\u00e9couvrez les diff\u00e9rents \u00e9v\u00e9nements organis\u00e9s par l&#039;Association des anciennes \u00e9l\u00e8ves de l&#039;\u00e9cole du Sacr\u00e9-C\u0153ur de Montr\u00e9al.\" \/>\n<meta name=\"robots\" content=\"index, follow, max-snippet:-1, max-image-preview:large, max-video-preview:-1\" \/>\n<link rel=\"canonical\" href=\"https:\/\/www.sacredheart.qc.ca\/fr\/portail-alumnae\/evenements\/\" \/>\n<meta property=\"og:locale\" content=\"fr_FR\" \/>\n<meta property=\"og:type\" content=\"article\" \/>\n<meta property=\"og:title\" content=\"\u00c9tudiants Ev\u00e9nements | La seule \u00e9cole priv\u00e9e catholique anglophone pour filles \u00e0 Montr\u00e9al | L&#039;\u00c9cole Sacr\u00e9-C\u0153ur de Montr\u00e9al\" \/>\n<meta property=\"og:description\" content=\"D\u00e9couvrez les diff\u00e9rents \u00e9v\u00e9nements organis\u00e9s par l&#039;Association des anciennes \u00e9l\u00e8ves de l&#039;\u00e9cole du Sacr\u00e9-C\u0153ur de Montr\u00e9al.\" \/>\n<meta property=\"og:url\" content=\"https:\/\/www.sacredheart.qc.ca\/fr\/portail-alumnae\/evenements\/\" \/>\n<meta property=\"og:site_name\" content=\"The Sacred Heart School of Montreal\" \/>\n<meta property=\"article:publisher\" content=\"https:\/\/www.facebook.com\/SacredHeartMontreal\/\" \/>\n<meta property=\"article:modified_time\" content=\"2024-07-02T18:55:30+00:00\" \/>\n<meta property=\"og:image\" content=\"https:\/\/www.sacredheart.qc.ca\/wp-content\/uploads\/2021\/07\/Events.jpg\" \/>\n\t<meta property=\"og:image:width\" content=\"1480\" \/>\n\t<meta property=\"og:image:height\" content=\"575\" \/>\n\t<meta property=\"og:image:type\" content=\"image\/jpeg\" \/>\n<meta name=\"twitter:card\" content=\"summary_large_image\" \/>\n<meta name=\"twitter:site\" content=\"@TheSHSM\" \/>\n<meta name=\"twitter:label1\" content=\"Dur\u00e9e de lecture estim\u00e9e\" \/>\n\t<meta name=\"twitter:data1\" content=\"1 minute\" \/>\n<script type=\"application\/ld+json\" class=\"yoast-schema-graph\">{\"@context\":\"https:\\\/\\\/schema.org\",\"@graph\":[{\"@type\":\"WebPage\",\"@id\":\"https:\\\/\\\/www.sacredheart.qc.ca\\\/fr\\\/portail-alumnae\\\/evenements\\\/\",\"url\":\"https:\\\/\\\/www.sacredheart.qc.ca\\\/fr\\\/portail-alumnae\\\/evenements\\\/\",\"name\":\"\u00c9tudiants Ev\u00e9nements | La seule \u00e9cole priv\u00e9e catholique anglophone pour filles \u00e0 Montr\u00e9al | L'\u00c9cole Sacr\u00e9-C\u0153ur de Montr\u00e9al\",\"isPartOf\":{\"@id\":\"https:\\\/\\\/www.sacredheart.qc.ca\\\/fr\\\/#website\"},\"primaryImageOfPage\":{\"@id\":\"https:\\\/\\\/www.sacredheart.qc.ca\\\/fr\\\/portail-alumnae\\\/evenements\\\/#primaryimage\"},\"image\":{\"@id\":\"https:\\\/\\\/www.sacredheart.qc.ca\\\/fr\\\/portail-alumnae\\\/evenements\\\/#primaryimage\"},\"thumbnailUrl\":\"https:\\\/\\\/www.sacredheart.qc.ca\\\/wp-content\\\/uploads\\\/2025\\\/01\\\/DSC_0742-1.jpg\",\"datePublished\":\"2021-08-19T22:48:37+00:00\",\"dateModified\":\"2024-07-02T18:55:30+00:00\",\"description\":\"D\u00e9couvrez les diff\u00e9rents \u00e9v\u00e9nements organis\u00e9s par l'Association des anciennes \u00e9l\u00e8ves de l'\u00e9cole du Sacr\u00e9-C\u0153ur de Montr\u00e9al.\",\"breadcrumb\":{\"@id\":\"https:\\\/\\\/www.sacredheart.qc.ca\\\/fr\\\/portail-alumnae\\\/evenements\\\/#breadcrumb\"},\"inLanguage\":\"fr-FR\",\"potentialAction\":[{\"@type\":\"ReadAction\",\"target\":[\"https:\\\/\\\/www.sacredheart.qc.ca\\\/fr\\\/portail-alumnae\\\/evenements\\\/\"]}]},{\"@type\":\"ImageObject\",\"inLanguage\":\"fr-FR\",\"@id\":\"https:\\\/\\\/www.sacredheart.qc.ca\\\/fr\\\/portail-alumnae\\\/evenements\\\/#primaryimage\",\"url\":\"https:\\\/\\\/www.sacredheart.qc.ca\\\/wp-content\\\/uploads\\\/2025\\\/01\\\/DSC_0742-1.jpg\",\"contentUrl\":\"https:\\\/\\\/www.sacredheart.qc.ca\\\/wp-content\\\/uploads\\\/2025\\\/01\\\/DSC_0742-1.jpg\",\"width\":1344,\"height\":896},{\"@type\":\"BreadcrumbList\",\"@id\":\"https:\\\/\\\/www.sacredheart.qc.ca\\\/fr\\\/portail-alumnae\\\/evenements\\\/#breadcrumb\",\"itemListElement\":[{\"@type\":\"ListItem\",\"position\":1,\"name\":\"Home\",\"item\":\"https:\\\/\\\/www.sacredheart.qc.ca\\\/fr\\\/\"},{\"@type\":\"ListItem\",\"position\":2,\"name\":\"Ev\u00e9nements\"}]},{\"@type\":\"WebSite\",\"@id\":\"https:\\\/\\\/www.sacredheart.qc.ca\\\/fr\\\/#website\",\"url\":\"https:\\\/\\\/www.sacredheart.qc.ca\\\/fr\\\/\",\"name\":\"The Sacred Heart School of Montreal\",\"description\":\"Girls Only Private Catholic English High School - 100% Graduation Rate\",\"publisher\":{\"@id\":\"https:\\\/\\\/www.sacredheart.qc.ca\\\/fr\\\/#organization\"},\"alternateName\":\"The Sacred Heart School of Montreal\",\"potentialAction\":[{\"@type\":\"SearchAction\",\"target\":{\"@type\":\"EntryPoint\",\"urlTemplate\":\"https:\\\/\\\/www.sacredheart.qc.ca\\\/fr\\\/?s={search_term_string}\"},\"query-input\":{\"@type\":\"PropertyValueSpecification\",\"valueRequired\":true,\"valueName\":\"search_term_string\"}}],\"inLanguage\":\"fr-FR\"},{\"@type\":\"Organization\",\"@id\":\"https:\\\/\\\/www.sacredheart.qc.ca\\\/fr\\\/#organization\",\"name\":\"The Sacred Heart School of Montreal\",\"url\":\"https:\\\/\\\/www.sacredheart.qc.ca\\\/fr\\\/\",\"logo\":{\"@type\":\"ImageObject\",\"inLanguage\":\"fr-FR\",\"@id\":\"https:\\\/\\\/www.sacredheart.qc.ca\\\/fr\\\/#\\\/schema\\\/logo\\\/image\\\/\",\"url\":\"https:\\\/\\\/www.sacredheart.qc.ca\\\/wp-content\\\/uploads\\\/2021\\\/06\\\/LogoScredHeart.svg\",\"contentUrl\":\"https:\\\/\\\/www.sacredheart.qc.ca\\\/wp-content\\\/uploads\\\/2021\\\/06\\\/LogoScredHeart.svg\",\"width\":\"1024\",\"height\":\"1024\",\"caption\":\"The Sacred Heart School of Montreal\"},\"image\":{\"@id\":\"https:\\\/\\\/www.sacredheart.qc.ca\\\/fr\\\/#\\\/schema\\\/logo\\\/image\\\/\"},\"sameAs\":[\"https:\\\/\\\/www.facebook.com\\\/SacredHeartMontreal\\\/\",\"https:\\\/\\\/x.com\\\/TheSHSM\",\"https:\\\/\\\/www.instagram.com\\\/SacredHeartMontreal\\\/\",\"https:\\\/\\\/www.linkedin.com\\\/school\\\/the-sacred-heart-school-of-montreal\\\/\",\"https:\\\/\\\/www.youtube.com\\\/user\\\/TheSacredHeartSchool\"]}]}<\/script>\n<!-- \/ Yoast SEO plugin. -->","yoast_head_json":{"title":"\u00c9tudiants Ev\u00e9nements | La seule \u00e9cole priv\u00e9e catholique anglophone pour filles \u00e0 Montr\u00e9al | L'\u00c9cole Sacr\u00e9-C\u0153ur de Montr\u00e9al","description":"D\u00e9couvrez les diff\u00e9rents \u00e9v\u00e9nements organis\u00e9s par l'Association des anciennes \u00e9l\u00e8ves de l'\u00e9cole du Sacr\u00e9-C\u0153ur de Montr\u00e9al.","robots":{"index":"index","follow":"follow","max-snippet":"max-snippet:-1","max-image-preview":"max-image-preview:large","max-video-preview":"max-video-preview:-1"},"canonical":"https:\/\/www.sacredheart.qc.ca\/fr\/portail-alumnae\/evenements\/","og_locale":"fr_FR","og_type":"article","og_title":"\u00c9tudiants Ev\u00e9nements | La seule \u00e9cole priv\u00e9e catholique anglophone pour filles \u00e0 Montr\u00e9al | L'\u00c9cole Sacr\u00e9-C\u0153ur de Montr\u00e9al","og_description":"D\u00e9couvrez les diff\u00e9rents \u00e9v\u00e9nements organis\u00e9s par l'Association des anciennes \u00e9l\u00e8ves de l'\u00e9cole du Sacr\u00e9-C\u0153ur de Montr\u00e9al.","og_url":"https:\/\/www.sacredheart.qc.ca\/fr\/portail-alumnae\/evenements\/","og_site_name":"The Sacred Heart School of Montreal","article_publisher":"https:\/\/www.facebook.com\/SacredHeartMontreal\/","article_modified_time":"2024-07-02T18:55:30+00:00","og_image":[{"width":1480,"height":575,"url":"https:\/\/www.sacredheart.qc.ca\/wp-content\/uploads\/2021\/07\/Events.jpg","type":"image\/jpeg"}],"twitter_card":"summary_large_image","twitter_site":"@TheSHSM","twitter_misc":{"Dur\u00e9e de lecture estim\u00e9e":"1 minute"},"schema":{"@context":"https:\/\/schema.org","@graph":[{"@type":"WebPage","@id":"https:\/\/www.sacredheart.qc.ca\/fr\/portail-alumnae\/evenements\/","url":"https:\/\/www.sacredheart.qc.ca\/fr\/portail-alumnae\/evenements\/","name":"\u00c9tudiants Ev\u00e9nements | La seule \u00e9cole priv\u00e9e catholique anglophone pour filles \u00e0 Montr\u00e9al | L'\u00c9cole Sacr\u00e9-C\u0153ur de Montr\u00e9al","isPartOf":{"@id":"https:\/\/www.sacredheart.qc.ca\/fr\/#website"},"primaryImageOfPage":{"@id":"https:\/\/www.sacredheart.qc.ca\/fr\/portail-alumnae\/evenements\/#primaryimage"},"image":{"@id":"https:\/\/www.sacredheart.qc.ca\/fr\/portail-alumnae\/evenements\/#primaryimage"},"thumbnailUrl":"https:\/\/www.sacredheart.qc.ca\/wp-content\/uploads\/2025\/01\/DSC_0742-1.jpg","datePublished":"2021-08-19T22:48:37+00:00","dateModified":"2024-07-02T18:55:30+00:00","description":"D\u00e9couvrez les diff\u00e9rents \u00e9v\u00e9nements organis\u00e9s par l'Association des anciennes \u00e9l\u00e8ves de l'\u00e9cole du Sacr\u00e9-C\u0153ur de Montr\u00e9al.","breadcrumb":{"@id":"https:\/\/www.sacredheart.qc.ca\/fr\/portail-alumnae\/evenements\/#breadcrumb"},"inLanguage":"fr-FR","potentialAction":[{"@type":"ReadAction","target":["https:\/\/www.sacredheart.qc.ca\/fr\/portail-alumnae\/evenements\/"]}]},{"@type":"ImageObject","inLanguage":"fr-FR","@id":"https:\/\/www.sacredheart.qc.ca\/fr\/portail-alumnae\/evenements\/#primaryimage","url":"https:\/\/www.sacredheart.qc.ca\/wp-content\/uploads\/2025\/01\/DSC_0742-1.jpg","contentUrl":"https:\/\/www.sacredheart.qc.ca\/wp-content\/uploads\/2025\/01\/DSC_0742-1.jpg","width":1344,"height":896},{"@type":"BreadcrumbList","@id":"https:\/\/www.sacredheart.qc.ca\/fr\/portail-alumnae\/evenements\/#breadcrumb","itemListElement":[{"@type":"ListItem","position":1,"name":"Home","item":"https:\/\/www.sacredheart.qc.ca\/fr\/"},{"@type":"ListItem","position":2,"name":"Ev\u00e9nements"}]},{"@type":"WebSite","@id":"https:\/\/www.sacredheart.qc.ca\/fr\/#website","url":"https:\/\/www.sacredheart.qc.ca\/fr\/","name":"The Sacred Heart School of Montreal","description":"Girls Only Private Catholic English High School - 100% Graduation Rate","publisher":{"@id":"https:\/\/www.sacredheart.qc.ca\/fr\/#organization"},"alternateName":"The Sacred Heart School of Montreal","potentialAction":[{"@type":"SearchAction","target":{"@type":"EntryPoint","urlTemplate":"https:\/\/www.sacredheart.qc.ca\/fr\/?s={search_term_string}"},"query-input":{"@type":"PropertyValueSpecification","valueRequired":true,"valueName":"search_term_string"}}],"inLanguage":"fr-FR"},{"@type":"Organization","@id":"https:\/\/www.sacredheart.qc.ca\/fr\/#organization","name":"The Sacred Heart School of Montreal","url":"https:\/\/www.sacredheart.qc.ca\/fr\/","logo":{"@type":"ImageObject","inLanguage":"fr-FR","@id":"https:\/\/www.sacredheart.qc.ca\/fr\/#\/schema\/logo\/image\/","url":"https:\/\/www.sacredheart.qc.ca\/wp-content\/uploads\/2021\/06\/LogoScredHeart.svg","contentUrl":"https:\/\/www.sacredheart.qc.ca\/wp-content\/uploads\/2021\/06\/LogoScredHeart.svg","width":"1024","height":"1024","caption":"The Sacred Heart School of Montreal"},"image":{"@id":"https:\/\/www.sacredheart.qc.ca\/fr\/#\/schema\/logo\/image\/"},"sameAs":["https:\/\/www.facebook.com\/SacredHeartMontreal\/","https:\/\/x.com\/TheSHSM","https:\/\/www.instagram.com\/SacredHeartMontreal\/","https:\/\/www.linkedin.com\/school\/the-sacred-heart-school-of-montreal\/","https:\/\/www.youtube.com\/user\/TheSacredHeartSchool"]}]}},"ticketed":false,"_links":{"self":[{"href":"https:\/\/www.sacredheart.qc.ca\/fr\/wp-json\/wp\/v2\/pages\/17723","targetHints":{"allow":["GET"]}}],"collection":[{"href":"https:\/\/www.sacredheart.qc.ca\/fr\/wp-json\/wp\/v2\/pages"}],"about":[{"href":"https:\/\/www.sacredheart.qc.ca\/fr\/wp-json\/wp\/v2\/types\/page"}],"author":[{"embeddable":true,"href":"https:\/\/www.sacredheart.qc.ca\/fr\/wp-json\/wp\/v2\/users\/6"}],"replies":[{"embeddable":true,"href":"https:\/\/www.sacredheart.qc.ca\/fr\/wp-json\/wp\/v2\/comments?post=17723"}],"version-history":[{"count":0,"href":"https:\/\/www.sacredheart.qc.ca\/fr\/wp-json\/wp\/v2\/pages\/17723\/revisions"}],"wp:featuredmedia":[{"embeddable":true,"href":"https:\/\/www.sacredheart.qc.ca\/fr\/wp-json\/wp\/v2\/media\/20001"}],"wp:attachment":[{"href":"https:\/\/www.sacredheart.qc.ca\/fr\/wp-json\/wp\/v2\/media?parent=17723"}],"curies":[{"name":"wp","href":"https:\/\/api.w.org\/{rel}","templated":true}]}}