{"id":17722,"date":"2021-12-14T10:05:43","date_gmt":"2021-12-14T15:05:43","guid":{"rendered":"https:\/\/www.sacredheart.qc.ca\/?page_id=17722"},"modified":"2025-10-07T17:10:09","modified_gmt":"2025-10-07T21:10:09","slug":"centre-bien-etre","status":"publish","type":"page","link":"https:\/\/www.sacredheart.qc.ca\/fr\/ressources\/centre-bien-etre\/","title":{"rendered":"Centre de bien-\u00eatre"},"content":{"rendered":"\n<h1>\n\t\t\tLe centre de bien-\u00eatre Julia Cianci\t<\/h1>\n\t\t\t<a href=\"https:\/\/www.sacredheart.qc.ca\/giving\/ways-to-give\/\" target=\"_self\">\n\t\t\t\t\t\t\tFaire un don\n\t\t\t\t\t<\/a>\n\t<p>Le nouveau centre de bien-\u00eatre Julia Cianci sera con\u00e7u comme un espace destin\u00e9 \u00e0 favoriser la sant\u00e9 physique, mentale et \u00e9motionnelle de nos \u00e9tudiants. Compos\u00e9 de deux zones distinctes, il sera utilis\u00e9 pour enrichir le programme d&rsquo;\u00e9ducation physique ainsi que le programme d&rsquo;athl\u00e9tisme extrascolaire.<\/p>\n<h2>\n\t\t\tJulia Cianci, promotion 2018\t<\/h2>\n\t<p>Julia Cianci a obtenu son dipl\u00f4me de l&rsquo;\u00e9cole Sacred Heart de Montr\u00e9al en 2018. Pendant les cinq ann\u00e9es o\u00f9 elle a \u00e9t\u00e9 \u00e9l\u00e8ve ici, son esprit vibrant a incarn\u00e9 l&rsquo;essence de chacun des objectifs du Sacr\u00e9-C\u0153ur et son leadership a inspir\u00e9 la communaut\u00e9 scolaire et l&rsquo;a aid\u00e9e \u00e0 s&rsquo;\u00e9panouir.  <\/p>\n<h2>\n\t\t\tVue d&rsquo;ensemble\t<\/h2>\n\t<p>L&rsquo;objectif du Centre de bien-\u00eatre Julia Cianci est le suivant :<\/p>\n<ol>\n<li aria-level=\"1\">D\u00e9velopper et cultiver une culture du bien-\u00eatre pour les \u00e9tudiants, le corps enseignant, le personnel et les anciens \u00e9l\u00e8ves.<\/li>\n<li aria-level=\"1\">Am\u00e9liorer l&rsquo;exp\u00e9rience des \u00e9tudiants et leur offrir de nouvelles possibilit\u00e9s de pratiquer une activit\u00e9 physique.  <\/li>\n<li aria-level=\"1\">Am\u00e9liorer le bien-\u00eatre des enseignants et du personnel en leur offrant un espace pour pratiquer une activit\u00e9 physique.<\/li>\n<li aria-level=\"1\">Susciter l&rsquo;int\u00e9r\u00eat des anciennes \u00e9l\u00e8ves en leur proposant des abonnements au centre \u00e0 un tarif r\u00e9duit.<\/li>\n<\/ol>\n<h2>\n\t\t\tZone 1\t<\/h2>\n\t<p><strong>Espace physique<\/strong>:  L&rsquo;espace de remise en forme sera une combinaison d&rsquo;un espace ouvert qui sera utilis\u00e9 \u00e0 des fins multidisciplinaires (par exemple, l&rsquo;entra\u00eenement en circuit) et de zones pour l&rsquo;entra\u00eenement physique (une zone cardio, une zone de poids libres et d&rsquo;autres \u00e9quipements de remise en forme). Un mur sera recouvert de miroirs et  des branchements multim\u00e9dias seront install\u00e9s pour les appareils audio ou visuels tels qu&rsquo;un \u00e9cran de t\u00e9l\u00e9vision, un projecteur et des haut-parleurs.<\/p>\n<p><strong>Objectifs p\u00e9dagogiques<\/strong>:  <\/p>\n<ul>\n<li aria-level=\"1\">Espace ouvert pour l&rsquo;entra\u00eenement en circuit<\/li>\n<li aria-level=\"1\">Un deuxi\u00e8me espace pour les cours d&rsquo;\u00e9ducation physique  <\/li>\n<li aria-level=\"1\">Possibilit\u00e9 d&rsquo;ajouter un nouveau cours facultatif de \u00ab\u00a0remise en forme\u00a0\u00bb pour les Sec IV et V<\/li>\n<\/ul>\n<p><strong>Objectifs extrascolaires<\/strong>:<\/p>\n<ul>\n<li aria-level=\"1\">Entra\u00eenement pour l&rsquo;athl\u00e9tisme<\/li>\n<li aria-level=\"1\">Offrir un espace d&rsquo;entra\u00eenement aux \u00e9tudiants, \u00e0 la facult\u00e9, au personnel et aux anciens \u00e9l\u00e8ves.<\/li>\n<\/ul>\n\t\t\t\t<img decoding=\"async\" src=\"https:\/\/www.sacredheart.qc.ca\/wp-content\/uploads\/2021\/12\/Wellness-centre-perspective-1-cropped-scaled.jpg\" alt=\"Wellness centre perspective 1 cropped\" itemprop=\"image\" height=\"1325\" width=\"2560\" title=\"Wellness centre perspective 1 cropped\" onerror=\"this.style.display='none'\" loading=\"lazy\" \/>\n\t\t\t\t<img decoding=\"async\" src=\"https:\/\/www.sacredheart.qc.ca\/wp-content\/uploads\/2021\/12\/Wellness-centre-perspective-3-cropped-scaled.jpg\" alt=\"Wellness centre perspective 3 cropped\" itemprop=\"image\" height=\"1325\" width=\"2560\" title=\"Wellness centre perspective 3 cropped\" onerror=\"this.style.display='none'\" loading=\"lazy\" \/>\n<h2>\n\t\t\tZone 2 : Centre de confort (sant\u00e9 \u00e9motionnelle)\t<\/h2>\n\t<p><strong>Espace physique<\/strong>: Cet espace sera am\u00e9nag\u00e9 comme une salle de classe avec des si\u00e8ges flexibles (ballons d&rsquo;exercice, bureaux \u00e0 p\u00e9dales, chaises confortables) et des tables.<\/p>\n<p>Des technologies de pointe seront install\u00e9es pour compl\u00e9ter l&rsquo;environnement d&rsquo;apprentissage.  <\/p>\n<p>Cet espace sera \u00e9galement d\u00e9sign\u00e9 comme zone de confort pour les \u00e9l\u00e8ves qui ont besoin d&rsquo;un espace calme ou qui sont anxieux.  <\/p>\n<p>Un espace sera \u00e9galement sera r\u00e9serv\u00e9 aux s\u00e9minaires d&rsquo;information sur la nutrition et la sant\u00e9 en g\u00e9n\u00e9ral et servira d&rsquo;espace de consultation pour les \u00e9tudiants qui souhaitent s&rsquo;entretenir avec un professionnel.<\/p>\n<p><strong>Objectifs p\u00e9dagogiques<\/strong>:<\/p>\n<ul>\n<li aria-level=\"1\">Cr\u00e9er un espace pour enseigner la composante sant\u00e9 du programme d&rsquo;\u00e9ducation physique<\/li>\n<li aria-level=\"1\">Le Smartboard am\u00e9liore le programme d&rsquo;\u00e9ducation physique en fournissant une technologie qui peut aider \u00e0 expliquer les comp\u00e9tences et les mod\u00e8les de mouvement.<\/li>\n<li aria-level=\"1\">Salle de classe pour les cours de fitness personnel ou pour \u00e9laborer des programmes d&rsquo;entra\u00eenement.<\/li>\n<\/ul>\n<p><strong>Objectifs extrascolaires<\/strong>:<\/p>\n<ul>\n<li aria-level=\"1\">Espace r\u00e9serv\u00e9 aux entra\u00eeneurs pour des pratiques th\u00e9oriques avec les \u00e9quipes<\/li>\n<\/ul>\n\n","protected":false},"excerpt":{"rendered":"<p>Le centre de bien-\u00eatre Julia Cianci Faire un don Le nouveau centre de bien-\u00eatre Julia Cianci sera con\u00e7u comme un espace destin\u00e9 \u00e0 favoriser la sant\u00e9 physique, mentale et \u00e9motionnelle&hellip;<\/p>\n","protected":false},"author":19,"featured_media":0,"parent":0,"menu_order":61,"comment_status":"closed","ping_status":"closed","template":"","meta":{"_acf_changed":false,"inline_featured_image":false,"_price":"","_stock":"","_tribe_ticket_header":"","_tribe_default_ticket_provider":"","_tribe_ticket_capacity":"0","_ticket_start_date":"","_ticket_end_date":"","_tribe_ticket_show_description":"","_tribe_ticket_show_not_going":false,"_tribe_ticket_use_global_stock":"","_tribe_ticket_global_stock_level":"","_global_stock_mode":"","_global_stock_cap":"","_tribe_rsvp_for_event":"","_tribe_ticket_going_count":"","_tribe_ticket_not_going_count":"","_tribe_tickets_list":"[]","_tribe_ticket_has_attendee_info_fields":false,"footnotes":"","_tec_slr_enabled":"","_tec_slr_layout":""},"class_list":["post-17722","page","type-page","status-publish","hentry"],"acf":[],"yoast_head":"<!-- This site is optimized with the Yoast SEO plugin v27.4 - https:\/\/yoast.com\/product\/yoast-seo-wordpress\/ -->\n<title>Centre de bien-\u00eatre | Montreal&#039;s Best English Private Catholic Girls School<\/title>\n<meta name=\"description\" content=\"Le centre de bien-\u00eatre Julia Cianci Faire un don Le nouveau centre de bien-\u00eatre Julia Cianci sera con\u00e7u comme un espace destin\u00e9 \u00e0 favoriser la sant\u00e9 | SH, Private Catholic Girls School, Montreal.\" \/>\n<meta name=\"robots\" content=\"index, follow, max-snippet:-1, max-image-preview:large, max-video-preview:-1\" \/>\n<link rel=\"canonical\" href=\"https:\/\/www.sacredheart.qc.ca\/fr\/ressources\/centre-bien-etre\/\" \/>\n<meta property=\"og:locale\" content=\"fr_FR\" \/>\n<meta property=\"og:type\" content=\"article\" \/>\n<meta property=\"og:title\" content=\"Centre de bien-\u00eatre | Montreal&#039;s Best English Private Catholic Girls School\" \/>\n<meta property=\"og:description\" content=\"Le centre de bien-\u00eatre Julia Cianci Faire un don Le nouveau centre de bien-\u00eatre Julia Cianci sera con\u00e7u comme un espace destin\u00e9 \u00e0 favoriser la sant\u00e9 | SH, Private Catholic Girls School, Montreal.\" \/>\n<meta property=\"og:url\" content=\"https:\/\/www.sacredheart.qc.ca\/fr\/ressources\/centre-bien-etre\/\" \/>\n<meta property=\"og:site_name\" content=\"The Sacred Heart School of Montreal\" \/>\n<meta property=\"article:publisher\" content=\"https:\/\/www.facebook.com\/SacredHeartMontreal\/\" \/>\n<meta property=\"article:modified_time\" content=\"2025-10-07T21:10:09+00:00\" \/>\n<meta property=\"og:image\" content=\"https:\/\/www.sacredheart.qc.ca\/wp-content\/uploads\/2021\/12\/Wellness-centre-perspective-1-cropped-scaled.jpg\" \/>\n<meta name=\"twitter:card\" content=\"summary_large_image\" \/>\n<meta name=\"twitter:site\" content=\"@TheSHSM\" \/>\n<script type=\"application\/ld+json\" class=\"yoast-schema-graph\">{\"@context\":\"https:\\\/\\\/schema.org\",\"@graph\":[{\"@type\":\"WebPage\",\"@id\":\"https:\\\/\\\/www.sacredheart.qc.ca\\\/fr\\\/ressources\\\/centre-bien-etre\\\/\",\"url\":\"https:\\\/\\\/www.sacredheart.qc.ca\\\/fr\\\/ressources\\\/centre-bien-etre\\\/\",\"name\":\"Centre de bien-\u00eatre | Montreal's Best English Private Catholic Girls School\",\"isPartOf\":{\"@id\":\"https:\\\/\\\/www.sacredheart.qc.ca\\\/fr\\\/#website\"},\"primaryImageOfPage\":{\"@id\":\"https:\\\/\\\/www.sacredheart.qc.ca\\\/fr\\\/ressources\\\/centre-bien-etre\\\/#primaryimage\"},\"image\":{\"@id\":\"https:\\\/\\\/www.sacredheart.qc.ca\\\/fr\\\/ressources\\\/centre-bien-etre\\\/#primaryimage\"},\"thumbnailUrl\":\"https:\\\/\\\/www.sacredheart.qc.ca\\\/wp-content\\\/uploads\\\/2021\\\/12\\\/Wellness-centre-perspective-1-cropped-scaled.jpg\",\"datePublished\":\"2021-12-14T15:05:43+00:00\",\"dateModified\":\"2025-10-07T21:10:09+00:00\",\"description\":\"Le centre de bien-\u00eatre Julia Cianci Faire un don Le nouveau centre de bien-\u00eatre Julia Cianci sera con\u00e7u comme un espace destin\u00e9 \u00e0 favoriser la sant\u00e9 | SH, Private Catholic Girls School, Montreal.\",\"breadcrumb\":{\"@id\":\"https:\\\/\\\/www.sacredheart.qc.ca\\\/fr\\\/ressources\\\/centre-bien-etre\\\/#breadcrumb\"},\"inLanguage\":\"fr-FR\",\"potentialAction\":[{\"@type\":\"ReadAction\",\"target\":[\"https:\\\/\\\/www.sacredheart.qc.ca\\\/fr\\\/ressources\\\/centre-bien-etre\\\/\"]}]},{\"@type\":\"ImageObject\",\"inLanguage\":\"fr-FR\",\"@id\":\"https:\\\/\\\/www.sacredheart.qc.ca\\\/fr\\\/ressources\\\/centre-bien-etre\\\/#primaryimage\",\"url\":\"https:\\\/\\\/www.sacredheart.qc.ca\\\/wp-content\\\/uploads\\\/2021\\\/12\\\/Wellness-centre-perspective-1-cropped-scaled.jpg\",\"contentUrl\":\"https:\\\/\\\/www.sacredheart.qc.ca\\\/wp-content\\\/uploads\\\/2021\\\/12\\\/Wellness-centre-perspective-1-cropped-scaled.jpg\"},{\"@type\":\"BreadcrumbList\",\"@id\":\"https:\\\/\\\/www.sacredheart.qc.ca\\\/fr\\\/ressources\\\/centre-bien-etre\\\/#breadcrumb\",\"itemListElement\":[{\"@type\":\"ListItem\",\"position\":1,\"name\":\"Home\",\"item\":\"https:\\\/\\\/www.sacredheart.qc.ca\\\/fr\\\/\"},{\"@type\":\"ListItem\",\"position\":2,\"name\":\"Centre de bien-\u00eatre\"}]},{\"@type\":\"WebSite\",\"@id\":\"https:\\\/\\\/www.sacredheart.qc.ca\\\/fr\\\/#website\",\"url\":\"https:\\\/\\\/www.sacredheart.qc.ca\\\/fr\\\/\",\"name\":\"The Sacred Heart School of Montreal\",\"description\":\"Girls Only Private Catholic English High School - 100% Graduation Rate\",\"publisher\":{\"@id\":\"https:\\\/\\\/www.sacredheart.qc.ca\\\/fr\\\/#organization\"},\"alternateName\":\"The Sacred Heart School of Montreal\",\"potentialAction\":[{\"@type\":\"SearchAction\",\"target\":{\"@type\":\"EntryPoint\",\"urlTemplate\":\"https:\\\/\\\/www.sacredheart.qc.ca\\\/fr\\\/?s={search_term_string}\"},\"query-input\":{\"@type\":\"PropertyValueSpecification\",\"valueRequired\":true,\"valueName\":\"search_term_string\"}}],\"inLanguage\":\"fr-FR\"},{\"@type\":\"Organization\",\"@id\":\"https:\\\/\\\/www.sacredheart.qc.ca\\\/fr\\\/#organization\",\"name\":\"The Sacred Heart School of Montreal\",\"url\":\"https:\\\/\\\/www.sacredheart.qc.ca\\\/fr\\\/\",\"logo\":{\"@type\":\"ImageObject\",\"inLanguage\":\"fr-FR\",\"@id\":\"https:\\\/\\\/www.sacredheart.qc.ca\\\/fr\\\/#\\\/schema\\\/logo\\\/image\\\/\",\"url\":\"https:\\\/\\\/www.sacredheart.qc.ca\\\/wp-content\\\/uploads\\\/2021\\\/06\\\/LogoScredHeart.svg\",\"contentUrl\":\"https:\\\/\\\/www.sacredheart.qc.ca\\\/wp-content\\\/uploads\\\/2021\\\/06\\\/LogoScredHeart.svg\",\"width\":\"1024\",\"height\":\"1024\",\"caption\":\"The Sacred Heart School of Montreal\"},\"image\":{\"@id\":\"https:\\\/\\\/www.sacredheart.qc.ca\\\/fr\\\/#\\\/schema\\\/logo\\\/image\\\/\"},\"sameAs\":[\"https:\\\/\\\/www.facebook.com\\\/SacredHeartMontreal\\\/\",\"https:\\\/\\\/x.com\\\/TheSHSM\",\"https:\\\/\\\/www.instagram.com\\\/SacredHeartMontreal\\\/\",\"https:\\\/\\\/www.linkedin.com\\\/school\\\/the-sacred-heart-school-of-montreal\\\/\",\"https:\\\/\\\/www.youtube.com\\\/user\\\/TheSacredHeartSchool\"]}]}<\/script>\n<!-- \/ Yoast SEO plugin. -->","yoast_head_json":{"title":"Centre de bien-\u00eatre | Montreal's Best English Private Catholic Girls School","description":"Le centre de bien-\u00eatre Julia Cianci Faire un don Le nouveau centre de bien-\u00eatre Julia Cianci sera con\u00e7u comme un espace destin\u00e9 \u00e0 favoriser la sant\u00e9 | SH, Private Catholic Girls School, Montreal.","robots":{"index":"index","follow":"follow","max-snippet":"max-snippet:-1","max-image-preview":"max-image-preview:large","max-video-preview":"max-video-preview:-1"},"canonical":"https:\/\/www.sacredheart.qc.ca\/fr\/ressources\/centre-bien-etre\/","og_locale":"fr_FR","og_type":"article","og_title":"Centre de bien-\u00eatre | Montreal's Best English Private Catholic Girls School","og_description":"Le centre de bien-\u00eatre Julia Cianci Faire un don Le nouveau centre de bien-\u00eatre Julia Cianci sera con\u00e7u comme un espace destin\u00e9 \u00e0 favoriser la sant\u00e9 | SH, Private Catholic Girls School, Montreal.","og_url":"https:\/\/www.sacredheart.qc.ca\/fr\/ressources\/centre-bien-etre\/","og_site_name":"The Sacred Heart School of Montreal","article_publisher":"https:\/\/www.facebook.com\/SacredHeartMontreal\/","article_modified_time":"2025-10-07T21:10:09+00:00","og_image":[{"url":"https:\/\/www.sacredheart.qc.ca\/wp-content\/uploads\/2021\/12\/Wellness-centre-perspective-1-cropped-scaled.jpg","type":"","width":"","height":""}],"twitter_card":"summary_large_image","twitter_site":"@TheSHSM","schema":{"@context":"https:\/\/schema.org","@graph":[{"@type":"WebPage","@id":"https:\/\/www.sacredheart.qc.ca\/fr\/ressources\/centre-bien-etre\/","url":"https:\/\/www.sacredheart.qc.ca\/fr\/ressources\/centre-bien-etre\/","name":"Centre de bien-\u00eatre | Montreal's Best English Private Catholic Girls School","isPartOf":{"@id":"https:\/\/www.sacredheart.qc.ca\/fr\/#website"},"primaryImageOfPage":{"@id":"https:\/\/www.sacredheart.qc.ca\/fr\/ressources\/centre-bien-etre\/#primaryimage"},"image":{"@id":"https:\/\/www.sacredheart.qc.ca\/fr\/ressources\/centre-bien-etre\/#primaryimage"},"thumbnailUrl":"https:\/\/www.sacredheart.qc.ca\/wp-content\/uploads\/2021\/12\/Wellness-centre-perspective-1-cropped-scaled.jpg","datePublished":"2021-12-14T15:05:43+00:00","dateModified":"2025-10-07T21:10:09+00:00","description":"Le centre de bien-\u00eatre Julia Cianci Faire un don Le nouveau centre de bien-\u00eatre Julia Cianci sera con\u00e7u comme un espace destin\u00e9 \u00e0 favoriser la sant\u00e9 | SH, Private Catholic Girls School, Montreal.","breadcrumb":{"@id":"https:\/\/www.sacredheart.qc.ca\/fr\/ressources\/centre-bien-etre\/#breadcrumb"},"inLanguage":"fr-FR","potentialAction":[{"@type":"ReadAction","target":["https:\/\/www.sacredheart.qc.ca\/fr\/ressources\/centre-bien-etre\/"]}]},{"@type":"ImageObject","inLanguage":"fr-FR","@id":"https:\/\/www.sacredheart.qc.ca\/fr\/ressources\/centre-bien-etre\/#primaryimage","url":"https:\/\/www.sacredheart.qc.ca\/wp-content\/uploads\/2021\/12\/Wellness-centre-perspective-1-cropped-scaled.jpg","contentUrl":"https:\/\/www.sacredheart.qc.ca\/wp-content\/uploads\/2021\/12\/Wellness-centre-perspective-1-cropped-scaled.jpg"},{"@type":"BreadcrumbList","@id":"https:\/\/www.sacredheart.qc.ca\/fr\/ressources\/centre-bien-etre\/#breadcrumb","itemListElement":[{"@type":"ListItem","position":1,"name":"Home","item":"https:\/\/www.sacredheart.qc.ca\/fr\/"},{"@type":"ListItem","position":2,"name":"Centre de bien-\u00eatre"}]},{"@type":"WebSite","@id":"https:\/\/www.sacredheart.qc.ca\/fr\/#website","url":"https:\/\/www.sacredheart.qc.ca\/fr\/","name":"The Sacred Heart School of Montreal","description":"Girls Only Private Catholic English High School - 100% Graduation Rate","publisher":{"@id":"https:\/\/www.sacredheart.qc.ca\/fr\/#organization"},"alternateName":"The Sacred Heart School of Montreal","potentialAction":[{"@type":"SearchAction","target":{"@type":"EntryPoint","urlTemplate":"https:\/\/www.sacredheart.qc.ca\/fr\/?s={search_term_string}"},"query-input":{"@type":"PropertyValueSpecification","valueRequired":true,"valueName":"search_term_string"}}],"inLanguage":"fr-FR"},{"@type":"Organization","@id":"https:\/\/www.sacredheart.qc.ca\/fr\/#organization","name":"The Sacred Heart School of Montreal","url":"https:\/\/www.sacredheart.qc.ca\/fr\/","logo":{"@type":"ImageObject","inLanguage":"fr-FR","@id":"https:\/\/www.sacredheart.qc.ca\/fr\/#\/schema\/logo\/image\/","url":"https:\/\/www.sacredheart.qc.ca\/wp-content\/uploads\/2021\/06\/LogoScredHeart.svg","contentUrl":"https:\/\/www.sacredheart.qc.ca\/wp-content\/uploads\/2021\/06\/LogoScredHeart.svg","width":"1024","height":"1024","caption":"The Sacred Heart School of Montreal"},"image":{"@id":"https:\/\/www.sacredheart.qc.ca\/fr\/#\/schema\/logo\/image\/"},"sameAs":["https:\/\/www.facebook.com\/SacredHeartMontreal\/","https:\/\/x.com\/TheSHSM","https:\/\/www.instagram.com\/SacredHeartMontreal\/","https:\/\/www.linkedin.com\/school\/the-sacred-heart-school-of-montreal\/","https:\/\/www.youtube.com\/user\/TheSacredHeartSchool"]}]}},"ticketed":false,"_links":{"self":[{"href":"https:\/\/www.sacredheart.qc.ca\/fr\/wp-json\/wp\/v2\/pages\/17722","targetHints":{"allow":["GET"]}}],"collection":[{"href":"https:\/\/www.sacredheart.qc.ca\/fr\/wp-json\/wp\/v2\/pages"}],"about":[{"href":"https:\/\/www.sacredheart.qc.ca\/fr\/wp-json\/wp\/v2\/types\/page"}],"author":[{"embeddable":true,"href":"https:\/\/www.sacredheart.qc.ca\/fr\/wp-json\/wp\/v2\/users\/19"}],"replies":[{"embeddable":true,"href":"https:\/\/www.sacredheart.qc.ca\/fr\/wp-json\/wp\/v2\/comments?post=17722"}],"version-history":[{"count":0,"href":"https:\/\/www.sacredheart.qc.ca\/fr\/wp-json\/wp\/v2\/pages\/17722\/revisions"}],"wp:attachment":[{"href":"https:\/\/www.sacredheart.qc.ca\/fr\/wp-json\/wp\/v2\/media?parent=17722"}],"curies":[{"name":"wp","href":"https:\/\/api.w.org\/{rel}","templated":true}]}}