{"id":17719,"date":"2021-06-18T15:37:28","date_gmt":"2021-06-18T19:37:28","guid":{"rendered":"https:\/\/www.sacredheart.qc.ca\/?page_id=17719"},"modified":"2024-05-08T10:15:31","modified_gmt":"2024-05-08T14:15:31","slug":"plan-strategique","status":"publish","type":"page","link":"https:\/\/www.sacredheart.qc.ca\/fr\/ressources\/plan-strategique\/","title":{"rendered":"Plan strat\u00e9gique"},"content":{"rendered":"\n<h1>\n\t\tPlan strat\u00e9gique<br \/>2021-2026\n\t<\/h1>\n<h2>\n\t\tEn savoir plus sur l&rsquo;\u00c9cole Sacr\u00e9-C\u0153ur de Montr\u00e9al Plan strat\u00e9gique pour les ann\u00e9es \u00e0 venir.\n\t<\/h2>\n\t<p>L&rsquo;\u00c9cole Sacr\u00e9-C\u0153ur de Montr\u00e9al est la seule \u00e9cole secondaire catholique anglophone pour filles \u00e0 Montr\u00e9al. En 2020, le conseil d&rsquo;administration s&rsquo;est engag\u00e9 \u00e0 renouveler le plan strat\u00e9gique de l&rsquo;\u00e9cole et un sous-comit\u00e9 a \u00e9t\u00e9 nomm\u00e9 pour g\u00e9rer cet exercice.<\/p>\n<p>Sur la base de la recommandation du sous-comit\u00e9, John Littleford and Associates, une soci\u00e9t\u00e9 internationale de conseil en gestion, a \u00e9t\u00e9 engag\u00e9e pour entreprendre et faciliter une session de planification strat\u00e9gique pour l&rsquo;\u00e9cole, afin de l&rsquo;aider \u00e0 d\u00e9finir une orientation et des priorit\u00e9s.<\/p>\n<p>M. Littleford a organis\u00e9 une s\u00e9rie de groupes de discussion afin de recueillir les id\u00e9es et les opinions de pr\u00e8s de 120 personnes issues de diff\u00e9rentes parties prenantes, &#8230;notamment les RSCJ, parents, anciens parents, \u00e9tudiants, personnel, professeurs, anciens \u00e9l\u00e8ves, donateurs, administrateurs de la <a data-sheets-formula-bar-text-link=\"https:\/\/www.sacredheart.qc.ca\/giving\/city-house-foundation\/\" data-sheets-formula-bar-text-style=\"font-size:13px;color:#000000;font-weight:normal;text-decoration:none;font-family:''Arial'';font-style:normal;text-decoration-skip-ink:none;\">Fondation City House<\/a>, membres du Conseil d&rsquo;administration et \u00e9quipe de direction.<\/p>\n\t\t\t<a href=\"https:\/\/www.sacredheart.qc.ca\/wp-content\/uploads\/2021\/11\/Strategic-Plan-2021-10-pages-Nov.-23-2021..pdf\" target=\"_blank\" rel=\"noopener\">\n\t\t\t\t\t\t\tT\u00e9l\u00e9charger le plan 2021-2026\n\t\t\t<\/a>\n\n","protected":false},"excerpt":{"rendered":"<p>Plan strat\u00e9gique2021-2026 En savoir plus sur l&rsquo;\u00c9cole Sacr\u00e9-C\u0153ur de Montr\u00e9al Plan strat\u00e9gique pour les ann\u00e9es \u00e0 venir. L&rsquo;\u00c9cole Sacr\u00e9-C\u0153ur de Montr\u00e9al est la seule \u00e9cole secondaire catholique anglophone pour filles&hellip;<\/p>\n","protected":false},"author":2,"featured_media":16188,"parent":0,"menu_order":145,"comment_status":"closed","ping_status":"closed","template":"","meta":{"_acf_changed":false,"inline_featured_image":false,"_price":"","_stock":"","_tribe_ticket_header":"","_tribe_default_ticket_provider":"","_tribe_ticket_capacity":"0","_ticket_start_date":"","_ticket_end_date":"","_tribe_ticket_show_description":"","_tribe_ticket_show_not_going":false,"_tribe_ticket_use_global_stock":"","_tribe_ticket_global_stock_level":"","_global_stock_mode":"","_global_stock_cap":"","_tribe_rsvp_for_event":"","_tribe_ticket_going_count":"","_tribe_ticket_not_going_count":"","_tribe_tickets_list":"[]","_tribe_ticket_has_attendee_info_fields":false,"footnotes":"","_tec_slr_enabled":"","_tec_slr_layout":""},"class_list":["post-17719","page","type-page","status-publish","has-post-thumbnail","hentry"],"acf":[],"yoast_head":"<!-- This site is optimized with the Yoast SEO plugin v27.3 - https:\/\/yoast.com\/product\/yoast-seo-wordpress\/ -->\n<title>Plan strat\u00e9gique | La seule \u00e9cole priv\u00e9e catholique anglophone pour filles \u00e0 Montr\u00e9al | L&#039;\u00c9cole Sacr\u00e9-C\u0153ur de Montr\u00e9al<\/title>\n<meta name=\"description\" content=\"L&#039;\u00c9cole Sacr\u00e9-C\u0153ur de Montr\u00e9al est la seule \u00e9cole secondaire priv\u00e9e catholique anglophone pour filles \u00e0 Montr\u00e9al . En 2020, le conseil d&#039;administration s&#039;est engag\u00e9 \u00e0 renouveler le plan strat\u00e9gique de l&#039;\u00e9cole pour l&#039;aider \u00e0 d\u00e9finir ses orientations et ses priorit\u00e9s.\" \/>\n<meta name=\"robots\" content=\"index, follow, max-snippet:-1, max-image-preview:large, max-video-preview:-1\" \/>\n<link rel=\"canonical\" href=\"https:\/\/www.sacredheart.qc.ca\/fr\/ressources\/plan-strategique\/\" \/>\n<meta property=\"og:locale\" content=\"fr_FR\" \/>\n<meta property=\"og:type\" content=\"article\" \/>\n<meta property=\"og:title\" content=\"Plan strat\u00e9gique | La seule \u00e9cole priv\u00e9e catholique anglophone pour filles \u00e0 Montr\u00e9al | L&#039;\u00c9cole Sacr\u00e9-C\u0153ur de Montr\u00e9al\" \/>\n<meta property=\"og:description\" content=\"L&#039;\u00c9cole Sacr\u00e9-C\u0153ur de Montr\u00e9al est la seule \u00e9cole secondaire priv\u00e9e catholique anglophone pour filles \u00e0 Montr\u00e9al . En 2020, le conseil d&#039;administration s&#039;est engag\u00e9 \u00e0 renouveler le plan strat\u00e9gique de l&#039;\u00e9cole pour l&#039;aider \u00e0 d\u00e9finir ses orientations et ses priorit\u00e9s.\" \/>\n<meta property=\"og:url\" content=\"https:\/\/www.sacredheart.qc.ca\/fr\/ressources\/plan-strategique\/\" \/>\n<meta property=\"og:site_name\" content=\"The Sacred Heart School of Montreal\" \/>\n<meta property=\"article:publisher\" content=\"https:\/\/www.facebook.com\/SacredHeartMontreal\/\" \/>\n<meta property=\"article:modified_time\" content=\"2024-05-08T14:15:31+00:00\" \/>\n<meta property=\"og:image\" content=\"https:\/\/www.sacredheart.qc.ca\/wp-content\/uploads\/2021\/07\/Strategic-Plan.jpg\" \/>\n\t<meta property=\"og:image:width\" content=\"1480\" \/>\n\t<meta property=\"og:image:height\" content=\"575\" \/>\n\t<meta property=\"og:image:type\" content=\"image\/jpeg\" \/>\n<meta name=\"twitter:card\" content=\"summary_large_image\" \/>\n<meta name=\"twitter:site\" content=\"@TheSHSM\" \/>\n<meta name=\"twitter:label1\" content=\"Dur\u00e9e de lecture estim\u00e9e\" \/>\n\t<meta name=\"twitter:data1\" content=\"1 minute\" \/>\n<script type=\"application\/ld+json\" class=\"yoast-schema-graph\">{\"@context\":\"https:\\\/\\\/schema.org\",\"@graph\":[{\"@type\":\"WebPage\",\"@id\":\"https:\\\/\\\/www.sacredheart.qc.ca\\\/fr\\\/ressources\\\/plan-strategique\\\/\",\"url\":\"https:\\\/\\\/www.sacredheart.qc.ca\\\/fr\\\/ressources\\\/plan-strategique\\\/\",\"name\":\"Plan strat\u00e9gique | La seule \u00e9cole priv\u00e9e catholique anglophone pour filles \u00e0 Montr\u00e9al | L'\u00c9cole Sacr\u00e9-C\u0153ur de Montr\u00e9al\",\"isPartOf\":{\"@id\":\"https:\\\/\\\/www.sacredheart.qc.ca\\\/fr\\\/#website\"},\"primaryImageOfPage\":{\"@id\":\"https:\\\/\\\/www.sacredheart.qc.ca\\\/fr\\\/ressources\\\/plan-strategique\\\/#primaryimage\"},\"image\":{\"@id\":\"https:\\\/\\\/www.sacredheart.qc.ca\\\/fr\\\/ressources\\\/plan-strategique\\\/#primaryimage\"},\"thumbnailUrl\":\"https:\\\/\\\/www.sacredheart.qc.ca\\\/wp-content\\\/uploads\\\/2021\\\/07\\\/Strategic-Plan.jpg\",\"datePublished\":\"2021-06-18T19:37:28+00:00\",\"dateModified\":\"2024-05-08T14:15:31+00:00\",\"description\":\"L'\u00c9cole Sacr\u00e9-C\u0153ur de Montr\u00e9al est la seule \u00e9cole secondaire priv\u00e9e catholique anglophone pour filles \u00e0 Montr\u00e9al . En 2020, le conseil d'administration s'est engag\u00e9 \u00e0 renouveler le plan strat\u00e9gique de l'\u00e9cole pour l'aider \u00e0 d\u00e9finir ses orientations et ses priorit\u00e9s.\",\"breadcrumb\":{\"@id\":\"https:\\\/\\\/www.sacredheart.qc.ca\\\/fr\\\/ressources\\\/plan-strategique\\\/#breadcrumb\"},\"inLanguage\":\"fr-FR\",\"potentialAction\":[{\"@type\":\"ReadAction\",\"target\":[\"https:\\\/\\\/www.sacredheart.qc.ca\\\/fr\\\/ressources\\\/plan-strategique\\\/\"]}]},{\"@type\":\"ImageObject\",\"inLanguage\":\"fr-FR\",\"@id\":\"https:\\\/\\\/www.sacredheart.qc.ca\\\/fr\\\/ressources\\\/plan-strategique\\\/#primaryimage\",\"url\":\"https:\\\/\\\/www.sacredheart.qc.ca\\\/wp-content\\\/uploads\\\/2021\\\/07\\\/Strategic-Plan.jpg\",\"contentUrl\":\"https:\\\/\\\/www.sacredheart.qc.ca\\\/wp-content\\\/uploads\\\/2021\\\/07\\\/Strategic-Plan.jpg\",\"width\":1480,\"height\":575},{\"@type\":\"BreadcrumbList\",\"@id\":\"https:\\\/\\\/www.sacredheart.qc.ca\\\/fr\\\/ressources\\\/plan-strategique\\\/#breadcrumb\",\"itemListElement\":[{\"@type\":\"ListItem\",\"position\":1,\"name\":\"Home\",\"item\":\"https:\\\/\\\/www.sacredheart.qc.ca\\\/fr\\\/\"},{\"@type\":\"ListItem\",\"position\":2,\"name\":\"Plan strat\u00e9gique\"}]},{\"@type\":\"WebSite\",\"@id\":\"https:\\\/\\\/www.sacredheart.qc.ca\\\/fr\\\/#website\",\"url\":\"https:\\\/\\\/www.sacredheart.qc.ca\\\/fr\\\/\",\"name\":\"The Sacred Heart School of Montreal\",\"description\":\"Girls Only Private Catholic English High School - 100% Graduation Rate\",\"publisher\":{\"@id\":\"https:\\\/\\\/www.sacredheart.qc.ca\\\/fr\\\/#organization\"},\"alternateName\":\"The Sacred Heart School of Montreal\",\"potentialAction\":[{\"@type\":\"SearchAction\",\"target\":{\"@type\":\"EntryPoint\",\"urlTemplate\":\"https:\\\/\\\/www.sacredheart.qc.ca\\\/fr\\\/?s={search_term_string}\"},\"query-input\":{\"@type\":\"PropertyValueSpecification\",\"valueRequired\":true,\"valueName\":\"search_term_string\"}}],\"inLanguage\":\"fr-FR\"},{\"@type\":\"Organization\",\"@id\":\"https:\\\/\\\/www.sacredheart.qc.ca\\\/fr\\\/#organization\",\"name\":\"The Sacred Heart School of Montreal\",\"url\":\"https:\\\/\\\/www.sacredheart.qc.ca\\\/fr\\\/\",\"logo\":{\"@type\":\"ImageObject\",\"inLanguage\":\"fr-FR\",\"@id\":\"https:\\\/\\\/www.sacredheart.qc.ca\\\/fr\\\/#\\\/schema\\\/logo\\\/image\\\/\",\"url\":\"https:\\\/\\\/www.sacredheart.qc.ca\\\/wp-content\\\/uploads\\\/2021\\\/06\\\/LogoScredHeart.svg\",\"contentUrl\":\"https:\\\/\\\/www.sacredheart.qc.ca\\\/wp-content\\\/uploads\\\/2021\\\/06\\\/LogoScredHeart.svg\",\"width\":\"1024\",\"height\":\"1024\",\"caption\":\"The Sacred Heart School of Montreal\"},\"image\":{\"@id\":\"https:\\\/\\\/www.sacredheart.qc.ca\\\/fr\\\/#\\\/schema\\\/logo\\\/image\\\/\"},\"sameAs\":[\"https:\\\/\\\/www.facebook.com\\\/SacredHeartMontreal\\\/\",\"https:\\\/\\\/x.com\\\/TheSHSM\",\"https:\\\/\\\/www.instagram.com\\\/SacredHeartMontreal\\\/\",\"https:\\\/\\\/www.linkedin.com\\\/school\\\/the-sacred-heart-school-of-montreal\\\/\",\"https:\\\/\\\/www.youtube.com\\\/user\\\/TheSacredHeartSchool\"]}]}<\/script>\n<!-- \/ Yoast SEO plugin. -->","yoast_head_json":{"title":"Plan strat\u00e9gique | La seule \u00e9cole priv\u00e9e catholique anglophone pour filles \u00e0 Montr\u00e9al | L'\u00c9cole Sacr\u00e9-C\u0153ur de Montr\u00e9al","description":"L'\u00c9cole Sacr\u00e9-C\u0153ur de Montr\u00e9al est la seule \u00e9cole secondaire priv\u00e9e catholique anglophone pour filles \u00e0 Montr\u00e9al . En 2020, le conseil d'administration s'est engag\u00e9 \u00e0 renouveler le plan strat\u00e9gique de l'\u00e9cole pour l'aider \u00e0 d\u00e9finir ses orientations et ses priorit\u00e9s.","robots":{"index":"index","follow":"follow","max-snippet":"max-snippet:-1","max-image-preview":"max-image-preview:large","max-video-preview":"max-video-preview:-1"},"canonical":"https:\/\/www.sacredheart.qc.ca\/fr\/ressources\/plan-strategique\/","og_locale":"fr_FR","og_type":"article","og_title":"Plan strat\u00e9gique | La seule \u00e9cole priv\u00e9e catholique anglophone pour filles \u00e0 Montr\u00e9al | L'\u00c9cole Sacr\u00e9-C\u0153ur de Montr\u00e9al","og_description":"L'\u00c9cole Sacr\u00e9-C\u0153ur de Montr\u00e9al est la seule \u00e9cole secondaire priv\u00e9e catholique anglophone pour filles \u00e0 Montr\u00e9al . En 2020, le conseil d'administration s'est engag\u00e9 \u00e0 renouveler le plan strat\u00e9gique de l'\u00e9cole pour l'aider \u00e0 d\u00e9finir ses orientations et ses priorit\u00e9s.","og_url":"https:\/\/www.sacredheart.qc.ca\/fr\/ressources\/plan-strategique\/","og_site_name":"The Sacred Heart School of Montreal","article_publisher":"https:\/\/www.facebook.com\/SacredHeartMontreal\/","article_modified_time":"2024-05-08T14:15:31+00:00","og_image":[{"width":1480,"height":575,"url":"https:\/\/www.sacredheart.qc.ca\/wp-content\/uploads\/2021\/07\/Strategic-Plan.jpg","type":"image\/jpeg"}],"twitter_card":"summary_large_image","twitter_site":"@TheSHSM","twitter_misc":{"Dur\u00e9e de lecture estim\u00e9e":"1 minute"},"schema":{"@context":"https:\/\/schema.org","@graph":[{"@type":"WebPage","@id":"https:\/\/www.sacredheart.qc.ca\/fr\/ressources\/plan-strategique\/","url":"https:\/\/www.sacredheart.qc.ca\/fr\/ressources\/plan-strategique\/","name":"Plan strat\u00e9gique | La seule \u00e9cole priv\u00e9e catholique anglophone pour filles \u00e0 Montr\u00e9al | L'\u00c9cole Sacr\u00e9-C\u0153ur de Montr\u00e9al","isPartOf":{"@id":"https:\/\/www.sacredheart.qc.ca\/fr\/#website"},"primaryImageOfPage":{"@id":"https:\/\/www.sacredheart.qc.ca\/fr\/ressources\/plan-strategique\/#primaryimage"},"image":{"@id":"https:\/\/www.sacredheart.qc.ca\/fr\/ressources\/plan-strategique\/#primaryimage"},"thumbnailUrl":"https:\/\/www.sacredheart.qc.ca\/wp-content\/uploads\/2021\/07\/Strategic-Plan.jpg","datePublished":"2021-06-18T19:37:28+00:00","dateModified":"2024-05-08T14:15:31+00:00","description":"L'\u00c9cole Sacr\u00e9-C\u0153ur de Montr\u00e9al est la seule \u00e9cole secondaire priv\u00e9e catholique anglophone pour filles \u00e0 Montr\u00e9al . En 2020, le conseil d'administration s'est engag\u00e9 \u00e0 renouveler le plan strat\u00e9gique de l'\u00e9cole pour l'aider \u00e0 d\u00e9finir ses orientations et ses priorit\u00e9s.","breadcrumb":{"@id":"https:\/\/www.sacredheart.qc.ca\/fr\/ressources\/plan-strategique\/#breadcrumb"},"inLanguage":"fr-FR","potentialAction":[{"@type":"ReadAction","target":["https:\/\/www.sacredheart.qc.ca\/fr\/ressources\/plan-strategique\/"]}]},{"@type":"ImageObject","inLanguage":"fr-FR","@id":"https:\/\/www.sacredheart.qc.ca\/fr\/ressources\/plan-strategique\/#primaryimage","url":"https:\/\/www.sacredheart.qc.ca\/wp-content\/uploads\/2021\/07\/Strategic-Plan.jpg","contentUrl":"https:\/\/www.sacredheart.qc.ca\/wp-content\/uploads\/2021\/07\/Strategic-Plan.jpg","width":1480,"height":575},{"@type":"BreadcrumbList","@id":"https:\/\/www.sacredheart.qc.ca\/fr\/ressources\/plan-strategique\/#breadcrumb","itemListElement":[{"@type":"ListItem","position":1,"name":"Home","item":"https:\/\/www.sacredheart.qc.ca\/fr\/"},{"@type":"ListItem","position":2,"name":"Plan strat\u00e9gique"}]},{"@type":"WebSite","@id":"https:\/\/www.sacredheart.qc.ca\/fr\/#website","url":"https:\/\/www.sacredheart.qc.ca\/fr\/","name":"The Sacred Heart School of Montreal","description":"Girls Only Private Catholic English High School - 100% Graduation Rate","publisher":{"@id":"https:\/\/www.sacredheart.qc.ca\/fr\/#organization"},"alternateName":"The Sacred Heart School of Montreal","potentialAction":[{"@type":"SearchAction","target":{"@type":"EntryPoint","urlTemplate":"https:\/\/www.sacredheart.qc.ca\/fr\/?s={search_term_string}"},"query-input":{"@type":"PropertyValueSpecification","valueRequired":true,"valueName":"search_term_string"}}],"inLanguage":"fr-FR"},{"@type":"Organization","@id":"https:\/\/www.sacredheart.qc.ca\/fr\/#organization","name":"The Sacred Heart School of Montreal","url":"https:\/\/www.sacredheart.qc.ca\/fr\/","logo":{"@type":"ImageObject","inLanguage":"fr-FR","@id":"https:\/\/www.sacredheart.qc.ca\/fr\/#\/schema\/logo\/image\/","url":"https:\/\/www.sacredheart.qc.ca\/wp-content\/uploads\/2021\/06\/LogoScredHeart.svg","contentUrl":"https:\/\/www.sacredheart.qc.ca\/wp-content\/uploads\/2021\/06\/LogoScredHeart.svg","width":"1024","height":"1024","caption":"The Sacred Heart School of Montreal"},"image":{"@id":"https:\/\/www.sacredheart.qc.ca\/fr\/#\/schema\/logo\/image\/"},"sameAs":["https:\/\/www.facebook.com\/SacredHeartMontreal\/","https:\/\/x.com\/TheSHSM","https:\/\/www.instagram.com\/SacredHeartMontreal\/","https:\/\/www.linkedin.com\/school\/the-sacred-heart-school-of-montreal\/","https:\/\/www.youtube.com\/user\/TheSacredHeartSchool"]}]}},"ticketed":false,"_links":{"self":[{"href":"https:\/\/www.sacredheart.qc.ca\/fr\/wp-json\/wp\/v2\/pages\/17719","targetHints":{"allow":["GET"]}}],"collection":[{"href":"https:\/\/www.sacredheart.qc.ca\/fr\/wp-json\/wp\/v2\/pages"}],"about":[{"href":"https:\/\/www.sacredheart.qc.ca\/fr\/wp-json\/wp\/v2\/types\/page"}],"author":[{"embeddable":true,"href":"https:\/\/www.sacredheart.qc.ca\/fr\/wp-json\/wp\/v2\/users\/2"}],"replies":[{"embeddable":true,"href":"https:\/\/www.sacredheart.qc.ca\/fr\/wp-json\/wp\/v2\/comments?post=17719"}],"version-history":[{"count":0,"href":"https:\/\/www.sacredheart.qc.ca\/fr\/wp-json\/wp\/v2\/pages\/17719\/revisions"}],"wp:featuredmedia":[{"embeddable":true,"href":"https:\/\/www.sacredheart.qc.ca\/fr\/wp-json\/wp\/v2\/media\/16188"}],"wp:attachment":[{"href":"https:\/\/www.sacredheart.qc.ca\/fr\/wp-json\/wp\/v2\/media?parent=17719"}],"curies":[{"name":"wp","href":"https:\/\/api.w.org\/{rel}","templated":true}]}}