{"id":17716,"date":"2021-07-09T20:44:25","date_gmt":"2021-07-10T00:44:25","guid":{"rendered":"https:\/\/www.sacredheart.qc.ca\/?page_id=17716"},"modified":"2023-10-23T16:09:02","modified_gmt":"2023-10-23T20:09:02","slug":"pension-au-coeur-sacre","status":"publish","type":"page","link":"https:\/\/www.sacredheart.qc.ca\/fr\/pensionnat\/","title":{"rendered":"Pensionnat du Sacr\u00e9-C\u0153ur"},"content":{"rendered":"\n<h1>\n\t\tLe pensionnat du<br \/>Sacr\u00e9-C\u0153ur de Montr\u00e9al\n\t<\/h1>\n<h2>\n\t\tEn savoir plus sur les options de pension \u00e0 l&rsquo;\u00c9cole Sacr\u00e9-C\u0153ur de Montr\u00e9al  \n\t<\/h2>\n<h2>\n\t\tLe pensionnat au Sacr\u00e9-C\u0153ur : Votre maison loin de chez vous \u00e0 Montr\u00e9al\n\t<\/h2>\n\t<p>Le choix d&rsquo;un internat est plus qu&rsquo;une simple s\u00e9lection d&rsquo;un \u00e9tablissement d&rsquo;enseignement ; il s&rsquo;agit de trouver un second foyer o\u00f9 l&rsquo;on peut s&rsquo;\u00e9panouir sur le plan scolaire, personnel et social.<\/p>\n<p>\u00c0 l&rsquo;\u00e9cole Sacr\u00e9-C\u0153ur de Montr\u00e9al, nous offrons une exp\u00e9rience d&rsquo;internat qui vous servira de foyer loin de chez vous.<\/p>\n<h2>\n\t\tPourquoi choisir le pensionnat du Sacr\u00e9-C\u0153ur ?\n\t<\/h2>\n\t<ul>\n<li><strong>Personnel \u00e0 temps plein sur place<\/strong>: Notre \u00e9quipe d\u00e9vou\u00e9e vit sur place, ce qui garantit une atmosph\u00e8re de s\u00e9curit\u00e9 et de soutien.<\/li>\n<li><strong>Diversit\u00e9 culturelle<\/strong>: D\u00e9couvrez la richesse de multiples cultures dans l&rsquo;une des villes les plus multiculturelles du Canada.<\/li>\n<\/ul>\n<h2>\n\t\tUn environnement accueillant et moderne\n\t<\/h2>\n\t<ul>\n<li><strong>Installations de buanderie<\/strong>: Vous pouvez vous occuper de vos t\u00e2ches quotidiennes en toute simplicit\u00e9.<\/li>\n<li><strong>Salle commune<\/strong>: Un espace confortable avec une t\u00e9l\u00e9vision \u00e0 grand \u00e9cran, des canap\u00e9s confortables et un piano.<\/li>\n<li><strong>Cuisine enti\u00e8rement \u00e9quip\u00e9e<\/strong>: Pour pr\u00e9parer un en-cas rapide ou un repas complet.<\/li>\n<li><strong>Occupation simple ou double<\/strong>: Choisissez ce qui vous convient le mieux.<\/li>\n<li><strong>Espace de travail<\/strong>: Chaque chambre est \u00e9quip\u00e9e d&rsquo;un bureau, d&rsquo;une chaise ergonomique et d&rsquo;une prise multichargeur.<\/li>\n<li><strong>Rangements<\/strong>: Les tiroirs sous le lit et l&rsquo;armoire offrent un vaste espace de rangement.<\/li>\n<\/ul>\n<h2>\n\t\tActivit\u00e9s apr\u00e8s l&rsquo;\u00e9cole et le week-end\n\t<\/h2>\n\t<p>Le Sacr\u00e9-C\u0153ur propose un large \u00e9ventail d&rsquo;activit\u00e9s parascolaires, allant des rencontres sociales de fin de semaine ax\u00e9es sur les arts et la culture, \u00e0 l&rsquo;exploitation de l&rsquo;offre urbaine anim\u00e9e de Montr\u00e9al.<\/p>\n<p>Des excursions \u00e0 des f\u00eates locales, des activit\u00e9s sportives et une foule d&rsquo;autres exp\u00e9riences compl\u00e8tent notre programme complet. <a href=\"https:\/\/www.sacredheart.qc.ca\/wp-content\/uploads\/2023\/06\/Newsletter-for-Highlights-Boarding-Jun-1.pdf\" target=\"_blank\" rel=\"noopener\">D\u00e9couvrez les derni\u00e8res activit\u00e9s<\/a>.<\/p>\n<h2>\n\t\tChoix entre l&rsquo;option de pension de 5 ou 7 jours\n\t<\/h2>\n\t<a href=\"pensionna\" target=\"_self\" rel=\"noopener\"><\/a>\t\t\t\t\n\t\t\t\t\t\t<img decoding=\"async\" alt=\"\" src=\"https:\/\/www.sacredheart.qc.ca\/wp-content\/uploads\/2021\/07\/Boarding.jpg\"\/>\n\t\t<h3>Pensionnat pour le secondaire I \u00e0 V<\/h3>\n\t\t\t<p>En savoir plus sur les options de pensionnat pour les \u00e9l\u00e8ves du secondaire.<\/p>\n\t<a href=\"https:\/\/www.sacredheart.qc.ca\/fr\/pensionnat\/options-12e-annee\/\" target=\"_self\" rel=\"noopener\"><\/a>\t\t\t\t\n\t\t\t\t\t\t<img decoding=\"async\" alt=\"\" src=\"https:\/\/www.sacredheart.qc.ca\/wp-content\/uploads\/2023\/07\/DSC_0185.jpg\"\/>\n\t\t<h3>Pensionnat pour la 12e ann\u00e9e<\/h3>\n\t\t\t<p>En savoir plus sur les options de pension de 5 ou 7 jours pour les \u00e9l\u00e8ves en 12e ann\u00e9e.<\/p>\n<h2>\n\t\tVous pouvez \u00e9galement \u00eatre int\u00e9ress\u00e9 par\n\t<\/h2>\n\t\t\t<a href=\"https:\/\/www.sacredheart.qc.ca\/fr\/a-propos\/mission-objectifs\/\" target=\"_self\" rel=\"noopener\">\n\t\t\t\t\t\t\tNotre mission et nos objectifs\n\t\t\t<\/a>\n\t\t\t<a href=\"https:\/\/www.sacredheart.qc.ca\/fr\/a-propos\/qui-sommes-nous\/\" target=\"_self\" rel=\"noopener\">\n\t\t\t\t\t\t\tQui sommes-nous ?\n\t\t\t<\/a>\n\t\t\t<a href=\"https:\/\/www.sacredheart.qc.ca\/fr\/admissions\" target=\"_self\" rel=\"noopener\">\n\t\t\t\t\t\t\tS&rsquo;inscrire\n\t\t\t<\/a>\n<h2>\n\t\tQuestions sur les options de pension ?\n\t<\/h2>\n\t<p>Veuillez contacter Mme Stephanie Broadhurst, directrice de la gestion des inscriptions, \u00e0 l&rsquo;adresse suivante<\/p>\n\t<p><a href=\"mailto:admissions@sacredheart.qc.ca\">admissions@sacredheart.qc.ca<\/a><\/p>\n\t<p><strong>T\u00e9l\u00e9phone :<\/strong> +1-514-937-2845 x 114<\/p>\n<p><strong>WeChat :<\/strong> StephB15 | <strong>Whatsapp :<\/strong> +1-514-654-9406<\/p>\n\n","protected":false},"excerpt":{"rendered":"<p>Le pensionnat duSacr\u00e9-C\u0153ur de Montr\u00e9al En savoir plus sur les options de pension \u00e0 l&rsquo;\u00c9cole Sacr\u00e9-C\u0153ur de Montr\u00e9al Le pensionnat au Sacr\u00e9-C\u0153ur : Votre maison loin de chez vous \u00e0&hellip;<\/p>\n","protected":false},"author":6,"featured_media":16199,"parent":0,"menu_order":123,"comment_status":"closed","ping_status":"closed","template":"","meta":{"_acf_changed":false,"inline_featured_image":false,"_price":"","_stock":"","_tribe_ticket_header":"","_tribe_default_ticket_provider":"","_tribe_ticket_capacity":"0","_ticket_start_date":"","_ticket_end_date":"","_tribe_ticket_show_description":"","_tribe_ticket_show_not_going":false,"_tribe_ticket_use_global_stock":"","_tribe_ticket_global_stock_level":"","_global_stock_mode":"","_global_stock_cap":"","_tribe_rsvp_for_event":"","_tribe_ticket_going_count":"","_tribe_ticket_not_going_count":"","_tribe_tickets_list":"[]","_tribe_ticket_has_attendee_info_fields":false,"footnotes":"","_tec_slr_enabled":"","_tec_slr_layout":""},"class_list":["post-17716","page","type-page","status-publish","has-post-thumbnail","hentry"],"acf":[],"yoast_head":"<!-- This site is optimized with the Yoast SEO plugin v27.3 - https:\/\/yoast.com\/product\/yoast-seo-wordpress\/ -->\n<title>Pensionnat : \u00c9cole secondaire de filles de Montr\u00e9al | The Sacred Heart School of Montreal<\/title>\n<meta name=\"description\" content=\"D\u00e9couvrez les options d&#039;internat pour filles seulement \u00e0 Montr\u00e9al. Les \u00e9tudiants \u00e9trangers et nationaux sont les bienvenus.\" \/>\n<meta name=\"robots\" content=\"index, follow, max-snippet:-1, max-image-preview:large, max-video-preview:-1\" \/>\n<link rel=\"canonical\" href=\"https:\/\/www.sacredheart.qc.ca\/fr\/pensionnat\/\" \/>\n<meta property=\"og:locale\" content=\"fr_FR\" \/>\n<meta property=\"og:type\" content=\"article\" \/>\n<meta property=\"og:title\" content=\"Pensionnat : \u00c9cole secondaire de filles de Montr\u00e9al | The Sacred Heart School of Montreal\" \/>\n<meta property=\"og:description\" content=\"D\u00e9couvrez les options d&#039;internat pour filles seulement \u00e0 Montr\u00e9al. Les \u00e9tudiants \u00e9trangers et nationaux sont les bienvenus.\" \/>\n<meta property=\"og:url\" content=\"https:\/\/www.sacredheart.qc.ca\/fr\/pensionnat\/\" \/>\n<meta property=\"og:site_name\" content=\"The Sacred Heart School of Montreal\" \/>\n<meta property=\"article:publisher\" content=\"https:\/\/www.facebook.com\/SacredHeartMontreal\/\" \/>\n<meta property=\"article:modified_time\" content=\"2023-10-23T20:09:02+00:00\" \/>\n<meta property=\"og:image\" content=\"https:\/\/www.sacredheart.qc.ca\/wp-content\/uploads\/2021\/07\/Boarding.jpg\" \/>\n\t<meta property=\"og:image:width\" content=\"1480\" \/>\n\t<meta property=\"og:image:height\" content=\"575\" \/>\n\t<meta property=\"og:image:type\" content=\"image\/jpeg\" \/>\n<meta name=\"twitter:card\" content=\"summary_large_image\" \/>\n<meta name=\"twitter:site\" content=\"@TheSHSM\" \/>\n<meta name=\"twitter:label1\" content=\"Dur\u00e9e de lecture estim\u00e9e\" \/>\n\t<meta name=\"twitter:data1\" content=\"3 minutes\" \/>\n<script type=\"application\/ld+json\" class=\"yoast-schema-graph\">{\"@context\":\"https:\\\/\\\/schema.org\",\"@graph\":[{\"@type\":\"WebPage\",\"@id\":\"https:\\\/\\\/www.sacredheart.qc.ca\\\/fr\\\/pensionnat\\\/\",\"url\":\"https:\\\/\\\/www.sacredheart.qc.ca\\\/fr\\\/pensionnat\\\/\",\"name\":\"Pensionnat : \u00c9cole secondaire de filles de Montr\u00e9al | The Sacred Heart School of Montreal\",\"isPartOf\":{\"@id\":\"https:\\\/\\\/www.sacredheart.qc.ca\\\/fr\\\/#website\"},\"primaryImageOfPage\":{\"@id\":\"https:\\\/\\\/www.sacredheart.qc.ca\\\/fr\\\/pensionnat\\\/#primaryimage\"},\"image\":{\"@id\":\"https:\\\/\\\/www.sacredheart.qc.ca\\\/fr\\\/pensionnat\\\/#primaryimage\"},\"thumbnailUrl\":\"https:\\\/\\\/www.sacredheart.qc.ca\\\/wp-content\\\/uploads\\\/2021\\\/07\\\/Boarding.jpg\",\"datePublished\":\"2021-07-10T00:44:25+00:00\",\"dateModified\":\"2023-10-23T20:09:02+00:00\",\"description\":\"D\u00e9couvrez les options d'internat pour filles seulement \u00e0 Montr\u00e9al. Les \u00e9tudiants \u00e9trangers et nationaux sont les bienvenus.\",\"breadcrumb\":{\"@id\":\"https:\\\/\\\/www.sacredheart.qc.ca\\\/fr\\\/pensionnat\\\/#breadcrumb\"},\"inLanguage\":\"fr-FR\",\"potentialAction\":[{\"@type\":\"ReadAction\",\"target\":[\"https:\\\/\\\/www.sacredheart.qc.ca\\\/fr\\\/pensionnat\\\/\"]}]},{\"@type\":\"ImageObject\",\"inLanguage\":\"fr-FR\",\"@id\":\"https:\\\/\\\/www.sacredheart.qc.ca\\\/fr\\\/pensionnat\\\/#primaryimage\",\"url\":\"https:\\\/\\\/www.sacredheart.qc.ca\\\/wp-content\\\/uploads\\\/2021\\\/07\\\/Boarding.jpg\",\"contentUrl\":\"https:\\\/\\\/www.sacredheart.qc.ca\\\/wp-content\\\/uploads\\\/2021\\\/07\\\/Boarding.jpg\",\"width\":1480,\"height\":575},{\"@type\":\"BreadcrumbList\",\"@id\":\"https:\\\/\\\/www.sacredheart.qc.ca\\\/fr\\\/pensionnat\\\/#breadcrumb\",\"itemListElement\":[{\"@type\":\"ListItem\",\"position\":1,\"name\":\"Home\",\"item\":\"https:\\\/\\\/www.sacredheart.qc.ca\\\/fr\\\/\"},{\"@type\":\"ListItem\",\"position\":2,\"name\":\"Pensionnat du Sacr\u00e9-C\u0153ur\"}]},{\"@type\":\"WebSite\",\"@id\":\"https:\\\/\\\/www.sacredheart.qc.ca\\\/fr\\\/#website\",\"url\":\"https:\\\/\\\/www.sacredheart.qc.ca\\\/fr\\\/\",\"name\":\"The Sacred Heart School of Montreal\",\"description\":\"Girls Only Private Catholic English High School - 100% Graduation Rate\",\"publisher\":{\"@id\":\"https:\\\/\\\/www.sacredheart.qc.ca\\\/fr\\\/#organization\"},\"alternateName\":\"The Sacred Heart School of Montreal\",\"potentialAction\":[{\"@type\":\"SearchAction\",\"target\":{\"@type\":\"EntryPoint\",\"urlTemplate\":\"https:\\\/\\\/www.sacredheart.qc.ca\\\/fr\\\/?s={search_term_string}\"},\"query-input\":{\"@type\":\"PropertyValueSpecification\",\"valueRequired\":true,\"valueName\":\"search_term_string\"}}],\"inLanguage\":\"fr-FR\"},{\"@type\":\"Organization\",\"@id\":\"https:\\\/\\\/www.sacredheart.qc.ca\\\/fr\\\/#organization\",\"name\":\"The Sacred Heart School of Montreal\",\"url\":\"https:\\\/\\\/www.sacredheart.qc.ca\\\/fr\\\/\",\"logo\":{\"@type\":\"ImageObject\",\"inLanguage\":\"fr-FR\",\"@id\":\"https:\\\/\\\/www.sacredheart.qc.ca\\\/fr\\\/#\\\/schema\\\/logo\\\/image\\\/\",\"url\":\"https:\\\/\\\/www.sacredheart.qc.ca\\\/wp-content\\\/uploads\\\/2021\\\/06\\\/LogoScredHeart.svg\",\"contentUrl\":\"https:\\\/\\\/www.sacredheart.qc.ca\\\/wp-content\\\/uploads\\\/2021\\\/06\\\/LogoScredHeart.svg\",\"width\":\"1024\",\"height\":\"1024\",\"caption\":\"The Sacred Heart School of Montreal\"},\"image\":{\"@id\":\"https:\\\/\\\/www.sacredheart.qc.ca\\\/fr\\\/#\\\/schema\\\/logo\\\/image\\\/\"},\"sameAs\":[\"https:\\\/\\\/www.facebook.com\\\/SacredHeartMontreal\\\/\",\"https:\\\/\\\/x.com\\\/TheSHSM\",\"https:\\\/\\\/www.instagram.com\\\/SacredHeartMontreal\\\/\",\"https:\\\/\\\/www.linkedin.com\\\/school\\\/the-sacred-heart-school-of-montreal\\\/\",\"https:\\\/\\\/www.youtube.com\\\/user\\\/TheSacredHeartSchool\"]}]}<\/script>\n<!-- \/ Yoast SEO plugin. -->","yoast_head_json":{"title":"Pensionnat : \u00c9cole secondaire de filles de Montr\u00e9al | The Sacred Heart School of Montreal","description":"D\u00e9couvrez les options d'internat pour filles seulement \u00e0 Montr\u00e9al. Les \u00e9tudiants \u00e9trangers et nationaux sont les bienvenus.","robots":{"index":"index","follow":"follow","max-snippet":"max-snippet:-1","max-image-preview":"max-image-preview:large","max-video-preview":"max-video-preview:-1"},"canonical":"https:\/\/www.sacredheart.qc.ca\/fr\/pensionnat\/","og_locale":"fr_FR","og_type":"article","og_title":"Pensionnat : \u00c9cole secondaire de filles de Montr\u00e9al | The Sacred Heart School of Montreal","og_description":"D\u00e9couvrez les options d'internat pour filles seulement \u00e0 Montr\u00e9al. Les \u00e9tudiants \u00e9trangers et nationaux sont les bienvenus.","og_url":"https:\/\/www.sacredheart.qc.ca\/fr\/pensionnat\/","og_site_name":"The Sacred Heart School of Montreal","article_publisher":"https:\/\/www.facebook.com\/SacredHeartMontreal\/","article_modified_time":"2023-10-23T20:09:02+00:00","og_image":[{"width":1480,"height":575,"url":"https:\/\/www.sacredheart.qc.ca\/wp-content\/uploads\/2021\/07\/Boarding.jpg","type":"image\/jpeg"}],"twitter_card":"summary_large_image","twitter_site":"@TheSHSM","twitter_misc":{"Dur\u00e9e de lecture estim\u00e9e":"3 minutes"},"schema":{"@context":"https:\/\/schema.org","@graph":[{"@type":"WebPage","@id":"https:\/\/www.sacredheart.qc.ca\/fr\/pensionnat\/","url":"https:\/\/www.sacredheart.qc.ca\/fr\/pensionnat\/","name":"Pensionnat : \u00c9cole secondaire de filles de Montr\u00e9al | The Sacred Heart School of Montreal","isPartOf":{"@id":"https:\/\/www.sacredheart.qc.ca\/fr\/#website"},"primaryImageOfPage":{"@id":"https:\/\/www.sacredheart.qc.ca\/fr\/pensionnat\/#primaryimage"},"image":{"@id":"https:\/\/www.sacredheart.qc.ca\/fr\/pensionnat\/#primaryimage"},"thumbnailUrl":"https:\/\/www.sacredheart.qc.ca\/wp-content\/uploads\/2021\/07\/Boarding.jpg","datePublished":"2021-07-10T00:44:25+00:00","dateModified":"2023-10-23T20:09:02+00:00","description":"D\u00e9couvrez les options d'internat pour filles seulement \u00e0 Montr\u00e9al. Les \u00e9tudiants \u00e9trangers et nationaux sont les bienvenus.","breadcrumb":{"@id":"https:\/\/www.sacredheart.qc.ca\/fr\/pensionnat\/#breadcrumb"},"inLanguage":"fr-FR","potentialAction":[{"@type":"ReadAction","target":["https:\/\/www.sacredheart.qc.ca\/fr\/pensionnat\/"]}]},{"@type":"ImageObject","inLanguage":"fr-FR","@id":"https:\/\/www.sacredheart.qc.ca\/fr\/pensionnat\/#primaryimage","url":"https:\/\/www.sacredheart.qc.ca\/wp-content\/uploads\/2021\/07\/Boarding.jpg","contentUrl":"https:\/\/www.sacredheart.qc.ca\/wp-content\/uploads\/2021\/07\/Boarding.jpg","width":1480,"height":575},{"@type":"BreadcrumbList","@id":"https:\/\/www.sacredheart.qc.ca\/fr\/pensionnat\/#breadcrumb","itemListElement":[{"@type":"ListItem","position":1,"name":"Home","item":"https:\/\/www.sacredheart.qc.ca\/fr\/"},{"@type":"ListItem","position":2,"name":"Pensionnat du Sacr\u00e9-C\u0153ur"}]},{"@type":"WebSite","@id":"https:\/\/www.sacredheart.qc.ca\/fr\/#website","url":"https:\/\/www.sacredheart.qc.ca\/fr\/","name":"The Sacred Heart School of Montreal","description":"Girls Only Private Catholic English High School - 100% Graduation Rate","publisher":{"@id":"https:\/\/www.sacredheart.qc.ca\/fr\/#organization"},"alternateName":"The Sacred Heart School of Montreal","potentialAction":[{"@type":"SearchAction","target":{"@type":"EntryPoint","urlTemplate":"https:\/\/www.sacredheart.qc.ca\/fr\/?s={search_term_string}"},"query-input":{"@type":"PropertyValueSpecification","valueRequired":true,"valueName":"search_term_string"}}],"inLanguage":"fr-FR"},{"@type":"Organization","@id":"https:\/\/www.sacredheart.qc.ca\/fr\/#organization","name":"The Sacred Heart School of Montreal","url":"https:\/\/www.sacredheart.qc.ca\/fr\/","logo":{"@type":"ImageObject","inLanguage":"fr-FR","@id":"https:\/\/www.sacredheart.qc.ca\/fr\/#\/schema\/logo\/image\/","url":"https:\/\/www.sacredheart.qc.ca\/wp-content\/uploads\/2021\/06\/LogoScredHeart.svg","contentUrl":"https:\/\/www.sacredheart.qc.ca\/wp-content\/uploads\/2021\/06\/LogoScredHeart.svg","width":"1024","height":"1024","caption":"The Sacred Heart School of Montreal"},"image":{"@id":"https:\/\/www.sacredheart.qc.ca\/fr\/#\/schema\/logo\/image\/"},"sameAs":["https:\/\/www.facebook.com\/SacredHeartMontreal\/","https:\/\/x.com\/TheSHSM","https:\/\/www.instagram.com\/SacredHeartMontreal\/","https:\/\/www.linkedin.com\/school\/the-sacred-heart-school-of-montreal\/","https:\/\/www.youtube.com\/user\/TheSacredHeartSchool"]}]}},"ticketed":false,"_links":{"self":[{"href":"https:\/\/www.sacredheart.qc.ca\/fr\/wp-json\/wp\/v2\/pages\/17716","targetHints":{"allow":["GET"]}}],"collection":[{"href":"https:\/\/www.sacredheart.qc.ca\/fr\/wp-json\/wp\/v2\/pages"}],"about":[{"href":"https:\/\/www.sacredheart.qc.ca\/fr\/wp-json\/wp\/v2\/types\/page"}],"author":[{"embeddable":true,"href":"https:\/\/www.sacredheart.qc.ca\/fr\/wp-json\/wp\/v2\/users\/6"}],"replies":[{"embeddable":true,"href":"https:\/\/www.sacredheart.qc.ca\/fr\/wp-json\/wp\/v2\/comments?post=17716"}],"version-history":[{"count":0,"href":"https:\/\/www.sacredheart.qc.ca\/fr\/wp-json\/wp\/v2\/pages\/17716\/revisions"}],"wp:featuredmedia":[{"embeddable":true,"href":"https:\/\/www.sacredheart.qc.ca\/fr\/wp-json\/wp\/v2\/media\/16199"}],"wp:attachment":[{"href":"https:\/\/www.sacredheart.qc.ca\/fr\/wp-json\/wp\/v2\/media?parent=17716"}],"curies":[{"name":"wp","href":"https:\/\/api.w.org\/{rel}","templated":true}]}}