{"id":17715,"date":"2021-06-04T17:05:15","date_gmt":"2021-06-04T21:05:15","guid":{"rendered":"https:\/\/www.sacredheart.qc.ca\/?page_id=17715"},"modified":"2026-01-26T13:37:42","modified_gmt":"2026-01-26T18:37:42","slug":"objectifs-de-la-mission","status":"publish","type":"page","link":"https:\/\/www.sacredheart.qc.ca\/fr\/a-propos\/mission-objectifs\/","title":{"rendered":"Mission et objectifs"},"content":{"rendered":"\n<h1>\n\t\t\tMission et objectifs\t<\/h1>\n<h2>\n\t\t\tNotre philosophie et nos objectifs sont \u00e0 l&rsquo;image des \u00e9coles Sacr\u00e9-C\u0153ur dans le monde entier.\t<\/h2>\n<h2>\n\t\t\t\u00ab\u00a0Pour l&rsquo;amour d&rsquo;un enfant&#8230;\u00a0\u00bb\t<\/h2>\n\t<p>Comme toutes les \u00e9coles Sacr\u00e9-C\u0153ur dans le monde, notre \u00e9cole s&rsquo;engage \u00e0 respecter l&rsquo;h\u00e9ritage de notre fondatrice, Sainte Madeleine Sophie Barat. Notre philosophie et nos objectifs refl\u00e8tent le caract\u00e8re unique de l&rsquo;\u00e9ducation du Sacr\u00e9-C\u0153ur et les liens \u00e9troits qui unissent les \u00e9coles Sacr\u00e9-C\u0153ur dans le monde entier. Notre mission est de d\u00e9velopper l&rsquo;esprit, le corps et l&rsquo;\u00e2me de chaque \u00e9l\u00e8ve dans un environnement favorable et bienveillant.<\/p>\n<h2>\n\t\t\tL&rsquo;\u00c9cole Sacr\u00e9-C\u0153ur de Montr\u00e9al s&rsquo;engage \u00e0 \u00e9duquer \u00e0 :\t<\/h2>\n\t\t<figure itemscope itemtype=\"https:\/\/schema.org\/ImageObject\">\n\t\t\t\t<img decoding=\"async\" src=\"https:\/\/www.sacredheart.qc.ca\/wp-content\/uploads\/2021\/07\/Faith-square.png\" alt=\"Faith-square\" height=\"150\" width=\"150\" title=\"Faith-square\" onerror=\"this.style.display='none'\" loading=\"lazy\" \/>\n\t<\/figure>\n<p>Une foi personnelle et engag\u00e9e envers Dieu<\/p>\n\t<ul>\n<li>L&rsquo;\u00e9cole forme ses \u00e9l\u00e8ves et ses membres adultes aux attitudes du c\u0153ur de J\u00e9sus, telles que la gratitude, la g\u00e9n\u00e9rosit\u00e9, la compassion et le pardon.<\/li>\n<li>La communaut\u00e9 scolaire accueille et respecte les personnes de toutes confessions et les \u00e9duque \u00e0 la compr\u00e9hension des religions et des traditions spirituelles du monde.<\/li>\n<li>Les membres de la communaut\u00e9 scolaire, ouverts au pouvoir transformateur de l&rsquo;Esprit de Dieu, s&rsquo;engagent dans la pri\u00e8re personnelle et communautaire, le discernement et la r\u00e9flexion qui \u00e9clairent leurs actions.<\/li>\n<\/ul>\n\t\t<figure itemscope itemtype=\"https:\/\/schema.org\/ImageObject\">\n\t\t\t\t<img decoding=\"async\" src=\"https:\/\/www.sacredheart.qc.ca\/wp-content\/uploads\/2021\/07\/Deep-Respect.png\" alt=\"Deep-Respect\" height=\"150\" width=\"199\" title=\"Deep-Respect\" onerror=\"this.style.display='none'\" loading=\"lazy\" \/>\n\t<\/figure>\n<p>Un profond respect pour les valeurs intellectuelles<\/p>\n\t<ul>\n<li>Les \u00e9ducateurs et les \u00e9l\u00e8ves de l&rsquo;\u00e9cole s&rsquo;engagent dans des exp\u00e9riences stimulantes qui inspirent la curiosit\u00e9 intellectuelle, un \u00e9tat d&rsquo;esprit global et un amour de l&rsquo;apprentissage tout au long de leur vie.<\/li>\n<li>Les programmes scolaires et p\u00e9riscolaires int\u00e8grent l&rsquo;innovation et la collaboration, la pens\u00e9e critique et la r\u00e9solution de probl\u00e8mes, l&rsquo;exploration des technologies \u00e9mergentes et l&rsquo;\u00e9valuation critique de l&rsquo;information.<\/li>\n<li>L&rsquo;\u00e9cole cultive les valeurs esth\u00e9tiques et l&rsquo;utilisation cr\u00e9ative de l&rsquo;imagination.<\/li>\n<\/ul>\n\t\t<figure itemscope itemtype=\"https:\/\/schema.org\/ImageObject\">\n\t\t\t\t<img decoding=\"async\" src=\"https:\/\/www.sacredheart.qc.ca\/wp-content\/uploads\/2021\/07\/Social.png\" alt=\"Social\" height=\"150\" width=\"199\" title=\"Social\" onerror=\"this.style.display='none'\" loading=\"lazy\" \/>\n\t<\/figure>\n<p>Une conscience sociale qui incite \u00e0 agir<\/p>\n\t<ul>\n<li>L&rsquo;\u00e9cole, qui s&rsquo;inspire de l&rsquo;enseignement social catholique, forme les \u00e9tudiantes \u00e0 analyser et \u00e0 s&rsquo;engager \u00e0 l&rsquo;\u00e9radication des structures sociales, des pratiques, des syst\u00e8mes et des valeurs qui perp\u00e9tuent le racisme et d&rsquo;autres injustices.<\/li>\n<li>Tous les membres de la communaut\u00e9 scolaire acceptent la responsabilit\u00e9 de la protection de la cr\u00e9ation de Dieu, pratiquent une gestion efficace des ressources de la terre et s&rsquo;efforcent d&rsquo;att\u00e9nuer la crise climatique.<\/li>\n<li>Les \u00e9ducateurs du Sacr\u00e9-C\u0153ur s&rsquo;efforcent de d\u00e9velopper chez les \u00e9tudiantes un engagement \u00e0 servir tout au long de leur vie.<\/li>\n<\/ul>\n\t\t<figure itemscope itemtype=\"https:\/\/schema.org\/ImageObject\">\n\t\t\t\t<img decoding=\"async\" src=\"https:\/\/www.sacredheart.qc.ca\/wp-content\/uploads\/2021\/07\/Community.png\" alt=\"Community\" height=\"150\" width=\"199\" title=\"Community\" onerror=\"this.style.display='none'\" loading=\"lazy\" \/>\n\t<\/figure>\n<p>La cr\u00e9ation et la promotion de la communaut\u00e9 en tant que valeur chr\u00e9tienne<\/p>\n\t<ul>\n<li>L&rsquo;\u00e9cole, affirmant que tous sont cr\u00e9\u00e9s \u00e0 l&rsquo;image et \u00e0 la ressemblance de Dieu, promeut la dignit\u00e9 inh\u00e9rente \u00e0 la personne humaine et s&rsquo;efforce d&rsquo;\u00e9tablir des relations caract\u00e9ris\u00e9es par l&rsquo;inclusion et le respect mutuel.<\/li>\n<li>Les membres de la communaut\u00e9 scolaire pratiquent et enseignent dans un esprit de paix et de r\u00e9conciliation les principes de non-violence et de gestion des conflits.<\/li>\n<li>La direction de l&rsquo;\u00e9cole alloue des ressources financi\u00e8res pour soutenir la diversit\u00e9 socio-\u00e9conomique \u00e0 la fois dans le processus d&rsquo;admission et dans la vie quotidienne des \u00e9l\u00e8ves.<\/li>\n<\/ul>\n\t\t<figure itemscope itemtype=\"https:\/\/schema.org\/ImageObject\">\n\t\t\t\t<img decoding=\"async\" src=\"https:\/\/www.sacredheart.qc.ca\/wp-content\/uploads\/2021\/07\/Growth.png\" alt=\"Growth\" height=\"150\" width=\"199\" title=\"Growth\" onerror=\"this.style.display='none'\" loading=\"lazy\" \/>\n\t<\/figure>\n<p>Une croissance personnelle dans une atmosph\u00e8re de libert\u00e9 \u00e9clair\u00e9e.<\/p>\n\t<ul>\n<li>Les \u00e9l\u00e8ves et les adultes de la communaut\u00e9 scolaire gagnent en courage et en confiance en d\u00e9couvrant de nouvelles capacit\u00e9s, en cultivant leurs points forts, en apprenant de leurs erreurs, en d\u00e9veloppant l&#8217;empathie et en faisant preuve de r\u00e9silience pour relever les d\u00e9fis.<\/li>\n<li>Tous les membres de la communaut\u00e9 scolaire assument la responsabilit\u00e9 personnelle de la sant\u00e9 et de l&rsquo;\u00e9quilibre dans leur vie, soutenus par une culture scolaire qui promeut le bien-\u00eatre spirituel, intellectuel, physique et socio-\u00e9motionnel.<\/li>\n<li>Les \u00e9coles Sacr\u00e9-C\u0153ur reconnaissent et forment au leadership motivant, inspirant et transformationnel.<\/li>\n<\/ul>\n<h2>\n\t\t\tObjectifs et crit\u00e8res\t<\/h2>\n\t\t\t<a href=\"https:\/\/www.sacredheart.qc.ca\/wp-content\/uploads\/2026\/01\/2020-Goals-and-Criteria.pdf\"  target=\"_blank\" rel=\"noopener nofollow\"   download  rel=\"noopener nofollow\">\n\t\t\t\t\t\t\tT\u00e9l\u00e9charger le PDF (en anglais)\n\t\t\t<\/a>\n<h2>\n\t\t\tVous pouvez \u00e9galement \u00eatre int\u00e9ress\u00e9 par\t<\/h2>\n\t\t\t<a href=\"https:\/\/www.sacredheart.qc.ca\/fr\/a-propos\/message-bienvenue-ecole\/\"  target=\"_self\">\n\t\t\t\t\t\t\tNotre message de bienvenue\n\t\t\t<\/a>\n\t\t\t<a href=\"https:\/\/www.sacredheart.qc.ca\/fr\/a-propos\/qui-sommes-nous\/\"  target=\"_self\">\n\t\t\t\t\t\t\tQui sommes-nous ?\n\t\t\t<\/a>\n\t\t\t<a href=\"https:\/\/www.sacredheart.qc.ca\/fr\/admissions\"  target=\"_self\">\n\t\t\t\t\t\t\tS&rsquo;inscrire\n\t\t\t<\/a>\n\n","protected":false},"excerpt":{"rendered":"<p>Mission et objectifs Notre philosophie et nos objectifs sont \u00e0 l&rsquo;image des \u00e9coles Sacr\u00e9-C\u0153ur dans le monde entier. \u00ab\u00a0Pour l&rsquo;amour d&rsquo;un enfant&#8230;\u00a0\u00bb Comme toutes les \u00e9coles Sacr\u00e9-C\u0153ur dans le monde,&hellip;<\/p>\n","protected":false},"author":2,"featured_media":16178,"parent":0,"menu_order":167,"comment_status":"closed","ping_status":"closed","template":"","meta":{"_acf_changed":false,"inline_featured_image":false,"_price":"","_stock":"","_tribe_ticket_header":"","_tribe_default_ticket_provider":"","_tribe_ticket_capacity":"0","_ticket_start_date":"","_ticket_end_date":"","_tribe_ticket_show_description":"","_tribe_ticket_show_not_going":false,"_tribe_ticket_use_global_stock":"","_tribe_ticket_global_stock_level":"","_global_stock_mode":"","_global_stock_cap":"","_tribe_rsvp_for_event":"","_tribe_ticket_going_count":"","_tribe_ticket_not_going_count":"","_tribe_tickets_list":"[]","_tribe_ticket_has_attendee_info_fields":false,"footnotes":"","_tec_slr_enabled":"","_tec_slr_layout":""},"class_list":["post-17715","page","type-page","status-publish","has-post-thumbnail","hentry"],"acf":[],"yoast_head":"<!-- This site is optimized with the Yoast SEO plugin v27.3 - https:\/\/yoast.com\/product\/yoast-seo-wordpress\/ -->\n<title>Mission et objectifs | La seule \u00e9cole priv\u00e9e catholique anglophone pour filles \u00e0 Montr\u00e9al | L&#039;\u00c9cole Sacr\u00e9-C\u0153ur de Montr\u00e9al<\/title>\n<meta name=\"description\" content=\"Notre mission est de d\u00e9velopper l&#039;esprit, le corps et l&#039;\u00e2me de chaque \u00e9l\u00e8ve dans un environnement favorable et bienveillant.\" \/>\n<meta name=\"robots\" content=\"index, follow, max-snippet:-1, max-image-preview:large, max-video-preview:-1\" \/>\n<link rel=\"canonical\" href=\"https:\/\/www.sacredheart.qc.ca\/fr\/a-propos\/mission-objectifs\/\" \/>\n<meta property=\"og:locale\" content=\"fr_FR\" \/>\n<meta property=\"og:type\" content=\"article\" \/>\n<meta property=\"og:title\" content=\"Mission et objectifs | La seule \u00e9cole priv\u00e9e catholique anglophone pour filles \u00e0 Montr\u00e9al | L&#039;\u00c9cole Sacr\u00e9-C\u0153ur de Montr\u00e9al\" \/>\n<meta property=\"og:description\" content=\"Notre mission est de d\u00e9velopper l&#039;esprit, le corps et l&#039;\u00e2me de chaque \u00e9l\u00e8ve dans un environnement favorable et bienveillant.\" \/>\n<meta property=\"og:url\" content=\"https:\/\/www.sacredheart.qc.ca\/fr\/a-propos\/mission-objectifs\/\" \/>\n<meta property=\"og:site_name\" content=\"The Sacred Heart School of Montreal\" \/>\n<meta property=\"article:publisher\" content=\"https:\/\/www.facebook.com\/SacredHeartMontreal\/\" \/>\n<meta property=\"article:modified_time\" content=\"2026-01-26T18:37:42+00:00\" \/>\n<meta property=\"og:image\" content=\"https:\/\/www.sacredheart.qc.ca\/wp-content\/uploads\/2021\/07\/Mission-Goals.jpg\" \/>\n\t<meta property=\"og:image:width\" content=\"1480\" \/>\n\t<meta property=\"og:image:height\" content=\"575\" \/>\n\t<meta property=\"og:image:type\" content=\"image\/jpeg\" \/>\n<meta name=\"twitter:card\" content=\"summary_large_image\" \/>\n<meta name=\"twitter:site\" content=\"@TheSHSM\" \/>\n<meta name=\"twitter:label1\" content=\"Dur\u00e9e de lecture estim\u00e9e\" \/>\n\t<meta name=\"twitter:data1\" content=\"1 minute\" \/>\n<script type=\"application\/ld+json\" class=\"yoast-schema-graph\">{\"@context\":\"https:\\\/\\\/schema.org\",\"@graph\":[{\"@type\":\"WebPage\",\"@id\":\"https:\\\/\\\/www.sacredheart.qc.ca\\\/fr\\\/a-propos\\\/mission-objectifs\\\/\",\"url\":\"https:\\\/\\\/www.sacredheart.qc.ca\\\/fr\\\/a-propos\\\/mission-objectifs\\\/\",\"name\":\"Mission et objectifs | La seule \u00e9cole priv\u00e9e catholique anglophone pour filles \u00e0 Montr\u00e9al | L'\u00c9cole Sacr\u00e9-C\u0153ur de Montr\u00e9al\",\"isPartOf\":{\"@id\":\"https:\\\/\\\/www.sacredheart.qc.ca\\\/fr\\\/#website\"},\"primaryImageOfPage\":{\"@id\":\"https:\\\/\\\/www.sacredheart.qc.ca\\\/fr\\\/a-propos\\\/mission-objectifs\\\/#primaryimage\"},\"image\":{\"@id\":\"https:\\\/\\\/www.sacredheart.qc.ca\\\/fr\\\/a-propos\\\/mission-objectifs\\\/#primaryimage\"},\"thumbnailUrl\":\"https:\\\/\\\/www.sacredheart.qc.ca\\\/wp-content\\\/uploads\\\/2021\\\/07\\\/Mission-Goals.jpg\",\"datePublished\":\"2021-06-04T21:05:15+00:00\",\"dateModified\":\"2026-01-26T18:37:42+00:00\",\"description\":\"Notre mission est de d\u00e9velopper l'esprit, le corps et l'\u00e2me de chaque \u00e9l\u00e8ve dans un environnement favorable et bienveillant.\",\"breadcrumb\":{\"@id\":\"https:\\\/\\\/www.sacredheart.qc.ca\\\/fr\\\/a-propos\\\/mission-objectifs\\\/#breadcrumb\"},\"inLanguage\":\"fr-FR\",\"potentialAction\":[{\"@type\":\"ReadAction\",\"target\":[\"https:\\\/\\\/www.sacredheart.qc.ca\\\/fr\\\/a-propos\\\/mission-objectifs\\\/\"]}]},{\"@type\":\"ImageObject\",\"inLanguage\":\"fr-FR\",\"@id\":\"https:\\\/\\\/www.sacredheart.qc.ca\\\/fr\\\/a-propos\\\/mission-objectifs\\\/#primaryimage\",\"url\":\"https:\\\/\\\/www.sacredheart.qc.ca\\\/wp-content\\\/uploads\\\/2021\\\/07\\\/Mission-Goals.jpg\",\"contentUrl\":\"https:\\\/\\\/www.sacredheart.qc.ca\\\/wp-content\\\/uploads\\\/2021\\\/07\\\/Mission-Goals.jpg\",\"width\":1480,\"height\":575},{\"@type\":\"BreadcrumbList\",\"@id\":\"https:\\\/\\\/www.sacredheart.qc.ca\\\/fr\\\/a-propos\\\/mission-objectifs\\\/#breadcrumb\",\"itemListElement\":[{\"@type\":\"ListItem\",\"position\":1,\"name\":\"Home\",\"item\":\"https:\\\/\\\/www.sacredheart.qc.ca\\\/fr\\\/\"},{\"@type\":\"ListItem\",\"position\":2,\"name\":\"Mission et objectifs\"}]},{\"@type\":\"WebSite\",\"@id\":\"https:\\\/\\\/www.sacredheart.qc.ca\\\/fr\\\/#website\",\"url\":\"https:\\\/\\\/www.sacredheart.qc.ca\\\/fr\\\/\",\"name\":\"The Sacred Heart School of Montreal\",\"description\":\"Girls Only Private Catholic English High School - 100% Graduation Rate\",\"publisher\":{\"@id\":\"https:\\\/\\\/www.sacredheart.qc.ca\\\/fr\\\/#organization\"},\"alternateName\":\"The Sacred Heart School of Montreal\",\"potentialAction\":[{\"@type\":\"SearchAction\",\"target\":{\"@type\":\"EntryPoint\",\"urlTemplate\":\"https:\\\/\\\/www.sacredheart.qc.ca\\\/fr\\\/?s={search_term_string}\"},\"query-input\":{\"@type\":\"PropertyValueSpecification\",\"valueRequired\":true,\"valueName\":\"search_term_string\"}}],\"inLanguage\":\"fr-FR\"},{\"@type\":\"Organization\",\"@id\":\"https:\\\/\\\/www.sacredheart.qc.ca\\\/fr\\\/#organization\",\"name\":\"The Sacred Heart School of Montreal\",\"url\":\"https:\\\/\\\/www.sacredheart.qc.ca\\\/fr\\\/\",\"logo\":{\"@type\":\"ImageObject\",\"inLanguage\":\"fr-FR\",\"@id\":\"https:\\\/\\\/www.sacredheart.qc.ca\\\/fr\\\/#\\\/schema\\\/logo\\\/image\\\/\",\"url\":\"https:\\\/\\\/www.sacredheart.qc.ca\\\/wp-content\\\/uploads\\\/2021\\\/06\\\/LogoScredHeart.svg\",\"contentUrl\":\"https:\\\/\\\/www.sacredheart.qc.ca\\\/wp-content\\\/uploads\\\/2021\\\/06\\\/LogoScredHeart.svg\",\"width\":\"1024\",\"height\":\"1024\",\"caption\":\"The Sacred Heart School of Montreal\"},\"image\":{\"@id\":\"https:\\\/\\\/www.sacredheart.qc.ca\\\/fr\\\/#\\\/schema\\\/logo\\\/image\\\/\"},\"sameAs\":[\"https:\\\/\\\/www.facebook.com\\\/SacredHeartMontreal\\\/\",\"https:\\\/\\\/x.com\\\/TheSHSM\",\"https:\\\/\\\/www.instagram.com\\\/SacredHeartMontreal\\\/\",\"https:\\\/\\\/www.linkedin.com\\\/school\\\/the-sacred-heart-school-of-montreal\\\/\",\"https:\\\/\\\/www.youtube.com\\\/user\\\/TheSacredHeartSchool\"]}]}<\/script>\n<!-- \/ Yoast SEO plugin. -->","yoast_head_json":{"title":"Mission et objectifs | La seule \u00e9cole priv\u00e9e catholique anglophone pour filles \u00e0 Montr\u00e9al | L'\u00c9cole Sacr\u00e9-C\u0153ur de Montr\u00e9al","description":"Notre mission est de d\u00e9velopper l'esprit, le corps et l'\u00e2me de chaque \u00e9l\u00e8ve dans un environnement favorable et bienveillant.","robots":{"index":"index","follow":"follow","max-snippet":"max-snippet:-1","max-image-preview":"max-image-preview:large","max-video-preview":"max-video-preview:-1"},"canonical":"https:\/\/www.sacredheart.qc.ca\/fr\/a-propos\/mission-objectifs\/","og_locale":"fr_FR","og_type":"article","og_title":"Mission et objectifs | La seule \u00e9cole priv\u00e9e catholique anglophone pour filles \u00e0 Montr\u00e9al | L'\u00c9cole Sacr\u00e9-C\u0153ur de Montr\u00e9al","og_description":"Notre mission est de d\u00e9velopper l'esprit, le corps et l'\u00e2me de chaque \u00e9l\u00e8ve dans un environnement favorable et bienveillant.","og_url":"https:\/\/www.sacredheart.qc.ca\/fr\/a-propos\/mission-objectifs\/","og_site_name":"The Sacred Heart School of Montreal","article_publisher":"https:\/\/www.facebook.com\/SacredHeartMontreal\/","article_modified_time":"2026-01-26T18:37:42+00:00","og_image":[{"width":1480,"height":575,"url":"https:\/\/www.sacredheart.qc.ca\/wp-content\/uploads\/2021\/07\/Mission-Goals.jpg","type":"image\/jpeg"}],"twitter_card":"summary_large_image","twitter_site":"@TheSHSM","twitter_misc":{"Dur\u00e9e de lecture estim\u00e9e":"1 minute"},"schema":{"@context":"https:\/\/schema.org","@graph":[{"@type":"WebPage","@id":"https:\/\/www.sacredheart.qc.ca\/fr\/a-propos\/mission-objectifs\/","url":"https:\/\/www.sacredheart.qc.ca\/fr\/a-propos\/mission-objectifs\/","name":"Mission et objectifs | La seule \u00e9cole priv\u00e9e catholique anglophone pour filles \u00e0 Montr\u00e9al | L'\u00c9cole Sacr\u00e9-C\u0153ur de Montr\u00e9al","isPartOf":{"@id":"https:\/\/www.sacredheart.qc.ca\/fr\/#website"},"primaryImageOfPage":{"@id":"https:\/\/www.sacredheart.qc.ca\/fr\/a-propos\/mission-objectifs\/#primaryimage"},"image":{"@id":"https:\/\/www.sacredheart.qc.ca\/fr\/a-propos\/mission-objectifs\/#primaryimage"},"thumbnailUrl":"https:\/\/www.sacredheart.qc.ca\/wp-content\/uploads\/2021\/07\/Mission-Goals.jpg","datePublished":"2021-06-04T21:05:15+00:00","dateModified":"2026-01-26T18:37:42+00:00","description":"Notre mission est de d\u00e9velopper l'esprit, le corps et l'\u00e2me de chaque \u00e9l\u00e8ve dans un environnement favorable et bienveillant.","breadcrumb":{"@id":"https:\/\/www.sacredheart.qc.ca\/fr\/a-propos\/mission-objectifs\/#breadcrumb"},"inLanguage":"fr-FR","potentialAction":[{"@type":"ReadAction","target":["https:\/\/www.sacredheart.qc.ca\/fr\/a-propos\/mission-objectifs\/"]}]},{"@type":"ImageObject","inLanguage":"fr-FR","@id":"https:\/\/www.sacredheart.qc.ca\/fr\/a-propos\/mission-objectifs\/#primaryimage","url":"https:\/\/www.sacredheart.qc.ca\/wp-content\/uploads\/2021\/07\/Mission-Goals.jpg","contentUrl":"https:\/\/www.sacredheart.qc.ca\/wp-content\/uploads\/2021\/07\/Mission-Goals.jpg","width":1480,"height":575},{"@type":"BreadcrumbList","@id":"https:\/\/www.sacredheart.qc.ca\/fr\/a-propos\/mission-objectifs\/#breadcrumb","itemListElement":[{"@type":"ListItem","position":1,"name":"Home","item":"https:\/\/www.sacredheart.qc.ca\/fr\/"},{"@type":"ListItem","position":2,"name":"Mission et objectifs"}]},{"@type":"WebSite","@id":"https:\/\/www.sacredheart.qc.ca\/fr\/#website","url":"https:\/\/www.sacredheart.qc.ca\/fr\/","name":"The Sacred Heart School of Montreal","description":"Girls Only Private Catholic English High School - 100% Graduation Rate","publisher":{"@id":"https:\/\/www.sacredheart.qc.ca\/fr\/#organization"},"alternateName":"The Sacred Heart School of Montreal","potentialAction":[{"@type":"SearchAction","target":{"@type":"EntryPoint","urlTemplate":"https:\/\/www.sacredheart.qc.ca\/fr\/?s={search_term_string}"},"query-input":{"@type":"PropertyValueSpecification","valueRequired":true,"valueName":"search_term_string"}}],"inLanguage":"fr-FR"},{"@type":"Organization","@id":"https:\/\/www.sacredheart.qc.ca\/fr\/#organization","name":"The Sacred Heart School of Montreal","url":"https:\/\/www.sacredheart.qc.ca\/fr\/","logo":{"@type":"ImageObject","inLanguage":"fr-FR","@id":"https:\/\/www.sacredheart.qc.ca\/fr\/#\/schema\/logo\/image\/","url":"https:\/\/www.sacredheart.qc.ca\/wp-content\/uploads\/2021\/06\/LogoScredHeart.svg","contentUrl":"https:\/\/www.sacredheart.qc.ca\/wp-content\/uploads\/2021\/06\/LogoScredHeart.svg","width":"1024","height":"1024","caption":"The Sacred Heart School of Montreal"},"image":{"@id":"https:\/\/www.sacredheart.qc.ca\/fr\/#\/schema\/logo\/image\/"},"sameAs":["https:\/\/www.facebook.com\/SacredHeartMontreal\/","https:\/\/x.com\/TheSHSM","https:\/\/www.instagram.com\/SacredHeartMontreal\/","https:\/\/www.linkedin.com\/school\/the-sacred-heart-school-of-montreal\/","https:\/\/www.youtube.com\/user\/TheSacredHeartSchool"]}]}},"ticketed":false,"_links":{"self":[{"href":"https:\/\/www.sacredheart.qc.ca\/fr\/wp-json\/wp\/v2\/pages\/17715","targetHints":{"allow":["GET"]}}],"collection":[{"href":"https:\/\/www.sacredheart.qc.ca\/fr\/wp-json\/wp\/v2\/pages"}],"about":[{"href":"https:\/\/www.sacredheart.qc.ca\/fr\/wp-json\/wp\/v2\/types\/page"}],"author":[{"embeddable":true,"href":"https:\/\/www.sacredheart.qc.ca\/fr\/wp-json\/wp\/v2\/users\/2"}],"replies":[{"embeddable":true,"href":"https:\/\/www.sacredheart.qc.ca\/fr\/wp-json\/wp\/v2\/comments?post=17715"}],"version-history":[{"count":0,"href":"https:\/\/www.sacredheart.qc.ca\/fr\/wp-json\/wp\/v2\/pages\/17715\/revisions"}],"wp:featuredmedia":[{"embeddable":true,"href":"https:\/\/www.sacredheart.qc.ca\/fr\/wp-json\/wp\/v2\/media\/16178"}],"wp:attachment":[{"href":"https:\/\/www.sacredheart.qc.ca\/fr\/wp-json\/wp\/v2\/media?parent=17715"}],"curies":[{"name":"wp","href":"https:\/\/api.w.org\/{rel}","templated":true}]}}