{"id":17714,"date":"2021-07-13T13:29:04","date_gmt":"2021-07-13T17:29:04","guid":{"rendered":"https:\/\/www.sacredheart.qc.ca\/?page_id=17714"},"modified":"2025-04-25T09:49:43","modified_gmt":"2025-04-25T13:49:43","slug":"bienvenue-a-lecole-du-coeur-sacre-de-montreal","status":"publish","type":"page","link":"https:\/\/www.sacredheart.qc.ca\/fr\/a-propos\/message-bienvenue-ecole\/","title":{"rendered":"Message de bienvenue"},"content":{"rendered":"\n<h1>\n\t\tBienvenue \u00e0 l&rsquo;\u00c9cole Sacr\u00e9-C\u0153ur de Montr\u00e9al !\n\t<\/h1>\n<h2>\n\t\tD\u00e9couvrez pourquoi l&rsquo;\u00c9cole Sacre-C\u0153ur de Montr\u00e9al est plus qu&rsquo;une simple \u00e9cole&#8230;\n\t<\/h2>\n<h2>\n\t\tPlus qu&rsquo;une \u00e9cole, un r\u00e9seau mondial\n\t<\/h2>\n\t<p>Non seulement le Sacr\u00e9-C\u0153ur de Montr\u00e9al est situ\u00e9 au c\u0153ur de Montr\u00e9al, o\u00f9 il fait partie du tissu urbain depuis plus de 160 ans, mais nous avons le privil\u00e8ge de faire partie de la grande communaut\u00e9 du Sacr\u00e9-C\u0153ur. Notre r\u00e9seau se compose de <strong>150 \u00e9coles r\u00e9parties dans 41 pays<\/strong> et cr\u00e9e un sentiment d&rsquo;appartenance tout en permettant la croissance. <\/p>\n<p><strong>En tant que membre de ce r\u00e9seau mondial, nous b\u00e9n\u00e9ficions d&rsquo;une mine de ressources, d&rsquo;expertise et de partenariats de collaboration qui renforcent notre capacit\u00e9 \u00e0 dispenser une \u00e9ducation transformatrice. <\/strong><\/p>\n<h2>\n\t\tOuvrir des opportunit\u00e9s gr\u00e2ce \u00e0 notre r\u00e9seau mondial\n\t<\/h2>\n\t<p>Ce r\u00e9seau offre \u00e9galement \u00e0 nos \u00e9l\u00e8ves la possibilit\u00e9 de visiter l&rsquo;une de leurs \u00e9coles s\u0153urs dans le monde entier. <\/p>\n<p>Nous sommes convaincus que les exp\u00e9riences internationales peuvent grandement enrichir l&rsquo;\u00e9ducation et le d\u00e9veloppement personnel d&rsquo;une personne, et nous nous engageons \u00e0 offrir \u00e0 nos \u00e9tudiantes la possibilit\u00e9 d&rsquo;\u00e9largir leurs horizons gr\u00e2ce \u00e0 l&rsquo;immersion culturelle et \u00e0 l&rsquo;exploration acad\u00e9mique.<\/p>\n<p>En explorant notre \u00e9cole, nous esp\u00e9rons que vous comprendrez mieux l&rsquo;exp\u00e9rience \u00e9ducative vibrante et enrichissante qui vous attend \u00e0 l&rsquo;\u00c9cole Sacr\u00e9-C\u0153ur de Montr\u00e9al. <\/p>\n<p>Nous vous invitons \u00e0 rejoindre notre communaut\u00e9 de pionni\u00e8res, d&rsquo;innovatrices et d&rsquo;actrices du changement, o\u00f9 les jeunes femmes sont encourag\u00e9es \u00e0 exploiter leur potentiel et \u00e0 fa\u00e7onner un avenir meilleur. <\/p>\n<p><a href=\"https:\/\/www.sacredheartusc.education\/schools\/international-sacred-heart-schools\" target=\"_blank\" rel=\"noopener\"><em>Cliquez ici pour voir la carte des \u00e9coles Sacr\u00e9-C\u0153ur internationales \u00e0 travers le monde.<\/em><\/a><\/p>\n<h2>\n\t\tUn message de notre directrice g\u00e9n\u00e9rale\n\t<\/h2>\n\t<p>\u00c0 l&rsquo;\u00c9cole Sacr\u00e9-C\u0153ur de Montr\u00e9al, nous croyons que les filles poss\u00e8dent un potentiel incroyable et qu&rsquo;elles sont capables de r\u00e9aliser des choses remarquables. Depuis l&rsquo;inauguration en 1861, nous nous effor\u00e7ons d&rsquo;offrir un environnement stimulant et inclusif o\u00f9 les \u00e9l\u00e8ves peuvent s&rsquo;\u00e9panouir sur le plan acad\u00e9mique, se d\u00e9velopper sur le plan personnel et acqu\u00e9rir les comp\u00e9tences n\u00e9cessaires pour naviguer dans un monde en constante \u00e9volution. <\/p>\n<p>Gr\u00e2ce \u00e0 des m\u00e9thodes d&rsquo;enseignement innovantes et \u00e0 une attention personnalis\u00e9e, nous encourageons l&rsquo;amour de l&rsquo;apprentissage et dotons nos \u00e9l\u00e8ves des outils dont ils ont besoin pour exceller \u00e0 l&rsquo;universit\u00e9, dans leur carri\u00e8re et au-del\u00e0. Nous accordons la priorit\u00e9 au bien-\u00eatre social et \u00e9motionnel de nos \u00e9l\u00e8ves, en leur offrant un environnement favorable o\u00f9 ils peuvent d\u00e9velopper leur r\u00e9silience et une forte conscience de soi.<\/p>\n<p><strong>Patricia Briand<\/strong>, Directrice g\u00e9n\u00e9rale<\/p>\n<h2>\n\t\tVous pouvez \u00e9galement \u00eatre int\u00e9ress\u00e9 par\n\t<\/h2>\n\t\t\t<a href=\"\/fr\/a-propos\/mission-objectifs\/\" target=\"_self\">\n\t\t\t\t\t\t\tNotre mission et nos objectifs\n\t\t\t<\/a>\n\t\t\t<a href=\"https:\/\/www.sacredheart.qc.ca\/fr\/a-propos\/qui-sommes-nous\/\" target=\"_self\">\n\t\t\t\t\t\t\tQui sommes-nous ?\n\t\t\t<\/a>\n\t\t\t<a href=\"https:\/\/www.sacredheart.qc.ca\/fr\/admissions\" target=\"_self\">\n\t\t\t\t\t\t\tS&rsquo;inscrire\n\t\t\t<\/a>\n\n","protected":false},"excerpt":{"rendered":"<p>Bienvenue \u00e0 l&rsquo;\u00c9cole Sacr\u00e9-C\u0153ur de Montr\u00e9al ! D\u00e9couvrez pourquoi l&rsquo;\u00c9cole Sacre-C\u0153ur de Montr\u00e9al est plus qu&rsquo;une simple \u00e9cole&#8230; Plus qu&rsquo;une \u00e9cole, un r\u00e9seau mondial Non seulement le Sacr\u00e9-C\u0153ur de Montr\u00e9al&hellip;<\/p>\n","protected":false},"author":6,"featured_media":16219,"parent":0,"menu_order":118,"comment_status":"closed","ping_status":"closed","template":"","meta":{"_acf_changed":false,"inline_featured_image":false,"_price":"","_stock":"","_tribe_ticket_header":"","_tribe_default_ticket_provider":"","_tribe_ticket_capacity":"0","_ticket_start_date":"","_ticket_end_date":"","_tribe_ticket_show_description":"","_tribe_ticket_show_not_going":false,"_tribe_ticket_use_global_stock":"","_tribe_ticket_global_stock_level":"","_global_stock_mode":"","_global_stock_cap":"","_tribe_rsvp_for_event":"","_tribe_ticket_going_count":"","_tribe_ticket_not_going_count":"","_tribe_tickets_list":"[]","_tribe_ticket_has_attendee_info_fields":false,"footnotes":"","_tec_slr_enabled":"","_tec_slr_layout":""},"class_list":["post-17714","page","type-page","status-publish","has-post-thumbnail","hentry"],"acf":[],"yoast_head":"<!-- This site is optimized with the Yoast SEO plugin v27.5 - https:\/\/yoast.com\/product\/yoast-seo-wordpress\/ -->\n<title>Message de bienvenue | L&#039;\u00c9cole Sacr\u00e9-C\u0153ur de Montr\u00e9al<\/title>\n<meta name=\"description\" content=\"Bienvenue \u00e0 la seule \u00e9cole priv\u00e9e catholique anglophone pour filles \u00e0 Montr\u00e9al. Un message de notre chef d&#039;\u00e9tablissement.\" \/>\n<meta name=\"robots\" content=\"index, follow, max-snippet:-1, max-image-preview:large, max-video-preview:-1\" \/>\n<link rel=\"canonical\" href=\"https:\/\/www.sacredheart.qc.ca\/fr\/a-propos\/message-bienvenue-ecole\/\" \/>\n<meta property=\"og:locale\" content=\"fr_FR\" \/>\n<meta property=\"og:type\" content=\"article\" \/>\n<meta property=\"og:title\" content=\"Message de bienvenue | L&#039;\u00c9cole Sacr\u00e9-C\u0153ur de Montr\u00e9al\" \/>\n<meta property=\"og:description\" content=\"Bienvenue \u00e0 la seule \u00e9cole priv\u00e9e catholique anglophone pour filles \u00e0 Montr\u00e9al. Un message de notre chef d&#039;\u00e9tablissement.\" \/>\n<meta property=\"og:url\" content=\"https:\/\/www.sacredheart.qc.ca\/fr\/a-propos\/message-bienvenue-ecole\/\" \/>\n<meta property=\"og:site_name\" content=\"The Sacred Heart School of Montreal\" \/>\n<meta property=\"article:publisher\" content=\"https:\/\/www.facebook.com\/SacredHeartMontreal\/\" \/>\n<meta property=\"article:modified_time\" content=\"2025-04-25T13:49:43+00:00\" \/>\n<meta property=\"og:image\" content=\"https:\/\/www.sacredheart.qc.ca\/wp-content\/uploads\/2021\/07\/Welcome-Message.jpg\" \/>\n\t<meta property=\"og:image:width\" content=\"1480\" \/>\n\t<meta property=\"og:image:height\" content=\"575\" \/>\n\t<meta property=\"og:image:type\" content=\"image\/jpeg\" \/>\n<meta name=\"twitter:card\" content=\"summary_large_image\" \/>\n<meta name=\"twitter:site\" content=\"@TheSHSM\" \/>\n<meta name=\"twitter:label1\" content=\"Dur\u00e9e de lecture estim\u00e9e\" \/>\n\t<meta name=\"twitter:data1\" content=\"2 minutes\" \/>\n<script type=\"application\/ld+json\" class=\"yoast-schema-graph\">{\"@context\":\"https:\\\/\\\/schema.org\",\"@graph\":[{\"@type\":\"WebPage\",\"@id\":\"https:\\\/\\\/www.sacredheart.qc.ca\\\/fr\\\/a-propos\\\/message-bienvenue-ecole\\\/\",\"url\":\"https:\\\/\\\/www.sacredheart.qc.ca\\\/fr\\\/a-propos\\\/message-bienvenue-ecole\\\/\",\"name\":\"Message de bienvenue | L'\u00c9cole Sacr\u00e9-C\u0153ur de Montr\u00e9al\",\"isPartOf\":{\"@id\":\"https:\\\/\\\/www.sacredheart.qc.ca\\\/fr\\\/#website\"},\"primaryImageOfPage\":{\"@id\":\"https:\\\/\\\/www.sacredheart.qc.ca\\\/fr\\\/a-propos\\\/message-bienvenue-ecole\\\/#primaryimage\"},\"image\":{\"@id\":\"https:\\\/\\\/www.sacredheart.qc.ca\\\/fr\\\/a-propos\\\/message-bienvenue-ecole\\\/#primaryimage\"},\"thumbnailUrl\":\"https:\\\/\\\/www.sacredheart.qc.ca\\\/wp-content\\\/uploads\\\/2021\\\/07\\\/Welcome-Message.jpg\",\"datePublished\":\"2021-07-13T17:29:04+00:00\",\"dateModified\":\"2025-04-25T13:49:43+00:00\",\"description\":\"Bienvenue \u00e0 la seule \u00e9cole priv\u00e9e catholique anglophone pour filles \u00e0 Montr\u00e9al. Un message de notre chef d'\u00e9tablissement.\",\"breadcrumb\":{\"@id\":\"https:\\\/\\\/www.sacredheart.qc.ca\\\/fr\\\/a-propos\\\/message-bienvenue-ecole\\\/#breadcrumb\"},\"inLanguage\":\"fr-FR\",\"potentialAction\":[{\"@type\":\"ReadAction\",\"target\":[\"https:\\\/\\\/www.sacredheart.qc.ca\\\/fr\\\/a-propos\\\/message-bienvenue-ecole\\\/\"]}]},{\"@type\":\"ImageObject\",\"inLanguage\":\"fr-FR\",\"@id\":\"https:\\\/\\\/www.sacredheart.qc.ca\\\/fr\\\/a-propos\\\/message-bienvenue-ecole\\\/#primaryimage\",\"url\":\"https:\\\/\\\/www.sacredheart.qc.ca\\\/wp-content\\\/uploads\\\/2021\\\/07\\\/Welcome-Message.jpg\",\"contentUrl\":\"https:\\\/\\\/www.sacredheart.qc.ca\\\/wp-content\\\/uploads\\\/2021\\\/07\\\/Welcome-Message.jpg\",\"width\":1480,\"height\":575},{\"@type\":\"BreadcrumbList\",\"@id\":\"https:\\\/\\\/www.sacredheart.qc.ca\\\/fr\\\/a-propos\\\/message-bienvenue-ecole\\\/#breadcrumb\",\"itemListElement\":[{\"@type\":\"ListItem\",\"position\":1,\"name\":\"Home\",\"item\":\"https:\\\/\\\/www.sacredheart.qc.ca\\\/fr\\\/\"},{\"@type\":\"ListItem\",\"position\":2,\"name\":\"Message de bienvenue\"}]},{\"@type\":\"WebSite\",\"@id\":\"https:\\\/\\\/www.sacredheart.qc.ca\\\/fr\\\/#website\",\"url\":\"https:\\\/\\\/www.sacredheart.qc.ca\\\/fr\\\/\",\"name\":\"The Sacred Heart School of Montreal\",\"description\":\"Girls Only Private Catholic English High School - 100% Graduation Rate\",\"publisher\":{\"@id\":\"https:\\\/\\\/www.sacredheart.qc.ca\\\/fr\\\/#organization\"},\"alternateName\":\"The Sacred Heart School of Montreal\",\"potentialAction\":[{\"@type\":\"SearchAction\",\"target\":{\"@type\":\"EntryPoint\",\"urlTemplate\":\"https:\\\/\\\/www.sacredheart.qc.ca\\\/fr\\\/?s={search_term_string}\"},\"query-input\":{\"@type\":\"PropertyValueSpecification\",\"valueRequired\":true,\"valueName\":\"search_term_string\"}}],\"inLanguage\":\"fr-FR\"},{\"@type\":\"Organization\",\"@id\":\"https:\\\/\\\/www.sacredheart.qc.ca\\\/fr\\\/#organization\",\"name\":\"The Sacred Heart School of Montreal\",\"url\":\"https:\\\/\\\/www.sacredheart.qc.ca\\\/fr\\\/\",\"logo\":{\"@type\":\"ImageObject\",\"inLanguage\":\"fr-FR\",\"@id\":\"https:\\\/\\\/www.sacredheart.qc.ca\\\/fr\\\/#\\\/schema\\\/logo\\\/image\\\/\",\"url\":\"https:\\\/\\\/www.sacredheart.qc.ca\\\/wp-content\\\/uploads\\\/2021\\\/06\\\/LogoScredHeart.svg\",\"contentUrl\":\"https:\\\/\\\/www.sacredheart.qc.ca\\\/wp-content\\\/uploads\\\/2021\\\/06\\\/LogoScredHeart.svg\",\"width\":\"1024\",\"height\":\"1024\",\"caption\":\"The Sacred Heart School of Montreal\"},\"image\":{\"@id\":\"https:\\\/\\\/www.sacredheart.qc.ca\\\/fr\\\/#\\\/schema\\\/logo\\\/image\\\/\"},\"sameAs\":[\"https:\\\/\\\/www.facebook.com\\\/SacredHeartMontreal\\\/\",\"https:\\\/\\\/x.com\\\/TheSHSM\",\"https:\\\/\\\/www.instagram.com\\\/SacredHeartMontreal\\\/\",\"https:\\\/\\\/www.linkedin.com\\\/school\\\/the-sacred-heart-school-of-montreal\\\/\",\"https:\\\/\\\/www.youtube.com\\\/user\\\/TheSacredHeartSchool\"]}]}<\/script>\n<!-- \/ Yoast SEO plugin. -->","yoast_head_json":{"title":"Message de bienvenue | L'\u00c9cole Sacr\u00e9-C\u0153ur de Montr\u00e9al","description":"Bienvenue \u00e0 la seule \u00e9cole priv\u00e9e catholique anglophone pour filles \u00e0 Montr\u00e9al. Un message de notre chef d'\u00e9tablissement.","robots":{"index":"index","follow":"follow","max-snippet":"max-snippet:-1","max-image-preview":"max-image-preview:large","max-video-preview":"max-video-preview:-1"},"canonical":"https:\/\/www.sacredheart.qc.ca\/fr\/a-propos\/message-bienvenue-ecole\/","og_locale":"fr_FR","og_type":"article","og_title":"Message de bienvenue | L'\u00c9cole Sacr\u00e9-C\u0153ur de Montr\u00e9al","og_description":"Bienvenue \u00e0 la seule \u00e9cole priv\u00e9e catholique anglophone pour filles \u00e0 Montr\u00e9al. Un message de notre chef d'\u00e9tablissement.","og_url":"https:\/\/www.sacredheart.qc.ca\/fr\/a-propos\/message-bienvenue-ecole\/","og_site_name":"The Sacred Heart School of Montreal","article_publisher":"https:\/\/www.facebook.com\/SacredHeartMontreal\/","article_modified_time":"2025-04-25T13:49:43+00:00","og_image":[{"width":1480,"height":575,"url":"https:\/\/www.sacredheart.qc.ca\/wp-content\/uploads\/2021\/07\/Welcome-Message.jpg","type":"image\/jpeg"}],"twitter_card":"summary_large_image","twitter_site":"@TheSHSM","twitter_misc":{"Dur\u00e9e de lecture estim\u00e9e":"2 minutes"},"schema":{"@context":"https:\/\/schema.org","@graph":[{"@type":"WebPage","@id":"https:\/\/www.sacredheart.qc.ca\/fr\/a-propos\/message-bienvenue-ecole\/","url":"https:\/\/www.sacredheart.qc.ca\/fr\/a-propos\/message-bienvenue-ecole\/","name":"Message de bienvenue | L'\u00c9cole Sacr\u00e9-C\u0153ur de Montr\u00e9al","isPartOf":{"@id":"https:\/\/www.sacredheart.qc.ca\/fr\/#website"},"primaryImageOfPage":{"@id":"https:\/\/www.sacredheart.qc.ca\/fr\/a-propos\/message-bienvenue-ecole\/#primaryimage"},"image":{"@id":"https:\/\/www.sacredheart.qc.ca\/fr\/a-propos\/message-bienvenue-ecole\/#primaryimage"},"thumbnailUrl":"https:\/\/www.sacredheart.qc.ca\/wp-content\/uploads\/2021\/07\/Welcome-Message.jpg","datePublished":"2021-07-13T17:29:04+00:00","dateModified":"2025-04-25T13:49:43+00:00","description":"Bienvenue \u00e0 la seule \u00e9cole priv\u00e9e catholique anglophone pour filles \u00e0 Montr\u00e9al. Un message de notre chef d'\u00e9tablissement.","breadcrumb":{"@id":"https:\/\/www.sacredheart.qc.ca\/fr\/a-propos\/message-bienvenue-ecole\/#breadcrumb"},"inLanguage":"fr-FR","potentialAction":[{"@type":"ReadAction","target":["https:\/\/www.sacredheart.qc.ca\/fr\/a-propos\/message-bienvenue-ecole\/"]}]},{"@type":"ImageObject","inLanguage":"fr-FR","@id":"https:\/\/www.sacredheart.qc.ca\/fr\/a-propos\/message-bienvenue-ecole\/#primaryimage","url":"https:\/\/www.sacredheart.qc.ca\/wp-content\/uploads\/2021\/07\/Welcome-Message.jpg","contentUrl":"https:\/\/www.sacredheart.qc.ca\/wp-content\/uploads\/2021\/07\/Welcome-Message.jpg","width":1480,"height":575},{"@type":"BreadcrumbList","@id":"https:\/\/www.sacredheart.qc.ca\/fr\/a-propos\/message-bienvenue-ecole\/#breadcrumb","itemListElement":[{"@type":"ListItem","position":1,"name":"Home","item":"https:\/\/www.sacredheart.qc.ca\/fr\/"},{"@type":"ListItem","position":2,"name":"Message de bienvenue"}]},{"@type":"WebSite","@id":"https:\/\/www.sacredheart.qc.ca\/fr\/#website","url":"https:\/\/www.sacredheart.qc.ca\/fr\/","name":"The Sacred Heart School of Montreal","description":"Girls Only Private Catholic English High School - 100% Graduation Rate","publisher":{"@id":"https:\/\/www.sacredheart.qc.ca\/fr\/#organization"},"alternateName":"The Sacred Heart School of Montreal","potentialAction":[{"@type":"SearchAction","target":{"@type":"EntryPoint","urlTemplate":"https:\/\/www.sacredheart.qc.ca\/fr\/?s={search_term_string}"},"query-input":{"@type":"PropertyValueSpecification","valueRequired":true,"valueName":"search_term_string"}}],"inLanguage":"fr-FR"},{"@type":"Organization","@id":"https:\/\/www.sacredheart.qc.ca\/fr\/#organization","name":"The Sacred Heart School of Montreal","url":"https:\/\/www.sacredheart.qc.ca\/fr\/","logo":{"@type":"ImageObject","inLanguage":"fr-FR","@id":"https:\/\/www.sacredheart.qc.ca\/fr\/#\/schema\/logo\/image\/","url":"https:\/\/www.sacredheart.qc.ca\/wp-content\/uploads\/2021\/06\/LogoScredHeart.svg","contentUrl":"https:\/\/www.sacredheart.qc.ca\/wp-content\/uploads\/2021\/06\/LogoScredHeart.svg","width":"1024","height":"1024","caption":"The Sacred Heart School of Montreal"},"image":{"@id":"https:\/\/www.sacredheart.qc.ca\/fr\/#\/schema\/logo\/image\/"},"sameAs":["https:\/\/www.facebook.com\/SacredHeartMontreal\/","https:\/\/x.com\/TheSHSM","https:\/\/www.instagram.com\/SacredHeartMontreal\/","https:\/\/www.linkedin.com\/school\/the-sacred-heart-school-of-montreal\/","https:\/\/www.youtube.com\/user\/TheSacredHeartSchool"]}]}},"ticketed":false,"_links":{"self":[{"href":"https:\/\/www.sacredheart.qc.ca\/fr\/wp-json\/wp\/v2\/pages\/17714","targetHints":{"allow":["GET"]}}],"collection":[{"href":"https:\/\/www.sacredheart.qc.ca\/fr\/wp-json\/wp\/v2\/pages"}],"about":[{"href":"https:\/\/www.sacredheart.qc.ca\/fr\/wp-json\/wp\/v2\/types\/page"}],"author":[{"embeddable":true,"href":"https:\/\/www.sacredheart.qc.ca\/fr\/wp-json\/wp\/v2\/users\/6"}],"replies":[{"embeddable":true,"href":"https:\/\/www.sacredheart.qc.ca\/fr\/wp-json\/wp\/v2\/comments?post=17714"}],"version-history":[{"count":0,"href":"https:\/\/www.sacredheart.qc.ca\/fr\/wp-json\/wp\/v2\/pages\/17714\/revisions"}],"wp:featuredmedia":[{"embeddable":true,"href":"https:\/\/www.sacredheart.qc.ca\/fr\/wp-json\/wp\/v2\/media\/16219"}],"wp:attachment":[{"href":"https:\/\/www.sacredheart.qc.ca\/fr\/wp-json\/wp\/v2\/media?parent=17714"}],"curies":[{"name":"wp","href":"https:\/\/api.w.org\/{rel}","templated":true}]}}