{"id":17711,"date":"2023-09-27T18:15:59","date_gmt":"2023-09-27T22:15:59","guid":{"rendered":"https:\/\/www.sacredheart.qc.ca\/?page_id=17711"},"modified":"2025-04-29T16:03:33","modified_gmt":"2025-04-29T20:03:33","slug":"pedagogie","status":"publish","type":"page","link":"https:\/\/www.sacredheart.qc.ca\/fr\/pedagogie\/","title":{"rendered":"P\u00e9dagogie"},"content":{"rendered":"\n<h1>\n\t\tP\u00e9dagogie\n\t<\/h1>\n<h2>\n\t\tD\u00e9couvrez les programmes du secondaire I \u00e0 V.\n\t<\/h2>\n<h2>\n\t\tUn large \u00e9ventail de possibilit\u00e9s acad\u00e9miques\n\t<\/h2>\n\t<p>Explorez un large \u00e9ventail d&rsquo;opportunit\u00e9s acad\u00e9miques : L&rsquo;\u00c9cole Sacr\u00e9-C\u0153ur de Montr\u00e9al propose des cours du secondaire I \u00e0 la 12e ann\u00e9e, offrant ainsi un parcours \u00e9ducatif complet con\u00e7u pour r\u00e9pondre \u00e0 divers besoins d&rsquo;apprentissage.<\/p>\n<p>Outre les cours et des programmes propos\u00e9s pendant l&rsquo;ann\u00e9e scolaire \u00e0 l&rsquo;\u00e9cole, nous proposons \u00e9galement une \u00e9cole d&rsquo;\u00e9t\u00e9 virtuelle et d&rsquo;autres cours en ligne.<\/p>\n<p>Que vous recherchiez des mati\u00e8res fondamentales ou des cours facultatifs sp\u00e9cialis\u00e9s, notre programme d&rsquo;\u00e9tudes est con\u00e7u pour doter les \u00e9tudiantes des connaissances et des comp\u00e9tences n\u00e9cessaires \u00e0 la r\u00e9ussite de leurs \u00e9tudes.<\/p>\n<h2>\n\t\tExplorer les cours pour les \u00e9l\u00e8ves <br \/>du sec. I \u00e0 V\n\t<\/h2>\n\t<p>Notre programme acad\u00e9mique est con\u00e7u pour offrir une exp\u00e9rience \u00e9ducative compl\u00e8te et adapt\u00e9e du secondaire I \u00e0 V.<\/p>\n<p>Explorez les offres acad\u00e9miques uniques \u00e0 chaque niveau.<\/p>\n\t\t\t<a href=\"https:\/\/www.sacredheart.qc.ca\/fr\/pedagogie\/secondaire-1-5\/\" target=\"_self\">\n\t\t\t\t\t\t\tEn savoir plus\n\t\t\t\t\t<\/a>\n<h2>\n\t\tD\u00e9couvrez notre programme de 12e ann\u00e9e\n\t<\/h2>\n\t<p>Au Quebec, la 12e ann\u00e9e permet de faire le lien entre l&rsquo;enseignement secondaire et l&rsquo;enseignement sup\u00e9rieur.<\/p>\n<p>En savoir plus sur le programme de 12e ann\u00e9e de l&rsquo;\u00c9cole Sacr\u00e9-C\u0153ur de Montr\u00e9al.<\/p>\n\t\t\t<a href=\"https:\/\/www.sacredheart.qc.ca\/fr\/pedagogie\/12e-annee\/\" target=\"_self\">\n\t\t\t\t\t\t\tEn savoir plus\n\t\t\t\t\t<\/a>\n<h2>\n\t\tExplorer l&rsquo;\u00e9cole d&rsquo;\u00e9t\u00e9\n\t<\/h2>\n\t<p>L&rsquo;\u00c9cole Sacr\u00e9-C\u0153ur de Montr\u00e9al offre une \u00e9cole d&rsquo;\u00e9t\u00e9 virtuelle ainsi qu&rsquo;une vari\u00e9t\u00e9 de cours en ligne \u00e0 tous les \u00e9tudiants qu\u00e9b\u00e9cois, quel que soit leur sexe.<\/p>\n<p>En savoir plus sur l&rsquo;\u00e9cole d&rsquo;\u00e9t\u00e9 de l&rsquo;\u00c9cole Sacr\u00e9-C\u0153ur de Montr\u00e9al.<\/p>\n\t\t\t<a href=\"https:\/\/www.sacredheart.qc.ca\/fr\/pedagogie\/cours-en-ligne\/cours-ete\/\" target=\"_self\">\n\t\t\t\t\t\t\tEn savoir plus\n\t\t\t\t\t<\/a>\n<h2>\n\t\tVous pouvez \u00e9galement \u00eatre int\u00e9ress\u00e9 par\n\t<\/h2>\n\t\t\t<a href=\"https:\/\/www.sacredheart.qc.ca\/fr\/a-propos\/mission-objectifs\/\" target=\"_self\">\n\t\t\t\t\t\t\tNotre mission et nos objectifs\n\t\t\t<\/a>\n\t\t\t<a href=\"https:\/\/www.sacredheart.qc.ca\/fr\/a-propos\/qui-sommes-nous\/\" target=\"_self\">\n\t\t\t\t\t\t\tQui sommes-nous ?\n\t\t\t<\/a>\n\t\t\t<a href=\"https:\/\/www.sacredheart.qc.ca\/fr\/processus-dadmission\/\" target=\"_self\">\n\t\t\t\t\t\t\tS&rsquo;inscrire\n\t\t\t<\/a>\n<h2>\n\t\tDes questions sur les cours offerts ?\n\t<\/h2>\n\t<p>Veuillez contacter Mme Stephanie Broadhurst, directrice de la gestion des inscriptions, \u00e0 l&rsquo;adresse suivante<\/p>\n\t<p><a href=\"mailto:admissions@sacredheart.qc.ca\">admissions@sacredheart.qc.ca<\/a><\/p>\n\t<p><strong>T\u00e9l\u00e9phone :<\/strong> +1-514-937-2845 x 114<\/p>\n<p><strong>WeChat :<\/strong> StephB15 | <strong>Whatsapp :<\/strong> +1-514-654-9406<\/p>\n\n","protected":false},"excerpt":{"rendered":"<p>P\u00e9dagogie D\u00e9couvrez les programmes du secondaire I \u00e0 V. Un large \u00e9ventail de possibilit\u00e9s acad\u00e9miques Explorez un large \u00e9ventail d&rsquo;opportunit\u00e9s acad\u00e9miques : L&rsquo;\u00c9cole Sacr\u00e9-C\u0153ur de Montr\u00e9al propose des cours du&hellip;<\/p>\n","protected":false},"author":6,"featured_media":0,"parent":0,"menu_order":19,"comment_status":"closed","ping_status":"closed","template":"","meta":{"_acf_changed":false,"inline_featured_image":false,"_price":"","_stock":"","_tribe_ticket_header":"","_tribe_default_ticket_provider":"","_tribe_ticket_capacity":"0","_ticket_start_date":"","_ticket_end_date":"","_tribe_ticket_show_description":"","_tribe_ticket_show_not_going":false,"_tribe_ticket_use_global_stock":"","_tribe_ticket_global_stock_level":"","_global_stock_mode":"","_global_stock_cap":"","_tribe_rsvp_for_event":"","_tribe_ticket_going_count":"","_tribe_ticket_not_going_count":"","_tribe_tickets_list":"[]","_tribe_ticket_has_attendee_info_fields":false,"footnotes":"","_tec_slr_enabled":"","_tec_slr_layout":""},"class_list":["post-17711","page","type-page","status-publish","hentry"],"acf":[],"yoast_head":"<!-- This site is optimized with the Yoast SEO plugin v27.3 - https:\/\/yoast.com\/product\/yoast-seo-wordpress\/ -->\n<title>P\u00e9dagogie | La seule \u00e9cole priv\u00e9e catholique anglophone pour filles \u00e0 Montr\u00e9al | L&#039;\u00c9cole Sacr\u00e9-C\u0153ur de Montr\u00e9al<\/title>\n<meta name=\"description\" content=\"Les \u00e9tudes, les cours et les programmes offerts \u00e0 la seule \u00e9cole secondaire catholique anglophone pour filles \u00e0 Montr\u00e9al : l&#039;\u00e9cole Sacred Heart.\" \/>\n<meta name=\"robots\" content=\"index, follow, max-snippet:-1, max-image-preview:large, max-video-preview:-1\" \/>\n<link rel=\"canonical\" href=\"https:\/\/www.sacredheart.qc.ca\/fr\/pedagogie\/\" \/>\n<meta property=\"og:locale\" content=\"fr_FR\" \/>\n<meta property=\"og:type\" content=\"article\" \/>\n<meta property=\"og:title\" content=\"P\u00e9dagogie | La seule \u00e9cole priv\u00e9e catholique anglophone pour filles \u00e0 Montr\u00e9al | L&#039;\u00c9cole Sacr\u00e9-C\u0153ur de Montr\u00e9al\" \/>\n<meta property=\"og:description\" content=\"Les \u00e9tudes, les cours et les programmes offerts \u00e0 la seule \u00e9cole secondaire catholique anglophone pour filles \u00e0 Montr\u00e9al : l&#039;\u00e9cole Sacred Heart.\" \/>\n<meta property=\"og:url\" content=\"https:\/\/www.sacredheart.qc.ca\/fr\/pedagogie\/\" \/>\n<meta property=\"og:site_name\" content=\"The Sacred Heart School of Montreal\" \/>\n<meta property=\"article:publisher\" content=\"https:\/\/www.facebook.com\/SacredHeartMontreal\/\" \/>\n<meta property=\"article:modified_time\" content=\"2025-04-29T20:03:33+00:00\" \/>\n<meta property=\"og:image\" content=\"https:\/\/www.sacredheart.qc.ca\/wp-content\/uploads\/2021\/08\/LogoScredHeart-social.png\" \/>\n\t<meta property=\"og:image:width\" content=\"1557\" \/>\n\t<meta property=\"og:image:height\" content=\"645\" \/>\n\t<meta property=\"og:image:type\" content=\"image\/png\" \/>\n<meta name=\"twitter:card\" content=\"summary_large_image\" \/>\n<meta name=\"twitter:site\" content=\"@TheSHSM\" \/>\n<meta name=\"twitter:label1\" content=\"Dur\u00e9e de lecture estim\u00e9e\" \/>\n\t<meta name=\"twitter:data1\" content=\"2 minutes\" \/>\n<script type=\"application\/ld+json\" class=\"yoast-schema-graph\">{\"@context\":\"https:\\\/\\\/schema.org\",\"@graph\":[{\"@type\":\"WebPage\",\"@id\":\"https:\\\/\\\/www.sacredheart.qc.ca\\\/fr\\\/pedagogie\\\/\",\"url\":\"https:\\\/\\\/www.sacredheart.qc.ca\\\/fr\\\/pedagogie\\\/\",\"name\":\"P\u00e9dagogie | La seule \u00e9cole priv\u00e9e catholique anglophone pour filles \u00e0 Montr\u00e9al | L'\u00c9cole Sacr\u00e9-C\u0153ur de Montr\u00e9al\",\"isPartOf\":{\"@id\":\"https:\\\/\\\/www.sacredheart.qc.ca\\\/fr\\\/#website\"},\"datePublished\":\"2023-09-27T22:15:59+00:00\",\"dateModified\":\"2025-04-29T20:03:33+00:00\",\"description\":\"Les \u00e9tudes, les cours et les programmes offerts \u00e0 la seule \u00e9cole secondaire catholique anglophone pour filles \u00e0 Montr\u00e9al : l'\u00e9cole Sacred Heart.\",\"breadcrumb\":{\"@id\":\"https:\\\/\\\/www.sacredheart.qc.ca\\\/fr\\\/pedagogie\\\/#breadcrumb\"},\"inLanguage\":\"fr-FR\",\"potentialAction\":[{\"@type\":\"ReadAction\",\"target\":[\"https:\\\/\\\/www.sacredheart.qc.ca\\\/fr\\\/pedagogie\\\/\"]}]},{\"@type\":\"BreadcrumbList\",\"@id\":\"https:\\\/\\\/www.sacredheart.qc.ca\\\/fr\\\/pedagogie\\\/#breadcrumb\",\"itemListElement\":[{\"@type\":\"ListItem\",\"position\":1,\"name\":\"Home\",\"item\":\"https:\\\/\\\/www.sacredheart.qc.ca\\\/fr\\\/\"},{\"@type\":\"ListItem\",\"position\":2,\"name\":\"P\u00e9dagogie\"}]},{\"@type\":\"WebSite\",\"@id\":\"https:\\\/\\\/www.sacredheart.qc.ca\\\/fr\\\/#website\",\"url\":\"https:\\\/\\\/www.sacredheart.qc.ca\\\/fr\\\/\",\"name\":\"The Sacred Heart School of Montreal\",\"description\":\"Girls Only Private Catholic English High School - 100% Graduation Rate\",\"publisher\":{\"@id\":\"https:\\\/\\\/www.sacredheart.qc.ca\\\/fr\\\/#organization\"},\"alternateName\":\"The Sacred Heart School of Montreal\",\"potentialAction\":[{\"@type\":\"SearchAction\",\"target\":{\"@type\":\"EntryPoint\",\"urlTemplate\":\"https:\\\/\\\/www.sacredheart.qc.ca\\\/fr\\\/?s={search_term_string}\"},\"query-input\":{\"@type\":\"PropertyValueSpecification\",\"valueRequired\":true,\"valueName\":\"search_term_string\"}}],\"inLanguage\":\"fr-FR\"},{\"@type\":\"Organization\",\"@id\":\"https:\\\/\\\/www.sacredheart.qc.ca\\\/fr\\\/#organization\",\"name\":\"The Sacred Heart School of Montreal\",\"url\":\"https:\\\/\\\/www.sacredheart.qc.ca\\\/fr\\\/\",\"logo\":{\"@type\":\"ImageObject\",\"inLanguage\":\"fr-FR\",\"@id\":\"https:\\\/\\\/www.sacredheart.qc.ca\\\/fr\\\/#\\\/schema\\\/logo\\\/image\\\/\",\"url\":\"https:\\\/\\\/www.sacredheart.qc.ca\\\/wp-content\\\/uploads\\\/2021\\\/06\\\/LogoScredHeart.svg\",\"contentUrl\":\"https:\\\/\\\/www.sacredheart.qc.ca\\\/wp-content\\\/uploads\\\/2021\\\/06\\\/LogoScredHeart.svg\",\"width\":\"1024\",\"height\":\"1024\",\"caption\":\"The Sacred Heart School of Montreal\"},\"image\":{\"@id\":\"https:\\\/\\\/www.sacredheart.qc.ca\\\/fr\\\/#\\\/schema\\\/logo\\\/image\\\/\"},\"sameAs\":[\"https:\\\/\\\/www.facebook.com\\\/SacredHeartMontreal\\\/\",\"https:\\\/\\\/x.com\\\/TheSHSM\",\"https:\\\/\\\/www.instagram.com\\\/SacredHeartMontreal\\\/\",\"https:\\\/\\\/www.linkedin.com\\\/school\\\/the-sacred-heart-school-of-montreal\\\/\",\"https:\\\/\\\/www.youtube.com\\\/user\\\/TheSacredHeartSchool\"]}]}<\/script>\n<!-- \/ Yoast SEO plugin. -->","yoast_head_json":{"title":"P\u00e9dagogie | La seule \u00e9cole priv\u00e9e catholique anglophone pour filles \u00e0 Montr\u00e9al | L'\u00c9cole Sacr\u00e9-C\u0153ur de Montr\u00e9al","description":"Les \u00e9tudes, les cours et les programmes offerts \u00e0 la seule \u00e9cole secondaire catholique anglophone pour filles \u00e0 Montr\u00e9al : l'\u00e9cole Sacred Heart.","robots":{"index":"index","follow":"follow","max-snippet":"max-snippet:-1","max-image-preview":"max-image-preview:large","max-video-preview":"max-video-preview:-1"},"canonical":"https:\/\/www.sacredheart.qc.ca\/fr\/pedagogie\/","og_locale":"fr_FR","og_type":"article","og_title":"P\u00e9dagogie | La seule \u00e9cole priv\u00e9e catholique anglophone pour filles \u00e0 Montr\u00e9al | L'\u00c9cole Sacr\u00e9-C\u0153ur de Montr\u00e9al","og_description":"Les \u00e9tudes, les cours et les programmes offerts \u00e0 la seule \u00e9cole secondaire catholique anglophone pour filles \u00e0 Montr\u00e9al : l'\u00e9cole Sacred Heart.","og_url":"https:\/\/www.sacredheart.qc.ca\/fr\/pedagogie\/","og_site_name":"The Sacred Heart School of Montreal","article_publisher":"https:\/\/www.facebook.com\/SacredHeartMontreal\/","article_modified_time":"2025-04-29T20:03:33+00:00","og_image":[{"width":1557,"height":645,"url":"https:\/\/www.sacredheart.qc.ca\/wp-content\/uploads\/2021\/08\/LogoScredHeart-social.png","type":"image\/png"}],"twitter_card":"summary_large_image","twitter_site":"@TheSHSM","twitter_misc":{"Dur\u00e9e de lecture estim\u00e9e":"2 minutes"},"schema":{"@context":"https:\/\/schema.org","@graph":[{"@type":"WebPage","@id":"https:\/\/www.sacredheart.qc.ca\/fr\/pedagogie\/","url":"https:\/\/www.sacredheart.qc.ca\/fr\/pedagogie\/","name":"P\u00e9dagogie | La seule \u00e9cole priv\u00e9e catholique anglophone pour filles \u00e0 Montr\u00e9al | L'\u00c9cole Sacr\u00e9-C\u0153ur de Montr\u00e9al","isPartOf":{"@id":"https:\/\/www.sacredheart.qc.ca\/fr\/#website"},"datePublished":"2023-09-27T22:15:59+00:00","dateModified":"2025-04-29T20:03:33+00:00","description":"Les \u00e9tudes, les cours et les programmes offerts \u00e0 la seule \u00e9cole secondaire catholique anglophone pour filles \u00e0 Montr\u00e9al : l'\u00e9cole Sacred Heart.","breadcrumb":{"@id":"https:\/\/www.sacredheart.qc.ca\/fr\/pedagogie\/#breadcrumb"},"inLanguage":"fr-FR","potentialAction":[{"@type":"ReadAction","target":["https:\/\/www.sacredheart.qc.ca\/fr\/pedagogie\/"]}]},{"@type":"BreadcrumbList","@id":"https:\/\/www.sacredheart.qc.ca\/fr\/pedagogie\/#breadcrumb","itemListElement":[{"@type":"ListItem","position":1,"name":"Home","item":"https:\/\/www.sacredheart.qc.ca\/fr\/"},{"@type":"ListItem","position":2,"name":"P\u00e9dagogie"}]},{"@type":"WebSite","@id":"https:\/\/www.sacredheart.qc.ca\/fr\/#website","url":"https:\/\/www.sacredheart.qc.ca\/fr\/","name":"The Sacred Heart School of Montreal","description":"Girls Only Private Catholic English High School - 100% Graduation Rate","publisher":{"@id":"https:\/\/www.sacredheart.qc.ca\/fr\/#organization"},"alternateName":"The Sacred Heart School of Montreal","potentialAction":[{"@type":"SearchAction","target":{"@type":"EntryPoint","urlTemplate":"https:\/\/www.sacredheart.qc.ca\/fr\/?s={search_term_string}"},"query-input":{"@type":"PropertyValueSpecification","valueRequired":true,"valueName":"search_term_string"}}],"inLanguage":"fr-FR"},{"@type":"Organization","@id":"https:\/\/www.sacredheart.qc.ca\/fr\/#organization","name":"The Sacred Heart School of Montreal","url":"https:\/\/www.sacredheart.qc.ca\/fr\/","logo":{"@type":"ImageObject","inLanguage":"fr-FR","@id":"https:\/\/www.sacredheart.qc.ca\/fr\/#\/schema\/logo\/image\/","url":"https:\/\/www.sacredheart.qc.ca\/wp-content\/uploads\/2021\/06\/LogoScredHeart.svg","contentUrl":"https:\/\/www.sacredheart.qc.ca\/wp-content\/uploads\/2021\/06\/LogoScredHeart.svg","width":"1024","height":"1024","caption":"The Sacred Heart School of Montreal"},"image":{"@id":"https:\/\/www.sacredheart.qc.ca\/fr\/#\/schema\/logo\/image\/"},"sameAs":["https:\/\/www.facebook.com\/SacredHeartMontreal\/","https:\/\/x.com\/TheSHSM","https:\/\/www.instagram.com\/SacredHeartMontreal\/","https:\/\/www.linkedin.com\/school\/the-sacred-heart-school-of-montreal\/","https:\/\/www.youtube.com\/user\/TheSacredHeartSchool"]}]}},"ticketed":false,"_links":{"self":[{"href":"https:\/\/www.sacredheart.qc.ca\/fr\/wp-json\/wp\/v2\/pages\/17711","targetHints":{"allow":["GET"]}}],"collection":[{"href":"https:\/\/www.sacredheart.qc.ca\/fr\/wp-json\/wp\/v2\/pages"}],"about":[{"href":"https:\/\/www.sacredheart.qc.ca\/fr\/wp-json\/wp\/v2\/types\/page"}],"author":[{"embeddable":true,"href":"https:\/\/www.sacredheart.qc.ca\/fr\/wp-json\/wp\/v2\/users\/6"}],"replies":[{"embeddable":true,"href":"https:\/\/www.sacredheart.qc.ca\/fr\/wp-json\/wp\/v2\/comments?post=17711"}],"version-history":[{"count":0,"href":"https:\/\/www.sacredheart.qc.ca\/fr\/wp-json\/wp\/v2\/pages\/17711\/revisions"}],"wp:attachment":[{"href":"https:\/\/www.sacredheart.qc.ca\/fr\/wp-json\/wp\/v2\/media?parent=17711"}],"curies":[{"name":"wp","href":"https:\/\/api.w.org\/{rel}","templated":true}]}}