{"id":17115,"date":"2021-06-04T15:42:47","date_gmt":"2021-06-04T19:42:47","guid":{"rendered":"https:\/\/www.sacredheart.qc.ca\/accueil\/"},"modified":"2025-12-08T11:24:42","modified_gmt":"2025-12-08T16:24:42","slug":"fr","status":"publish","type":"page","link":"https:\/\/www.sacredheart.qc.ca\/fr\/","title":{"rendered":"Accueil"},"content":{"rendered":"\n<h1>\n\t\t\tPr\u00e9parer les filles \u00e0 changer le monde\t<\/h1>\n\t<p>Bienvenue \u00e0 l&rsquo;\u00c9cole Sacr\u00e9-C\u0153ur de Montr\u00e9al, o\u00f9 chaque chapitre est rempli d&rsquo;excellence \u00e9ducative et de possibilit\u00e9s illimit\u00e9es ! Depuis plus de 160 ans, le Sacr\u00e9-C\u0153ur fa\u00e7onne le parcours de jeunes femmes, leur insuffle une confiance in\u00e9branlable et allume la flamme du leadership dans leur c\u0153ur.<\/p>\n\t\t\t<a href=\"https:\/\/www.sacredheart.qc.ca\/fr\/admissions\/\" target=\"_self\">\n\t\t\t\t\t\t\tS&rsquo;inscrire\n\t\t\t\t\t<\/a>\n\t\t\t\t<a href=\"https:\/\/www.youtube.com\/watch?v=hslmv2imI0M\"  target=\"_blank\" rel=\"noopener nofollow\"  itemprop=\"url\">\n\t\t\t\t<img decoding=\"async\" src=\"https:\/\/www.sacredheart.qc.ca\/wp-content\/uploads\/2025\/03\/homepage-video.jpg\" alt=\"homepage - video\" itemprop=\"image\" height=\"1008\" width=\"1344\" title=\"homepage - video\" onerror=\"this.style.display='none'\" loading=\"lazy\" \/>\n\t\t\t\t<\/a>\n<h2>\n\t\t\tPourquoi le Sacr\u00e9-C\u0153ur ?\t<\/h2>\n\t<p>On a dit un jour que les enfants sont la ressource la plus pr\u00e9cieuse du monde et son meilleur espoir pour l&rsquo;avenir, et \u00e0 l&rsquo;\u00c9cole du Sacr\u00e9-C\u0153ur de Montr\u00e9al, nous ne tenons pas cela pour acquis. <\/p>\n<p>Depuis 1861, nous nous attachons \u00e0 former des femmes confiantes et courageuses, pleines de potentiel et pr\u00eates \u00e0 affronter le monde. L&rsquo;\u00e9cole s&rsquo;engage \u00e0 former des jeunes femmes intellectuelles, convaincues, compatissantes et dot\u00e9es d&rsquo;un sens de la justice pour tous, en vue de l&rsquo;obtention du dipl\u00f4me d&rsquo;\u00e9tudes secondaires du MEES.<\/p>\n<p><b>Son avenir commence au Sacr\u00e9-C\u0153ur <\/b><\/p>\n<h2>\n\t\t<a href=\"\/academics\" title=\"Enseignement\"  target=\"_self\">\n\t\t\tEnseignement\t\t<\/a>\n\t<\/h2>\n\t<p><a href=\"https:\/\/www.sacredheart.qc.ca\/academics\/\">Notre curriculum, nos programmes et notre approche \u00e9ducative. D\u00e9couvrez comment nous formons des universitaires et des dirigeants.<\/a><\/p>\n\t\t\t<a href=\"\/fr\/pedagogie\/\" target=\"_self\">\n\t\t\t\t\t\t\tPLUS\n\t\t\t<\/a>\n<h2>\n\t\t<a href=\"https:\/\/www.sacredheart.qc.ca\/fr\/admissions\" title=\"S&#039;inscrire\"  target=\"_self\">\n\t\t\tS&rsquo;inscrire\t\t<\/a>\n\t<\/h2>\n\t<p><a href=\"https:\/\/www.sacredheart.qc.ca\/admissions\/\" rel=\"noopener\">Nous proposons des admissions en continu, en examinant et en acceptant les candidatures tout au long de l&rsquo;ann\u00e9e. En savoir plus sur les modalit\u00e9s de candidature.<\/a><\/p>\n\t\t\t<a href=\"\/fr\/admissions\/\" target=\"_self\">\n\t\t\t\t\t\t\tPLUS\n\t\t\t<\/a>\n<h2>\n\t\t<a href=\"\/academics\/grade-12\/\" title=\"12e ann\u00e9e\"  target=\"_self\">\n\t\t\t12e ann\u00e9e\t\t<\/a>\n\t<\/h2>\n\t<p><a href=\"https:\/\/www.sacredheart.qc.ca\/academics\/grade-12\/\">Acc\u00e9dez rapidement \u00e0 l&rsquo;universit\u00e9. Pour en savoir plus sur notre programme de 12e ann\u00e9e et ses exigences.<\/a><\/p>\n\t\t\t<a href=\"\/fr\/pedagogie\/12e-annee\/\" target=\"_self\">\n\t\t\t\t\t\t\tPLUS\n\t\t\t<\/a>\n<h2>\n\t\t<a href=\"\/giving\/ways-to-give\/\" title=\"Fa\u00e7ons de donner\"  target=\"_self\">\n\t\t\tFa\u00e7ons de donner\t\t<\/a>\n\t<\/h2>\n\t<p><a href=\"https:\/\/www.sacredheart.qc.ca\/giving\/ways-to-give\/\">Le soutien financier des parents de l&rsquo;\u00c9cole du Sacr\u00e9-C\u0153ur, de la facult\u00e9, des anciennes \u00e9l\u00e8ves, des donateurs, des sponsors et des participants aux \u00e9v\u00e9nements a contribu\u00e9 \u00e0 l&rsquo;excellence de l&rsquo;\u00c9cole du Sacr\u00e9-C\u0153ur.<\/a><\/p>\n\t\t\t<a href=\"\/fr\/ressources\/dons\/\" target=\"_self\">\n\t\t\t\t\t\t\tPLUS\n\t\t\t<\/a>\n<h2>\n\t\t\tNotre mission et nos objectifs\t<\/h2>\n\t\t\t\t<img decoding=\"async\" src=\"https:\/\/www.sacredheart.qc.ca\/wp-content\/uploads\/2021\/07\/Faith.png\" alt=\"Faith\" itemprop=\"image\" height=\"150\" width=\"199\" title=\"Faith\" onerror=\"this.style.display='none'\" loading=\"lazy\" \/>\n<p>Une foi personnelle et active en Dieu<\/p>\n\t\t\t\t<img decoding=\"async\" src=\"https:\/\/www.sacredheart.qc.ca\/wp-content\/uploads\/2021\/07\/Social.png\" alt=\"Social\" itemprop=\"image\" height=\"150\" width=\"199\" title=\"Social\" onerror=\"this.style.display='none'\" loading=\"lazy\" \/>\n<p>Une conscience sociale qui pousse \u00e0 l&rsquo;action<\/p>\n\t\t\t\t<img decoding=\"async\" src=\"https:\/\/www.sacredheart.qc.ca\/wp-content\/uploads\/2021\/07\/Growth.png\" alt=\"Growth\" itemprop=\"image\" height=\"150\" width=\"199\" title=\"Growth\" onerror=\"this.style.display='none'\" loading=\"lazy\" \/>\n<p>D\u00e9veloppement personnel dans une atmosph\u00e8re de sage libert\u00e9<\/p>\n\t\t\t\t<img decoding=\"async\" src=\"https:\/\/www.sacredheart.qc.ca\/wp-content\/uploads\/2021\/07\/Deep-Respect.png\" alt=\"Deep-Respect\" itemprop=\"image\" height=\"150\" width=\"199\" title=\"Deep-Respect\" onerror=\"this.style.display='none'\" loading=\"lazy\" \/>\n<p>Un profond respect des valeurs intellectuelles<\/p>\n\t\t\t\t<img decoding=\"async\" src=\"https:\/\/www.sacredheart.qc.ca\/wp-content\/uploads\/2021\/07\/Community.png\" alt=\"Community\" itemprop=\"image\" height=\"150\" width=\"199\" title=\"Community\" onerror=\"this.style.display='none'\" loading=\"lazy\" \/>\n<p>La construction de la communaut\u00e9 en tant que valeur chr\u00e9tienne<\/p>\n<h2>\n\t\t\tLe pensionnat au Sacr\u00e9-C\u0153ur\t<\/h2>\n\t<p>L&rsquo;\u00c9cole Sacr\u00e9-C\u0153ur offre depuis longtemps un environnement chaleureux, aimant et attentif \u00e0 ses \u00e9l\u00e8ves internes. Notre r\u00e9sidence est situ\u00e9e au c\u0153ur de notre \u00e9cole, avec un personnel \u00e0 temps plein qui vit sur place avec les \u00e9tudiants.<\/p>\n\t\t\t<a href=\"https:\/\/www.sacredheart.qc.ca\/fr\/pensionnat\/\" target=\"_self\">\n\t\t\t\t\t\t\tVoir les options\n\t\t\t\t\t<\/a>\n<h2>\n\t\t\tVoix de la communaut\u00e9 : Comment notre \u00e9cole a un impact durable\t<\/h2>\n\t\t\t\t\t<a href=\"https:\/\/www.youtube.com\/watch?v=IVAietgpbMc\" aria-label=\"uabb-video-gallery\" data-fancybox=\"uabb-video-gallery\" data-url=\"https:\/\/www.youtube.com\/embed\/IVAietgpbMc?autoplay=1&#038;version=3&#038;enablejsapi=1\"class=\"uabb-video-gallery-fancybox uabb-vg__play_full \">\t\t\t\t\t\t\n\t\t\t\t\t<\/a>\t\t\t\t\n\t\t\t\t\t<a href=\"https:\/\/www.youtube.com\/watch?v=FPJ48EuX5WE\" aria-label=\"uabb-video-gallery\" data-fancybox=\"uabb-video-gallery\" data-url=\"https:\/\/www.youtube.com\/embed\/FPJ48EuX5WE?autoplay=1&#038;version=3&#038;enablejsapi=1\"class=\"uabb-video-gallery-fancybox uabb-vg__play_full \">\t\t\t\t\t\t\n\t\t\t\t\t<\/a>\t\t\t\t\n\t\t<h2>\n\t\t\tNotre mission et nos objectifs\t<\/h2>\n\t\t\t\t<img decoding=\"async\" src=\"https:\/\/www.sacredheart.qc.ca\/wp-content\/uploads\/2021\/07\/Faith.png\" alt=\"Faith\" itemprop=\"image\" height=\"150\" width=\"199\" title=\"Faith\" onerror=\"this.style.display='none'\" loading=\"lazy\" \/>\n<p>Une foi personnelle et active en Dieu<\/p>\n\t\t\t\t<img decoding=\"async\" src=\"https:\/\/www.sacredheart.qc.ca\/wp-content\/uploads\/2021\/07\/Deep-Respect.png\" alt=\"Deep-Respect\" itemprop=\"image\" height=\"150\" width=\"199\" title=\"Deep-Respect\" onerror=\"this.style.display='none'\" loading=\"lazy\" \/>\n<p>Un profond respect des valeurs intellectuelles<\/p>\n\t\t\t\t<img decoding=\"async\" src=\"https:\/\/www.sacredheart.qc.ca\/wp-content\/uploads\/2021\/07\/Social.png\" alt=\"Social\" itemprop=\"image\" height=\"150\" width=\"199\" title=\"Social\" onerror=\"this.style.display='none'\" loading=\"lazy\" \/>\n<p>Une conscience sociale qui pousse \u00e0 l&rsquo;action<\/p>\n\t\t\t\t<img decoding=\"async\" src=\"https:\/\/www.sacredheart.qc.ca\/wp-content\/uploads\/2021\/07\/Community.png\" alt=\"Community\" itemprop=\"image\" height=\"150\" width=\"199\" title=\"Community\" onerror=\"this.style.display='none'\" loading=\"lazy\" \/>\n<p>La construction de la communaut\u00e9 en tant que valeur chr\u00e9tienne<\/p>\n\t\t\t\t<img decoding=\"async\" src=\"https:\/\/www.sacredheart.qc.ca\/wp-content\/uploads\/2021\/07\/Growth.png\" alt=\"Growth\" itemprop=\"image\" height=\"150\" width=\"199\" title=\"Growth\" onerror=\"this.style.display='none'\" loading=\"lazy\" \/>\n<p>D\u00e9veloppement personnel dans une atmosph\u00e8re de sage libert\u00e9<\/p>\n\t\t\t<a href=\"\/fr\/a-propos\/mission-objectifs\/\" target=\"_self\">\n\t\t\t\t\t\t\tEn savoir plus\n\t\t\t\t\t<\/a>\n<h2>\n\t\t\tLes Stats de l&rsquo;\u00c9cole Sacr\u00e9-C\u0153ur\t<\/h2>\n\t\t\t\t<img decoding=\"async\" src=\"\/wp-content\/uploads\/2021\/08\/Teacher-Student.svg\" alt=\"\" title=\"\" itemprop=\"image\"\/>\n\t\t<!-- Comment to fix spacing issue\n\t-->\n\t\t0:6Taux d&rsquo;encadrement\n\t<!-- Comment to fix spacing issue\n\t-->\t\n\t\t\t\t<img decoding=\"async\" src=\"\/wp-content\/uploads\/2021\/06\/Icon1.svg\" alt=\"\" title=\"\" itemprop=\"image\"\/>\n\t\t<!-- Comment to fix spacing issue\n\t-->\n\t\t0+# Nombre d&rsquo;\u00e9coles dans le monde\n\t<!-- Comment to fix spacing issue\n\t-->\t\n\t\t\t\t<img decoding=\"async\" src=\"https:\/\/www.sacredheart.qc.ca\/wp-content\/uploads\/2021\/08\/Bursary.svg\" alt=\"Bursary\" title=\"Bursary\" itemprop=\"image\"\/>\n\t\t<!-- Comment to fix spacing issue\n\t-->\n\t\t$0Bourse moyenne\n\t<!-- Comment to fix spacing issue\n\t-->\t\n\t\t\t\t<img decoding=\"async\" src=\"\/wp-content\/uploads\/2021\/08\/Founded.svg\" alt=\"\" title=\"\" itemprop=\"image\"\/>\n\t\t<!-- Comment to fix spacing issue\n\t-->\n\t\t0Fond\u00e9e en\n\t<!-- Comment to fix spacing issue\n\t-->\t\n\n","protected":false},"excerpt":{"rendered":"<p>Pr\u00e9parer les filles \u00e0 changer le monde Bienvenue \u00e0 l&rsquo;\u00c9cole Sacr\u00e9-C\u0153ur de Montr\u00e9al, o\u00f9 chaque chapitre est rempli d&rsquo;excellence \u00e9ducative et de possibilit\u00e9s illimit\u00e9es ! Depuis plus de 160 ans,&hellip;<\/p>\n","protected":false},"author":2,"featured_media":16027,"parent":0,"menu_order":158,"comment_status":"closed","ping_status":"closed","template":"","meta":{"_acf_changed":false,"inline_featured_image":false,"_price":"","_stock":"","_tribe_ticket_header":"","_tribe_default_ticket_provider":"","_tribe_ticket_capacity":"0","_ticket_start_date":"","_ticket_end_date":"","_tribe_ticket_show_description":"","_tribe_ticket_show_not_going":false,"_tribe_ticket_use_global_stock":"","_tribe_ticket_global_stock_level":"","_global_stock_mode":"","_global_stock_cap":"","_tribe_rsvp_for_event":"","_tribe_ticket_going_count":"","_tribe_ticket_not_going_count":"","_tribe_tickets_list":"[]","_tribe_ticket_has_attendee_info_fields":false,"footnotes":"","_tec_slr_enabled":"","_tec_slr_layout":""},"class_list":["post-17115","page","type-page","status-publish","has-post-thumbnail","hentry"],"acf":[],"yoast_head":"<!-- This site is optimized with the Yoast SEO plugin v27.4 - https:\/\/yoast.com\/product\/yoast-seo-wordpress\/ -->\n<title>La seule \u00e9cole priv\u00e9e catholique anglophone pour filles \u00e0 Montr\u00e9al | L&#039;\u00c9cole Sacr\u00e9-C\u0153ur de Montr\u00e9al<\/title>\n<meta name=\"description\" content=\"La seule \u00e9cole priv\u00e9e catholique anglophone pour filles \u00e0 Montr\u00e9al (de la 7e \u00e0 la 11e ann\u00e9e). Possibilit\u00e9 de pensionnat. 12e ann\u00e9e disponible (apprentissage mixte).\" \/>\n<meta name=\"robots\" content=\"index, follow, max-snippet:-1, max-image-preview:large, max-video-preview:-1\" \/>\n<link rel=\"canonical\" href=\"https:\/\/www.sacredheart.qc.ca\/fr\/\" \/>\n<meta property=\"og:locale\" content=\"fr_FR\" \/>\n<meta property=\"og:type\" content=\"article\" \/>\n<meta property=\"og:title\" content=\"La seule \u00e9cole priv\u00e9e catholique anglophone pour filles \u00e0 Montr\u00e9al | L&#039;\u00c9cole Sacr\u00e9-C\u0153ur de Montr\u00e9al\" \/>\n<meta property=\"og:description\" content=\"La seule \u00e9cole priv\u00e9e catholique anglophone pour filles \u00e0 Montr\u00e9al (de la 7e \u00e0 la 11e ann\u00e9e). Possibilit\u00e9 de pensionnat. 12e ann\u00e9e disponible (apprentissage mixte).\" \/>\n<meta property=\"og:url\" content=\"https:\/\/www.sacredheart.qc.ca\/fr\/\" \/>\n<meta property=\"og:site_name\" content=\"The Sacred Heart School of Montreal\" \/>\n<meta property=\"article:publisher\" content=\"https:\/\/www.facebook.com\/SacredHeartMontreal\/\" \/>\n<meta property=\"article:modified_time\" content=\"2025-12-08T16:24:42+00:00\" \/>\n<meta property=\"og:image\" content=\"https:\/\/www.sacredheart.qc.ca\/wp-content\/uploads\/2025\/06\/android-chrome-512x512-1-300x300.png\" \/>\n<meta name=\"twitter:card\" content=\"summary_large_image\" \/>\n<meta name=\"twitter:site\" content=\"@TheSHSM\" \/>\n<meta name=\"twitter:label1\" content=\"Dur\u00e9e de lecture estim\u00e9e\" \/>\n\t<meta name=\"twitter:data1\" content=\"1 minute\" \/>\n<script type=\"application\/ld+json\" class=\"yoast-schema-graph\">{\"@context\":\"https:\\\/\\\/schema.org\",\"@graph\":[{\"@type\":\"WebPage\",\"@id\":\"https:\\\/\\\/www.sacredheart.qc.ca\\\/fr\\\/\",\"url\":\"https:\\\/\\\/www.sacredheart.qc.ca\\\/fr\\\/\",\"name\":\"La seule \u00e9cole priv\u00e9e catholique anglophone pour filles \u00e0 Montr\u00e9al | L'\u00c9cole Sacr\u00e9-C\u0153ur de Montr\u00e9al\",\"isPartOf\":{\"@id\":\"https:\\\/\\\/www.sacredheart.qc.ca\\\/fr\\\/#website\"},\"primaryImageOfPage\":{\"@id\":\"https:\\\/\\\/www.sacredheart.qc.ca\\\/fr\\\/#primaryimage\"},\"image\":{\"@id\":\"https:\\\/\\\/www.sacredheart.qc.ca\\\/fr\\\/#primaryimage\"},\"thumbnailUrl\":\"https:\\\/\\\/www.sacredheart.qc.ca\\\/wp-content\\\/uploads\\\/2021\\\/06\\\/Hero-home.jpg\",\"datePublished\":\"2021-06-04T19:42:47+00:00\",\"dateModified\":\"2025-12-08T16:24:42+00:00\",\"description\":\"La seule \u00e9cole priv\u00e9e catholique anglophone pour filles \u00e0 Montr\u00e9al (de la 7e \u00e0 la 11e ann\u00e9e). Possibilit\u00e9 de pensionnat. 12e ann\u00e9e disponible (apprentissage mixte).\",\"breadcrumb\":{\"@id\":\"https:\\\/\\\/www.sacredheart.qc.ca\\\/fr\\\/#breadcrumb\"},\"inLanguage\":\"fr-FR\",\"potentialAction\":[{\"@type\":\"ReadAction\",\"target\":[\"https:\\\/\\\/www.sacredheart.qc.ca\\\/fr\\\/\"]}]},{\"@type\":\"ImageObject\",\"inLanguage\":\"fr-FR\",\"@id\":\"https:\\\/\\\/www.sacredheart.qc.ca\\\/fr\\\/#primaryimage\",\"url\":\"https:\\\/\\\/www.sacredheart.qc.ca\\\/wp-content\\\/uploads\\\/2021\\\/06\\\/Hero-home.jpg\",\"contentUrl\":\"https:\\\/\\\/www.sacredheart.qc.ca\\\/wp-content\\\/uploads\\\/2021\\\/06\\\/Hero-home.jpg\",\"width\":1200,\"height\":673},{\"@type\":\"BreadcrumbList\",\"@id\":\"https:\\\/\\\/www.sacredheart.qc.ca\\\/fr\\\/#breadcrumb\",\"itemListElement\":[{\"@type\":\"ListItem\",\"position\":1,\"name\":\"Home\",\"item\":\"https:\\\/\\\/www.sacredheart.qc.ca\\\/fr\\\/\"},{\"@type\":\"ListItem\",\"position\":2,\"name\":\"Accueil\"}]},{\"@type\":\"WebSite\",\"@id\":\"https:\\\/\\\/www.sacredheart.qc.ca\\\/fr\\\/#website\",\"url\":\"https:\\\/\\\/www.sacredheart.qc.ca\\\/fr\\\/\",\"name\":\"The Sacred Heart School of Montreal\",\"description\":\"Girls Only Private Catholic English High School - 100% Graduation Rate\",\"publisher\":{\"@id\":\"https:\\\/\\\/www.sacredheart.qc.ca\\\/fr\\\/#organization\"},\"alternateName\":\"The Sacred Heart School of Montreal\",\"potentialAction\":[{\"@type\":\"SearchAction\",\"target\":{\"@type\":\"EntryPoint\",\"urlTemplate\":\"https:\\\/\\\/www.sacredheart.qc.ca\\\/fr\\\/?s={search_term_string}\"},\"query-input\":{\"@type\":\"PropertyValueSpecification\",\"valueRequired\":true,\"valueName\":\"search_term_string\"}}],\"inLanguage\":\"fr-FR\"},{\"@type\":\"Organization\",\"@id\":\"https:\\\/\\\/www.sacredheart.qc.ca\\\/fr\\\/#organization\",\"name\":\"The Sacred Heart School of Montreal\",\"url\":\"https:\\\/\\\/www.sacredheart.qc.ca\\\/fr\\\/\",\"logo\":{\"@type\":\"ImageObject\",\"inLanguage\":\"fr-FR\",\"@id\":\"https:\\\/\\\/www.sacredheart.qc.ca\\\/fr\\\/#\\\/schema\\\/logo\\\/image\\\/\",\"url\":\"https:\\\/\\\/www.sacredheart.qc.ca\\\/wp-content\\\/uploads\\\/2021\\\/06\\\/LogoScredHeart.svg\",\"contentUrl\":\"https:\\\/\\\/www.sacredheart.qc.ca\\\/wp-content\\\/uploads\\\/2021\\\/06\\\/LogoScredHeart.svg\",\"width\":\"1024\",\"height\":\"1024\",\"caption\":\"The Sacred Heart School of Montreal\"},\"image\":{\"@id\":\"https:\\\/\\\/www.sacredheart.qc.ca\\\/fr\\\/#\\\/schema\\\/logo\\\/image\\\/\"},\"sameAs\":[\"https:\\\/\\\/www.facebook.com\\\/SacredHeartMontreal\\\/\",\"https:\\\/\\\/x.com\\\/TheSHSM\",\"https:\\\/\\\/www.instagram.com\\\/SacredHeartMontreal\\\/\",\"https:\\\/\\\/www.linkedin.com\\\/school\\\/the-sacred-heart-school-of-montreal\\\/\",\"https:\\\/\\\/www.youtube.com\\\/user\\\/TheSacredHeartSchool\"]}]}<\/script>\n<!-- \/ Yoast SEO plugin. -->","yoast_head_json":{"title":"La seule \u00e9cole priv\u00e9e catholique anglophone pour filles \u00e0 Montr\u00e9al | L'\u00c9cole Sacr\u00e9-C\u0153ur de Montr\u00e9al","description":"La seule \u00e9cole priv\u00e9e catholique anglophone pour filles \u00e0 Montr\u00e9al (de la 7e \u00e0 la 11e ann\u00e9e). Possibilit\u00e9 de pensionnat. 12e ann\u00e9e disponible (apprentissage mixte).","robots":{"index":"index","follow":"follow","max-snippet":"max-snippet:-1","max-image-preview":"max-image-preview:large","max-video-preview":"max-video-preview:-1"},"canonical":"https:\/\/www.sacredheart.qc.ca\/fr\/","og_locale":"fr_FR","og_type":"article","og_title":"La seule \u00e9cole priv\u00e9e catholique anglophone pour filles \u00e0 Montr\u00e9al | L'\u00c9cole Sacr\u00e9-C\u0153ur de Montr\u00e9al","og_description":"La seule \u00e9cole priv\u00e9e catholique anglophone pour filles \u00e0 Montr\u00e9al (de la 7e \u00e0 la 11e ann\u00e9e). Possibilit\u00e9 de pensionnat. 12e ann\u00e9e disponible (apprentissage mixte).","og_url":"https:\/\/www.sacredheart.qc.ca\/fr\/","og_site_name":"The Sacred Heart School of Montreal","article_publisher":"https:\/\/www.facebook.com\/SacredHeartMontreal\/","article_modified_time":"2025-12-08T16:24:42+00:00","og_image":[{"url":"https:\/\/www.sacredheart.qc.ca\/wp-content\/uploads\/2025\/06\/android-chrome-512x512-1-300x300.png","type":"","width":"","height":""}],"twitter_card":"summary_large_image","twitter_site":"@TheSHSM","twitter_misc":{"Dur\u00e9e de lecture estim\u00e9e":"1 minute"},"schema":{"@context":"https:\/\/schema.org","@graph":[{"@type":"WebPage","@id":"https:\/\/www.sacredheart.qc.ca\/fr\/","url":"https:\/\/www.sacredheart.qc.ca\/fr\/","name":"La seule \u00e9cole priv\u00e9e catholique anglophone pour filles \u00e0 Montr\u00e9al | L'\u00c9cole Sacr\u00e9-C\u0153ur de Montr\u00e9al","isPartOf":{"@id":"https:\/\/www.sacredheart.qc.ca\/fr\/#website"},"primaryImageOfPage":{"@id":"https:\/\/www.sacredheart.qc.ca\/fr\/#primaryimage"},"image":{"@id":"https:\/\/www.sacredheart.qc.ca\/fr\/#primaryimage"},"thumbnailUrl":"https:\/\/www.sacredheart.qc.ca\/wp-content\/uploads\/2021\/06\/Hero-home.jpg","datePublished":"2021-06-04T19:42:47+00:00","dateModified":"2025-12-08T16:24:42+00:00","description":"La seule \u00e9cole priv\u00e9e catholique anglophone pour filles \u00e0 Montr\u00e9al (de la 7e \u00e0 la 11e ann\u00e9e). Possibilit\u00e9 de pensionnat. 12e ann\u00e9e disponible (apprentissage mixte).","breadcrumb":{"@id":"https:\/\/www.sacredheart.qc.ca\/fr\/#breadcrumb"},"inLanguage":"fr-FR","potentialAction":[{"@type":"ReadAction","target":["https:\/\/www.sacredheart.qc.ca\/fr\/"]}]},{"@type":"ImageObject","inLanguage":"fr-FR","@id":"https:\/\/www.sacredheart.qc.ca\/fr\/#primaryimage","url":"https:\/\/www.sacredheart.qc.ca\/wp-content\/uploads\/2021\/06\/Hero-home.jpg","contentUrl":"https:\/\/www.sacredheart.qc.ca\/wp-content\/uploads\/2021\/06\/Hero-home.jpg","width":1200,"height":673},{"@type":"BreadcrumbList","@id":"https:\/\/www.sacredheart.qc.ca\/fr\/#breadcrumb","itemListElement":[{"@type":"ListItem","position":1,"name":"Home","item":"https:\/\/www.sacredheart.qc.ca\/fr\/"},{"@type":"ListItem","position":2,"name":"Accueil"}]},{"@type":"WebSite","@id":"https:\/\/www.sacredheart.qc.ca\/fr\/#website","url":"https:\/\/www.sacredheart.qc.ca\/fr\/","name":"The Sacred Heart School of Montreal","description":"Girls Only Private Catholic English High School - 100% Graduation Rate","publisher":{"@id":"https:\/\/www.sacredheart.qc.ca\/fr\/#organization"},"alternateName":"The Sacred Heart School of Montreal","potentialAction":[{"@type":"SearchAction","target":{"@type":"EntryPoint","urlTemplate":"https:\/\/www.sacredheart.qc.ca\/fr\/?s={search_term_string}"},"query-input":{"@type":"PropertyValueSpecification","valueRequired":true,"valueName":"search_term_string"}}],"inLanguage":"fr-FR"},{"@type":"Organization","@id":"https:\/\/www.sacredheart.qc.ca\/fr\/#organization","name":"The Sacred Heart School of Montreal","url":"https:\/\/www.sacredheart.qc.ca\/fr\/","logo":{"@type":"ImageObject","inLanguage":"fr-FR","@id":"https:\/\/www.sacredheart.qc.ca\/fr\/#\/schema\/logo\/image\/","url":"https:\/\/www.sacredheart.qc.ca\/wp-content\/uploads\/2021\/06\/LogoScredHeart.svg","contentUrl":"https:\/\/www.sacredheart.qc.ca\/wp-content\/uploads\/2021\/06\/LogoScredHeart.svg","width":"1024","height":"1024","caption":"The Sacred Heart School of Montreal"},"image":{"@id":"https:\/\/www.sacredheart.qc.ca\/fr\/#\/schema\/logo\/image\/"},"sameAs":["https:\/\/www.facebook.com\/SacredHeartMontreal\/","https:\/\/x.com\/TheSHSM","https:\/\/www.instagram.com\/SacredHeartMontreal\/","https:\/\/www.linkedin.com\/school\/the-sacred-heart-school-of-montreal\/","https:\/\/www.youtube.com\/user\/TheSacredHeartSchool"]}]}},"ticketed":false,"_links":{"self":[{"href":"https:\/\/www.sacredheart.qc.ca\/fr\/wp-json\/wp\/v2\/pages\/17115","targetHints":{"allow":["GET"]}}],"collection":[{"href":"https:\/\/www.sacredheart.qc.ca\/fr\/wp-json\/wp\/v2\/pages"}],"about":[{"href":"https:\/\/www.sacredheart.qc.ca\/fr\/wp-json\/wp\/v2\/types\/page"}],"author":[{"embeddable":true,"href":"https:\/\/www.sacredheart.qc.ca\/fr\/wp-json\/wp\/v2\/users\/2"}],"replies":[{"embeddable":true,"href":"https:\/\/www.sacredheart.qc.ca\/fr\/wp-json\/wp\/v2\/comments?post=17115"}],"version-history":[{"count":0,"href":"https:\/\/www.sacredheart.qc.ca\/fr\/wp-json\/wp\/v2\/pages\/17115\/revisions"}],"wp:featuredmedia":[{"embeddable":true,"href":"https:\/\/www.sacredheart.qc.ca\/fr\/wp-json\/wp\/v2\/media\/16027"}],"wp:attachment":[{"href":"https:\/\/www.sacredheart.qc.ca\/fr\/wp-json\/wp\/v2\/media?parent=17115"}],"curies":[{"name":"wp","href":"https:\/\/api.w.org\/{rel}","templated":true}]}}